{"id":26064,"date":"2026-05-15T20:03:34","date_gmt":"2026-05-15T18:03:34","guid":{"rendered":"https:\/\/playwell.ee\/product\/lego-pokemon-72152-pikachu-ja-pokepall\/"},"modified":"2026-05-15T20:36:11","modified_gmt":"2026-05-15T18:36:11","slug":"lego-pokemon-72152-pikachu-ja-pokepall","status":"publish","type":"product","link":"https:\/\/playwell.ee\/en\/product\/lego-pokemon-72152-pikachu-ja-pokepall\/","title":{"rendered":"LEGO\u00ae Pok\u00e9mon 72152 &#8211; Pikachu and Pok\u00e9 Ball"},"content":{"rendered":"<p>Relive Trainer memories with the Pikachu and Pok\u00e9 Ball (72152) building kit. Construct this piece of gaming room decor and capture that feeling when you first went into battle with this cute Pok\u00e9mon by your side. A gift for adults who love cute gaming accessories and video game merch, this 2050-piece LEGO\u00ae set is packed with Pok\u00e9mon details. A colorful piece of gaming room decor, this yellow Pikachu model, with its black ear tips and red cheeks, has a tail that can be built to show it in male or female version. Other iconic details include lightning sparks symbolizing the energy stores of this Electric-type Pok\u00e9mon and the \u201c25\u201d incorporated on the display base as a nod to Pikachu\u2019s Pok\u00e9dex number. The posable figure can be displayed in adynamic battle stance launching from the opened Pok\u00e9 Ball, which can also be displayed closed when the Pikachu figure is in resting pose. Enjoy enhanced building with the LEGO Builder app, zooming and rotating your build, while saving and tracking progress.<br \/>\nPOK\u00c9MON BUILD AND BATTLE DISPLAY \u2013 The Pikachu and Pok\u00e9 Ball (72152) video game merch features a model of this iconic figure, which can be displayed in a battle stance or a resting pose<br \/>\nDYNAMIC DISPLAY PIECE \u2013 Pikachu figure has posable ears and limbs so it looks like it\u2019s leaping from the Pok\u00e9 Ball replica, which itself can be displayed either open or closed when Pikachu is at rest<br \/>\nFAN DETAILS \u2013 The studs of the display base form a \u201c25\u201d, a nod to Pikachu\u2019s Pok\u00e9dex number, and the figure is mounted on a lightning bolt stand encircled by sparks to represent its Electric-type<br \/>\nICONIC POK\u00c9MON MODEL \u2013 This LEGO\u00ae Pikachu figure is instantly recognizable with its yellow body, red cheeks and lightning-flash tail with either a heart-shaped tip or flat end to show its gender<br \/>\nGIFTS FOR GAMERS \u2013 This gift for adult fans of Pok\u00e9mon lets men and women ages 18 and up who love cute gaming accessories revel in the nostalgia of their early training days<br \/>\nMASTER-LEVEL PARTNERSHIP \u2013 This desk decor building kit is part of a range of LEGO\u00ae Sets for Adults that brings together 2 beloved global brands for the first time to form one epic collaboration<br \/>\nCOLLECT YOUR BUILDS \u2013 With the LEGO\u00ae Builder app, you can build your models using 3D instructions, track your progress and save all your sets within the app<br \/>\nDIMENSIONS \u2013 This 2,050-piece Pikachu gift of a Pok\u00e9mon model figure with display stand measures over 13.5 in. (35 cm) tall, 10.5 in. (26 cm) wide and 15.5 in. (39 cm) deep<\/p>\n","protected":false},"excerpt":{"rendered":"<p><strong>Free delivery for orders above 120\u20ac * All products in Estonia warehouse * Fast Delivery<\/strong><\/p>\n<ul>\n<li>Parts: 2050<\/li>\n<li>Age: 18+<\/li>\n<\/ul>\n","protected":false},"featured_media":25668,"template":"","meta":[],"product_brand":[],"product_cat":[208],"product_tag":[173],"class_list":{"0":"post-26064","1":"product","2":"type-product","3":"status-publish","4":"has-post-thumbnail","6":"product_cat-lego-pokemon-en","7":"product_tag-18-en","8":"new","10":"first","11":"instock","12":"taxable","13":"shipping-taxable","14":"purchasable","15":"product-type-simple","16":"add-to-wishlist-after_add_to_cart"},"yoast_head":"<!-- This site is optimized with the Yoast SEO plugin v27.4 - https:\/\/yoast.com\/product\/yoast-seo-wordpress\/ -->\n<title>LEGO\u00ae Pok\u00e9mon 72152 - Pikachu and Pok\u00e9 Ball - Ehita oma maailm - klots klotsi haaval<\/title>\n<meta name=\"description\" content=\"Relive Trainer memories with the Pikachu and Pok\u00e9 Ball (72152) building kit.\" \/>\n<meta name=\"robots\" content=\"index, follow, max-snippet:-1, max-image-preview:large, max-video-preview:-1\" \/>\n<link rel=\"canonical\" href=\"https:\/\/playwell.ee\/en\/product\/lego-pokemon-72152-pikachu-ja-pokepall\/\" \/>\n<meta property=\"og:locale\" content=\"en_US\" \/>\n<meta property=\"og:type\" content=\"article\" \/>\n<meta property=\"og:title\" content=\"LEGO\u00ae Pok\u00e9mon 72152 - Pikachu and Pok\u00e9 Ball - Ehita oma maailm - klots klotsi haaval\" \/>\n<meta property=\"og:description\" content=\"Relive Trainer memories with the Pikachu and Pok\u00e9 Ball (72152) building kit.\" \/>\n<meta property=\"og:url\" content=\"https:\/\/playwell.ee\/en\/product\/lego-pokemon-72152-pikachu-ja-pokepall\/\" \/>\n<meta property=\"og:site_name\" content=\"Ehita oma maailm - klots klotsi haaval\" \/>\n<meta property=\"article:publisher\" content=\"https:\/\/www.facebook.com\/profile.php?id=100091128044867\" \/>\n<meta property=\"article:modified_time\" content=\"2026-05-15T18:36:11+00:00\" \/>\n<meta property=\"og:image\" content=\"https:\/\/playwell.ee\/wp-content\/uploads\/2026\/05\/LEGO_72152_Box1_v29.jpg\" \/>\n\t<meta property=\"og:image:width\" content=\"1369\" \/>\n\t<meta property=\"og:image:height\" content=\"1800\" \/>\n\t<meta property=\"og:image:type\" content=\"image\/jpeg\" \/>\n<meta name=\"twitter:card\" content=\"summary_large_image\" \/>\n<meta name=\"twitter:label1\" content=\"Est. reading time\" \/>\n\t<meta name=\"twitter:data1\" content=\"2 minutes\" \/>\n<script type=\"application\/ld+json\" class=\"yoast-schema-graph\">{\"@context\":\"https:\\\/\\\/schema.org\",\"@graph\":[{\"@type\":\"WebPage\",\"@id\":\"https:\\\/\\\/playwell.ee\\\/en\\\/product\\\/lego-pokemon-72152-pikachu-ja-pokepall\\\/\",\"url\":\"https:\\\/\\\/playwell.ee\\\/en\\\/product\\\/lego-pokemon-72152-pikachu-ja-pokepall\\\/\",\"name\":\"LEGO\u00ae Pok\u00e9mon 72152 - Pikachu and Pok\u00e9 Ball - Ehita oma maailm - klots klotsi haaval\",\"isPartOf\":{\"@id\":\"https:\\\/\\\/playwell.ee\\\/#website\"},\"primaryImageOfPage\":{\"@id\":\"https:\\\/\\\/playwell.ee\\\/en\\\/product\\\/lego-pokemon-72152-pikachu-ja-pokepall\\\/#primaryimage\"},\"image\":{\"@id\":\"https:\\\/\\\/playwell.ee\\\/en\\\/product\\\/lego-pokemon-72152-pikachu-ja-pokepall\\\/#primaryimage\"},\"thumbnailUrl\":\"https:\\\/\\\/playwell.ee\\\/wp-content\\\/uploads\\\/2026\\\/05\\\/LEGO_72152_Box1_v29.jpg\",\"datePublished\":\"2026-05-15T18:03:34+00:00\",\"dateModified\":\"2026-05-15T18:36:11+00:00\",\"description\":\"Relive Trainer memories with the Pikachu and Pok\u00e9 Ball (72152) building kit.\",\"breadcrumb\":{\"@id\":\"https:\\\/\\\/playwell.ee\\\/en\\\/product\\\/lego-pokemon-72152-pikachu-ja-pokepall\\\/#breadcrumb\"},\"inLanguage\":\"en-US\",\"potentialAction\":[{\"@type\":\"ReadAction\",\"target\":[\"https:\\\/\\\/playwell.ee\\\/en\\\/product\\\/lego-pokemon-72152-pikachu-ja-pokepall\\\/\"]}]},{\"@type\":\"ImageObject\",\"inLanguage\":\"en-US\",\"@id\":\"https:\\\/\\\/playwell.ee\\\/en\\\/product\\\/lego-pokemon-72152-pikachu-ja-pokepall\\\/#primaryimage\",\"url\":\"https:\\\/\\\/playwell.ee\\\/wp-content\\\/uploads\\\/2026\\\/05\\\/LEGO_72152_Box1_v29.jpg\",\"contentUrl\":\"https:\\\/\\\/playwell.ee\\\/wp-content\\\/uploads\\\/2026\\\/05\\\/LEGO_72152_Box1_v29.jpg\",\"width\":1369,\"height\":1800},{\"@type\":\"BreadcrumbList\",\"@id\":\"https:\\\/\\\/playwell.ee\\\/en\\\/product\\\/lego-pokemon-72152-pikachu-ja-pokepall\\\/#breadcrumb\",\"itemListElement\":[{\"@type\":\"ListItem\",\"position\":1,\"name\":\"Home\",\"item\":\"https:\\\/\\\/playwell.ee\\\/en\\\/\"},{\"@type\":\"ListItem\",\"position\":2,\"name\":\"All LEGO Products\",\"item\":\"https:\\\/\\\/playwell.ee\\\/en\\\/all-products\\\/\"},{\"@type\":\"ListItem\",\"position\":3,\"name\":\"LEGO\u00ae Pok\u00e9mon 72152 &#8211; Pikachu and Pok\u00e9 Ball\"}]},{\"@type\":\"WebSite\",\"@id\":\"https:\\\/\\\/playwell.ee\\\/#website\",\"url\":\"https:\\\/\\\/playwell.ee\\\/\",\"name\":\"Ehita oma maailm - klots klotsi haaval\",\"description\":\"Playwell | LEGO pood Eestis\",\"publisher\":{\"@id\":\"https:\\\/\\\/playwell.ee\\\/#organization\"},\"potentialAction\":[{\"@type\":\"SearchAction\",\"target\":{\"@type\":\"EntryPoint\",\"urlTemplate\":\"https:\\\/\\\/playwell.ee\\\/?s={search_term_string}\"},\"query-input\":{\"@type\":\"PropertyValueSpecification\",\"valueRequired\":true,\"valueName\":\"search_term_string\"}}],\"inLanguage\":\"en-US\"},{\"@type\":\"Organization\",\"@id\":\"https:\\\/\\\/playwell.ee\\\/#organization\",\"name\":\"Playwell.ee\",\"url\":\"https:\\\/\\\/playwell.ee\\\/\",\"logo\":{\"@type\":\"ImageObject\",\"inLanguage\":\"en-US\",\"@id\":\"https:\\\/\\\/playwell.ee\\\/#\\\/schema\\\/logo\\\/image\\\/\",\"url\":\"https:\\\/\\\/playwell.ee\\\/wp-content\\\/uploads\\\/2024\\\/06\\\/Logo-01-1.png\",\"contentUrl\":\"https:\\\/\\\/playwell.ee\\\/wp-content\\\/uploads\\\/2024\\\/06\\\/Logo-01-1.png\",\"width\":2980,\"height\":1009,\"caption\":\"Playwell.ee\"},\"image\":{\"@id\":\"https:\\\/\\\/playwell.ee\\\/#\\\/schema\\\/logo\\\/image\\\/\"},\"sameAs\":[\"https:\\\/\\\/www.facebook.com\\\/profile.php?id=100091128044867\"]}]}<\/script>\n<!-- \/ Yoast SEO plugin. -->","yoast_head_json":{"title":"LEGO\u00ae Pok\u00e9mon 72152 - Pikachu and Pok\u00e9 Ball - Ehita oma maailm - klots klotsi haaval","description":"Relive Trainer memories with the Pikachu and Pok\u00e9 Ball (72152) building kit.","robots":{"index":"index","follow":"follow","max-snippet":"max-snippet:-1","max-image-preview":"max-image-preview:large","max-video-preview":"max-video-preview:-1"},"canonical":"https:\/\/playwell.ee\/en\/product\/lego-pokemon-72152-pikachu-ja-pokepall\/","og_locale":"en_US","og_type":"article","og_title":"LEGO\u00ae Pok\u00e9mon 72152 - Pikachu and Pok\u00e9 Ball - Ehita oma maailm - klots klotsi haaval","og_description":"Relive Trainer memories with the Pikachu and Pok\u00e9 Ball (72152) building kit.","og_url":"https:\/\/playwell.ee\/en\/product\/lego-pokemon-72152-pikachu-ja-pokepall\/","og_site_name":"Ehita oma maailm - klots klotsi haaval","article_publisher":"https:\/\/www.facebook.com\/profile.php?id=100091128044867","article_modified_time":"2026-05-15T18:36:11+00:00","og_image":[{"width":1369,"height":1800,"url":"https:\/\/playwell.ee\/wp-content\/uploads\/2026\/05\/LEGO_72152_Box1_v29.jpg","type":"image\/jpeg"}],"twitter_card":"summary_large_image","twitter_misc":{"Est. reading time":"2 minutes"},"schema":{"@context":"https:\/\/schema.org","@graph":[{"@type":"WebPage","@id":"https:\/\/playwell.ee\/en\/product\/lego-pokemon-72152-pikachu-ja-pokepall\/","url":"https:\/\/playwell.ee\/en\/product\/lego-pokemon-72152-pikachu-ja-pokepall\/","name":"LEGO\u00ae Pok\u00e9mon 72152 - Pikachu and Pok\u00e9 Ball - Ehita oma maailm - klots klotsi haaval","isPartOf":{"@id":"https:\/\/playwell.ee\/#website"},"primaryImageOfPage":{"@id":"https:\/\/playwell.ee\/en\/product\/lego-pokemon-72152-pikachu-ja-pokepall\/#primaryimage"},"image":{"@id":"https:\/\/playwell.ee\/en\/product\/lego-pokemon-72152-pikachu-ja-pokepall\/#primaryimage"},"thumbnailUrl":"https:\/\/playwell.ee\/wp-content\/uploads\/2026\/05\/LEGO_72152_Box1_v29.jpg","datePublished":"2026-05-15T18:03:34+00:00","dateModified":"2026-05-15T18:36:11+00:00","description":"Relive Trainer memories with the Pikachu and Pok\u00e9 Ball (72152) building kit.","breadcrumb":{"@id":"https:\/\/playwell.ee\/en\/product\/lego-pokemon-72152-pikachu-ja-pokepall\/#breadcrumb"},"inLanguage":"en-US","potentialAction":[{"@type":"ReadAction","target":["https:\/\/playwell.ee\/en\/product\/lego-pokemon-72152-pikachu-ja-pokepall\/"]}]},{"@type":"ImageObject","inLanguage":"en-US","@id":"https:\/\/playwell.ee\/en\/product\/lego-pokemon-72152-pikachu-ja-pokepall\/#primaryimage","url":"https:\/\/playwell.ee\/wp-content\/uploads\/2026\/05\/LEGO_72152_Box1_v29.jpg","contentUrl":"https:\/\/playwell.ee\/wp-content\/uploads\/2026\/05\/LEGO_72152_Box1_v29.jpg","width":1369,"height":1800},{"@type":"BreadcrumbList","@id":"https:\/\/playwell.ee\/en\/product\/lego-pokemon-72152-pikachu-ja-pokepall\/#breadcrumb","itemListElement":[{"@type":"ListItem","position":1,"name":"Home","item":"https:\/\/playwell.ee\/en\/"},{"@type":"ListItem","position":2,"name":"All LEGO Products","item":"https:\/\/playwell.ee\/en\/all-products\/"},{"@type":"ListItem","position":3,"name":"LEGO\u00ae Pok\u00e9mon 72152 &#8211; Pikachu and Pok\u00e9 Ball"}]},{"@type":"WebSite","@id":"https:\/\/playwell.ee\/#website","url":"https:\/\/playwell.ee\/","name":"Ehita oma maailm - klots klotsi haaval","description":"Playwell | LEGO pood Eestis","publisher":{"@id":"https:\/\/playwell.ee\/#organization"},"potentialAction":[{"@type":"SearchAction","target":{"@type":"EntryPoint","urlTemplate":"https:\/\/playwell.ee\/?s={search_term_string}"},"query-input":{"@type":"PropertyValueSpecification","valueRequired":true,"valueName":"search_term_string"}}],"inLanguage":"en-US"},{"@type":"Organization","@id":"https:\/\/playwell.ee\/#organization","name":"Playwell.ee","url":"https:\/\/playwell.ee\/","logo":{"@type":"ImageObject","inLanguage":"en-US","@id":"https:\/\/playwell.ee\/#\/schema\/logo\/image\/","url":"https:\/\/playwell.ee\/wp-content\/uploads\/2024\/06\/Logo-01-1.png","contentUrl":"https:\/\/playwell.ee\/wp-content\/uploads\/2024\/06\/Logo-01-1.png","width":2980,"height":1009,"caption":"Playwell.ee"},"image":{"@id":"https:\/\/playwell.ee\/#\/schema\/logo\/image\/"},"sameAs":["https:\/\/www.facebook.com\/profile.php?id=100091128044867"]}]}},"_links":{"self":[{"href":"https:\/\/playwell.ee\/en\/wp-json\/wp\/v2\/product\/26064","targetHints":{"allow":["GET"]}}],"collection":[{"href":"https:\/\/playwell.ee\/en\/wp-json\/wp\/v2\/product"}],"about":[{"href":"https:\/\/playwell.ee\/en\/wp-json\/wp\/v2\/types\/product"}],"wp:featuredmedia":[{"embeddable":true,"href":"https:\/\/playwell.ee\/en\/wp-json\/wp\/v2\/media\/25668"}],"wp:attachment":[{"href":"https:\/\/playwell.ee\/en\/wp-json\/wp\/v2\/media?parent=26064"}],"wp:term":[{"taxonomy":"product_brand","embeddable":true,"href":"https:\/\/playwell.ee\/en\/wp-json\/wp\/v2\/product_brand?post=26064"},{"taxonomy":"product_cat","embeddable":true,"href":"https:\/\/playwell.ee\/en\/wp-json\/wp\/v2\/product_cat?post=26064"},{"taxonomy":"product_tag","embeddable":true,"href":"https:\/\/playwell.ee\/en\/wp-json\/wp\/v2\/product_tag?post=26064"}],"curies":[{"name":"wp","href":"https:\/\/api.w.org\/{rel}","templated":true}]}}