{"id":26063,"date":"2026-05-15T20:03:34","date_gmt":"2026-05-15T18:03:34","guid":{"rendered":"https:\/\/playwell.ee\/product\/lego-pokemon-72151-eevee\/"},"modified":"2026-05-15T20:34:00","modified_gmt":"2026-05-15T18:34:00","slug":"lego-pokemon-72151-eevee","status":"publish","type":"product","link":"https:\/\/playwell.ee\/en\/product\/lego-pokemon-72151-eevee\/","title":{"rendered":"LEGO\u00ae Pok\u00e9mon 72151 &#8211; Eevee"},"content":{"rendered":"<p>Elevate your on-screen Trainer adventures into 3D form with the LEGO\u00ae Pok\u00e9mon\u2122 Eevee (72151) building kit for men and women. Taking fans of the video games back to bonding moments on their Trainer journey, this gaming merch for adults makes a cute Pok\u00e9mon room decor accessory. This Eevee figure is instantly recognizable from the world of Pok\u00e9mon, with its cute face, and perky tail and ears. The limbs and head of this Normal-type LEGO Pok\u00e9mon\u2122 figure are movable and the tail can be angled. It can be posed into authentic positions so Eevee can be made to look like it\u2019s on the move, launching into action. Even its ears can be posed, dialing up the appeal of this charming display piece. Team up with friends and family with Build Together mode in the LEGO Builder app. It makes this an ideal LEGO set for couples or fellow Pok\u00e9mon fans to enjoy as everyone can build a part of this Pok\u00e9mon set using their own devices. Set contains 587 pieces.<br \/>\nGAMING MERCH FOR EEVEE FANS \u2013 Relive bonding moments as a Pok\u00e9mon Trainer with the LEGO\u00ae Pok\u00e9mon\u2122 Eevee (72151) building kit, which assembles into a fun piece of room decor<br \/>\nCUTE POSABLE LEGO\u00ae FIGURE \u2013 Eevee\u2019s cute face, ears, feet and legs can all move and the tail articulates so this Normal-type Pok\u00e9mon figure can be positioned into iconic poses<br \/>\nAUTHENTIC DETAILS \u2013 This realistic recreation features Eevee\u2019s instantly recognizable face and perky tail and ears<br \/>\nHIDDEN EASTER EGG \u2013 While building this Pok\u00e9mon model figure fans discover a special surprise that highlights Eevee\u2019s many Evolutions<br \/>\nCOLLECTIBLE GIFT FOR POK\u00c9MON LOVERS \u2013 This Eevee gift will bring nostalgic joy to any Pok\u00e9mon video game enthusiast ages 18 plus and adult fans of LEGO\u00ae models<br \/>\nMASTER-LEVEL PARTNERSHIP \u2013 This desk decor building kit is part of a range of LEGO\u00ae Sets for Adults that brings together 2 beloved global brands for the first time to form one epic collaboration<br \/>\nBUILD TOGETHER WITH FRIENDS AND FAMILY\u2013 Collaborate and share the fun of LEGO\u00ae construction using the Build Together feature on the LEGO Builder app<br \/>\nDIMENSIONS \u2013 This 587-piece Pok\u00e9mon figure stands over 7.5 in. (19 cm) tall<\/p>\n","protected":false},"excerpt":{"rendered":"<p><strong>Free delivery for orders above 120\u20ac * All products in Estonia warehouse * Fast Delivery<\/strong><\/p>\n<ul>\n<li>Parts: 587<\/li>\n<li>Age: 18+<\/li>\n<\/ul>\n","protected":false},"featured_media":25652,"template":"","meta":[],"product_brand":[],"product_cat":[208],"product_tag":[173],"class_list":{"0":"post-26063","1":"product","2":"type-product","3":"status-publish","4":"has-post-thumbnail","6":"product_cat-lego-pokemon-en","7":"product_tag-18-en","8":"new","10":"first","11":"instock","12":"taxable","13":"shipping-taxable","14":"purchasable","15":"product-type-simple","16":"add-to-wishlist-after_add_to_cart"},"yoast_head":"<!-- This site is optimized with the Yoast SEO plugin v27.4 - https:\/\/yoast.com\/product\/yoast-seo-wordpress\/ -->\n<title>LEGO\u00ae Pok\u00e9mon 72151 - Eevee - Ehita oma maailm - klots klotsi haaval<\/title>\n<meta name=\"description\" content=\"Elevate your on-screen Trainer adventures into 3D form with the LEGO\u00ae Pok\u00e9mon\u2122 Eevee (72151) building kit for men and women.\" \/>\n<meta name=\"robots\" content=\"index, follow, max-snippet:-1, max-image-preview:large, max-video-preview:-1\" \/>\n<link rel=\"canonical\" href=\"https:\/\/playwell.ee\/en\/product\/lego-pokemon-72151-eevee\/\" \/>\n<meta property=\"og:locale\" content=\"en_US\" \/>\n<meta property=\"og:type\" content=\"article\" \/>\n<meta property=\"og:title\" content=\"LEGO\u00ae Pok\u00e9mon 72151 - Eevee - Ehita oma maailm - klots klotsi haaval\" \/>\n<meta property=\"og:description\" content=\"Elevate your on-screen Trainer adventures into 3D form with the LEGO\u00ae Pok\u00e9mon\u2122 Eevee (72151) building kit for men and women.\" \/>\n<meta property=\"og:url\" content=\"https:\/\/playwell.ee\/en\/product\/lego-pokemon-72151-eevee\/\" \/>\n<meta property=\"og:site_name\" content=\"Ehita oma maailm - klots klotsi haaval\" \/>\n<meta property=\"article:publisher\" content=\"https:\/\/www.facebook.com\/profile.php?id=100091128044867\" \/>\n<meta property=\"article:modified_time\" content=\"2026-05-15T18:34:00+00:00\" \/>\n<meta property=\"og:image\" content=\"https:\/\/playwell.ee\/wp-content\/uploads\/2026\/05\/LEGO_72151_Box1_v29.jpg\" \/>\n\t<meta property=\"og:image:width\" content=\"1765\" \/>\n\t<meta property=\"og:image:height\" content=\"1800\" \/>\n\t<meta property=\"og:image:type\" content=\"image\/jpeg\" \/>\n<meta name=\"twitter:card\" content=\"summary_large_image\" \/>\n<meta name=\"twitter:label1\" content=\"Est. reading time\" \/>\n\t<meta name=\"twitter:data1\" content=\"2 minutes\" \/>\n<script type=\"application\/ld+json\" class=\"yoast-schema-graph\">{\"@context\":\"https:\\\/\\\/schema.org\",\"@graph\":[{\"@type\":\"WebPage\",\"@id\":\"https:\\\/\\\/playwell.ee\\\/en\\\/product\\\/lego-pokemon-72151-eevee\\\/\",\"url\":\"https:\\\/\\\/playwell.ee\\\/en\\\/product\\\/lego-pokemon-72151-eevee\\\/\",\"name\":\"LEGO\u00ae Pok\u00e9mon 72151 - Eevee - Ehita oma maailm - klots klotsi haaval\",\"isPartOf\":{\"@id\":\"https:\\\/\\\/playwell.ee\\\/#website\"},\"primaryImageOfPage\":{\"@id\":\"https:\\\/\\\/playwell.ee\\\/en\\\/product\\\/lego-pokemon-72151-eevee\\\/#primaryimage\"},\"image\":{\"@id\":\"https:\\\/\\\/playwell.ee\\\/en\\\/product\\\/lego-pokemon-72151-eevee\\\/#primaryimage\"},\"thumbnailUrl\":\"https:\\\/\\\/playwell.ee\\\/wp-content\\\/uploads\\\/2026\\\/05\\\/LEGO_72151_Box1_v29.jpg\",\"datePublished\":\"2026-05-15T18:03:34+00:00\",\"dateModified\":\"2026-05-15T18:34:00+00:00\",\"description\":\"Elevate your on-screen Trainer adventures into 3D form with the LEGO\u00ae Pok\u00e9mon\u2122 Eevee (72151) building kit for men and women.\",\"breadcrumb\":{\"@id\":\"https:\\\/\\\/playwell.ee\\\/en\\\/product\\\/lego-pokemon-72151-eevee\\\/#breadcrumb\"},\"inLanguage\":\"en-US\",\"potentialAction\":[{\"@type\":\"ReadAction\",\"target\":[\"https:\\\/\\\/playwell.ee\\\/en\\\/product\\\/lego-pokemon-72151-eevee\\\/\"]}]},{\"@type\":\"ImageObject\",\"inLanguage\":\"en-US\",\"@id\":\"https:\\\/\\\/playwell.ee\\\/en\\\/product\\\/lego-pokemon-72151-eevee\\\/#primaryimage\",\"url\":\"https:\\\/\\\/playwell.ee\\\/wp-content\\\/uploads\\\/2026\\\/05\\\/LEGO_72151_Box1_v29.jpg\",\"contentUrl\":\"https:\\\/\\\/playwell.ee\\\/wp-content\\\/uploads\\\/2026\\\/05\\\/LEGO_72151_Box1_v29.jpg\",\"width\":1765,\"height\":1800},{\"@type\":\"BreadcrumbList\",\"@id\":\"https:\\\/\\\/playwell.ee\\\/en\\\/product\\\/lego-pokemon-72151-eevee\\\/#breadcrumb\",\"itemListElement\":[{\"@type\":\"ListItem\",\"position\":1,\"name\":\"Home\",\"item\":\"https:\\\/\\\/playwell.ee\\\/en\\\/\"},{\"@type\":\"ListItem\",\"position\":2,\"name\":\"All LEGO Products\",\"item\":\"https:\\\/\\\/playwell.ee\\\/en\\\/all-products\\\/\"},{\"@type\":\"ListItem\",\"position\":3,\"name\":\"LEGO\u00ae Pok\u00e9mon 72151 &#8211; Eevee\"}]},{\"@type\":\"WebSite\",\"@id\":\"https:\\\/\\\/playwell.ee\\\/#website\",\"url\":\"https:\\\/\\\/playwell.ee\\\/\",\"name\":\"Ehita oma maailm - klots klotsi haaval\",\"description\":\"Playwell | LEGO pood Eestis\",\"publisher\":{\"@id\":\"https:\\\/\\\/playwell.ee\\\/#organization\"},\"potentialAction\":[{\"@type\":\"SearchAction\",\"target\":{\"@type\":\"EntryPoint\",\"urlTemplate\":\"https:\\\/\\\/playwell.ee\\\/?s={search_term_string}\"},\"query-input\":{\"@type\":\"PropertyValueSpecification\",\"valueRequired\":true,\"valueName\":\"search_term_string\"}}],\"inLanguage\":\"en-US\"},{\"@type\":\"Organization\",\"@id\":\"https:\\\/\\\/playwell.ee\\\/#organization\",\"name\":\"Playwell.ee\",\"url\":\"https:\\\/\\\/playwell.ee\\\/\",\"logo\":{\"@type\":\"ImageObject\",\"inLanguage\":\"en-US\",\"@id\":\"https:\\\/\\\/playwell.ee\\\/#\\\/schema\\\/logo\\\/image\\\/\",\"url\":\"https:\\\/\\\/playwell.ee\\\/wp-content\\\/uploads\\\/2024\\\/06\\\/Logo-01-1.png\",\"contentUrl\":\"https:\\\/\\\/playwell.ee\\\/wp-content\\\/uploads\\\/2024\\\/06\\\/Logo-01-1.png\",\"width\":2980,\"height\":1009,\"caption\":\"Playwell.ee\"},\"image\":{\"@id\":\"https:\\\/\\\/playwell.ee\\\/#\\\/schema\\\/logo\\\/image\\\/\"},\"sameAs\":[\"https:\\\/\\\/www.facebook.com\\\/profile.php?id=100091128044867\"]}]}<\/script>\n<!-- \/ Yoast SEO plugin. -->","yoast_head_json":{"title":"LEGO\u00ae Pok\u00e9mon 72151 - Eevee - Ehita oma maailm - klots klotsi haaval","description":"Elevate your on-screen Trainer adventures into 3D form with the LEGO\u00ae Pok\u00e9mon\u2122 Eevee (72151) building kit for men and women.","robots":{"index":"index","follow":"follow","max-snippet":"max-snippet:-1","max-image-preview":"max-image-preview:large","max-video-preview":"max-video-preview:-1"},"canonical":"https:\/\/playwell.ee\/en\/product\/lego-pokemon-72151-eevee\/","og_locale":"en_US","og_type":"article","og_title":"LEGO\u00ae Pok\u00e9mon 72151 - Eevee - Ehita oma maailm - klots klotsi haaval","og_description":"Elevate your on-screen Trainer adventures into 3D form with the LEGO\u00ae Pok\u00e9mon\u2122 Eevee (72151) building kit for men and women.","og_url":"https:\/\/playwell.ee\/en\/product\/lego-pokemon-72151-eevee\/","og_site_name":"Ehita oma maailm - klots klotsi haaval","article_publisher":"https:\/\/www.facebook.com\/profile.php?id=100091128044867","article_modified_time":"2026-05-15T18:34:00+00:00","og_image":[{"width":1765,"height":1800,"url":"https:\/\/playwell.ee\/wp-content\/uploads\/2026\/05\/LEGO_72151_Box1_v29.jpg","type":"image\/jpeg"}],"twitter_card":"summary_large_image","twitter_misc":{"Est. reading time":"2 minutes"},"schema":{"@context":"https:\/\/schema.org","@graph":[{"@type":"WebPage","@id":"https:\/\/playwell.ee\/en\/product\/lego-pokemon-72151-eevee\/","url":"https:\/\/playwell.ee\/en\/product\/lego-pokemon-72151-eevee\/","name":"LEGO\u00ae Pok\u00e9mon 72151 - Eevee - Ehita oma maailm - klots klotsi haaval","isPartOf":{"@id":"https:\/\/playwell.ee\/#website"},"primaryImageOfPage":{"@id":"https:\/\/playwell.ee\/en\/product\/lego-pokemon-72151-eevee\/#primaryimage"},"image":{"@id":"https:\/\/playwell.ee\/en\/product\/lego-pokemon-72151-eevee\/#primaryimage"},"thumbnailUrl":"https:\/\/playwell.ee\/wp-content\/uploads\/2026\/05\/LEGO_72151_Box1_v29.jpg","datePublished":"2026-05-15T18:03:34+00:00","dateModified":"2026-05-15T18:34:00+00:00","description":"Elevate your on-screen Trainer adventures into 3D form with the LEGO\u00ae Pok\u00e9mon\u2122 Eevee (72151) building kit for men and women.","breadcrumb":{"@id":"https:\/\/playwell.ee\/en\/product\/lego-pokemon-72151-eevee\/#breadcrumb"},"inLanguage":"en-US","potentialAction":[{"@type":"ReadAction","target":["https:\/\/playwell.ee\/en\/product\/lego-pokemon-72151-eevee\/"]}]},{"@type":"ImageObject","inLanguage":"en-US","@id":"https:\/\/playwell.ee\/en\/product\/lego-pokemon-72151-eevee\/#primaryimage","url":"https:\/\/playwell.ee\/wp-content\/uploads\/2026\/05\/LEGO_72151_Box1_v29.jpg","contentUrl":"https:\/\/playwell.ee\/wp-content\/uploads\/2026\/05\/LEGO_72151_Box1_v29.jpg","width":1765,"height":1800},{"@type":"BreadcrumbList","@id":"https:\/\/playwell.ee\/en\/product\/lego-pokemon-72151-eevee\/#breadcrumb","itemListElement":[{"@type":"ListItem","position":1,"name":"Home","item":"https:\/\/playwell.ee\/en\/"},{"@type":"ListItem","position":2,"name":"All LEGO Products","item":"https:\/\/playwell.ee\/en\/all-products\/"},{"@type":"ListItem","position":3,"name":"LEGO\u00ae Pok\u00e9mon 72151 &#8211; Eevee"}]},{"@type":"WebSite","@id":"https:\/\/playwell.ee\/#website","url":"https:\/\/playwell.ee\/","name":"Ehita oma maailm - klots klotsi haaval","description":"Playwell | LEGO pood Eestis","publisher":{"@id":"https:\/\/playwell.ee\/#organization"},"potentialAction":[{"@type":"SearchAction","target":{"@type":"EntryPoint","urlTemplate":"https:\/\/playwell.ee\/?s={search_term_string}"},"query-input":{"@type":"PropertyValueSpecification","valueRequired":true,"valueName":"search_term_string"}}],"inLanguage":"en-US"},{"@type":"Organization","@id":"https:\/\/playwell.ee\/#organization","name":"Playwell.ee","url":"https:\/\/playwell.ee\/","logo":{"@type":"ImageObject","inLanguage":"en-US","@id":"https:\/\/playwell.ee\/#\/schema\/logo\/image\/","url":"https:\/\/playwell.ee\/wp-content\/uploads\/2024\/06\/Logo-01-1.png","contentUrl":"https:\/\/playwell.ee\/wp-content\/uploads\/2024\/06\/Logo-01-1.png","width":2980,"height":1009,"caption":"Playwell.ee"},"image":{"@id":"https:\/\/playwell.ee\/#\/schema\/logo\/image\/"},"sameAs":["https:\/\/www.facebook.com\/profile.php?id=100091128044867"]}]}},"_links":{"self":[{"href":"https:\/\/playwell.ee\/en\/wp-json\/wp\/v2\/product\/26063","targetHints":{"allow":["GET"]}}],"collection":[{"href":"https:\/\/playwell.ee\/en\/wp-json\/wp\/v2\/product"}],"about":[{"href":"https:\/\/playwell.ee\/en\/wp-json\/wp\/v2\/types\/product"}],"wp:featuredmedia":[{"embeddable":true,"href":"https:\/\/playwell.ee\/en\/wp-json\/wp\/v2\/media\/25652"}],"wp:attachment":[{"href":"https:\/\/playwell.ee\/en\/wp-json\/wp\/v2\/media?parent=26063"}],"wp:term":[{"taxonomy":"product_brand","embeddable":true,"href":"https:\/\/playwell.ee\/en\/wp-json\/wp\/v2\/product_brand?post=26063"},{"taxonomy":"product_cat","embeddable":true,"href":"https:\/\/playwell.ee\/en\/wp-json\/wp\/v2\/product_cat?post=26063"},{"taxonomy":"product_tag","embeddable":true,"href":"https:\/\/playwell.ee\/en\/wp-json\/wp\/v2\/product_tag?post=26063"}],"curies":[{"name":"wp","href":"https:\/\/api.w.org\/{rel}","templated":true}]}}