{"id":24742,"date":"2026-03-24T21:22:58","date_gmt":"2026-03-24T19:22:58","guid":{"rendered":"https:\/\/playwell.ee\/product\/lego-ninjago-71853-jay-draakoniroboti-voitlus\/"},"modified":"2026-03-24T21:31:34","modified_gmt":"2026-03-24T19:31:34","slug":"lego-ninjago-71853-jay-draakoniroboti-voitlus","status":"publish","type":"product","link":"https:\/\/playwell.ee\/en\/product\/lego-ninjago-71853-jay-draakoniroboti-voitlus\/","title":{"rendered":"LEGO\u00ae NINJAGO 71853 &#8211; Jay&#8217;s Dragon Mech Fight"},"content":{"rendered":"<p>Boys and girls ages 4 and up can learn to build and play out battle scenes from season 4 of the NINJAGO\u00ae Dragons Rising TV show with this fun mech toy. The LEGO\u00ae NINJAGO Jay\u2019s Dragon Mech Fight (71853) adventure toy comes packed with 2 mechs and 2minifigures. Jay\u2019s dragon mech has an opening cockpit for his minifigure and posable tail, wings, arms, legs, body and fingers, while the Mutation Monster\u2019s battle mech has an opening cockpit for his minifigure and posable tentacles, arms, legs and tor so. The set also comes with 4 interchangeable weapons for enhanced play value: 2 swords, a spear and a set of claws. This ninja toy has been designed to provide a fun experience for children aged 4 and up who are discovering the joy of building with LEGO bricks. The adventure toy comes with a Starter Brick \u2013 a partly constructed base that gets kids building quickly and with confidence. Set contains 107 pieces.<br \/>\nLEARN-TO-BUILD MECH TOY \u2013 Boys and girls aged 4 years old and up can learn to build before playing out ninja battles with this LEGO\u00ae NINJAGO\u00ae Jay\u2019s Dragon Mech Fight (71853) set<br \/>\nPOSABLE FIGURES \u2013 Both mechs have an opening cockpit for a minifigure and posable tail, legs, arms and body for little ninja fans to place them into different battle stances<br \/>\n2 NINJAGO\u00ae MINIFIGURES \u2013 This adventure toy playset comes with Jay and a villainous Mutation Monster, so kids can recreate action from season 4of the NINJAGO Dragons Rising TV show<br \/>\n4 WEAPON ACCESSORIES \u2013 This NINJAGO\u00ae battle toy set come with 4 interchangeable weapons for kids to enjoy enhanced play value: 2 swords, a spear and a set of claws<br \/>\nFANTASY GIFTS \u2013 This LEGO\u00ae set provides a fun build-and-play experience and is a ninja gift idea for kids aged 4 and up to fuel their imaginations and develop storytelling skills<br \/>\nMORE NINJA ADVENTURES \u2013 Discover other LEGO\u00ae ninja toys (sets sold separately) featuring detailed dragons, mechs, temples and vehicles<br \/>\nINTRODUCTION TO BUILDING \u2013 LEGO\u00ae preschool toy playsets help children learn how to build, while allowing the rest of the family to share in the fun<br \/>\nDIMENSIONS \u2013 This 107-piece kids building toy features Jay\u2019s dragon mech measuring over 4 in. (10 cm) tall<\/p>\n","protected":false},"excerpt":{"rendered":"<p><strong>Tasuta tarne alates 120\u20ac * Kogu kaup Eesti laos olemas * Kiire tarne<\/strong><\/p>\n<ul>\n<li>Osasi: 107<\/li>\n<li>Vanus: 4+<\/li>\n<\/ul>\n","protected":false},"featured_media":24404,"template":"","meta":[],"product_brand":[],"product_cat":[163],"product_tag":[170],"class_list":{"0":"post-24742","1":"product","2":"type-product","3":"status-publish","4":"has-post-thumbnail","6":"product_cat-ninjago-en","7":"product_tag-4-en","8":"new","10":"first","11":"instock","12":"taxable","13":"shipping-taxable","14":"purchasable","15":"product-type-simple","16":"add-to-wishlist-after_add_to_cart"},"yoast_head":"<!-- This site is optimized with the Yoast SEO plugin v27.4 - https:\/\/yoast.com\/product\/yoast-seo-wordpress\/ -->\n<title>LEGO\u00ae NINJAGO 71853 - Jay&#039;s Dragon Mech Fight - Ehita oma maailm - klots klotsi haaval<\/title>\n<meta name=\"description\" content=\"Alates 4-aastased poisid ja t\u00fcdrukud saavad selle l\u00f5busa robotim\u00e4nguasjaga \u00f5ppida ehitama ja m\u00e4ngima lahingustseene telesarja NINJAGO\u00ae Dragons Rising 4\" \/>\n<meta name=\"robots\" content=\"index, follow, max-snippet:-1, max-image-preview:large, max-video-preview:-1\" \/>\n<link rel=\"canonical\" href=\"https:\/\/playwell.ee\/en\/product\/lego-ninjago-71853-jay-draakoniroboti-voitlus\/\" \/>\n<meta property=\"og:locale\" content=\"en_US\" \/>\n<meta property=\"og:type\" content=\"article\" \/>\n<meta property=\"og:title\" content=\"LEGO\u00ae NINJAGO 71853 - Jay&#039;s Dragon Mech Fight - Ehita oma maailm - klots klotsi haaval\" \/>\n<meta property=\"og:description\" content=\"Alates 4-aastased poisid ja t\u00fcdrukud saavad selle l\u00f5busa robotim\u00e4nguasjaga \u00f5ppida ehitama ja m\u00e4ngima lahingustseene telesarja NINJAGO\u00ae Dragons Rising 4\" \/>\n<meta property=\"og:url\" content=\"https:\/\/playwell.ee\/en\/product\/lego-ninjago-71853-jay-draakoniroboti-voitlus\/\" \/>\n<meta property=\"og:site_name\" content=\"Ehita oma maailm - klots klotsi haaval\" \/>\n<meta property=\"article:publisher\" content=\"https:\/\/www.facebook.com\/profile.php?id=100091128044867\" \/>\n<meta property=\"article:modified_time\" content=\"2026-03-24T19:31:34+00:00\" \/>\n<meta property=\"og:image\" content=\"https:\/\/playwell.ee\/wp-content\/uploads\/2026\/03\/LEGO_71853_Box1_v39.jpg\" \/>\n\t<meta property=\"og:image:width\" content=\"2128\" \/>\n\t<meta property=\"og:image:height\" content=\"1800\" \/>\n\t<meta property=\"og:image:type\" content=\"image\/jpeg\" \/>\n<meta name=\"twitter:card\" content=\"summary_large_image\" \/>\n<meta name=\"twitter:label1\" content=\"Est. reading time\" \/>\n\t<meta name=\"twitter:data1\" content=\"2 minutes\" \/>\n<script type=\"application\/ld+json\" class=\"yoast-schema-graph\">{\"@context\":\"https:\\\/\\\/schema.org\",\"@graph\":[{\"@type\":\"WebPage\",\"@id\":\"https:\\\/\\\/playwell.ee\\\/en\\\/product\\\/lego-ninjago-71853-jay-draakoniroboti-voitlus\\\/\",\"url\":\"https:\\\/\\\/playwell.ee\\\/en\\\/product\\\/lego-ninjago-71853-jay-draakoniroboti-voitlus\\\/\",\"name\":\"LEGO\u00ae NINJAGO 71853 - Jay's Dragon Mech Fight - Ehita oma maailm - klots klotsi haaval\",\"isPartOf\":{\"@id\":\"https:\\\/\\\/playwell.ee\\\/#website\"},\"primaryImageOfPage\":{\"@id\":\"https:\\\/\\\/playwell.ee\\\/en\\\/product\\\/lego-ninjago-71853-jay-draakoniroboti-voitlus\\\/#primaryimage\"},\"image\":{\"@id\":\"https:\\\/\\\/playwell.ee\\\/en\\\/product\\\/lego-ninjago-71853-jay-draakoniroboti-voitlus\\\/#primaryimage\"},\"thumbnailUrl\":\"https:\\\/\\\/playwell.ee\\\/wp-content\\\/uploads\\\/2026\\\/03\\\/LEGO_71853_Box1_v39.jpg\",\"datePublished\":\"2026-03-24T19:22:58+00:00\",\"dateModified\":\"2026-03-24T19:31:34+00:00\",\"description\":\"Alates 4-aastased poisid ja t\u00fcdrukud saavad selle l\u00f5busa robotim\u00e4nguasjaga \u00f5ppida ehitama ja m\u00e4ngima lahingustseene telesarja NINJAGO\u00ae Dragons Rising 4\",\"breadcrumb\":{\"@id\":\"https:\\\/\\\/playwell.ee\\\/en\\\/product\\\/lego-ninjago-71853-jay-draakoniroboti-voitlus\\\/#breadcrumb\"},\"inLanguage\":\"en-US\",\"potentialAction\":[{\"@type\":\"ReadAction\",\"target\":[\"https:\\\/\\\/playwell.ee\\\/en\\\/product\\\/lego-ninjago-71853-jay-draakoniroboti-voitlus\\\/\"]}]},{\"@type\":\"ImageObject\",\"inLanguage\":\"en-US\",\"@id\":\"https:\\\/\\\/playwell.ee\\\/en\\\/product\\\/lego-ninjago-71853-jay-draakoniroboti-voitlus\\\/#primaryimage\",\"url\":\"https:\\\/\\\/playwell.ee\\\/wp-content\\\/uploads\\\/2026\\\/03\\\/LEGO_71853_Box1_v39.jpg\",\"contentUrl\":\"https:\\\/\\\/playwell.ee\\\/wp-content\\\/uploads\\\/2026\\\/03\\\/LEGO_71853_Box1_v39.jpg\",\"width\":2128,\"height\":1800},{\"@type\":\"BreadcrumbList\",\"@id\":\"https:\\\/\\\/playwell.ee\\\/en\\\/product\\\/lego-ninjago-71853-jay-draakoniroboti-voitlus\\\/#breadcrumb\",\"itemListElement\":[{\"@type\":\"ListItem\",\"position\":1,\"name\":\"Home\",\"item\":\"https:\\\/\\\/playwell.ee\\\/en\\\/\"},{\"@type\":\"ListItem\",\"position\":2,\"name\":\"All LEGO Products\",\"item\":\"https:\\\/\\\/playwell.ee\\\/en\\\/all-products\\\/\"},{\"@type\":\"ListItem\",\"position\":3,\"name\":\"LEGO\u00ae NINJAGO 71853 &#8211; Jay&#8217;s Dragon Mech Fight\"}]},{\"@type\":\"WebSite\",\"@id\":\"https:\\\/\\\/playwell.ee\\\/#website\",\"url\":\"https:\\\/\\\/playwell.ee\\\/\",\"name\":\"Ehita oma maailm - klots klotsi haaval\",\"description\":\"Playwell | LEGO pood Eestis\",\"publisher\":{\"@id\":\"https:\\\/\\\/playwell.ee\\\/#organization\"},\"potentialAction\":[{\"@type\":\"SearchAction\",\"target\":{\"@type\":\"EntryPoint\",\"urlTemplate\":\"https:\\\/\\\/playwell.ee\\\/?s={search_term_string}\"},\"query-input\":{\"@type\":\"PropertyValueSpecification\",\"valueRequired\":true,\"valueName\":\"search_term_string\"}}],\"inLanguage\":\"en-US\"},{\"@type\":\"Organization\",\"@id\":\"https:\\\/\\\/playwell.ee\\\/#organization\",\"name\":\"Playwell.ee\",\"url\":\"https:\\\/\\\/playwell.ee\\\/\",\"logo\":{\"@type\":\"ImageObject\",\"inLanguage\":\"en-US\",\"@id\":\"https:\\\/\\\/playwell.ee\\\/#\\\/schema\\\/logo\\\/image\\\/\",\"url\":\"https:\\\/\\\/playwell.ee\\\/wp-content\\\/uploads\\\/2024\\\/06\\\/Logo-01-1.png\",\"contentUrl\":\"https:\\\/\\\/playwell.ee\\\/wp-content\\\/uploads\\\/2024\\\/06\\\/Logo-01-1.png\",\"width\":2980,\"height\":1009,\"caption\":\"Playwell.ee\"},\"image\":{\"@id\":\"https:\\\/\\\/playwell.ee\\\/#\\\/schema\\\/logo\\\/image\\\/\"},\"sameAs\":[\"https:\\\/\\\/www.facebook.com\\\/profile.php?id=100091128044867\"]}]}<\/script>\n<!-- \/ Yoast SEO plugin. -->","yoast_head_json":{"title":"LEGO\u00ae NINJAGO 71853 - Jay's Dragon Mech Fight - Ehita oma maailm - klots klotsi haaval","description":"Alates 4-aastased poisid ja t\u00fcdrukud saavad selle l\u00f5busa robotim\u00e4nguasjaga \u00f5ppida ehitama ja m\u00e4ngima lahingustseene telesarja NINJAGO\u00ae Dragons Rising 4","robots":{"index":"index","follow":"follow","max-snippet":"max-snippet:-1","max-image-preview":"max-image-preview:large","max-video-preview":"max-video-preview:-1"},"canonical":"https:\/\/playwell.ee\/en\/product\/lego-ninjago-71853-jay-draakoniroboti-voitlus\/","og_locale":"en_US","og_type":"article","og_title":"LEGO\u00ae NINJAGO 71853 - Jay's Dragon Mech Fight - Ehita oma maailm - klots klotsi haaval","og_description":"Alates 4-aastased poisid ja t\u00fcdrukud saavad selle l\u00f5busa robotim\u00e4nguasjaga \u00f5ppida ehitama ja m\u00e4ngima lahingustseene telesarja NINJAGO\u00ae Dragons Rising 4","og_url":"https:\/\/playwell.ee\/en\/product\/lego-ninjago-71853-jay-draakoniroboti-voitlus\/","og_site_name":"Ehita oma maailm - klots klotsi haaval","article_publisher":"https:\/\/www.facebook.com\/profile.php?id=100091128044867","article_modified_time":"2026-03-24T19:31:34+00:00","og_image":[{"width":2128,"height":1800,"url":"https:\/\/playwell.ee\/wp-content\/uploads\/2026\/03\/LEGO_71853_Box1_v39.jpg","type":"image\/jpeg"}],"twitter_card":"summary_large_image","twitter_misc":{"Est. reading time":"2 minutes"},"schema":{"@context":"https:\/\/schema.org","@graph":[{"@type":"WebPage","@id":"https:\/\/playwell.ee\/en\/product\/lego-ninjago-71853-jay-draakoniroboti-voitlus\/","url":"https:\/\/playwell.ee\/en\/product\/lego-ninjago-71853-jay-draakoniroboti-voitlus\/","name":"LEGO\u00ae NINJAGO 71853 - Jay's Dragon Mech Fight - Ehita oma maailm - klots klotsi haaval","isPartOf":{"@id":"https:\/\/playwell.ee\/#website"},"primaryImageOfPage":{"@id":"https:\/\/playwell.ee\/en\/product\/lego-ninjago-71853-jay-draakoniroboti-voitlus\/#primaryimage"},"image":{"@id":"https:\/\/playwell.ee\/en\/product\/lego-ninjago-71853-jay-draakoniroboti-voitlus\/#primaryimage"},"thumbnailUrl":"https:\/\/playwell.ee\/wp-content\/uploads\/2026\/03\/LEGO_71853_Box1_v39.jpg","datePublished":"2026-03-24T19:22:58+00:00","dateModified":"2026-03-24T19:31:34+00:00","description":"Alates 4-aastased poisid ja t\u00fcdrukud saavad selle l\u00f5busa robotim\u00e4nguasjaga \u00f5ppida ehitama ja m\u00e4ngima lahingustseene telesarja NINJAGO\u00ae Dragons Rising 4","breadcrumb":{"@id":"https:\/\/playwell.ee\/en\/product\/lego-ninjago-71853-jay-draakoniroboti-voitlus\/#breadcrumb"},"inLanguage":"en-US","potentialAction":[{"@type":"ReadAction","target":["https:\/\/playwell.ee\/en\/product\/lego-ninjago-71853-jay-draakoniroboti-voitlus\/"]}]},{"@type":"ImageObject","inLanguage":"en-US","@id":"https:\/\/playwell.ee\/en\/product\/lego-ninjago-71853-jay-draakoniroboti-voitlus\/#primaryimage","url":"https:\/\/playwell.ee\/wp-content\/uploads\/2026\/03\/LEGO_71853_Box1_v39.jpg","contentUrl":"https:\/\/playwell.ee\/wp-content\/uploads\/2026\/03\/LEGO_71853_Box1_v39.jpg","width":2128,"height":1800},{"@type":"BreadcrumbList","@id":"https:\/\/playwell.ee\/en\/product\/lego-ninjago-71853-jay-draakoniroboti-voitlus\/#breadcrumb","itemListElement":[{"@type":"ListItem","position":1,"name":"Home","item":"https:\/\/playwell.ee\/en\/"},{"@type":"ListItem","position":2,"name":"All LEGO Products","item":"https:\/\/playwell.ee\/en\/all-products\/"},{"@type":"ListItem","position":3,"name":"LEGO\u00ae NINJAGO 71853 &#8211; Jay&#8217;s Dragon Mech Fight"}]},{"@type":"WebSite","@id":"https:\/\/playwell.ee\/#website","url":"https:\/\/playwell.ee\/","name":"Ehita oma maailm - klots klotsi haaval","description":"Playwell | LEGO pood Eestis","publisher":{"@id":"https:\/\/playwell.ee\/#organization"},"potentialAction":[{"@type":"SearchAction","target":{"@type":"EntryPoint","urlTemplate":"https:\/\/playwell.ee\/?s={search_term_string}"},"query-input":{"@type":"PropertyValueSpecification","valueRequired":true,"valueName":"search_term_string"}}],"inLanguage":"en-US"},{"@type":"Organization","@id":"https:\/\/playwell.ee\/#organization","name":"Playwell.ee","url":"https:\/\/playwell.ee\/","logo":{"@type":"ImageObject","inLanguage":"en-US","@id":"https:\/\/playwell.ee\/#\/schema\/logo\/image\/","url":"https:\/\/playwell.ee\/wp-content\/uploads\/2024\/06\/Logo-01-1.png","contentUrl":"https:\/\/playwell.ee\/wp-content\/uploads\/2024\/06\/Logo-01-1.png","width":2980,"height":1009,"caption":"Playwell.ee"},"image":{"@id":"https:\/\/playwell.ee\/#\/schema\/logo\/image\/"},"sameAs":["https:\/\/www.facebook.com\/profile.php?id=100091128044867"]}]}},"_links":{"self":[{"href":"https:\/\/playwell.ee\/en\/wp-json\/wp\/v2\/product\/24742","targetHints":{"allow":["GET"]}}],"collection":[{"href":"https:\/\/playwell.ee\/en\/wp-json\/wp\/v2\/product"}],"about":[{"href":"https:\/\/playwell.ee\/en\/wp-json\/wp\/v2\/types\/product"}],"wp:featuredmedia":[{"embeddable":true,"href":"https:\/\/playwell.ee\/en\/wp-json\/wp\/v2\/media\/24404"}],"wp:attachment":[{"href":"https:\/\/playwell.ee\/en\/wp-json\/wp\/v2\/media?parent=24742"}],"wp:term":[{"taxonomy":"product_brand","embeddable":true,"href":"https:\/\/playwell.ee\/en\/wp-json\/wp\/v2\/product_brand?post=24742"},{"taxonomy":"product_cat","embeddable":true,"href":"https:\/\/playwell.ee\/en\/wp-json\/wp\/v2\/product_cat?post=24742"},{"taxonomy":"product_tag","embeddable":true,"href":"https:\/\/playwell.ee\/en\/wp-json\/wp\/v2\/product_tag?post=24742"}],"curies":[{"name":"wp","href":"https:\/\/api.w.org\/{rel}","templated":true}]}}