{"id":24712,"date":"2026-03-24T21:22:58","date_gmt":"2026-03-24T19:22:58","guid":{"rendered":"https:\/\/playwell.ee\/product\/lego-city-60508-politseirongi-roovimine\/"},"modified":"2026-03-24T21:28:32","modified_gmt":"2026-03-24T19:28:32","slug":"lego-city-60508-politseirongi-roovimine","status":"publish","type":"product","link":"https:\/\/playwell.ee\/en\/product\/lego-city-60508-politseirongi-roovimine\/","title":{"rendered":"LEGO\u00ae City 60508 &#8211; Police Train Heist"},"content":{"rendered":"<p>All aboard for nonstop action with the LEGO\u00ae City Police Train Heist (60508) toy train playset for ages 7 and up. This Powered Up electric train set for kids includes a working locomotive and 3 flatcars carrying a prison cell, bank safe and rally car. The set also includes an oval train track with a railroad crossing and a track piece for re-railing trains. Just add the model helicopter with working grabber claw and the detective, police officer, train driver and 3 crook minifigures for imaginative train heist adventures. This toy train set makes a great surprise treat or birthday gift for 7-year-old boys, girls and kids who love model trains and LEGO building. Add this set to others (sold separately) from the LEGO City range for more exciting adventures. With this LEGO City Police train toy playset, kids can enjoy intuitive building in the LEGO Builder app, zooming and rotating with 3D instructions, saving and tracking progress while they build. Set contains 1,313 pieces.<br \/>\nTOY TRAIN POLICE PLAYSET \u2013 The LEGO\u00ae City Police Train Heist (60508) building kit features a motorized train, plus a helicopter, rally car, tracks and 6 minifigures for imaginative play<br \/>\nWHAT\u2019S IN THE BOX \u2013 This toy train set includes all kids need to build a Powered Up locomotive, 3 flatcars, a toy rally car, helicopter, prison cell, bank safe, railroad crossing and 6 minifigures<br \/>\nFUN FEATURES FOR STORYTELLING \u2013 Functions include a crook\u2019s helicopter with a grabbing claw for heisting the bank safe, rally car and prison cell from the police train<br \/>\nELECTRIC TRAIN SET FOR KIDS \u2013 Comes with an oval train track and a motorized police locomotive that can be controlled via the included remote or a smart device with the Powered Up app<br \/>\nMODEL TRAIN GIFTS \u2013 This police playset makes a fun holiday or birthday gift for 7-year-old boys, girls and kids who love police toys and toy train sets<br \/>\nA FUN WAY TO BUILD \u2013 The LEGO\u00ae Builder app guides kids on a 3D digital journey where they can zoom, rotate, track progress and save sets as they build<br \/>\nMORE LEGO\u00ae CITY SETS TO DISCOVER \u2013 Unleash more fun and adventures when you add this kids\u2019 train set to other building toys (sold separately) from the LEGO City range<br \/>\nDIMENSIONS \u2013 The train engine toy including the 3 flatcars in this 1,313-piece LEGO\u00ae City set measures over 3.5 in. (9 cm) high, 31.5 in. (80 cm) long and 2.5 in. (6 cm) wide<\/p>\n","protected":false},"excerpt":{"rendered":"<p>&#8220;<strong>Free delivery for orders above 120\u20ac * All products in Estonia warehouse * Fast Delivery<\/strong><\/p>\n<ul>\n<li>Parts: 1313<\/li>\n<li>Age: 7+\/li>\n<\/ul>\n<p>&#8221;<\/p>\n","protected":false},"featured_media":24384,"template":"","meta":[],"product_brand":[],"product_cat":[143],"product_tag":[168],"class_list":{"0":"post-24712","1":"product","2":"type-product","3":"status-publish","4":"has-post-thumbnail","6":"product_cat-city-en","7":"product_tag-6-en","8":"new","10":"first","11":"instock","12":"taxable","13":"shipping-taxable","14":"purchasable","15":"product-type-simple","16":"add-to-wishlist-after_add_to_cart"},"yoast_head":"<!-- This site is optimized with the Yoast SEO plugin v27.4 - https:\/\/yoast.com\/product\/yoast-seo-wordpress\/ -->\n<title>LEGO\u00ae City 60508 - Police Train Heist - Ehita oma maailm - klots klotsi haaval<\/title>\n<meta name=\"description\" content=\"K\u00f5ik pardale, et nautida l\u00f5putut tegevust LEGO\u00ae City politseirongi r\u00f6\u00f6vimise (60508) m\u00e4ngurongikomplektiga, mis on m\u00f5eldud 7-aastastele ja vanematele lasteleAll aboard for nonstop action with the LEGO\u00ae City Police Train Heist (60508) toy train playset for ages 7 and up.\" \/>\n<meta name=\"robots\" content=\"index, follow, max-snippet:-1, max-image-preview:large, max-video-preview:-1\" \/>\n<link rel=\"canonical\" href=\"https:\/\/playwell.ee\/en\/product\/lego-city-60508-politseirongi-roovimine\/\" \/>\n<meta property=\"og:locale\" content=\"en_US\" \/>\n<meta property=\"og:type\" content=\"article\" \/>\n<meta property=\"og:title\" content=\"LEGO\u00ae City 60508 - Police Train Heist - Ehita oma maailm - klots klotsi haaval\" \/>\n<meta property=\"og:description\" content=\"K\u00f5ik pardale, et nautida l\u00f5putut tegevust LEGO\u00ae City politseirongi r\u00f6\u00f6vimise (60508) m\u00e4ngurongikomplektiga, mis on m\u00f5eldud 7-aastastele ja vanematele lasteleAll aboard for nonstop action with the LEGO\u00ae City Police Train Heist (60508) toy train playset for ages 7 and up.\" \/>\n<meta property=\"og:url\" content=\"https:\/\/playwell.ee\/en\/product\/lego-city-60508-politseirongi-roovimine\/\" \/>\n<meta property=\"og:site_name\" content=\"Ehita oma maailm - klots klotsi haaval\" \/>\n<meta property=\"article:publisher\" content=\"https:\/\/www.facebook.com\/profile.php?id=100091128044867\" \/>\n<meta property=\"article:modified_time\" content=\"2026-03-24T19:28:32+00:00\" \/>\n<meta property=\"og:image\" content=\"https:\/\/playwell.ee\/wp-content\/uploads\/2026\/03\/LEGO_60508_prodimg.jpg\" \/>\n\t<meta property=\"og:image:width\" content=\"1200\" \/>\n\t<meta property=\"og:image:height\" content=\"948\" \/>\n\t<meta property=\"og:image:type\" content=\"image\/jpeg\" \/>\n<meta name=\"twitter:card\" content=\"summary_large_image\" \/>\n<meta name=\"twitter:label1\" content=\"Est. reading time\" \/>\n\t<meta name=\"twitter:data1\" content=\"2 minutes\" \/>\n<script type=\"application\/ld+json\" class=\"yoast-schema-graph\">{\"@context\":\"https:\\\/\\\/schema.org\",\"@graph\":[{\"@type\":\"WebPage\",\"@id\":\"https:\\\/\\\/playwell.ee\\\/en\\\/product\\\/lego-city-60508-politseirongi-roovimine\\\/\",\"url\":\"https:\\\/\\\/playwell.ee\\\/en\\\/product\\\/lego-city-60508-politseirongi-roovimine\\\/\",\"name\":\"LEGO\u00ae City 60508 - Police Train Heist - Ehita oma maailm - klots klotsi haaval\",\"isPartOf\":{\"@id\":\"https:\\\/\\\/playwell.ee\\\/#website\"},\"primaryImageOfPage\":{\"@id\":\"https:\\\/\\\/playwell.ee\\\/en\\\/product\\\/lego-city-60508-politseirongi-roovimine\\\/#primaryimage\"},\"image\":{\"@id\":\"https:\\\/\\\/playwell.ee\\\/en\\\/product\\\/lego-city-60508-politseirongi-roovimine\\\/#primaryimage\"},\"thumbnailUrl\":\"https:\\\/\\\/playwell.ee\\\/wp-content\\\/uploads\\\/2026\\\/03\\\/LEGO_60508_prodimg.jpg\",\"datePublished\":\"2026-03-24T19:22:58+00:00\",\"dateModified\":\"2026-03-24T19:28:32+00:00\",\"description\":\"K\u00f5ik pardale, et nautida l\u00f5putut tegevust LEGO\u00ae City politseirongi r\u00f6\u00f6vimise (60508) m\u00e4ngurongikomplektiga, mis on m\u00f5eldud 7-aastastele ja vanematele lasteleAll aboard for nonstop action with the LEGO\u00ae City Police Train Heist (60508) toy train playset for ages 7 and up.\",\"breadcrumb\":{\"@id\":\"https:\\\/\\\/playwell.ee\\\/en\\\/product\\\/lego-city-60508-politseirongi-roovimine\\\/#breadcrumb\"},\"inLanguage\":\"en-US\",\"potentialAction\":[{\"@type\":\"ReadAction\",\"target\":[\"https:\\\/\\\/playwell.ee\\\/en\\\/product\\\/lego-city-60508-politseirongi-roovimine\\\/\"]}]},{\"@type\":\"ImageObject\",\"inLanguage\":\"en-US\",\"@id\":\"https:\\\/\\\/playwell.ee\\\/en\\\/product\\\/lego-city-60508-politseirongi-roovimine\\\/#primaryimage\",\"url\":\"https:\\\/\\\/playwell.ee\\\/wp-content\\\/uploads\\\/2026\\\/03\\\/LEGO_60508_prodimg.jpg\",\"contentUrl\":\"https:\\\/\\\/playwell.ee\\\/wp-content\\\/uploads\\\/2026\\\/03\\\/LEGO_60508_prodimg.jpg\",\"width\":1200,\"height\":948},{\"@type\":\"BreadcrumbList\",\"@id\":\"https:\\\/\\\/playwell.ee\\\/en\\\/product\\\/lego-city-60508-politseirongi-roovimine\\\/#breadcrumb\",\"itemListElement\":[{\"@type\":\"ListItem\",\"position\":1,\"name\":\"Home\",\"item\":\"https:\\\/\\\/playwell.ee\\\/en\\\/\"},{\"@type\":\"ListItem\",\"position\":2,\"name\":\"All LEGO Products\",\"item\":\"https:\\\/\\\/playwell.ee\\\/en\\\/all-products\\\/\"},{\"@type\":\"ListItem\",\"position\":3,\"name\":\"LEGO\u00ae City 60508 &#8211; Police Train Heist\"}]},{\"@type\":\"WebSite\",\"@id\":\"https:\\\/\\\/playwell.ee\\\/#website\",\"url\":\"https:\\\/\\\/playwell.ee\\\/\",\"name\":\"Ehita oma maailm - klots klotsi haaval\",\"description\":\"Playwell | LEGO pood Eestis\",\"publisher\":{\"@id\":\"https:\\\/\\\/playwell.ee\\\/#organization\"},\"potentialAction\":[{\"@type\":\"SearchAction\",\"target\":{\"@type\":\"EntryPoint\",\"urlTemplate\":\"https:\\\/\\\/playwell.ee\\\/?s={search_term_string}\"},\"query-input\":{\"@type\":\"PropertyValueSpecification\",\"valueRequired\":true,\"valueName\":\"search_term_string\"}}],\"inLanguage\":\"en-US\"},{\"@type\":\"Organization\",\"@id\":\"https:\\\/\\\/playwell.ee\\\/#organization\",\"name\":\"Playwell.ee\",\"url\":\"https:\\\/\\\/playwell.ee\\\/\",\"logo\":{\"@type\":\"ImageObject\",\"inLanguage\":\"en-US\",\"@id\":\"https:\\\/\\\/playwell.ee\\\/#\\\/schema\\\/logo\\\/image\\\/\",\"url\":\"https:\\\/\\\/playwell.ee\\\/wp-content\\\/uploads\\\/2024\\\/06\\\/Logo-01-1.png\",\"contentUrl\":\"https:\\\/\\\/playwell.ee\\\/wp-content\\\/uploads\\\/2024\\\/06\\\/Logo-01-1.png\",\"width\":2980,\"height\":1009,\"caption\":\"Playwell.ee\"},\"image\":{\"@id\":\"https:\\\/\\\/playwell.ee\\\/#\\\/schema\\\/logo\\\/image\\\/\"},\"sameAs\":[\"https:\\\/\\\/www.facebook.com\\\/profile.php?id=100091128044867\"]}]}<\/script>\n<!-- \/ Yoast SEO plugin. -->","yoast_head_json":{"title":"LEGO\u00ae City 60508 - Police Train Heist - Ehita oma maailm - klots klotsi haaval","description":"K\u00f5ik pardale, et nautida l\u00f5putut tegevust LEGO\u00ae City politseirongi r\u00f6\u00f6vimise (60508) m\u00e4ngurongikomplektiga, mis on m\u00f5eldud 7-aastastele ja vanematele lasteleAll aboard for nonstop action with the LEGO\u00ae City Police Train Heist (60508) toy train playset for ages 7 and up.","robots":{"index":"index","follow":"follow","max-snippet":"max-snippet:-1","max-image-preview":"max-image-preview:large","max-video-preview":"max-video-preview:-1"},"canonical":"https:\/\/playwell.ee\/en\/product\/lego-city-60508-politseirongi-roovimine\/","og_locale":"en_US","og_type":"article","og_title":"LEGO\u00ae City 60508 - Police Train Heist - Ehita oma maailm - klots klotsi haaval","og_description":"K\u00f5ik pardale, et nautida l\u00f5putut tegevust LEGO\u00ae City politseirongi r\u00f6\u00f6vimise (60508) m\u00e4ngurongikomplektiga, mis on m\u00f5eldud 7-aastastele ja vanematele lasteleAll aboard for nonstop action with the LEGO\u00ae City Police Train Heist (60508) toy train playset for ages 7 and up.","og_url":"https:\/\/playwell.ee\/en\/product\/lego-city-60508-politseirongi-roovimine\/","og_site_name":"Ehita oma maailm - klots klotsi haaval","article_publisher":"https:\/\/www.facebook.com\/profile.php?id=100091128044867","article_modified_time":"2026-03-24T19:28:32+00:00","og_image":[{"width":1200,"height":948,"url":"https:\/\/playwell.ee\/wp-content\/uploads\/2026\/03\/LEGO_60508_prodimg.jpg","type":"image\/jpeg"}],"twitter_card":"summary_large_image","twitter_misc":{"Est. reading time":"2 minutes"},"schema":{"@context":"https:\/\/schema.org","@graph":[{"@type":"WebPage","@id":"https:\/\/playwell.ee\/en\/product\/lego-city-60508-politseirongi-roovimine\/","url":"https:\/\/playwell.ee\/en\/product\/lego-city-60508-politseirongi-roovimine\/","name":"LEGO\u00ae City 60508 - Police Train Heist - Ehita oma maailm - klots klotsi haaval","isPartOf":{"@id":"https:\/\/playwell.ee\/#website"},"primaryImageOfPage":{"@id":"https:\/\/playwell.ee\/en\/product\/lego-city-60508-politseirongi-roovimine\/#primaryimage"},"image":{"@id":"https:\/\/playwell.ee\/en\/product\/lego-city-60508-politseirongi-roovimine\/#primaryimage"},"thumbnailUrl":"https:\/\/playwell.ee\/wp-content\/uploads\/2026\/03\/LEGO_60508_prodimg.jpg","datePublished":"2026-03-24T19:22:58+00:00","dateModified":"2026-03-24T19:28:32+00:00","description":"K\u00f5ik pardale, et nautida l\u00f5putut tegevust LEGO\u00ae City politseirongi r\u00f6\u00f6vimise (60508) m\u00e4ngurongikomplektiga, mis on m\u00f5eldud 7-aastastele ja vanematele lasteleAll aboard for nonstop action with the LEGO\u00ae City Police Train Heist (60508) toy train playset for ages 7 and up.","breadcrumb":{"@id":"https:\/\/playwell.ee\/en\/product\/lego-city-60508-politseirongi-roovimine\/#breadcrumb"},"inLanguage":"en-US","potentialAction":[{"@type":"ReadAction","target":["https:\/\/playwell.ee\/en\/product\/lego-city-60508-politseirongi-roovimine\/"]}]},{"@type":"ImageObject","inLanguage":"en-US","@id":"https:\/\/playwell.ee\/en\/product\/lego-city-60508-politseirongi-roovimine\/#primaryimage","url":"https:\/\/playwell.ee\/wp-content\/uploads\/2026\/03\/LEGO_60508_prodimg.jpg","contentUrl":"https:\/\/playwell.ee\/wp-content\/uploads\/2026\/03\/LEGO_60508_prodimg.jpg","width":1200,"height":948},{"@type":"BreadcrumbList","@id":"https:\/\/playwell.ee\/en\/product\/lego-city-60508-politseirongi-roovimine\/#breadcrumb","itemListElement":[{"@type":"ListItem","position":1,"name":"Home","item":"https:\/\/playwell.ee\/en\/"},{"@type":"ListItem","position":2,"name":"All LEGO Products","item":"https:\/\/playwell.ee\/en\/all-products\/"},{"@type":"ListItem","position":3,"name":"LEGO\u00ae City 60508 &#8211; Police Train Heist"}]},{"@type":"WebSite","@id":"https:\/\/playwell.ee\/#website","url":"https:\/\/playwell.ee\/","name":"Ehita oma maailm - klots klotsi haaval","description":"Playwell | LEGO pood Eestis","publisher":{"@id":"https:\/\/playwell.ee\/#organization"},"potentialAction":[{"@type":"SearchAction","target":{"@type":"EntryPoint","urlTemplate":"https:\/\/playwell.ee\/?s={search_term_string}"},"query-input":{"@type":"PropertyValueSpecification","valueRequired":true,"valueName":"search_term_string"}}],"inLanguage":"en-US"},{"@type":"Organization","@id":"https:\/\/playwell.ee\/#organization","name":"Playwell.ee","url":"https:\/\/playwell.ee\/","logo":{"@type":"ImageObject","inLanguage":"en-US","@id":"https:\/\/playwell.ee\/#\/schema\/logo\/image\/","url":"https:\/\/playwell.ee\/wp-content\/uploads\/2024\/06\/Logo-01-1.png","contentUrl":"https:\/\/playwell.ee\/wp-content\/uploads\/2024\/06\/Logo-01-1.png","width":2980,"height":1009,"caption":"Playwell.ee"},"image":{"@id":"https:\/\/playwell.ee\/#\/schema\/logo\/image\/"},"sameAs":["https:\/\/www.facebook.com\/profile.php?id=100091128044867"]}]}},"_links":{"self":[{"href":"https:\/\/playwell.ee\/en\/wp-json\/wp\/v2\/product\/24712","targetHints":{"allow":["GET"]}}],"collection":[{"href":"https:\/\/playwell.ee\/en\/wp-json\/wp\/v2\/product"}],"about":[{"href":"https:\/\/playwell.ee\/en\/wp-json\/wp\/v2\/types\/product"}],"wp:featuredmedia":[{"embeddable":true,"href":"https:\/\/playwell.ee\/en\/wp-json\/wp\/v2\/media\/24384"}],"wp:attachment":[{"href":"https:\/\/playwell.ee\/en\/wp-json\/wp\/v2\/media?parent=24712"}],"wp:term":[{"taxonomy":"product_brand","embeddable":true,"href":"https:\/\/playwell.ee\/en\/wp-json\/wp\/v2\/product_brand?post=24712"},{"taxonomy":"product_cat","embeddable":true,"href":"https:\/\/playwell.ee\/en\/wp-json\/wp\/v2\/product_cat?post=24712"},{"taxonomy":"product_tag","embeddable":true,"href":"https:\/\/playwell.ee\/en\/wp-json\/wp\/v2\/product_tag?post=24712"}],"curies":[{"name":"wp","href":"https:\/\/api.w.org\/{rel}","templated":true}]}}