{"id":20222,"date":"2025-08-11T19:27:05","date_gmt":"2025-08-11T17:27:05","guid":{"rendered":"https:\/\/playwell.ee\/product\/lego-duplo-10458-jaatisereis-koos-blueyga\/"},"modified":"2025-08-12T20:09:43","modified_gmt":"2025-08-12T18:09:43","slug":"lego-duplo-10458-jaatisereis-koos-blueyga","status":"publish","type":"product","link":"https:\/\/playwell.ee\/en\/product\/lego-duplo-10458-jaatisereis-koos-blueyga\/","title":{"rendered":"LEGO\u00ae DUPLO 10458 &#8211; Ice Cream Trip with Bluey"},"content":{"rendered":"<p>Immerse preschoolers in role-play fun with the Ice Cream Trip with Bluey toddler toy (10458). Preschoolers enjoy imaginative play as they go on a LEGO\u00ae DUPLO\u00ae adventure using this vehicle playset to recreate scenes from the Bluey TV show.<\/p>\n<p>This gift for toddlers brings hours of family fun. Toddlers drive the toy car \u2013 which fits both the Dad and Bluey figures \u2013 to get ice cream. This creative-play toy lets preschoolers act out the excitement of travelling somewhere special as well as the satisfaction of getting a treat.<\/p>\n<p>Toddlers learn to recognise numbers by choosing how many scoops they want and stacking the right number of bricks. They\u2019ll develop colour-sorting skills by pairing the toy scoops with the flavours and practise their fine motor skills by attaching the ice cream to the cones. Through pretend play, LEGO DUPLO Bluey sets let preschoolers and their families not only act out fun everyday activities but also help them understand how these activities make them feel. Contains 22 pieces.<\/p>\n<p>Ice cream stand and vehicle playset inspired by the Bluey TV show \u2013 Transport preschoolers to the fun world of the Heeler family with the LEGO\u00ae DUPLO\u00ae Bluey Ice Cream Trip with Bluey toddler toy<br \/>\nPacked with features for imaginative play \u2013 This interactive toy comes with Dad and Bluey figures, a drivable toy car, a credit card machine, 3 ice cream toy scoops, 2 cones and a menu<br \/>\nCreative-play toy hones preschool skills \u2013 Toddlers use their creativity to reenact the Bluey \u201cIce Cream\u201d episode, and their fine motor and color-sorting skills to stack the scoops onto the toy cones<br \/>\nLearning toy recreates the real world \u2013 Toddlers explore feelings around relatable scenarios, imagining the excitement of going somewhere special and the satisfaction of receiving a delicious treat<br \/>\nGift for toddlers \u2013 This pretend-play toy makes a creative gift for toddlers aged 2 and up and preschool fans of the Bluey TV show<br \/>\nDiscover more Bluey fun \u2013 Check out the other LEGO\u00ae DUPLO\u00ae Bluey and LEGO\u00ae Bluey creative-play toys (sold separately), including age-appropriate sets for toddlers, preschoolers and kids aged 4 and up<br \/>\nBoost family fun with Bluey \u2013 LEGO\u00ae DUPLO\u00ae Bluey adventure toys inspire creative pretend play that toddlers will relate to, and support the developmental milestones parents will want to share<br \/>\nDimensions \u2013 This 22-piece adventure toy includes an ice cream stand that measures over 5 in. (13 cm) high, 6 in. (15 cm) wide and 4 in. (10 cm) deep<\/p>\n","protected":false},"excerpt":{"rendered":"<p><strong>Free delivery for orders above 120\u20ac * All products in Estonia warehouse * Fast Delivery<\/strong><\/p>\n<ul>\n<li>Parts: 22<\/li>\n<li>Age: 2+<\/li>\n<\/ul>\n","protected":false},"featured_media":19394,"template":"","meta":[],"product_brand":[],"product_cat":[187],"product_tag":[169],"class_list":{"0":"post-20222","1":"product","2":"type-product","3":"status-publish","4":"has-post-thumbnail","6":"product_cat-lego-duplo-en","7":"product_tag-1-5-en","8":"new","10":"first","11":"instock","12":"taxable","13":"shipping-taxable","14":"purchasable","15":"product-type-simple","16":"add-to-wishlist-after_add_to_cart"},"yoast_head":"<!-- This site is optimized with the Yoast SEO plugin v27.4 - https:\/\/yoast.com\/product\/yoast-seo-wordpress\/ -->\n<title>LEGO\u00ae DUPLO 10458 - Ice Cream Trip with Bluey - Ehita oma maailm - klots klotsi haaval<\/title>\n<meta name=\"description\" content=\"Too koolieelikutele rollim\u00e4ngur\u00f5\u00f5mu komplektiga J\u00e4\u00e4tisereis koos Blueyga (10458)\" \/>\n<meta name=\"robots\" content=\"index, follow, max-snippet:-1, max-image-preview:large, max-video-preview:-1\" \/>\n<link rel=\"canonical\" href=\"https:\/\/playwell.ee\/toode\/lego-duplo-10458-jaatisereis-koos-blueyga\/\" \/>\n<meta property=\"og:locale\" content=\"en_US\" \/>\n<meta property=\"og:type\" content=\"article\" \/>\n<meta property=\"og:title\" content=\"LEGO\u00ae DUPLO 10458 - Ice Cream Trip with Bluey - Ehita oma maailm - klots klotsi haaval\" \/>\n<meta property=\"og:description\" content=\"Too koolieelikutele rollim\u00e4ngur\u00f5\u00f5mu komplektiga J\u00e4\u00e4tisereis koos Blueyga (10458)\" \/>\n<meta property=\"og:url\" content=\"https:\/\/playwell.ee\/toode\/lego-duplo-10458-jaatisereis-koos-blueyga\/\" \/>\n<meta property=\"og:site_name\" content=\"Ehita oma maailm - klots klotsi haaval\" \/>\n<meta property=\"article:publisher\" content=\"https:\/\/www.facebook.com\/profile.php?id=100091128044867\" \/>\n<meta property=\"article:modified_time\" content=\"2025-08-12T18:09:43+00:00\" \/>\n<meta property=\"og:image\" content=\"https:\/\/playwell.ee\/wp-content\/uploads\/2025\/08\/LEGO_10458_Box1_v29.jpg\" \/>\n\t<meta property=\"og:image:width\" content=\"2400\" \/>\n\t<meta property=\"og:image:height\" content=\"1584\" \/>\n\t<meta property=\"og:image:type\" content=\"image\/jpeg\" \/>\n<meta name=\"twitter:card\" content=\"summary_large_image\" \/>\n<meta name=\"twitter:label1\" content=\"Est. reading time\" \/>\n\t<meta name=\"twitter:data1\" content=\"2 minutes\" \/>\n<script type=\"application\/ld+json\" class=\"yoast-schema-graph\">{\"@context\":\"https:\\\/\\\/schema.org\",\"@graph\":[{\"@type\":\"WebPage\",\"@id\":\"https:\\\/\\\/playwell.ee\\\/toode\\\/lego-duplo-10458-jaatisereis-koos-blueyga\\\/\",\"url\":\"https:\\\/\\\/playwell.ee\\\/toode\\\/lego-duplo-10458-jaatisereis-koos-blueyga\\\/\",\"name\":\"LEGO\u00ae DUPLO 10458 - Ice Cream Trip with Bluey - Ehita oma maailm - klots klotsi haaval\",\"isPartOf\":{\"@id\":\"https:\\\/\\\/playwell.ee\\\/#website\"},\"primaryImageOfPage\":{\"@id\":\"https:\\\/\\\/playwell.ee\\\/toode\\\/lego-duplo-10458-jaatisereis-koos-blueyga\\\/#primaryimage\"},\"image\":{\"@id\":\"https:\\\/\\\/playwell.ee\\\/toode\\\/lego-duplo-10458-jaatisereis-koos-blueyga\\\/#primaryimage\"},\"thumbnailUrl\":\"https:\\\/\\\/playwell.ee\\\/wp-content\\\/uploads\\\/2025\\\/08\\\/LEGO_10458_Box1_v29.jpg\",\"datePublished\":\"2025-08-11T17:27:05+00:00\",\"dateModified\":\"2025-08-12T18:09:43+00:00\",\"description\":\"Too koolieelikutele rollim\u00e4ngur\u00f5\u00f5mu komplektiga J\u00e4\u00e4tisereis koos Blueyga (10458)\",\"breadcrumb\":{\"@id\":\"https:\\\/\\\/playwell.ee\\\/toode\\\/lego-duplo-10458-jaatisereis-koos-blueyga\\\/#breadcrumb\"},\"inLanguage\":\"en-US\",\"potentialAction\":[{\"@type\":\"ReadAction\",\"target\":[\"https:\\\/\\\/playwell.ee\\\/toode\\\/lego-duplo-10458-jaatisereis-koos-blueyga\\\/\"]}]},{\"@type\":\"ImageObject\",\"inLanguage\":\"en-US\",\"@id\":\"https:\\\/\\\/playwell.ee\\\/toode\\\/lego-duplo-10458-jaatisereis-koos-blueyga\\\/#primaryimage\",\"url\":\"https:\\\/\\\/playwell.ee\\\/wp-content\\\/uploads\\\/2025\\\/08\\\/LEGO_10458_Box1_v29.jpg\",\"contentUrl\":\"https:\\\/\\\/playwell.ee\\\/wp-content\\\/uploads\\\/2025\\\/08\\\/LEGO_10458_Box1_v29.jpg\",\"width\":2400,\"height\":1584,\"caption\":\"10458\"},{\"@type\":\"BreadcrumbList\",\"@id\":\"https:\\\/\\\/playwell.ee\\\/toode\\\/lego-duplo-10458-jaatisereis-koos-blueyga\\\/#breadcrumb\",\"itemListElement\":[{\"@type\":\"ListItem\",\"position\":1,\"name\":\"Home\",\"item\":\"https:\\\/\\\/playwell.ee\\\/en\\\/\"},{\"@type\":\"ListItem\",\"position\":2,\"name\":\"All LEGO Products\",\"item\":\"https:\\\/\\\/playwell.ee\\\/en\\\/all-products\\\/\"},{\"@type\":\"ListItem\",\"position\":3,\"name\":\"LEGO\u00ae DUPLO 10458 &#8211; Ice Cream Trip with Bluey\"}]},{\"@type\":\"WebSite\",\"@id\":\"https:\\\/\\\/playwell.ee\\\/#website\",\"url\":\"https:\\\/\\\/playwell.ee\\\/\",\"name\":\"Ehita oma maailm - klots klotsi haaval\",\"description\":\"Playwell | LEGO pood Eestis\",\"publisher\":{\"@id\":\"https:\\\/\\\/playwell.ee\\\/#organization\"},\"potentialAction\":[{\"@type\":\"SearchAction\",\"target\":{\"@type\":\"EntryPoint\",\"urlTemplate\":\"https:\\\/\\\/playwell.ee\\\/?s={search_term_string}\"},\"query-input\":{\"@type\":\"PropertyValueSpecification\",\"valueRequired\":true,\"valueName\":\"search_term_string\"}}],\"inLanguage\":\"en-US\"},{\"@type\":\"Organization\",\"@id\":\"https:\\\/\\\/playwell.ee\\\/#organization\",\"name\":\"Playwell.ee\",\"url\":\"https:\\\/\\\/playwell.ee\\\/\",\"logo\":{\"@type\":\"ImageObject\",\"inLanguage\":\"en-US\",\"@id\":\"https:\\\/\\\/playwell.ee\\\/#\\\/schema\\\/logo\\\/image\\\/\",\"url\":\"https:\\\/\\\/playwell.ee\\\/wp-content\\\/uploads\\\/2024\\\/06\\\/Logo-01-1.png\",\"contentUrl\":\"https:\\\/\\\/playwell.ee\\\/wp-content\\\/uploads\\\/2024\\\/06\\\/Logo-01-1.png\",\"width\":2980,\"height\":1009,\"caption\":\"Playwell.ee\"},\"image\":{\"@id\":\"https:\\\/\\\/playwell.ee\\\/#\\\/schema\\\/logo\\\/image\\\/\"},\"sameAs\":[\"https:\\\/\\\/www.facebook.com\\\/profile.php?id=100091128044867\"]}]}<\/script>\n<!-- \/ Yoast SEO plugin. -->","yoast_head_json":{"title":"LEGO\u00ae DUPLO 10458 - Ice Cream Trip with Bluey - Ehita oma maailm - klots klotsi haaval","description":"Too koolieelikutele rollim\u00e4ngur\u00f5\u00f5mu komplektiga J\u00e4\u00e4tisereis koos Blueyga (10458)","robots":{"index":"index","follow":"follow","max-snippet":"max-snippet:-1","max-image-preview":"max-image-preview:large","max-video-preview":"max-video-preview:-1"},"canonical":"https:\/\/playwell.ee\/toode\/lego-duplo-10458-jaatisereis-koos-blueyga\/","og_locale":"en_US","og_type":"article","og_title":"LEGO\u00ae DUPLO 10458 - Ice Cream Trip with Bluey - Ehita oma maailm - klots klotsi haaval","og_description":"Too koolieelikutele rollim\u00e4ngur\u00f5\u00f5mu komplektiga J\u00e4\u00e4tisereis koos Blueyga (10458)","og_url":"https:\/\/playwell.ee\/toode\/lego-duplo-10458-jaatisereis-koos-blueyga\/","og_site_name":"Ehita oma maailm - klots klotsi haaval","article_publisher":"https:\/\/www.facebook.com\/profile.php?id=100091128044867","article_modified_time":"2025-08-12T18:09:43+00:00","og_image":[{"width":2400,"height":1584,"url":"https:\/\/playwell.ee\/wp-content\/uploads\/2025\/08\/LEGO_10458_Box1_v29.jpg","type":"image\/jpeg"}],"twitter_card":"summary_large_image","twitter_misc":{"Est. reading time":"2 minutes"},"schema":{"@context":"https:\/\/schema.org","@graph":[{"@type":"WebPage","@id":"https:\/\/playwell.ee\/toode\/lego-duplo-10458-jaatisereis-koos-blueyga\/","url":"https:\/\/playwell.ee\/toode\/lego-duplo-10458-jaatisereis-koos-blueyga\/","name":"LEGO\u00ae DUPLO 10458 - Ice Cream Trip with Bluey - Ehita oma maailm - klots klotsi haaval","isPartOf":{"@id":"https:\/\/playwell.ee\/#website"},"primaryImageOfPage":{"@id":"https:\/\/playwell.ee\/toode\/lego-duplo-10458-jaatisereis-koos-blueyga\/#primaryimage"},"image":{"@id":"https:\/\/playwell.ee\/toode\/lego-duplo-10458-jaatisereis-koos-blueyga\/#primaryimage"},"thumbnailUrl":"https:\/\/playwell.ee\/wp-content\/uploads\/2025\/08\/LEGO_10458_Box1_v29.jpg","datePublished":"2025-08-11T17:27:05+00:00","dateModified":"2025-08-12T18:09:43+00:00","description":"Too koolieelikutele rollim\u00e4ngur\u00f5\u00f5mu komplektiga J\u00e4\u00e4tisereis koos Blueyga (10458)","breadcrumb":{"@id":"https:\/\/playwell.ee\/toode\/lego-duplo-10458-jaatisereis-koos-blueyga\/#breadcrumb"},"inLanguage":"en-US","potentialAction":[{"@type":"ReadAction","target":["https:\/\/playwell.ee\/toode\/lego-duplo-10458-jaatisereis-koos-blueyga\/"]}]},{"@type":"ImageObject","inLanguage":"en-US","@id":"https:\/\/playwell.ee\/toode\/lego-duplo-10458-jaatisereis-koos-blueyga\/#primaryimage","url":"https:\/\/playwell.ee\/wp-content\/uploads\/2025\/08\/LEGO_10458_Box1_v29.jpg","contentUrl":"https:\/\/playwell.ee\/wp-content\/uploads\/2025\/08\/LEGO_10458_Box1_v29.jpg","width":2400,"height":1584,"caption":"10458"},{"@type":"BreadcrumbList","@id":"https:\/\/playwell.ee\/toode\/lego-duplo-10458-jaatisereis-koos-blueyga\/#breadcrumb","itemListElement":[{"@type":"ListItem","position":1,"name":"Home","item":"https:\/\/playwell.ee\/en\/"},{"@type":"ListItem","position":2,"name":"All LEGO Products","item":"https:\/\/playwell.ee\/en\/all-products\/"},{"@type":"ListItem","position":3,"name":"LEGO\u00ae DUPLO 10458 &#8211; Ice Cream Trip with Bluey"}]},{"@type":"WebSite","@id":"https:\/\/playwell.ee\/#website","url":"https:\/\/playwell.ee\/","name":"Ehita oma maailm - klots klotsi haaval","description":"Playwell | LEGO pood Eestis","publisher":{"@id":"https:\/\/playwell.ee\/#organization"},"potentialAction":[{"@type":"SearchAction","target":{"@type":"EntryPoint","urlTemplate":"https:\/\/playwell.ee\/?s={search_term_string}"},"query-input":{"@type":"PropertyValueSpecification","valueRequired":true,"valueName":"search_term_string"}}],"inLanguage":"en-US"},{"@type":"Organization","@id":"https:\/\/playwell.ee\/#organization","name":"Playwell.ee","url":"https:\/\/playwell.ee\/","logo":{"@type":"ImageObject","inLanguage":"en-US","@id":"https:\/\/playwell.ee\/#\/schema\/logo\/image\/","url":"https:\/\/playwell.ee\/wp-content\/uploads\/2024\/06\/Logo-01-1.png","contentUrl":"https:\/\/playwell.ee\/wp-content\/uploads\/2024\/06\/Logo-01-1.png","width":2980,"height":1009,"caption":"Playwell.ee"},"image":{"@id":"https:\/\/playwell.ee\/#\/schema\/logo\/image\/"},"sameAs":["https:\/\/www.facebook.com\/profile.php?id=100091128044867"]}]}},"_links":{"self":[{"href":"https:\/\/playwell.ee\/en\/wp-json\/wp\/v2\/product\/20222","targetHints":{"allow":["GET"]}}],"collection":[{"href":"https:\/\/playwell.ee\/en\/wp-json\/wp\/v2\/product"}],"about":[{"href":"https:\/\/playwell.ee\/en\/wp-json\/wp\/v2\/types\/product"}],"wp:featuredmedia":[{"embeddable":true,"href":"https:\/\/playwell.ee\/en\/wp-json\/wp\/v2\/media\/19394"}],"wp:attachment":[{"href":"https:\/\/playwell.ee\/en\/wp-json\/wp\/v2\/media?parent=20222"}],"wp:term":[{"taxonomy":"product_brand","embeddable":true,"href":"https:\/\/playwell.ee\/en\/wp-json\/wp\/v2\/product_brand?post=20222"},{"taxonomy":"product_cat","embeddable":true,"href":"https:\/\/playwell.ee\/en\/wp-json\/wp\/v2\/product_cat?post=20222"},{"taxonomy":"product_tag","embeddable":true,"href":"https:\/\/playwell.ee\/en\/wp-json\/wp\/v2\/product_tag?post=20222"}],"curies":[{"name":"wp","href":"https:\/\/api.w.org\/{rel}","templated":true}]}}