{"id":20221,"date":"2025-08-11T19:27:06","date_gmt":"2025-08-11T17:27:06","guid":{"rendered":"https:\/\/playwell.ee\/product\/lego-duplo-10459-bluey-peremaja-malumanguga\/"},"modified":"2025-08-12T20:09:43","modified_gmt":"2025-08-12T18:09:43","slug":"lego-duplo-10459-bluey-peremaja-malumanguga","status":"publish","type":"product","link":"https:\/\/playwell.ee\/en\/product\/lego-duplo-10459-bluey-peremaja-malumanguga\/","title":{"rendered":"LEGO\u00ae DUPLO 10459 &#8211; Bluey&#8217;s Family House with Memory Game"},"content":{"rendered":"<p>Introduce toddlers to a fun building set that packs in double the fun! Bluey\u2019s Family House with Memory Game (10459) interactive toy delivers 2 fun activities in one colourful construction set.<\/p>\n<p>This interactive toy is filled with lots of ways to play. Preschoolers aged 3 and over can simply use this adventure toy for pretend play, recreating family activities from the show with the 3 figures \u2013 Bluey, Bingo and Bluey\u2019s mum, Chilli \u2013 and recognisable role-play toy accessories from the Bluey TV show. Or they can play fun memory games with their families.<\/p>\n<p>Parents hide bricks and Bluey figures behind the windows of the house, then toddlers spin the wheel to discover which pieces they need to find. They use their fine motor skills to open the toy windows and deploy their comparing, matching and communication skills to work out if they\u2019ve found a match. Then they use their memory skills to remember where other items are hiding so they can return to them to make a match. Contains 83 pieces.<\/p>\n<p>2-in-1 Interactive toy for fans of Bluey, big and small \u2013Bluey\u2019s Family House with Memory Game (10459) adventure toy is packed with activities for fun family playtimes and imagination play<br \/>\nBuildable house toy inspired by the Bluey TV show \u2013 This colorful Heeler family home model features rooms with opening windows, a fun spinning pointer, a table and 3 chairs<br \/>\n3 recognizable characters \u2013 This adventure toy includes Mum, Bingo and Bluey figures from the Bluey show, plus bricks representing familiar Heeler house details, including Bingo\u2019s rabbit Floppy<br \/>\nPreschool learning toy \u2013 This learning toy for preschool kids helps toddlers develop and grow as they sharpen their communication, comparison, imagination and fine motor skills<br \/>\nGift fortoddlers \u2013 This interactive toy makes a creative gift for toddlers aged 3 and up who love pretend play and memory games, and preschool fans of the Bluey TV show<br \/>\nDiscover more Bluey fun \u2013 Check out the other LEGO\u00ae DUPLO\u00ae and LEGO\u00ae Bluey creative-play toys (sold separately), including age-appropriate sets for toddlers, preschoolers and kids aged 4 and up<br \/>\nBoost family fun with Bluey \u2013 LEGO\u00ae DUPLO\u00ae Bluey adventure toys inspire creative pretend play preschool kids will relate to and support the developmental milestones parents will want to share<br \/>\nDimensions \u2013 This 83-piece construction toy includes a Heeler family house toy that measures over 11 in. (30 cm) high, 20 in. (51 cm) wide and 14.5 in. (37 cm) deep<\/p>\n","protected":false},"excerpt":{"rendered":"<p><strong>Free delivery for orders above 120\u20ac * All products in Estonia warehouse * Fast Delivery<\/strong><\/p>\n<ul>\n<li>Parts: 83<\/li>\n<li>Age: 3+<\/li>\n<\/ul>\n","protected":false},"featured_media":19407,"template":"","meta":[],"product_brand":[],"product_cat":[187],"product_tag":[170],"class_list":{"0":"post-20221","1":"product","2":"type-product","3":"status-publish","4":"has-post-thumbnail","6":"product_cat-lego-duplo-en","7":"product_tag-4-en","8":"new","10":"first","11":"instock","12":"taxable","13":"shipping-taxable","14":"purchasable","15":"product-type-simple","16":"add-to-wishlist-after_add_to_cart"},"yoast_head":"<!-- This site is optimized with the Yoast SEO plugin v27.4 - https:\/\/yoast.com\/product\/yoast-seo-wordpress\/ -->\n<title>LEGO\u00ae DUPLO 10459 - Bluey&#039;s Family House with Memory Game - Ehita oma maailm - klots klotsi haaval<\/title>\n<meta name=\"description\" content=\"Tutvusta mudilastele l\u00f5busat ehituskomplekti, mis pakub kahekordset l\u00f5bu! Bluey peremajam\u00e4lum\u00e4nguga (10459) on interaktiivne m\u00e4nguasi kahe l\u00f5busa tegevusega \u00fches v\u00e4rvilises ehituskomplektis\" \/>\n<meta name=\"robots\" content=\"index, follow, max-snippet:-1, max-image-preview:large, max-video-preview:-1\" \/>\n<link rel=\"canonical\" href=\"https:\/\/playwell.ee\/toode\/lego-duplo-10459-bluey-peremaja-malumanguga\/\" \/>\n<meta property=\"og:locale\" content=\"en_US\" \/>\n<meta property=\"og:type\" content=\"article\" \/>\n<meta property=\"og:title\" content=\"LEGO\u00ae DUPLO 10459 - Bluey&#039;s Family House with Memory Game - Ehita oma maailm - klots klotsi haaval\" \/>\n<meta property=\"og:description\" content=\"Tutvusta mudilastele l\u00f5busat ehituskomplekti, mis pakub kahekordset l\u00f5bu! Bluey peremajam\u00e4lum\u00e4nguga (10459) on interaktiivne m\u00e4nguasi kahe l\u00f5busa tegevusega \u00fches v\u00e4rvilises ehituskomplektis\" \/>\n<meta property=\"og:url\" content=\"https:\/\/playwell.ee\/toode\/lego-duplo-10459-bluey-peremaja-malumanguga\/\" \/>\n<meta property=\"og:site_name\" content=\"Ehita oma maailm - klots klotsi haaval\" \/>\n<meta property=\"article:publisher\" content=\"https:\/\/www.facebook.com\/profile.php?id=100091128044867\" \/>\n<meta property=\"article:modified_time\" content=\"2025-08-12T18:09:43+00:00\" \/>\n<meta property=\"og:image\" content=\"https:\/\/playwell.ee\/wp-content\/uploads\/2025\/08\/LEGO_10459_Box1_v29.jpg\" \/>\n\t<meta property=\"og:image:width\" content=\"2015\" \/>\n\t<meta property=\"og:image:height\" content=\"1800\" \/>\n\t<meta property=\"og:image:type\" content=\"image\/jpeg\" \/>\n<meta name=\"twitter:card\" content=\"summary_large_image\" \/>\n<meta name=\"twitter:label1\" content=\"Est. reading time\" \/>\n\t<meta name=\"twitter:data1\" content=\"2 minutes\" \/>\n<script type=\"application\/ld+json\" class=\"yoast-schema-graph\">{\"@context\":\"https:\\\/\\\/schema.org\",\"@graph\":[{\"@type\":\"WebPage\",\"@id\":\"https:\\\/\\\/playwell.ee\\\/toode\\\/lego-duplo-10459-bluey-peremaja-malumanguga\\\/\",\"url\":\"https:\\\/\\\/playwell.ee\\\/toode\\\/lego-duplo-10459-bluey-peremaja-malumanguga\\\/\",\"name\":\"LEGO\u00ae DUPLO 10459 - Bluey's Family House with Memory Game - Ehita oma maailm - klots klotsi haaval\",\"isPartOf\":{\"@id\":\"https:\\\/\\\/playwell.ee\\\/#website\"},\"primaryImageOfPage\":{\"@id\":\"https:\\\/\\\/playwell.ee\\\/toode\\\/lego-duplo-10459-bluey-peremaja-malumanguga\\\/#primaryimage\"},\"image\":{\"@id\":\"https:\\\/\\\/playwell.ee\\\/toode\\\/lego-duplo-10459-bluey-peremaja-malumanguga\\\/#primaryimage\"},\"thumbnailUrl\":\"https:\\\/\\\/playwell.ee\\\/wp-content\\\/uploads\\\/2025\\\/08\\\/LEGO_10459_Box1_v29.jpg\",\"datePublished\":\"2025-08-11T17:27:06+00:00\",\"dateModified\":\"2025-08-12T18:09:43+00:00\",\"description\":\"Tutvusta mudilastele l\u00f5busat ehituskomplekti, mis pakub kahekordset l\u00f5bu! Bluey peremajam\u00e4lum\u00e4nguga (10459) on interaktiivne m\u00e4nguasi kahe l\u00f5busa tegevusega \u00fches v\u00e4rvilises ehituskomplektis\",\"breadcrumb\":{\"@id\":\"https:\\\/\\\/playwell.ee\\\/toode\\\/lego-duplo-10459-bluey-peremaja-malumanguga\\\/#breadcrumb\"},\"inLanguage\":\"en-US\",\"potentialAction\":[{\"@type\":\"ReadAction\",\"target\":[\"https:\\\/\\\/playwell.ee\\\/toode\\\/lego-duplo-10459-bluey-peremaja-malumanguga\\\/\"]}]},{\"@type\":\"ImageObject\",\"inLanguage\":\"en-US\",\"@id\":\"https:\\\/\\\/playwell.ee\\\/toode\\\/lego-duplo-10459-bluey-peremaja-malumanguga\\\/#primaryimage\",\"url\":\"https:\\\/\\\/playwell.ee\\\/wp-content\\\/uploads\\\/2025\\\/08\\\/LEGO_10459_Box1_v29.jpg\",\"contentUrl\":\"https:\\\/\\\/playwell.ee\\\/wp-content\\\/uploads\\\/2025\\\/08\\\/LEGO_10459_Box1_v29.jpg\",\"width\":2015,\"height\":1800,\"caption\":\"10459\"},{\"@type\":\"BreadcrumbList\",\"@id\":\"https:\\\/\\\/playwell.ee\\\/toode\\\/lego-duplo-10459-bluey-peremaja-malumanguga\\\/#breadcrumb\",\"itemListElement\":[{\"@type\":\"ListItem\",\"position\":1,\"name\":\"Home\",\"item\":\"https:\\\/\\\/playwell.ee\\\/en\\\/\"},{\"@type\":\"ListItem\",\"position\":2,\"name\":\"All LEGO Products\",\"item\":\"https:\\\/\\\/playwell.ee\\\/en\\\/all-products\\\/\"},{\"@type\":\"ListItem\",\"position\":3,\"name\":\"LEGO\u00ae DUPLO 10459 &#8211; Bluey&#8217;s Family House with Memory Game\"}]},{\"@type\":\"WebSite\",\"@id\":\"https:\\\/\\\/playwell.ee\\\/#website\",\"url\":\"https:\\\/\\\/playwell.ee\\\/\",\"name\":\"Ehita oma maailm - klots klotsi haaval\",\"description\":\"Playwell | LEGO pood Eestis\",\"publisher\":{\"@id\":\"https:\\\/\\\/playwell.ee\\\/#organization\"},\"potentialAction\":[{\"@type\":\"SearchAction\",\"target\":{\"@type\":\"EntryPoint\",\"urlTemplate\":\"https:\\\/\\\/playwell.ee\\\/?s={search_term_string}\"},\"query-input\":{\"@type\":\"PropertyValueSpecification\",\"valueRequired\":true,\"valueName\":\"search_term_string\"}}],\"inLanguage\":\"en-US\"},{\"@type\":\"Organization\",\"@id\":\"https:\\\/\\\/playwell.ee\\\/#organization\",\"name\":\"Playwell.ee\",\"url\":\"https:\\\/\\\/playwell.ee\\\/\",\"logo\":{\"@type\":\"ImageObject\",\"inLanguage\":\"en-US\",\"@id\":\"https:\\\/\\\/playwell.ee\\\/#\\\/schema\\\/logo\\\/image\\\/\",\"url\":\"https:\\\/\\\/playwell.ee\\\/wp-content\\\/uploads\\\/2024\\\/06\\\/Logo-01-1.png\",\"contentUrl\":\"https:\\\/\\\/playwell.ee\\\/wp-content\\\/uploads\\\/2024\\\/06\\\/Logo-01-1.png\",\"width\":2980,\"height\":1009,\"caption\":\"Playwell.ee\"},\"image\":{\"@id\":\"https:\\\/\\\/playwell.ee\\\/#\\\/schema\\\/logo\\\/image\\\/\"},\"sameAs\":[\"https:\\\/\\\/www.facebook.com\\\/profile.php?id=100091128044867\"]}]}<\/script>\n<!-- \/ Yoast SEO plugin. -->","yoast_head_json":{"title":"LEGO\u00ae DUPLO 10459 - Bluey's Family House with Memory Game - Ehita oma maailm - klots klotsi haaval","description":"Tutvusta mudilastele l\u00f5busat ehituskomplekti, mis pakub kahekordset l\u00f5bu! Bluey peremajam\u00e4lum\u00e4nguga (10459) on interaktiivne m\u00e4nguasi kahe l\u00f5busa tegevusega \u00fches v\u00e4rvilises ehituskomplektis","robots":{"index":"index","follow":"follow","max-snippet":"max-snippet:-1","max-image-preview":"max-image-preview:large","max-video-preview":"max-video-preview:-1"},"canonical":"https:\/\/playwell.ee\/toode\/lego-duplo-10459-bluey-peremaja-malumanguga\/","og_locale":"en_US","og_type":"article","og_title":"LEGO\u00ae DUPLO 10459 - Bluey's Family House with Memory Game - Ehita oma maailm - klots klotsi haaval","og_description":"Tutvusta mudilastele l\u00f5busat ehituskomplekti, mis pakub kahekordset l\u00f5bu! Bluey peremajam\u00e4lum\u00e4nguga (10459) on interaktiivne m\u00e4nguasi kahe l\u00f5busa tegevusega \u00fches v\u00e4rvilises ehituskomplektis","og_url":"https:\/\/playwell.ee\/toode\/lego-duplo-10459-bluey-peremaja-malumanguga\/","og_site_name":"Ehita oma maailm - klots klotsi haaval","article_publisher":"https:\/\/www.facebook.com\/profile.php?id=100091128044867","article_modified_time":"2025-08-12T18:09:43+00:00","og_image":[{"width":2015,"height":1800,"url":"https:\/\/playwell.ee\/wp-content\/uploads\/2025\/08\/LEGO_10459_Box1_v29.jpg","type":"image\/jpeg"}],"twitter_card":"summary_large_image","twitter_misc":{"Est. reading time":"2 minutes"},"schema":{"@context":"https:\/\/schema.org","@graph":[{"@type":"WebPage","@id":"https:\/\/playwell.ee\/toode\/lego-duplo-10459-bluey-peremaja-malumanguga\/","url":"https:\/\/playwell.ee\/toode\/lego-duplo-10459-bluey-peremaja-malumanguga\/","name":"LEGO\u00ae DUPLO 10459 - Bluey's Family House with Memory Game - Ehita oma maailm - klots klotsi haaval","isPartOf":{"@id":"https:\/\/playwell.ee\/#website"},"primaryImageOfPage":{"@id":"https:\/\/playwell.ee\/toode\/lego-duplo-10459-bluey-peremaja-malumanguga\/#primaryimage"},"image":{"@id":"https:\/\/playwell.ee\/toode\/lego-duplo-10459-bluey-peremaja-malumanguga\/#primaryimage"},"thumbnailUrl":"https:\/\/playwell.ee\/wp-content\/uploads\/2025\/08\/LEGO_10459_Box1_v29.jpg","datePublished":"2025-08-11T17:27:06+00:00","dateModified":"2025-08-12T18:09:43+00:00","description":"Tutvusta mudilastele l\u00f5busat ehituskomplekti, mis pakub kahekordset l\u00f5bu! Bluey peremajam\u00e4lum\u00e4nguga (10459) on interaktiivne m\u00e4nguasi kahe l\u00f5busa tegevusega \u00fches v\u00e4rvilises ehituskomplektis","breadcrumb":{"@id":"https:\/\/playwell.ee\/toode\/lego-duplo-10459-bluey-peremaja-malumanguga\/#breadcrumb"},"inLanguage":"en-US","potentialAction":[{"@type":"ReadAction","target":["https:\/\/playwell.ee\/toode\/lego-duplo-10459-bluey-peremaja-malumanguga\/"]}]},{"@type":"ImageObject","inLanguage":"en-US","@id":"https:\/\/playwell.ee\/toode\/lego-duplo-10459-bluey-peremaja-malumanguga\/#primaryimage","url":"https:\/\/playwell.ee\/wp-content\/uploads\/2025\/08\/LEGO_10459_Box1_v29.jpg","contentUrl":"https:\/\/playwell.ee\/wp-content\/uploads\/2025\/08\/LEGO_10459_Box1_v29.jpg","width":2015,"height":1800,"caption":"10459"},{"@type":"BreadcrumbList","@id":"https:\/\/playwell.ee\/toode\/lego-duplo-10459-bluey-peremaja-malumanguga\/#breadcrumb","itemListElement":[{"@type":"ListItem","position":1,"name":"Home","item":"https:\/\/playwell.ee\/en\/"},{"@type":"ListItem","position":2,"name":"All LEGO Products","item":"https:\/\/playwell.ee\/en\/all-products\/"},{"@type":"ListItem","position":3,"name":"LEGO\u00ae DUPLO 10459 &#8211; Bluey&#8217;s Family House with Memory Game"}]},{"@type":"WebSite","@id":"https:\/\/playwell.ee\/#website","url":"https:\/\/playwell.ee\/","name":"Ehita oma maailm - klots klotsi haaval","description":"Playwell | LEGO pood Eestis","publisher":{"@id":"https:\/\/playwell.ee\/#organization"},"potentialAction":[{"@type":"SearchAction","target":{"@type":"EntryPoint","urlTemplate":"https:\/\/playwell.ee\/?s={search_term_string}"},"query-input":{"@type":"PropertyValueSpecification","valueRequired":true,"valueName":"search_term_string"}}],"inLanguage":"en-US"},{"@type":"Organization","@id":"https:\/\/playwell.ee\/#organization","name":"Playwell.ee","url":"https:\/\/playwell.ee\/","logo":{"@type":"ImageObject","inLanguage":"en-US","@id":"https:\/\/playwell.ee\/#\/schema\/logo\/image\/","url":"https:\/\/playwell.ee\/wp-content\/uploads\/2024\/06\/Logo-01-1.png","contentUrl":"https:\/\/playwell.ee\/wp-content\/uploads\/2024\/06\/Logo-01-1.png","width":2980,"height":1009,"caption":"Playwell.ee"},"image":{"@id":"https:\/\/playwell.ee\/#\/schema\/logo\/image\/"},"sameAs":["https:\/\/www.facebook.com\/profile.php?id=100091128044867"]}]}},"_links":{"self":[{"href":"https:\/\/playwell.ee\/en\/wp-json\/wp\/v2\/product\/20221","targetHints":{"allow":["GET"]}}],"collection":[{"href":"https:\/\/playwell.ee\/en\/wp-json\/wp\/v2\/product"}],"about":[{"href":"https:\/\/playwell.ee\/en\/wp-json\/wp\/v2\/types\/product"}],"wp:featuredmedia":[{"embeddable":true,"href":"https:\/\/playwell.ee\/en\/wp-json\/wp\/v2\/media\/19407"}],"wp:attachment":[{"href":"https:\/\/playwell.ee\/en\/wp-json\/wp\/v2\/media?parent=20221"}],"wp:term":[{"taxonomy":"product_brand","embeddable":true,"href":"https:\/\/playwell.ee\/en\/wp-json\/wp\/v2\/product_brand?post=20221"},{"taxonomy":"product_cat","embeddable":true,"href":"https:\/\/playwell.ee\/en\/wp-json\/wp\/v2\/product_cat?post=20221"},{"taxonomy":"product_tag","embeddable":true,"href":"https:\/\/playwell.ee\/en\/wp-json\/wp\/v2\/product_tag?post=20221"}],"curies":[{"name":"wp","href":"https:\/\/api.w.org\/{rel}","templated":true}]}}