{"id":20207,"date":"2025-08-11T19:27:07","date_gmt":"2025-08-11T17:27:07","guid":{"rendered":"https:\/\/playwell.ee\/product\/lego-creator-31168-keskaegne-hoburuutli-loss\/"},"modified":"2025-08-12T20:09:42","modified_gmt":"2025-08-12T18:09:42","slug":"lego-creator-31168-keskaegne-hoburuutli-loss","status":"publish","type":"product","link":"https:\/\/playwell.ee\/en\/product\/lego-creator-31168-keskaegne-hoburuutli-loss\/","title":{"rendered":"LEGO\u00ae Creator 31168 &#8211; Medieval Horse Knight Castle"},"content":{"rendered":"<p>Introduce kids to fun medieval action with this LEGO\u00ae Creator 3in1 Medieval Horse Knight Castle (31168) playset building toy. The detailed medieval castle toy opens at the back and is packed with cool features, including a movable drawbridge, great hall, stable, smithy, secret treasure chest, king\u2019s bedroom, writing room and 2 tower terraces.<\/p>\n<p>Boys and girls aged 9 and up have the choice of 3 different building options: an interactive castle playset, a jousting set with a small castle or a medieval town playset with a windmill. Each playset comes with 6 minifigures: a horse knight king, horse knight champion, horse knight archer, horse knight spearman, blacksmith and serpent knight, plus 2 posable horses.<\/p>\n<p>LEGO Creator 3in1 sets (sold separately) inspire kids\u2019 imaginations with 3 different playset options in every box, so they can build, rebuild and build again with a range of models that appeal to their biggest passions. Models cannot be built simultaneously. Set contains 1,371 pieces.<\/p>\n<p>3 medieval toy building options in 1 box \u2013 The LEGO\u00ae Creator 3in1 Medieval Horse Knight Castle playset building toy lets kids build and rebuild 3 different detailed models using the same bricks<br \/>\nEndless play options \u2013 Kids can role-play action-packed stories with 3 different medieval toys (models cannot be built simultaneously): a castle playset, jousting set or a town playset<br \/>\nPacked with features \u2013 Medieval castle opens at the back and features a movable drawbridge, great hall, stable, smithy, secret treasure chest, the king\u2019s bedroom and 2 tower terraces<br \/>\n6 minifigures \u2013 LEGO\u00ae set comes with 6 medieval characters: horse knight king, horse knight champion, horse knight archer, horse knight spearman, blacksmith and serpent knight, plus 2 posable horses<br \/>\nFun medieval gift for kids \u2013 3in1 toy provides an immersive build-and-play experience for kids with a passion for dreaming up medieval stories, who can then display the models in their rooms<br \/>\nA fun way to build \u2013 Let the LEGO\u00ae Builder app guide kids on an intuitive creative adventure as they save sets, track progress and zoom in and rotate models in 3D while they build<br \/>\nLEGO\u00ae Creator toys \u2013 The 3in1 transforming toy sets in the range (sold separately) let kids build 3 different models inspired by some of their biggest passions, including animals, vehicles and houses<br \/>\nMeasurements \u2013 This 1,371-piece LEGO\u00ae 3in1 building set features a medieval castle measuring over 12 in. (31 cm) high, 14 in. (36 cm) wide and 11.5 in. (30 cm) deep<\/p>\n","protected":false},"excerpt":{"rendered":"<p><strong>Free delivery for orders above 120\u20ac * All products in Estonia warehouse * Fast Delivery<\/strong><\/p>\n<ul>\n<li>Parts: 1371<\/li>\n<li>Age: 9+<\/li>\n<\/ul>\n","protected":false},"featured_media":19557,"template":"","meta":[],"product_brand":[],"product_cat":[145],"product_tag":[171],"class_list":{"0":"post-20207","1":"product","2":"type-product","3":"status-publish","4":"has-post-thumbnail","6":"product_cat-creator-3in1-en","7":"product_tag-9-en","8":"new","10":"first","11":"instock","12":"taxable","13":"shipping-taxable","14":"purchasable","15":"product-type-simple","16":"add-to-wishlist-after_add_to_cart"},"yoast_head":"<!-- This site is optimized with the Yoast SEO plugin v27.4 - https:\/\/yoast.com\/product\/yoast-seo-wordpress\/ -->\n<title>LEGO\u00ae Creator 31168 - Medieval Horse Knight Castle - Ehita oma maailm - klots klotsi haaval<\/title>\n<meta name=\"description\" content=\"Tutvusta lastele l\u00f5busat keskaegset tegevust selle LEGO\u00ae Creator 3 \u00fches keskaegse hobur\u00fc\u00fctli lossi (31168) m\u00e4ngukomplektiga\" \/>\n<meta name=\"robots\" content=\"index, follow, max-snippet:-1, max-image-preview:large, max-video-preview:-1\" \/>\n<link rel=\"canonical\" href=\"https:\/\/playwell.ee\/toode\/lego-creator-31168-keskaegne-hoburuutli-loss\/\" \/>\n<meta property=\"og:locale\" content=\"en_US\" \/>\n<meta property=\"og:type\" content=\"article\" \/>\n<meta property=\"og:title\" content=\"LEGO\u00ae Creator 31168 - Medieval Horse Knight Castle - Ehita oma maailm - klots klotsi haaval\" \/>\n<meta property=\"og:description\" content=\"Tutvusta lastele l\u00f5busat keskaegset tegevust selle LEGO\u00ae Creator 3 \u00fches keskaegse hobur\u00fc\u00fctli lossi (31168) m\u00e4ngukomplektiga\" \/>\n<meta property=\"og:url\" content=\"https:\/\/playwell.ee\/toode\/lego-creator-31168-keskaegne-hoburuutli-loss\/\" \/>\n<meta property=\"og:site_name\" content=\"Ehita oma maailm - klots klotsi haaval\" \/>\n<meta property=\"article:publisher\" content=\"https:\/\/www.facebook.com\/profile.php?id=100091128044867\" \/>\n<meta property=\"article:modified_time\" content=\"2025-08-12T18:09:42+00:00\" \/>\n<meta property=\"og:image\" content=\"https:\/\/playwell.ee\/wp-content\/uploads\/2025\/08\/LEGO_31168_Box1_v29.jpg\" \/>\n\t<meta property=\"og:image:width\" content=\"2022\" \/>\n\t<meta property=\"og:image:height\" content=\"1800\" \/>\n\t<meta property=\"og:image:type\" content=\"image\/jpeg\" \/>\n<meta name=\"twitter:card\" content=\"summary_large_image\" \/>\n<meta name=\"twitter:label1\" content=\"Est. reading time\" \/>\n\t<meta name=\"twitter:data1\" content=\"2 minutes\" \/>\n<script type=\"application\/ld+json\" class=\"yoast-schema-graph\">{\"@context\":\"https:\\\/\\\/schema.org\",\"@graph\":[{\"@type\":\"WebPage\",\"@id\":\"https:\\\/\\\/playwell.ee\\\/toode\\\/lego-creator-31168-keskaegne-hoburuutli-loss\\\/\",\"url\":\"https:\\\/\\\/playwell.ee\\\/toode\\\/lego-creator-31168-keskaegne-hoburuutli-loss\\\/\",\"name\":\"LEGO\u00ae Creator 31168 - Medieval Horse Knight Castle - Ehita oma maailm - klots klotsi haaval\",\"isPartOf\":{\"@id\":\"https:\\\/\\\/playwell.ee\\\/#website\"},\"primaryImageOfPage\":{\"@id\":\"https:\\\/\\\/playwell.ee\\\/toode\\\/lego-creator-31168-keskaegne-hoburuutli-loss\\\/#primaryimage\"},\"image\":{\"@id\":\"https:\\\/\\\/playwell.ee\\\/toode\\\/lego-creator-31168-keskaegne-hoburuutli-loss\\\/#primaryimage\"},\"thumbnailUrl\":\"https:\\\/\\\/playwell.ee\\\/wp-content\\\/uploads\\\/2025\\\/08\\\/LEGO_31168_Box1_v29.jpg\",\"datePublished\":\"2025-08-11T17:27:07+00:00\",\"dateModified\":\"2025-08-12T18:09:42+00:00\",\"description\":\"Tutvusta lastele l\u00f5busat keskaegset tegevust selle LEGO\u00ae Creator 3 \u00fches keskaegse hobur\u00fc\u00fctli lossi (31168) m\u00e4ngukomplektiga\",\"breadcrumb\":{\"@id\":\"https:\\\/\\\/playwell.ee\\\/toode\\\/lego-creator-31168-keskaegne-hoburuutli-loss\\\/#breadcrumb\"},\"inLanguage\":\"en-US\",\"potentialAction\":[{\"@type\":\"ReadAction\",\"target\":[\"https:\\\/\\\/playwell.ee\\\/toode\\\/lego-creator-31168-keskaegne-hoburuutli-loss\\\/\"]}]},{\"@type\":\"ImageObject\",\"inLanguage\":\"en-US\",\"@id\":\"https:\\\/\\\/playwell.ee\\\/toode\\\/lego-creator-31168-keskaegne-hoburuutli-loss\\\/#primaryimage\",\"url\":\"https:\\\/\\\/playwell.ee\\\/wp-content\\\/uploads\\\/2025\\\/08\\\/LEGO_31168_Box1_v29.jpg\",\"contentUrl\":\"https:\\\/\\\/playwell.ee\\\/wp-content\\\/uploads\\\/2025\\\/08\\\/LEGO_31168_Box1_v29.jpg\",\"width\":2022,\"height\":1800,\"caption\":\"31168\"},{\"@type\":\"BreadcrumbList\",\"@id\":\"https:\\\/\\\/playwell.ee\\\/toode\\\/lego-creator-31168-keskaegne-hoburuutli-loss\\\/#breadcrumb\",\"itemListElement\":[{\"@type\":\"ListItem\",\"position\":1,\"name\":\"Home\",\"item\":\"https:\\\/\\\/playwell.ee\\\/en\\\/\"},{\"@type\":\"ListItem\",\"position\":2,\"name\":\"All LEGO Products\",\"item\":\"https:\\\/\\\/playwell.ee\\\/en\\\/all-products\\\/\"},{\"@type\":\"ListItem\",\"position\":3,\"name\":\"LEGO\u00ae Creator 31168 &#8211; Medieval Horse Knight Castle\"}]},{\"@type\":\"WebSite\",\"@id\":\"https:\\\/\\\/playwell.ee\\\/#website\",\"url\":\"https:\\\/\\\/playwell.ee\\\/\",\"name\":\"Ehita oma maailm - klots klotsi haaval\",\"description\":\"Playwell | LEGO pood Eestis\",\"publisher\":{\"@id\":\"https:\\\/\\\/playwell.ee\\\/#organization\"},\"potentialAction\":[{\"@type\":\"SearchAction\",\"target\":{\"@type\":\"EntryPoint\",\"urlTemplate\":\"https:\\\/\\\/playwell.ee\\\/?s={search_term_string}\"},\"query-input\":{\"@type\":\"PropertyValueSpecification\",\"valueRequired\":true,\"valueName\":\"search_term_string\"}}],\"inLanguage\":\"en-US\"},{\"@type\":\"Organization\",\"@id\":\"https:\\\/\\\/playwell.ee\\\/#organization\",\"name\":\"Playwell.ee\",\"url\":\"https:\\\/\\\/playwell.ee\\\/\",\"logo\":{\"@type\":\"ImageObject\",\"inLanguage\":\"en-US\",\"@id\":\"https:\\\/\\\/playwell.ee\\\/#\\\/schema\\\/logo\\\/image\\\/\",\"url\":\"https:\\\/\\\/playwell.ee\\\/wp-content\\\/uploads\\\/2024\\\/06\\\/Logo-01-1.png\",\"contentUrl\":\"https:\\\/\\\/playwell.ee\\\/wp-content\\\/uploads\\\/2024\\\/06\\\/Logo-01-1.png\",\"width\":2980,\"height\":1009,\"caption\":\"Playwell.ee\"},\"image\":{\"@id\":\"https:\\\/\\\/playwell.ee\\\/#\\\/schema\\\/logo\\\/image\\\/\"},\"sameAs\":[\"https:\\\/\\\/www.facebook.com\\\/profile.php?id=100091128044867\"]}]}<\/script>\n<!-- \/ Yoast SEO plugin. -->","yoast_head_json":{"title":"LEGO\u00ae Creator 31168 - Medieval Horse Knight Castle - Ehita oma maailm - klots klotsi haaval","description":"Tutvusta lastele l\u00f5busat keskaegset tegevust selle LEGO\u00ae Creator 3 \u00fches keskaegse hobur\u00fc\u00fctli lossi (31168) m\u00e4ngukomplektiga","robots":{"index":"index","follow":"follow","max-snippet":"max-snippet:-1","max-image-preview":"max-image-preview:large","max-video-preview":"max-video-preview:-1"},"canonical":"https:\/\/playwell.ee\/toode\/lego-creator-31168-keskaegne-hoburuutli-loss\/","og_locale":"en_US","og_type":"article","og_title":"LEGO\u00ae Creator 31168 - Medieval Horse Knight Castle - Ehita oma maailm - klots klotsi haaval","og_description":"Tutvusta lastele l\u00f5busat keskaegset tegevust selle LEGO\u00ae Creator 3 \u00fches keskaegse hobur\u00fc\u00fctli lossi (31168) m\u00e4ngukomplektiga","og_url":"https:\/\/playwell.ee\/toode\/lego-creator-31168-keskaegne-hoburuutli-loss\/","og_site_name":"Ehita oma maailm - klots klotsi haaval","article_publisher":"https:\/\/www.facebook.com\/profile.php?id=100091128044867","article_modified_time":"2025-08-12T18:09:42+00:00","og_image":[{"width":2022,"height":1800,"url":"https:\/\/playwell.ee\/wp-content\/uploads\/2025\/08\/LEGO_31168_Box1_v29.jpg","type":"image\/jpeg"}],"twitter_card":"summary_large_image","twitter_misc":{"Est. reading time":"2 minutes"},"schema":{"@context":"https:\/\/schema.org","@graph":[{"@type":"WebPage","@id":"https:\/\/playwell.ee\/toode\/lego-creator-31168-keskaegne-hoburuutli-loss\/","url":"https:\/\/playwell.ee\/toode\/lego-creator-31168-keskaegne-hoburuutli-loss\/","name":"LEGO\u00ae Creator 31168 - Medieval Horse Knight Castle - Ehita oma maailm - klots klotsi haaval","isPartOf":{"@id":"https:\/\/playwell.ee\/#website"},"primaryImageOfPage":{"@id":"https:\/\/playwell.ee\/toode\/lego-creator-31168-keskaegne-hoburuutli-loss\/#primaryimage"},"image":{"@id":"https:\/\/playwell.ee\/toode\/lego-creator-31168-keskaegne-hoburuutli-loss\/#primaryimage"},"thumbnailUrl":"https:\/\/playwell.ee\/wp-content\/uploads\/2025\/08\/LEGO_31168_Box1_v29.jpg","datePublished":"2025-08-11T17:27:07+00:00","dateModified":"2025-08-12T18:09:42+00:00","description":"Tutvusta lastele l\u00f5busat keskaegset tegevust selle LEGO\u00ae Creator 3 \u00fches keskaegse hobur\u00fc\u00fctli lossi (31168) m\u00e4ngukomplektiga","breadcrumb":{"@id":"https:\/\/playwell.ee\/toode\/lego-creator-31168-keskaegne-hoburuutli-loss\/#breadcrumb"},"inLanguage":"en-US","potentialAction":[{"@type":"ReadAction","target":["https:\/\/playwell.ee\/toode\/lego-creator-31168-keskaegne-hoburuutli-loss\/"]}]},{"@type":"ImageObject","inLanguage":"en-US","@id":"https:\/\/playwell.ee\/toode\/lego-creator-31168-keskaegne-hoburuutli-loss\/#primaryimage","url":"https:\/\/playwell.ee\/wp-content\/uploads\/2025\/08\/LEGO_31168_Box1_v29.jpg","contentUrl":"https:\/\/playwell.ee\/wp-content\/uploads\/2025\/08\/LEGO_31168_Box1_v29.jpg","width":2022,"height":1800,"caption":"31168"},{"@type":"BreadcrumbList","@id":"https:\/\/playwell.ee\/toode\/lego-creator-31168-keskaegne-hoburuutli-loss\/#breadcrumb","itemListElement":[{"@type":"ListItem","position":1,"name":"Home","item":"https:\/\/playwell.ee\/en\/"},{"@type":"ListItem","position":2,"name":"All LEGO Products","item":"https:\/\/playwell.ee\/en\/all-products\/"},{"@type":"ListItem","position":3,"name":"LEGO\u00ae Creator 31168 &#8211; Medieval Horse Knight Castle"}]},{"@type":"WebSite","@id":"https:\/\/playwell.ee\/#website","url":"https:\/\/playwell.ee\/","name":"Ehita oma maailm - klots klotsi haaval","description":"Playwell | LEGO pood Eestis","publisher":{"@id":"https:\/\/playwell.ee\/#organization"},"potentialAction":[{"@type":"SearchAction","target":{"@type":"EntryPoint","urlTemplate":"https:\/\/playwell.ee\/?s={search_term_string}"},"query-input":{"@type":"PropertyValueSpecification","valueRequired":true,"valueName":"search_term_string"}}],"inLanguage":"en-US"},{"@type":"Organization","@id":"https:\/\/playwell.ee\/#organization","name":"Playwell.ee","url":"https:\/\/playwell.ee\/","logo":{"@type":"ImageObject","inLanguage":"en-US","@id":"https:\/\/playwell.ee\/#\/schema\/logo\/image\/","url":"https:\/\/playwell.ee\/wp-content\/uploads\/2024\/06\/Logo-01-1.png","contentUrl":"https:\/\/playwell.ee\/wp-content\/uploads\/2024\/06\/Logo-01-1.png","width":2980,"height":1009,"caption":"Playwell.ee"},"image":{"@id":"https:\/\/playwell.ee\/#\/schema\/logo\/image\/"},"sameAs":["https:\/\/www.facebook.com\/profile.php?id=100091128044867"]}]}},"_links":{"self":[{"href":"https:\/\/playwell.ee\/en\/wp-json\/wp\/v2\/product\/20207","targetHints":{"allow":["GET"]}}],"collection":[{"href":"https:\/\/playwell.ee\/en\/wp-json\/wp\/v2\/product"}],"about":[{"href":"https:\/\/playwell.ee\/en\/wp-json\/wp\/v2\/types\/product"}],"wp:featuredmedia":[{"embeddable":true,"href":"https:\/\/playwell.ee\/en\/wp-json\/wp\/v2\/media\/19557"}],"wp:attachment":[{"href":"https:\/\/playwell.ee\/en\/wp-json\/wp\/v2\/media?parent=20207"}],"wp:term":[{"taxonomy":"product_brand","embeddable":true,"href":"https:\/\/playwell.ee\/en\/wp-json\/wp\/v2\/product_brand?post=20207"},{"taxonomy":"product_cat","embeddable":true,"href":"https:\/\/playwell.ee\/en\/wp-json\/wp\/v2\/product_cat?post=20207"},{"taxonomy":"product_tag","embeddable":true,"href":"https:\/\/playwell.ee\/en\/wp-json\/wp\/v2\/product_tag?post=20207"}],"curies":[{"name":"wp","href":"https:\/\/api.w.org\/{rel}","templated":true}]}}