{"id":20202,"date":"2025-08-11T19:27:07","date_gmt":"2025-08-11T17:27:07","guid":{"rendered":"https:\/\/playwell.ee\/product\/lego-star-wars-75431-327-tahekorpuse-kloonsodalaste-lahingukomplekt\/"},"modified":"2025-08-11T20:44:41","modified_gmt":"2025-08-11T18:44:41","slug":"lego-star-wars-75431-327-tahekorpuse-kloonsodalaste-lahingukomplekt","status":"publish","type":"product","link":"https:\/\/playwell.ee\/en\/product\/lego-star-wars-75431-327-tahekorpuse-kloonsodalaste-lahingukomplekt\/","title":{"rendered":"LEGO\u00ae Star Wars\u2122 75431 &#8211; 327th Star Corps Clone Troopers\u2122 Battle Pack"},"content":{"rendered":"<p>Build a platoon of 327th Star Corps Clone Troopers and take on the Super Battle Droids with this LEGO\u00ae Star Wars: Revenge of the Sith\u2122 Battle Pack (75431) set for kids. It features 4 LEGO Star Wars\u2122 minifigures of Clone Troopers in their iconic 327th Star Corps outfits and 3 Super Battle Droid LEGO figures. This Star Wars buildable playset also includes an AT-RT walker with a LEGO minifigure cockpit, a stud shooter and storage for a blaster and binoculars and a stud-shooter turret for Clone Troopers, while the Super Battle Droids have a Spider Droid to inspire epic play-battles.<\/p>\n<p>A super Star Wars gift idea for boys, girls and any young fans and lovers of LEGO building aged 7 plus, this set offers a fun build and hours of action-packed play. Check out the LEGO Builder app for digital instructions and zoom and rotate viewing tools to enhance children\u2019s building experience. Set contains 258 pieces.<\/p>\n<p>LEGO\u00ae Star Wars\u2122 Battle Pack \u2013 Let kids build their own platoon of 327th Star Corps Clone Troopers and play out Star Wars: Revenge of the Sith\u2122 battles against the Super Battle Droids<br \/>\n4 LEGO\u00ae Star Wars\u2122 minifigures \u2013 4 327th Clone Troopers with a blaster pistol, 2 blasters and a blaster rifle, plus 3 Super Battle Droid LEGO figures<br \/>\nBuilt for Star Wars\u2122 battles \u2013 The set features an AT-RT walker with a LEGO\u00ae minifigure cockpit, a stud shooter and storage for a blaster and binoculars, a posable Spider Droid and stud-shooter turret<br \/>\nPart of a LEGO\u00ae Star Wars\u2122 collection \u2013 Look out for other LEGO Star Wars Battle Packs (sold separately) featuring platoons of LEGO minifigures, builds and accessories for extra action play<br \/>\nCool Star Wars\u2122 gift idea for kids aged 7 and up \u2013 This LEGO\u00ae Star Wars building toy makes a fun anytime gift for boys, girls and any young fans and lovers of LEGO building<br \/>\nInteractive digital building \u2013 Using the LEGO\u00ae Builder app, kids can zoom in, rotate and visualize a digital version of the construction models as they build<br \/>\nExplore the full range \u2013 LEGO\u00ae Star Wars\u2122 sets (sold separately) enable kids and adult Star Wars fans to relive iconic scenes, create original stories or simply display the buildable models<br \/>\nMeasurements \u2013 The AT-RT walker in this 258-piece set measures over 6 in. (15 cm) high, 3.5 in. (9 cm) long and 2 in. (5 cm) wide<\/p>\n","protected":false},"excerpt":{"rendered":"<p><strong>Free delivery for orders above 120\u20ac * All products in Estonia warehouse * Fast Delivery<\/strong><\/p>\n<ul>\n<li>Parts: 258<\/li>\n<li>Age: 7+<\/li>\n<\/ul>\n","protected":false},"featured_media":19747,"template":"","meta":[],"product_brand":[],"product_cat":[166],"product_tag":[168],"class_list":{"0":"post-20202","1":"product","2":"type-product","3":"status-publish","4":"has-post-thumbnail","6":"product_cat-star-wars-en","7":"product_tag-6-en","8":"new","10":"first","11":"instock","12":"taxable","13":"shipping-taxable","14":"purchasable","15":"product-type-simple","16":"add-to-wishlist-after_add_to_cart"},"yoast_head":"<!-- This site is optimized with the Yoast SEO plugin v27.2 - https:\/\/yoast.com\/product\/yoast-seo-wordpress\/ -->\n<title>LEGO\u00ae Star Wars\u2122 75431 - 327th Star Corps Clone Troopers\u2122 Battle Pack - Ehita oma maailm - klots klotsi haaval<\/title>\n<meta name=\"description\" content=\"Ehita 327. t\u00e4hekorpuse kloons\u00f5dalaste r\u00fchm ja astu selle abil vastu superlahingdroididele LEGO\u00ae Star Wars: Revenge of the Sith\u2122 lahingukomplektiga (75431).\" \/>\n<meta name=\"robots\" content=\"index, follow, max-snippet:-1, max-image-preview:large, max-video-preview:-1\" \/>\n<link rel=\"canonical\" href=\"https:\/\/playwell.ee\/toode\/lego-star-wars-75431-327-tahekorpuse-kloonsodalaste-lahingukomplekt\/\" \/>\n<meta property=\"og:locale\" content=\"en_US\" \/>\n<meta property=\"og:type\" content=\"article\" \/>\n<meta property=\"og:title\" content=\"LEGO\u00ae Star Wars\u2122 75431 - 327th Star Corps Clone Troopers\u2122 Battle Pack - Ehita oma maailm - klots klotsi haaval\" \/>\n<meta property=\"og:description\" content=\"Ehita 327. t\u00e4hekorpuse kloons\u00f5dalaste r\u00fchm ja astu selle abil vastu superlahingdroididele LEGO\u00ae Star Wars: Revenge of the Sith\u2122 lahingukomplektiga (75431).\" \/>\n<meta property=\"og:url\" content=\"https:\/\/playwell.ee\/toode\/lego-star-wars-75431-327-tahekorpuse-kloonsodalaste-lahingukomplekt\/\" \/>\n<meta property=\"og:site_name\" content=\"Ehita oma maailm - klots klotsi haaval\" \/>\n<meta property=\"article:publisher\" content=\"https:\/\/www.facebook.com\/profile.php?id=100091128044867\" \/>\n<meta property=\"article:modified_time\" content=\"2025-08-11T18:44:41+00:00\" \/>\n<meta property=\"og:image\" content=\"https:\/\/playwell.ee\/wp-content\/uploads\/2025\/08\/LEGO_75431_Box1_v29.jpg\" \/>\n\t<meta property=\"og:image:width\" content=\"1740\" \/>\n\t<meta property=\"og:image:height\" content=\"1800\" \/>\n\t<meta property=\"og:image:type\" content=\"image\/jpeg\" \/>\n<meta name=\"twitter:card\" content=\"summary_large_image\" \/>\n<meta name=\"twitter:label1\" content=\"Est. reading time\" \/>\n\t<meta name=\"twitter:data1\" content=\"2 minutes\" \/>\n<script type=\"application\/ld+json\" class=\"yoast-schema-graph\">{\"@context\":\"https:\/\/schema.org\",\"@graph\":[{\"@type\":\"WebPage\",\"@id\":\"https:\/\/playwell.ee\/toode\/lego-star-wars-75431-327-tahekorpuse-kloonsodalaste-lahingukomplekt\/\",\"url\":\"https:\/\/playwell.ee\/toode\/lego-star-wars-75431-327-tahekorpuse-kloonsodalaste-lahingukomplekt\/\",\"name\":\"LEGO\u00ae Star Wars\u2122 75431 - 327th Star Corps Clone Troopers\u2122 Battle Pack - Ehita oma maailm - klots klotsi haaval\",\"isPartOf\":{\"@id\":\"https:\/\/playwell.ee\/#website\"},\"primaryImageOfPage\":{\"@id\":\"https:\/\/playwell.ee\/toode\/lego-star-wars-75431-327-tahekorpuse-kloonsodalaste-lahingukomplekt\/#primaryimage\"},\"image\":{\"@id\":\"https:\/\/playwell.ee\/toode\/lego-star-wars-75431-327-tahekorpuse-kloonsodalaste-lahingukomplekt\/#primaryimage\"},\"thumbnailUrl\":\"https:\/\/playwell.ee\/wp-content\/uploads\/2025\/08\/LEGO_75431_Box1_v29.jpg\",\"datePublished\":\"2025-08-11T17:27:07+00:00\",\"dateModified\":\"2025-08-11T18:44:41+00:00\",\"description\":\"Ehita 327. t\u00e4hekorpuse kloons\u00f5dalaste r\u00fchm ja astu selle abil vastu superlahingdroididele LEGO\u00ae Star Wars: Revenge of the Sith\u2122 lahingukomplektiga (75431).\",\"breadcrumb\":{\"@id\":\"https:\/\/playwell.ee\/toode\/lego-star-wars-75431-327-tahekorpuse-kloonsodalaste-lahingukomplekt\/#breadcrumb\"},\"inLanguage\":\"en-US\",\"potentialAction\":[{\"@type\":\"ReadAction\",\"target\":[\"https:\/\/playwell.ee\/toode\/lego-star-wars-75431-327-tahekorpuse-kloonsodalaste-lahingukomplekt\/\"]}]},{\"@type\":\"ImageObject\",\"inLanguage\":\"en-US\",\"@id\":\"https:\/\/playwell.ee\/toode\/lego-star-wars-75431-327-tahekorpuse-kloonsodalaste-lahingukomplekt\/#primaryimage\",\"url\":\"https:\/\/playwell.ee\/wp-content\/uploads\/2025\/08\/LEGO_75431_Box1_v29.jpg\",\"contentUrl\":\"https:\/\/playwell.ee\/wp-content\/uploads\/2025\/08\/LEGO_75431_Box1_v29.jpg\",\"width\":1740,\"height\":1800,\"caption\":\"75431\"},{\"@type\":\"BreadcrumbList\",\"@id\":\"https:\/\/playwell.ee\/toode\/lego-star-wars-75431-327-tahekorpuse-kloonsodalaste-lahingukomplekt\/#breadcrumb\",\"itemListElement\":[{\"@type\":\"ListItem\",\"position\":1,\"name\":\"Home\",\"item\":\"https:\/\/playwell.ee\/en\/\"},{\"@type\":\"ListItem\",\"position\":2,\"name\":\"All LEGO Products\",\"item\":\"https:\/\/playwell.ee\/en\/all-products\/\"},{\"@type\":\"ListItem\",\"position\":3,\"name\":\"LEGO\u00ae Star Wars\u2122 75431 &#8211; 327th Star Corps Clone Troopers\u2122 Battle Pack\"}]},{\"@type\":\"WebSite\",\"@id\":\"https:\/\/playwell.ee\/#website\",\"url\":\"https:\/\/playwell.ee\/\",\"name\":\"Ehita oma maailm - klots klotsi haaval\",\"description\":\"Playwell | LEGO pood Eestis\",\"publisher\":{\"@id\":\"https:\/\/playwell.ee\/#organization\"},\"potentialAction\":[{\"@type\":\"SearchAction\",\"target\":{\"@type\":\"EntryPoint\",\"urlTemplate\":\"https:\/\/playwell.ee\/?s={search_term_string}\"},\"query-input\":{\"@type\":\"PropertyValueSpecification\",\"valueRequired\":true,\"valueName\":\"search_term_string\"}}],\"inLanguage\":\"en-US\"},{\"@type\":\"Organization\",\"@id\":\"https:\/\/playwell.ee\/#organization\",\"name\":\"Playwell.ee\",\"url\":\"https:\/\/playwell.ee\/\",\"logo\":{\"@type\":\"ImageObject\",\"inLanguage\":\"en-US\",\"@id\":\"https:\/\/playwell.ee\/#\/schema\/logo\/image\/\",\"url\":\"https:\/\/playwell.ee\/wp-content\/uploads\/2024\/06\/Logo-01-1.png\",\"contentUrl\":\"https:\/\/playwell.ee\/wp-content\/uploads\/2024\/06\/Logo-01-1.png\",\"width\":2980,\"height\":1009,\"caption\":\"Playwell.ee\"},\"image\":{\"@id\":\"https:\/\/playwell.ee\/#\/schema\/logo\/image\/\"},\"sameAs\":[\"https:\/\/www.facebook.com\/profile.php?id=100091128044867\"]}]}<\/script>\n<!-- \/ Yoast SEO plugin. -->","yoast_head_json":{"title":"LEGO\u00ae Star Wars\u2122 75431 - 327th Star Corps Clone Troopers\u2122 Battle Pack - Ehita oma maailm - klots klotsi haaval","description":"Ehita 327. t\u00e4hekorpuse kloons\u00f5dalaste r\u00fchm ja astu selle abil vastu superlahingdroididele LEGO\u00ae Star Wars: Revenge of the Sith\u2122 lahingukomplektiga (75431).","robots":{"index":"index","follow":"follow","max-snippet":"max-snippet:-1","max-image-preview":"max-image-preview:large","max-video-preview":"max-video-preview:-1"},"canonical":"https:\/\/playwell.ee\/toode\/lego-star-wars-75431-327-tahekorpuse-kloonsodalaste-lahingukomplekt\/","og_locale":"en_US","og_type":"article","og_title":"LEGO\u00ae Star Wars\u2122 75431 - 327th Star Corps Clone Troopers\u2122 Battle Pack - Ehita oma maailm - klots klotsi haaval","og_description":"Ehita 327. t\u00e4hekorpuse kloons\u00f5dalaste r\u00fchm ja astu selle abil vastu superlahingdroididele LEGO\u00ae Star Wars: Revenge of the Sith\u2122 lahingukomplektiga (75431).","og_url":"https:\/\/playwell.ee\/toode\/lego-star-wars-75431-327-tahekorpuse-kloonsodalaste-lahingukomplekt\/","og_site_name":"Ehita oma maailm - klots klotsi haaval","article_publisher":"https:\/\/www.facebook.com\/profile.php?id=100091128044867","article_modified_time":"2025-08-11T18:44:41+00:00","og_image":[{"width":1740,"height":1800,"url":"https:\/\/playwell.ee\/wp-content\/uploads\/2025\/08\/LEGO_75431_Box1_v29.jpg","type":"image\/jpeg"}],"twitter_card":"summary_large_image","twitter_misc":{"Est. reading time":"2 minutes"},"schema":{"@context":"https:\/\/schema.org","@graph":[{"@type":"WebPage","@id":"https:\/\/playwell.ee\/toode\/lego-star-wars-75431-327-tahekorpuse-kloonsodalaste-lahingukomplekt\/","url":"https:\/\/playwell.ee\/toode\/lego-star-wars-75431-327-tahekorpuse-kloonsodalaste-lahingukomplekt\/","name":"LEGO\u00ae Star Wars\u2122 75431 - 327th Star Corps Clone Troopers\u2122 Battle Pack - Ehita oma maailm - klots klotsi haaval","isPartOf":{"@id":"https:\/\/playwell.ee\/#website"},"primaryImageOfPage":{"@id":"https:\/\/playwell.ee\/toode\/lego-star-wars-75431-327-tahekorpuse-kloonsodalaste-lahingukomplekt\/#primaryimage"},"image":{"@id":"https:\/\/playwell.ee\/toode\/lego-star-wars-75431-327-tahekorpuse-kloonsodalaste-lahingukomplekt\/#primaryimage"},"thumbnailUrl":"https:\/\/playwell.ee\/wp-content\/uploads\/2025\/08\/LEGO_75431_Box1_v29.jpg","datePublished":"2025-08-11T17:27:07+00:00","dateModified":"2025-08-11T18:44:41+00:00","description":"Ehita 327. t\u00e4hekorpuse kloons\u00f5dalaste r\u00fchm ja astu selle abil vastu superlahingdroididele LEGO\u00ae Star Wars: Revenge of the Sith\u2122 lahingukomplektiga (75431).","breadcrumb":{"@id":"https:\/\/playwell.ee\/toode\/lego-star-wars-75431-327-tahekorpuse-kloonsodalaste-lahingukomplekt\/#breadcrumb"},"inLanguage":"en-US","potentialAction":[{"@type":"ReadAction","target":["https:\/\/playwell.ee\/toode\/lego-star-wars-75431-327-tahekorpuse-kloonsodalaste-lahingukomplekt\/"]}]},{"@type":"ImageObject","inLanguage":"en-US","@id":"https:\/\/playwell.ee\/toode\/lego-star-wars-75431-327-tahekorpuse-kloonsodalaste-lahingukomplekt\/#primaryimage","url":"https:\/\/playwell.ee\/wp-content\/uploads\/2025\/08\/LEGO_75431_Box1_v29.jpg","contentUrl":"https:\/\/playwell.ee\/wp-content\/uploads\/2025\/08\/LEGO_75431_Box1_v29.jpg","width":1740,"height":1800,"caption":"75431"},{"@type":"BreadcrumbList","@id":"https:\/\/playwell.ee\/toode\/lego-star-wars-75431-327-tahekorpuse-kloonsodalaste-lahingukomplekt\/#breadcrumb","itemListElement":[{"@type":"ListItem","position":1,"name":"Home","item":"https:\/\/playwell.ee\/en\/"},{"@type":"ListItem","position":2,"name":"All LEGO Products","item":"https:\/\/playwell.ee\/en\/all-products\/"},{"@type":"ListItem","position":3,"name":"LEGO\u00ae Star Wars\u2122 75431 &#8211; 327th Star Corps Clone Troopers\u2122 Battle Pack"}]},{"@type":"WebSite","@id":"https:\/\/playwell.ee\/#website","url":"https:\/\/playwell.ee\/","name":"Ehita oma maailm - klots klotsi haaval","description":"Playwell | LEGO pood Eestis","publisher":{"@id":"https:\/\/playwell.ee\/#organization"},"potentialAction":[{"@type":"SearchAction","target":{"@type":"EntryPoint","urlTemplate":"https:\/\/playwell.ee\/?s={search_term_string}"},"query-input":{"@type":"PropertyValueSpecification","valueRequired":true,"valueName":"search_term_string"}}],"inLanguage":"en-US"},{"@type":"Organization","@id":"https:\/\/playwell.ee\/#organization","name":"Playwell.ee","url":"https:\/\/playwell.ee\/","logo":{"@type":"ImageObject","inLanguage":"en-US","@id":"https:\/\/playwell.ee\/#\/schema\/logo\/image\/","url":"https:\/\/playwell.ee\/wp-content\/uploads\/2024\/06\/Logo-01-1.png","contentUrl":"https:\/\/playwell.ee\/wp-content\/uploads\/2024\/06\/Logo-01-1.png","width":2980,"height":1009,"caption":"Playwell.ee"},"image":{"@id":"https:\/\/playwell.ee\/#\/schema\/logo\/image\/"},"sameAs":["https:\/\/www.facebook.com\/profile.php?id=100091128044867"]}]}},"_links":{"self":[{"href":"https:\/\/playwell.ee\/en\/wp-json\/wp\/v2\/product\/20202","targetHints":{"allow":["GET"]}}],"collection":[{"href":"https:\/\/playwell.ee\/en\/wp-json\/wp\/v2\/product"}],"about":[{"href":"https:\/\/playwell.ee\/en\/wp-json\/wp\/v2\/types\/product"}],"wp:featuredmedia":[{"embeddable":true,"href":"https:\/\/playwell.ee\/en\/wp-json\/wp\/v2\/media\/19747"}],"wp:attachment":[{"href":"https:\/\/playwell.ee\/en\/wp-json\/wp\/v2\/media?parent=20202"}],"wp:term":[{"taxonomy":"product_brand","embeddable":true,"href":"https:\/\/playwell.ee\/en\/wp-json\/wp\/v2\/product_brand?post=20202"},{"taxonomy":"product_cat","embeddable":true,"href":"https:\/\/playwell.ee\/en\/wp-json\/wp\/v2\/product_cat?post=20202"},{"taxonomy":"product_tag","embeddable":true,"href":"https:\/\/playwell.ee\/en\/wp-json\/wp\/v2\/product_tag?post=20202"}],"curies":[{"name":"wp","href":"https:\/\/api.w.org\/{rel}","templated":true}]}}