{"id":20200,"date":"2025-08-11T19:27:07","date_gmt":"2025-08-11T17:27:07","guid":{"rendered":"https:\/\/playwell.ee\/product\/lego-star-wars-75414-the-force-burner-snowspeeder\/"},"modified":"2025-08-11T20:44:41","modified_gmt":"2025-08-11T18:44:41","slug":"lego-star-wars-75414-the-force-burner-snowspeeder","status":"publish","type":"product","link":"https:\/\/playwell.ee\/en\/product\/lego-star-wars-75414-the-force-burner-snowspeeder\/","title":{"rendered":"LEGO\u00ae Star Wars\u2122 75414 &#8211; The Force Burner Snowspeeder\u2122"},"content":{"rendered":"<p>Valmistu kiireks m\u00e4rulim\u00e4nguks The Force Burner Snowspeederiga (75414). Parim T\u00e4hes\u00f5dade\u2122 kingiidee poistele, t\u00fcdrukutele ja k\u00f5igile 7-aastastele ja vanematele f\u00e4nnidele \u2013 see kogutav ehitusm\u00e4nguasi lastele taaselustab ainulaadse Snowspeederi autentseid funktsioone LEGO\u00ae Star Wars: Rebuild the Galaxy\u2122 2. hooajast. Sellel on pilkup\u00fc\u00fcdvad leegikleebised, avatav topeltkokpit koos peidetud eemaldatava kiirrattaga ja tagumine nupsukahur. Vajuta alla kokpiti tagaosas olevat istet (v\u00f5i selles istuva LEGO minifiguuri pead), et kiirratas vabastada.<\/p>\n<p>See kokkupandav m\u00e4ngukomplekt sisaldab ka k\u00f5igi aegade esimest LEGO T\u00e4hes\u00f5dade Sig Greeblingi, Darth Devi ja Solituse minifiguure. Iga tegelane on varustatud valgusm\u00f5\u00f5gaga, sealhulgas Solitus ketiga topeltvalgusm\u00f5\u00f5gaga, lisaks on Solitusel lahingum\u00e4nguks ka lahe STAP. Komplektis on 349 osa.<\/p>\n<p>Ainulaadne Snowspeederi ehitusm\u00e4nguasi lastele \u2013 anna kuuma The Force Burner Snowspeederiga, mida saab n\u00e4ha LEGO\u00ae Star Wars: Rebuild the Galaxy\u2122 Disney+ sarja 2. hooajas<br \/>\n3 LEGO\u00ae T\u00e4hes\u00f5dade\u2122 minifiguuri \u2013 Sig Greebling valgusm\u00f5\u00f5gaga, Darth Dev valgusm\u00f5\u00f5gaga ja Solitus, kellel on ketiga topeltvalgusm\u00f5\u00f5k<br \/>\nKaks LEGO\u00ae T\u00e4hes\u00f5dade\u2122 s\u00f5idukit \u00fches \u2013 The Force Burner Snowspeederil on leegikleebised, avanev topeltkokpit koos peidetud eemaldatava kiirrattaga ja tagumine nupsukahur<br \/>\nSTAP \u2013 LEGO\u00ae T\u00e4hes\u00f5dade\u2122 komplektis on ka kokkupandav STAP Solituse jaoks, et lisada p\u00f5nevusm\u00e4ngu v\u00f5imalusi<br \/>\nT\u00e4hes\u00f5dade\u2122 kingitus alates 7-aastastele lastele \u2013 see kvaliteetne LEGO\u00ae T\u00e4hes\u00f5dade kokkupandav m\u00e4ngukomplekt on suurep\u00e4rane kingitus poistele, t\u00fcdrukutele ja k\u00f5igile Star Wars: Rebuild the Galaxy\u2122 f\u00e4nnidele<br \/>\nIntuitiivsed juhised \u2013 LEGO\u00ae Builderi rakenduse abil saavad lapsed ehitamise ajal selle ehitusmudeli digitaalset versiooni suumida, p\u00f6\u00f6rata ja visualiseerida, oma edenemist j\u00e4lgida ja komplekte salvestada<br \/>\nTutvu kogu tootevalikuga \u2013 LEGO\u00ae T\u00e4hes\u00f5dade\u2122 kogutavad komplektid v\u00f5imaldavad lastel ja t\u00e4iskasvanud T\u00e4hes\u00f5dade f\u00e4nnidel taaselustada klassikalisi stseene, luua uusi seiklusi v\u00f5i lihtsalt esitleda kokkupandavaid mudeleid<br \/>\nM\u00f5\u00f5tmed \u2013 selle 349-osalise ehituskomplekti Force Burner Snowspeeder on 5 cm k\u00f5rge, 17 cm pikk ja 13 cm lai<\/p>\n","protected":false},"excerpt":{"rendered":"<p><strong>Free delivery for orders above 120\u20ac * All products in Estonia warehouse * Fast Delivery<\/strong><\/p>\n<ul>\n<li>Parts: 349<\/li>\n<li>Age: 7+<\/li>\n<\/ul>\n","protected":false},"featured_media":19717,"template":"","meta":[],"product_brand":[],"product_cat":[166],"product_tag":[168],"class_list":{"0":"post-20200","1":"product","2":"type-product","3":"status-publish","4":"has-post-thumbnail","6":"product_cat-star-wars-en","7":"product_tag-6-en","8":"new","10":"first","11":"instock","12":"taxable","13":"shipping-taxable","14":"purchasable","15":"product-type-simple","16":"add-to-wishlist-after_add_to_cart"},"yoast_head":"<!-- This site is optimized with the Yoast SEO plugin v27.4 - https:\/\/yoast.com\/product\/yoast-seo-wordpress\/ -->\n<title>LEGO\u00ae Star Wars\u2122 75414 - The Force Burner Snowspeeder\u2122 - Ehita oma maailm - klots klotsi haaval<\/title>\n<meta name=\"description\" content=\"Valmistu kiireks m\u00e4rulim\u00e4nguks The Force Burner Snowspeederiga (75414)\" \/>\n<meta name=\"robots\" content=\"index, follow, max-snippet:-1, max-image-preview:large, max-video-preview:-1\" \/>\n<link rel=\"canonical\" href=\"https:\/\/playwell.ee\/toode\/lego-star-wars-75414-the-force-burner-snowspeeder\/\" \/>\n<meta property=\"og:locale\" content=\"en_US\" \/>\n<meta property=\"og:type\" content=\"article\" \/>\n<meta property=\"og:title\" content=\"LEGO\u00ae Star Wars\u2122 75414 - The Force Burner Snowspeeder\u2122 - Ehita oma maailm - klots klotsi haaval\" \/>\n<meta property=\"og:description\" content=\"Valmistu kiireks m\u00e4rulim\u00e4nguks The Force Burner Snowspeederiga (75414)\" \/>\n<meta property=\"og:url\" content=\"https:\/\/playwell.ee\/toode\/lego-star-wars-75414-the-force-burner-snowspeeder\/\" \/>\n<meta property=\"og:site_name\" content=\"Ehita oma maailm - klots klotsi haaval\" \/>\n<meta property=\"article:publisher\" content=\"https:\/\/www.facebook.com\/profile.php?id=100091128044867\" \/>\n<meta property=\"article:modified_time\" content=\"2025-08-11T18:44:41+00:00\" \/>\n<meta property=\"og:image\" content=\"https:\/\/playwell.ee\/wp-content\/uploads\/2025\/08\/LEGO_75414_Box1_v29.jpg\" \/>\n\t<meta property=\"og:image:width\" content=\"2151\" \/>\n\t<meta property=\"og:image:height\" content=\"1800\" \/>\n\t<meta property=\"og:image:type\" content=\"image\/jpeg\" \/>\n<meta name=\"twitter:card\" content=\"summary_large_image\" \/>\n<meta name=\"twitter:label1\" content=\"Est. reading time\" \/>\n\t<meta name=\"twitter:data1\" content=\"2 minutes\" \/>\n<script type=\"application\/ld+json\" class=\"yoast-schema-graph\">{\"@context\":\"https:\\\/\\\/schema.org\",\"@graph\":[{\"@type\":\"WebPage\",\"@id\":\"https:\\\/\\\/playwell.ee\\\/toode\\\/lego-star-wars-75414-the-force-burner-snowspeeder\\\/\",\"url\":\"https:\\\/\\\/playwell.ee\\\/toode\\\/lego-star-wars-75414-the-force-burner-snowspeeder\\\/\",\"name\":\"LEGO\u00ae Star Wars\u2122 75414 - The Force Burner Snowspeeder\u2122 - Ehita oma maailm - klots klotsi haaval\",\"isPartOf\":{\"@id\":\"https:\\\/\\\/playwell.ee\\\/#website\"},\"primaryImageOfPage\":{\"@id\":\"https:\\\/\\\/playwell.ee\\\/toode\\\/lego-star-wars-75414-the-force-burner-snowspeeder\\\/#primaryimage\"},\"image\":{\"@id\":\"https:\\\/\\\/playwell.ee\\\/toode\\\/lego-star-wars-75414-the-force-burner-snowspeeder\\\/#primaryimage\"},\"thumbnailUrl\":\"https:\\\/\\\/playwell.ee\\\/wp-content\\\/uploads\\\/2025\\\/08\\\/LEGO_75414_Box1_v29.jpg\",\"datePublished\":\"2025-08-11T17:27:07+00:00\",\"dateModified\":\"2025-08-11T18:44:41+00:00\",\"description\":\"Valmistu kiireks m\u00e4rulim\u00e4nguks The Force Burner Snowspeederiga (75414)\",\"breadcrumb\":{\"@id\":\"https:\\\/\\\/playwell.ee\\\/toode\\\/lego-star-wars-75414-the-force-burner-snowspeeder\\\/#breadcrumb\"},\"inLanguage\":\"en-US\",\"potentialAction\":[{\"@type\":\"ReadAction\",\"target\":[\"https:\\\/\\\/playwell.ee\\\/toode\\\/lego-star-wars-75414-the-force-burner-snowspeeder\\\/\"]}]},{\"@type\":\"ImageObject\",\"inLanguage\":\"en-US\",\"@id\":\"https:\\\/\\\/playwell.ee\\\/toode\\\/lego-star-wars-75414-the-force-burner-snowspeeder\\\/#primaryimage\",\"url\":\"https:\\\/\\\/playwell.ee\\\/wp-content\\\/uploads\\\/2025\\\/08\\\/LEGO_75414_Box1_v29.jpg\",\"contentUrl\":\"https:\\\/\\\/playwell.ee\\\/wp-content\\\/uploads\\\/2025\\\/08\\\/LEGO_75414_Box1_v29.jpg\",\"width\":2151,\"height\":1800,\"caption\":\"75414\"},{\"@type\":\"BreadcrumbList\",\"@id\":\"https:\\\/\\\/playwell.ee\\\/toode\\\/lego-star-wars-75414-the-force-burner-snowspeeder\\\/#breadcrumb\",\"itemListElement\":[{\"@type\":\"ListItem\",\"position\":1,\"name\":\"Home\",\"item\":\"https:\\\/\\\/playwell.ee\\\/en\\\/\"},{\"@type\":\"ListItem\",\"position\":2,\"name\":\"All LEGO Products\",\"item\":\"https:\\\/\\\/playwell.ee\\\/en\\\/all-products\\\/\"},{\"@type\":\"ListItem\",\"position\":3,\"name\":\"LEGO\u00ae Star Wars\u2122 75414 &#8211; The Force Burner Snowspeeder\u2122\"}]},{\"@type\":\"WebSite\",\"@id\":\"https:\\\/\\\/playwell.ee\\\/#website\",\"url\":\"https:\\\/\\\/playwell.ee\\\/\",\"name\":\"Ehita oma maailm - klots klotsi haaval\",\"description\":\"Playwell | LEGO pood Eestis\",\"publisher\":{\"@id\":\"https:\\\/\\\/playwell.ee\\\/#organization\"},\"potentialAction\":[{\"@type\":\"SearchAction\",\"target\":{\"@type\":\"EntryPoint\",\"urlTemplate\":\"https:\\\/\\\/playwell.ee\\\/?s={search_term_string}\"},\"query-input\":{\"@type\":\"PropertyValueSpecification\",\"valueRequired\":true,\"valueName\":\"search_term_string\"}}],\"inLanguage\":\"en-US\"},{\"@type\":\"Organization\",\"@id\":\"https:\\\/\\\/playwell.ee\\\/#organization\",\"name\":\"Playwell.ee\",\"url\":\"https:\\\/\\\/playwell.ee\\\/\",\"logo\":{\"@type\":\"ImageObject\",\"inLanguage\":\"en-US\",\"@id\":\"https:\\\/\\\/playwell.ee\\\/#\\\/schema\\\/logo\\\/image\\\/\",\"url\":\"https:\\\/\\\/playwell.ee\\\/wp-content\\\/uploads\\\/2024\\\/06\\\/Logo-01-1.png\",\"contentUrl\":\"https:\\\/\\\/playwell.ee\\\/wp-content\\\/uploads\\\/2024\\\/06\\\/Logo-01-1.png\",\"width\":2980,\"height\":1009,\"caption\":\"Playwell.ee\"},\"image\":{\"@id\":\"https:\\\/\\\/playwell.ee\\\/#\\\/schema\\\/logo\\\/image\\\/\"},\"sameAs\":[\"https:\\\/\\\/www.facebook.com\\\/profile.php?id=100091128044867\"]}]}<\/script>\n<!-- \/ Yoast SEO plugin. -->","yoast_head_json":{"title":"LEGO\u00ae Star Wars\u2122 75414 - The Force Burner Snowspeeder\u2122 - Ehita oma maailm - klots klotsi haaval","description":"Valmistu kiireks m\u00e4rulim\u00e4nguks The Force Burner Snowspeederiga (75414)","robots":{"index":"index","follow":"follow","max-snippet":"max-snippet:-1","max-image-preview":"max-image-preview:large","max-video-preview":"max-video-preview:-1"},"canonical":"https:\/\/playwell.ee\/toode\/lego-star-wars-75414-the-force-burner-snowspeeder\/","og_locale":"en_US","og_type":"article","og_title":"LEGO\u00ae Star Wars\u2122 75414 - The Force Burner Snowspeeder\u2122 - Ehita oma maailm - klots klotsi haaval","og_description":"Valmistu kiireks m\u00e4rulim\u00e4nguks The Force Burner Snowspeederiga (75414)","og_url":"https:\/\/playwell.ee\/toode\/lego-star-wars-75414-the-force-burner-snowspeeder\/","og_site_name":"Ehita oma maailm - klots klotsi haaval","article_publisher":"https:\/\/www.facebook.com\/profile.php?id=100091128044867","article_modified_time":"2025-08-11T18:44:41+00:00","og_image":[{"width":2151,"height":1800,"url":"https:\/\/playwell.ee\/wp-content\/uploads\/2025\/08\/LEGO_75414_Box1_v29.jpg","type":"image\/jpeg"}],"twitter_card":"summary_large_image","twitter_misc":{"Est. reading time":"2 minutes"},"schema":{"@context":"https:\/\/schema.org","@graph":[{"@type":"WebPage","@id":"https:\/\/playwell.ee\/toode\/lego-star-wars-75414-the-force-burner-snowspeeder\/","url":"https:\/\/playwell.ee\/toode\/lego-star-wars-75414-the-force-burner-snowspeeder\/","name":"LEGO\u00ae Star Wars\u2122 75414 - The Force Burner Snowspeeder\u2122 - Ehita oma maailm - klots klotsi haaval","isPartOf":{"@id":"https:\/\/playwell.ee\/#website"},"primaryImageOfPage":{"@id":"https:\/\/playwell.ee\/toode\/lego-star-wars-75414-the-force-burner-snowspeeder\/#primaryimage"},"image":{"@id":"https:\/\/playwell.ee\/toode\/lego-star-wars-75414-the-force-burner-snowspeeder\/#primaryimage"},"thumbnailUrl":"https:\/\/playwell.ee\/wp-content\/uploads\/2025\/08\/LEGO_75414_Box1_v29.jpg","datePublished":"2025-08-11T17:27:07+00:00","dateModified":"2025-08-11T18:44:41+00:00","description":"Valmistu kiireks m\u00e4rulim\u00e4nguks The Force Burner Snowspeederiga (75414)","breadcrumb":{"@id":"https:\/\/playwell.ee\/toode\/lego-star-wars-75414-the-force-burner-snowspeeder\/#breadcrumb"},"inLanguage":"en-US","potentialAction":[{"@type":"ReadAction","target":["https:\/\/playwell.ee\/toode\/lego-star-wars-75414-the-force-burner-snowspeeder\/"]}]},{"@type":"ImageObject","inLanguage":"en-US","@id":"https:\/\/playwell.ee\/toode\/lego-star-wars-75414-the-force-burner-snowspeeder\/#primaryimage","url":"https:\/\/playwell.ee\/wp-content\/uploads\/2025\/08\/LEGO_75414_Box1_v29.jpg","contentUrl":"https:\/\/playwell.ee\/wp-content\/uploads\/2025\/08\/LEGO_75414_Box1_v29.jpg","width":2151,"height":1800,"caption":"75414"},{"@type":"BreadcrumbList","@id":"https:\/\/playwell.ee\/toode\/lego-star-wars-75414-the-force-burner-snowspeeder\/#breadcrumb","itemListElement":[{"@type":"ListItem","position":1,"name":"Home","item":"https:\/\/playwell.ee\/en\/"},{"@type":"ListItem","position":2,"name":"All LEGO Products","item":"https:\/\/playwell.ee\/en\/all-products\/"},{"@type":"ListItem","position":3,"name":"LEGO\u00ae Star Wars\u2122 75414 &#8211; The Force Burner Snowspeeder\u2122"}]},{"@type":"WebSite","@id":"https:\/\/playwell.ee\/#website","url":"https:\/\/playwell.ee\/","name":"Ehita oma maailm - klots klotsi haaval","description":"Playwell | LEGO pood Eestis","publisher":{"@id":"https:\/\/playwell.ee\/#organization"},"potentialAction":[{"@type":"SearchAction","target":{"@type":"EntryPoint","urlTemplate":"https:\/\/playwell.ee\/?s={search_term_string}"},"query-input":{"@type":"PropertyValueSpecification","valueRequired":true,"valueName":"search_term_string"}}],"inLanguage":"en-US"},{"@type":"Organization","@id":"https:\/\/playwell.ee\/#organization","name":"Playwell.ee","url":"https:\/\/playwell.ee\/","logo":{"@type":"ImageObject","inLanguage":"en-US","@id":"https:\/\/playwell.ee\/#\/schema\/logo\/image\/","url":"https:\/\/playwell.ee\/wp-content\/uploads\/2024\/06\/Logo-01-1.png","contentUrl":"https:\/\/playwell.ee\/wp-content\/uploads\/2024\/06\/Logo-01-1.png","width":2980,"height":1009,"caption":"Playwell.ee"},"image":{"@id":"https:\/\/playwell.ee\/#\/schema\/logo\/image\/"},"sameAs":["https:\/\/www.facebook.com\/profile.php?id=100091128044867"]}]}},"_links":{"self":[{"href":"https:\/\/playwell.ee\/en\/wp-json\/wp\/v2\/product\/20200","targetHints":{"allow":["GET"]}}],"collection":[{"href":"https:\/\/playwell.ee\/en\/wp-json\/wp\/v2\/product"}],"about":[{"href":"https:\/\/playwell.ee\/en\/wp-json\/wp\/v2\/types\/product"}],"wp:featuredmedia":[{"embeddable":true,"href":"https:\/\/playwell.ee\/en\/wp-json\/wp\/v2\/media\/19717"}],"wp:attachment":[{"href":"https:\/\/playwell.ee\/en\/wp-json\/wp\/v2\/media?parent=20200"}],"wp:term":[{"taxonomy":"product_brand","embeddable":true,"href":"https:\/\/playwell.ee\/en\/wp-json\/wp\/v2\/product_brand?post=20200"},{"taxonomy":"product_cat","embeddable":true,"href":"https:\/\/playwell.ee\/en\/wp-json\/wp\/v2\/product_cat?post=20200"},{"taxonomy":"product_tag","embeddable":true,"href":"https:\/\/playwell.ee\/en\/wp-json\/wp\/v2\/product_tag?post=20200"}],"curies":[{"name":"wp","href":"https:\/\/api.w.org\/{rel}","templated":true}]}}