{"id":20190,"date":"2025-08-11T19:27:08","date_gmt":"2025-08-11T17:27:08","guid":{"rendered":"https:\/\/playwell.ee\/product\/lego-star-wars-75432-tahevoitleja-v-19-torrent\/"},"modified":"2025-08-11T20:44:40","modified_gmt":"2025-08-11T18:44:40","slug":"lego-star-wars-75432-tahevoitleja-v-19-torrent","status":"publish","type":"product","link":"https:\/\/playwell.ee\/en\/product\/lego-star-wars-75432-tahevoitleja-v-19-torrent\/","title":{"rendered":"LEGO\u00ae Star Wars\u2122 75432 &#8211; V-19 Torrent Starfighter"},"content":{"rendered":"<p>Team up with hero character General Obi-Wan Kenobi against Asajj Ventress, and swoosh into LEGO\u00ae Star Wars: The Clone Wars\u2122 action with the V-19 Torrent Starfighter building toy for kids (75432). An awesome Star Wars\u2122 gift idea for boys, girls and any fans aged 9 and over, the starfighter features 2 stud shooters and adjustable wings for flight and landing modes. The central wing can also be used as a handle for \u2018flying\u2019.<\/p>\n<p>The buildable vehicle playset features 3 LEGO Star Wars minifigures, including Asajj Ventress with 2 red Lightsabers\u2122 with special curved hilts and General Obi-Wan Kenobi with a blue Lightsaber\u2122 for action-packed duels.<\/p>\n<p>Enhance kids\u2019 creative experience with the LEGO Builder app, which lets them zoom in and rotate a digital 3D version of the Star Wars starfighter as they build.<\/p>\n<p>The vehicle and characters in this set can be used with other LEGO Star Wars building toys (sold separately) for extra fantasy battle play possibilities. Set contains 567 pieces.<\/p>\n<p>LEGO\u00ae Star Wars: The Clone Wars\u2122 starfighter \u2013 Join a hero character on thrilling missions with this detailed V-19 Torrent Starfighter building toy for kids<br \/>\n3 LEGO\u00ae Star Wars\u2122 minifigures \u2013 Asajj Ventress with 2 red Lightsabers\u2122 with curved hilts, General Obi-Wan Kenobi with a blue Lightsaber\u2122 and a Clone Pilot with a blaster pistol<br \/>\nLEGO\u00ae brick-built Star Wars\u2122 starfighter \u2013 Features an opening cockpit, adjustable wings for flight and landing modes and 2 stud shooters for fantasy battle play<br \/>\nReady for action \u2013 Fold down the 3 wings and use the central wing underneath the starfighter as a handle to \u2019fly\u2019 it<br \/>\nLEGO\u00ae Star Wars\u2122 gift idea for boys, girls and any fans aged 9 and up \u2013 Gift this high-quality buildable starship playset to kids and any Star Wars: The Clone Wars\u2122 fans<br \/>\nA fun way to build \u2013 The LEGO\u00ae Builder app guides kids on an intuitive building adventure where they can rotate a 3D digital version of their construction models as they build, and more<br \/>\nExplore the assortment \u2013 LEGO\u00ae Star Wars\u2122 sets (sold separately) enable kids and adult Star Wars fans to relive classic scenes, create new stories or simply display the buildable models<br \/>\nBuild, play and display \u2013 The LEGO\u00ae Star Wars\u2122 vehicle in this 567-piece buildable playset measures over 6 in. (15 cm) high, 8 in. (20 cm) long and 5.5 in. (14 cm) wide<\/p>\n","protected":false},"excerpt":{"rendered":"<p><strong>Free delivery for orders above 120\u20ac * All products in Estonia warehouse * Fast Delivery<\/strong><\/p>\n<ul>\n<li>Parts: 567<\/li>\n<li>Age: 9+<\/li>\n<\/ul>\n","protected":false},"featured_media":19773,"template":"","meta":[],"product_brand":[],"product_cat":[166],"product_tag":[171],"class_list":{"0":"post-20190","1":"product","2":"type-product","3":"status-publish","4":"has-post-thumbnail","6":"product_cat-star-wars-en","7":"product_tag-9-en","8":"new","10":"first","11":"instock","12":"taxable","13":"shipping-taxable","14":"purchasable","15":"product-type-simple","16":"add-to-wishlist-after_add_to_cart"},"yoast_head":"<!-- This site is optimized with the Yoast SEO plugin v27.4 - https:\/\/yoast.com\/product\/yoast-seo-wordpress\/ -->\n<title>LEGO\u00ae Star Wars\u2122 75432 - V-19 Torrent Starfighter - Ehita oma maailm - klots klotsi haaval<\/title>\n<meta name=\"description\" content=\"\u00dchine kangelase kindral Obi-Wan Kenobiga Asajj Ventressi vastu ja s\u00f6\u00f6sta LEGO\u00ae Star Wars: The Clone Wars\u2122-i m\u00e4rulisse selle lastele m\u00f5eldud ehitusm\u00e4nguasjaga T\u00e4hev\u00f5itleja V-19 Torrent (75432)\" \/>\n<meta name=\"robots\" content=\"index, follow, max-snippet:-1, max-image-preview:large, max-video-preview:-1\" \/>\n<link rel=\"canonical\" href=\"https:\/\/playwell.ee\/toode\/lego-star-wars-75432-tahevoitleja-v-19-torrent\/\" \/>\n<meta property=\"og:locale\" content=\"en_US\" \/>\n<meta property=\"og:type\" content=\"article\" \/>\n<meta property=\"og:title\" content=\"LEGO\u00ae Star Wars\u2122 75432 - V-19 Torrent Starfighter - Ehita oma maailm - klots klotsi haaval\" \/>\n<meta property=\"og:description\" content=\"\u00dchine kangelase kindral Obi-Wan Kenobiga Asajj Ventressi vastu ja s\u00f6\u00f6sta LEGO\u00ae Star Wars: The Clone Wars\u2122-i m\u00e4rulisse selle lastele m\u00f5eldud ehitusm\u00e4nguasjaga T\u00e4hev\u00f5itleja V-19 Torrent (75432)\" \/>\n<meta property=\"og:url\" content=\"https:\/\/playwell.ee\/toode\/lego-star-wars-75432-tahevoitleja-v-19-torrent\/\" \/>\n<meta property=\"og:site_name\" content=\"Ehita oma maailm - klots klotsi haaval\" \/>\n<meta property=\"article:publisher\" content=\"https:\/\/www.facebook.com\/profile.php?id=100091128044867\" \/>\n<meta property=\"article:modified_time\" content=\"2025-08-11T18:44:40+00:00\" \/>\n<meta property=\"og:image\" content=\"https:\/\/playwell.ee\/wp-content\/uploads\/2025\/08\/LEGO_75432_Box1_v29.jpg\" \/>\n\t<meta property=\"og:image:width\" content=\"1765\" \/>\n\t<meta property=\"og:image:height\" content=\"1800\" \/>\n\t<meta property=\"og:image:type\" content=\"image\/jpeg\" \/>\n<meta name=\"twitter:card\" content=\"summary_large_image\" \/>\n<meta name=\"twitter:label1\" content=\"Est. reading time\" \/>\n\t<meta name=\"twitter:data1\" content=\"2 minutes\" \/>\n<script type=\"application\/ld+json\" class=\"yoast-schema-graph\">{\"@context\":\"https:\\\/\\\/schema.org\",\"@graph\":[{\"@type\":\"WebPage\",\"@id\":\"https:\\\/\\\/playwell.ee\\\/toode\\\/lego-star-wars-75432-tahevoitleja-v-19-torrent\\\/\",\"url\":\"https:\\\/\\\/playwell.ee\\\/toode\\\/lego-star-wars-75432-tahevoitleja-v-19-torrent\\\/\",\"name\":\"LEGO\u00ae Star Wars\u2122 75432 - V-19 Torrent Starfighter - Ehita oma maailm - klots klotsi haaval\",\"isPartOf\":{\"@id\":\"https:\\\/\\\/playwell.ee\\\/#website\"},\"primaryImageOfPage\":{\"@id\":\"https:\\\/\\\/playwell.ee\\\/toode\\\/lego-star-wars-75432-tahevoitleja-v-19-torrent\\\/#primaryimage\"},\"image\":{\"@id\":\"https:\\\/\\\/playwell.ee\\\/toode\\\/lego-star-wars-75432-tahevoitleja-v-19-torrent\\\/#primaryimage\"},\"thumbnailUrl\":\"https:\\\/\\\/playwell.ee\\\/wp-content\\\/uploads\\\/2025\\\/08\\\/LEGO_75432_Box1_v29.jpg\",\"datePublished\":\"2025-08-11T17:27:08+00:00\",\"dateModified\":\"2025-08-11T18:44:40+00:00\",\"description\":\"\u00dchine kangelase kindral Obi-Wan Kenobiga Asajj Ventressi vastu ja s\u00f6\u00f6sta LEGO\u00ae Star Wars: The Clone Wars\u2122-i m\u00e4rulisse selle lastele m\u00f5eldud ehitusm\u00e4nguasjaga T\u00e4hev\u00f5itleja V-19 Torrent (75432)\",\"breadcrumb\":{\"@id\":\"https:\\\/\\\/playwell.ee\\\/toode\\\/lego-star-wars-75432-tahevoitleja-v-19-torrent\\\/#breadcrumb\"},\"inLanguage\":\"en-US\",\"potentialAction\":[{\"@type\":\"ReadAction\",\"target\":[\"https:\\\/\\\/playwell.ee\\\/toode\\\/lego-star-wars-75432-tahevoitleja-v-19-torrent\\\/\"]}]},{\"@type\":\"ImageObject\",\"inLanguage\":\"en-US\",\"@id\":\"https:\\\/\\\/playwell.ee\\\/toode\\\/lego-star-wars-75432-tahevoitleja-v-19-torrent\\\/#primaryimage\",\"url\":\"https:\\\/\\\/playwell.ee\\\/wp-content\\\/uploads\\\/2025\\\/08\\\/LEGO_75432_Box1_v29.jpg\",\"contentUrl\":\"https:\\\/\\\/playwell.ee\\\/wp-content\\\/uploads\\\/2025\\\/08\\\/LEGO_75432_Box1_v29.jpg\",\"width\":1765,\"height\":1800,\"caption\":\"75432\"},{\"@type\":\"BreadcrumbList\",\"@id\":\"https:\\\/\\\/playwell.ee\\\/toode\\\/lego-star-wars-75432-tahevoitleja-v-19-torrent\\\/#breadcrumb\",\"itemListElement\":[{\"@type\":\"ListItem\",\"position\":1,\"name\":\"Home\",\"item\":\"https:\\\/\\\/playwell.ee\\\/en\\\/\"},{\"@type\":\"ListItem\",\"position\":2,\"name\":\"All LEGO Products\",\"item\":\"https:\\\/\\\/playwell.ee\\\/en\\\/all-products\\\/\"},{\"@type\":\"ListItem\",\"position\":3,\"name\":\"LEGO\u00ae Star Wars\u2122 75432 &#8211; V-19 Torrent Starfighter\"}]},{\"@type\":\"WebSite\",\"@id\":\"https:\\\/\\\/playwell.ee\\\/#website\",\"url\":\"https:\\\/\\\/playwell.ee\\\/\",\"name\":\"Ehita oma maailm - klots klotsi haaval\",\"description\":\"Playwell | LEGO pood Eestis\",\"publisher\":{\"@id\":\"https:\\\/\\\/playwell.ee\\\/#organization\"},\"potentialAction\":[{\"@type\":\"SearchAction\",\"target\":{\"@type\":\"EntryPoint\",\"urlTemplate\":\"https:\\\/\\\/playwell.ee\\\/?s={search_term_string}\"},\"query-input\":{\"@type\":\"PropertyValueSpecification\",\"valueRequired\":true,\"valueName\":\"search_term_string\"}}],\"inLanguage\":\"en-US\"},{\"@type\":\"Organization\",\"@id\":\"https:\\\/\\\/playwell.ee\\\/#organization\",\"name\":\"Playwell.ee\",\"url\":\"https:\\\/\\\/playwell.ee\\\/\",\"logo\":{\"@type\":\"ImageObject\",\"inLanguage\":\"en-US\",\"@id\":\"https:\\\/\\\/playwell.ee\\\/#\\\/schema\\\/logo\\\/image\\\/\",\"url\":\"https:\\\/\\\/playwell.ee\\\/wp-content\\\/uploads\\\/2024\\\/06\\\/Logo-01-1.png\",\"contentUrl\":\"https:\\\/\\\/playwell.ee\\\/wp-content\\\/uploads\\\/2024\\\/06\\\/Logo-01-1.png\",\"width\":2980,\"height\":1009,\"caption\":\"Playwell.ee\"},\"image\":{\"@id\":\"https:\\\/\\\/playwell.ee\\\/#\\\/schema\\\/logo\\\/image\\\/\"},\"sameAs\":[\"https:\\\/\\\/www.facebook.com\\\/profile.php?id=100091128044867\"]}]}<\/script>\n<!-- \/ Yoast SEO plugin. -->","yoast_head_json":{"title":"LEGO\u00ae Star Wars\u2122 75432 - V-19 Torrent Starfighter - Ehita oma maailm - klots klotsi haaval","description":"\u00dchine kangelase kindral Obi-Wan Kenobiga Asajj Ventressi vastu ja s\u00f6\u00f6sta LEGO\u00ae Star Wars: The Clone Wars\u2122-i m\u00e4rulisse selle lastele m\u00f5eldud ehitusm\u00e4nguasjaga T\u00e4hev\u00f5itleja V-19 Torrent (75432)","robots":{"index":"index","follow":"follow","max-snippet":"max-snippet:-1","max-image-preview":"max-image-preview:large","max-video-preview":"max-video-preview:-1"},"canonical":"https:\/\/playwell.ee\/toode\/lego-star-wars-75432-tahevoitleja-v-19-torrent\/","og_locale":"en_US","og_type":"article","og_title":"LEGO\u00ae Star Wars\u2122 75432 - V-19 Torrent Starfighter - Ehita oma maailm - klots klotsi haaval","og_description":"\u00dchine kangelase kindral Obi-Wan Kenobiga Asajj Ventressi vastu ja s\u00f6\u00f6sta LEGO\u00ae Star Wars: The Clone Wars\u2122-i m\u00e4rulisse selle lastele m\u00f5eldud ehitusm\u00e4nguasjaga T\u00e4hev\u00f5itleja V-19 Torrent (75432)","og_url":"https:\/\/playwell.ee\/toode\/lego-star-wars-75432-tahevoitleja-v-19-torrent\/","og_site_name":"Ehita oma maailm - klots klotsi haaval","article_publisher":"https:\/\/www.facebook.com\/profile.php?id=100091128044867","article_modified_time":"2025-08-11T18:44:40+00:00","og_image":[{"width":1765,"height":1800,"url":"https:\/\/playwell.ee\/wp-content\/uploads\/2025\/08\/LEGO_75432_Box1_v29.jpg","type":"image\/jpeg"}],"twitter_card":"summary_large_image","twitter_misc":{"Est. reading time":"2 minutes"},"schema":{"@context":"https:\/\/schema.org","@graph":[{"@type":"WebPage","@id":"https:\/\/playwell.ee\/toode\/lego-star-wars-75432-tahevoitleja-v-19-torrent\/","url":"https:\/\/playwell.ee\/toode\/lego-star-wars-75432-tahevoitleja-v-19-torrent\/","name":"LEGO\u00ae Star Wars\u2122 75432 - V-19 Torrent Starfighter - Ehita oma maailm - klots klotsi haaval","isPartOf":{"@id":"https:\/\/playwell.ee\/#website"},"primaryImageOfPage":{"@id":"https:\/\/playwell.ee\/toode\/lego-star-wars-75432-tahevoitleja-v-19-torrent\/#primaryimage"},"image":{"@id":"https:\/\/playwell.ee\/toode\/lego-star-wars-75432-tahevoitleja-v-19-torrent\/#primaryimage"},"thumbnailUrl":"https:\/\/playwell.ee\/wp-content\/uploads\/2025\/08\/LEGO_75432_Box1_v29.jpg","datePublished":"2025-08-11T17:27:08+00:00","dateModified":"2025-08-11T18:44:40+00:00","description":"\u00dchine kangelase kindral Obi-Wan Kenobiga Asajj Ventressi vastu ja s\u00f6\u00f6sta LEGO\u00ae Star Wars: The Clone Wars\u2122-i m\u00e4rulisse selle lastele m\u00f5eldud ehitusm\u00e4nguasjaga T\u00e4hev\u00f5itleja V-19 Torrent (75432)","breadcrumb":{"@id":"https:\/\/playwell.ee\/toode\/lego-star-wars-75432-tahevoitleja-v-19-torrent\/#breadcrumb"},"inLanguage":"en-US","potentialAction":[{"@type":"ReadAction","target":["https:\/\/playwell.ee\/toode\/lego-star-wars-75432-tahevoitleja-v-19-torrent\/"]}]},{"@type":"ImageObject","inLanguage":"en-US","@id":"https:\/\/playwell.ee\/toode\/lego-star-wars-75432-tahevoitleja-v-19-torrent\/#primaryimage","url":"https:\/\/playwell.ee\/wp-content\/uploads\/2025\/08\/LEGO_75432_Box1_v29.jpg","contentUrl":"https:\/\/playwell.ee\/wp-content\/uploads\/2025\/08\/LEGO_75432_Box1_v29.jpg","width":1765,"height":1800,"caption":"75432"},{"@type":"BreadcrumbList","@id":"https:\/\/playwell.ee\/toode\/lego-star-wars-75432-tahevoitleja-v-19-torrent\/#breadcrumb","itemListElement":[{"@type":"ListItem","position":1,"name":"Home","item":"https:\/\/playwell.ee\/en\/"},{"@type":"ListItem","position":2,"name":"All LEGO Products","item":"https:\/\/playwell.ee\/en\/all-products\/"},{"@type":"ListItem","position":3,"name":"LEGO\u00ae Star Wars\u2122 75432 &#8211; V-19 Torrent Starfighter"}]},{"@type":"WebSite","@id":"https:\/\/playwell.ee\/#website","url":"https:\/\/playwell.ee\/","name":"Ehita oma maailm - klots klotsi haaval","description":"Playwell | LEGO pood Eestis","publisher":{"@id":"https:\/\/playwell.ee\/#organization"},"potentialAction":[{"@type":"SearchAction","target":{"@type":"EntryPoint","urlTemplate":"https:\/\/playwell.ee\/?s={search_term_string}"},"query-input":{"@type":"PropertyValueSpecification","valueRequired":true,"valueName":"search_term_string"}}],"inLanguage":"en-US"},{"@type":"Organization","@id":"https:\/\/playwell.ee\/#organization","name":"Playwell.ee","url":"https:\/\/playwell.ee\/","logo":{"@type":"ImageObject","inLanguage":"en-US","@id":"https:\/\/playwell.ee\/#\/schema\/logo\/image\/","url":"https:\/\/playwell.ee\/wp-content\/uploads\/2024\/06\/Logo-01-1.png","contentUrl":"https:\/\/playwell.ee\/wp-content\/uploads\/2024\/06\/Logo-01-1.png","width":2980,"height":1009,"caption":"Playwell.ee"},"image":{"@id":"https:\/\/playwell.ee\/#\/schema\/logo\/image\/"},"sameAs":["https:\/\/www.facebook.com\/profile.php?id=100091128044867"]}]}},"_links":{"self":[{"href":"https:\/\/playwell.ee\/en\/wp-json\/wp\/v2\/product\/20190","targetHints":{"allow":["GET"]}}],"collection":[{"href":"https:\/\/playwell.ee\/en\/wp-json\/wp\/v2\/product"}],"about":[{"href":"https:\/\/playwell.ee\/en\/wp-json\/wp\/v2\/types\/product"}],"wp:featuredmedia":[{"embeddable":true,"href":"https:\/\/playwell.ee\/en\/wp-json\/wp\/v2\/media\/19773"}],"wp:attachment":[{"href":"https:\/\/playwell.ee\/en\/wp-json\/wp\/v2\/media?parent=20190"}],"wp:term":[{"taxonomy":"product_brand","embeddable":true,"href":"https:\/\/playwell.ee\/en\/wp-json\/wp\/v2\/product_brand?post=20190"},{"taxonomy":"product_cat","embeddable":true,"href":"https:\/\/playwell.ee\/en\/wp-json\/wp\/v2\/product_cat?post=20190"},{"taxonomy":"product_tag","embeddable":true,"href":"https:\/\/playwell.ee\/en\/wp-json\/wp\/v2\/product_tag?post=20190"}],"curies":[{"name":"wp","href":"https:\/\/api.w.org\/{rel}","templated":true}]}}