{"id":20188,"date":"2025-08-11T19:27:08","date_gmt":"2025-08-11T17:27:08","guid":{"rendered":"https:\/\/playwell.ee\/product\/lego-star-wars-75434-k-2so-turvadroid\/"},"modified":"2025-08-11T20:44:40","modified_gmt":"2025-08-11T18:44:40","slug":"lego-star-wars-75434-k-2so-turvadroid","status":"publish","type":"product","link":"https:\/\/playwell.ee\/en\/product\/lego-star-wars-75434-k-2so-turvadroid\/","title":{"rendered":"LEGO\u00ae Star Wars\u2122 75434 &#8211; K-2SO\u2122 Security Droid"},"content":{"rendered":"<p>Create a cool display with this detailed LEGO\u00ae Star Wars\u2122 K-2SO Security Droid (75434) building toy for boys, girls and any fans. This building set offers kids a rewarding creative challenge to capture authentic details of K-2SO, as seen in Star Wars: Andor\u2122 Season 2. Showcase K-2SO on the stand and pose the brick-built droid\u2019s head and arms to change up the display.<\/p>\n<p>A top Star Wars fans\u2019 gift, the set also includes a K-2SO information plaque and standard-size K-2SO LEGO droid figure to add to this striking fantasy home decor.<\/p>\n<p>Find step-by-step instructions in the box and check out the LEGO Builder app for intuitive 3D zoom and rotate viewing tools to enhance the building experience. This set contains 845 pieces.<\/p>\n<p>Star Wars\u2122 display piece for young fans \u2013 Let kids proudly display their Star Wars fandom with this LEGO\u00ae brick-built K-2SO Security Droid figure from Star Wars: Andor\u2122 Season 2<br \/>\nCustomizable building toy for boys, girls and any fans \u2013 Pose K-2SO\u2019s head and arms to change up the display<br \/>\nBuild-and-display set \u2013 Attach the buildable LEGO\u00ae droid figure to the stand for display<br \/>\nFantasy home decor \u2013 The set also includes a K-2SO information plaque with space for the included standard-size K-2SO LEGO\u00ae droid figure<br \/>\nLEGO\u00ae Star Wars\u2122 gift for boys, girls and any fans \u2013 Give this building toy to kids and any Star Wars fans and LEGO lovers aged 10 and up<br \/>\nIntuitive instructions \u2013 The LEGO\u00ae Builder app guides kids on an intuitive building adventure with tools that let them zoom in and rotate a 3D digital version of their construction model as they build<br \/>\nCollectible LEGO\u00ae Star Wars\u2122 sets \u2013 LEGO Star Wars sets (sold separately) enable kids and adult fans to recreate classic scenes, make up new stories or simply display the buildable models<br \/>\nDimensions \u2013 The buildable LEGO\u00ae Star Wars\u2122 droid figure in this 845-piece set stands over 16 in. (41 cm) tall<\/p>\n","protected":false},"excerpt":{"rendered":"<p><strong>Free delivery for orders above 120\u20ac * All products in Estonia warehouse * Fast Delivery<\/strong><\/p>\n<ul>\n<li>Parts: 845<\/li>\n<li>Age: 10+<\/li>\n<\/ul>\n","protected":false},"featured_media":19807,"template":"","meta":[],"product_brand":[],"product_cat":[166],"product_tag":[171],"class_list":{"0":"post-20188","1":"product","2":"type-product","3":"status-publish","4":"has-post-thumbnail","6":"product_cat-star-wars-en","7":"product_tag-9-en","8":"new","10":"first","11":"instock","12":"taxable","13":"shipping-taxable","14":"purchasable","15":"product-type-simple","16":"add-to-wishlist-after_add_to_cart"},"yoast_head":"<!-- This site is optimized with the Yoast SEO plugin v27.4 - https:\/\/yoast.com\/product\/yoast-seo-wordpress\/ -->\n<title>LEGO\u00ae Star Wars\u2122 75434 - K-2SO\u2122 Security Droid - Ehita oma maailm - klots klotsi haaval<\/title>\n<meta name=\"description\" content=\"Loo lahe v\u00e4ljapanek selle \u00fcksikasjaliku LEGO\u00ae Star Warsi\u2122 K-2SO turvadroidi (75434) ehitusm\u00e4nguasjaga poistele, t\u00fcdrukutele ja f\u00e4nnidele\" \/>\n<meta name=\"robots\" content=\"index, follow, max-snippet:-1, max-image-preview:large, max-video-preview:-1\" \/>\n<link rel=\"canonical\" href=\"https:\/\/playwell.ee\/toode\/lego-star-wars-75434-k-2so-turvadroid\/\" \/>\n<meta property=\"og:locale\" content=\"en_US\" \/>\n<meta property=\"og:type\" content=\"article\" \/>\n<meta property=\"og:title\" content=\"LEGO\u00ae Star Wars\u2122 75434 - K-2SO\u2122 Security Droid - Ehita oma maailm - klots klotsi haaval\" \/>\n<meta property=\"og:description\" content=\"Loo lahe v\u00e4ljapanek selle \u00fcksikasjaliku LEGO\u00ae Star Warsi\u2122 K-2SO turvadroidi (75434) ehitusm\u00e4nguasjaga poistele, t\u00fcdrukutele ja f\u00e4nnidele\" \/>\n<meta property=\"og:url\" content=\"https:\/\/playwell.ee\/toode\/lego-star-wars-75434-k-2so-turvadroid\/\" \/>\n<meta property=\"og:site_name\" content=\"Ehita oma maailm - klots klotsi haaval\" \/>\n<meta property=\"article:publisher\" content=\"https:\/\/www.facebook.com\/profile.php?id=100091128044867\" \/>\n<meta property=\"article:modified_time\" content=\"2025-08-11T18:44:40+00:00\" \/>\n<meta property=\"og:image\" content=\"https:\/\/playwell.ee\/wp-content\/uploads\/2025\/08\/LEGO_75434_Box1_v29.jpg\" \/>\n\t<meta property=\"og:image:width\" content=\"1199\" \/>\n\t<meta property=\"og:image:height\" content=\"1800\" \/>\n\t<meta property=\"og:image:type\" content=\"image\/jpeg\" \/>\n<meta name=\"twitter:card\" content=\"summary_large_image\" \/>\n<meta name=\"twitter:label1\" content=\"Est. reading time\" \/>\n\t<meta name=\"twitter:data1\" content=\"2 minutes\" \/>\n<script type=\"application\/ld+json\" class=\"yoast-schema-graph\">{\"@context\":\"https:\\\/\\\/schema.org\",\"@graph\":[{\"@type\":\"WebPage\",\"@id\":\"https:\\\/\\\/playwell.ee\\\/toode\\\/lego-star-wars-75434-k-2so-turvadroid\\\/\",\"url\":\"https:\\\/\\\/playwell.ee\\\/toode\\\/lego-star-wars-75434-k-2so-turvadroid\\\/\",\"name\":\"LEGO\u00ae Star Wars\u2122 75434 - K-2SO\u2122 Security Droid - Ehita oma maailm - klots klotsi haaval\",\"isPartOf\":{\"@id\":\"https:\\\/\\\/playwell.ee\\\/#website\"},\"primaryImageOfPage\":{\"@id\":\"https:\\\/\\\/playwell.ee\\\/toode\\\/lego-star-wars-75434-k-2so-turvadroid\\\/#primaryimage\"},\"image\":{\"@id\":\"https:\\\/\\\/playwell.ee\\\/toode\\\/lego-star-wars-75434-k-2so-turvadroid\\\/#primaryimage\"},\"thumbnailUrl\":\"https:\\\/\\\/playwell.ee\\\/wp-content\\\/uploads\\\/2025\\\/08\\\/LEGO_75434_Box1_v29.jpg\",\"datePublished\":\"2025-08-11T17:27:08+00:00\",\"dateModified\":\"2025-08-11T18:44:40+00:00\",\"description\":\"Loo lahe v\u00e4ljapanek selle \u00fcksikasjaliku LEGO\u00ae Star Warsi\u2122 K-2SO turvadroidi (75434) ehitusm\u00e4nguasjaga poistele, t\u00fcdrukutele ja f\u00e4nnidele\",\"breadcrumb\":{\"@id\":\"https:\\\/\\\/playwell.ee\\\/toode\\\/lego-star-wars-75434-k-2so-turvadroid\\\/#breadcrumb\"},\"inLanguage\":\"en-US\",\"potentialAction\":[{\"@type\":\"ReadAction\",\"target\":[\"https:\\\/\\\/playwell.ee\\\/toode\\\/lego-star-wars-75434-k-2so-turvadroid\\\/\"]}]},{\"@type\":\"ImageObject\",\"inLanguage\":\"en-US\",\"@id\":\"https:\\\/\\\/playwell.ee\\\/toode\\\/lego-star-wars-75434-k-2so-turvadroid\\\/#primaryimage\",\"url\":\"https:\\\/\\\/playwell.ee\\\/wp-content\\\/uploads\\\/2025\\\/08\\\/LEGO_75434_Box1_v29.jpg\",\"contentUrl\":\"https:\\\/\\\/playwell.ee\\\/wp-content\\\/uploads\\\/2025\\\/08\\\/LEGO_75434_Box1_v29.jpg\",\"width\":1199,\"height\":1800,\"caption\":\"75434\"},{\"@type\":\"BreadcrumbList\",\"@id\":\"https:\\\/\\\/playwell.ee\\\/toode\\\/lego-star-wars-75434-k-2so-turvadroid\\\/#breadcrumb\",\"itemListElement\":[{\"@type\":\"ListItem\",\"position\":1,\"name\":\"Home\",\"item\":\"https:\\\/\\\/playwell.ee\\\/en\\\/\"},{\"@type\":\"ListItem\",\"position\":2,\"name\":\"All LEGO Products\",\"item\":\"https:\\\/\\\/playwell.ee\\\/en\\\/all-products\\\/\"},{\"@type\":\"ListItem\",\"position\":3,\"name\":\"LEGO\u00ae Star Wars\u2122 75434 &#8211; K-2SO\u2122 Security Droid\"}]},{\"@type\":\"WebSite\",\"@id\":\"https:\\\/\\\/playwell.ee\\\/#website\",\"url\":\"https:\\\/\\\/playwell.ee\\\/\",\"name\":\"Ehita oma maailm - klots klotsi haaval\",\"description\":\"Playwell | LEGO pood Eestis\",\"publisher\":{\"@id\":\"https:\\\/\\\/playwell.ee\\\/#organization\"},\"potentialAction\":[{\"@type\":\"SearchAction\",\"target\":{\"@type\":\"EntryPoint\",\"urlTemplate\":\"https:\\\/\\\/playwell.ee\\\/?s={search_term_string}\"},\"query-input\":{\"@type\":\"PropertyValueSpecification\",\"valueRequired\":true,\"valueName\":\"search_term_string\"}}],\"inLanguage\":\"en-US\"},{\"@type\":\"Organization\",\"@id\":\"https:\\\/\\\/playwell.ee\\\/#organization\",\"name\":\"Playwell.ee\",\"url\":\"https:\\\/\\\/playwell.ee\\\/\",\"logo\":{\"@type\":\"ImageObject\",\"inLanguage\":\"en-US\",\"@id\":\"https:\\\/\\\/playwell.ee\\\/#\\\/schema\\\/logo\\\/image\\\/\",\"url\":\"https:\\\/\\\/playwell.ee\\\/wp-content\\\/uploads\\\/2024\\\/06\\\/Logo-01-1.png\",\"contentUrl\":\"https:\\\/\\\/playwell.ee\\\/wp-content\\\/uploads\\\/2024\\\/06\\\/Logo-01-1.png\",\"width\":2980,\"height\":1009,\"caption\":\"Playwell.ee\"},\"image\":{\"@id\":\"https:\\\/\\\/playwell.ee\\\/#\\\/schema\\\/logo\\\/image\\\/\"},\"sameAs\":[\"https:\\\/\\\/www.facebook.com\\\/profile.php?id=100091128044867\"]}]}<\/script>\n<!-- \/ Yoast SEO plugin. -->","yoast_head_json":{"title":"LEGO\u00ae Star Wars\u2122 75434 - K-2SO\u2122 Security Droid - Ehita oma maailm - klots klotsi haaval","description":"Loo lahe v\u00e4ljapanek selle \u00fcksikasjaliku LEGO\u00ae Star Warsi\u2122 K-2SO turvadroidi (75434) ehitusm\u00e4nguasjaga poistele, t\u00fcdrukutele ja f\u00e4nnidele","robots":{"index":"index","follow":"follow","max-snippet":"max-snippet:-1","max-image-preview":"max-image-preview:large","max-video-preview":"max-video-preview:-1"},"canonical":"https:\/\/playwell.ee\/toode\/lego-star-wars-75434-k-2so-turvadroid\/","og_locale":"en_US","og_type":"article","og_title":"LEGO\u00ae Star Wars\u2122 75434 - K-2SO\u2122 Security Droid - Ehita oma maailm - klots klotsi haaval","og_description":"Loo lahe v\u00e4ljapanek selle \u00fcksikasjaliku LEGO\u00ae Star Warsi\u2122 K-2SO turvadroidi (75434) ehitusm\u00e4nguasjaga poistele, t\u00fcdrukutele ja f\u00e4nnidele","og_url":"https:\/\/playwell.ee\/toode\/lego-star-wars-75434-k-2so-turvadroid\/","og_site_name":"Ehita oma maailm - klots klotsi haaval","article_publisher":"https:\/\/www.facebook.com\/profile.php?id=100091128044867","article_modified_time":"2025-08-11T18:44:40+00:00","og_image":[{"width":1199,"height":1800,"url":"https:\/\/playwell.ee\/wp-content\/uploads\/2025\/08\/LEGO_75434_Box1_v29.jpg","type":"image\/jpeg"}],"twitter_card":"summary_large_image","twitter_misc":{"Est. reading time":"2 minutes"},"schema":{"@context":"https:\/\/schema.org","@graph":[{"@type":"WebPage","@id":"https:\/\/playwell.ee\/toode\/lego-star-wars-75434-k-2so-turvadroid\/","url":"https:\/\/playwell.ee\/toode\/lego-star-wars-75434-k-2so-turvadroid\/","name":"LEGO\u00ae Star Wars\u2122 75434 - K-2SO\u2122 Security Droid - Ehita oma maailm - klots klotsi haaval","isPartOf":{"@id":"https:\/\/playwell.ee\/#website"},"primaryImageOfPage":{"@id":"https:\/\/playwell.ee\/toode\/lego-star-wars-75434-k-2so-turvadroid\/#primaryimage"},"image":{"@id":"https:\/\/playwell.ee\/toode\/lego-star-wars-75434-k-2so-turvadroid\/#primaryimage"},"thumbnailUrl":"https:\/\/playwell.ee\/wp-content\/uploads\/2025\/08\/LEGO_75434_Box1_v29.jpg","datePublished":"2025-08-11T17:27:08+00:00","dateModified":"2025-08-11T18:44:40+00:00","description":"Loo lahe v\u00e4ljapanek selle \u00fcksikasjaliku LEGO\u00ae Star Warsi\u2122 K-2SO turvadroidi (75434) ehitusm\u00e4nguasjaga poistele, t\u00fcdrukutele ja f\u00e4nnidele","breadcrumb":{"@id":"https:\/\/playwell.ee\/toode\/lego-star-wars-75434-k-2so-turvadroid\/#breadcrumb"},"inLanguage":"en-US","potentialAction":[{"@type":"ReadAction","target":["https:\/\/playwell.ee\/toode\/lego-star-wars-75434-k-2so-turvadroid\/"]}]},{"@type":"ImageObject","inLanguage":"en-US","@id":"https:\/\/playwell.ee\/toode\/lego-star-wars-75434-k-2so-turvadroid\/#primaryimage","url":"https:\/\/playwell.ee\/wp-content\/uploads\/2025\/08\/LEGO_75434_Box1_v29.jpg","contentUrl":"https:\/\/playwell.ee\/wp-content\/uploads\/2025\/08\/LEGO_75434_Box1_v29.jpg","width":1199,"height":1800,"caption":"75434"},{"@type":"BreadcrumbList","@id":"https:\/\/playwell.ee\/toode\/lego-star-wars-75434-k-2so-turvadroid\/#breadcrumb","itemListElement":[{"@type":"ListItem","position":1,"name":"Home","item":"https:\/\/playwell.ee\/en\/"},{"@type":"ListItem","position":2,"name":"All LEGO Products","item":"https:\/\/playwell.ee\/en\/all-products\/"},{"@type":"ListItem","position":3,"name":"LEGO\u00ae Star Wars\u2122 75434 &#8211; K-2SO\u2122 Security Droid"}]},{"@type":"WebSite","@id":"https:\/\/playwell.ee\/#website","url":"https:\/\/playwell.ee\/","name":"Ehita oma maailm - klots klotsi haaval","description":"Playwell | LEGO pood Eestis","publisher":{"@id":"https:\/\/playwell.ee\/#organization"},"potentialAction":[{"@type":"SearchAction","target":{"@type":"EntryPoint","urlTemplate":"https:\/\/playwell.ee\/?s={search_term_string}"},"query-input":{"@type":"PropertyValueSpecification","valueRequired":true,"valueName":"search_term_string"}}],"inLanguage":"en-US"},{"@type":"Organization","@id":"https:\/\/playwell.ee\/#organization","name":"Playwell.ee","url":"https:\/\/playwell.ee\/","logo":{"@type":"ImageObject","inLanguage":"en-US","@id":"https:\/\/playwell.ee\/#\/schema\/logo\/image\/","url":"https:\/\/playwell.ee\/wp-content\/uploads\/2024\/06\/Logo-01-1.png","contentUrl":"https:\/\/playwell.ee\/wp-content\/uploads\/2024\/06\/Logo-01-1.png","width":2980,"height":1009,"caption":"Playwell.ee"},"image":{"@id":"https:\/\/playwell.ee\/#\/schema\/logo\/image\/"},"sameAs":["https:\/\/www.facebook.com\/profile.php?id=100091128044867"]}]}},"_links":{"self":[{"href":"https:\/\/playwell.ee\/en\/wp-json\/wp\/v2\/product\/20188","targetHints":{"allow":["GET"]}}],"collection":[{"href":"https:\/\/playwell.ee\/en\/wp-json\/wp\/v2\/product"}],"about":[{"href":"https:\/\/playwell.ee\/en\/wp-json\/wp\/v2\/types\/product"}],"wp:featuredmedia":[{"embeddable":true,"href":"https:\/\/playwell.ee\/en\/wp-json\/wp\/v2\/media\/19807"}],"wp:attachment":[{"href":"https:\/\/playwell.ee\/en\/wp-json\/wp\/v2\/media?parent=20188"}],"wp:term":[{"taxonomy":"product_brand","embeddable":true,"href":"https:\/\/playwell.ee\/en\/wp-json\/wp\/v2\/product_brand?post=20188"},{"taxonomy":"product_cat","embeddable":true,"href":"https:\/\/playwell.ee\/en\/wp-json\/wp\/v2\/product_cat?post=20188"},{"taxonomy":"product_tag","embeddable":true,"href":"https:\/\/playwell.ee\/en\/wp-json\/wp\/v2\/product_tag?post=20188"}],"curies":[{"name":"wp","href":"https:\/\/api.w.org\/{rel}","templated":true}]}}