{"id":20178,"date":"2025-08-11T19:27:10","date_gmt":"2025-08-11T17:27:10","guid":{"rendered":"https:\/\/playwell.ee\/product\/lego-marvel-super-heroes-76324-spider-man-vs-oscorp\/"},"modified":"2026-04-02T18:27:04","modified_gmt":"2026-04-02T16:27:04","slug":"lego-marvel-super-heroes-76324-spider-man-vs-oscorp","status":"publish","type":"product","link":"https:\/\/playwell.ee\/en\/product\/lego-marvel-super-heroes-76324-spider-man-vs-oscorp\/","title":{"rendered":"LEGO\u00ae Marvel Super Heroes\u2122  76324 &#8211; Spider-Man vs. Oscorp"},"content":{"rendered":"<p>LEGO\u00ae \u01c0 Marvel Spider-Man vs. Oscorp (76324) on esmaklassiline ehitus-, m\u00e4ngu- ja v\u00e4ljapanekukomplekt, mis on tulvil superkangelase m\u00e4rulit, ikoonilisi tegelasi ja kuulsaid paiku. See mitme mudeliga linnastseen on muljetavaldav kingitus alates 10-aastastele superkangelaste ja Marveli kogumisobjektide f\u00e4nnidele.<\/p>\n<p>T\u00e4navastseen koosneb 3 eraldi hoonest: Miles Moralese korter, mille all on juveelipood, Oscorpi hoone ja Venomi korter koos esmatarbekauplusega allpool. Iga tuba on sisustatud vastava tehnika ja tarvikutega. 8 LEGO minifiguuri Marveli filmidest tagavad l\u00f5putu p\u00f5nevuse: \u00c4mblikmees, Spider-Woman, Miles Morales mootorrattaga, Eddie Brock, Ghost-Spider, Norman Osborn, k\u00fctt Kraven ja Roheline Goblin oma h\u00f5ljukiga. L\u00e4bipaistvad pulgad v\u00f5imaldavad lastel tegelasi realistlikul viisil paigutada ja asenditesse s\u00e4ttida. LEGO Builderi rakenduses olev funktsioon Build Together v\u00f5imaldab s\u00f5pradel ja perel loomingulist m\u00e4ngu jagada. Sisaldab 808 osa.<\/p>\n<p>Spider-Mani kogutav ehituskomplekt lastele \u2013 Spider-Man vs. Oscorp on kvaliteetne LEGO\u00ae \u01c0 Marvel ehitusm\u00e4nguasi alates 10-aastastele poistele, t\u00fcdrukutele ja superkangelaste f\u00e4nnidele<br \/>\nSuperkangelase minifiguurid \u2013 kokkupandavas komplektis on 8 LEGO\u00ae minifiguuri: \u00c4mblikmees, Spider-Woman, Miles Morales, Eddie Brock, Ghost-Spider, Norman Osborn, k\u00fctt Kraven ja Roheline Goblin<br \/>\nMitme mudeliga linnastseen \u2013 tegevus toimub 3 hoones ja v\u00e4ljaspool: Miles Moralese korter juveelipoe kohal; Oscorpi hoone ja Venomi korter toidukaupluse kohal<br \/>\nRealistlik rollim\u00e4ng \u2013 kokkupandavas m\u00e4nguasjas on mootorratas, purilennuk, relvad, igas toas tarvikud ja l\u00e4bipaistvad pulgad, et lapsed saaksid tegelasi realistlikult paigutada ja asenditesse s\u00e4ttida<br \/>\nKingiidee \u00c4mblikmehe f\u00e4nnidele \u2013 see kingitus poistele ja t\u00fcdrukutele on suur kohandatav komplekt lastele, kes armastavad superkangelasi, Marveli kogumisobjekte ning m\u00e4ngu- ja v\u00e4ljapanekumudeleid<br \/>\nEhitame koos s\u00f5prade ja perega \u2013 LEGO\u00ae Builderi rakendus pakub l\u00f5bu ja koost\u00f6\u00f6kogemust, kus saab jagada LEGO ehitusr\u00f5\u00f5mu<br \/>\nKokkupandavad LEGO\u00ae \u01c0 Marvel komplektid \u2013 LEGO\u00ae Marvel ehituskomplektide lai valik annab laste k\u00e4tesse pidevalt muutuva ehitamis- ja m\u00e4nguuniversumi koos superkangelastega<br \/>\n808-osaline kokkupandav m\u00e4ngukomplekt \u2013 t\u00e4ielikult kokkupandud t\u00e4navastseen on 46 cm k\u00f5rge, 38 cm lai ja 11 cm s\u00fcgav<\/p>\n","protected":false},"excerpt":{"rendered":"<p><strong>Tasuta tarne alates 120\u20ac * Kogu kaup Eesti laos olemas * Kiire tarne<\/strong><\/p>\n<ul>\n<li>Osasi: 808<\/li>\n<li>Vanus: 10+<\/li>\n<\/ul>\n","protected":false},"featured_media":19907,"template":"","meta":[],"product_brand":[],"product_cat":[160],"product_tag":[171],"class_list":{"0":"post-20178","1":"product","2":"type-product","3":"status-publish","4":"has-post-thumbnail","6":"product_cat-marvel-en","7":"product_tag-9-en","9":"first","10":"instock","11":"taxable","12":"shipping-taxable","13":"purchasable","14":"product-type-simple","15":"add-to-wishlist-after_add_to_cart"},"yoast_head":"<!-- This site is optimized with the Yoast SEO plugin v27.2 - https:\/\/yoast.com\/product\/yoast-seo-wordpress\/ -->\n<title>LEGO\u00ae Marvel Super Heroes\u2122 76324 - Spider-Man vs. Oscorp - Ehita oma maailm - klots klotsi haaval<\/title>\n<meta name=\"description\" content=\"LEGO\u00ae \u01c0 Marvel Spider-Man vs. Oscorp (76324) on esmaklassiline ehitus-, m\u00e4ngu- ja v\u00e4ljapanekukomplekt, mis on tulvil superkangelase m\u00e4rulit, ikoonilisi tegelasi ja kuulsaid paiku.\" \/>\n<meta name=\"robots\" content=\"index, follow, max-snippet:-1, max-image-preview:large, max-video-preview:-1\" \/>\n<link rel=\"canonical\" href=\"https:\/\/playwell.ee\/en\/product\/lego-marvel-super-heroes-76324-spider-man-vs-oscorp\/\" \/>\n<meta property=\"og:locale\" content=\"en_US\" \/>\n<meta property=\"og:type\" content=\"article\" \/>\n<meta property=\"og:title\" content=\"LEGO\u00ae Marvel Super Heroes\u2122 76324 - Spider-Man vs. Oscorp - Ehita oma maailm - klots klotsi haaval\" \/>\n<meta property=\"og:description\" content=\"LEGO\u00ae \u01c0 Marvel Spider-Man vs. Oscorp (76324) on esmaklassiline ehitus-, m\u00e4ngu- ja v\u00e4ljapanekukomplekt, mis on tulvil superkangelase m\u00e4rulit, ikoonilisi tegelasi ja kuulsaid paiku.\" \/>\n<meta property=\"og:url\" content=\"https:\/\/playwell.ee\/en\/product\/lego-marvel-super-heroes-76324-spider-man-vs-oscorp\/\" \/>\n<meta property=\"og:site_name\" content=\"Ehita oma maailm - klots klotsi haaval\" \/>\n<meta property=\"article:publisher\" content=\"https:\/\/www.facebook.com\/profile.php?id=100091128044867\" \/>\n<meta property=\"article:modified_time\" content=\"2026-04-02T16:27:04+00:00\" \/>\n<meta property=\"og:image\" content=\"https:\/\/playwell.ee\/wp-content\/uploads\/2025\/08\/LEGO_76324_Box1_v29.jpg\" \/>\n\t<meta property=\"og:image:width\" content=\"1573\" \/>\n\t<meta property=\"og:image:height\" content=\"1800\" \/>\n\t<meta property=\"og:image:type\" content=\"image\/jpeg\" \/>\n<meta name=\"twitter:card\" content=\"summary_large_image\" \/>\n<meta name=\"twitter:label1\" content=\"Est. reading time\" \/>\n\t<meta name=\"twitter:data1\" content=\"2 minutes\" \/>\n<script type=\"application\/ld+json\" class=\"yoast-schema-graph\">{\"@context\":\"https:\/\/schema.org\",\"@graph\":[{\"@type\":\"WebPage\",\"@id\":\"https:\/\/playwell.ee\/en\/product\/lego-marvel-super-heroes-76324-spider-man-vs-oscorp\/\",\"url\":\"https:\/\/playwell.ee\/en\/product\/lego-marvel-super-heroes-76324-spider-man-vs-oscorp\/\",\"name\":\"LEGO\u00ae Marvel Super Heroes\u2122 76324 - Spider-Man vs. Oscorp - Ehita oma maailm - klots klotsi haaval\",\"isPartOf\":{\"@id\":\"https:\/\/playwell.ee\/#website\"},\"primaryImageOfPage\":{\"@id\":\"https:\/\/playwell.ee\/en\/product\/lego-marvel-super-heroes-76324-spider-man-vs-oscorp\/#primaryimage\"},\"image\":{\"@id\":\"https:\/\/playwell.ee\/en\/product\/lego-marvel-super-heroes-76324-spider-man-vs-oscorp\/#primaryimage\"},\"thumbnailUrl\":\"https:\/\/playwell.ee\/wp-content\/uploads\/2025\/08\/LEGO_76324_Box1_v29.jpg\",\"datePublished\":\"2025-08-11T17:27:10+00:00\",\"dateModified\":\"2026-04-02T16:27:04+00:00\",\"description\":\"LEGO\u00ae \u01c0 Marvel Spider-Man vs. Oscorp (76324) on esmaklassiline ehitus-, m\u00e4ngu- ja v\u00e4ljapanekukomplekt, mis on tulvil superkangelase m\u00e4rulit, ikoonilisi tegelasi ja kuulsaid paiku.\",\"breadcrumb\":{\"@id\":\"https:\/\/playwell.ee\/en\/product\/lego-marvel-super-heroes-76324-spider-man-vs-oscorp\/#breadcrumb\"},\"inLanguage\":\"en-US\",\"potentialAction\":[{\"@type\":\"ReadAction\",\"target\":[\"https:\/\/playwell.ee\/en\/product\/lego-marvel-super-heroes-76324-spider-man-vs-oscorp\/\"]}]},{\"@type\":\"ImageObject\",\"inLanguage\":\"en-US\",\"@id\":\"https:\/\/playwell.ee\/en\/product\/lego-marvel-super-heroes-76324-spider-man-vs-oscorp\/#primaryimage\",\"url\":\"https:\/\/playwell.ee\/wp-content\/uploads\/2025\/08\/LEGO_76324_Box1_v29.jpg\",\"contentUrl\":\"https:\/\/playwell.ee\/wp-content\/uploads\/2025\/08\/LEGO_76324_Box1_v29.jpg\",\"width\":1573,\"height\":1800,\"caption\":\"76324\"},{\"@type\":\"BreadcrumbList\",\"@id\":\"https:\/\/playwell.ee\/en\/product\/lego-marvel-super-heroes-76324-spider-man-vs-oscorp\/#breadcrumb\",\"itemListElement\":[{\"@type\":\"ListItem\",\"position\":1,\"name\":\"Home\",\"item\":\"https:\/\/playwell.ee\/en\/\"},{\"@type\":\"ListItem\",\"position\":2,\"name\":\"All LEGO Products\",\"item\":\"https:\/\/playwell.ee\/en\/all-products\/\"},{\"@type\":\"ListItem\",\"position\":3,\"name\":\"LEGO\u00ae Marvel Super Heroes\u2122 76324 &#8211; Spider-Man vs. Oscorp\"}]},{\"@type\":\"WebSite\",\"@id\":\"https:\/\/playwell.ee\/#website\",\"url\":\"https:\/\/playwell.ee\/\",\"name\":\"Ehita oma maailm - klots klotsi haaval\",\"description\":\"Playwell | LEGO pood Eestis\",\"publisher\":{\"@id\":\"https:\/\/playwell.ee\/#organization\"},\"potentialAction\":[{\"@type\":\"SearchAction\",\"target\":{\"@type\":\"EntryPoint\",\"urlTemplate\":\"https:\/\/playwell.ee\/?s={search_term_string}\"},\"query-input\":{\"@type\":\"PropertyValueSpecification\",\"valueRequired\":true,\"valueName\":\"search_term_string\"}}],\"inLanguage\":\"en-US\"},{\"@type\":\"Organization\",\"@id\":\"https:\/\/playwell.ee\/#organization\",\"name\":\"Playwell.ee\",\"url\":\"https:\/\/playwell.ee\/\",\"logo\":{\"@type\":\"ImageObject\",\"inLanguage\":\"en-US\",\"@id\":\"https:\/\/playwell.ee\/#\/schema\/logo\/image\/\",\"url\":\"https:\/\/playwell.ee\/wp-content\/uploads\/2024\/06\/Logo-01-1.png\",\"contentUrl\":\"https:\/\/playwell.ee\/wp-content\/uploads\/2024\/06\/Logo-01-1.png\",\"width\":2980,\"height\":1009,\"caption\":\"Playwell.ee\"},\"image\":{\"@id\":\"https:\/\/playwell.ee\/#\/schema\/logo\/image\/\"},\"sameAs\":[\"https:\/\/www.facebook.com\/profile.php?id=100091128044867\"]}]}<\/script>\n<!-- \/ Yoast SEO plugin. -->","yoast_head_json":{"title":"LEGO\u00ae Marvel Super Heroes\u2122 76324 - Spider-Man vs. Oscorp - Ehita oma maailm - klots klotsi haaval","description":"LEGO\u00ae \u01c0 Marvel Spider-Man vs. Oscorp (76324) on esmaklassiline ehitus-, m\u00e4ngu- ja v\u00e4ljapanekukomplekt, mis on tulvil superkangelase m\u00e4rulit, ikoonilisi tegelasi ja kuulsaid paiku.","robots":{"index":"index","follow":"follow","max-snippet":"max-snippet:-1","max-image-preview":"max-image-preview:large","max-video-preview":"max-video-preview:-1"},"canonical":"https:\/\/playwell.ee\/en\/product\/lego-marvel-super-heroes-76324-spider-man-vs-oscorp\/","og_locale":"en_US","og_type":"article","og_title":"LEGO\u00ae Marvel Super Heroes\u2122 76324 - Spider-Man vs. Oscorp - Ehita oma maailm - klots klotsi haaval","og_description":"LEGO\u00ae \u01c0 Marvel Spider-Man vs. Oscorp (76324) on esmaklassiline ehitus-, m\u00e4ngu- ja v\u00e4ljapanekukomplekt, mis on tulvil superkangelase m\u00e4rulit, ikoonilisi tegelasi ja kuulsaid paiku.","og_url":"https:\/\/playwell.ee\/en\/product\/lego-marvel-super-heroes-76324-spider-man-vs-oscorp\/","og_site_name":"Ehita oma maailm - klots klotsi haaval","article_publisher":"https:\/\/www.facebook.com\/profile.php?id=100091128044867","article_modified_time":"2026-04-02T16:27:04+00:00","og_image":[{"width":1573,"height":1800,"url":"https:\/\/playwell.ee\/wp-content\/uploads\/2025\/08\/LEGO_76324_Box1_v29.jpg","type":"image\/jpeg"}],"twitter_card":"summary_large_image","twitter_misc":{"Est. reading time":"2 minutes"},"schema":{"@context":"https:\/\/schema.org","@graph":[{"@type":"WebPage","@id":"https:\/\/playwell.ee\/en\/product\/lego-marvel-super-heroes-76324-spider-man-vs-oscorp\/","url":"https:\/\/playwell.ee\/en\/product\/lego-marvel-super-heroes-76324-spider-man-vs-oscorp\/","name":"LEGO\u00ae Marvel Super Heroes\u2122 76324 - Spider-Man vs. Oscorp - Ehita oma maailm - klots klotsi haaval","isPartOf":{"@id":"https:\/\/playwell.ee\/#website"},"primaryImageOfPage":{"@id":"https:\/\/playwell.ee\/en\/product\/lego-marvel-super-heroes-76324-spider-man-vs-oscorp\/#primaryimage"},"image":{"@id":"https:\/\/playwell.ee\/en\/product\/lego-marvel-super-heroes-76324-spider-man-vs-oscorp\/#primaryimage"},"thumbnailUrl":"https:\/\/playwell.ee\/wp-content\/uploads\/2025\/08\/LEGO_76324_Box1_v29.jpg","datePublished":"2025-08-11T17:27:10+00:00","dateModified":"2026-04-02T16:27:04+00:00","description":"LEGO\u00ae \u01c0 Marvel Spider-Man vs. Oscorp (76324) on esmaklassiline ehitus-, m\u00e4ngu- ja v\u00e4ljapanekukomplekt, mis on tulvil superkangelase m\u00e4rulit, ikoonilisi tegelasi ja kuulsaid paiku.","breadcrumb":{"@id":"https:\/\/playwell.ee\/en\/product\/lego-marvel-super-heroes-76324-spider-man-vs-oscorp\/#breadcrumb"},"inLanguage":"en-US","potentialAction":[{"@type":"ReadAction","target":["https:\/\/playwell.ee\/en\/product\/lego-marvel-super-heroes-76324-spider-man-vs-oscorp\/"]}]},{"@type":"ImageObject","inLanguage":"en-US","@id":"https:\/\/playwell.ee\/en\/product\/lego-marvel-super-heroes-76324-spider-man-vs-oscorp\/#primaryimage","url":"https:\/\/playwell.ee\/wp-content\/uploads\/2025\/08\/LEGO_76324_Box1_v29.jpg","contentUrl":"https:\/\/playwell.ee\/wp-content\/uploads\/2025\/08\/LEGO_76324_Box1_v29.jpg","width":1573,"height":1800,"caption":"76324"},{"@type":"BreadcrumbList","@id":"https:\/\/playwell.ee\/en\/product\/lego-marvel-super-heroes-76324-spider-man-vs-oscorp\/#breadcrumb","itemListElement":[{"@type":"ListItem","position":1,"name":"Home","item":"https:\/\/playwell.ee\/en\/"},{"@type":"ListItem","position":2,"name":"All LEGO Products","item":"https:\/\/playwell.ee\/en\/all-products\/"},{"@type":"ListItem","position":3,"name":"LEGO\u00ae Marvel Super Heroes\u2122 76324 &#8211; Spider-Man vs. Oscorp"}]},{"@type":"WebSite","@id":"https:\/\/playwell.ee\/#website","url":"https:\/\/playwell.ee\/","name":"Ehita oma maailm - klots klotsi haaval","description":"Playwell | LEGO pood Eestis","publisher":{"@id":"https:\/\/playwell.ee\/#organization"},"potentialAction":[{"@type":"SearchAction","target":{"@type":"EntryPoint","urlTemplate":"https:\/\/playwell.ee\/?s={search_term_string}"},"query-input":{"@type":"PropertyValueSpecification","valueRequired":true,"valueName":"search_term_string"}}],"inLanguage":"en-US"},{"@type":"Organization","@id":"https:\/\/playwell.ee\/#organization","name":"Playwell.ee","url":"https:\/\/playwell.ee\/","logo":{"@type":"ImageObject","inLanguage":"en-US","@id":"https:\/\/playwell.ee\/#\/schema\/logo\/image\/","url":"https:\/\/playwell.ee\/wp-content\/uploads\/2024\/06\/Logo-01-1.png","contentUrl":"https:\/\/playwell.ee\/wp-content\/uploads\/2024\/06\/Logo-01-1.png","width":2980,"height":1009,"caption":"Playwell.ee"},"image":{"@id":"https:\/\/playwell.ee\/#\/schema\/logo\/image\/"},"sameAs":["https:\/\/www.facebook.com\/profile.php?id=100091128044867"]}]}},"_links":{"self":[{"href":"https:\/\/playwell.ee\/en\/wp-json\/wp\/v2\/product\/20178","targetHints":{"allow":["GET"]}}],"collection":[{"href":"https:\/\/playwell.ee\/en\/wp-json\/wp\/v2\/product"}],"about":[{"href":"https:\/\/playwell.ee\/en\/wp-json\/wp\/v2\/types\/product"}],"wp:featuredmedia":[{"embeddable":true,"href":"https:\/\/playwell.ee\/en\/wp-json\/wp\/v2\/media\/19907"}],"wp:attachment":[{"href":"https:\/\/playwell.ee\/en\/wp-json\/wp\/v2\/media?parent=20178"}],"wp:term":[{"taxonomy":"product_brand","embeddable":true,"href":"https:\/\/playwell.ee\/en\/wp-json\/wp\/v2\/product_brand?post=20178"},{"taxonomy":"product_cat","embeddable":true,"href":"https:\/\/playwell.ee\/en\/wp-json\/wp\/v2\/product_cat?post=20178"},{"taxonomy":"product_tag","embeddable":true,"href":"https:\/\/playwell.ee\/en\/wp-json\/wp\/v2\/product_tag?post=20178"}],"curies":[{"name":"wp","href":"https:\/\/api.w.org\/{rel}","templated":true}]}}