{"id":20175,"date":"2025-08-11T19:27:10","date_gmt":"2025-08-11T17:27:10","guid":{"rendered":"https:\/\/playwell.ee\/product\/lego-animal-crossing-77057-loomingulised-majad-lobusad-aastaajad\/"},"modified":"2025-08-11T20:44:40","modified_gmt":"2025-08-11T18:44:40","slug":"lego-animal-crossing-77057-loomingulised-majad-lobusad-aastaajad","status":"publish","type":"product","link":"https:\/\/playwell.ee\/en\/product\/lego-animal-crossing-77057-loomingulised-majad-lobusad-aastaajad\/","title":{"rendered":"LEGO\u00ae Animal Crossing\u2122 77057 &#8211; Creative Houses: Seasons of Fun"},"content":{"rendered":"<p>If you\u2019re looking for a Nintendo\u00ae character gift for girls and boys aged 7 years old and over, the Creative Houses: Seasons of Fun (77057) toy features familiar minifigures from the Animal Crossing\u2122 video game series. This Animal Crossing playset is ideal for kids who like creative home design.<\/p>\n<p>There are 2 houses to build and furnish, with lots of accessories and customisation options both indoors and outdoors. The 2 homes can be arranged next to each other or stacked as a 2-storey house. Interchangeable modules for each of the 4 seasons let kids add seasonal accessories, such as snowballs and a snowman, a pumpkin and autumn leaves. This creative home-building set comes with 3 minifigures: the bear, Stitches, the deer, Fuchsia, and the wolf, Fang. All 3 characters have their own furniture, and a moving trolley enables house-moving role play. Young builders can also enjoy digital building fun with the LEGO\u00ae Builder app, where they can zoom in and rotate models in 3D. Set contains 814 pieces.<\/p>\n<p>Home-building set with animal minifigures \u2013 The Creative Houses: Seasons of Fun toy puts house-building fun into the hands of Animal Crossing\u2122 fans and girls and boys aged 7 years old and over<br \/>\nLEGO\u00ae Animal Crossing\u2122 minifigures \u2013 The set come with 3 characters from the video game series: the bear, Stitches, the deer, Fuchsia, and the wolf, Fang<br \/>\n2 houses to build and customise \u2013 With lots of furniture and accessories and 4 modules to create a fresh look for every season, there are many different design possibilities for kids to explore<br \/>\nVideo game toy for imaginative role play \u2013 All 3 characters have their own furniture, and a moving trolley enables house-moving role play<br \/>\nAnimal Crossing\u2122 gift \u2013 Treat kids who enjoy creative house building to this gaming character toy that lets them build dream homes with colourful LEGO\u00ae bricks<br \/>\nCreative building toys \u2013 Check out other LEGO\u00ae Animal Crossing\u2122 sets (sold separately) inspired by the video game series, which let kids continue their storytelling fun even when on a screen break<br \/>\nDigital building fun \u2013 Kids can download the LEGO\u00ae Builder app for an immersive building experience, with digital tools to zoom in and rotate models in 3D, save sets and track progress<br \/>\n814-piece set \u2013 The 2 houses with bridge element measure over 12 cm (5 in.) high, 42 cm (16.5 in.) wide and 11 cm (4 in.) deep<\/p>\n","protected":false},"excerpt":{"rendered":"<p><strong>Free delivery for orders above 120\u20ac * All products in Estonia warehouse * Fast Delivery<\/strong><\/p>\n<ul>\n<li>Parts: 814<\/li>\n<li>Age: 7+<\/li>\n<\/ul>\n","protected":false},"featured_media":20001,"template":"","meta":[],"product_brand":[],"product_cat":[151],"product_tag":[168],"class_list":{"0":"post-20175","1":"product","2":"type-product","3":"status-publish","4":"has-post-thumbnail","6":"product_cat-lego-animal-crossing-en","7":"product_tag-6-en","8":"new","10":"first","11":"instock","12":"taxable","13":"shipping-taxable","14":"purchasable","15":"product-type-simple","16":"add-to-wishlist-after_add_to_cart"},"yoast_head":"<!-- This site is optimized with the Yoast SEO plugin v27.4 - https:\/\/yoast.com\/product\/yoast-seo-wordpress\/ -->\n<title>LEGO\u00ae Animal Crossing\u2122 77057 - Creative Houses: Seasons of Fun - Ehita oma maailm - klots klotsi haaval<\/title>\n<meta name=\"description\" content=\"Kui otsid Nintendo\u00ae tegelaskuju kingitust 7-aastastele ja vanematele t\u00fcdrukutele ja poistele, siis m\u00e4nguasjas Loomingulised majad: l\u00f5busad aastaajad (77057) on tuttavad minifiguurid videom\u00e4ngudesarjast Animal Crossing\u2122\" \/>\n<meta name=\"robots\" content=\"index, follow, max-snippet:-1, max-image-preview:large, max-video-preview:-1\" \/>\n<link rel=\"canonical\" href=\"https:\/\/playwell.ee\/toode\/lego-animal-crossing-77057-loomingulised-majad-lobusad-aastaajad\/\" \/>\n<meta property=\"og:locale\" content=\"en_US\" \/>\n<meta property=\"og:type\" content=\"article\" \/>\n<meta property=\"og:title\" content=\"LEGO\u00ae Animal Crossing\u2122 77057 - Creative Houses: Seasons of Fun - Ehita oma maailm - klots klotsi haaval\" \/>\n<meta property=\"og:description\" content=\"Kui otsid Nintendo\u00ae tegelaskuju kingitust 7-aastastele ja vanematele t\u00fcdrukutele ja poistele, siis m\u00e4nguasjas Loomingulised majad: l\u00f5busad aastaajad (77057) on tuttavad minifiguurid videom\u00e4ngudesarjast Animal Crossing\u2122\" \/>\n<meta property=\"og:url\" content=\"https:\/\/playwell.ee\/toode\/lego-animal-crossing-77057-loomingulised-majad-lobusad-aastaajad\/\" \/>\n<meta property=\"og:site_name\" content=\"Ehita oma maailm - klots klotsi haaval\" \/>\n<meta property=\"article:publisher\" content=\"https:\/\/www.facebook.com\/profile.php?id=100091128044867\" \/>\n<meta property=\"article:modified_time\" content=\"2025-08-11T18:44:40+00:00\" \/>\n<meta property=\"og:image\" content=\"https:\/\/playwell.ee\/wp-content\/uploads\/2025\/08\/LEGO_77057_Box1_v29.jpg\" \/>\n\t<meta property=\"og:image:width\" content=\"2400\" \/>\n\t<meta property=\"og:image:height\" content=\"1539\" \/>\n\t<meta property=\"og:image:type\" content=\"image\/jpeg\" \/>\n<meta name=\"twitter:card\" content=\"summary_large_image\" \/>\n<meta name=\"twitter:label1\" content=\"Est. reading time\" \/>\n\t<meta name=\"twitter:data1\" content=\"2 minutes\" \/>\n<script type=\"application\/ld+json\" class=\"yoast-schema-graph\">{\"@context\":\"https:\\\/\\\/schema.org\",\"@graph\":[{\"@type\":\"WebPage\",\"@id\":\"https:\\\/\\\/playwell.ee\\\/toode\\\/lego-animal-crossing-77057-loomingulised-majad-lobusad-aastaajad\\\/\",\"url\":\"https:\\\/\\\/playwell.ee\\\/toode\\\/lego-animal-crossing-77057-loomingulised-majad-lobusad-aastaajad\\\/\",\"name\":\"LEGO\u00ae Animal Crossing\u2122 77057 - Creative Houses: Seasons of Fun - Ehita oma maailm - klots klotsi haaval\",\"isPartOf\":{\"@id\":\"https:\\\/\\\/playwell.ee\\\/#website\"},\"primaryImageOfPage\":{\"@id\":\"https:\\\/\\\/playwell.ee\\\/toode\\\/lego-animal-crossing-77057-loomingulised-majad-lobusad-aastaajad\\\/#primaryimage\"},\"image\":{\"@id\":\"https:\\\/\\\/playwell.ee\\\/toode\\\/lego-animal-crossing-77057-loomingulised-majad-lobusad-aastaajad\\\/#primaryimage\"},\"thumbnailUrl\":\"https:\\\/\\\/playwell.ee\\\/wp-content\\\/uploads\\\/2025\\\/08\\\/LEGO_77057_Box1_v29.jpg\",\"datePublished\":\"2025-08-11T17:27:10+00:00\",\"dateModified\":\"2025-08-11T18:44:40+00:00\",\"description\":\"Kui otsid Nintendo\u00ae tegelaskuju kingitust 7-aastastele ja vanematele t\u00fcdrukutele ja poistele, siis m\u00e4nguasjas Loomingulised majad: l\u00f5busad aastaajad (77057) on tuttavad minifiguurid videom\u00e4ngudesarjast Animal Crossing\u2122\",\"breadcrumb\":{\"@id\":\"https:\\\/\\\/playwell.ee\\\/toode\\\/lego-animal-crossing-77057-loomingulised-majad-lobusad-aastaajad\\\/#breadcrumb\"},\"inLanguage\":\"en-US\",\"potentialAction\":[{\"@type\":\"ReadAction\",\"target\":[\"https:\\\/\\\/playwell.ee\\\/toode\\\/lego-animal-crossing-77057-loomingulised-majad-lobusad-aastaajad\\\/\"]}]},{\"@type\":\"ImageObject\",\"inLanguage\":\"en-US\",\"@id\":\"https:\\\/\\\/playwell.ee\\\/toode\\\/lego-animal-crossing-77057-loomingulised-majad-lobusad-aastaajad\\\/#primaryimage\",\"url\":\"https:\\\/\\\/playwell.ee\\\/wp-content\\\/uploads\\\/2025\\\/08\\\/LEGO_77057_Box1_v29.jpg\",\"contentUrl\":\"https:\\\/\\\/playwell.ee\\\/wp-content\\\/uploads\\\/2025\\\/08\\\/LEGO_77057_Box1_v29.jpg\",\"width\":2400,\"height\":1539,\"caption\":\"77057\"},{\"@type\":\"BreadcrumbList\",\"@id\":\"https:\\\/\\\/playwell.ee\\\/toode\\\/lego-animal-crossing-77057-loomingulised-majad-lobusad-aastaajad\\\/#breadcrumb\",\"itemListElement\":[{\"@type\":\"ListItem\",\"position\":1,\"name\":\"Home\",\"item\":\"https:\\\/\\\/playwell.ee\\\/en\\\/\"},{\"@type\":\"ListItem\",\"position\":2,\"name\":\"All LEGO Products\",\"item\":\"https:\\\/\\\/playwell.ee\\\/en\\\/all-products\\\/\"},{\"@type\":\"ListItem\",\"position\":3,\"name\":\"LEGO\u00ae Animal Crossing\u2122 77057 &#8211; Creative Houses: Seasons of Fun\"}]},{\"@type\":\"WebSite\",\"@id\":\"https:\\\/\\\/playwell.ee\\\/#website\",\"url\":\"https:\\\/\\\/playwell.ee\\\/\",\"name\":\"Ehita oma maailm - klots klotsi haaval\",\"description\":\"Playwell | LEGO pood Eestis\",\"publisher\":{\"@id\":\"https:\\\/\\\/playwell.ee\\\/#organization\"},\"potentialAction\":[{\"@type\":\"SearchAction\",\"target\":{\"@type\":\"EntryPoint\",\"urlTemplate\":\"https:\\\/\\\/playwell.ee\\\/?s={search_term_string}\"},\"query-input\":{\"@type\":\"PropertyValueSpecification\",\"valueRequired\":true,\"valueName\":\"search_term_string\"}}],\"inLanguage\":\"en-US\"},{\"@type\":\"Organization\",\"@id\":\"https:\\\/\\\/playwell.ee\\\/#organization\",\"name\":\"Playwell.ee\",\"url\":\"https:\\\/\\\/playwell.ee\\\/\",\"logo\":{\"@type\":\"ImageObject\",\"inLanguage\":\"en-US\",\"@id\":\"https:\\\/\\\/playwell.ee\\\/#\\\/schema\\\/logo\\\/image\\\/\",\"url\":\"https:\\\/\\\/playwell.ee\\\/wp-content\\\/uploads\\\/2024\\\/06\\\/Logo-01-1.png\",\"contentUrl\":\"https:\\\/\\\/playwell.ee\\\/wp-content\\\/uploads\\\/2024\\\/06\\\/Logo-01-1.png\",\"width\":2980,\"height\":1009,\"caption\":\"Playwell.ee\"},\"image\":{\"@id\":\"https:\\\/\\\/playwell.ee\\\/#\\\/schema\\\/logo\\\/image\\\/\"},\"sameAs\":[\"https:\\\/\\\/www.facebook.com\\\/profile.php?id=100091128044867\"]}]}<\/script>\n<!-- \/ Yoast SEO plugin. -->","yoast_head_json":{"title":"LEGO\u00ae Animal Crossing\u2122 77057 - Creative Houses: Seasons of Fun - Ehita oma maailm - klots klotsi haaval","description":"Kui otsid Nintendo\u00ae tegelaskuju kingitust 7-aastastele ja vanematele t\u00fcdrukutele ja poistele, siis m\u00e4nguasjas Loomingulised majad: l\u00f5busad aastaajad (77057) on tuttavad minifiguurid videom\u00e4ngudesarjast Animal Crossing\u2122","robots":{"index":"index","follow":"follow","max-snippet":"max-snippet:-1","max-image-preview":"max-image-preview:large","max-video-preview":"max-video-preview:-1"},"canonical":"https:\/\/playwell.ee\/toode\/lego-animal-crossing-77057-loomingulised-majad-lobusad-aastaajad\/","og_locale":"en_US","og_type":"article","og_title":"LEGO\u00ae Animal Crossing\u2122 77057 - Creative Houses: Seasons of Fun - Ehita oma maailm - klots klotsi haaval","og_description":"Kui otsid Nintendo\u00ae tegelaskuju kingitust 7-aastastele ja vanematele t\u00fcdrukutele ja poistele, siis m\u00e4nguasjas Loomingulised majad: l\u00f5busad aastaajad (77057) on tuttavad minifiguurid videom\u00e4ngudesarjast Animal Crossing\u2122","og_url":"https:\/\/playwell.ee\/toode\/lego-animal-crossing-77057-loomingulised-majad-lobusad-aastaajad\/","og_site_name":"Ehita oma maailm - klots klotsi haaval","article_publisher":"https:\/\/www.facebook.com\/profile.php?id=100091128044867","article_modified_time":"2025-08-11T18:44:40+00:00","og_image":[{"width":2400,"height":1539,"url":"https:\/\/playwell.ee\/wp-content\/uploads\/2025\/08\/LEGO_77057_Box1_v29.jpg","type":"image\/jpeg"}],"twitter_card":"summary_large_image","twitter_misc":{"Est. reading time":"2 minutes"},"schema":{"@context":"https:\/\/schema.org","@graph":[{"@type":"WebPage","@id":"https:\/\/playwell.ee\/toode\/lego-animal-crossing-77057-loomingulised-majad-lobusad-aastaajad\/","url":"https:\/\/playwell.ee\/toode\/lego-animal-crossing-77057-loomingulised-majad-lobusad-aastaajad\/","name":"LEGO\u00ae Animal Crossing\u2122 77057 - Creative Houses: Seasons of Fun - Ehita oma maailm - klots klotsi haaval","isPartOf":{"@id":"https:\/\/playwell.ee\/#website"},"primaryImageOfPage":{"@id":"https:\/\/playwell.ee\/toode\/lego-animal-crossing-77057-loomingulised-majad-lobusad-aastaajad\/#primaryimage"},"image":{"@id":"https:\/\/playwell.ee\/toode\/lego-animal-crossing-77057-loomingulised-majad-lobusad-aastaajad\/#primaryimage"},"thumbnailUrl":"https:\/\/playwell.ee\/wp-content\/uploads\/2025\/08\/LEGO_77057_Box1_v29.jpg","datePublished":"2025-08-11T17:27:10+00:00","dateModified":"2025-08-11T18:44:40+00:00","description":"Kui otsid Nintendo\u00ae tegelaskuju kingitust 7-aastastele ja vanematele t\u00fcdrukutele ja poistele, siis m\u00e4nguasjas Loomingulised majad: l\u00f5busad aastaajad (77057) on tuttavad minifiguurid videom\u00e4ngudesarjast Animal Crossing\u2122","breadcrumb":{"@id":"https:\/\/playwell.ee\/toode\/lego-animal-crossing-77057-loomingulised-majad-lobusad-aastaajad\/#breadcrumb"},"inLanguage":"en-US","potentialAction":[{"@type":"ReadAction","target":["https:\/\/playwell.ee\/toode\/lego-animal-crossing-77057-loomingulised-majad-lobusad-aastaajad\/"]}]},{"@type":"ImageObject","inLanguage":"en-US","@id":"https:\/\/playwell.ee\/toode\/lego-animal-crossing-77057-loomingulised-majad-lobusad-aastaajad\/#primaryimage","url":"https:\/\/playwell.ee\/wp-content\/uploads\/2025\/08\/LEGO_77057_Box1_v29.jpg","contentUrl":"https:\/\/playwell.ee\/wp-content\/uploads\/2025\/08\/LEGO_77057_Box1_v29.jpg","width":2400,"height":1539,"caption":"77057"},{"@type":"BreadcrumbList","@id":"https:\/\/playwell.ee\/toode\/lego-animal-crossing-77057-loomingulised-majad-lobusad-aastaajad\/#breadcrumb","itemListElement":[{"@type":"ListItem","position":1,"name":"Home","item":"https:\/\/playwell.ee\/en\/"},{"@type":"ListItem","position":2,"name":"All LEGO Products","item":"https:\/\/playwell.ee\/en\/all-products\/"},{"@type":"ListItem","position":3,"name":"LEGO\u00ae Animal Crossing\u2122 77057 &#8211; Creative Houses: Seasons of Fun"}]},{"@type":"WebSite","@id":"https:\/\/playwell.ee\/#website","url":"https:\/\/playwell.ee\/","name":"Ehita oma maailm - klots klotsi haaval","description":"Playwell | LEGO pood Eestis","publisher":{"@id":"https:\/\/playwell.ee\/#organization"},"potentialAction":[{"@type":"SearchAction","target":{"@type":"EntryPoint","urlTemplate":"https:\/\/playwell.ee\/?s={search_term_string}"},"query-input":{"@type":"PropertyValueSpecification","valueRequired":true,"valueName":"search_term_string"}}],"inLanguage":"en-US"},{"@type":"Organization","@id":"https:\/\/playwell.ee\/#organization","name":"Playwell.ee","url":"https:\/\/playwell.ee\/","logo":{"@type":"ImageObject","inLanguage":"en-US","@id":"https:\/\/playwell.ee\/#\/schema\/logo\/image\/","url":"https:\/\/playwell.ee\/wp-content\/uploads\/2024\/06\/Logo-01-1.png","contentUrl":"https:\/\/playwell.ee\/wp-content\/uploads\/2024\/06\/Logo-01-1.png","width":2980,"height":1009,"caption":"Playwell.ee"},"image":{"@id":"https:\/\/playwell.ee\/#\/schema\/logo\/image\/"},"sameAs":["https:\/\/www.facebook.com\/profile.php?id=100091128044867"]}]}},"_links":{"self":[{"href":"https:\/\/playwell.ee\/en\/wp-json\/wp\/v2\/product\/20175","targetHints":{"allow":["GET"]}}],"collection":[{"href":"https:\/\/playwell.ee\/en\/wp-json\/wp\/v2\/product"}],"about":[{"href":"https:\/\/playwell.ee\/en\/wp-json\/wp\/v2\/types\/product"}],"wp:featuredmedia":[{"embeddable":true,"href":"https:\/\/playwell.ee\/en\/wp-json\/wp\/v2\/media\/20001"}],"wp:attachment":[{"href":"https:\/\/playwell.ee\/en\/wp-json\/wp\/v2\/media?parent=20175"}],"wp:term":[{"taxonomy":"product_brand","embeddable":true,"href":"https:\/\/playwell.ee\/en\/wp-json\/wp\/v2\/product_brand?post=20175"},{"taxonomy":"product_cat","embeddable":true,"href":"https:\/\/playwell.ee\/en\/wp-json\/wp\/v2\/product_cat?post=20175"},{"taxonomy":"product_tag","embeddable":true,"href":"https:\/\/playwell.ee\/en\/wp-json\/wp\/v2\/product_tag?post=20175"}],"curies":[{"name":"wp","href":"https:\/\/api.w.org\/{rel}","templated":true}]}}