{"id":20173,"date":"2025-08-11T19:27:10","date_gmt":"2025-08-11T17:27:10","guid":{"rendered":"https:\/\/playwell.ee\/product\/lego-marvel-super-heroes-76325-tasujad-ultroni-ajastu-quinjet\/"},"modified":"2025-10-11T14:48:46","modified_gmt":"2025-10-11T12:48:46","slug":"lego-marvel-super-heroes-76325-tasujad-ultroni-ajastu-quinjet","status":"publish","type":"product","link":"https:\/\/playwell.ee\/en\/product\/lego-marvel-super-heroes-76325-tasujad-ultroni-ajastu-quinjet\/","title":{"rendered":"LEGO\u00ae Marvel Super Heroes\u2122  76325 &#8211; Avengers: Age of Ultron Quinjet"},"content":{"rendered":"<p>Avengers: Age of Ultron Quinjet (76325) is a LEGO\u00ae \u01c0 Marvel collectible construction set for kids to build, play with and put on display for all to admire. Authentically detailed and accompanied by Avengers minifigures, this LEGO \u01c0 Marvel building kit makes an impressive gift for kids and Super Hero fans aged 12 plus.<\/p>\n<p>The buildable Quinjet model comes with 5 minifigures: Black Widow with her motorcycle; Iron Man; Quicksilver; Ultimate Ultron; and Hawkeye with his bow and arrow. The minifigures can be attached to multiple locations on the aircraft. The Quinjet features an opening cockpit, 2 stud shooters at the front, and storage for Black Widow\u2019s weapons and Hawkeye&#8217;s bow. The rear door opens so kids can drive the motorcycle in and out. A removable, rotatable stand is included to provide a 360-degree display of the iconic aircraft. For added digital fun, builders can zoom in, rotate models in 3D and track their progress using the fun, intuitive LEGO Builder app. Contains 1,131 pieces.<\/p>\n<p>LEGO\u00ae \u01c0 Marvel collectible \u2013 Avengers: Age of Ultron Quinjet is a realistically crafted kids\u2019 building kit that lets boys and girls aged 12 and over recreate the iconic aircraft<br \/>\nSuper Hero minifigures \u2013 The buildable set includes 5 LEGO\u00ae minifigures: Black Widow with her motorcycle; Iron Man; Quicksilver; Ultimate Ultron; and Hawkeye with his bow and arrow<br \/>\nAvengers Quinjet \u2013 The aircraft has an opening cockpit, 2 stud shooters at the front, storage for weapons and an opening rear door so kids can drive the motorcycle in and out<br \/>\n360-degree display \u2013 A removable, rotatable stand is provided so the authentically detailed Quinjet can be admired from all angles<br \/>\nGift idea for Marvel film fans \u2013 This gift for boys and girls is a build-play-and-display toy for kids who enjoy Super Heroes, Marvel collectibles and LEGO\u00ae creative construction<br \/>\n3D building instructions \u2013 Kids can download the LEGO\u00ae Builder app for an immersive building experience, with digital tools to zoom in and rotate models in 3D, save sets and track progress<br \/>\nBuildable LEGO\u00ae \u01c0 Marvel sets \u2013 The extensive range of LEGO \u01c0 Marvel build-and-play sets gives kids an ever-changing universe of hands-on Super Hero adventures<br \/>\n1,131-piece kids\u2019 building kit \u2013 The Quinjet on its stand measures over 28 cm (11 in.) high, 30 cm (12 in.) long and 45 cm (17.5 in.) wide<\/p>\n","protected":false},"excerpt":{"rendered":"<p><strong>Free delivery for orders above 120\u20ac * All products in Estonia warehouse * Fast Delivery<\/strong><\/p>\n<ul>\n<li>Parts: 1131<\/li>\n<li>Age: 12+<\/li>\n<\/ul>\n","protected":false},"featured_media":19931,"template":"","meta":[],"product_brand":[],"product_cat":[160],"product_tag":[172],"class_list":{"0":"post-20173","1":"product","2":"type-product","3":"status-publish","4":"has-post-thumbnail","6":"product_cat-marvel-en","7":"product_tag-13-en","8":"new","10":"first","11":"instock","12":"taxable","13":"shipping-taxable","14":"purchasable","15":"product-type-simple","16":"add-to-wishlist-after_add_to_cart"},"yoast_head":"<!-- This site is optimized with the Yoast SEO plugin v27.4 - https:\/\/yoast.com\/product\/yoast-seo-wordpress\/ -->\n<title>LEGO\u00ae Marvel Super Heroes\u2122 76325 - Avengers: Age of Ultron Quinjet - Ehita oma maailm - klots klotsi haaval<\/title>\n<meta name=\"description\" content=\"Tasujad: Ultroni ajastu Quinjet (76325) on LEGO\u00ae \u01c0 Marveli kogutav ehituskomplekt, mida lapsed saavad ehitada, sellega m\u00e4ngida ja k\u00f5igile imetlemiseks v\u00e4lja panna\" \/>\n<meta name=\"robots\" content=\"index, follow, max-snippet:-1, max-image-preview:large, max-video-preview:-1\" \/>\n<link rel=\"canonical\" href=\"https:\/\/playwell.ee\/en\/product\/lego-marvel-super-heroes-76325-tasujad-ultroni-ajastu-quinjet\/\" \/>\n<meta property=\"og:locale\" content=\"en_US\" \/>\n<meta property=\"og:type\" content=\"article\" \/>\n<meta property=\"og:title\" content=\"LEGO\u00ae Marvel Super Heroes\u2122 76325 - Avengers: Age of Ultron Quinjet - Ehita oma maailm - klots klotsi haaval\" \/>\n<meta property=\"og:description\" content=\"Tasujad: Ultroni ajastu Quinjet (76325) on LEGO\u00ae \u01c0 Marveli kogutav ehituskomplekt, mida lapsed saavad ehitada, sellega m\u00e4ngida ja k\u00f5igile imetlemiseks v\u00e4lja panna\" \/>\n<meta property=\"og:url\" content=\"https:\/\/playwell.ee\/en\/product\/lego-marvel-super-heroes-76325-tasujad-ultroni-ajastu-quinjet\/\" \/>\n<meta property=\"og:site_name\" content=\"Ehita oma maailm - klots klotsi haaval\" \/>\n<meta property=\"article:publisher\" content=\"https:\/\/www.facebook.com\/profile.php?id=100091128044867\" \/>\n<meta property=\"article:modified_time\" content=\"2025-10-11T12:48:46+00:00\" \/>\n<meta property=\"og:image\" content=\"https:\/\/playwell.ee\/wp-content\/uploads\/2025\/08\/LEGO_76325_Box1_v29.jpg\" \/>\n\t<meta property=\"og:image:width\" content=\"2400\" \/>\n\t<meta property=\"og:image:height\" content=\"1762\" \/>\n\t<meta property=\"og:image:type\" content=\"image\/jpeg\" \/>\n<meta name=\"twitter:card\" content=\"summary_large_image\" \/>\n<meta name=\"twitter:label1\" content=\"Est. reading time\" \/>\n\t<meta name=\"twitter:data1\" content=\"2 minutes\" \/>\n<script type=\"application\/ld+json\" class=\"yoast-schema-graph\">{\"@context\":\"https:\\\/\\\/schema.org\",\"@graph\":[{\"@type\":\"WebPage\",\"@id\":\"https:\\\/\\\/playwell.ee\\\/en\\\/product\\\/lego-marvel-super-heroes-76325-tasujad-ultroni-ajastu-quinjet\\\/\",\"url\":\"https:\\\/\\\/playwell.ee\\\/en\\\/product\\\/lego-marvel-super-heroes-76325-tasujad-ultroni-ajastu-quinjet\\\/\",\"name\":\"LEGO\u00ae Marvel Super Heroes\u2122 76325 - Avengers: Age of Ultron Quinjet - Ehita oma maailm - klots klotsi haaval\",\"isPartOf\":{\"@id\":\"https:\\\/\\\/playwell.ee\\\/#website\"},\"primaryImageOfPage\":{\"@id\":\"https:\\\/\\\/playwell.ee\\\/en\\\/product\\\/lego-marvel-super-heroes-76325-tasujad-ultroni-ajastu-quinjet\\\/#primaryimage\"},\"image\":{\"@id\":\"https:\\\/\\\/playwell.ee\\\/en\\\/product\\\/lego-marvel-super-heroes-76325-tasujad-ultroni-ajastu-quinjet\\\/#primaryimage\"},\"thumbnailUrl\":\"https:\\\/\\\/playwell.ee\\\/wp-content\\\/uploads\\\/2025\\\/08\\\/LEGO_76325_Box1_v29.jpg\",\"datePublished\":\"2025-08-11T17:27:10+00:00\",\"dateModified\":\"2025-10-11T12:48:46+00:00\",\"description\":\"Tasujad: Ultroni ajastu Quinjet (76325) on LEGO\u00ae \u01c0 Marveli kogutav ehituskomplekt, mida lapsed saavad ehitada, sellega m\u00e4ngida ja k\u00f5igile imetlemiseks v\u00e4lja panna\",\"breadcrumb\":{\"@id\":\"https:\\\/\\\/playwell.ee\\\/en\\\/product\\\/lego-marvel-super-heroes-76325-tasujad-ultroni-ajastu-quinjet\\\/#breadcrumb\"},\"inLanguage\":\"en-US\",\"potentialAction\":[{\"@type\":\"ReadAction\",\"target\":[\"https:\\\/\\\/playwell.ee\\\/en\\\/product\\\/lego-marvel-super-heroes-76325-tasujad-ultroni-ajastu-quinjet\\\/\"]}]},{\"@type\":\"ImageObject\",\"inLanguage\":\"en-US\",\"@id\":\"https:\\\/\\\/playwell.ee\\\/en\\\/product\\\/lego-marvel-super-heroes-76325-tasujad-ultroni-ajastu-quinjet\\\/#primaryimage\",\"url\":\"https:\\\/\\\/playwell.ee\\\/wp-content\\\/uploads\\\/2025\\\/08\\\/LEGO_76325_Box1_v29.jpg\",\"contentUrl\":\"https:\\\/\\\/playwell.ee\\\/wp-content\\\/uploads\\\/2025\\\/08\\\/LEGO_76325_Box1_v29.jpg\",\"width\":2400,\"height\":1762,\"caption\":\"76325\"},{\"@type\":\"BreadcrumbList\",\"@id\":\"https:\\\/\\\/playwell.ee\\\/en\\\/product\\\/lego-marvel-super-heroes-76325-tasujad-ultroni-ajastu-quinjet\\\/#breadcrumb\",\"itemListElement\":[{\"@type\":\"ListItem\",\"position\":1,\"name\":\"Home\",\"item\":\"https:\\\/\\\/playwell.ee\\\/en\\\/\"},{\"@type\":\"ListItem\",\"position\":2,\"name\":\"All LEGO Products\",\"item\":\"https:\\\/\\\/playwell.ee\\\/en\\\/all-products\\\/\"},{\"@type\":\"ListItem\",\"position\":3,\"name\":\"LEGO\u00ae Marvel Super Heroes\u2122 76325 &#8211; Avengers: Age of Ultron Quinjet\"}]},{\"@type\":\"WebSite\",\"@id\":\"https:\\\/\\\/playwell.ee\\\/#website\",\"url\":\"https:\\\/\\\/playwell.ee\\\/\",\"name\":\"Ehita oma maailm - klots klotsi haaval\",\"description\":\"Playwell | LEGO pood Eestis\",\"publisher\":{\"@id\":\"https:\\\/\\\/playwell.ee\\\/#organization\"},\"potentialAction\":[{\"@type\":\"SearchAction\",\"target\":{\"@type\":\"EntryPoint\",\"urlTemplate\":\"https:\\\/\\\/playwell.ee\\\/?s={search_term_string}\"},\"query-input\":{\"@type\":\"PropertyValueSpecification\",\"valueRequired\":true,\"valueName\":\"search_term_string\"}}],\"inLanguage\":\"en-US\"},{\"@type\":\"Organization\",\"@id\":\"https:\\\/\\\/playwell.ee\\\/#organization\",\"name\":\"Playwell.ee\",\"url\":\"https:\\\/\\\/playwell.ee\\\/\",\"logo\":{\"@type\":\"ImageObject\",\"inLanguage\":\"en-US\",\"@id\":\"https:\\\/\\\/playwell.ee\\\/#\\\/schema\\\/logo\\\/image\\\/\",\"url\":\"https:\\\/\\\/playwell.ee\\\/wp-content\\\/uploads\\\/2024\\\/06\\\/Logo-01-1.png\",\"contentUrl\":\"https:\\\/\\\/playwell.ee\\\/wp-content\\\/uploads\\\/2024\\\/06\\\/Logo-01-1.png\",\"width\":2980,\"height\":1009,\"caption\":\"Playwell.ee\"},\"image\":{\"@id\":\"https:\\\/\\\/playwell.ee\\\/#\\\/schema\\\/logo\\\/image\\\/\"},\"sameAs\":[\"https:\\\/\\\/www.facebook.com\\\/profile.php?id=100091128044867\"]}]}<\/script>\n<!-- \/ Yoast SEO plugin. -->","yoast_head_json":{"title":"LEGO\u00ae Marvel Super Heroes\u2122 76325 - Avengers: Age of Ultron Quinjet - Ehita oma maailm - klots klotsi haaval","description":"Tasujad: Ultroni ajastu Quinjet (76325) on LEGO\u00ae \u01c0 Marveli kogutav ehituskomplekt, mida lapsed saavad ehitada, sellega m\u00e4ngida ja k\u00f5igile imetlemiseks v\u00e4lja panna","robots":{"index":"index","follow":"follow","max-snippet":"max-snippet:-1","max-image-preview":"max-image-preview:large","max-video-preview":"max-video-preview:-1"},"canonical":"https:\/\/playwell.ee\/en\/product\/lego-marvel-super-heroes-76325-tasujad-ultroni-ajastu-quinjet\/","og_locale":"en_US","og_type":"article","og_title":"LEGO\u00ae Marvel Super Heroes\u2122 76325 - Avengers: Age of Ultron Quinjet - Ehita oma maailm - klots klotsi haaval","og_description":"Tasujad: Ultroni ajastu Quinjet (76325) on LEGO\u00ae \u01c0 Marveli kogutav ehituskomplekt, mida lapsed saavad ehitada, sellega m\u00e4ngida ja k\u00f5igile imetlemiseks v\u00e4lja panna","og_url":"https:\/\/playwell.ee\/en\/product\/lego-marvel-super-heroes-76325-tasujad-ultroni-ajastu-quinjet\/","og_site_name":"Ehita oma maailm - klots klotsi haaval","article_publisher":"https:\/\/www.facebook.com\/profile.php?id=100091128044867","article_modified_time":"2025-10-11T12:48:46+00:00","og_image":[{"width":2400,"height":1762,"url":"https:\/\/playwell.ee\/wp-content\/uploads\/2025\/08\/LEGO_76325_Box1_v29.jpg","type":"image\/jpeg"}],"twitter_card":"summary_large_image","twitter_misc":{"Est. reading time":"2 minutes"},"schema":{"@context":"https:\/\/schema.org","@graph":[{"@type":"WebPage","@id":"https:\/\/playwell.ee\/en\/product\/lego-marvel-super-heroes-76325-tasujad-ultroni-ajastu-quinjet\/","url":"https:\/\/playwell.ee\/en\/product\/lego-marvel-super-heroes-76325-tasujad-ultroni-ajastu-quinjet\/","name":"LEGO\u00ae Marvel Super Heroes\u2122 76325 - Avengers: Age of Ultron Quinjet - Ehita oma maailm - klots klotsi haaval","isPartOf":{"@id":"https:\/\/playwell.ee\/#website"},"primaryImageOfPage":{"@id":"https:\/\/playwell.ee\/en\/product\/lego-marvel-super-heroes-76325-tasujad-ultroni-ajastu-quinjet\/#primaryimage"},"image":{"@id":"https:\/\/playwell.ee\/en\/product\/lego-marvel-super-heroes-76325-tasujad-ultroni-ajastu-quinjet\/#primaryimage"},"thumbnailUrl":"https:\/\/playwell.ee\/wp-content\/uploads\/2025\/08\/LEGO_76325_Box1_v29.jpg","datePublished":"2025-08-11T17:27:10+00:00","dateModified":"2025-10-11T12:48:46+00:00","description":"Tasujad: Ultroni ajastu Quinjet (76325) on LEGO\u00ae \u01c0 Marveli kogutav ehituskomplekt, mida lapsed saavad ehitada, sellega m\u00e4ngida ja k\u00f5igile imetlemiseks v\u00e4lja panna","breadcrumb":{"@id":"https:\/\/playwell.ee\/en\/product\/lego-marvel-super-heroes-76325-tasujad-ultroni-ajastu-quinjet\/#breadcrumb"},"inLanguage":"en-US","potentialAction":[{"@type":"ReadAction","target":["https:\/\/playwell.ee\/en\/product\/lego-marvel-super-heroes-76325-tasujad-ultroni-ajastu-quinjet\/"]}]},{"@type":"ImageObject","inLanguage":"en-US","@id":"https:\/\/playwell.ee\/en\/product\/lego-marvel-super-heroes-76325-tasujad-ultroni-ajastu-quinjet\/#primaryimage","url":"https:\/\/playwell.ee\/wp-content\/uploads\/2025\/08\/LEGO_76325_Box1_v29.jpg","contentUrl":"https:\/\/playwell.ee\/wp-content\/uploads\/2025\/08\/LEGO_76325_Box1_v29.jpg","width":2400,"height":1762,"caption":"76325"},{"@type":"BreadcrumbList","@id":"https:\/\/playwell.ee\/en\/product\/lego-marvel-super-heroes-76325-tasujad-ultroni-ajastu-quinjet\/#breadcrumb","itemListElement":[{"@type":"ListItem","position":1,"name":"Home","item":"https:\/\/playwell.ee\/en\/"},{"@type":"ListItem","position":2,"name":"All LEGO Products","item":"https:\/\/playwell.ee\/en\/all-products\/"},{"@type":"ListItem","position":3,"name":"LEGO\u00ae Marvel Super Heroes\u2122 76325 &#8211; Avengers: Age of Ultron Quinjet"}]},{"@type":"WebSite","@id":"https:\/\/playwell.ee\/#website","url":"https:\/\/playwell.ee\/","name":"Ehita oma maailm - klots klotsi haaval","description":"Playwell | LEGO pood Eestis","publisher":{"@id":"https:\/\/playwell.ee\/#organization"},"potentialAction":[{"@type":"SearchAction","target":{"@type":"EntryPoint","urlTemplate":"https:\/\/playwell.ee\/?s={search_term_string}"},"query-input":{"@type":"PropertyValueSpecification","valueRequired":true,"valueName":"search_term_string"}}],"inLanguage":"en-US"},{"@type":"Organization","@id":"https:\/\/playwell.ee\/#organization","name":"Playwell.ee","url":"https:\/\/playwell.ee\/","logo":{"@type":"ImageObject","inLanguage":"en-US","@id":"https:\/\/playwell.ee\/#\/schema\/logo\/image\/","url":"https:\/\/playwell.ee\/wp-content\/uploads\/2024\/06\/Logo-01-1.png","contentUrl":"https:\/\/playwell.ee\/wp-content\/uploads\/2024\/06\/Logo-01-1.png","width":2980,"height":1009,"caption":"Playwell.ee"},"image":{"@id":"https:\/\/playwell.ee\/#\/schema\/logo\/image\/"},"sameAs":["https:\/\/www.facebook.com\/profile.php?id=100091128044867"]}]}},"_links":{"self":[{"href":"https:\/\/playwell.ee\/en\/wp-json\/wp\/v2\/product\/20173","targetHints":{"allow":["GET"]}}],"collection":[{"href":"https:\/\/playwell.ee\/en\/wp-json\/wp\/v2\/product"}],"about":[{"href":"https:\/\/playwell.ee\/en\/wp-json\/wp\/v2\/types\/product"}],"wp:featuredmedia":[{"embeddable":true,"href":"https:\/\/playwell.ee\/en\/wp-json\/wp\/v2\/media\/19931"}],"wp:attachment":[{"href":"https:\/\/playwell.ee\/en\/wp-json\/wp\/v2\/media?parent=20173"}],"wp:term":[{"taxonomy":"product_brand","embeddable":true,"href":"https:\/\/playwell.ee\/en\/wp-json\/wp\/v2\/product_brand?post=20173"},{"taxonomy":"product_cat","embeddable":true,"href":"https:\/\/playwell.ee\/en\/wp-json\/wp\/v2\/product_cat?post=20173"},{"taxonomy":"product_tag","embeddable":true,"href":"https:\/\/playwell.ee\/en\/wp-json\/wp\/v2\/product_tag?post=20173"}],"curies":[{"name":"wp","href":"https:\/\/api.w.org\/{rel}","templated":true}]}}