{"id":19324,"date":"2025-06-18T19:13:41","date_gmt":"2025-06-18T17:13:41","guid":{"rendered":"https:\/\/playwell.ee\/product\/lego-duplo-10441-kujude-sorteerimine-kutsika-maja\/"},"modified":"2026-03-18T18:47:17","modified_gmt":"2026-03-18T16:47:17","slug":"lego-duplo-10441-kujude-sorteerimine-kutsika-maja","status":"publish","type":"product","link":"https:\/\/playwell.ee\/en\/product\/lego-duplo-10441-kujude-sorteerimine-kutsika-maja\/","title":{"rendered":"LEGO\u00ae DUPLO 10441 &#8211; Kujude sorteerimine: kutsika maja"},"content":{"rendered":"<p>Kutsikaid armastavatel koolieelikutel on komplektiga Kujude sorteerimine: kutsika maja (10441) kaks v\u00f5imalust m\u00e4ngimiseks. See peenmotoorika m\u00e4nguasi alates 18 kuu vanustele v\u00e4ikelastele tutvustab l\u00f5busat kujundite \u00f5ppimist ja probleemide lahendamist, kui koolieelikud kasutavad klotse, et ehitada oma kutsikatele m\u00e4ngukoht, seej\u00e4rel kukutavad kujundid l\u00e4bi kaanes olevate aukude.<\/p>\n<p>See ruumilise m\u00f5tlemise m\u00e4nguasi v\u00e4ikelastele on t\u00e4is l\u00f5busaid \u00f5ppetegevusi. Vanemad saavad osutada erinevatele kujudele, kui v\u00e4ikelapsed kasutavad neid puude, koerafiguuride ja isegi maja ehitamiseks. Seej\u00e4rel saavad nad nautida loomingulist rollim\u00e4ngu oma armsate LEGO\u00ae DUPLO\u00ae koeram\u00e4nguasjadega, veeretades neile palli ja s\u00f6\u00f6tes neile konti.<\/p>\n<p>Kui loominguline m\u00e4ngon l\u00f5ppenud, algab kujude sorteerimise l\u00f5bu. Lapsed \u00f5pivad kannatlikkust ja keskendumist, kui nad leiavad \u00f5ige kuju, mis sobib auku. Ja kui nad eksivad, harjutavad nad visadust ja k\u00e4e-silma koordinatsiooni, kui proovivad uuesti leida oma m\u00e4nguasja kuju jaoks \u00f5ige augu.<\/p>\n<p>Kujude \u00f5ppimise m\u00e4nguasi koeri armastavatele mudilastele \u2013 innusta koolieelikute kirge kutsikate vastu m\u00e4nguasjaga Kujude sorteerimine: kutsika maja ja aita neil kujundeid tundma \u00f5ppida<br \/>\nPeenmotoorika m\u00e4nguasi \u2013 v\u00e4rvilised klotsid on nelja erineva kujuga, mida saab kokku panna kutsika m\u00e4ngupaigaks v\u00f5i lahti v\u00f5tta, et kujusid l\u00e4bi kausi aukude visata<br \/>\n\u00d5ppetegevused perega l\u00f5butsemiseks \u2013 vanemad tutvustavad v\u00e4ikelastele huvitavaid kujundeid, kui nad ehitavad need koerteks, puudeks ja majaks, et luua oma armsatele m\u00e4ngukutsikatele l\u00f5busaid rollim\u00e4ngulugusid<br \/>\nHariv m\u00e4nguasi \u2013 see \u00f5ppem\u00e4nguasi aitab v\u00e4ikelastel harjutada ruumilist m\u00f5tlemist, kannatlikkust, visadust ja seda, kuidas emotsioone juhtida, kui nad saavad aru, milline kuju millisesse auku sobib<br \/>\nKingitus v\u00e4ikelastele \u2013 see LEGO\u00ae DUPLO\u00ae loomam\u00e4nguasi sobib suurep\u00e4raselt s\u00fcnnip\u00e4eva- v\u00f5i p\u00fchadekingituseks v\u00e4hemalt 18 kuu vanustele v\u00e4ikelastele, kes armastavad koeri ning v\u00e4rvilisi ja d\u00fcnaamilisi m\u00e4nguasju<br \/>\nPalju v\u00f5imalusi m\u00e4ngu kaudu \u00f5ppimiseks \u2013 vaata ka teisi LEGO\u00ae DUPLO\u00ae komplekte (m\u00fc\u00fcgil eraldi), mis k\u00f5ik on rangelt testitud, et tagada ohutu m\u00e4ngimine ning mis toidavad v\u00e4ikeste ehitajate kirge ja uudishimu<br \/>\nOskusi arendav kujutlusv\u00f5ime \u2013 LEGO\u00ae DUPLO\u00ae mudilaste m\u00e4nguasjad on loodud toetama eelkooliealise lapse arengu verstaposte, aidates tal m\u00e4ngu kaudu l\u00f5busal ja kaasahaaraval viisil \u00f5ppida<br \/>\nM\u00f5\u00f5dud \u2013 see 17-osaline komplekt sisaldab kaanega kaussi, mille l\u00e4bim\u00f5\u00f5t on 22 cm<\/p>\n","protected":false},"excerpt":{"rendered":"<p><strong>Tasuta tarne alates 120\u20ac * Kogu kaup Eesti laos olemas * Kiire tarne<\/strong><\/p>\n<ul>\n<li>Osasi: 17<\/li>\n<li>Vanus: 1.5+<\/li>\n<\/ul>\n","protected":false},"featured_media":18524,"template":"","meta":[],"product_brand":[],"product_cat":[187],"product_tag":[169],"class_list":{"0":"post-19324","1":"product","2":"type-product","3":"status-publish","4":"has-post-thumbnail","6":"product_cat-lego-duplo-en","7":"product_tag-1-5-en","9":"first","10":"instock","11":"taxable","12":"shipping-taxable","13":"purchasable","14":"product-type-simple","15":"add-to-wishlist-after_add_to_cart"},"yoast_head":"<!-- This site is optimized with the Yoast SEO plugin v27.4 - https:\/\/yoast.com\/product\/yoast-seo-wordpress\/ -->\n<title>LEGO\u00ae DUPLO 10441 - Kujude sorteerimine: kutsika maja - Ehita oma maailm - klots klotsi haaval<\/title>\n<meta name=\"description\" content=\"Kutsikaid armastavatel koolieelikutel on komplektiga Kujude sorteerimine: kutsika maja (10441) kaks v\u00f5imalust m\u00e4ngimiseks\" \/>\n<meta name=\"robots\" content=\"index, follow, max-snippet:-1, max-image-preview:large, max-video-preview:-1\" \/>\n<link rel=\"canonical\" href=\"https:\/\/playwell.ee\/en\/product\/lego-duplo-10441-kujude-sorteerimine-kutsika-maja\/\" \/>\n<meta property=\"og:locale\" content=\"en_US\" \/>\n<meta property=\"og:type\" content=\"article\" \/>\n<meta property=\"og:title\" content=\"LEGO\u00ae DUPLO 10441 - Kujude sorteerimine: kutsika maja - Ehita oma maailm - klots klotsi haaval\" \/>\n<meta property=\"og:description\" content=\"Kutsikaid armastavatel koolieelikutel on komplektiga Kujude sorteerimine: kutsika maja (10441) kaks v\u00f5imalust m\u00e4ngimiseks\" \/>\n<meta property=\"og:url\" content=\"https:\/\/playwell.ee\/en\/product\/lego-duplo-10441-kujude-sorteerimine-kutsika-maja\/\" \/>\n<meta property=\"og:site_name\" content=\"Ehita oma maailm - klots klotsi haaval\" \/>\n<meta property=\"article:publisher\" content=\"https:\/\/www.facebook.com\/profile.php?id=100091128044867\" \/>\n<meta property=\"article:modified_time\" content=\"2026-03-18T16:47:17+00:00\" \/>\n<meta property=\"og:image\" content=\"https:\/\/playwell.ee\/wp-content\/uploads\/2025\/06\/LEGO_10441_Box1_v39.jpg\" \/>\n\t<meta property=\"og:image:width\" content=\"1805\" \/>\n\t<meta property=\"og:image:height\" content=\"1800\" \/>\n\t<meta property=\"og:image:type\" content=\"image\/jpeg\" \/>\n<meta name=\"twitter:card\" content=\"summary_large_image\" \/>\n<meta name=\"twitter:label1\" content=\"Est. reading time\" \/>\n\t<meta name=\"twitter:data1\" content=\"2 minutes\" \/>\n<script type=\"application\/ld+json\" class=\"yoast-schema-graph\">{\"@context\":\"https:\\\/\\\/schema.org\",\"@graph\":[{\"@type\":\"WebPage\",\"@id\":\"https:\\\/\\\/playwell.ee\\\/en\\\/product\\\/lego-duplo-10441-kujude-sorteerimine-kutsika-maja\\\/\",\"url\":\"https:\\\/\\\/playwell.ee\\\/en\\\/product\\\/lego-duplo-10441-kujude-sorteerimine-kutsika-maja\\\/\",\"name\":\"LEGO\u00ae DUPLO 10441 - Kujude sorteerimine: kutsika maja - Ehita oma maailm - klots klotsi haaval\",\"isPartOf\":{\"@id\":\"https:\\\/\\\/playwell.ee\\\/#website\"},\"primaryImageOfPage\":{\"@id\":\"https:\\\/\\\/playwell.ee\\\/en\\\/product\\\/lego-duplo-10441-kujude-sorteerimine-kutsika-maja\\\/#primaryimage\"},\"image\":{\"@id\":\"https:\\\/\\\/playwell.ee\\\/en\\\/product\\\/lego-duplo-10441-kujude-sorteerimine-kutsika-maja\\\/#primaryimage\"},\"thumbnailUrl\":\"https:\\\/\\\/playwell.ee\\\/wp-content\\\/uploads\\\/2025\\\/06\\\/LEGO_10441_Box1_v39.jpg\",\"datePublished\":\"2025-06-18T17:13:41+00:00\",\"dateModified\":\"2026-03-18T16:47:17+00:00\",\"description\":\"Kutsikaid armastavatel koolieelikutel on komplektiga Kujude sorteerimine: kutsika maja (10441) kaks v\u00f5imalust m\u00e4ngimiseks\",\"breadcrumb\":{\"@id\":\"https:\\\/\\\/playwell.ee\\\/en\\\/product\\\/lego-duplo-10441-kujude-sorteerimine-kutsika-maja\\\/#breadcrumb\"},\"inLanguage\":\"en-US\",\"potentialAction\":[{\"@type\":\"ReadAction\",\"target\":[\"https:\\\/\\\/playwell.ee\\\/en\\\/product\\\/lego-duplo-10441-kujude-sorteerimine-kutsika-maja\\\/\"]}]},{\"@type\":\"ImageObject\",\"inLanguage\":\"en-US\",\"@id\":\"https:\\\/\\\/playwell.ee\\\/en\\\/product\\\/lego-duplo-10441-kujude-sorteerimine-kutsika-maja\\\/#primaryimage\",\"url\":\"https:\\\/\\\/playwell.ee\\\/wp-content\\\/uploads\\\/2025\\\/06\\\/LEGO_10441_Box1_v39.jpg\",\"contentUrl\":\"https:\\\/\\\/playwell.ee\\\/wp-content\\\/uploads\\\/2025\\\/06\\\/LEGO_10441_Box1_v39.jpg\",\"width\":1805,\"height\":1800},{\"@type\":\"BreadcrumbList\",\"@id\":\"https:\\\/\\\/playwell.ee\\\/en\\\/product\\\/lego-duplo-10441-kujude-sorteerimine-kutsika-maja\\\/#breadcrumb\",\"itemListElement\":[{\"@type\":\"ListItem\",\"position\":1,\"name\":\"Home\",\"item\":\"https:\\\/\\\/playwell.ee\\\/en\\\/\"},{\"@type\":\"ListItem\",\"position\":2,\"name\":\"All LEGO Products\",\"item\":\"https:\\\/\\\/playwell.ee\\\/en\\\/all-products\\\/\"},{\"@type\":\"ListItem\",\"position\":3,\"name\":\"LEGO\u00ae DUPLO 10441 &#8211; Kujude sorteerimine: kutsika maja\"}]},{\"@type\":\"WebSite\",\"@id\":\"https:\\\/\\\/playwell.ee\\\/#website\",\"url\":\"https:\\\/\\\/playwell.ee\\\/\",\"name\":\"Ehita oma maailm - klots klotsi haaval\",\"description\":\"Playwell | LEGO pood Eestis\",\"publisher\":{\"@id\":\"https:\\\/\\\/playwell.ee\\\/#organization\"},\"potentialAction\":[{\"@type\":\"SearchAction\",\"target\":{\"@type\":\"EntryPoint\",\"urlTemplate\":\"https:\\\/\\\/playwell.ee\\\/?s={search_term_string}\"},\"query-input\":{\"@type\":\"PropertyValueSpecification\",\"valueRequired\":true,\"valueName\":\"search_term_string\"}}],\"inLanguage\":\"en-US\"},{\"@type\":\"Organization\",\"@id\":\"https:\\\/\\\/playwell.ee\\\/#organization\",\"name\":\"Playwell.ee\",\"url\":\"https:\\\/\\\/playwell.ee\\\/\",\"logo\":{\"@type\":\"ImageObject\",\"inLanguage\":\"en-US\",\"@id\":\"https:\\\/\\\/playwell.ee\\\/#\\\/schema\\\/logo\\\/image\\\/\",\"url\":\"https:\\\/\\\/playwell.ee\\\/wp-content\\\/uploads\\\/2024\\\/06\\\/Logo-01-1.png\",\"contentUrl\":\"https:\\\/\\\/playwell.ee\\\/wp-content\\\/uploads\\\/2024\\\/06\\\/Logo-01-1.png\",\"width\":2980,\"height\":1009,\"caption\":\"Playwell.ee\"},\"image\":{\"@id\":\"https:\\\/\\\/playwell.ee\\\/#\\\/schema\\\/logo\\\/image\\\/\"},\"sameAs\":[\"https:\\\/\\\/www.facebook.com\\\/profile.php?id=100091128044867\"]}]}<\/script>\n<!-- \/ Yoast SEO plugin. -->","yoast_head_json":{"title":"LEGO\u00ae DUPLO 10441 - Kujude sorteerimine: kutsika maja - Ehita oma maailm - klots klotsi haaval","description":"Kutsikaid armastavatel koolieelikutel on komplektiga Kujude sorteerimine: kutsika maja (10441) kaks v\u00f5imalust m\u00e4ngimiseks","robots":{"index":"index","follow":"follow","max-snippet":"max-snippet:-1","max-image-preview":"max-image-preview:large","max-video-preview":"max-video-preview:-1"},"canonical":"https:\/\/playwell.ee\/en\/product\/lego-duplo-10441-kujude-sorteerimine-kutsika-maja\/","og_locale":"en_US","og_type":"article","og_title":"LEGO\u00ae DUPLO 10441 - Kujude sorteerimine: kutsika maja - Ehita oma maailm - klots klotsi haaval","og_description":"Kutsikaid armastavatel koolieelikutel on komplektiga Kujude sorteerimine: kutsika maja (10441) kaks v\u00f5imalust m\u00e4ngimiseks","og_url":"https:\/\/playwell.ee\/en\/product\/lego-duplo-10441-kujude-sorteerimine-kutsika-maja\/","og_site_name":"Ehita oma maailm - klots klotsi haaval","article_publisher":"https:\/\/www.facebook.com\/profile.php?id=100091128044867","article_modified_time":"2026-03-18T16:47:17+00:00","og_image":[{"width":1805,"height":1800,"url":"https:\/\/playwell.ee\/wp-content\/uploads\/2025\/06\/LEGO_10441_Box1_v39.jpg","type":"image\/jpeg"}],"twitter_card":"summary_large_image","twitter_misc":{"Est. reading time":"2 minutes"},"schema":{"@context":"https:\/\/schema.org","@graph":[{"@type":"WebPage","@id":"https:\/\/playwell.ee\/en\/product\/lego-duplo-10441-kujude-sorteerimine-kutsika-maja\/","url":"https:\/\/playwell.ee\/en\/product\/lego-duplo-10441-kujude-sorteerimine-kutsika-maja\/","name":"LEGO\u00ae DUPLO 10441 - Kujude sorteerimine: kutsika maja - Ehita oma maailm - klots klotsi haaval","isPartOf":{"@id":"https:\/\/playwell.ee\/#website"},"primaryImageOfPage":{"@id":"https:\/\/playwell.ee\/en\/product\/lego-duplo-10441-kujude-sorteerimine-kutsika-maja\/#primaryimage"},"image":{"@id":"https:\/\/playwell.ee\/en\/product\/lego-duplo-10441-kujude-sorteerimine-kutsika-maja\/#primaryimage"},"thumbnailUrl":"https:\/\/playwell.ee\/wp-content\/uploads\/2025\/06\/LEGO_10441_Box1_v39.jpg","datePublished":"2025-06-18T17:13:41+00:00","dateModified":"2026-03-18T16:47:17+00:00","description":"Kutsikaid armastavatel koolieelikutel on komplektiga Kujude sorteerimine: kutsika maja (10441) kaks v\u00f5imalust m\u00e4ngimiseks","breadcrumb":{"@id":"https:\/\/playwell.ee\/en\/product\/lego-duplo-10441-kujude-sorteerimine-kutsika-maja\/#breadcrumb"},"inLanguage":"en-US","potentialAction":[{"@type":"ReadAction","target":["https:\/\/playwell.ee\/en\/product\/lego-duplo-10441-kujude-sorteerimine-kutsika-maja\/"]}]},{"@type":"ImageObject","inLanguage":"en-US","@id":"https:\/\/playwell.ee\/en\/product\/lego-duplo-10441-kujude-sorteerimine-kutsika-maja\/#primaryimage","url":"https:\/\/playwell.ee\/wp-content\/uploads\/2025\/06\/LEGO_10441_Box1_v39.jpg","contentUrl":"https:\/\/playwell.ee\/wp-content\/uploads\/2025\/06\/LEGO_10441_Box1_v39.jpg","width":1805,"height":1800},{"@type":"BreadcrumbList","@id":"https:\/\/playwell.ee\/en\/product\/lego-duplo-10441-kujude-sorteerimine-kutsika-maja\/#breadcrumb","itemListElement":[{"@type":"ListItem","position":1,"name":"Home","item":"https:\/\/playwell.ee\/en\/"},{"@type":"ListItem","position":2,"name":"All LEGO Products","item":"https:\/\/playwell.ee\/en\/all-products\/"},{"@type":"ListItem","position":3,"name":"LEGO\u00ae DUPLO 10441 &#8211; Kujude sorteerimine: kutsika maja"}]},{"@type":"WebSite","@id":"https:\/\/playwell.ee\/#website","url":"https:\/\/playwell.ee\/","name":"Ehita oma maailm - klots klotsi haaval","description":"Playwell | LEGO pood Eestis","publisher":{"@id":"https:\/\/playwell.ee\/#organization"},"potentialAction":[{"@type":"SearchAction","target":{"@type":"EntryPoint","urlTemplate":"https:\/\/playwell.ee\/?s={search_term_string}"},"query-input":{"@type":"PropertyValueSpecification","valueRequired":true,"valueName":"search_term_string"}}],"inLanguage":"en-US"},{"@type":"Organization","@id":"https:\/\/playwell.ee\/#organization","name":"Playwell.ee","url":"https:\/\/playwell.ee\/","logo":{"@type":"ImageObject","inLanguage":"en-US","@id":"https:\/\/playwell.ee\/#\/schema\/logo\/image\/","url":"https:\/\/playwell.ee\/wp-content\/uploads\/2024\/06\/Logo-01-1.png","contentUrl":"https:\/\/playwell.ee\/wp-content\/uploads\/2024\/06\/Logo-01-1.png","width":2980,"height":1009,"caption":"Playwell.ee"},"image":{"@id":"https:\/\/playwell.ee\/#\/schema\/logo\/image\/"},"sameAs":["https:\/\/www.facebook.com\/profile.php?id=100091128044867"]}]}},"_links":{"self":[{"href":"https:\/\/playwell.ee\/en\/wp-json\/wp\/v2\/product\/19324","targetHints":{"allow":["GET"]}}],"collection":[{"href":"https:\/\/playwell.ee\/en\/wp-json\/wp\/v2\/product"}],"about":[{"href":"https:\/\/playwell.ee\/en\/wp-json\/wp\/v2\/types\/product"}],"wp:featuredmedia":[{"embeddable":true,"href":"https:\/\/playwell.ee\/en\/wp-json\/wp\/v2\/media\/18524"}],"wp:attachment":[{"href":"https:\/\/playwell.ee\/en\/wp-json\/wp\/v2\/media?parent=19324"}],"wp:term":[{"taxonomy":"product_brand","embeddable":true,"href":"https:\/\/playwell.ee\/en\/wp-json\/wp\/v2\/product_brand?post=19324"},{"taxonomy":"product_cat","embeddable":true,"href":"https:\/\/playwell.ee\/en\/wp-json\/wp\/v2\/product_cat?post=19324"},{"taxonomy":"product_tag","embeddable":true,"href":"https:\/\/playwell.ee\/en\/wp-json\/wp\/v2\/product_tag?post=19324"}],"curies":[{"name":"wp","href":"https:\/\/api.w.org\/{rel}","templated":true}]}}