{"id":19316,"date":"2025-06-18T19:13:42","date_gmt":"2025-06-18T17:13:42","guid":{"rendered":"https:\/\/playwell.ee\/product\/lego-duplo-10450-hopsy-lossimang\/"},"modified":"2025-06-21T10:54:12","modified_gmt":"2025-06-21T08:54:12","slug":"lego-duplo-10450-hopsy-lossimang","status":"publish","type":"product","link":"https:\/\/playwell.ee\/en\/product\/lego-duplo-10450-hopsy-lossimang\/","title":{"rendered":"LEGO\u00ae DUPLO 10450 &#8211; Hopsy lossim\u00e4ng"},"content":{"rendered":"<p>Naudi oma v\u00e4ikelapsega tundidepikkust m\u00e4ngu, aidates tal oma oskusi arendada LEGO\u00ae DUPLO\u00ae Hopsy lossim\u00e4ngu (10450) kaks \u00fches lauam\u00e4nguga. Mudilased alustavad LEGO DUPLO \u00f5ppeseiklust, harjutades loendamise ja v\u00e4rvide sorteerimise oskusi, m\u00e4ngides samal ajal \u00fchte kahesta l\u00f5busast m\u00e4ngust.<\/p>\n<p>Esmalt kasutavad mudilased kasutavad loendamis- ja v\u00e4rvioskusi, et ehitada loominguline lossim\u00e4nguasi. See l\u00f5bus peretegevus algab sellest, et iga m\u00e4ngija valib m\u00e4ngulooma ja keerutab seej\u00e4rel noolt, et n\u00e4ha, kui palju kohti laual nad saavad edasi liikuda. Seej\u00e4rel lisavad nad mudelile \u00fche seda v\u00e4rvi klotsi, millele nad liikusid. M\u00e4ng l\u00f5peb, kui k\u00f5ik tegelased j\u00f5uavad lossi. Teises m\u00e4ngus kasutavad v\u00e4ikelapsed v\u00e4rvide sorteerimist, et n\u00e4ha, kes suudab ehitada k\u00f5rgeima m\u00e4ngutorni. M\u00e4ngijad keerutavad noolt, et n\u00e4ha, mis v\u00e4rvi klotse nad peavad oma ehitusm\u00e4nguasjale lisama.<\/p>\n<p>See hariv m\u00e4nguasi sisaldab hulgaliselt \u00f5ppetegevusi, nagu oma korra ootamise m\u00f5istmine, kujutlusv\u00f5ime ja peenmotoorika kasutamineloominguliseks ehitamiseks v\u00f5i meeskonnana t\u00f6\u00f6tamine lossi valmimiseks.<\/p>\n<p>\u00d5pi ehitamise kaudu \u2013 naudi l\u00f5busaid peretegevusi LEGO\u00ae DUPLO\u00ae Hopsy lossim\u00e4ngu kaks \u00fches lauam\u00e4nguga eelkooliealistele<br \/>\nPalju oskusi arendavaid funktsioone \u2013 m\u00e4ng sisaldab keerutajat, m\u00e4ngulauda, 3 loomafiguuri ning 47 klotsi ja detaili, et ehitada vahvaid lossim\u00e4nguasju<br \/>\nM\u00e4ngur\u00f5\u00f5m kogu perele \u2013 see ehitusm\u00e4nguasi sisaldab kahte m\u00e4ngu, mis aitavad v\u00e4ikelastel \u00f5ppida numbreid ja v\u00e4rve tundma ning oma korda ootama<br \/>\nEelkooliealiste \u00f5ppem\u00e4nguasi \u2013 see hariv m\u00e4nguasi aitab v\u00e4ikelastel \u00f5ppida tegevusi kordam\u00f6\u00f6da tegema ja meeskonnana t\u00f6\u00f6tama ning aitab neil arendada oma peenmotoorikat ja loovust<br \/>\nKingitus v\u00e4ikelastele \u2013 see kaasahaarav \u00f5ppetegevus on suurep\u00e4rane kingitus 3-aastastele ja vanematele v\u00e4ikelastele, kes armastavad loomingulist m\u00e4ngu<br \/>\nDigitaalsed ehitusjuhised \u2013 LEGO\u00ae Builderi rakendus sisaldab selle komplektiga kaasas olevate juhiste digitaalset versiooni; komplekti on p\u00f5hjalikult testitud, et tagada ohutu m\u00e4ngukogemus<br \/>\nEelkooliealiste laste \u00f5ppem\u00e4nguasi \u2013 LEGO\u00ae DUPLO\u00ae loomingulised m\u00e4nguasjad panevad mudilased \u00f5ppima, arendades nende oskusi ja emotsionaalset arengut l\u00f5busa m\u00e4ngu kaudu<br \/>\nM\u00f5\u00f5dud \u2013 47-osaline komplekt m\u00e4ngulauaga, mille pikkus on 32 cm ja laius 22 cm<\/p>\n","protected":false},"excerpt":{"rendered":"<p><strong>Tasuta tarne alates 120\u20ac * Kogu kaup Eesti laos olemas * Kiire tarne<\/strong><\/p>\n<ul>\n<li>Osasi: 47<\/li>\n<li>Vanus: 4+<\/li>\n<\/ul>\n","protected":false},"featured_media":18576,"template":"","meta":[],"product_brand":[],"product_cat":[187],"product_tag":[170],"class_list":{"0":"post-19316","1":"product","2":"type-product","3":"status-publish","4":"has-post-thumbnail","6":"product_cat-lego-duplo-en","7":"product_tag-4-en","8":"new","10":"first","11":"instock","12":"taxable","13":"shipping-taxable","14":"purchasable","15":"product-type-simple","16":"add-to-wishlist-after_add_to_cart"},"yoast_head":"<!-- This site is optimized with the Yoast SEO plugin v27.2 - https:\/\/yoast.com\/product\/yoast-seo-wordpress\/ -->\n<title>LEGO\u00ae DUPLO 10450 - Hopsy lossim\u00e4ng - Ehita oma maailm - klots klotsi haaval<\/title>\n<meta name=\"description\" content=\"Naudi oma v\u00e4ikelapsega tundidepikkust m\u00e4ngu, aidates tal oma oskusi arendada LEGO\u00ae DUPLO\u00ae Hopsy lossim\u00e4ngu (10450) kaks \u00fches lauam\u00e4nguga\" \/>\n<meta name=\"robots\" content=\"index, follow, max-snippet:-1, max-image-preview:large, max-video-preview:-1\" \/>\n<link rel=\"canonical\" href=\"https:\/\/playwell.ee\/toode\/lego-duplo-10450-hopsy-lossimang\/\" \/>\n<meta property=\"og:locale\" content=\"en_US\" \/>\n<meta property=\"og:type\" content=\"article\" \/>\n<meta property=\"og:title\" content=\"LEGO\u00ae DUPLO 10450 - Hopsy lossim\u00e4ng - Ehita oma maailm - klots klotsi haaval\" \/>\n<meta property=\"og:description\" content=\"Naudi oma v\u00e4ikelapsega tundidepikkust m\u00e4ngu, aidates tal oma oskusi arendada LEGO\u00ae DUPLO\u00ae Hopsy lossim\u00e4ngu (10450) kaks \u00fches lauam\u00e4nguga\" \/>\n<meta property=\"og:url\" content=\"https:\/\/playwell.ee\/toode\/lego-duplo-10450-hopsy-lossimang\/\" \/>\n<meta property=\"og:site_name\" content=\"Ehita oma maailm - klots klotsi haaval\" \/>\n<meta property=\"article:publisher\" content=\"https:\/\/www.facebook.com\/profile.php?id=100091128044867\" \/>\n<meta property=\"article:modified_time\" content=\"2025-06-21T08:54:12+00:00\" \/>\n<meta property=\"og:image\" content=\"https:\/\/playwell.ee\/wp-content\/uploads\/2025\/06\/LEGO_10450_Box1_v39-scaled.jpg\" \/>\n\t<meta property=\"og:image:width\" content=\"2560\" \/>\n\t<meta property=\"og:image:height\" content=\"2038\" \/>\n\t<meta property=\"og:image:type\" content=\"image\/jpeg\" \/>\n<meta name=\"twitter:card\" content=\"summary_large_image\" \/>\n<meta name=\"twitter:label1\" content=\"Est. reading time\" \/>\n\t<meta name=\"twitter:data1\" content=\"2 minutes\" \/>\n<script type=\"application\/ld+json\" class=\"yoast-schema-graph\">{\"@context\":\"https:\/\/schema.org\",\"@graph\":[{\"@type\":\"WebPage\",\"@id\":\"https:\/\/playwell.ee\/toode\/lego-duplo-10450-hopsy-lossimang\/\",\"url\":\"https:\/\/playwell.ee\/toode\/lego-duplo-10450-hopsy-lossimang\/\",\"name\":\"LEGO\u00ae DUPLO 10450 - Hopsy lossim\u00e4ng - Ehita oma maailm - klots klotsi haaval\",\"isPartOf\":{\"@id\":\"https:\/\/playwell.ee\/#website\"},\"primaryImageOfPage\":{\"@id\":\"https:\/\/playwell.ee\/toode\/lego-duplo-10450-hopsy-lossimang\/#primaryimage\"},\"image\":{\"@id\":\"https:\/\/playwell.ee\/toode\/lego-duplo-10450-hopsy-lossimang\/#primaryimage\"},\"thumbnailUrl\":\"https:\/\/playwell.ee\/wp-content\/uploads\/2025\/06\/LEGO_10450_Box1_v39-scaled.jpg\",\"datePublished\":\"2025-06-18T17:13:42+00:00\",\"dateModified\":\"2025-06-21T08:54:12+00:00\",\"description\":\"Naudi oma v\u00e4ikelapsega tundidepikkust m\u00e4ngu, aidates tal oma oskusi arendada LEGO\u00ae DUPLO\u00ae Hopsy lossim\u00e4ngu (10450) kaks \u00fches lauam\u00e4nguga\",\"breadcrumb\":{\"@id\":\"https:\/\/playwell.ee\/toode\/lego-duplo-10450-hopsy-lossimang\/#breadcrumb\"},\"inLanguage\":\"en-US\",\"potentialAction\":[{\"@type\":\"ReadAction\",\"target\":[\"https:\/\/playwell.ee\/toode\/lego-duplo-10450-hopsy-lossimang\/\"]}]},{\"@type\":\"ImageObject\",\"inLanguage\":\"en-US\",\"@id\":\"https:\/\/playwell.ee\/toode\/lego-duplo-10450-hopsy-lossimang\/#primaryimage\",\"url\":\"https:\/\/playwell.ee\/wp-content\/uploads\/2025\/06\/LEGO_10450_Box1_v39-scaled.jpg\",\"contentUrl\":\"https:\/\/playwell.ee\/wp-content\/uploads\/2025\/06\/LEGO_10450_Box1_v39-scaled.jpg\",\"width\":2560,\"height\":2038,\"caption\":\"Hopsy lossim\u00e4ng 10450\"},{\"@type\":\"BreadcrumbList\",\"@id\":\"https:\/\/playwell.ee\/toode\/lego-duplo-10450-hopsy-lossimang\/#breadcrumb\",\"itemListElement\":[{\"@type\":\"ListItem\",\"position\":1,\"name\":\"Home\",\"item\":\"https:\/\/playwell.ee\/en\/\"},{\"@type\":\"ListItem\",\"position\":2,\"name\":\"All LEGO Products\",\"item\":\"https:\/\/playwell.ee\/en\/all-products\/\"},{\"@type\":\"ListItem\",\"position\":3,\"name\":\"LEGO\u00ae DUPLO 10450 &#8211; Hopsy lossim\u00e4ng\"}]},{\"@type\":\"WebSite\",\"@id\":\"https:\/\/playwell.ee\/#website\",\"url\":\"https:\/\/playwell.ee\/\",\"name\":\"Ehita oma maailm - klots klotsi haaval\",\"description\":\"Playwell | LEGO pood Eestis\",\"publisher\":{\"@id\":\"https:\/\/playwell.ee\/#organization\"},\"potentialAction\":[{\"@type\":\"SearchAction\",\"target\":{\"@type\":\"EntryPoint\",\"urlTemplate\":\"https:\/\/playwell.ee\/?s={search_term_string}\"},\"query-input\":{\"@type\":\"PropertyValueSpecification\",\"valueRequired\":true,\"valueName\":\"search_term_string\"}}],\"inLanguage\":\"en-US\"},{\"@type\":\"Organization\",\"@id\":\"https:\/\/playwell.ee\/#organization\",\"name\":\"Playwell.ee\",\"url\":\"https:\/\/playwell.ee\/\",\"logo\":{\"@type\":\"ImageObject\",\"inLanguage\":\"en-US\",\"@id\":\"https:\/\/playwell.ee\/#\/schema\/logo\/image\/\",\"url\":\"https:\/\/playwell.ee\/wp-content\/uploads\/2024\/06\/Logo-01-1.png\",\"contentUrl\":\"https:\/\/playwell.ee\/wp-content\/uploads\/2024\/06\/Logo-01-1.png\",\"width\":2980,\"height\":1009,\"caption\":\"Playwell.ee\"},\"image\":{\"@id\":\"https:\/\/playwell.ee\/#\/schema\/logo\/image\/\"},\"sameAs\":[\"https:\/\/www.facebook.com\/profile.php?id=100091128044867\"]}]}<\/script>\n<!-- \/ Yoast SEO plugin. -->","yoast_head_json":{"title":"LEGO\u00ae DUPLO 10450 - Hopsy lossim\u00e4ng - Ehita oma maailm - klots klotsi haaval","description":"Naudi oma v\u00e4ikelapsega tundidepikkust m\u00e4ngu, aidates tal oma oskusi arendada LEGO\u00ae DUPLO\u00ae Hopsy lossim\u00e4ngu (10450) kaks \u00fches lauam\u00e4nguga","robots":{"index":"index","follow":"follow","max-snippet":"max-snippet:-1","max-image-preview":"max-image-preview:large","max-video-preview":"max-video-preview:-1"},"canonical":"https:\/\/playwell.ee\/toode\/lego-duplo-10450-hopsy-lossimang\/","og_locale":"en_US","og_type":"article","og_title":"LEGO\u00ae DUPLO 10450 - Hopsy lossim\u00e4ng - Ehita oma maailm - klots klotsi haaval","og_description":"Naudi oma v\u00e4ikelapsega tundidepikkust m\u00e4ngu, aidates tal oma oskusi arendada LEGO\u00ae DUPLO\u00ae Hopsy lossim\u00e4ngu (10450) kaks \u00fches lauam\u00e4nguga","og_url":"https:\/\/playwell.ee\/toode\/lego-duplo-10450-hopsy-lossimang\/","og_site_name":"Ehita oma maailm - klots klotsi haaval","article_publisher":"https:\/\/www.facebook.com\/profile.php?id=100091128044867","article_modified_time":"2025-06-21T08:54:12+00:00","og_image":[{"width":2560,"height":2038,"url":"https:\/\/playwell.ee\/wp-content\/uploads\/2025\/06\/LEGO_10450_Box1_v39-scaled.jpg","type":"image\/jpeg"}],"twitter_card":"summary_large_image","twitter_misc":{"Est. reading time":"2 minutes"},"schema":{"@context":"https:\/\/schema.org","@graph":[{"@type":"WebPage","@id":"https:\/\/playwell.ee\/toode\/lego-duplo-10450-hopsy-lossimang\/","url":"https:\/\/playwell.ee\/toode\/lego-duplo-10450-hopsy-lossimang\/","name":"LEGO\u00ae DUPLO 10450 - Hopsy lossim\u00e4ng - Ehita oma maailm - klots klotsi haaval","isPartOf":{"@id":"https:\/\/playwell.ee\/#website"},"primaryImageOfPage":{"@id":"https:\/\/playwell.ee\/toode\/lego-duplo-10450-hopsy-lossimang\/#primaryimage"},"image":{"@id":"https:\/\/playwell.ee\/toode\/lego-duplo-10450-hopsy-lossimang\/#primaryimage"},"thumbnailUrl":"https:\/\/playwell.ee\/wp-content\/uploads\/2025\/06\/LEGO_10450_Box1_v39-scaled.jpg","datePublished":"2025-06-18T17:13:42+00:00","dateModified":"2025-06-21T08:54:12+00:00","description":"Naudi oma v\u00e4ikelapsega tundidepikkust m\u00e4ngu, aidates tal oma oskusi arendada LEGO\u00ae DUPLO\u00ae Hopsy lossim\u00e4ngu (10450) kaks \u00fches lauam\u00e4nguga","breadcrumb":{"@id":"https:\/\/playwell.ee\/toode\/lego-duplo-10450-hopsy-lossimang\/#breadcrumb"},"inLanguage":"en-US","potentialAction":[{"@type":"ReadAction","target":["https:\/\/playwell.ee\/toode\/lego-duplo-10450-hopsy-lossimang\/"]}]},{"@type":"ImageObject","inLanguage":"en-US","@id":"https:\/\/playwell.ee\/toode\/lego-duplo-10450-hopsy-lossimang\/#primaryimage","url":"https:\/\/playwell.ee\/wp-content\/uploads\/2025\/06\/LEGO_10450_Box1_v39-scaled.jpg","contentUrl":"https:\/\/playwell.ee\/wp-content\/uploads\/2025\/06\/LEGO_10450_Box1_v39-scaled.jpg","width":2560,"height":2038,"caption":"Hopsy lossim\u00e4ng 10450"},{"@type":"BreadcrumbList","@id":"https:\/\/playwell.ee\/toode\/lego-duplo-10450-hopsy-lossimang\/#breadcrumb","itemListElement":[{"@type":"ListItem","position":1,"name":"Home","item":"https:\/\/playwell.ee\/en\/"},{"@type":"ListItem","position":2,"name":"All LEGO Products","item":"https:\/\/playwell.ee\/en\/all-products\/"},{"@type":"ListItem","position":3,"name":"LEGO\u00ae DUPLO 10450 &#8211; Hopsy lossim\u00e4ng"}]},{"@type":"WebSite","@id":"https:\/\/playwell.ee\/#website","url":"https:\/\/playwell.ee\/","name":"Ehita oma maailm - klots klotsi haaval","description":"Playwell | LEGO pood Eestis","publisher":{"@id":"https:\/\/playwell.ee\/#organization"},"potentialAction":[{"@type":"SearchAction","target":{"@type":"EntryPoint","urlTemplate":"https:\/\/playwell.ee\/?s={search_term_string}"},"query-input":{"@type":"PropertyValueSpecification","valueRequired":true,"valueName":"search_term_string"}}],"inLanguage":"en-US"},{"@type":"Organization","@id":"https:\/\/playwell.ee\/#organization","name":"Playwell.ee","url":"https:\/\/playwell.ee\/","logo":{"@type":"ImageObject","inLanguage":"en-US","@id":"https:\/\/playwell.ee\/#\/schema\/logo\/image\/","url":"https:\/\/playwell.ee\/wp-content\/uploads\/2024\/06\/Logo-01-1.png","contentUrl":"https:\/\/playwell.ee\/wp-content\/uploads\/2024\/06\/Logo-01-1.png","width":2980,"height":1009,"caption":"Playwell.ee"},"image":{"@id":"https:\/\/playwell.ee\/#\/schema\/logo\/image\/"},"sameAs":["https:\/\/www.facebook.com\/profile.php?id=100091128044867"]}]}},"_links":{"self":[{"href":"https:\/\/playwell.ee\/en\/wp-json\/wp\/v2\/product\/19316","targetHints":{"allow":["GET"]}}],"collection":[{"href":"https:\/\/playwell.ee\/en\/wp-json\/wp\/v2\/product"}],"about":[{"href":"https:\/\/playwell.ee\/en\/wp-json\/wp\/v2\/types\/product"}],"wp:featuredmedia":[{"embeddable":true,"href":"https:\/\/playwell.ee\/en\/wp-json\/wp\/v2\/media\/18576"}],"wp:attachment":[{"href":"https:\/\/playwell.ee\/en\/wp-json\/wp\/v2\/media?parent=19316"}],"wp:term":[{"taxonomy":"product_brand","embeddable":true,"href":"https:\/\/playwell.ee\/en\/wp-json\/wp\/v2\/product_brand?post=19316"},{"taxonomy":"product_cat","embeddable":true,"href":"https:\/\/playwell.ee\/en\/wp-json\/wp\/v2\/product_cat?post=19316"},{"taxonomy":"product_tag","embeddable":true,"href":"https:\/\/playwell.ee\/en\/wp-json\/wp\/v2\/product_tag?post=19316"}],"curies":[{"name":"wp","href":"https:\/\/api.w.org\/{rel}","templated":true}]}}