{"id":19314,"date":"2025-06-18T19:13:42","date_gmt":"2025-06-18T17:13:42","guid":{"rendered":"https:\/\/playwell.ee\/product\/lego-duplo-10448-kolm-uhes-loomad-ratastel\/"},"modified":"2025-06-21T10:54:12","modified_gmt":"2025-06-21T08:54:12","slug":"lego-duplo-10448-kolm-uhes-loomad-ratastel","status":"publish","type":"product","link":"https:\/\/playwell.ee\/en\/product\/lego-duplo-10448-kolm-uhes-loomad-ratastel\/","title":{"rendered":"LEGO\u00ae DUPLO 10448 &#8211; Kolm \u00fches: Loomad ratastel"},"content":{"rendered":"<p>Suurenda mudilaste loovust ehitusm\u00e4nguasjaga Kolm \u00fches: loomad ratastel (10448). V\u00e4ikesed loomas\u00f5brad leiavad lugematuid viise, kuidas nautida loomingulist m\u00e4ngu, ehitades pardi-, kala- v\u00f5i koeram\u00e4nguasja v\u00f5i luues isegi t\u00e4iesti uusi loomi! Eelkooliealised lapsed, kes armastavad LEGO\u00ae DUPLO\u00ae s\u00f5idukim\u00e4nguasju, ehitavad oma figuurid ratastele ja saavad neid enda j\u00e4rel t\u00f5mmata v\u00f5i veerema l\u00fckata.<\/p>\n<p>Sellel v\u00e4ikelastele m\u00f5eldud kingitusel on vahvad liikuvad funktsioonid, nagu painduv sabaosa ja hingedega elemendid, mis lihvivad laste peenmotoorikat. 58 klotsi kasutades harjutavad mudilased oma keskendumist, visadust ja kujutlusv\u00f5imet, kui nad l\u00f5putult oma loomingulisi m\u00e4nguloomi ehitavad ja \u00fcmber ehitavad.<\/p>\n<p>Sellel v\u00e4ikelaste m\u00e4nguasjal on palju l\u00f5busaid \u00f5ppimisfunktsioone. Kolm \u00fches LEGO DUPLO komplektiga on kaasas h\u00f5lpsasti k\u00e4sitsetavad klotsid, mida on lihtne eraldada, mist\u00f5ttu on v\u00e4ikelastel kerge \u00f5ppida ratastega alust tasakaalustama, et nende looming ei kukuks \u00fcmber.<\/p>\n<p>Ehitusm\u00e4nguasi tundidepikkuseks loominguliseks m\u00e4nguks \u2013 too mudilaste m\u00e4nguaegadesse v\u00e4rvi ja piiritut loovust m\u00e4nguasjaga LEGO\u00ae DUPLO\u00ae Kolm \u00fches: loomad ratastel<br \/>\nPiiramatute v\u00f5imalustega loominguline m\u00e4nguasi \u2013 58 v\u00e4ikelapses\u00f5bralikku klotsi v\u00f5imaldavad mudilastel ehitada kolm loomam\u00e4nguasja: pardi-, kala- v\u00f5i koerafiguuri v\u00f5i mis tahes muu olendi, kelle nende kujutlusv\u00f5ime suudab leiutada<br \/>\nLiikuvad osad arendavad peenmotoorikat \u2013 v\u00e4ikelapsed saavad anda oma loomam\u00e4nguasjadele liikuvad uimed, lehvivad tiivad ja keerava kaela, d\u00fcnaamilised detailid, mida v\u00e4ikestel s\u00f5rmedel on lust uurida<br \/>\n\u00d5ppem\u00e4nguasjad eelkooliealistele lastele \u2013 see kolm \u00fches m\u00e4nguasi aitab v\u00e4ikelastel arendada loovust, tasakaalustamist ja peenmotoorikat ning \u00f5petab v\u00e4rvide sorteerimist<br \/>\nKingitus v\u00e4ikelastele \u2013 see hariv LEGO\u00ae DUPLO\u00ae mudilaste m\u00e4nguasi on kaasahaarav kingitus 2-aastastele ja vanematele v\u00e4ikelastele, kes armastavad s\u00f5idukeid v\u00f5i loomam\u00e4nguasju<br \/>\nDigitaalsed ehitusjuhised \u2013 LEGO\u00ae Builderi rakendus sisaldab selle komplektiga kaasas olevate juhiste digitaalset versiooni; komplekti on p\u00f5hjalikult testitud, et tagada ohutu m\u00e4ngukogemus<br \/>\nM\u00e4nguasjad, mis aitavad v\u00e4ikelastel m\u00e4ngu kaudu \u00f5ppida \u2013 LEGO\u00ae DUPLO\u00ae \u00f5ppem\u00e4nguasjad aitavad mudilastel arendada olulisi oskusi, valmistades neid ette elukestvaks \u00f5ppeks<br \/>\nM\u00f5\u00f5dud \u2013 see 58-osaline ehitusm\u00e4nguasi sisaldab eelkooliealistele lastele m\u00f5eldud koerafiguuri, mis on 21 cm pikk<\/p>\n","protected":false},"excerpt":{"rendered":"<p><strong>Tasuta tarne alates 120\u20ac * Kogu kaup Eesti laos olemas * Kiire tarne<\/strong><\/p>\n<ul>\n<li>Osasi: 58<\/li>\n<li>Vanus: 1.5+<\/li>\n<\/ul>\n","protected":false},"featured_media":18562,"template":"","meta":[],"product_brand":[],"product_cat":[187],"product_tag":[169],"class_list":{"0":"post-19314","1":"product","2":"type-product","3":"status-publish","4":"has-post-thumbnail","6":"product_cat-lego-duplo-en","7":"product_tag-1-5-en","8":"new","10":"first","11":"instock","12":"taxable","13":"shipping-taxable","14":"purchasable","15":"product-type-simple","16":"add-to-wishlist-after_add_to_cart"},"yoast_head":"<!-- This site is optimized with the Yoast SEO plugin v27.4 - https:\/\/yoast.com\/product\/yoast-seo-wordpress\/ -->\n<title>LEGO\u00ae DUPLO 10448 - Kolm \u00fches: Loomad ratastel - Ehita oma maailm - klots klotsi haaval<\/title>\n<meta name=\"description\" content=\"Suurenda mudilaste loovust ehitusm\u00e4nguasjaga Kolm \u00fches: loomad ratastel (10448)\" \/>\n<meta name=\"robots\" content=\"index, follow, max-snippet:-1, max-image-preview:large, max-video-preview:-1\" \/>\n<link rel=\"canonical\" href=\"https:\/\/playwell.ee\/toode\/lego-duplo-10448-kolm-uhes-loomad-ratastel\/\" \/>\n<meta property=\"og:locale\" content=\"en_US\" \/>\n<meta property=\"og:type\" content=\"article\" \/>\n<meta property=\"og:title\" content=\"LEGO\u00ae DUPLO 10448 - Kolm \u00fches: Loomad ratastel - Ehita oma maailm - klots klotsi haaval\" \/>\n<meta property=\"og:description\" content=\"Suurenda mudilaste loovust ehitusm\u00e4nguasjaga Kolm \u00fches: loomad ratastel (10448)\" \/>\n<meta property=\"og:url\" content=\"https:\/\/playwell.ee\/toode\/lego-duplo-10448-kolm-uhes-loomad-ratastel\/\" \/>\n<meta property=\"og:site_name\" content=\"Ehita oma maailm - klots klotsi haaval\" \/>\n<meta property=\"article:publisher\" content=\"https:\/\/www.facebook.com\/profile.php?id=100091128044867\" \/>\n<meta property=\"article:modified_time\" content=\"2025-06-21T08:54:12+00:00\" \/>\n<meta property=\"og:image\" content=\"https:\/\/playwell.ee\/wp-content\/uploads\/2025\/06\/LEGO_10448_Box1_v39.jpg\" \/>\n\t<meta property=\"og:image:width\" content=\"2263\" \/>\n\t<meta property=\"og:image:height\" content=\"1800\" \/>\n\t<meta property=\"og:image:type\" content=\"image\/jpeg\" \/>\n<meta name=\"twitter:card\" content=\"summary_large_image\" \/>\n<meta name=\"twitter:label1\" content=\"Est. reading time\" \/>\n\t<meta name=\"twitter:data1\" content=\"2 minutes\" \/>\n<script type=\"application\/ld+json\" class=\"yoast-schema-graph\">{\"@context\":\"https:\\\/\\\/schema.org\",\"@graph\":[{\"@type\":\"WebPage\",\"@id\":\"https:\\\/\\\/playwell.ee\\\/toode\\\/lego-duplo-10448-kolm-uhes-loomad-ratastel\\\/\",\"url\":\"https:\\\/\\\/playwell.ee\\\/toode\\\/lego-duplo-10448-kolm-uhes-loomad-ratastel\\\/\",\"name\":\"LEGO\u00ae DUPLO 10448 - Kolm \u00fches: Loomad ratastel - Ehita oma maailm - klots klotsi haaval\",\"isPartOf\":{\"@id\":\"https:\\\/\\\/playwell.ee\\\/#website\"},\"primaryImageOfPage\":{\"@id\":\"https:\\\/\\\/playwell.ee\\\/toode\\\/lego-duplo-10448-kolm-uhes-loomad-ratastel\\\/#primaryimage\"},\"image\":{\"@id\":\"https:\\\/\\\/playwell.ee\\\/toode\\\/lego-duplo-10448-kolm-uhes-loomad-ratastel\\\/#primaryimage\"},\"thumbnailUrl\":\"https:\\\/\\\/playwell.ee\\\/wp-content\\\/uploads\\\/2025\\\/06\\\/LEGO_10448_Box1_v39.jpg\",\"datePublished\":\"2025-06-18T17:13:42+00:00\",\"dateModified\":\"2025-06-21T08:54:12+00:00\",\"description\":\"Suurenda mudilaste loovust ehitusm\u00e4nguasjaga Kolm \u00fches: loomad ratastel (10448)\",\"breadcrumb\":{\"@id\":\"https:\\\/\\\/playwell.ee\\\/toode\\\/lego-duplo-10448-kolm-uhes-loomad-ratastel\\\/#breadcrumb\"},\"inLanguage\":\"en-US\",\"potentialAction\":[{\"@type\":\"ReadAction\",\"target\":[\"https:\\\/\\\/playwell.ee\\\/toode\\\/lego-duplo-10448-kolm-uhes-loomad-ratastel\\\/\"]}]},{\"@type\":\"ImageObject\",\"inLanguage\":\"en-US\",\"@id\":\"https:\\\/\\\/playwell.ee\\\/toode\\\/lego-duplo-10448-kolm-uhes-loomad-ratastel\\\/#primaryimage\",\"url\":\"https:\\\/\\\/playwell.ee\\\/wp-content\\\/uploads\\\/2025\\\/06\\\/LEGO_10448_Box1_v39.jpg\",\"contentUrl\":\"https:\\\/\\\/playwell.ee\\\/wp-content\\\/uploads\\\/2025\\\/06\\\/LEGO_10448_Box1_v39.jpg\",\"width\":2263,\"height\":1800,\"caption\":\"Kolm \u00fches: Loomad ratastel 10448\"},{\"@type\":\"BreadcrumbList\",\"@id\":\"https:\\\/\\\/playwell.ee\\\/toode\\\/lego-duplo-10448-kolm-uhes-loomad-ratastel\\\/#breadcrumb\",\"itemListElement\":[{\"@type\":\"ListItem\",\"position\":1,\"name\":\"Home\",\"item\":\"https:\\\/\\\/playwell.ee\\\/en\\\/\"},{\"@type\":\"ListItem\",\"position\":2,\"name\":\"All LEGO Products\",\"item\":\"https:\\\/\\\/playwell.ee\\\/en\\\/all-products\\\/\"},{\"@type\":\"ListItem\",\"position\":3,\"name\":\"LEGO\u00ae DUPLO 10448 &#8211; Kolm \u00fches: Loomad ratastel\"}]},{\"@type\":\"WebSite\",\"@id\":\"https:\\\/\\\/playwell.ee\\\/#website\",\"url\":\"https:\\\/\\\/playwell.ee\\\/\",\"name\":\"Ehita oma maailm - klots klotsi haaval\",\"description\":\"Playwell | LEGO pood Eestis\",\"publisher\":{\"@id\":\"https:\\\/\\\/playwell.ee\\\/#organization\"},\"potentialAction\":[{\"@type\":\"SearchAction\",\"target\":{\"@type\":\"EntryPoint\",\"urlTemplate\":\"https:\\\/\\\/playwell.ee\\\/?s={search_term_string}\"},\"query-input\":{\"@type\":\"PropertyValueSpecification\",\"valueRequired\":true,\"valueName\":\"search_term_string\"}}],\"inLanguage\":\"en-US\"},{\"@type\":\"Organization\",\"@id\":\"https:\\\/\\\/playwell.ee\\\/#organization\",\"name\":\"Playwell.ee\",\"url\":\"https:\\\/\\\/playwell.ee\\\/\",\"logo\":{\"@type\":\"ImageObject\",\"inLanguage\":\"en-US\",\"@id\":\"https:\\\/\\\/playwell.ee\\\/#\\\/schema\\\/logo\\\/image\\\/\",\"url\":\"https:\\\/\\\/playwell.ee\\\/wp-content\\\/uploads\\\/2024\\\/06\\\/Logo-01-1.png\",\"contentUrl\":\"https:\\\/\\\/playwell.ee\\\/wp-content\\\/uploads\\\/2024\\\/06\\\/Logo-01-1.png\",\"width\":2980,\"height\":1009,\"caption\":\"Playwell.ee\"},\"image\":{\"@id\":\"https:\\\/\\\/playwell.ee\\\/#\\\/schema\\\/logo\\\/image\\\/\"},\"sameAs\":[\"https:\\\/\\\/www.facebook.com\\\/profile.php?id=100091128044867\"]}]}<\/script>\n<!-- \/ Yoast SEO plugin. -->","yoast_head_json":{"title":"LEGO\u00ae DUPLO 10448 - Kolm \u00fches: Loomad ratastel - Ehita oma maailm - klots klotsi haaval","description":"Suurenda mudilaste loovust ehitusm\u00e4nguasjaga Kolm \u00fches: loomad ratastel (10448)","robots":{"index":"index","follow":"follow","max-snippet":"max-snippet:-1","max-image-preview":"max-image-preview:large","max-video-preview":"max-video-preview:-1"},"canonical":"https:\/\/playwell.ee\/toode\/lego-duplo-10448-kolm-uhes-loomad-ratastel\/","og_locale":"en_US","og_type":"article","og_title":"LEGO\u00ae DUPLO 10448 - Kolm \u00fches: Loomad ratastel - Ehita oma maailm - klots klotsi haaval","og_description":"Suurenda mudilaste loovust ehitusm\u00e4nguasjaga Kolm \u00fches: loomad ratastel (10448)","og_url":"https:\/\/playwell.ee\/toode\/lego-duplo-10448-kolm-uhes-loomad-ratastel\/","og_site_name":"Ehita oma maailm - klots klotsi haaval","article_publisher":"https:\/\/www.facebook.com\/profile.php?id=100091128044867","article_modified_time":"2025-06-21T08:54:12+00:00","og_image":[{"width":2263,"height":1800,"url":"https:\/\/playwell.ee\/wp-content\/uploads\/2025\/06\/LEGO_10448_Box1_v39.jpg","type":"image\/jpeg"}],"twitter_card":"summary_large_image","twitter_misc":{"Est. reading time":"2 minutes"},"schema":{"@context":"https:\/\/schema.org","@graph":[{"@type":"WebPage","@id":"https:\/\/playwell.ee\/toode\/lego-duplo-10448-kolm-uhes-loomad-ratastel\/","url":"https:\/\/playwell.ee\/toode\/lego-duplo-10448-kolm-uhes-loomad-ratastel\/","name":"LEGO\u00ae DUPLO 10448 - Kolm \u00fches: Loomad ratastel - Ehita oma maailm - klots klotsi haaval","isPartOf":{"@id":"https:\/\/playwell.ee\/#website"},"primaryImageOfPage":{"@id":"https:\/\/playwell.ee\/toode\/lego-duplo-10448-kolm-uhes-loomad-ratastel\/#primaryimage"},"image":{"@id":"https:\/\/playwell.ee\/toode\/lego-duplo-10448-kolm-uhes-loomad-ratastel\/#primaryimage"},"thumbnailUrl":"https:\/\/playwell.ee\/wp-content\/uploads\/2025\/06\/LEGO_10448_Box1_v39.jpg","datePublished":"2025-06-18T17:13:42+00:00","dateModified":"2025-06-21T08:54:12+00:00","description":"Suurenda mudilaste loovust ehitusm\u00e4nguasjaga Kolm \u00fches: loomad ratastel (10448)","breadcrumb":{"@id":"https:\/\/playwell.ee\/toode\/lego-duplo-10448-kolm-uhes-loomad-ratastel\/#breadcrumb"},"inLanguage":"en-US","potentialAction":[{"@type":"ReadAction","target":["https:\/\/playwell.ee\/toode\/lego-duplo-10448-kolm-uhes-loomad-ratastel\/"]}]},{"@type":"ImageObject","inLanguage":"en-US","@id":"https:\/\/playwell.ee\/toode\/lego-duplo-10448-kolm-uhes-loomad-ratastel\/#primaryimage","url":"https:\/\/playwell.ee\/wp-content\/uploads\/2025\/06\/LEGO_10448_Box1_v39.jpg","contentUrl":"https:\/\/playwell.ee\/wp-content\/uploads\/2025\/06\/LEGO_10448_Box1_v39.jpg","width":2263,"height":1800,"caption":"Kolm \u00fches: Loomad ratastel 10448"},{"@type":"BreadcrumbList","@id":"https:\/\/playwell.ee\/toode\/lego-duplo-10448-kolm-uhes-loomad-ratastel\/#breadcrumb","itemListElement":[{"@type":"ListItem","position":1,"name":"Home","item":"https:\/\/playwell.ee\/en\/"},{"@type":"ListItem","position":2,"name":"All LEGO Products","item":"https:\/\/playwell.ee\/en\/all-products\/"},{"@type":"ListItem","position":3,"name":"LEGO\u00ae DUPLO 10448 &#8211; Kolm \u00fches: Loomad ratastel"}]},{"@type":"WebSite","@id":"https:\/\/playwell.ee\/#website","url":"https:\/\/playwell.ee\/","name":"Ehita oma maailm - klots klotsi haaval","description":"Playwell | LEGO pood Eestis","publisher":{"@id":"https:\/\/playwell.ee\/#organization"},"potentialAction":[{"@type":"SearchAction","target":{"@type":"EntryPoint","urlTemplate":"https:\/\/playwell.ee\/?s={search_term_string}"},"query-input":{"@type":"PropertyValueSpecification","valueRequired":true,"valueName":"search_term_string"}}],"inLanguage":"en-US"},{"@type":"Organization","@id":"https:\/\/playwell.ee\/#organization","name":"Playwell.ee","url":"https:\/\/playwell.ee\/","logo":{"@type":"ImageObject","inLanguage":"en-US","@id":"https:\/\/playwell.ee\/#\/schema\/logo\/image\/","url":"https:\/\/playwell.ee\/wp-content\/uploads\/2024\/06\/Logo-01-1.png","contentUrl":"https:\/\/playwell.ee\/wp-content\/uploads\/2024\/06\/Logo-01-1.png","width":2980,"height":1009,"caption":"Playwell.ee"},"image":{"@id":"https:\/\/playwell.ee\/#\/schema\/logo\/image\/"},"sameAs":["https:\/\/www.facebook.com\/profile.php?id=100091128044867"]}]}},"_links":{"self":[{"href":"https:\/\/playwell.ee\/en\/wp-json\/wp\/v2\/product\/19314","targetHints":{"allow":["GET"]}}],"collection":[{"href":"https:\/\/playwell.ee\/en\/wp-json\/wp\/v2\/product"}],"about":[{"href":"https:\/\/playwell.ee\/en\/wp-json\/wp\/v2\/types\/product"}],"wp:featuredmedia":[{"embeddable":true,"href":"https:\/\/playwell.ee\/en\/wp-json\/wp\/v2\/media\/18562"}],"wp:attachment":[{"href":"https:\/\/playwell.ee\/en\/wp-json\/wp\/v2\/media?parent=19314"}],"wp:term":[{"taxonomy":"product_brand","embeddable":true,"href":"https:\/\/playwell.ee\/en\/wp-json\/wp\/v2\/product_brand?post=19314"},{"taxonomy":"product_cat","embeddable":true,"href":"https:\/\/playwell.ee\/en\/wp-json\/wp\/v2\/product_cat?post=19314"},{"taxonomy":"product_tag","embeddable":true,"href":"https:\/\/playwell.ee\/en\/wp-json\/wp\/v2\/product_tag?post=19314"}],"curies":[{"name":"wp","href":"https:\/\/api.w.org\/{rel}","templated":true}]}}