{"id":19312,"date":"2025-06-18T19:13:42","date_gmt":"2025-06-18T17:13:42","guid":{"rendered":"https:\/\/playwell.ee\/product\/lego-duplo-10451-kolm-uhes-dinosaurused-ratastel\/"},"modified":"2026-04-11T12:07:53","modified_gmt":"2026-04-11T10:07:53","slug":"lego-duplo-10451-kolm-uhes-dinosaurused-ratastel","status":"publish","type":"product","link":"https:\/\/playwell.ee\/en\/product\/lego-duplo-10451-kolm-uhes-dinosaurused-ratastel\/","title":{"rendered":"LEGO\u00ae DUPLO 10451 &#8211; Kolm \u00fches: Dinosaurused ratastel"},"content":{"rendered":"<p>Too v\u00e4ikeste ehitajate m\u00e4nguaegadesse suurt l\u00f5bu m\u00e4nguasjaga Kolm \u00fches: dinosaurused ratastel (10451). See loovm\u00e4nguv\u00f5imalustega varustatud dinosaurusem\u00e4nguasi sisaldab erinevaid v\u00e4rvilisi klotse, millest saab luua kolm paari loomingulisi mudeleid.<\/p>\n<p>Selles LEGO\u00ae DUPLO\u00ae loomakomplektis olevad 108 klotsi ja osa saab kokku panna kolmel erineval viisil: Diplodocuse ja T. rexi m\u00e4nguasjadena, Triceratopsi ja Stegosauruse m\u00e4nguasjadena v\u00f5i Pteranodoni ja Parasaurolophuse m\u00e4nguasjadena. V\u00e4ikelapsed saavad dinosaurusefiguuridele anda liikuva kaela, liigendatud saba, lehvivad tiivad v\u00f5i suu, mis avaneb ja sulgub. Eelkooliealised lapsed ehitavad oma saurused ratastele, mis teeb sellest suurep\u00e4rase kingituse v\u00e4ikelastele, kes armastavad LEGO DUPLO s\u00f5idukim\u00e4ngukomplekte.<\/p>\n<p>Selles kolm-\u00fches LEGO DUPLO komplektis on palju v\u00f5imalusi m\u00e4nguliseks \u00f5ppimiseks. Komplektis on h\u00f5lpsasti k\u00e4sitsetavad klotsid, mida on lihtne lahti v\u00f5tta, \u00f5petades v\u00e4ikelastele visadust, keskendumisv\u00f5imet ja loovust, kui nad omam\u00e4nguloomi ehitavad ja \u00fcmber ehitavad.<\/p>\n<p>Mudilaste m\u00e4nguasi tundidepikkuseks loovm\u00e4nguks \u2013 too koolieelikute m\u00e4nguaegadesse erksaid v\u00e4rve ja piiritut loovust \u00f5ppem\u00e4nguasjaga LEGO\u00ae DUPLO\u00ae Town Kolm \u00fches: dinosaurused ratastel<br \/>\n6 dinosaurusefiguuri \u2013 komplektis on 108 v\u00e4ikelapses\u00f5bralikku klotsi, millest saab ehitada Diplodocuse ja T. rexi, Triceratopsi ja Stegosauruse v\u00f5i Parasaurolophuse ja Pteranodoni m\u00e4nguasjad<br \/>\nLiikuvad m\u00e4nguasjaosad arendavad peenmotoorikat \u2013 v\u00e4ikestele s\u00f5rmedele meeldib uurida dinosauruste m\u00e4nguasjade liikuvaidkaelasid, liigendatud sabasid, lehvivaid tiibu ja suid, mis avanevad ja sulguvad<br \/>\n\u00d5ppem\u00e4nguasjad eelkooliealistele lastele \u2013 see kolm \u00fches dinosaurusem\u00e4nguasi aitab v\u00e4ikelastel arendada loovust, keskendumisv\u00f5imet ja visadust ning \u00f5petab peenmotoorikat, loogilist m\u00f5tlemist ja v\u00e4rvide sorteerimist<br \/>\nKingitus v\u00e4ikelastele \u2013 see hariv LEGO\u00ae DUPLO\u00ae mudilaste m\u00e4nguasi on kaasahaarav kingitus 3-aastastele ja vanematele v\u00e4ikelastele, kes armastavad s\u00f5idukeid v\u00f5i saurusem\u00e4nguasju<br \/>\nDigitaalsed ehitusjuhised \u2013 LEGO\u00ae Builderi rakendus sisaldab selle komplektiga kaasas olevate juhiste digitaalset versiooni; komplekti on p\u00f5hjalikult testitud, et tagada ohutu m\u00e4ngukogemus<br \/>\nM\u00e4nguasjad, mis aitavad v\u00e4ikelastel m\u00e4ngu kaudu \u00f5ppida \u2013 LEGO\u00ae DUPLO\u00ae \u00f5ppem\u00e4nguasjad aitavad mudilastel arendada olulisi oskusi, valmistades neid ette elukestvaks \u00f5ppeks<br \/>\nM\u00f5\u00f5dud \u2013 see 108-osaline ehitusm\u00e4nguasi sisaldab T.rexi m\u00e4nguasja, mis on 22 cm pikk<\/p>\n","protected":false},"excerpt":{"rendered":"<p><strong>Tasuta tarne alates 120\u20ac * Kogu kaup Eesti laos olemas * Kiire tarne<\/strong><\/p>\n<ul>\n<li>Osasi: 108<\/li>\n<li>Vanus: 4+<\/li>\n<\/ul>\n","protected":false},"featured_media":18590,"template":"","meta":[],"product_brand":[],"product_cat":[187],"product_tag":[170],"class_list":{"0":"post-19312","1":"product","2":"type-product","3":"status-publish","4":"has-post-thumbnail","6":"product_cat-lego-duplo-en","7":"product_tag-4-en","9":"first","10":"instock","11":"taxable","12":"shipping-taxable","13":"purchasable","14":"product-type-simple","15":"add-to-wishlist-after_add_to_cart"},"yoast_head":"<!-- This site is optimized with the Yoast SEO plugin v27.4 - https:\/\/yoast.com\/product\/yoast-seo-wordpress\/ -->\n<title>LEGO\u00ae DUPLO 10451 - Kolm \u00fches: Dinosaurused ratastel - Ehita oma maailm - klots klotsi haaval<\/title>\n<meta name=\"description\" content=\"Too v\u00e4ikeste ehitajate m\u00e4nguaegadesse suurt l\u00f5bu m\u00e4nguasjaga Kolm \u00fches: dinosaurused ratastel (10451)\" \/>\n<meta name=\"robots\" content=\"index, follow, max-snippet:-1, max-image-preview:large, max-video-preview:-1\" \/>\n<link rel=\"canonical\" href=\"https:\/\/playwell.ee\/en\/product\/lego-duplo-10451-kolm-uhes-dinosaurused-ratastel\/\" \/>\n<meta property=\"og:locale\" content=\"en_US\" \/>\n<meta property=\"og:type\" content=\"article\" \/>\n<meta property=\"og:title\" content=\"LEGO\u00ae DUPLO 10451 - Kolm \u00fches: Dinosaurused ratastel - Ehita oma maailm - klots klotsi haaval\" \/>\n<meta property=\"og:description\" content=\"Too v\u00e4ikeste ehitajate m\u00e4nguaegadesse suurt l\u00f5bu m\u00e4nguasjaga Kolm \u00fches: dinosaurused ratastel (10451)\" \/>\n<meta property=\"og:url\" content=\"https:\/\/playwell.ee\/en\/product\/lego-duplo-10451-kolm-uhes-dinosaurused-ratastel\/\" \/>\n<meta property=\"og:site_name\" content=\"Ehita oma maailm - klots klotsi haaval\" \/>\n<meta property=\"article:publisher\" content=\"https:\/\/www.facebook.com\/profile.php?id=100091128044867\" \/>\n<meta property=\"article:modified_time\" content=\"2026-04-11T10:07:53+00:00\" \/>\n<meta property=\"og:image\" content=\"https:\/\/playwell.ee\/wp-content\/uploads\/2025\/06\/LEGO_10451_Box1_v39.jpg\" \/>\n\t<meta property=\"og:image:width\" content=\"2032\" \/>\n\t<meta property=\"og:image:height\" content=\"1800\" \/>\n\t<meta property=\"og:image:type\" content=\"image\/jpeg\" \/>\n<meta name=\"twitter:card\" content=\"summary_large_image\" \/>\n<meta name=\"twitter:label1\" content=\"Est. reading time\" \/>\n\t<meta name=\"twitter:data1\" content=\"2 minutes\" \/>\n<script type=\"application\/ld+json\" class=\"yoast-schema-graph\">{\"@context\":\"https:\\\/\\\/schema.org\",\"@graph\":[{\"@type\":\"WebPage\",\"@id\":\"https:\\\/\\\/playwell.ee\\\/en\\\/product\\\/lego-duplo-10451-kolm-uhes-dinosaurused-ratastel\\\/\",\"url\":\"https:\\\/\\\/playwell.ee\\\/en\\\/product\\\/lego-duplo-10451-kolm-uhes-dinosaurused-ratastel\\\/\",\"name\":\"LEGO\u00ae DUPLO 10451 - Kolm \u00fches: Dinosaurused ratastel - Ehita oma maailm - klots klotsi haaval\",\"isPartOf\":{\"@id\":\"https:\\\/\\\/playwell.ee\\\/#website\"},\"primaryImageOfPage\":{\"@id\":\"https:\\\/\\\/playwell.ee\\\/en\\\/product\\\/lego-duplo-10451-kolm-uhes-dinosaurused-ratastel\\\/#primaryimage\"},\"image\":{\"@id\":\"https:\\\/\\\/playwell.ee\\\/en\\\/product\\\/lego-duplo-10451-kolm-uhes-dinosaurused-ratastel\\\/#primaryimage\"},\"thumbnailUrl\":\"https:\\\/\\\/playwell.ee\\\/wp-content\\\/uploads\\\/2025\\\/06\\\/LEGO_10451_Box1_v39.jpg\",\"datePublished\":\"2025-06-18T17:13:42+00:00\",\"dateModified\":\"2026-04-11T10:07:53+00:00\",\"description\":\"Too v\u00e4ikeste ehitajate m\u00e4nguaegadesse suurt l\u00f5bu m\u00e4nguasjaga Kolm \u00fches: dinosaurused ratastel (10451)\",\"breadcrumb\":{\"@id\":\"https:\\\/\\\/playwell.ee\\\/en\\\/product\\\/lego-duplo-10451-kolm-uhes-dinosaurused-ratastel\\\/#breadcrumb\"},\"inLanguage\":\"en-US\",\"potentialAction\":[{\"@type\":\"ReadAction\",\"target\":[\"https:\\\/\\\/playwell.ee\\\/en\\\/product\\\/lego-duplo-10451-kolm-uhes-dinosaurused-ratastel\\\/\"]}]},{\"@type\":\"ImageObject\",\"inLanguage\":\"en-US\",\"@id\":\"https:\\\/\\\/playwell.ee\\\/en\\\/product\\\/lego-duplo-10451-kolm-uhes-dinosaurused-ratastel\\\/#primaryimage\",\"url\":\"https:\\\/\\\/playwell.ee\\\/wp-content\\\/uploads\\\/2025\\\/06\\\/LEGO_10451_Box1_v39.jpg\",\"contentUrl\":\"https:\\\/\\\/playwell.ee\\\/wp-content\\\/uploads\\\/2025\\\/06\\\/LEGO_10451_Box1_v39.jpg\",\"width\":2032,\"height\":1800,\"caption\":\"Kolm \u00fches: Dinosaurused ratastel 10451\"},{\"@type\":\"BreadcrumbList\",\"@id\":\"https:\\\/\\\/playwell.ee\\\/en\\\/product\\\/lego-duplo-10451-kolm-uhes-dinosaurused-ratastel\\\/#breadcrumb\",\"itemListElement\":[{\"@type\":\"ListItem\",\"position\":1,\"name\":\"Home\",\"item\":\"https:\\\/\\\/playwell.ee\\\/en\\\/\"},{\"@type\":\"ListItem\",\"position\":2,\"name\":\"All LEGO Products\",\"item\":\"https:\\\/\\\/playwell.ee\\\/en\\\/all-products\\\/\"},{\"@type\":\"ListItem\",\"position\":3,\"name\":\"LEGO\u00ae DUPLO 10451 &#8211; Kolm \u00fches: Dinosaurused ratastel\"}]},{\"@type\":\"WebSite\",\"@id\":\"https:\\\/\\\/playwell.ee\\\/#website\",\"url\":\"https:\\\/\\\/playwell.ee\\\/\",\"name\":\"Ehita oma maailm - klots klotsi haaval\",\"description\":\"Playwell | LEGO pood Eestis\",\"publisher\":{\"@id\":\"https:\\\/\\\/playwell.ee\\\/#organization\"},\"potentialAction\":[{\"@type\":\"SearchAction\",\"target\":{\"@type\":\"EntryPoint\",\"urlTemplate\":\"https:\\\/\\\/playwell.ee\\\/?s={search_term_string}\"},\"query-input\":{\"@type\":\"PropertyValueSpecification\",\"valueRequired\":true,\"valueName\":\"search_term_string\"}}],\"inLanguage\":\"en-US\"},{\"@type\":\"Organization\",\"@id\":\"https:\\\/\\\/playwell.ee\\\/#organization\",\"name\":\"Playwell.ee\",\"url\":\"https:\\\/\\\/playwell.ee\\\/\",\"logo\":{\"@type\":\"ImageObject\",\"inLanguage\":\"en-US\",\"@id\":\"https:\\\/\\\/playwell.ee\\\/#\\\/schema\\\/logo\\\/image\\\/\",\"url\":\"https:\\\/\\\/playwell.ee\\\/wp-content\\\/uploads\\\/2024\\\/06\\\/Logo-01-1.png\",\"contentUrl\":\"https:\\\/\\\/playwell.ee\\\/wp-content\\\/uploads\\\/2024\\\/06\\\/Logo-01-1.png\",\"width\":2980,\"height\":1009,\"caption\":\"Playwell.ee\"},\"image\":{\"@id\":\"https:\\\/\\\/playwell.ee\\\/#\\\/schema\\\/logo\\\/image\\\/\"},\"sameAs\":[\"https:\\\/\\\/www.facebook.com\\\/profile.php?id=100091128044867\"]}]}<\/script>\n<!-- \/ Yoast SEO plugin. -->","yoast_head_json":{"title":"LEGO\u00ae DUPLO 10451 - Kolm \u00fches: Dinosaurused ratastel - Ehita oma maailm - klots klotsi haaval","description":"Too v\u00e4ikeste ehitajate m\u00e4nguaegadesse suurt l\u00f5bu m\u00e4nguasjaga Kolm \u00fches: dinosaurused ratastel (10451)","robots":{"index":"index","follow":"follow","max-snippet":"max-snippet:-1","max-image-preview":"max-image-preview:large","max-video-preview":"max-video-preview:-1"},"canonical":"https:\/\/playwell.ee\/en\/product\/lego-duplo-10451-kolm-uhes-dinosaurused-ratastel\/","og_locale":"en_US","og_type":"article","og_title":"LEGO\u00ae DUPLO 10451 - Kolm \u00fches: Dinosaurused ratastel - Ehita oma maailm - klots klotsi haaval","og_description":"Too v\u00e4ikeste ehitajate m\u00e4nguaegadesse suurt l\u00f5bu m\u00e4nguasjaga Kolm \u00fches: dinosaurused ratastel (10451)","og_url":"https:\/\/playwell.ee\/en\/product\/lego-duplo-10451-kolm-uhes-dinosaurused-ratastel\/","og_site_name":"Ehita oma maailm - klots klotsi haaval","article_publisher":"https:\/\/www.facebook.com\/profile.php?id=100091128044867","article_modified_time":"2026-04-11T10:07:53+00:00","og_image":[{"width":2032,"height":1800,"url":"https:\/\/playwell.ee\/wp-content\/uploads\/2025\/06\/LEGO_10451_Box1_v39.jpg","type":"image\/jpeg"}],"twitter_card":"summary_large_image","twitter_misc":{"Est. reading time":"2 minutes"},"schema":{"@context":"https:\/\/schema.org","@graph":[{"@type":"WebPage","@id":"https:\/\/playwell.ee\/en\/product\/lego-duplo-10451-kolm-uhes-dinosaurused-ratastel\/","url":"https:\/\/playwell.ee\/en\/product\/lego-duplo-10451-kolm-uhes-dinosaurused-ratastel\/","name":"LEGO\u00ae DUPLO 10451 - Kolm \u00fches: Dinosaurused ratastel - Ehita oma maailm - klots klotsi haaval","isPartOf":{"@id":"https:\/\/playwell.ee\/#website"},"primaryImageOfPage":{"@id":"https:\/\/playwell.ee\/en\/product\/lego-duplo-10451-kolm-uhes-dinosaurused-ratastel\/#primaryimage"},"image":{"@id":"https:\/\/playwell.ee\/en\/product\/lego-duplo-10451-kolm-uhes-dinosaurused-ratastel\/#primaryimage"},"thumbnailUrl":"https:\/\/playwell.ee\/wp-content\/uploads\/2025\/06\/LEGO_10451_Box1_v39.jpg","datePublished":"2025-06-18T17:13:42+00:00","dateModified":"2026-04-11T10:07:53+00:00","description":"Too v\u00e4ikeste ehitajate m\u00e4nguaegadesse suurt l\u00f5bu m\u00e4nguasjaga Kolm \u00fches: dinosaurused ratastel (10451)","breadcrumb":{"@id":"https:\/\/playwell.ee\/en\/product\/lego-duplo-10451-kolm-uhes-dinosaurused-ratastel\/#breadcrumb"},"inLanguage":"en-US","potentialAction":[{"@type":"ReadAction","target":["https:\/\/playwell.ee\/en\/product\/lego-duplo-10451-kolm-uhes-dinosaurused-ratastel\/"]}]},{"@type":"ImageObject","inLanguage":"en-US","@id":"https:\/\/playwell.ee\/en\/product\/lego-duplo-10451-kolm-uhes-dinosaurused-ratastel\/#primaryimage","url":"https:\/\/playwell.ee\/wp-content\/uploads\/2025\/06\/LEGO_10451_Box1_v39.jpg","contentUrl":"https:\/\/playwell.ee\/wp-content\/uploads\/2025\/06\/LEGO_10451_Box1_v39.jpg","width":2032,"height":1800,"caption":"Kolm \u00fches: Dinosaurused ratastel 10451"},{"@type":"BreadcrumbList","@id":"https:\/\/playwell.ee\/en\/product\/lego-duplo-10451-kolm-uhes-dinosaurused-ratastel\/#breadcrumb","itemListElement":[{"@type":"ListItem","position":1,"name":"Home","item":"https:\/\/playwell.ee\/en\/"},{"@type":"ListItem","position":2,"name":"All LEGO Products","item":"https:\/\/playwell.ee\/en\/all-products\/"},{"@type":"ListItem","position":3,"name":"LEGO\u00ae DUPLO 10451 &#8211; Kolm \u00fches: Dinosaurused ratastel"}]},{"@type":"WebSite","@id":"https:\/\/playwell.ee\/#website","url":"https:\/\/playwell.ee\/","name":"Ehita oma maailm - klots klotsi haaval","description":"Playwell | LEGO pood Eestis","publisher":{"@id":"https:\/\/playwell.ee\/#organization"},"potentialAction":[{"@type":"SearchAction","target":{"@type":"EntryPoint","urlTemplate":"https:\/\/playwell.ee\/?s={search_term_string}"},"query-input":{"@type":"PropertyValueSpecification","valueRequired":true,"valueName":"search_term_string"}}],"inLanguage":"en-US"},{"@type":"Organization","@id":"https:\/\/playwell.ee\/#organization","name":"Playwell.ee","url":"https:\/\/playwell.ee\/","logo":{"@type":"ImageObject","inLanguage":"en-US","@id":"https:\/\/playwell.ee\/#\/schema\/logo\/image\/","url":"https:\/\/playwell.ee\/wp-content\/uploads\/2024\/06\/Logo-01-1.png","contentUrl":"https:\/\/playwell.ee\/wp-content\/uploads\/2024\/06\/Logo-01-1.png","width":2980,"height":1009,"caption":"Playwell.ee"},"image":{"@id":"https:\/\/playwell.ee\/#\/schema\/logo\/image\/"},"sameAs":["https:\/\/www.facebook.com\/profile.php?id=100091128044867"]}]}},"_links":{"self":[{"href":"https:\/\/playwell.ee\/en\/wp-json\/wp\/v2\/product\/19312","targetHints":{"allow":["GET"]}}],"collection":[{"href":"https:\/\/playwell.ee\/en\/wp-json\/wp\/v2\/product"}],"about":[{"href":"https:\/\/playwell.ee\/en\/wp-json\/wp\/v2\/types\/product"}],"wp:featuredmedia":[{"embeddable":true,"href":"https:\/\/playwell.ee\/en\/wp-json\/wp\/v2\/media\/18590"}],"wp:attachment":[{"href":"https:\/\/playwell.ee\/en\/wp-json\/wp\/v2\/media?parent=19312"}],"wp:term":[{"taxonomy":"product_brand","embeddable":true,"href":"https:\/\/playwell.ee\/en\/wp-json\/wp\/v2\/product_brand?post=19312"},{"taxonomy":"product_cat","embeddable":true,"href":"https:\/\/playwell.ee\/en\/wp-json\/wp\/v2\/product_cat?post=19312"},{"taxonomy":"product_tag","embeddable":true,"href":"https:\/\/playwell.ee\/en\/wp-json\/wp\/v2\/product_tag?post=19312"}],"curies":[{"name":"wp","href":"https:\/\/api.w.org\/{rel}","templated":true}]}}