{"id":19311,"date":"2025-06-18T19:13:42","date_gmt":"2025-06-18T17:13:42","guid":{"rendered":"https:\/\/playwell.ee\/product\/lego-duplo-10456-mcqueeni-kulaskaik-doci-garaazi\/"},"modified":"2026-04-12T11:43:14","modified_gmt":"2026-04-12T09:43:14","slug":"lego-duplo-10456-mcqueeni-kulaskaik-doci-garaazi","status":"publish","type":"product","link":"https:\/\/playwell.ee\/en\/product\/lego-duplo-10456-mcqueeni-kulaskaik-doci-garaazi\/","title":{"rendered":"LEGO\u00ae DUPLO 10456 &#8211; McQueeni k\u00fclask\u00e4ik Doci garaa\u017ei"},"content":{"rendered":"<p>Lase koolieelikutel hoolitseda oma lemmiku kokkupandava v\u00f5idus\u00f5iduauto eest komplektiga LEGO\u00ae DUPLO\u00ae \u2502 Disney ja Pixari autod McQueeni k\u00fclask\u00e4ik Doci garaa\u017ei (10456). See ehituskomplekt viib koolieelikuid Disney ja Pixari Autode filmimaailma, aidates neil loovm\u00e4ngu kaudu arendada oskusi.<\/p>\n<p>Loominguline m\u00e4ng algab siis, kui Pikne McQueeni auto selle kokkupandava s\u00f5idukim\u00e4ngukomplekti garaa\u017eiuksest sisse kihutab. V\u00e4ikelastele meeldib autot garaa\u017eist sisse ja v\u00e4lja s\u00f5idutada ning ust l\u00fckata, et seekiiguks. Nad saavad oma peenmotoorikat harjutada, kasutades mutriv\u00f5tit, avades ja sulgedes kapiuksi ning p\u00e4\u00e4stes lahti autopesula vooliku, et loputada \u00fcle Pikne McQueen p\u00e4rast v\u00f5istlusp\u00e4eva.<\/p>\n<p>LEGO\u00ae DUPLO\u00ae fantaasiaehitusm\u00e4nguasjad aitavad v\u00e4ikelastel arendada eelkooliealisi oskusi. See kokkupandav m\u00e4nguasi arendab emotsionaalseid oskusi, kui v\u00e4ikelapsed kujutavad ette, et nad vastutavad kokkupandava m\u00e4nguauto hooldamise eest ja tagavad, et auto on tipptasemel korras. Sisaldab 35 osa.<\/p>\n<p>Ehituskomplekt v\u00e4ikesele Autode f\u00e4nnile \u2013 koolieelikud m\u00e4ngivad mehaanikuid kokkupandava komplektiga LEGO\u00ae DUPLO\u00ae \u2502 Disney ja Pixari Autod McQueeni k\u00fclask\u00e4ik Doci garaa\u017ei<br \/>\nLoominguline m\u00e4ng autosid armastavatele mudilastele \u2013 selle garaa\u017eiehitusm\u00e4nguasjaga on kaasas Pikne McQueeni auto ja autopesula, lisaks palju tarvikuid, sealhulgas mutriv\u00f5ti ja painduv veevoolik<br \/>\nLoov Autode m\u00e4ng \u2013 see kokkupandav s\u00f5idukite m\u00e4ngukomplekt viib mudilased Disney ja Pixari filmide maailma, kus nad kasutavad oma kujutlusv\u00f5imet p\u00f5neva v\u00f5idus\u00f5iduautom\u00e4ngu loomiseks<br \/>\nEhitusm\u00e4nguasi arendab peenmotoorikat \u2013 kiikuva garaa\u017eiukse, painduva veevooliku ja hingedega kapiuksega komplekt v\u00f5imaldab v\u00e4ikestel s\u00f5rmedel l\u00f5busalt seiklusi avastada<br \/>\nKingitus v\u00e4ikelastele\u2013 see kokkupandav v\u00e4ikelapse m\u00e4nguasi vanusele 2+ pakub palju perel\u00f5bu, kui vanemad jagavad oma v\u00e4ikese arenguverstaposte<br \/>\nDigitaalsed ehitusjuhised \u2013 LEGO\u00ae Builderi rakendus sisaldab selle komplektiga kaasas olevate juhiste digitaalset versiooni; komplekti on p\u00f5hjalikult testitud, et tagada ohutu m\u00e4ngukogemus<br \/>\n\u00d5ppem\u00e4nguasjad v\u00e4ikelastele \u2013 LEGO\u00ae DUPLO\u00ae ehitusm\u00e4nguasjad on asjatundlikult kujundatud, et aidata v\u00e4ikestel \u00f5ppijatel arendada oma kirgi ja t\u00e4iustada oma varaseid oskusi<br \/>\nM\u00f5\u00f5tmed \u2013 see35-osaline ehituskomplekt on 19 cm k\u00f5rge, 48 cm lai ja 12 cm s\u00fcgav<\/p>\n","protected":false},"excerpt":{"rendered":"<p><strong>Tasuta tarne alates 120\u20ac * Kogu kaup Eesti laos olemas * Kiire tarne<\/strong><\/p>\n<ul>\n<li>Osasi: 35<\/li>\n<li>Vanus: 1.5+<\/li>\n<\/ul>\n","protected":false},"featured_media":18606,"template":"","meta":[],"product_brand":[],"product_cat":[187],"product_tag":[169],"class_list":{"0":"post-19311","1":"product","2":"type-product","3":"status-publish","4":"has-post-thumbnail","6":"product_cat-lego-duplo-en","7":"product_tag-1-5-en","9":"first","10":"instock","11":"taxable","12":"shipping-taxable","13":"purchasable","14":"product-type-simple","15":"add-to-wishlist-after_add_to_cart"},"yoast_head":"<!-- This site is optimized with the Yoast SEO plugin v27.4 - https:\/\/yoast.com\/product\/yoast-seo-wordpress\/ -->\n<title>LEGO\u00ae DUPLO 10456 - McQueeni k\u00fclask\u00e4ik Doci garaa\u017ei - Ehita oma maailm - klots klotsi haaval<\/title>\n<meta name=\"description\" content=\"Lase koolieelikutel hoolitseda oma lemmiku kokkupandava v\u00f5idus\u00f5iduauto eest komplektiga LEGO\u00ae DUPLO\u00ae \u2502 Disney ja Pixari autod McQueeni k\u00fclask\u00e4ik Doci garaa\u017ei (10456)\" \/>\n<meta name=\"robots\" content=\"index, follow, max-snippet:-1, max-image-preview:large, max-video-preview:-1\" \/>\n<link rel=\"canonical\" href=\"https:\/\/playwell.ee\/en\/product\/lego-duplo-10456-mcqueeni-kulaskaik-doci-garaazi\/\" \/>\n<meta property=\"og:locale\" content=\"en_US\" \/>\n<meta property=\"og:type\" content=\"article\" \/>\n<meta property=\"og:title\" content=\"LEGO\u00ae DUPLO 10456 - McQueeni k\u00fclask\u00e4ik Doci garaa\u017ei - Ehita oma maailm - klots klotsi haaval\" \/>\n<meta property=\"og:description\" content=\"Lase koolieelikutel hoolitseda oma lemmiku kokkupandava v\u00f5idus\u00f5iduauto eest komplektiga LEGO\u00ae DUPLO\u00ae \u2502 Disney ja Pixari autod McQueeni k\u00fclask\u00e4ik Doci garaa\u017ei (10456)\" \/>\n<meta property=\"og:url\" content=\"https:\/\/playwell.ee\/en\/product\/lego-duplo-10456-mcqueeni-kulaskaik-doci-garaazi\/\" \/>\n<meta property=\"og:site_name\" content=\"Ehita oma maailm - klots klotsi haaval\" \/>\n<meta property=\"article:publisher\" content=\"https:\/\/www.facebook.com\/profile.php?id=100091128044867\" \/>\n<meta property=\"article:modified_time\" content=\"2026-04-12T09:43:14+00:00\" \/>\n<meta property=\"og:image\" content=\"https:\/\/playwell.ee\/wp-content\/uploads\/2025\/06\/LEGO_10456_Box1_v29.jpg\" \/>\n\t<meta property=\"og:image:width\" content=\"2400\" \/>\n\t<meta property=\"og:image:height\" content=\"1584\" \/>\n\t<meta property=\"og:image:type\" content=\"image\/jpeg\" \/>\n<meta name=\"twitter:card\" content=\"summary_large_image\" \/>\n<meta name=\"twitter:label1\" content=\"Est. reading time\" \/>\n\t<meta name=\"twitter:data1\" content=\"2 minutes\" \/>\n<script type=\"application\/ld+json\" class=\"yoast-schema-graph\">{\"@context\":\"https:\\\/\\\/schema.org\",\"@graph\":[{\"@type\":\"WebPage\",\"@id\":\"https:\\\/\\\/playwell.ee\\\/en\\\/product\\\/lego-duplo-10456-mcqueeni-kulaskaik-doci-garaazi\\\/\",\"url\":\"https:\\\/\\\/playwell.ee\\\/en\\\/product\\\/lego-duplo-10456-mcqueeni-kulaskaik-doci-garaazi\\\/\",\"name\":\"LEGO\u00ae DUPLO 10456 - McQueeni k\u00fclask\u00e4ik Doci garaa\u017ei - Ehita oma maailm - klots klotsi haaval\",\"isPartOf\":{\"@id\":\"https:\\\/\\\/playwell.ee\\\/#website\"},\"primaryImageOfPage\":{\"@id\":\"https:\\\/\\\/playwell.ee\\\/en\\\/product\\\/lego-duplo-10456-mcqueeni-kulaskaik-doci-garaazi\\\/#primaryimage\"},\"image\":{\"@id\":\"https:\\\/\\\/playwell.ee\\\/en\\\/product\\\/lego-duplo-10456-mcqueeni-kulaskaik-doci-garaazi\\\/#primaryimage\"},\"thumbnailUrl\":\"https:\\\/\\\/playwell.ee\\\/wp-content\\\/uploads\\\/2025\\\/06\\\/LEGO_10456_Box1_v29.jpg\",\"datePublished\":\"2025-06-18T17:13:42+00:00\",\"dateModified\":\"2026-04-12T09:43:14+00:00\",\"description\":\"Lase koolieelikutel hoolitseda oma lemmiku kokkupandava v\u00f5idus\u00f5iduauto eest komplektiga LEGO\u00ae DUPLO\u00ae \u2502 Disney ja Pixari autod McQueeni k\u00fclask\u00e4ik Doci garaa\u017ei (10456)\",\"breadcrumb\":{\"@id\":\"https:\\\/\\\/playwell.ee\\\/en\\\/product\\\/lego-duplo-10456-mcqueeni-kulaskaik-doci-garaazi\\\/#breadcrumb\"},\"inLanguage\":\"en-US\",\"potentialAction\":[{\"@type\":\"ReadAction\",\"target\":[\"https:\\\/\\\/playwell.ee\\\/en\\\/product\\\/lego-duplo-10456-mcqueeni-kulaskaik-doci-garaazi\\\/\"]}]},{\"@type\":\"ImageObject\",\"inLanguage\":\"en-US\",\"@id\":\"https:\\\/\\\/playwell.ee\\\/en\\\/product\\\/lego-duplo-10456-mcqueeni-kulaskaik-doci-garaazi\\\/#primaryimage\",\"url\":\"https:\\\/\\\/playwell.ee\\\/wp-content\\\/uploads\\\/2025\\\/06\\\/LEGO_10456_Box1_v29.jpg\",\"contentUrl\":\"https:\\\/\\\/playwell.ee\\\/wp-content\\\/uploads\\\/2025\\\/06\\\/LEGO_10456_Box1_v29.jpg\",\"width\":2400,\"height\":1584,\"caption\":\"McQueeni k\u00fclask\u00e4ik Doci garaa\u017ei 10456\"},{\"@type\":\"BreadcrumbList\",\"@id\":\"https:\\\/\\\/playwell.ee\\\/en\\\/product\\\/lego-duplo-10456-mcqueeni-kulaskaik-doci-garaazi\\\/#breadcrumb\",\"itemListElement\":[{\"@type\":\"ListItem\",\"position\":1,\"name\":\"Home\",\"item\":\"https:\\\/\\\/playwell.ee\\\/en\\\/\"},{\"@type\":\"ListItem\",\"position\":2,\"name\":\"All LEGO Products\",\"item\":\"https:\\\/\\\/playwell.ee\\\/en\\\/all-products\\\/\"},{\"@type\":\"ListItem\",\"position\":3,\"name\":\"LEGO\u00ae DUPLO 10456 &#8211; McQueeni k\u00fclask\u00e4ik Doci garaa\u017ei\"}]},{\"@type\":\"WebSite\",\"@id\":\"https:\\\/\\\/playwell.ee\\\/#website\",\"url\":\"https:\\\/\\\/playwell.ee\\\/\",\"name\":\"Ehita oma maailm - klots klotsi haaval\",\"description\":\"Playwell | LEGO pood Eestis\",\"publisher\":{\"@id\":\"https:\\\/\\\/playwell.ee\\\/#organization\"},\"potentialAction\":[{\"@type\":\"SearchAction\",\"target\":{\"@type\":\"EntryPoint\",\"urlTemplate\":\"https:\\\/\\\/playwell.ee\\\/?s={search_term_string}\"},\"query-input\":{\"@type\":\"PropertyValueSpecification\",\"valueRequired\":true,\"valueName\":\"search_term_string\"}}],\"inLanguage\":\"en-US\"},{\"@type\":\"Organization\",\"@id\":\"https:\\\/\\\/playwell.ee\\\/#organization\",\"name\":\"Playwell.ee\",\"url\":\"https:\\\/\\\/playwell.ee\\\/\",\"logo\":{\"@type\":\"ImageObject\",\"inLanguage\":\"en-US\",\"@id\":\"https:\\\/\\\/playwell.ee\\\/#\\\/schema\\\/logo\\\/image\\\/\",\"url\":\"https:\\\/\\\/playwell.ee\\\/wp-content\\\/uploads\\\/2024\\\/06\\\/Logo-01-1.png\",\"contentUrl\":\"https:\\\/\\\/playwell.ee\\\/wp-content\\\/uploads\\\/2024\\\/06\\\/Logo-01-1.png\",\"width\":2980,\"height\":1009,\"caption\":\"Playwell.ee\"},\"image\":{\"@id\":\"https:\\\/\\\/playwell.ee\\\/#\\\/schema\\\/logo\\\/image\\\/\"},\"sameAs\":[\"https:\\\/\\\/www.facebook.com\\\/profile.php?id=100091128044867\"]}]}<\/script>\n<!-- \/ Yoast SEO plugin. -->","yoast_head_json":{"title":"LEGO\u00ae DUPLO 10456 - McQueeni k\u00fclask\u00e4ik Doci garaa\u017ei - Ehita oma maailm - klots klotsi haaval","description":"Lase koolieelikutel hoolitseda oma lemmiku kokkupandava v\u00f5idus\u00f5iduauto eest komplektiga LEGO\u00ae DUPLO\u00ae \u2502 Disney ja Pixari autod McQueeni k\u00fclask\u00e4ik Doci garaa\u017ei (10456)","robots":{"index":"index","follow":"follow","max-snippet":"max-snippet:-1","max-image-preview":"max-image-preview:large","max-video-preview":"max-video-preview:-1"},"canonical":"https:\/\/playwell.ee\/en\/product\/lego-duplo-10456-mcqueeni-kulaskaik-doci-garaazi\/","og_locale":"en_US","og_type":"article","og_title":"LEGO\u00ae DUPLO 10456 - McQueeni k\u00fclask\u00e4ik Doci garaa\u017ei - Ehita oma maailm - klots klotsi haaval","og_description":"Lase koolieelikutel hoolitseda oma lemmiku kokkupandava v\u00f5idus\u00f5iduauto eest komplektiga LEGO\u00ae DUPLO\u00ae \u2502 Disney ja Pixari autod McQueeni k\u00fclask\u00e4ik Doci garaa\u017ei (10456)","og_url":"https:\/\/playwell.ee\/en\/product\/lego-duplo-10456-mcqueeni-kulaskaik-doci-garaazi\/","og_site_name":"Ehita oma maailm - klots klotsi haaval","article_publisher":"https:\/\/www.facebook.com\/profile.php?id=100091128044867","article_modified_time":"2026-04-12T09:43:14+00:00","og_image":[{"width":2400,"height":1584,"url":"https:\/\/playwell.ee\/wp-content\/uploads\/2025\/06\/LEGO_10456_Box1_v29.jpg","type":"image\/jpeg"}],"twitter_card":"summary_large_image","twitter_misc":{"Est. reading time":"2 minutes"},"schema":{"@context":"https:\/\/schema.org","@graph":[{"@type":"WebPage","@id":"https:\/\/playwell.ee\/en\/product\/lego-duplo-10456-mcqueeni-kulaskaik-doci-garaazi\/","url":"https:\/\/playwell.ee\/en\/product\/lego-duplo-10456-mcqueeni-kulaskaik-doci-garaazi\/","name":"LEGO\u00ae DUPLO 10456 - McQueeni k\u00fclask\u00e4ik Doci garaa\u017ei - Ehita oma maailm - klots klotsi haaval","isPartOf":{"@id":"https:\/\/playwell.ee\/#website"},"primaryImageOfPage":{"@id":"https:\/\/playwell.ee\/en\/product\/lego-duplo-10456-mcqueeni-kulaskaik-doci-garaazi\/#primaryimage"},"image":{"@id":"https:\/\/playwell.ee\/en\/product\/lego-duplo-10456-mcqueeni-kulaskaik-doci-garaazi\/#primaryimage"},"thumbnailUrl":"https:\/\/playwell.ee\/wp-content\/uploads\/2025\/06\/LEGO_10456_Box1_v29.jpg","datePublished":"2025-06-18T17:13:42+00:00","dateModified":"2026-04-12T09:43:14+00:00","description":"Lase koolieelikutel hoolitseda oma lemmiku kokkupandava v\u00f5idus\u00f5iduauto eest komplektiga LEGO\u00ae DUPLO\u00ae \u2502 Disney ja Pixari autod McQueeni k\u00fclask\u00e4ik Doci garaa\u017ei (10456)","breadcrumb":{"@id":"https:\/\/playwell.ee\/en\/product\/lego-duplo-10456-mcqueeni-kulaskaik-doci-garaazi\/#breadcrumb"},"inLanguage":"en-US","potentialAction":[{"@type":"ReadAction","target":["https:\/\/playwell.ee\/en\/product\/lego-duplo-10456-mcqueeni-kulaskaik-doci-garaazi\/"]}]},{"@type":"ImageObject","inLanguage":"en-US","@id":"https:\/\/playwell.ee\/en\/product\/lego-duplo-10456-mcqueeni-kulaskaik-doci-garaazi\/#primaryimage","url":"https:\/\/playwell.ee\/wp-content\/uploads\/2025\/06\/LEGO_10456_Box1_v29.jpg","contentUrl":"https:\/\/playwell.ee\/wp-content\/uploads\/2025\/06\/LEGO_10456_Box1_v29.jpg","width":2400,"height":1584,"caption":"McQueeni k\u00fclask\u00e4ik Doci garaa\u017ei 10456"},{"@type":"BreadcrumbList","@id":"https:\/\/playwell.ee\/en\/product\/lego-duplo-10456-mcqueeni-kulaskaik-doci-garaazi\/#breadcrumb","itemListElement":[{"@type":"ListItem","position":1,"name":"Home","item":"https:\/\/playwell.ee\/en\/"},{"@type":"ListItem","position":2,"name":"All LEGO Products","item":"https:\/\/playwell.ee\/en\/all-products\/"},{"@type":"ListItem","position":3,"name":"LEGO\u00ae DUPLO 10456 &#8211; McQueeni k\u00fclask\u00e4ik Doci garaa\u017ei"}]},{"@type":"WebSite","@id":"https:\/\/playwell.ee\/#website","url":"https:\/\/playwell.ee\/","name":"Ehita oma maailm - klots klotsi haaval","description":"Playwell | LEGO pood Eestis","publisher":{"@id":"https:\/\/playwell.ee\/#organization"},"potentialAction":[{"@type":"SearchAction","target":{"@type":"EntryPoint","urlTemplate":"https:\/\/playwell.ee\/?s={search_term_string}"},"query-input":{"@type":"PropertyValueSpecification","valueRequired":true,"valueName":"search_term_string"}}],"inLanguage":"en-US"},{"@type":"Organization","@id":"https:\/\/playwell.ee\/#organization","name":"Playwell.ee","url":"https:\/\/playwell.ee\/","logo":{"@type":"ImageObject","inLanguage":"en-US","@id":"https:\/\/playwell.ee\/#\/schema\/logo\/image\/","url":"https:\/\/playwell.ee\/wp-content\/uploads\/2024\/06\/Logo-01-1.png","contentUrl":"https:\/\/playwell.ee\/wp-content\/uploads\/2024\/06\/Logo-01-1.png","width":2980,"height":1009,"caption":"Playwell.ee"},"image":{"@id":"https:\/\/playwell.ee\/#\/schema\/logo\/image\/"},"sameAs":["https:\/\/www.facebook.com\/profile.php?id=100091128044867"]}]}},"_links":{"self":[{"href":"https:\/\/playwell.ee\/en\/wp-json\/wp\/v2\/product\/19311","targetHints":{"allow":["GET"]}}],"collection":[{"href":"https:\/\/playwell.ee\/en\/wp-json\/wp\/v2\/product"}],"about":[{"href":"https:\/\/playwell.ee\/en\/wp-json\/wp\/v2\/types\/product"}],"wp:featuredmedia":[{"embeddable":true,"href":"https:\/\/playwell.ee\/en\/wp-json\/wp\/v2\/media\/18606"}],"wp:attachment":[{"href":"https:\/\/playwell.ee\/en\/wp-json\/wp\/v2\/media?parent=19311"}],"wp:term":[{"taxonomy":"product_brand","embeddable":true,"href":"https:\/\/playwell.ee\/en\/wp-json\/wp\/v2\/product_brand?post=19311"},{"taxonomy":"product_cat","embeddable":true,"href":"https:\/\/playwell.ee\/en\/wp-json\/wp\/v2\/product_cat?post=19311"},{"taxonomy":"product_tag","embeddable":true,"href":"https:\/\/playwell.ee\/en\/wp-json\/wp\/v2\/product_tag?post=19311"}],"curies":[{"name":"wp","href":"https:\/\/api.w.org\/{rel}","templated":true}]}}