{"id":19309,"date":"2025-06-18T19:13:42","date_gmt":"2025-06-18T17:13:42","guid":{"rendered":"https:\/\/playwell.ee\/product\/lego-friends-42654-poni-rantso-ja-tall\/"},"modified":"2025-08-04T16:20:28","modified_gmt":"2025-08-04T14:20:28","slug":"lego-friends-42654-poni-rantso-ja-tall","status":"publish","type":"product","link":"https:\/\/playwell.ee\/en\/product\/lego-friends-42654-poni-rantso-ja-tall\/","title":{"rendered":"LEGO\u00ae Friends 42654 &#8211; Poni rant\u0161o ja tall"},"content":{"rendered":"<p>See ehituskomplekt on kingitus noortele hobuses\u00f5pradele! LEGO\u00ae Friends poni rant\u0161o ja tall (42654) innustab 7-aastaseid ja vanemaid t\u00fcdrukuid ja poisse jutustama loomadega m\u00e4ngides oma s\u00f5pruslugusid. Komplektis on kokkupandav poni rant\u0161o koos tallide ja eluruumidega, k\u00e4ru, 2 mininukku, 2 mikronukku, kassifiguur, 3 ponifiguuri ja palju tarvikuid loominguliseks m\u00e4nguks.<\/p>\n<p>Lapsed saavad luua l\u00f5putuid seiklusi Aliya, Lianni, Victoria ja Ellaga. 3 poni hooldamine ja s\u00f6\u00f6tmine on v\u00e4ga l\u00f5bus ja seal on ka t\u00f6\u00f6tav heinat\u00f5stuk, et heinapallid k\u00fc\u00fcni v\u00f5i vankrile viia. Rant\u0161o sees on hubane elutuba, lisaks heinak\u00fc\u00fcn, kus s\u00f5brad armastavad talli kohal magada \u2013 see on iga hobuses\u00f5bra unistuse t\u00e4itumine!<\/p>\n<p>Avasta rohkem rollim\u00e4nguasju (m\u00fc\u00fcakse eraldi) LEGO Friends universumist. Selle komplektiga on kaasas rakendus LEGO Builder, mis v\u00f5imaldab intuitiivset ehitust. Siin saavad lapsed 3D-s mudeleid sisse suumida ja p\u00f6\u00f6rata, komplekte salvestada ja edenemist j\u00e4lgida.<\/p>\n<p>Ehituskomplekt kingituseks hobuses\u00f5pradele \u2013 selle lastele m\u00f5eldud LEGO\u00ae Friends poni rant\u0161o ja talliga on kaasas kokkupandav tall, k\u00e4ru, heinat\u00f5stuk ja palju muud, et r\u00f5\u00f5mustada 7-aastaseid ja vanemaid t\u00fcdrukuid ja poisse<br \/>\nT\u00f6\u00f6tav heinat\u00f5stuk \u2013 selles hobustega m\u00e4ngukomplektis on heinat\u00f5stuk heinapallide t\u00f5stmiseks ja langetamiseks, et lapsed saaksid need transportida ponivankrisse v\u00f5i heinak\u00fc\u00fcni<br \/>\nL\u00f5busate tegelastega matkimism\u00e4ng \u2013 selle hobusem\u00e4nguasjaga on kaasas Aliya ja Lianni mininukud ning Victoria ja Ella mikronukud, kassifiguur, 3 ponifiguuri ja palju tarvikuid loominguliseks m\u00e4nguks<br \/>\nHobuste m\u00e4ngutarvikud \u2013 selles l\u00f5busas komplektis on tall ja elutuba, lisaks tarvikud, sealhulgas paelad, harjad, praeahi, k\u00fcpsised, p\u00f5ldmarjad,porgand, hobusekujulised laternad ja palju muud<br \/>\nKingitus hobuses\u00f5pradest t\u00fcdrukutele ja poistele \u2013 see komplekt on l\u00f5bus kingitus 7-aastastele ja vanematele lastele, kes naudivad loomingulist s\u00f5prusm\u00e4ngu ja jutuvestmist<br \/>\nVeebisari \u2013 inspireeri rohkemloovm\u00e4nguideid teiste komplektidega (m\u00fc\u00fcakse eraldi) ja veebisarjaga LEGO\u00ae Friends: j\u00e4rgmine peat\u00fckk, kus lapsed saavad tutvuda Heartlake&#8217;i linna tegelastega<br \/>\nJutustame s\u00f5prusloo \u2013 LEGO\u00ae Friends ehituskomplektide sari v\u00f5imaldab lastel avastada erinevaid s\u00f5prushetki, pakkudes palju v\u00f5imalusi jutustada ise loomingulisi lugusid<br \/>\nM\u00f5\u00f5dud \u2013 727-osaline komplekt poni rant\u0161o mudeliga, mille k\u00f5rgus on 17 cm, laius 33 cm ja s\u00fcgavus 14 cm<\/p>\n","protected":false},"excerpt":{"rendered":"<p><strong>Tasuta tarne alates 120\u20ac * Kogu kaup Eesti laos olemas * Kiire tarne<\/strong><\/p>\n<ul>\n<li>Osasi: 727<\/li>\n<li>Vanus: 6+<\/li>\n<\/ul>\n","protected":false},"featured_media":18656,"template":"","meta":[],"product_brand":[],"product_cat":[148],"product_tag":[168],"class_list":{"0":"post-19309","1":"product","2":"type-product","3":"status-publish","4":"has-post-thumbnail","6":"product_cat-friends-en","7":"product_tag-6-en","8":"new","10":"first","11":"instock","12":"taxable","13":"shipping-taxable","14":"purchasable","15":"product-type-simple","16":"add-to-wishlist-after_add_to_cart"},"yoast_head":"<!-- This site is optimized with the Yoast SEO plugin v27.4 - https:\/\/yoast.com\/product\/yoast-seo-wordpress\/ -->\n<title>LEGO\u00ae Friends 42654 - Poni rant\u0161o ja tall - Ehita oma maailm - klots klotsi haaval<\/title>\n<meta name=\"description\" content=\"See ehituskomplekt on kingitus noortele hobuses\u00f5pradele! LEGO\u00ae Friends poni rant\u0161o ja tall (42654) innustab 7-aastaseid ja vanemaid t\u00fcdrukuid ja poisse jutustama loomadega m\u00e4ngides oma s\u00f5pruslugusid\" \/>\n<meta name=\"robots\" content=\"index, follow, max-snippet:-1, max-image-preview:large, max-video-preview:-1\" \/>\n<link rel=\"canonical\" href=\"https:\/\/playwell.ee\/toode\/lego-friends-42654-poni-rantso-ja-tall\/\" \/>\n<meta property=\"og:locale\" content=\"en_US\" \/>\n<meta property=\"og:type\" content=\"article\" \/>\n<meta property=\"og:title\" content=\"LEGO\u00ae Friends 42654 - Poni rant\u0161o ja tall - Ehita oma maailm - klots klotsi haaval\" \/>\n<meta property=\"og:description\" content=\"See ehituskomplekt on kingitus noortele hobuses\u00f5pradele! LEGO\u00ae Friends poni rant\u0161o ja tall (42654) innustab 7-aastaseid ja vanemaid t\u00fcdrukuid ja poisse jutustama loomadega m\u00e4ngides oma s\u00f5pruslugusid\" \/>\n<meta property=\"og:url\" content=\"https:\/\/playwell.ee\/toode\/lego-friends-42654-poni-rantso-ja-tall\/\" \/>\n<meta property=\"og:site_name\" content=\"Ehita oma maailm - klots klotsi haaval\" \/>\n<meta property=\"article:publisher\" content=\"https:\/\/www.facebook.com\/profile.php?id=100091128044867\" \/>\n<meta property=\"article:modified_time\" content=\"2025-08-04T14:20:28+00:00\" \/>\n<meta property=\"og:image\" content=\"https:\/\/playwell.ee\/wp-content\/uploads\/2025\/06\/LEGO_42654_Box1_v29.jpg\" \/>\n\t<meta property=\"og:image:width\" content=\"2400\" \/>\n\t<meta property=\"og:image:height\" content=\"1769\" \/>\n\t<meta property=\"og:image:type\" content=\"image\/jpeg\" \/>\n<meta name=\"twitter:card\" content=\"summary_large_image\" \/>\n<meta name=\"twitter:label1\" content=\"Est. reading time\" \/>\n\t<meta name=\"twitter:data1\" content=\"2 minutes\" \/>\n<script type=\"application\/ld+json\" class=\"yoast-schema-graph\">{\"@context\":\"https:\\\/\\\/schema.org\",\"@graph\":[{\"@type\":\"WebPage\",\"@id\":\"https:\\\/\\\/playwell.ee\\\/toode\\\/lego-friends-42654-poni-rantso-ja-tall\\\/\",\"url\":\"https:\\\/\\\/playwell.ee\\\/toode\\\/lego-friends-42654-poni-rantso-ja-tall\\\/\",\"name\":\"LEGO\u00ae Friends 42654 - Poni rant\u0161o ja tall - Ehita oma maailm - klots klotsi haaval\",\"isPartOf\":{\"@id\":\"https:\\\/\\\/playwell.ee\\\/#website\"},\"primaryImageOfPage\":{\"@id\":\"https:\\\/\\\/playwell.ee\\\/toode\\\/lego-friends-42654-poni-rantso-ja-tall\\\/#primaryimage\"},\"image\":{\"@id\":\"https:\\\/\\\/playwell.ee\\\/toode\\\/lego-friends-42654-poni-rantso-ja-tall\\\/#primaryimage\"},\"thumbnailUrl\":\"https:\\\/\\\/playwell.ee\\\/wp-content\\\/uploads\\\/2025\\\/06\\\/LEGO_42654_Box1_v29.jpg\",\"datePublished\":\"2025-06-18T17:13:42+00:00\",\"dateModified\":\"2025-08-04T14:20:28+00:00\",\"description\":\"See ehituskomplekt on kingitus noortele hobuses\u00f5pradele! LEGO\u00ae Friends poni rant\u0161o ja tall (42654) innustab 7-aastaseid ja vanemaid t\u00fcdrukuid ja poisse jutustama loomadega m\u00e4ngides oma s\u00f5pruslugusid\",\"breadcrumb\":{\"@id\":\"https:\\\/\\\/playwell.ee\\\/toode\\\/lego-friends-42654-poni-rantso-ja-tall\\\/#breadcrumb\"},\"inLanguage\":\"en-US\",\"potentialAction\":[{\"@type\":\"ReadAction\",\"target\":[\"https:\\\/\\\/playwell.ee\\\/toode\\\/lego-friends-42654-poni-rantso-ja-tall\\\/\"]}]},{\"@type\":\"ImageObject\",\"inLanguage\":\"en-US\",\"@id\":\"https:\\\/\\\/playwell.ee\\\/toode\\\/lego-friends-42654-poni-rantso-ja-tall\\\/#primaryimage\",\"url\":\"https:\\\/\\\/playwell.ee\\\/wp-content\\\/uploads\\\/2025\\\/06\\\/LEGO_42654_Box1_v29.jpg\",\"contentUrl\":\"https:\\\/\\\/playwell.ee\\\/wp-content\\\/uploads\\\/2025\\\/06\\\/LEGO_42654_Box1_v29.jpg\",\"width\":2400,\"height\":1769,\"caption\":\"Poni rant\u0161o ja tall 42654\"},{\"@type\":\"BreadcrumbList\",\"@id\":\"https:\\\/\\\/playwell.ee\\\/toode\\\/lego-friends-42654-poni-rantso-ja-tall\\\/#breadcrumb\",\"itemListElement\":[{\"@type\":\"ListItem\",\"position\":1,\"name\":\"Home\",\"item\":\"https:\\\/\\\/playwell.ee\\\/en\\\/\"},{\"@type\":\"ListItem\",\"position\":2,\"name\":\"All LEGO Products\",\"item\":\"https:\\\/\\\/playwell.ee\\\/en\\\/all-products\\\/\"},{\"@type\":\"ListItem\",\"position\":3,\"name\":\"LEGO\u00ae Friends 42654 &#8211; Poni rant\u0161o ja tall\"}]},{\"@type\":\"WebSite\",\"@id\":\"https:\\\/\\\/playwell.ee\\\/#website\",\"url\":\"https:\\\/\\\/playwell.ee\\\/\",\"name\":\"Ehita oma maailm - klots klotsi haaval\",\"description\":\"Playwell | LEGO pood Eestis\",\"publisher\":{\"@id\":\"https:\\\/\\\/playwell.ee\\\/#organization\"},\"potentialAction\":[{\"@type\":\"SearchAction\",\"target\":{\"@type\":\"EntryPoint\",\"urlTemplate\":\"https:\\\/\\\/playwell.ee\\\/?s={search_term_string}\"},\"query-input\":{\"@type\":\"PropertyValueSpecification\",\"valueRequired\":true,\"valueName\":\"search_term_string\"}}],\"inLanguage\":\"en-US\"},{\"@type\":\"Organization\",\"@id\":\"https:\\\/\\\/playwell.ee\\\/#organization\",\"name\":\"Playwell.ee\",\"url\":\"https:\\\/\\\/playwell.ee\\\/\",\"logo\":{\"@type\":\"ImageObject\",\"inLanguage\":\"en-US\",\"@id\":\"https:\\\/\\\/playwell.ee\\\/#\\\/schema\\\/logo\\\/image\\\/\",\"url\":\"https:\\\/\\\/playwell.ee\\\/wp-content\\\/uploads\\\/2024\\\/06\\\/Logo-01-1.png\",\"contentUrl\":\"https:\\\/\\\/playwell.ee\\\/wp-content\\\/uploads\\\/2024\\\/06\\\/Logo-01-1.png\",\"width\":2980,\"height\":1009,\"caption\":\"Playwell.ee\"},\"image\":{\"@id\":\"https:\\\/\\\/playwell.ee\\\/#\\\/schema\\\/logo\\\/image\\\/\"},\"sameAs\":[\"https:\\\/\\\/www.facebook.com\\\/profile.php?id=100091128044867\"]}]}<\/script>\n<!-- \/ Yoast SEO plugin. -->","yoast_head_json":{"title":"LEGO\u00ae Friends 42654 - Poni rant\u0161o ja tall - Ehita oma maailm - klots klotsi haaval","description":"See ehituskomplekt on kingitus noortele hobuses\u00f5pradele! LEGO\u00ae Friends poni rant\u0161o ja tall (42654) innustab 7-aastaseid ja vanemaid t\u00fcdrukuid ja poisse jutustama loomadega m\u00e4ngides oma s\u00f5pruslugusid","robots":{"index":"index","follow":"follow","max-snippet":"max-snippet:-1","max-image-preview":"max-image-preview:large","max-video-preview":"max-video-preview:-1"},"canonical":"https:\/\/playwell.ee\/toode\/lego-friends-42654-poni-rantso-ja-tall\/","og_locale":"en_US","og_type":"article","og_title":"LEGO\u00ae Friends 42654 - Poni rant\u0161o ja tall - Ehita oma maailm - klots klotsi haaval","og_description":"See ehituskomplekt on kingitus noortele hobuses\u00f5pradele! LEGO\u00ae Friends poni rant\u0161o ja tall (42654) innustab 7-aastaseid ja vanemaid t\u00fcdrukuid ja poisse jutustama loomadega m\u00e4ngides oma s\u00f5pruslugusid","og_url":"https:\/\/playwell.ee\/toode\/lego-friends-42654-poni-rantso-ja-tall\/","og_site_name":"Ehita oma maailm - klots klotsi haaval","article_publisher":"https:\/\/www.facebook.com\/profile.php?id=100091128044867","article_modified_time":"2025-08-04T14:20:28+00:00","og_image":[{"width":2400,"height":1769,"url":"https:\/\/playwell.ee\/wp-content\/uploads\/2025\/06\/LEGO_42654_Box1_v29.jpg","type":"image\/jpeg"}],"twitter_card":"summary_large_image","twitter_misc":{"Est. reading time":"2 minutes"},"schema":{"@context":"https:\/\/schema.org","@graph":[{"@type":"WebPage","@id":"https:\/\/playwell.ee\/toode\/lego-friends-42654-poni-rantso-ja-tall\/","url":"https:\/\/playwell.ee\/toode\/lego-friends-42654-poni-rantso-ja-tall\/","name":"LEGO\u00ae Friends 42654 - Poni rant\u0161o ja tall - Ehita oma maailm - klots klotsi haaval","isPartOf":{"@id":"https:\/\/playwell.ee\/#website"},"primaryImageOfPage":{"@id":"https:\/\/playwell.ee\/toode\/lego-friends-42654-poni-rantso-ja-tall\/#primaryimage"},"image":{"@id":"https:\/\/playwell.ee\/toode\/lego-friends-42654-poni-rantso-ja-tall\/#primaryimage"},"thumbnailUrl":"https:\/\/playwell.ee\/wp-content\/uploads\/2025\/06\/LEGO_42654_Box1_v29.jpg","datePublished":"2025-06-18T17:13:42+00:00","dateModified":"2025-08-04T14:20:28+00:00","description":"See ehituskomplekt on kingitus noortele hobuses\u00f5pradele! LEGO\u00ae Friends poni rant\u0161o ja tall (42654) innustab 7-aastaseid ja vanemaid t\u00fcdrukuid ja poisse jutustama loomadega m\u00e4ngides oma s\u00f5pruslugusid","breadcrumb":{"@id":"https:\/\/playwell.ee\/toode\/lego-friends-42654-poni-rantso-ja-tall\/#breadcrumb"},"inLanguage":"en-US","potentialAction":[{"@type":"ReadAction","target":["https:\/\/playwell.ee\/toode\/lego-friends-42654-poni-rantso-ja-tall\/"]}]},{"@type":"ImageObject","inLanguage":"en-US","@id":"https:\/\/playwell.ee\/toode\/lego-friends-42654-poni-rantso-ja-tall\/#primaryimage","url":"https:\/\/playwell.ee\/wp-content\/uploads\/2025\/06\/LEGO_42654_Box1_v29.jpg","contentUrl":"https:\/\/playwell.ee\/wp-content\/uploads\/2025\/06\/LEGO_42654_Box1_v29.jpg","width":2400,"height":1769,"caption":"Poni rant\u0161o ja tall 42654"},{"@type":"BreadcrumbList","@id":"https:\/\/playwell.ee\/toode\/lego-friends-42654-poni-rantso-ja-tall\/#breadcrumb","itemListElement":[{"@type":"ListItem","position":1,"name":"Home","item":"https:\/\/playwell.ee\/en\/"},{"@type":"ListItem","position":2,"name":"All LEGO Products","item":"https:\/\/playwell.ee\/en\/all-products\/"},{"@type":"ListItem","position":3,"name":"LEGO\u00ae Friends 42654 &#8211; Poni rant\u0161o ja tall"}]},{"@type":"WebSite","@id":"https:\/\/playwell.ee\/#website","url":"https:\/\/playwell.ee\/","name":"Ehita oma maailm - klots klotsi haaval","description":"Playwell | LEGO pood Eestis","publisher":{"@id":"https:\/\/playwell.ee\/#organization"},"potentialAction":[{"@type":"SearchAction","target":{"@type":"EntryPoint","urlTemplate":"https:\/\/playwell.ee\/?s={search_term_string}"},"query-input":{"@type":"PropertyValueSpecification","valueRequired":true,"valueName":"search_term_string"}}],"inLanguage":"en-US"},{"@type":"Organization","@id":"https:\/\/playwell.ee\/#organization","name":"Playwell.ee","url":"https:\/\/playwell.ee\/","logo":{"@type":"ImageObject","inLanguage":"en-US","@id":"https:\/\/playwell.ee\/#\/schema\/logo\/image\/","url":"https:\/\/playwell.ee\/wp-content\/uploads\/2024\/06\/Logo-01-1.png","contentUrl":"https:\/\/playwell.ee\/wp-content\/uploads\/2024\/06\/Logo-01-1.png","width":2980,"height":1009,"caption":"Playwell.ee"},"image":{"@id":"https:\/\/playwell.ee\/#\/schema\/logo\/image\/"},"sameAs":["https:\/\/www.facebook.com\/profile.php?id=100091128044867"]}]}},"_links":{"self":[{"href":"https:\/\/playwell.ee\/en\/wp-json\/wp\/v2\/product\/19309","targetHints":{"allow":["GET"]}}],"collection":[{"href":"https:\/\/playwell.ee\/en\/wp-json\/wp\/v2\/product"}],"about":[{"href":"https:\/\/playwell.ee\/en\/wp-json\/wp\/v2\/types\/product"}],"wp:featuredmedia":[{"embeddable":true,"href":"https:\/\/playwell.ee\/en\/wp-json\/wp\/v2\/media\/18656"}],"wp:attachment":[{"href":"https:\/\/playwell.ee\/en\/wp-json\/wp\/v2\/media?parent=19309"}],"wp:term":[{"taxonomy":"product_brand","embeddable":true,"href":"https:\/\/playwell.ee\/en\/wp-json\/wp\/v2\/product_brand?post=19309"},{"taxonomy":"product_cat","embeddable":true,"href":"https:\/\/playwell.ee\/en\/wp-json\/wp\/v2\/product_cat?post=19309"},{"taxonomy":"product_tag","embeddable":true,"href":"https:\/\/playwell.ee\/en\/wp-json\/wp\/v2\/product_tag?post=19309"}],"curies":[{"name":"wp","href":"https:\/\/api.w.org\/{rel}","templated":true}]}}