{"id":19292,"date":"2025-06-18T19:13:43","date_gmt":"2025-06-18T17:13:43","guid":{"rendered":"https:\/\/playwell.ee\/product\/lego-friends-42664-reisilaevaseiklus\/"},"modified":"2025-08-04T16:20:29","modified_gmt":"2025-08-04T14:20:29","slug":"lego-friends-42664-reisilaevaseiklus","status":"publish","type":"product","link":"https:\/\/playwell.ee\/en\/product\/lego-friends-42664-reisilaevaseiklus\/","title":{"rendered":"LEGO\u00ae Friends 42664 &#8211; Reisilaevaseiklus"},"content":{"rendered":"<p>L\u00f5bus ehituskomplekt kingituseks v\u00e4ikestele purjetamiss\u00f5pradele! 8-aastastele ja vanematele t\u00fcdrukutele ja poistele m\u00f5eldud reisilaevaseiklusega (42664) on kaasas 4 LEGO Friends mininukku ja palju tarvikuid loominguliseks m\u00e4nguks. Detailne laev ont\u00e4is realistlikke funktsioone, nagu puri, mis liigub, kui lapsed rooli keeravad!<\/p>\n<p>Lapsed jutustavad lugusid Paisley, Zaci, Celine&#8217;i ja Skyga, kui nad laevaseiklusele asuvad. Laevas on alad toiduvalmistamiseks, einestamiseks, l\u00f5\u00f5gastumiseks ja magamiseks \u2013 see sobib suurep\u00e4raselt uute lugude loomiseks iga kord, kui lapsed m\u00e4ngivad. Avasta ujumismadratsiga mullivann, m\u00e4ngunurk, 4 voodikohaga magamisnurk ning du\u0161\u0161 ja WC.<\/p>\n<p>T\u00f5sta paadi \u00fclaosa maha, et p\u00e4\u00e4seda juurde \u00fcksikasjalikule k\u00f6\u00f6ginurgale ja s\u00f6\u00f6gitoale. Lastel on palju elemente, mida uurida, kui nad tegelastega koos kokkavad ja einestavad. Muude puhkuseteemaliste tarvikute hulka kuuluvad binokkel delfiini ja tema beebi m\u00e4rkamiseks, 2 veeskuutrit, surfilaud, ujumislestad, m\u00e4ngukontrollerid ja palju muud.<\/p>\n<p>Lugusid sisaldav ehituskomplekt \u2013 selle 8-aastastele ja vanematele t\u00fcdrukutele, poistele ja noortele purjetajatele m\u00f5eldud reisilaevaseiklusega on kaasas 4 mininukku, 2 delfiini ja tarvikud loominguliseks m\u00e4nguks<br \/>\nLaevam\u00e4ngukomplekt, millel on palju funktsioone \u2013 lapsed saavad laeva ehitada, seej\u00e4rel saavad nad l\u00f5busalt luua tegelastele oma lugusid, kuidas s\u00f5brad laevas m\u00e4ngivad ja l\u00f5\u00f5gastuvad ning delfiine vaatlevad<br \/>\n4 mininukku ja 2 delfiinifiguuri \u2013 selles komplektis on Paisley, Zaci, Celine&#8217;i ja Sky mininukud, lisaks delfiini ja delfiinibeebi figuurid<br \/>\nS\u00f5iduki m\u00e4ngukomplekt koos tarvikutega \u2013 selle LEGO\u00ae reisikomplektiga on kaasas rollim\u00e4ngutarvikud, sealhulgas 2 veeskuutrit, surfilaud, ujumislestad, p\u00e4\u00e4stevestid, s\u00f6\u00f6k ja palju muud<br \/>\nKingitus lastele, kes armastavad LEGO\u00ae s\u00f5idukeid ja reisim\u00e4nguasju \u2013 see laevam\u00e4nguasi on l\u00f5bus kingiidee lastele, kes armastavad matkimism\u00e4ngu ja s\u00f5pruslugude loomist<br \/>\nVeebisari \u2013 inspireeri rohkem loovm\u00e4nguideid teiste komplektidega (m\u00fc\u00fcakse eraldi) ja veebisarjaga LEGO\u00ae Friends: j\u00e4rgmine peat\u00fckk, kus lapsed saavad tutvuda Heartlake&#8217;i linna tegelastega<br \/>\nAbik\u00e4si \u2013 leiad intuitiivsed juhised rakendusest LEGO\u00ae Builder, kus ehitajad saavad mudeleid 3D-vaates suumida ja p\u00f6\u00f6rata, oma edenemist j\u00e4lgida ning komplekte salvestada, samal ajal uusi oskusi arendades<br \/>\nM\u00f5\u00f5dud \u2013 685-osaline komplekt laevamudeliga, mille k\u00f5rgus on 26 cm, pikkus 32 cm ja laius 19 cm<\/p>\n","protected":false},"excerpt":{"rendered":"<p><strong>Tasuta tarne alates 120\u20ac * Kogu kaup Eesti laos olemas * Kiire tarne<\/strong><\/p>\n<ul>\n<li>Osasi: 685<\/li>\n<li>Vanus: 8+<\/li>\n<\/ul>\n","protected":false},"featured_media":18700,"template":"","meta":[],"product_brand":[],"product_cat":[148],"product_tag":[189],"class_list":{"0":"post-19292","1":"product","2":"type-product","3":"status-publish","4":"has-post-thumbnail","6":"product_cat-friends-en","7":"product_tag-8-en","8":"new","10":"first","11":"instock","12":"taxable","13":"shipping-taxable","14":"purchasable","15":"product-type-simple","16":"add-to-wishlist-after_add_to_cart"},"yoast_head":"<!-- This site is optimized with the Yoast SEO plugin v27.4 - https:\/\/yoast.com\/product\/yoast-seo-wordpress\/ -->\n<title>LEGO\u00ae Friends 42664 - Reisilaevaseiklus - Ehita oma maailm - klots klotsi haaval<\/title>\n<meta name=\"description\" content=\"L\u00f5bus ehituskomplekt kingituseks v\u00e4ikestele purjetamiss\u00f5pradele! 8-aastastele ja vanematele t\u00fcdrukutele ja poistele m\u00f5eldud reisilaevaseiklusega (42664) on kaasas 4 LEGO Friends mininukku ja palju tarvikuid loominguliseks m\u00e4nguks\" \/>\n<meta name=\"robots\" content=\"index, follow, max-snippet:-1, max-image-preview:large, max-video-preview:-1\" \/>\n<link rel=\"canonical\" href=\"https:\/\/playwell.ee\/toode\/lego-friends-42664-reisilaevaseiklus\/\" \/>\n<meta property=\"og:locale\" content=\"en_US\" \/>\n<meta property=\"og:type\" content=\"article\" \/>\n<meta property=\"og:title\" content=\"LEGO\u00ae Friends 42664 - Reisilaevaseiklus - Ehita oma maailm - klots klotsi haaval\" \/>\n<meta property=\"og:description\" content=\"L\u00f5bus ehituskomplekt kingituseks v\u00e4ikestele purjetamiss\u00f5pradele! 8-aastastele ja vanematele t\u00fcdrukutele ja poistele m\u00f5eldud reisilaevaseiklusega (42664) on kaasas 4 LEGO Friends mininukku ja palju tarvikuid loominguliseks m\u00e4nguks\" \/>\n<meta property=\"og:url\" content=\"https:\/\/playwell.ee\/toode\/lego-friends-42664-reisilaevaseiklus\/\" \/>\n<meta property=\"og:site_name\" content=\"Ehita oma maailm - klots klotsi haaval\" \/>\n<meta property=\"article:publisher\" content=\"https:\/\/www.facebook.com\/profile.php?id=100091128044867\" \/>\n<meta property=\"article:modified_time\" content=\"2025-08-04T14:20:29+00:00\" \/>\n<meta property=\"og:image\" content=\"https:\/\/playwell.ee\/wp-content\/uploads\/2025\/06\/LEGO_42664_Box1_v29.jpg\" \/>\n\t<meta property=\"og:image:width\" content=\"1738\" \/>\n\t<meta property=\"og:image:height\" content=\"1800\" \/>\n\t<meta property=\"og:image:type\" content=\"image\/jpeg\" \/>\n<meta name=\"twitter:card\" content=\"summary_large_image\" \/>\n<meta name=\"twitter:label1\" content=\"Est. reading time\" \/>\n\t<meta name=\"twitter:data1\" content=\"2 minutes\" \/>\n<script type=\"application\/ld+json\" class=\"yoast-schema-graph\">{\"@context\":\"https:\\\/\\\/schema.org\",\"@graph\":[{\"@type\":\"WebPage\",\"@id\":\"https:\\\/\\\/playwell.ee\\\/toode\\\/lego-friends-42664-reisilaevaseiklus\\\/\",\"url\":\"https:\\\/\\\/playwell.ee\\\/toode\\\/lego-friends-42664-reisilaevaseiklus\\\/\",\"name\":\"LEGO\u00ae Friends 42664 - Reisilaevaseiklus - Ehita oma maailm - klots klotsi haaval\",\"isPartOf\":{\"@id\":\"https:\\\/\\\/playwell.ee\\\/#website\"},\"primaryImageOfPage\":{\"@id\":\"https:\\\/\\\/playwell.ee\\\/toode\\\/lego-friends-42664-reisilaevaseiklus\\\/#primaryimage\"},\"image\":{\"@id\":\"https:\\\/\\\/playwell.ee\\\/toode\\\/lego-friends-42664-reisilaevaseiklus\\\/#primaryimage\"},\"thumbnailUrl\":\"https:\\\/\\\/playwell.ee\\\/wp-content\\\/uploads\\\/2025\\\/06\\\/LEGO_42664_Box1_v29.jpg\",\"datePublished\":\"2025-06-18T17:13:43+00:00\",\"dateModified\":\"2025-08-04T14:20:29+00:00\",\"description\":\"L\u00f5bus ehituskomplekt kingituseks v\u00e4ikestele purjetamiss\u00f5pradele! 8-aastastele ja vanematele t\u00fcdrukutele ja poistele m\u00f5eldud reisilaevaseiklusega (42664) on kaasas 4 LEGO Friends mininukku ja palju tarvikuid loominguliseks m\u00e4nguks\",\"breadcrumb\":{\"@id\":\"https:\\\/\\\/playwell.ee\\\/toode\\\/lego-friends-42664-reisilaevaseiklus\\\/#breadcrumb\"},\"inLanguage\":\"en-US\",\"potentialAction\":[{\"@type\":\"ReadAction\",\"target\":[\"https:\\\/\\\/playwell.ee\\\/toode\\\/lego-friends-42664-reisilaevaseiklus\\\/\"]}]},{\"@type\":\"ImageObject\",\"inLanguage\":\"en-US\",\"@id\":\"https:\\\/\\\/playwell.ee\\\/toode\\\/lego-friends-42664-reisilaevaseiklus\\\/#primaryimage\",\"url\":\"https:\\\/\\\/playwell.ee\\\/wp-content\\\/uploads\\\/2025\\\/06\\\/LEGO_42664_Box1_v29.jpg\",\"contentUrl\":\"https:\\\/\\\/playwell.ee\\\/wp-content\\\/uploads\\\/2025\\\/06\\\/LEGO_42664_Box1_v29.jpg\",\"width\":1738,\"height\":1800,\"caption\":\"Reisilaevaseiklus 42664\"},{\"@type\":\"BreadcrumbList\",\"@id\":\"https:\\\/\\\/playwell.ee\\\/toode\\\/lego-friends-42664-reisilaevaseiklus\\\/#breadcrumb\",\"itemListElement\":[{\"@type\":\"ListItem\",\"position\":1,\"name\":\"Home\",\"item\":\"https:\\\/\\\/playwell.ee\\\/en\\\/\"},{\"@type\":\"ListItem\",\"position\":2,\"name\":\"All LEGO Products\",\"item\":\"https:\\\/\\\/playwell.ee\\\/en\\\/all-products\\\/\"},{\"@type\":\"ListItem\",\"position\":3,\"name\":\"LEGO\u00ae Friends 42664 &#8211; Reisilaevaseiklus\"}]},{\"@type\":\"WebSite\",\"@id\":\"https:\\\/\\\/playwell.ee\\\/#website\",\"url\":\"https:\\\/\\\/playwell.ee\\\/\",\"name\":\"Ehita oma maailm - klots klotsi haaval\",\"description\":\"Playwell | LEGO pood Eestis\",\"publisher\":{\"@id\":\"https:\\\/\\\/playwell.ee\\\/#organization\"},\"potentialAction\":[{\"@type\":\"SearchAction\",\"target\":{\"@type\":\"EntryPoint\",\"urlTemplate\":\"https:\\\/\\\/playwell.ee\\\/?s={search_term_string}\"},\"query-input\":{\"@type\":\"PropertyValueSpecification\",\"valueRequired\":true,\"valueName\":\"search_term_string\"}}],\"inLanguage\":\"en-US\"},{\"@type\":\"Organization\",\"@id\":\"https:\\\/\\\/playwell.ee\\\/#organization\",\"name\":\"Playwell.ee\",\"url\":\"https:\\\/\\\/playwell.ee\\\/\",\"logo\":{\"@type\":\"ImageObject\",\"inLanguage\":\"en-US\",\"@id\":\"https:\\\/\\\/playwell.ee\\\/#\\\/schema\\\/logo\\\/image\\\/\",\"url\":\"https:\\\/\\\/playwell.ee\\\/wp-content\\\/uploads\\\/2024\\\/06\\\/Logo-01-1.png\",\"contentUrl\":\"https:\\\/\\\/playwell.ee\\\/wp-content\\\/uploads\\\/2024\\\/06\\\/Logo-01-1.png\",\"width\":2980,\"height\":1009,\"caption\":\"Playwell.ee\"},\"image\":{\"@id\":\"https:\\\/\\\/playwell.ee\\\/#\\\/schema\\\/logo\\\/image\\\/\"},\"sameAs\":[\"https:\\\/\\\/www.facebook.com\\\/profile.php?id=100091128044867\"]}]}<\/script>\n<!-- \/ Yoast SEO plugin. -->","yoast_head_json":{"title":"LEGO\u00ae Friends 42664 - Reisilaevaseiklus - Ehita oma maailm - klots klotsi haaval","description":"L\u00f5bus ehituskomplekt kingituseks v\u00e4ikestele purjetamiss\u00f5pradele! 8-aastastele ja vanematele t\u00fcdrukutele ja poistele m\u00f5eldud reisilaevaseiklusega (42664) on kaasas 4 LEGO Friends mininukku ja palju tarvikuid loominguliseks m\u00e4nguks","robots":{"index":"index","follow":"follow","max-snippet":"max-snippet:-1","max-image-preview":"max-image-preview:large","max-video-preview":"max-video-preview:-1"},"canonical":"https:\/\/playwell.ee\/toode\/lego-friends-42664-reisilaevaseiklus\/","og_locale":"en_US","og_type":"article","og_title":"LEGO\u00ae Friends 42664 - Reisilaevaseiklus - Ehita oma maailm - klots klotsi haaval","og_description":"L\u00f5bus ehituskomplekt kingituseks v\u00e4ikestele purjetamiss\u00f5pradele! 8-aastastele ja vanematele t\u00fcdrukutele ja poistele m\u00f5eldud reisilaevaseiklusega (42664) on kaasas 4 LEGO Friends mininukku ja palju tarvikuid loominguliseks m\u00e4nguks","og_url":"https:\/\/playwell.ee\/toode\/lego-friends-42664-reisilaevaseiklus\/","og_site_name":"Ehita oma maailm - klots klotsi haaval","article_publisher":"https:\/\/www.facebook.com\/profile.php?id=100091128044867","article_modified_time":"2025-08-04T14:20:29+00:00","og_image":[{"width":1738,"height":1800,"url":"https:\/\/playwell.ee\/wp-content\/uploads\/2025\/06\/LEGO_42664_Box1_v29.jpg","type":"image\/jpeg"}],"twitter_card":"summary_large_image","twitter_misc":{"Est. reading time":"2 minutes"},"schema":{"@context":"https:\/\/schema.org","@graph":[{"@type":"WebPage","@id":"https:\/\/playwell.ee\/toode\/lego-friends-42664-reisilaevaseiklus\/","url":"https:\/\/playwell.ee\/toode\/lego-friends-42664-reisilaevaseiklus\/","name":"LEGO\u00ae Friends 42664 - Reisilaevaseiklus - Ehita oma maailm - klots klotsi haaval","isPartOf":{"@id":"https:\/\/playwell.ee\/#website"},"primaryImageOfPage":{"@id":"https:\/\/playwell.ee\/toode\/lego-friends-42664-reisilaevaseiklus\/#primaryimage"},"image":{"@id":"https:\/\/playwell.ee\/toode\/lego-friends-42664-reisilaevaseiklus\/#primaryimage"},"thumbnailUrl":"https:\/\/playwell.ee\/wp-content\/uploads\/2025\/06\/LEGO_42664_Box1_v29.jpg","datePublished":"2025-06-18T17:13:43+00:00","dateModified":"2025-08-04T14:20:29+00:00","description":"L\u00f5bus ehituskomplekt kingituseks v\u00e4ikestele purjetamiss\u00f5pradele! 8-aastastele ja vanematele t\u00fcdrukutele ja poistele m\u00f5eldud reisilaevaseiklusega (42664) on kaasas 4 LEGO Friends mininukku ja palju tarvikuid loominguliseks m\u00e4nguks","breadcrumb":{"@id":"https:\/\/playwell.ee\/toode\/lego-friends-42664-reisilaevaseiklus\/#breadcrumb"},"inLanguage":"en-US","potentialAction":[{"@type":"ReadAction","target":["https:\/\/playwell.ee\/toode\/lego-friends-42664-reisilaevaseiklus\/"]}]},{"@type":"ImageObject","inLanguage":"en-US","@id":"https:\/\/playwell.ee\/toode\/lego-friends-42664-reisilaevaseiklus\/#primaryimage","url":"https:\/\/playwell.ee\/wp-content\/uploads\/2025\/06\/LEGO_42664_Box1_v29.jpg","contentUrl":"https:\/\/playwell.ee\/wp-content\/uploads\/2025\/06\/LEGO_42664_Box1_v29.jpg","width":1738,"height":1800,"caption":"Reisilaevaseiklus 42664"},{"@type":"BreadcrumbList","@id":"https:\/\/playwell.ee\/toode\/lego-friends-42664-reisilaevaseiklus\/#breadcrumb","itemListElement":[{"@type":"ListItem","position":1,"name":"Home","item":"https:\/\/playwell.ee\/en\/"},{"@type":"ListItem","position":2,"name":"All LEGO Products","item":"https:\/\/playwell.ee\/en\/all-products\/"},{"@type":"ListItem","position":3,"name":"LEGO\u00ae Friends 42664 &#8211; Reisilaevaseiklus"}]},{"@type":"WebSite","@id":"https:\/\/playwell.ee\/#website","url":"https:\/\/playwell.ee\/","name":"Ehita oma maailm - klots klotsi haaval","description":"Playwell | LEGO pood Eestis","publisher":{"@id":"https:\/\/playwell.ee\/#organization"},"potentialAction":[{"@type":"SearchAction","target":{"@type":"EntryPoint","urlTemplate":"https:\/\/playwell.ee\/?s={search_term_string}"},"query-input":{"@type":"PropertyValueSpecification","valueRequired":true,"valueName":"search_term_string"}}],"inLanguage":"en-US"},{"@type":"Organization","@id":"https:\/\/playwell.ee\/#organization","name":"Playwell.ee","url":"https:\/\/playwell.ee\/","logo":{"@type":"ImageObject","inLanguage":"en-US","@id":"https:\/\/playwell.ee\/#\/schema\/logo\/image\/","url":"https:\/\/playwell.ee\/wp-content\/uploads\/2024\/06\/Logo-01-1.png","contentUrl":"https:\/\/playwell.ee\/wp-content\/uploads\/2024\/06\/Logo-01-1.png","width":2980,"height":1009,"caption":"Playwell.ee"},"image":{"@id":"https:\/\/playwell.ee\/#\/schema\/logo\/image\/"},"sameAs":["https:\/\/www.facebook.com\/profile.php?id=100091128044867"]}]}},"_links":{"self":[{"href":"https:\/\/playwell.ee\/en\/wp-json\/wp\/v2\/product\/19292","targetHints":{"allow":["GET"]}}],"collection":[{"href":"https:\/\/playwell.ee\/en\/wp-json\/wp\/v2\/product"}],"about":[{"href":"https:\/\/playwell.ee\/en\/wp-json\/wp\/v2\/types\/product"}],"wp:featuredmedia":[{"embeddable":true,"href":"https:\/\/playwell.ee\/en\/wp-json\/wp\/v2\/media\/18700"}],"wp:attachment":[{"href":"https:\/\/playwell.ee\/en\/wp-json\/wp\/v2\/media?parent=19292"}],"wp:term":[{"taxonomy":"product_brand","embeddable":true,"href":"https:\/\/playwell.ee\/en\/wp-json\/wp\/v2\/product_brand?post=19292"},{"taxonomy":"product_cat","embeddable":true,"href":"https:\/\/playwell.ee\/en\/wp-json\/wp\/v2\/product_cat?post=19292"},{"taxonomy":"product_tag","embeddable":true,"href":"https:\/\/playwell.ee\/en\/wp-json\/wp\/v2\/product_tag?post=19292"}],"curies":[{"name":"wp","href":"https:\/\/api.w.org\/{rel}","templated":true}]}}