{"id":19288,"date":"2025-06-18T19:13:44","date_gmt":"2025-06-18T17:13:44","guid":{"rendered":"https:\/\/playwell.ee\/product\/lego-disney-pixar-43264-toy-story-tahistamise-rong-ja-rc-auto\/"},"modified":"2025-06-21T10:54:16","modified_gmt":"2025-06-21T08:54:16","slug":"lego-disney-pixar-43264-toy-story-tahistamise-rong-ja-rc-auto","status":"publish","type":"product","link":"https:\/\/playwell.ee\/en\/product\/lego-disney-pixar-43264-toy-story-tahistamise-rong-ja-rc-auto\/","title":{"rendered":"LEGO\u00ae Disney Pixar 43264 &#8211; Toy Story t\u00e4histamise rong ja RC auto"},"content":{"rendered":"<p>4-aastased ja vanemad lapsed, kes armastavad s\u00f5idukeid ja ronge, leiavad k\u00f5ike seda ja palju muud Toy Story t\u00e4histamise rongi ja RC auto (43264) LEGO\u00ae \u01c0 Disney ehituskomplektist. Lapsed \u00f5pivad ehitama, kui nad t\u00e4histavad Disney ja Pixari hiti Toy Story 30. aastap\u00e4eva l\u00e4\u00e4nest inspireeritud rongiveduri, 2 platvormi ja autoga. Platvormidel on kiik ja kosmoselaev. Kokkupandavas komplektis on 4 LEGO \u01c0 Disney ja Pixari tegelast: Woody, Jessie, Bo-Peep ja Buzz Valgusaasta.<\/p>\n<p>See ehitusm\u00e4ngukomplekt on kingiidee, mis suurendab laste enesekindlust ja v\u00f5imaldab t\u00e4iskasvanutel nende r\u00f5\u00f5mu jagada. 3 p\u00f5hiklotsi elementi annavad lastele hea stardi ja igas klotsikotis on tegelane, nii et m\u00e4ng saab kiiresti alata! Lisaks sobib see kokku koos teiste LEGO \u01c0Disney ehituskomplektidega (m\u00fc\u00fcakse eraldi).<\/p>\n<p>Komplekt tuleb koos lihtsate piltjuhistega lastele, kes alles \u00f5pivad lugema, ning LEGO Builderi rakenduses on saadaval lihtne ja intuitiivne ehitusseiklus. Lapsed saavad suumida, mudeleid 3D-vormingus p\u00f6\u00f6rat a ja teha veel palju muud. Komplektis on 206 osa.<\/p>\n<p>Disney ja Pixari Toy Story ehituskomplekt lastele \u2013 r\u00f5\u00f5musta \u00fcle 4-aastaseid t\u00fcdrukuid ja poisse Toy Story t\u00e4histamise rongi ja RC auto ehituskomplektiga, mis v\u00f5imaldab lastel m\u00e4ngida loomingulisi lugusid<br \/>\nMis on sees? \u2013 Kokkupandavas LEGO\u00ae \u01c0 Disney m\u00e4ngukomplektis on rongivagun, 2 platvormi ja auto ning 4 LEGO \u01c0 Disney minifiguuri tegelast: Woody, Jessie, Bo-Peep ja Buzz Valgusaasta<br \/>\nFunktsioonid m\u00e4ngimiseks \u2013 LEGO\u00ae \u01c0 Disney rongivagun kinnitub 2 platvormi k\u00fclge, kus on kiik ja avatava kokpitiga kosmoselaev, ning autos on ruumi raketile<br \/>\nDisney ja Pixari Toy Story kokkupandav m\u00e4ngukomplekt \u2013 see LEGO\u00ae ehituskomplekt v\u00f5imaldab f\u00e4nnidel kasutada oma kujutlusv\u00f5imet, et korraldada armastatud tegelastega paraad ning t\u00e4histada Disney ja Pixari Toy Story 30. aastap\u00e4eva<br \/>\nKingiidee lastele \u2013 suurep\u00e4rane kingitus eriliseks s\u00fcndmuseks v\u00f5i lastepeoks poistele, t\u00fcdrukutele ja \u00fcle 4-aastastele f\u00e4nnidele, kes armastavad s\u00f5idukeid, ronge v\u00f5i Disney ja Pixari Toy Story tegelasi<br \/>\nIntuitiivsed juhised \u2013 rakendus LEGO\u00ae Builder juhendab su last intuitiivsel ehitusseiklusel t\u00f6\u00f6riistade abil, mis v\u00f5imaldavad neil mudeleid 3D-vaates suumida ja p\u00f6\u00f6rata, komplekte salvestada ja oma edenemist j\u00e4lgida<br \/>\nLEGO\u00ae \u01c0 Disney kokkupandavad eelkooliealiste m\u00e4nguasjad \u2013 LEGO \u01c0 Disney ehituskomplektid v\u00e4hemalt 4-aastastele lastele tutvustavad t\u00fcdrukutele ja poistele telelemmikute universumit, Toy Storytegelasi ja igap\u00e4evakangelasi<br \/>\nArendab eluks vajalikke oskusi \u2013 see ehituskomplekt sisaldab 4 erinevat LEGO\u00ae \u01c0 Disney ja Pixari kokkupandavat m\u00e4ngumudelit, mis innustab lapsi m\u00e4ngima ja aitab neil l\u00f5busalt \u00f5ppida olulisi eluks vajalikke oskusi<br \/>\nRongi m\u00f5\u00f5dud \u2013 206-osaline LEGO\u00ae \u01c0 Disney ehituskomplekt sisaldab veduriga rongi ja 2 platvormi, mis on koos 10 cmk\u00f5rged, 32 cm pikad ja 5 cm laiad<\/p>\n","protected":false},"excerpt":{"rendered":"<p><strong>Tasuta tarne alates 120\u20ac * Kogu kaup Eesti laos olemas * Kiire tarne<\/strong><\/p>\n<ul>\n<li>Osasi: 206<\/li>\n<li>Vanus: 4+<\/li>\n<\/ul>\n","protected":false},"featured_media":18778,"template":"","meta":[],"product_brand":[],"product_cat":[147],"product_tag":[170],"class_list":{"0":"post-19288","1":"product","2":"type-product","3":"status-publish","4":"has-post-thumbnail","6":"product_cat-disney-en","7":"product_tag-4-en","8":"new","10":"first","11":"instock","12":"taxable","13":"shipping-taxable","14":"purchasable","15":"product-type-simple","16":"add-to-wishlist-after_add_to_cart"},"yoast_head":"<!-- This site is optimized with the Yoast SEO plugin v27.2 - https:\/\/yoast.com\/product\/yoast-seo-wordpress\/ -->\n<title>LEGO\u00ae Disney Pixar 43264 - Toy Story t\u00e4histamise rong ja RC auto - Ehita oma maailm - klots klotsi haaval<\/title>\n<meta name=\"description\" content=\"4-aastased ja vanemad lapsed, kes armastavad s\u00f5idukeid ja ronge, leiavad k\u00f5ike seda ja palju muud Toy Story t\u00e4histamise rongi ja RC auto (43264) LEGO\u00ae \u01c0 Disney ehituskomplektist\" \/>\n<meta name=\"robots\" content=\"index, follow, max-snippet:-1, max-image-preview:large, max-video-preview:-1\" \/>\n<link rel=\"canonical\" href=\"https:\/\/playwell.ee\/toode\/lego-disney-pixar-43264-toy-story-tahistamise-rong-ja-rc-auto\/\" \/>\n<meta property=\"og:locale\" content=\"en_US\" \/>\n<meta property=\"og:type\" content=\"article\" \/>\n<meta property=\"og:title\" content=\"LEGO\u00ae Disney Pixar 43264 - Toy Story t\u00e4histamise rong ja RC auto - Ehita oma maailm - klots klotsi haaval\" \/>\n<meta property=\"og:description\" content=\"4-aastased ja vanemad lapsed, kes armastavad s\u00f5idukeid ja ronge, leiavad k\u00f5ike seda ja palju muud Toy Story t\u00e4histamise rongi ja RC auto (43264) LEGO\u00ae \u01c0 Disney ehituskomplektist\" \/>\n<meta property=\"og:url\" content=\"https:\/\/playwell.ee\/toode\/lego-disney-pixar-43264-toy-story-tahistamise-rong-ja-rc-auto\/\" \/>\n<meta property=\"og:site_name\" content=\"Ehita oma maailm - klots klotsi haaval\" \/>\n<meta property=\"article:publisher\" content=\"https:\/\/www.facebook.com\/profile.php?id=100091128044867\" \/>\n<meta property=\"article:modified_time\" content=\"2025-06-21T08:54:16+00:00\" \/>\n<meta property=\"og:image\" content=\"https:\/\/playwell.ee\/wp-content\/uploads\/2025\/06\/LEGO_43264_Box1_v29.jpg\" \/>\n\t<meta property=\"og:image:width\" content=\"2400\" \/>\n\t<meta property=\"og:image:height\" content=\"1589\" \/>\n\t<meta property=\"og:image:type\" content=\"image\/jpeg\" \/>\n<meta name=\"twitter:card\" content=\"summary_large_image\" \/>\n<meta name=\"twitter:label1\" content=\"Est. reading time\" \/>\n\t<meta name=\"twitter:data1\" content=\"3 minutes\" \/>\n<script type=\"application\/ld+json\" class=\"yoast-schema-graph\">{\"@context\":\"https:\/\/schema.org\",\"@graph\":[{\"@type\":\"WebPage\",\"@id\":\"https:\/\/playwell.ee\/toode\/lego-disney-pixar-43264-toy-story-tahistamise-rong-ja-rc-auto\/\",\"url\":\"https:\/\/playwell.ee\/toode\/lego-disney-pixar-43264-toy-story-tahistamise-rong-ja-rc-auto\/\",\"name\":\"LEGO\u00ae Disney Pixar 43264 - Toy Story t\u00e4histamise rong ja RC auto - Ehita oma maailm - klots klotsi haaval\",\"isPartOf\":{\"@id\":\"https:\/\/playwell.ee\/#website\"},\"primaryImageOfPage\":{\"@id\":\"https:\/\/playwell.ee\/toode\/lego-disney-pixar-43264-toy-story-tahistamise-rong-ja-rc-auto\/#primaryimage\"},\"image\":{\"@id\":\"https:\/\/playwell.ee\/toode\/lego-disney-pixar-43264-toy-story-tahistamise-rong-ja-rc-auto\/#primaryimage\"},\"thumbnailUrl\":\"https:\/\/playwell.ee\/wp-content\/uploads\/2025\/06\/LEGO_43264_Box1_v29.jpg\",\"datePublished\":\"2025-06-18T17:13:44+00:00\",\"dateModified\":\"2025-06-21T08:54:16+00:00\",\"description\":\"4-aastased ja vanemad lapsed, kes armastavad s\u00f5idukeid ja ronge, leiavad k\u00f5ike seda ja palju muud Toy Story t\u00e4histamise rongi ja RC auto (43264) LEGO\u00ae \u01c0 Disney ehituskomplektist\",\"breadcrumb\":{\"@id\":\"https:\/\/playwell.ee\/toode\/lego-disney-pixar-43264-toy-story-tahistamise-rong-ja-rc-auto\/#breadcrumb\"},\"inLanguage\":\"en-US\",\"potentialAction\":[{\"@type\":\"ReadAction\",\"target\":[\"https:\/\/playwell.ee\/toode\/lego-disney-pixar-43264-toy-story-tahistamise-rong-ja-rc-auto\/\"]}]},{\"@type\":\"ImageObject\",\"inLanguage\":\"en-US\",\"@id\":\"https:\/\/playwell.ee\/toode\/lego-disney-pixar-43264-toy-story-tahistamise-rong-ja-rc-auto\/#primaryimage\",\"url\":\"https:\/\/playwell.ee\/wp-content\/uploads\/2025\/06\/LEGO_43264_Box1_v29.jpg\",\"contentUrl\":\"https:\/\/playwell.ee\/wp-content\/uploads\/2025\/06\/LEGO_43264_Box1_v29.jpg\",\"width\":2400,\"height\":1589,\"caption\":\"Toy Story t\u00e4histamise rong ja RC auto 43264\"},{\"@type\":\"BreadcrumbList\",\"@id\":\"https:\/\/playwell.ee\/toode\/lego-disney-pixar-43264-toy-story-tahistamise-rong-ja-rc-auto\/#breadcrumb\",\"itemListElement\":[{\"@type\":\"ListItem\",\"position\":1,\"name\":\"Home\",\"item\":\"https:\/\/playwell.ee\/en\/\"},{\"@type\":\"ListItem\",\"position\":2,\"name\":\"All LEGO Products\",\"item\":\"https:\/\/playwell.ee\/en\/all-products\/\"},{\"@type\":\"ListItem\",\"position\":3,\"name\":\"LEGO\u00ae Disney Pixar 43264 &#8211; Toy Story t\u00e4histamise rong ja RC auto\"}]},{\"@type\":\"WebSite\",\"@id\":\"https:\/\/playwell.ee\/#website\",\"url\":\"https:\/\/playwell.ee\/\",\"name\":\"Ehita oma maailm - klots klotsi haaval\",\"description\":\"Playwell | LEGO pood Eestis\",\"publisher\":{\"@id\":\"https:\/\/playwell.ee\/#organization\"},\"potentialAction\":[{\"@type\":\"SearchAction\",\"target\":{\"@type\":\"EntryPoint\",\"urlTemplate\":\"https:\/\/playwell.ee\/?s={search_term_string}\"},\"query-input\":{\"@type\":\"PropertyValueSpecification\",\"valueRequired\":true,\"valueName\":\"search_term_string\"}}],\"inLanguage\":\"en-US\"},{\"@type\":\"Organization\",\"@id\":\"https:\/\/playwell.ee\/#organization\",\"name\":\"Playwell.ee\",\"url\":\"https:\/\/playwell.ee\/\",\"logo\":{\"@type\":\"ImageObject\",\"inLanguage\":\"en-US\",\"@id\":\"https:\/\/playwell.ee\/#\/schema\/logo\/image\/\",\"url\":\"https:\/\/playwell.ee\/wp-content\/uploads\/2024\/06\/Logo-01-1.png\",\"contentUrl\":\"https:\/\/playwell.ee\/wp-content\/uploads\/2024\/06\/Logo-01-1.png\",\"width\":2980,\"height\":1009,\"caption\":\"Playwell.ee\"},\"image\":{\"@id\":\"https:\/\/playwell.ee\/#\/schema\/logo\/image\/\"},\"sameAs\":[\"https:\/\/www.facebook.com\/profile.php?id=100091128044867\"]}]}<\/script>\n<!-- \/ Yoast SEO plugin. -->","yoast_head_json":{"title":"LEGO\u00ae Disney Pixar 43264 - Toy Story t\u00e4histamise rong ja RC auto - Ehita oma maailm - klots klotsi haaval","description":"4-aastased ja vanemad lapsed, kes armastavad s\u00f5idukeid ja ronge, leiavad k\u00f5ike seda ja palju muud Toy Story t\u00e4histamise rongi ja RC auto (43264) LEGO\u00ae \u01c0 Disney ehituskomplektist","robots":{"index":"index","follow":"follow","max-snippet":"max-snippet:-1","max-image-preview":"max-image-preview:large","max-video-preview":"max-video-preview:-1"},"canonical":"https:\/\/playwell.ee\/toode\/lego-disney-pixar-43264-toy-story-tahistamise-rong-ja-rc-auto\/","og_locale":"en_US","og_type":"article","og_title":"LEGO\u00ae Disney Pixar 43264 - Toy Story t\u00e4histamise rong ja RC auto - Ehita oma maailm - klots klotsi haaval","og_description":"4-aastased ja vanemad lapsed, kes armastavad s\u00f5idukeid ja ronge, leiavad k\u00f5ike seda ja palju muud Toy Story t\u00e4histamise rongi ja RC auto (43264) LEGO\u00ae \u01c0 Disney ehituskomplektist","og_url":"https:\/\/playwell.ee\/toode\/lego-disney-pixar-43264-toy-story-tahistamise-rong-ja-rc-auto\/","og_site_name":"Ehita oma maailm - klots klotsi haaval","article_publisher":"https:\/\/www.facebook.com\/profile.php?id=100091128044867","article_modified_time":"2025-06-21T08:54:16+00:00","og_image":[{"width":2400,"height":1589,"url":"https:\/\/playwell.ee\/wp-content\/uploads\/2025\/06\/LEGO_43264_Box1_v29.jpg","type":"image\/jpeg"}],"twitter_card":"summary_large_image","twitter_misc":{"Est. reading time":"3 minutes"},"schema":{"@context":"https:\/\/schema.org","@graph":[{"@type":"WebPage","@id":"https:\/\/playwell.ee\/toode\/lego-disney-pixar-43264-toy-story-tahistamise-rong-ja-rc-auto\/","url":"https:\/\/playwell.ee\/toode\/lego-disney-pixar-43264-toy-story-tahistamise-rong-ja-rc-auto\/","name":"LEGO\u00ae Disney Pixar 43264 - Toy Story t\u00e4histamise rong ja RC auto - Ehita oma maailm - klots klotsi haaval","isPartOf":{"@id":"https:\/\/playwell.ee\/#website"},"primaryImageOfPage":{"@id":"https:\/\/playwell.ee\/toode\/lego-disney-pixar-43264-toy-story-tahistamise-rong-ja-rc-auto\/#primaryimage"},"image":{"@id":"https:\/\/playwell.ee\/toode\/lego-disney-pixar-43264-toy-story-tahistamise-rong-ja-rc-auto\/#primaryimage"},"thumbnailUrl":"https:\/\/playwell.ee\/wp-content\/uploads\/2025\/06\/LEGO_43264_Box1_v29.jpg","datePublished":"2025-06-18T17:13:44+00:00","dateModified":"2025-06-21T08:54:16+00:00","description":"4-aastased ja vanemad lapsed, kes armastavad s\u00f5idukeid ja ronge, leiavad k\u00f5ike seda ja palju muud Toy Story t\u00e4histamise rongi ja RC auto (43264) LEGO\u00ae \u01c0 Disney ehituskomplektist","breadcrumb":{"@id":"https:\/\/playwell.ee\/toode\/lego-disney-pixar-43264-toy-story-tahistamise-rong-ja-rc-auto\/#breadcrumb"},"inLanguage":"en-US","potentialAction":[{"@type":"ReadAction","target":["https:\/\/playwell.ee\/toode\/lego-disney-pixar-43264-toy-story-tahistamise-rong-ja-rc-auto\/"]}]},{"@type":"ImageObject","inLanguage":"en-US","@id":"https:\/\/playwell.ee\/toode\/lego-disney-pixar-43264-toy-story-tahistamise-rong-ja-rc-auto\/#primaryimage","url":"https:\/\/playwell.ee\/wp-content\/uploads\/2025\/06\/LEGO_43264_Box1_v29.jpg","contentUrl":"https:\/\/playwell.ee\/wp-content\/uploads\/2025\/06\/LEGO_43264_Box1_v29.jpg","width":2400,"height":1589,"caption":"Toy Story t\u00e4histamise rong ja RC auto 43264"},{"@type":"BreadcrumbList","@id":"https:\/\/playwell.ee\/toode\/lego-disney-pixar-43264-toy-story-tahistamise-rong-ja-rc-auto\/#breadcrumb","itemListElement":[{"@type":"ListItem","position":1,"name":"Home","item":"https:\/\/playwell.ee\/en\/"},{"@type":"ListItem","position":2,"name":"All LEGO Products","item":"https:\/\/playwell.ee\/en\/all-products\/"},{"@type":"ListItem","position":3,"name":"LEGO\u00ae Disney Pixar 43264 &#8211; Toy Story t\u00e4histamise rong ja RC auto"}]},{"@type":"WebSite","@id":"https:\/\/playwell.ee\/#website","url":"https:\/\/playwell.ee\/","name":"Ehita oma maailm - klots klotsi haaval","description":"Playwell | LEGO pood Eestis","publisher":{"@id":"https:\/\/playwell.ee\/#organization"},"potentialAction":[{"@type":"SearchAction","target":{"@type":"EntryPoint","urlTemplate":"https:\/\/playwell.ee\/?s={search_term_string}"},"query-input":{"@type":"PropertyValueSpecification","valueRequired":true,"valueName":"search_term_string"}}],"inLanguage":"en-US"},{"@type":"Organization","@id":"https:\/\/playwell.ee\/#organization","name":"Playwell.ee","url":"https:\/\/playwell.ee\/","logo":{"@type":"ImageObject","inLanguage":"en-US","@id":"https:\/\/playwell.ee\/#\/schema\/logo\/image\/","url":"https:\/\/playwell.ee\/wp-content\/uploads\/2024\/06\/Logo-01-1.png","contentUrl":"https:\/\/playwell.ee\/wp-content\/uploads\/2024\/06\/Logo-01-1.png","width":2980,"height":1009,"caption":"Playwell.ee"},"image":{"@id":"https:\/\/playwell.ee\/#\/schema\/logo\/image\/"},"sameAs":["https:\/\/www.facebook.com\/profile.php?id=100091128044867"]}]}},"_links":{"self":[{"href":"https:\/\/playwell.ee\/en\/wp-json\/wp\/v2\/product\/19288","targetHints":{"allow":["GET"]}}],"collection":[{"href":"https:\/\/playwell.ee\/en\/wp-json\/wp\/v2\/product"}],"about":[{"href":"https:\/\/playwell.ee\/en\/wp-json\/wp\/v2\/types\/product"}],"wp:featuredmedia":[{"embeddable":true,"href":"https:\/\/playwell.ee\/en\/wp-json\/wp\/v2\/media\/18778"}],"wp:attachment":[{"href":"https:\/\/playwell.ee\/en\/wp-json\/wp\/v2\/media?parent=19288"}],"wp:term":[{"taxonomy":"product_brand","embeddable":true,"href":"https:\/\/playwell.ee\/en\/wp-json\/wp\/v2\/product_brand?post=19288"},{"taxonomy":"product_cat","embeddable":true,"href":"https:\/\/playwell.ee\/en\/wp-json\/wp\/v2\/product_cat?post=19288"},{"taxonomy":"product_tag","embeddable":true,"href":"https:\/\/playwell.ee\/en\/wp-json\/wp\/v2\/product_tag?post=19288"}],"curies":[{"name":"wp","href":"https:\/\/api.w.org\/{rel}","templated":true}]}}