{"id":19283,"date":"2025-06-18T19:13:44","date_gmt":"2025-06-18T17:13:44","guid":{"rendered":"https:\/\/playwell.ee\/product\/lego-disney-classic-43269-101-dalmaatsia-koera-kutsikas\/"},"modified":"2025-06-21T10:54:15","modified_gmt":"2025-06-21T08:54:15","slug":"lego-disney-classic-43269-101-dalmaatsia-koera-kutsikas","status":"publish","type":"product","link":"https:\/\/playwell.ee\/en\/product\/lego-disney-classic-43269-101-dalmaatsia-koera-kutsikas\/","title":{"rendered":"LEGO\u00ae Disney Classic 43269 &#8211; 101 dalmaatsia koera: kutsikas"},"content":{"rendered":"<p>N\u00e4ita oma armastust kutsikate vastu 101 dalmaatsia koera kutsika (43269) LEGO\u00ae \u01c0 Disney ehituskomplekt. T\u00e4hista klassikalist Disney hitti ja kohanda oma kutsikat, et luua oma ainulaadne LEGO dalmaatsia koer, seej\u00e4rel esitle seda oma kodus v\u00f5i kontoris. V\u00f5id luua Patchi, Penny, Rolly, Pepperi, Lucky v\u00f5i Frecklesi v\u00f5i m\u00f5ne teise kutsika, mis sulle meeldib!<\/p>\n<p>See kogutav Disney LEGO ehituskomplekt Disney 101 dalmaatsia koera t\u00e4iskasvanud f\u00e4nnile on armas v\u00e4ljapanekuese ja nostalgiline kingiidee t\u00e4htp\u00e4evadeks v\u00f5i p\u00fchadeks. Seda saab ehitada koos Lucky ja Penny 101 dalmaatsia koera kutsika ehituskomplektiga (m\u00fc\u00fcakse eraldi), et jagada kogemust v\u00e4iksema f\u00e4nniga.<\/p>\n<p>R\u00f5\u00f5musta ennast kokkupandava komplektiga, mis kasutab t\u00e4iustatud ehitustehnikaid ja pakub loomingulist r\u00f5\u00f5mu, kui kl\u00f5psad viimase osa oma kohale. Ehitades sukeldu LEGO Builderi rakendusega intuitiivsesse kogemusse. Saad mudelit 3D-s sisse suumida ja p\u00f6\u00f6rata, oma edenemist j\u00e4lgida ja komplekte \u00fches kohas salvestada. Ehituskomplekt sisaldab 1722 osa.<\/p>\n<p>Kokkupandav mudel t\u00e4iskasvanud Disney f\u00e4nnidele \u2013 kingi endale lustakas 101 dalmaatsia koera kutsika ehituskomplekt ja s\u00fctita kutsika tegelaskuju ehitamisel oma m\u00e4ngulist loovust<br \/>\nLEGO\u00ae t\u00e4iskasvanutele m\u00f5eldud ehituskomplekt \u2013 pane kokku v\u00f5i kohanda kokkupandavat kutsikamudelit Disney hitist 101 dalmaatsia koerav\u00f5i loo \u00fcmberehitamise v\u00f5imaluste abil omaenda ainulaadne versioon<br \/>\nLEGO\u00ae \u01c0 Disney tegelased \u2013 s\u00e4ti Patchi, Pennyt v\u00f5i mis tahes LEGO dalmaatsia koera kutsikat, mille lood, p\u00f6\u00f6rates tema pead, t\u00f5stes saba ja otsustades, kas soovid, et ta seisaks, istuks v\u00f5i lamaks<br \/>\nKogutav, nostalgiline kokkupandav mudel \u2013 pane oma valitud LEGO\u00ae \u01c0 Disney kutsikas l\u00f5busas poosis sinna, kuhu soovid luua m\u00e4ngulist v\u00e4ljapanekut<br \/>\nNostalgiline Disney kingiidee \u2013 see t\u00e4iskasvanutele m\u00f5eldud LEGO\u00ae \u01c0 Disney ehituskomplekt on armas kingiidee endale v\u00f5i igale klassikalise filmi 101 dalmaatsia koera f\u00e4nnile<br \/>\nKogu mudeleid \u2013 rakendusega LEGO\u00ae Builder saad salvestada k\u00f5ik oma komplektid \u00fchte kohta, ehitada3D-s, j\u00e4lgida oma edusamme ja isegi meeskonnana koos ehitada<br \/>\nAvasta oma armastust dalmaatsia kutsikate vastu \u2013 ehitamise ajal saad oma kutsikat kohandada ja seej\u00e4rel oma soovi korral erinevates poosides \u00fcmber ehitada<br \/>\nTegelase m\u00f5\u00f5tmed \u2013 selles 1722-osalises kokkupandavas t\u00e4iskasvanutele m\u00f5eldud LEGO\u00ae \u01c0 Disney komplektis on dalmaatsia koera kutsikas, kes on 22 cm k\u00f5rge<\/p>\n","protected":false},"excerpt":{"rendered":"<p><strong>Tasuta tarne alates 120\u20ac * Kogu kaup Eesti laos olemas * Kiire tarne<\/strong><\/p>\n<ul>\n<li>Osasi: 1722<\/li>\n<li>Vanus: 18+<\/li>\n<\/ul>\n","protected":false},"featured_media":18798,"template":"","meta":[],"product_brand":[],"product_cat":[147],"product_tag":[173],"class_list":{"0":"post-19283","1":"product","2":"type-product","3":"status-publish","4":"has-post-thumbnail","6":"product_cat-disney-en","7":"product_tag-18-en","8":"new","10":"first","11":"instock","12":"taxable","13":"shipping-taxable","14":"purchasable","15":"product-type-simple","16":"add-to-wishlist-after_add_to_cart"},"yoast_head":"<!-- This site is optimized with the Yoast SEO plugin v27.4 - https:\/\/yoast.com\/product\/yoast-seo-wordpress\/ -->\n<title>LEGO\u00ae Disney Classic 43269 - 101 dalmaatsia koera: kutsikas - Ehita oma maailm - klots klotsi haaval<\/title>\n<meta name=\"description\" content=\"N\u00e4ita oma armastust kutsikate vastu 101 dalmaatsia koera kutsika (43269) LEGO\u00ae \u01c0 Disney ehituskomplekt\" \/>\n<meta name=\"robots\" content=\"index, follow, max-snippet:-1, max-image-preview:large, max-video-preview:-1\" \/>\n<link rel=\"canonical\" href=\"https:\/\/playwell.ee\/toode\/lego-disney-classic-43269-101-dalmaatsia-koera-kutsikas\/\" \/>\n<meta property=\"og:locale\" content=\"en_US\" \/>\n<meta property=\"og:type\" content=\"article\" \/>\n<meta property=\"og:title\" content=\"LEGO\u00ae Disney Classic 43269 - 101 dalmaatsia koera: kutsikas - Ehita oma maailm - klots klotsi haaval\" \/>\n<meta property=\"og:description\" content=\"N\u00e4ita oma armastust kutsikate vastu 101 dalmaatsia koera kutsika (43269) LEGO\u00ae \u01c0 Disney ehituskomplekt\" \/>\n<meta property=\"og:url\" content=\"https:\/\/playwell.ee\/toode\/lego-disney-classic-43269-101-dalmaatsia-koera-kutsikas\/\" \/>\n<meta property=\"og:site_name\" content=\"Ehita oma maailm - klots klotsi haaval\" \/>\n<meta property=\"article:publisher\" content=\"https:\/\/www.facebook.com\/profile.php?id=100091128044867\" \/>\n<meta property=\"article:modified_time\" content=\"2025-06-21T08:54:15+00:00\" \/>\n<meta property=\"og:image\" content=\"https:\/\/playwell.ee\/wp-content\/uploads\/2025\/06\/LEGO_43269_Box1_v29.jpg\" \/>\n\t<meta property=\"og:image:width\" content=\"1593\" \/>\n\t<meta property=\"og:image:height\" content=\"1800\" \/>\n\t<meta property=\"og:image:type\" content=\"image\/jpeg\" \/>\n<meta name=\"twitter:card\" content=\"summary_large_image\" \/>\n<meta name=\"twitter:label1\" content=\"Est. reading time\" \/>\n\t<meta name=\"twitter:data1\" content=\"2 minutes\" \/>\n<script type=\"application\/ld+json\" class=\"yoast-schema-graph\">{\"@context\":\"https:\\\/\\\/schema.org\",\"@graph\":[{\"@type\":\"WebPage\",\"@id\":\"https:\\\/\\\/playwell.ee\\\/toode\\\/lego-disney-classic-43269-101-dalmaatsia-koera-kutsikas\\\/\",\"url\":\"https:\\\/\\\/playwell.ee\\\/toode\\\/lego-disney-classic-43269-101-dalmaatsia-koera-kutsikas\\\/\",\"name\":\"LEGO\u00ae Disney Classic 43269 - 101 dalmaatsia koera: kutsikas - Ehita oma maailm - klots klotsi haaval\",\"isPartOf\":{\"@id\":\"https:\\\/\\\/playwell.ee\\\/#website\"},\"primaryImageOfPage\":{\"@id\":\"https:\\\/\\\/playwell.ee\\\/toode\\\/lego-disney-classic-43269-101-dalmaatsia-koera-kutsikas\\\/#primaryimage\"},\"image\":{\"@id\":\"https:\\\/\\\/playwell.ee\\\/toode\\\/lego-disney-classic-43269-101-dalmaatsia-koera-kutsikas\\\/#primaryimage\"},\"thumbnailUrl\":\"https:\\\/\\\/playwell.ee\\\/wp-content\\\/uploads\\\/2025\\\/06\\\/LEGO_43269_Box1_v29.jpg\",\"datePublished\":\"2025-06-18T17:13:44+00:00\",\"dateModified\":\"2025-06-21T08:54:15+00:00\",\"description\":\"N\u00e4ita oma armastust kutsikate vastu 101 dalmaatsia koera kutsika (43269) LEGO\u00ae \u01c0 Disney ehituskomplekt\",\"breadcrumb\":{\"@id\":\"https:\\\/\\\/playwell.ee\\\/toode\\\/lego-disney-classic-43269-101-dalmaatsia-koera-kutsikas\\\/#breadcrumb\"},\"inLanguage\":\"en-US\",\"potentialAction\":[{\"@type\":\"ReadAction\",\"target\":[\"https:\\\/\\\/playwell.ee\\\/toode\\\/lego-disney-classic-43269-101-dalmaatsia-koera-kutsikas\\\/\"]}]},{\"@type\":\"ImageObject\",\"inLanguage\":\"en-US\",\"@id\":\"https:\\\/\\\/playwell.ee\\\/toode\\\/lego-disney-classic-43269-101-dalmaatsia-koera-kutsikas\\\/#primaryimage\",\"url\":\"https:\\\/\\\/playwell.ee\\\/wp-content\\\/uploads\\\/2025\\\/06\\\/LEGO_43269_Box1_v29.jpg\",\"contentUrl\":\"https:\\\/\\\/playwell.ee\\\/wp-content\\\/uploads\\\/2025\\\/06\\\/LEGO_43269_Box1_v29.jpg\",\"width\":1593,\"height\":1800,\"caption\":\"101 dalmaatsia koera: kutsikas 43269\"},{\"@type\":\"BreadcrumbList\",\"@id\":\"https:\\\/\\\/playwell.ee\\\/toode\\\/lego-disney-classic-43269-101-dalmaatsia-koera-kutsikas\\\/#breadcrumb\",\"itemListElement\":[{\"@type\":\"ListItem\",\"position\":1,\"name\":\"Home\",\"item\":\"https:\\\/\\\/playwell.ee\\\/en\\\/\"},{\"@type\":\"ListItem\",\"position\":2,\"name\":\"All LEGO Products\",\"item\":\"https:\\\/\\\/playwell.ee\\\/en\\\/all-products\\\/\"},{\"@type\":\"ListItem\",\"position\":3,\"name\":\"LEGO\u00ae Disney Classic 43269 &#8211; 101 dalmaatsia koera: kutsikas\"}]},{\"@type\":\"WebSite\",\"@id\":\"https:\\\/\\\/playwell.ee\\\/#website\",\"url\":\"https:\\\/\\\/playwell.ee\\\/\",\"name\":\"Ehita oma maailm - klots klotsi haaval\",\"description\":\"Playwell | LEGO pood Eestis\",\"publisher\":{\"@id\":\"https:\\\/\\\/playwell.ee\\\/#organization\"},\"potentialAction\":[{\"@type\":\"SearchAction\",\"target\":{\"@type\":\"EntryPoint\",\"urlTemplate\":\"https:\\\/\\\/playwell.ee\\\/?s={search_term_string}\"},\"query-input\":{\"@type\":\"PropertyValueSpecification\",\"valueRequired\":true,\"valueName\":\"search_term_string\"}}],\"inLanguage\":\"en-US\"},{\"@type\":\"Organization\",\"@id\":\"https:\\\/\\\/playwell.ee\\\/#organization\",\"name\":\"Playwell.ee\",\"url\":\"https:\\\/\\\/playwell.ee\\\/\",\"logo\":{\"@type\":\"ImageObject\",\"inLanguage\":\"en-US\",\"@id\":\"https:\\\/\\\/playwell.ee\\\/#\\\/schema\\\/logo\\\/image\\\/\",\"url\":\"https:\\\/\\\/playwell.ee\\\/wp-content\\\/uploads\\\/2024\\\/06\\\/Logo-01-1.png\",\"contentUrl\":\"https:\\\/\\\/playwell.ee\\\/wp-content\\\/uploads\\\/2024\\\/06\\\/Logo-01-1.png\",\"width\":2980,\"height\":1009,\"caption\":\"Playwell.ee\"},\"image\":{\"@id\":\"https:\\\/\\\/playwell.ee\\\/#\\\/schema\\\/logo\\\/image\\\/\"},\"sameAs\":[\"https:\\\/\\\/www.facebook.com\\\/profile.php?id=100091128044867\"]}]}<\/script>\n<!-- \/ Yoast SEO plugin. -->","yoast_head_json":{"title":"LEGO\u00ae Disney Classic 43269 - 101 dalmaatsia koera: kutsikas - Ehita oma maailm - klots klotsi haaval","description":"N\u00e4ita oma armastust kutsikate vastu 101 dalmaatsia koera kutsika (43269) LEGO\u00ae \u01c0 Disney ehituskomplekt","robots":{"index":"index","follow":"follow","max-snippet":"max-snippet:-1","max-image-preview":"max-image-preview:large","max-video-preview":"max-video-preview:-1"},"canonical":"https:\/\/playwell.ee\/toode\/lego-disney-classic-43269-101-dalmaatsia-koera-kutsikas\/","og_locale":"en_US","og_type":"article","og_title":"LEGO\u00ae Disney Classic 43269 - 101 dalmaatsia koera: kutsikas - Ehita oma maailm - klots klotsi haaval","og_description":"N\u00e4ita oma armastust kutsikate vastu 101 dalmaatsia koera kutsika (43269) LEGO\u00ae \u01c0 Disney ehituskomplekt","og_url":"https:\/\/playwell.ee\/toode\/lego-disney-classic-43269-101-dalmaatsia-koera-kutsikas\/","og_site_name":"Ehita oma maailm - klots klotsi haaval","article_publisher":"https:\/\/www.facebook.com\/profile.php?id=100091128044867","article_modified_time":"2025-06-21T08:54:15+00:00","og_image":[{"width":1593,"height":1800,"url":"https:\/\/playwell.ee\/wp-content\/uploads\/2025\/06\/LEGO_43269_Box1_v29.jpg","type":"image\/jpeg"}],"twitter_card":"summary_large_image","twitter_misc":{"Est. reading time":"2 minutes"},"schema":{"@context":"https:\/\/schema.org","@graph":[{"@type":"WebPage","@id":"https:\/\/playwell.ee\/toode\/lego-disney-classic-43269-101-dalmaatsia-koera-kutsikas\/","url":"https:\/\/playwell.ee\/toode\/lego-disney-classic-43269-101-dalmaatsia-koera-kutsikas\/","name":"LEGO\u00ae Disney Classic 43269 - 101 dalmaatsia koera: kutsikas - Ehita oma maailm - klots klotsi haaval","isPartOf":{"@id":"https:\/\/playwell.ee\/#website"},"primaryImageOfPage":{"@id":"https:\/\/playwell.ee\/toode\/lego-disney-classic-43269-101-dalmaatsia-koera-kutsikas\/#primaryimage"},"image":{"@id":"https:\/\/playwell.ee\/toode\/lego-disney-classic-43269-101-dalmaatsia-koera-kutsikas\/#primaryimage"},"thumbnailUrl":"https:\/\/playwell.ee\/wp-content\/uploads\/2025\/06\/LEGO_43269_Box1_v29.jpg","datePublished":"2025-06-18T17:13:44+00:00","dateModified":"2025-06-21T08:54:15+00:00","description":"N\u00e4ita oma armastust kutsikate vastu 101 dalmaatsia koera kutsika (43269) LEGO\u00ae \u01c0 Disney ehituskomplekt","breadcrumb":{"@id":"https:\/\/playwell.ee\/toode\/lego-disney-classic-43269-101-dalmaatsia-koera-kutsikas\/#breadcrumb"},"inLanguage":"en-US","potentialAction":[{"@type":"ReadAction","target":["https:\/\/playwell.ee\/toode\/lego-disney-classic-43269-101-dalmaatsia-koera-kutsikas\/"]}]},{"@type":"ImageObject","inLanguage":"en-US","@id":"https:\/\/playwell.ee\/toode\/lego-disney-classic-43269-101-dalmaatsia-koera-kutsikas\/#primaryimage","url":"https:\/\/playwell.ee\/wp-content\/uploads\/2025\/06\/LEGO_43269_Box1_v29.jpg","contentUrl":"https:\/\/playwell.ee\/wp-content\/uploads\/2025\/06\/LEGO_43269_Box1_v29.jpg","width":1593,"height":1800,"caption":"101 dalmaatsia koera: kutsikas 43269"},{"@type":"BreadcrumbList","@id":"https:\/\/playwell.ee\/toode\/lego-disney-classic-43269-101-dalmaatsia-koera-kutsikas\/#breadcrumb","itemListElement":[{"@type":"ListItem","position":1,"name":"Home","item":"https:\/\/playwell.ee\/en\/"},{"@type":"ListItem","position":2,"name":"All LEGO Products","item":"https:\/\/playwell.ee\/en\/all-products\/"},{"@type":"ListItem","position":3,"name":"LEGO\u00ae Disney Classic 43269 &#8211; 101 dalmaatsia koera: kutsikas"}]},{"@type":"WebSite","@id":"https:\/\/playwell.ee\/#website","url":"https:\/\/playwell.ee\/","name":"Ehita oma maailm - klots klotsi haaval","description":"Playwell | LEGO pood Eestis","publisher":{"@id":"https:\/\/playwell.ee\/#organization"},"potentialAction":[{"@type":"SearchAction","target":{"@type":"EntryPoint","urlTemplate":"https:\/\/playwell.ee\/?s={search_term_string}"},"query-input":{"@type":"PropertyValueSpecification","valueRequired":true,"valueName":"search_term_string"}}],"inLanguage":"en-US"},{"@type":"Organization","@id":"https:\/\/playwell.ee\/#organization","name":"Playwell.ee","url":"https:\/\/playwell.ee\/","logo":{"@type":"ImageObject","inLanguage":"en-US","@id":"https:\/\/playwell.ee\/#\/schema\/logo\/image\/","url":"https:\/\/playwell.ee\/wp-content\/uploads\/2024\/06\/Logo-01-1.png","contentUrl":"https:\/\/playwell.ee\/wp-content\/uploads\/2024\/06\/Logo-01-1.png","width":2980,"height":1009,"caption":"Playwell.ee"},"image":{"@id":"https:\/\/playwell.ee\/#\/schema\/logo\/image\/"},"sameAs":["https:\/\/www.facebook.com\/profile.php?id=100091128044867"]}]}},"_links":{"self":[{"href":"https:\/\/playwell.ee\/en\/wp-json\/wp\/v2\/product\/19283","targetHints":{"allow":["GET"]}}],"collection":[{"href":"https:\/\/playwell.ee\/en\/wp-json\/wp\/v2\/product"}],"about":[{"href":"https:\/\/playwell.ee\/en\/wp-json\/wp\/v2\/types\/product"}],"wp:featuredmedia":[{"embeddable":true,"href":"https:\/\/playwell.ee\/en\/wp-json\/wp\/v2\/media\/18798"}],"wp:attachment":[{"href":"https:\/\/playwell.ee\/en\/wp-json\/wp\/v2\/media?parent=19283"}],"wp:term":[{"taxonomy":"product_brand","embeddable":true,"href":"https:\/\/playwell.ee\/en\/wp-json\/wp\/v2\/product_brand?post=19283"},{"taxonomy":"product_cat","embeddable":true,"href":"https:\/\/playwell.ee\/en\/wp-json\/wp\/v2\/product_cat?post=19283"},{"taxonomy":"product_tag","embeddable":true,"href":"https:\/\/playwell.ee\/en\/wp-json\/wp\/v2\/product_tag?post=19283"}],"curies":[{"name":"wp","href":"https:\/\/api.w.org\/{rel}","templated":true}]}}