{"id":19278,"date":"2025-06-18T19:13:46","date_gmt":"2025-06-18T17:13:46","guid":{"rendered":"https:\/\/playwell.ee\/product\/lego-city-60471-maadeavastajate-arktika-teaduslabori-veoauto\/"},"modified":"2025-12-25T13:57:52","modified_gmt":"2025-12-25T11:57:52","slug":"lego-city-60471-maadeavastajate-arktika-teaduslabori-veoauto","status":"publish","type":"product","link":"https:\/\/playwell.ee\/en\/product\/lego-city-60471-maadeavastajate-arktika-teaduslabori-veoauto\/","title":{"rendered":"LEGO\u00ae City 60471 &#8211; Maadeavastajate Arktika teaduslabori veoauto"},"content":{"rendered":"<p>R\u00f5\u00f5musta oma noort seiklejat LEGO\u00ae City Maadeavastajate Arktika teaduslabori veoautoga (60471), mis on m\u00f5eldud alates 8-aastastele STEM-m\u00e4nguasjade f\u00e4nnidele. Selles realistlikus m\u00e4ngukomplektis on 6-rattalise vedrustuse, s\u00fcgava mustriga rehvide ja katusel asuva p\u00f6\u00f6rleva observatooriumiga liigendatud veok, lisaks lahedad sisustusdetailid, nagu juhikabiin, labor ja hubane elutuba koos vannitoa, k\u00f6\u00f6gi ja magamistoaga. Lapsed saavad loovm\u00e4nguks ka m\u00e4ngumootorsaani, arktilise koopa, 5 maadeavastajaminifiguuri ja 3 polaarhundi figuuri, sealhulgas kutsikas.<\/p>\n<p>See LEGO veoauto m\u00e4ngukomplekt sisaldab tr\u00fckitud ehitusjuhendit ja digitaalseid juhiseid rakenduses LEGO Builder. Siin saavad lapsed mudeleid 3D-s sisse suumida ja p\u00f6\u00f6rata, komplekte salvestada ja ehitamise ajal oma edusamme j\u00e4lgida.<\/p>\n<p>LEGO City komplektides on s\u00f5idukid, konstruktsioonid ja tegelased, mis innustavad loomingulist m\u00e4ngu. Lapsed saavad selle komplekti lisada teistele LEGO City sarja loomingulistele m\u00e4nguasjadele (m\u00fc\u00fcakse eraldi), et nautida veelgi suuremaid seiklusi. Komplektis on 1064 osa.<\/p>\n<p>Arktika uurijate veoauto m\u00e4ngukomplekt \u2013 STEM-m\u00e4nguasjade f\u00e4nnidele meeldib see LEGO\u00ae City Maadeavastajate Arktika teaduslabori veoauto ehituskomplekt lastele alates 8. eluaastast<br \/>\nMis on karbis? \u2013 Komplektis on m\u00e4nguauto, mootorsaan ja arktiline koopastseen, lisaks autojuhi, fotograafi, teadlase, meediku ja mehaaniku minifiguur ning 3 polaarhundi loomafiguuri<br \/>\nLoominguline m\u00e4ng \u2013 lapsed saavad avada veokimudeli, et p\u00e4\u00e4seda ligi juhikabiinile, laborile ja eluruumidele, kus on vannituba, k\u00f6\u00f6k ja magamistuba<br \/>\nLEGO\u00ae minifiguuritarvikud \u2013 komplektis on m\u00e4ngutarvikud, sealhulgas labidas, j\u00e4\u00e4kirves, binokkel, kaamera, kaart ja pann<br \/>\nL\u00f5bus ehitusm\u00e4nguasi poistele, t\u00fcdrukutele ja mudels\u00f5idukite f\u00e4nnidele \u2013 t\u00e4hista p\u00fchi v\u00f5i m\u00f5nda muud erilist s\u00fcndmust, kinkides selle komplekti alates 8-aastastele lastele<br \/>\nPiirideta linn \u2013 lapsed saavad suurendada l\u00f5bu ja seiklusi, liites selle Arktika uurimise komplekti teistele LEGO\u00ae City tootevaliku komplektidele (m\u00fc\u00fcakse eraldi)<br \/>\nDigitaalsed juhised \u2013 rakendus LEGO\u00ae Builder juhendab su last intuitiivsel ehitusseiklusel t\u00f6\u00f6riistade abil, mis v\u00f5imaldavad neil mudeleid 3D-vaates suumida ja p\u00f6\u00f6rata, komplekte salvestada ja oma edenemist j\u00e4lgida<br \/>\nLEGO\u00ae City m\u00e4nguasjad m\u00e4ngimiseks ja v\u00e4ljapanekuks \u2013 selle 1064-osalise m\u00e4ngukomplekti veoauto on 17 cm k\u00f5rge, 38 cm pikk ja 12 cm lai<\/p>\n","protected":false},"excerpt":{"rendered":"<p><strong>Tasuta tarne alates 120\u20ac * Kogu kaup Eesti laos olemas * Kiire tarne<\/strong><\/p>\n<ul>\n<li>Osasi: 1064<\/li>\n<li>Vanus: 8+<\/li>\n<\/ul>\n","protected":false},"featured_media":18900,"template":"","meta":[],"product_brand":[],"product_cat":[143],"product_tag":[189],"class_list":{"0":"post-19278","1":"product","2":"type-product","3":"status-publish","4":"has-post-thumbnail","6":"product_cat-city-en","7":"product_tag-8-en","9":"first","10":"outofstock","11":"taxable","12":"shipping-taxable","13":"purchasable","14":"product-type-simple","15":"add-to-wishlist-after_add_to_cart"},"yoast_head":"<!-- This site is optimized with the Yoast SEO plugin v27.2 - https:\/\/yoast.com\/product\/yoast-seo-wordpress\/ -->\n<title>LEGO\u00ae City 60471 - Maadeavastajate Arktika teaduslabori veoauto - Ehita oma maailm - klots klotsi haaval<\/title>\n<meta name=\"description\" content=\"R\u00f5\u00f5musta oma noort seiklejat LEGO\u00ae City Maadeavastajate Arktika teaduslabori veoautoga (60471), mis on m\u00f5eldud alates 8-aastastele STEM-m\u00e4nguasjade f\u00e4nnidele\" \/>\n<meta name=\"robots\" content=\"index, follow, max-snippet:-1, max-image-preview:large, max-video-preview:-1\" \/>\n<link rel=\"canonical\" href=\"https:\/\/playwell.ee\/en\/product\/lego-city-60471-maadeavastajate-arktika-teaduslabori-veoauto\/\" \/>\n<meta property=\"og:locale\" content=\"en_US\" \/>\n<meta property=\"og:type\" content=\"article\" \/>\n<meta property=\"og:title\" content=\"LEGO\u00ae City 60471 - Maadeavastajate Arktika teaduslabori veoauto - Ehita oma maailm - klots klotsi haaval\" \/>\n<meta property=\"og:description\" content=\"R\u00f5\u00f5musta oma noort seiklejat LEGO\u00ae City Maadeavastajate Arktika teaduslabori veoautoga (60471), mis on m\u00f5eldud alates 8-aastastele STEM-m\u00e4nguasjade f\u00e4nnidele\" \/>\n<meta property=\"og:url\" content=\"https:\/\/playwell.ee\/en\/product\/lego-city-60471-maadeavastajate-arktika-teaduslabori-veoauto\/\" \/>\n<meta property=\"og:site_name\" content=\"Ehita oma maailm - klots klotsi haaval\" \/>\n<meta property=\"article:publisher\" content=\"https:\/\/www.facebook.com\/profile.php?id=100091128044867\" \/>\n<meta property=\"article:modified_time\" content=\"2025-12-25T11:57:52+00:00\" \/>\n<meta property=\"og:image\" content=\"https:\/\/playwell.ee\/wp-content\/uploads\/2025\/06\/LEGO_60471_Box1_v29.jpg\" \/>\n\t<meta property=\"og:image:width\" content=\"2400\" \/>\n\t<meta property=\"og:image:height\" content=\"1540\" \/>\n\t<meta property=\"og:image:type\" content=\"image\/jpeg\" \/>\n<meta name=\"twitter:card\" content=\"summary_large_image\" \/>\n<meta name=\"twitter:label1\" content=\"Est. reading time\" \/>\n\t<meta name=\"twitter:data1\" content=\"2 minutes\" \/>\n<script type=\"application\/ld+json\" class=\"yoast-schema-graph\">{\"@context\":\"https:\/\/schema.org\",\"@graph\":[{\"@type\":\"WebPage\",\"@id\":\"https:\/\/playwell.ee\/en\/product\/lego-city-60471-maadeavastajate-arktika-teaduslabori-veoauto\/\",\"url\":\"https:\/\/playwell.ee\/en\/product\/lego-city-60471-maadeavastajate-arktika-teaduslabori-veoauto\/\",\"name\":\"LEGO\u00ae City 60471 - Maadeavastajate Arktika teaduslabori veoauto - Ehita oma maailm - klots klotsi haaval\",\"isPartOf\":{\"@id\":\"https:\/\/playwell.ee\/#website\"},\"primaryImageOfPage\":{\"@id\":\"https:\/\/playwell.ee\/en\/product\/lego-city-60471-maadeavastajate-arktika-teaduslabori-veoauto\/#primaryimage\"},\"image\":{\"@id\":\"https:\/\/playwell.ee\/en\/product\/lego-city-60471-maadeavastajate-arktika-teaduslabori-veoauto\/#primaryimage\"},\"thumbnailUrl\":\"https:\/\/playwell.ee\/wp-content\/uploads\/2025\/06\/LEGO_60471_Box1_v29.jpg\",\"datePublished\":\"2025-06-18T17:13:46+00:00\",\"dateModified\":\"2025-12-25T11:57:52+00:00\",\"description\":\"R\u00f5\u00f5musta oma noort seiklejat LEGO\u00ae City Maadeavastajate Arktika teaduslabori veoautoga (60471), mis on m\u00f5eldud alates 8-aastastele STEM-m\u00e4nguasjade f\u00e4nnidele\",\"breadcrumb\":{\"@id\":\"https:\/\/playwell.ee\/en\/product\/lego-city-60471-maadeavastajate-arktika-teaduslabori-veoauto\/#breadcrumb\"},\"inLanguage\":\"en-US\",\"potentialAction\":[{\"@type\":\"ReadAction\",\"target\":[\"https:\/\/playwell.ee\/en\/product\/lego-city-60471-maadeavastajate-arktika-teaduslabori-veoauto\/\"]}]},{\"@type\":\"ImageObject\",\"inLanguage\":\"en-US\",\"@id\":\"https:\/\/playwell.ee\/en\/product\/lego-city-60471-maadeavastajate-arktika-teaduslabori-veoauto\/#primaryimage\",\"url\":\"https:\/\/playwell.ee\/wp-content\/uploads\/2025\/06\/LEGO_60471_Box1_v29.jpg\",\"contentUrl\":\"https:\/\/playwell.ee\/wp-content\/uploads\/2025\/06\/LEGO_60471_Box1_v29.jpg\",\"width\":2400,\"height\":1540,\"caption\":\"Maadeavastajate Arktika teaduslabori veoauto 60471\"},{\"@type\":\"BreadcrumbList\",\"@id\":\"https:\/\/playwell.ee\/en\/product\/lego-city-60471-maadeavastajate-arktika-teaduslabori-veoauto\/#breadcrumb\",\"itemListElement\":[{\"@type\":\"ListItem\",\"position\":1,\"name\":\"Home\",\"item\":\"https:\/\/playwell.ee\/en\/\"},{\"@type\":\"ListItem\",\"position\":2,\"name\":\"All LEGO Products\",\"item\":\"https:\/\/playwell.ee\/en\/all-products\/\"},{\"@type\":\"ListItem\",\"position\":3,\"name\":\"LEGO\u00ae City 60471 &#8211; Maadeavastajate Arktika teaduslabori veoauto\"}]},{\"@type\":\"WebSite\",\"@id\":\"https:\/\/playwell.ee\/#website\",\"url\":\"https:\/\/playwell.ee\/\",\"name\":\"Ehita oma maailm - klots klotsi haaval\",\"description\":\"Playwell | LEGO pood Eestis\",\"publisher\":{\"@id\":\"https:\/\/playwell.ee\/#organization\"},\"potentialAction\":[{\"@type\":\"SearchAction\",\"target\":{\"@type\":\"EntryPoint\",\"urlTemplate\":\"https:\/\/playwell.ee\/?s={search_term_string}\"},\"query-input\":{\"@type\":\"PropertyValueSpecification\",\"valueRequired\":true,\"valueName\":\"search_term_string\"}}],\"inLanguage\":\"en-US\"},{\"@type\":\"Organization\",\"@id\":\"https:\/\/playwell.ee\/#organization\",\"name\":\"Playwell.ee\",\"url\":\"https:\/\/playwell.ee\/\",\"logo\":{\"@type\":\"ImageObject\",\"inLanguage\":\"en-US\",\"@id\":\"https:\/\/playwell.ee\/#\/schema\/logo\/image\/\",\"url\":\"https:\/\/playwell.ee\/wp-content\/uploads\/2024\/06\/Logo-01-1.png\",\"contentUrl\":\"https:\/\/playwell.ee\/wp-content\/uploads\/2024\/06\/Logo-01-1.png\",\"width\":2980,\"height\":1009,\"caption\":\"Playwell.ee\"},\"image\":{\"@id\":\"https:\/\/playwell.ee\/#\/schema\/logo\/image\/\"},\"sameAs\":[\"https:\/\/www.facebook.com\/profile.php?id=100091128044867\"]}]}<\/script>\n<!-- \/ Yoast SEO plugin. -->","yoast_head_json":{"title":"LEGO\u00ae City 60471 - Maadeavastajate Arktika teaduslabori veoauto - Ehita oma maailm - klots klotsi haaval","description":"R\u00f5\u00f5musta oma noort seiklejat LEGO\u00ae City Maadeavastajate Arktika teaduslabori veoautoga (60471), mis on m\u00f5eldud alates 8-aastastele STEM-m\u00e4nguasjade f\u00e4nnidele","robots":{"index":"index","follow":"follow","max-snippet":"max-snippet:-1","max-image-preview":"max-image-preview:large","max-video-preview":"max-video-preview:-1"},"canonical":"https:\/\/playwell.ee\/en\/product\/lego-city-60471-maadeavastajate-arktika-teaduslabori-veoauto\/","og_locale":"en_US","og_type":"article","og_title":"LEGO\u00ae City 60471 - Maadeavastajate Arktika teaduslabori veoauto - Ehita oma maailm - klots klotsi haaval","og_description":"R\u00f5\u00f5musta oma noort seiklejat LEGO\u00ae City Maadeavastajate Arktika teaduslabori veoautoga (60471), mis on m\u00f5eldud alates 8-aastastele STEM-m\u00e4nguasjade f\u00e4nnidele","og_url":"https:\/\/playwell.ee\/en\/product\/lego-city-60471-maadeavastajate-arktika-teaduslabori-veoauto\/","og_site_name":"Ehita oma maailm - klots klotsi haaval","article_publisher":"https:\/\/www.facebook.com\/profile.php?id=100091128044867","article_modified_time":"2025-12-25T11:57:52+00:00","og_image":[{"width":2400,"height":1540,"url":"https:\/\/playwell.ee\/wp-content\/uploads\/2025\/06\/LEGO_60471_Box1_v29.jpg","type":"image\/jpeg"}],"twitter_card":"summary_large_image","twitter_misc":{"Est. reading time":"2 minutes"},"schema":{"@context":"https:\/\/schema.org","@graph":[{"@type":"WebPage","@id":"https:\/\/playwell.ee\/en\/product\/lego-city-60471-maadeavastajate-arktika-teaduslabori-veoauto\/","url":"https:\/\/playwell.ee\/en\/product\/lego-city-60471-maadeavastajate-arktika-teaduslabori-veoauto\/","name":"LEGO\u00ae City 60471 - Maadeavastajate Arktika teaduslabori veoauto - Ehita oma maailm - klots klotsi haaval","isPartOf":{"@id":"https:\/\/playwell.ee\/#website"},"primaryImageOfPage":{"@id":"https:\/\/playwell.ee\/en\/product\/lego-city-60471-maadeavastajate-arktika-teaduslabori-veoauto\/#primaryimage"},"image":{"@id":"https:\/\/playwell.ee\/en\/product\/lego-city-60471-maadeavastajate-arktika-teaduslabori-veoauto\/#primaryimage"},"thumbnailUrl":"https:\/\/playwell.ee\/wp-content\/uploads\/2025\/06\/LEGO_60471_Box1_v29.jpg","datePublished":"2025-06-18T17:13:46+00:00","dateModified":"2025-12-25T11:57:52+00:00","description":"R\u00f5\u00f5musta oma noort seiklejat LEGO\u00ae City Maadeavastajate Arktika teaduslabori veoautoga (60471), mis on m\u00f5eldud alates 8-aastastele STEM-m\u00e4nguasjade f\u00e4nnidele","breadcrumb":{"@id":"https:\/\/playwell.ee\/en\/product\/lego-city-60471-maadeavastajate-arktika-teaduslabori-veoauto\/#breadcrumb"},"inLanguage":"en-US","potentialAction":[{"@type":"ReadAction","target":["https:\/\/playwell.ee\/en\/product\/lego-city-60471-maadeavastajate-arktika-teaduslabori-veoauto\/"]}]},{"@type":"ImageObject","inLanguage":"en-US","@id":"https:\/\/playwell.ee\/en\/product\/lego-city-60471-maadeavastajate-arktika-teaduslabori-veoauto\/#primaryimage","url":"https:\/\/playwell.ee\/wp-content\/uploads\/2025\/06\/LEGO_60471_Box1_v29.jpg","contentUrl":"https:\/\/playwell.ee\/wp-content\/uploads\/2025\/06\/LEGO_60471_Box1_v29.jpg","width":2400,"height":1540,"caption":"Maadeavastajate Arktika teaduslabori veoauto 60471"},{"@type":"BreadcrumbList","@id":"https:\/\/playwell.ee\/en\/product\/lego-city-60471-maadeavastajate-arktika-teaduslabori-veoauto\/#breadcrumb","itemListElement":[{"@type":"ListItem","position":1,"name":"Home","item":"https:\/\/playwell.ee\/en\/"},{"@type":"ListItem","position":2,"name":"All LEGO Products","item":"https:\/\/playwell.ee\/en\/all-products\/"},{"@type":"ListItem","position":3,"name":"LEGO\u00ae City 60471 &#8211; Maadeavastajate Arktika teaduslabori veoauto"}]},{"@type":"WebSite","@id":"https:\/\/playwell.ee\/#website","url":"https:\/\/playwell.ee\/","name":"Ehita oma maailm - klots klotsi haaval","description":"Playwell | LEGO pood Eestis","publisher":{"@id":"https:\/\/playwell.ee\/#organization"},"potentialAction":[{"@type":"SearchAction","target":{"@type":"EntryPoint","urlTemplate":"https:\/\/playwell.ee\/?s={search_term_string}"},"query-input":{"@type":"PropertyValueSpecification","valueRequired":true,"valueName":"search_term_string"}}],"inLanguage":"en-US"},{"@type":"Organization","@id":"https:\/\/playwell.ee\/#organization","name":"Playwell.ee","url":"https:\/\/playwell.ee\/","logo":{"@type":"ImageObject","inLanguage":"en-US","@id":"https:\/\/playwell.ee\/#\/schema\/logo\/image\/","url":"https:\/\/playwell.ee\/wp-content\/uploads\/2024\/06\/Logo-01-1.png","contentUrl":"https:\/\/playwell.ee\/wp-content\/uploads\/2024\/06\/Logo-01-1.png","width":2980,"height":1009,"caption":"Playwell.ee"},"image":{"@id":"https:\/\/playwell.ee\/#\/schema\/logo\/image\/"},"sameAs":["https:\/\/www.facebook.com\/profile.php?id=100091128044867"]}]}},"_links":{"self":[{"href":"https:\/\/playwell.ee\/en\/wp-json\/wp\/v2\/product\/19278","targetHints":{"allow":["GET"]}}],"collection":[{"href":"https:\/\/playwell.ee\/en\/wp-json\/wp\/v2\/product"}],"about":[{"href":"https:\/\/playwell.ee\/en\/wp-json\/wp\/v2\/types\/product"}],"wp:featuredmedia":[{"embeddable":true,"href":"https:\/\/playwell.ee\/en\/wp-json\/wp\/v2\/media\/18900"}],"wp:attachment":[{"href":"https:\/\/playwell.ee\/en\/wp-json\/wp\/v2\/media?parent=19278"}],"wp:term":[{"taxonomy":"product_brand","embeddable":true,"href":"https:\/\/playwell.ee\/en\/wp-json\/wp\/v2\/product_brand?post=19278"},{"taxonomy":"product_cat","embeddable":true,"href":"https:\/\/playwell.ee\/en\/wp-json\/wp\/v2\/product_cat?post=19278"},{"taxonomy":"product_tag","embeddable":true,"href":"https:\/\/playwell.ee\/en\/wp-json\/wp\/v2\/product_tag?post=19278"}],"curies":[{"name":"wp","href":"https:\/\/api.w.org\/{rel}","templated":true}]}}