{"id":19268,"date":"2025-06-18T19:13:46","date_gmt":"2025-06-18T17:13:46","guid":{"rendered":"https:\/\/playwell.ee\/product\/lego-city-60469-pearaudteejaam\/"},"modified":"2025-06-21T10:54:18","modified_gmt":"2025-06-21T08:54:18","slug":"lego-city-60469-pearaudteejaam","status":"publish","type":"product","link":"https:\/\/playwell.ee\/en\/product\/lego-city-60469-pearaudteejaam\/","title":{"rendered":"LEGO\u00ae City 60469 &#8211; Pearaudteejaam"},"content":{"rendered":"<p>See LEGO\u00ae City pearaudteejaama (60469) ehitusm\u00e4nguasi alates 7-aastastele lastele on t\u00e4is lahedaid funktsioone loominguliseks m\u00e4ngimiseks kolmel tasandil. Klassikalise kellatorniga m\u00e4ngujaamas on hubane kohvibaar, t\u00f6\u00f6tav lift, juhtimisruum, bussipeatus, 2 reisijate platvormi, s\u00f5iduplaaniga ekraan ja piletiautomaat. Lapsed saavad rollim\u00e4nguks ja lugude jutustamiseks ka hooldusvaguni, mis on varustatud poomt\u00f5stukiga, lisaks 6 minifiguuri, beebifiguuri ja 2 tuvifiguuri.<\/p>\n<p>See rongijaama mudelikomplekt sisaldab \u00fcksikasjalikku prinditud ehitusjuhendit ja rakenduses LEGO Builder on digitaalsed juhised. Siin saavad lapsed mudeleid 3D-s sisse suumida ja p\u00f6\u00f6rata, komplekte salvestada ja ehitamise ajal oma edusamme j\u00e4lgida.<\/p>\n<p>LEGO City komplektides onlahedad m\u00e4ngus\u00f5idukid, realistlikud konstruktsioonid ja l\u00f5busad tegelased, mis innustavad loovust. Lapsed saavad selle LEGO City komplekti lisada teistele LEGO City sarja loomingulistele m\u00e4nguasjadele (m\u00fc\u00fcakse eraldi), et laiendada m\u00e4nguv\u00f5imaluste maai lma. Komplektis on 752 osa.<\/p>\n<p>M\u00e4ngurongijaam \u2013 loo stseen loominguliseks m\u00e4nguks selle funktsioonirohke LEGO\u00ae City pearaudteejaama ehituskomplektiga, mis on m\u00f5eldud alates 7-aastastele lastele<br \/>\nMis on karbis? \u2013 K\u00f5ik, mida lapsed vajavad, et ehitada m\u00e4ngurongijaam ja hooldusvagun, mis on varustatud poomt\u00f5stukiga, lisaks 6 minifiguuri, beebifiguur ja 2 tuvifiguuri rollim\u00e4nguks<br \/>\nT\u00e4pselt nagu p\u00e4ris \u2013 m\u00e4ngurongijaamas on 2 platvormi, s\u00f5iduplaan, piletiautomaat, t\u00f6\u00f6tav lift, kellatorn, juhtimisruum, kohvibaar ja l\u00e4bipaistva katusega istumisnurk<br \/>\nLEGO\u00ae minifiguuritarvikud \u2013 komplektis on LEGO minifiguuritarvikud matkimism\u00e4nguks, sealhulgas m\u00e4ngutelefon, pilet, sarvesaia ja tass<br \/>\nLEGO\u00ae m\u00e4nguasjad poistele, t\u00fcdrukutele ja rongif\u00e4nnidele \u2013 kingi see m\u00e4ngukomplekt alates 7-aastastele lastele p\u00fchadeks v\u00f5i mis tahes muuks t\u00e4htp\u00e4evaks<br \/>\nDigitaalsed juhised \u2013 rakendus LEGO\u00ae Builder juhendab su last intuitiivsel ehitusseiklusel t\u00f6\u00f6riistade abil, mis v\u00f5imaldavad neil mudeleid 3D-vaates suumida ja p\u00f6\u00f6rata, komplekte salvestada ja oma edenemist j\u00e4lgida<br \/>\nLaienda m\u00e4ngu \u2013 lapsed saavad nautida rohkem m\u00e4ngur\u00f5\u00f5mu ja seiklusi, kui nad lisavad selle rongijaama ehituskomplekti teistele LEGO\u00ae City sarja m\u00e4ngukomplektidele (m\u00fc\u00fcakse eraldi)<br \/>\nM\u00f5\u00f5tmed \u2013 752-osalisse ehituskomplekti kuuluv raudteejaam on 33 cm k\u00f5rge, 44 cm lai ja 30 cm s\u00fcgav<\/p>\n","protected":false},"excerpt":{"rendered":"<p><strong>Tasuta tarne alates 120\u20ac * Kogu kaup Eesti laos olemas * Kiire tarne<\/strong><\/p>\n<ul>\n<li>Osasi: 752<\/li>\n<li>Vanus: 6+<\/li>\n<\/ul>\n","protected":false},"featured_media":18876,"template":"","meta":[],"product_brand":[],"product_cat":[143],"product_tag":[168],"class_list":{"0":"post-19268","1":"product","2":"type-product","3":"status-publish","4":"has-post-thumbnail","6":"product_cat-city-en","7":"product_tag-6-en","8":"new","10":"first","11":"instock","12":"taxable","13":"shipping-taxable","14":"purchasable","15":"product-type-simple","16":"add-to-wishlist-after_add_to_cart"},"yoast_head":"<!-- This site is optimized with the Yoast SEO plugin v27.4 - https:\/\/yoast.com\/product\/yoast-seo-wordpress\/ -->\n<title>LEGO\u00ae City 60469 - Pearaudteejaam - Ehita oma maailm - klots klotsi haaval<\/title>\n<meta name=\"description\" content=\"See LEGO\u00ae City pearaudteejaama (60469) ehitusm\u00e4nguasi alates 7-aastastele lastele on t\u00e4is lahedaid funktsioone loominguliseks m\u00e4ngimiseks kolmel tasandil\" \/>\n<meta name=\"robots\" content=\"index, follow, max-snippet:-1, max-image-preview:large, max-video-preview:-1\" \/>\n<link rel=\"canonical\" href=\"https:\/\/playwell.ee\/toode\/lego-city-60469-pearaudteejaam\/\" \/>\n<meta property=\"og:locale\" content=\"en_US\" \/>\n<meta property=\"og:type\" content=\"article\" \/>\n<meta property=\"og:title\" content=\"LEGO\u00ae City 60469 - Pearaudteejaam - Ehita oma maailm - klots klotsi haaval\" \/>\n<meta property=\"og:description\" content=\"See LEGO\u00ae City pearaudteejaama (60469) ehitusm\u00e4nguasi alates 7-aastastele lastele on t\u00e4is lahedaid funktsioone loominguliseks m\u00e4ngimiseks kolmel tasandil\" \/>\n<meta property=\"og:url\" content=\"https:\/\/playwell.ee\/toode\/lego-city-60469-pearaudteejaam\/\" \/>\n<meta property=\"og:site_name\" content=\"Ehita oma maailm - klots klotsi haaval\" \/>\n<meta property=\"article:publisher\" content=\"https:\/\/www.facebook.com\/profile.php?id=100091128044867\" \/>\n<meta property=\"article:modified_time\" content=\"2025-06-21T08:54:18+00:00\" \/>\n<meta property=\"og:image\" content=\"https:\/\/playwell.ee\/wp-content\/uploads\/2025\/06\/LEGO_60469_Box1_v29.jpg\" \/>\n\t<meta property=\"og:image:width\" content=\"1754\" \/>\n\t<meta property=\"og:image:height\" content=\"1800\" \/>\n\t<meta property=\"og:image:type\" content=\"image\/jpeg\" \/>\n<meta name=\"twitter:card\" content=\"summary_large_image\" \/>\n<meta name=\"twitter:label1\" content=\"Est. reading time\" \/>\n\t<meta name=\"twitter:data1\" content=\"2 minutes\" \/>\n<script type=\"application\/ld+json\" class=\"yoast-schema-graph\">{\"@context\":\"https:\\\/\\\/schema.org\",\"@graph\":[{\"@type\":\"WebPage\",\"@id\":\"https:\\\/\\\/playwell.ee\\\/toode\\\/lego-city-60469-pearaudteejaam\\\/\",\"url\":\"https:\\\/\\\/playwell.ee\\\/toode\\\/lego-city-60469-pearaudteejaam\\\/\",\"name\":\"LEGO\u00ae City 60469 - Pearaudteejaam - Ehita oma maailm - klots klotsi haaval\",\"isPartOf\":{\"@id\":\"https:\\\/\\\/playwell.ee\\\/#website\"},\"primaryImageOfPage\":{\"@id\":\"https:\\\/\\\/playwell.ee\\\/toode\\\/lego-city-60469-pearaudteejaam\\\/#primaryimage\"},\"image\":{\"@id\":\"https:\\\/\\\/playwell.ee\\\/toode\\\/lego-city-60469-pearaudteejaam\\\/#primaryimage\"},\"thumbnailUrl\":\"https:\\\/\\\/playwell.ee\\\/wp-content\\\/uploads\\\/2025\\\/06\\\/LEGO_60469_Box1_v29.jpg\",\"datePublished\":\"2025-06-18T17:13:46+00:00\",\"dateModified\":\"2025-06-21T08:54:18+00:00\",\"description\":\"See LEGO\u00ae City pearaudteejaama (60469) ehitusm\u00e4nguasi alates 7-aastastele lastele on t\u00e4is lahedaid funktsioone loominguliseks m\u00e4ngimiseks kolmel tasandil\",\"breadcrumb\":{\"@id\":\"https:\\\/\\\/playwell.ee\\\/toode\\\/lego-city-60469-pearaudteejaam\\\/#breadcrumb\"},\"inLanguage\":\"en-US\",\"potentialAction\":[{\"@type\":\"ReadAction\",\"target\":[\"https:\\\/\\\/playwell.ee\\\/toode\\\/lego-city-60469-pearaudteejaam\\\/\"]}]},{\"@type\":\"ImageObject\",\"inLanguage\":\"en-US\",\"@id\":\"https:\\\/\\\/playwell.ee\\\/toode\\\/lego-city-60469-pearaudteejaam\\\/#primaryimage\",\"url\":\"https:\\\/\\\/playwell.ee\\\/wp-content\\\/uploads\\\/2025\\\/06\\\/LEGO_60469_Box1_v29.jpg\",\"contentUrl\":\"https:\\\/\\\/playwell.ee\\\/wp-content\\\/uploads\\\/2025\\\/06\\\/LEGO_60469_Box1_v29.jpg\",\"width\":1754,\"height\":1800,\"caption\":\"Pearaudteejaam 60469\"},{\"@type\":\"BreadcrumbList\",\"@id\":\"https:\\\/\\\/playwell.ee\\\/toode\\\/lego-city-60469-pearaudteejaam\\\/#breadcrumb\",\"itemListElement\":[{\"@type\":\"ListItem\",\"position\":1,\"name\":\"Home\",\"item\":\"https:\\\/\\\/playwell.ee\\\/en\\\/\"},{\"@type\":\"ListItem\",\"position\":2,\"name\":\"All LEGO Products\",\"item\":\"https:\\\/\\\/playwell.ee\\\/en\\\/all-products\\\/\"},{\"@type\":\"ListItem\",\"position\":3,\"name\":\"LEGO\u00ae City 60469 &#8211; Pearaudteejaam\"}]},{\"@type\":\"WebSite\",\"@id\":\"https:\\\/\\\/playwell.ee\\\/#website\",\"url\":\"https:\\\/\\\/playwell.ee\\\/\",\"name\":\"Ehita oma maailm - klots klotsi haaval\",\"description\":\"Playwell | LEGO pood Eestis\",\"publisher\":{\"@id\":\"https:\\\/\\\/playwell.ee\\\/#organization\"},\"potentialAction\":[{\"@type\":\"SearchAction\",\"target\":{\"@type\":\"EntryPoint\",\"urlTemplate\":\"https:\\\/\\\/playwell.ee\\\/?s={search_term_string}\"},\"query-input\":{\"@type\":\"PropertyValueSpecification\",\"valueRequired\":true,\"valueName\":\"search_term_string\"}}],\"inLanguage\":\"en-US\"},{\"@type\":\"Organization\",\"@id\":\"https:\\\/\\\/playwell.ee\\\/#organization\",\"name\":\"Playwell.ee\",\"url\":\"https:\\\/\\\/playwell.ee\\\/\",\"logo\":{\"@type\":\"ImageObject\",\"inLanguage\":\"en-US\",\"@id\":\"https:\\\/\\\/playwell.ee\\\/#\\\/schema\\\/logo\\\/image\\\/\",\"url\":\"https:\\\/\\\/playwell.ee\\\/wp-content\\\/uploads\\\/2024\\\/06\\\/Logo-01-1.png\",\"contentUrl\":\"https:\\\/\\\/playwell.ee\\\/wp-content\\\/uploads\\\/2024\\\/06\\\/Logo-01-1.png\",\"width\":2980,\"height\":1009,\"caption\":\"Playwell.ee\"},\"image\":{\"@id\":\"https:\\\/\\\/playwell.ee\\\/#\\\/schema\\\/logo\\\/image\\\/\"},\"sameAs\":[\"https:\\\/\\\/www.facebook.com\\\/profile.php?id=100091128044867\"]}]}<\/script>\n<!-- \/ Yoast SEO plugin. -->","yoast_head_json":{"title":"LEGO\u00ae City 60469 - Pearaudteejaam - Ehita oma maailm - klots klotsi haaval","description":"See LEGO\u00ae City pearaudteejaama (60469) ehitusm\u00e4nguasi alates 7-aastastele lastele on t\u00e4is lahedaid funktsioone loominguliseks m\u00e4ngimiseks kolmel tasandil","robots":{"index":"index","follow":"follow","max-snippet":"max-snippet:-1","max-image-preview":"max-image-preview:large","max-video-preview":"max-video-preview:-1"},"canonical":"https:\/\/playwell.ee\/toode\/lego-city-60469-pearaudteejaam\/","og_locale":"en_US","og_type":"article","og_title":"LEGO\u00ae City 60469 - Pearaudteejaam - Ehita oma maailm - klots klotsi haaval","og_description":"See LEGO\u00ae City pearaudteejaama (60469) ehitusm\u00e4nguasi alates 7-aastastele lastele on t\u00e4is lahedaid funktsioone loominguliseks m\u00e4ngimiseks kolmel tasandil","og_url":"https:\/\/playwell.ee\/toode\/lego-city-60469-pearaudteejaam\/","og_site_name":"Ehita oma maailm - klots klotsi haaval","article_publisher":"https:\/\/www.facebook.com\/profile.php?id=100091128044867","article_modified_time":"2025-06-21T08:54:18+00:00","og_image":[{"width":1754,"height":1800,"url":"https:\/\/playwell.ee\/wp-content\/uploads\/2025\/06\/LEGO_60469_Box1_v29.jpg","type":"image\/jpeg"}],"twitter_card":"summary_large_image","twitter_misc":{"Est. reading time":"2 minutes"},"schema":{"@context":"https:\/\/schema.org","@graph":[{"@type":"WebPage","@id":"https:\/\/playwell.ee\/toode\/lego-city-60469-pearaudteejaam\/","url":"https:\/\/playwell.ee\/toode\/lego-city-60469-pearaudteejaam\/","name":"LEGO\u00ae City 60469 - Pearaudteejaam - Ehita oma maailm - klots klotsi haaval","isPartOf":{"@id":"https:\/\/playwell.ee\/#website"},"primaryImageOfPage":{"@id":"https:\/\/playwell.ee\/toode\/lego-city-60469-pearaudteejaam\/#primaryimage"},"image":{"@id":"https:\/\/playwell.ee\/toode\/lego-city-60469-pearaudteejaam\/#primaryimage"},"thumbnailUrl":"https:\/\/playwell.ee\/wp-content\/uploads\/2025\/06\/LEGO_60469_Box1_v29.jpg","datePublished":"2025-06-18T17:13:46+00:00","dateModified":"2025-06-21T08:54:18+00:00","description":"See LEGO\u00ae City pearaudteejaama (60469) ehitusm\u00e4nguasi alates 7-aastastele lastele on t\u00e4is lahedaid funktsioone loominguliseks m\u00e4ngimiseks kolmel tasandil","breadcrumb":{"@id":"https:\/\/playwell.ee\/toode\/lego-city-60469-pearaudteejaam\/#breadcrumb"},"inLanguage":"en-US","potentialAction":[{"@type":"ReadAction","target":["https:\/\/playwell.ee\/toode\/lego-city-60469-pearaudteejaam\/"]}]},{"@type":"ImageObject","inLanguage":"en-US","@id":"https:\/\/playwell.ee\/toode\/lego-city-60469-pearaudteejaam\/#primaryimage","url":"https:\/\/playwell.ee\/wp-content\/uploads\/2025\/06\/LEGO_60469_Box1_v29.jpg","contentUrl":"https:\/\/playwell.ee\/wp-content\/uploads\/2025\/06\/LEGO_60469_Box1_v29.jpg","width":1754,"height":1800,"caption":"Pearaudteejaam 60469"},{"@type":"BreadcrumbList","@id":"https:\/\/playwell.ee\/toode\/lego-city-60469-pearaudteejaam\/#breadcrumb","itemListElement":[{"@type":"ListItem","position":1,"name":"Home","item":"https:\/\/playwell.ee\/en\/"},{"@type":"ListItem","position":2,"name":"All LEGO Products","item":"https:\/\/playwell.ee\/en\/all-products\/"},{"@type":"ListItem","position":3,"name":"LEGO\u00ae City 60469 &#8211; Pearaudteejaam"}]},{"@type":"WebSite","@id":"https:\/\/playwell.ee\/#website","url":"https:\/\/playwell.ee\/","name":"Ehita oma maailm - klots klotsi haaval","description":"Playwell | LEGO pood Eestis","publisher":{"@id":"https:\/\/playwell.ee\/#organization"},"potentialAction":[{"@type":"SearchAction","target":{"@type":"EntryPoint","urlTemplate":"https:\/\/playwell.ee\/?s={search_term_string}"},"query-input":{"@type":"PropertyValueSpecification","valueRequired":true,"valueName":"search_term_string"}}],"inLanguage":"en-US"},{"@type":"Organization","@id":"https:\/\/playwell.ee\/#organization","name":"Playwell.ee","url":"https:\/\/playwell.ee\/","logo":{"@type":"ImageObject","inLanguage":"en-US","@id":"https:\/\/playwell.ee\/#\/schema\/logo\/image\/","url":"https:\/\/playwell.ee\/wp-content\/uploads\/2024\/06\/Logo-01-1.png","contentUrl":"https:\/\/playwell.ee\/wp-content\/uploads\/2024\/06\/Logo-01-1.png","width":2980,"height":1009,"caption":"Playwell.ee"},"image":{"@id":"https:\/\/playwell.ee\/#\/schema\/logo\/image\/"},"sameAs":["https:\/\/www.facebook.com\/profile.php?id=100091128044867"]}]}},"_links":{"self":[{"href":"https:\/\/playwell.ee\/en\/wp-json\/wp\/v2\/product\/19268","targetHints":{"allow":["GET"]}}],"collection":[{"href":"https:\/\/playwell.ee\/en\/wp-json\/wp\/v2\/product"}],"about":[{"href":"https:\/\/playwell.ee\/en\/wp-json\/wp\/v2\/types\/product"}],"wp:featuredmedia":[{"embeddable":true,"href":"https:\/\/playwell.ee\/en\/wp-json\/wp\/v2\/media\/18876"}],"wp:attachment":[{"href":"https:\/\/playwell.ee\/en\/wp-json\/wp\/v2\/media?parent=19268"}],"wp:term":[{"taxonomy":"product_brand","embeddable":true,"href":"https:\/\/playwell.ee\/en\/wp-json\/wp\/v2\/product_brand?post=19268"},{"taxonomy":"product_cat","embeddable":true,"href":"https:\/\/playwell.ee\/en\/wp-json\/wp\/v2\/product_cat?post=19268"},{"taxonomy":"product_tag","embeddable":true,"href":"https:\/\/playwell.ee\/en\/wp-json\/wp\/v2\/product_tag?post=19268"}],"curies":[{"name":"wp","href":"https:\/\/api.w.org\/{rel}","templated":true}]}}