{"id":19260,"date":"2025-06-18T19:13:47","date_gmt":"2025-06-18T17:13:47","guid":{"rendered":"https:\/\/playwell.ee\/product\/lego-harry-potter-76449-koletu-koletiste-raamat\/"},"modified":"2025-06-21T10:54:22","modified_gmt":"2025-06-21T08:54:22","slug":"lego-harry-potter-76449-koletu-koletiste-raamat","status":"publish","type":"product","link":"https:\/\/playwell.ee\/en\/product\/lego-harry-potter-76449-koletu-koletiste-raamat\/","title":{"rendered":"LEGO\u00ae Harry Potter\u2122 76449 &#8211; Koletu koletiste raamat"},"content":{"rendered":"<p>Kingi Sigat\u00fc\u00fcka\u2122 \u00f5ppetundide maagiat oma noorele v\u00f5lurile, n\u00f5iale v\u00f5i mugule selle LEGO\u00ae Harry Potter\u2122 Koletu koletiste raamatu (76449) abil. L\u00f5busas fantaasiakomplektis on detailne klotsidest ehitatud versioon Koletust koletiste raamatust, \u00f5pikust, mida kasutatakse maagiliste olendite hooldamisel. Mudelil on peidetud rattad ja tagasit\u00f5mbamisfunktsioon \u2013 nii et aseta see tasasele pinnale, t\u00f5mba tagasi, lase lahti ja vaata, kuidas selle suu ampsab!<\/p>\n<p>See laste ehitusm\u00e4nguasi, mis on tore p\u00fchade- v\u00f5i s\u00fcnnip\u00e4evakingitus 9-aastastele ja vanematele poistele, t\u00fcdrukutele ja k\u00f5igile Harry Potteri f\u00e4nnidele, sisaldab ka Neville Longbottom\u2122-i LEGO minifiguuri koos Koletu koletiste raamatu elemendiga. Kokkupandavat m\u00e4nguraamatut ja minifiguuri saab kasutada koos teiste LEGO Harry Potteri kogutavate komplektidega (m\u00fc\u00fcgil eraldi), et pakkuda lastele t\u00e4iendavaid lummavaid m\u00e4nguv\u00f5imalusi.<\/p>\n<p>V\u00f5luri m\u00e4nguraamat \u2013 loo klotsidest ehitatud Koletu koletiste raamat selle l\u00f5busa LEGO\u00ae Harry Potter\u2122 fantaasiakomplektiga 9-aastastele ja vanematele lastele<br \/>\nTagasit\u00f5mmatav \u2013 raamatul on peidetud rattad ja tagasit\u00f5mbamisfunktsioon, nii et lihtsalt aseta see tasasele pinnale, t\u00f5mba tagasi, lase lahti ja vaata, kuidas selle suu ampsama hakkab<br \/>\nAutentsed detailid \u2013 see komplekt pakub lastele l\u00f5busat ehitusv\u00e4ljakutset, et taasluua raamatukaanel olevad karvased detailid LEGO\u00ae stiilis, sh silmad, hambad ja kihvad<br \/>\nHarry Potteri\u2122 tegelaskuju \u2013 esitle kokkupandavat raamatut koos Neville Longbottom\u2122-i LEGO\u00ae minifiguuriga, kes hoiab k\u00e4es v\u00e4ikest Koletut koletiste raamatut<br \/>\nV\u00f5lurikingitus Harry Potter\u2122 f\u00e4nnidele \u2013 see laste ehitusm\u00e4nguasi on suurep\u00e4rane s\u00fcnnip\u00e4eva- v\u00f5i p\u00fchadekingitus 9-aastastele ja vanematele v\u00f5luritele, n\u00f5idadele v\u00f5i mugudele<br \/>\nAbik\u00e4si \u2013 rakendus LEGO\u00ae Builder juhendab su last intuitiivsel ehitusseiklusel t\u00f6\u00f6riistade abil, mis v\u00f5imaldab tal mudeleid 3D-vaates suumida ja p\u00f6\u00f6rata, komplekte salvestada ja oma edenemist j\u00e4lgida<br \/>\nOsa suurest kollektsioonist \u2013 LEGO\u00ae Harry Potter\u2122 kogutavad ehitusm\u00e4ngukomplektid v\u00f5imaldavad noortel n\u00f5idadel, v\u00f5luritel ja mugudel m\u00e4ngida legendaarseid stseene, m\u00f5elda v\u00e4lja oma seiklusi v\u00f5i mudeleid lihtsalt esitlemiseks v\u00e4lja panna<br \/>\nEhita, esitle ja m\u00e4ngi \u2013 518-osalisse ehituskomplekti kuuluv kokkupandav raamat on 16 cm pikk, 15 cm lai ja 6 cm s\u00fcgav<\/p>\n","protected":false},"excerpt":{"rendered":"<p><strong>Tasuta tarne alates 120\u20ac * Kogu kaup Eesti laos olemas * Kiire tarne<\/strong><\/p>\n<ul>\n<li>Osasi: 518<\/li>\n<li>Vanus: 9+<\/li>\n<\/ul>\n","protected":false},"featured_media":19146,"template":"","meta":[],"product_brand":[],"product_cat":[149],"product_tag":[171],"class_list":{"0":"post-19260","1":"product","2":"type-product","3":"status-publish","4":"has-post-thumbnail","6":"product_cat-harry-potter-en","7":"product_tag-9-en","8":"new","10":"first","11":"instock","12":"taxable","13":"shipping-taxable","14":"purchasable","15":"product-type-simple","16":"add-to-wishlist-after_add_to_cart"},"yoast_head":"<!-- This site is optimized with the Yoast SEO plugin v27.4 - https:\/\/yoast.com\/product\/yoast-seo-wordpress\/ -->\n<title>LEGO\u00ae Harry Potter\u2122 76449 - Koletu koletiste raamat - Ehita oma maailm - klots klotsi haaval<\/title>\n<meta name=\"description\" content=\"Kingi Sigat\u00fc\u00fcka\u2122 \u00f5ppetundide maagiat oma noorele v\u00f5lurile, n\u00f5iale v\u00f5i mugule selle LEGO\u00ae Harry Potter\u2122 Koletu koletiste raamatu (76449) abil\" \/>\n<meta name=\"robots\" content=\"index, follow, max-snippet:-1, max-image-preview:large, max-video-preview:-1\" \/>\n<link rel=\"canonical\" href=\"https:\/\/playwell.ee\/toode\/lego-harry-potter-76449-koletu-koletiste-raamat\/\" \/>\n<meta property=\"og:locale\" content=\"en_US\" \/>\n<meta property=\"og:type\" content=\"article\" \/>\n<meta property=\"og:title\" content=\"LEGO\u00ae Harry Potter\u2122 76449 - Koletu koletiste raamat - Ehita oma maailm - klots klotsi haaval\" \/>\n<meta property=\"og:description\" content=\"Kingi Sigat\u00fc\u00fcka\u2122 \u00f5ppetundide maagiat oma noorele v\u00f5lurile, n\u00f5iale v\u00f5i mugule selle LEGO\u00ae Harry Potter\u2122 Koletu koletiste raamatu (76449) abil\" \/>\n<meta property=\"og:url\" content=\"https:\/\/playwell.ee\/toode\/lego-harry-potter-76449-koletu-koletiste-raamat\/\" \/>\n<meta property=\"og:site_name\" content=\"Ehita oma maailm - klots klotsi haaval\" \/>\n<meta property=\"article:publisher\" content=\"https:\/\/www.facebook.com\/profile.php?id=100091128044867\" \/>\n<meta property=\"article:modified_time\" content=\"2025-06-21T08:54:22+00:00\" \/>\n<meta property=\"og:image\" content=\"https:\/\/playwell.ee\/wp-content\/uploads\/2025\/06\/LEGO_76449_Box1_v29.jpg\" \/>\n\t<meta property=\"og:image:width\" content=\"1765\" \/>\n\t<meta property=\"og:image:height\" content=\"1800\" \/>\n\t<meta property=\"og:image:type\" content=\"image\/jpeg\" \/>\n<meta name=\"twitter:card\" content=\"summary_large_image\" \/>\n<meta name=\"twitter:label1\" content=\"Est. reading time\" \/>\n\t<meta name=\"twitter:data1\" content=\"2 minutes\" \/>\n<script type=\"application\/ld+json\" class=\"yoast-schema-graph\">{\"@context\":\"https:\\\/\\\/schema.org\",\"@graph\":[{\"@type\":\"WebPage\",\"@id\":\"https:\\\/\\\/playwell.ee\\\/toode\\\/lego-harry-potter-76449-koletu-koletiste-raamat\\\/\",\"url\":\"https:\\\/\\\/playwell.ee\\\/toode\\\/lego-harry-potter-76449-koletu-koletiste-raamat\\\/\",\"name\":\"LEGO\u00ae Harry Potter\u2122 76449 - Koletu koletiste raamat - Ehita oma maailm - klots klotsi haaval\",\"isPartOf\":{\"@id\":\"https:\\\/\\\/playwell.ee\\\/#website\"},\"primaryImageOfPage\":{\"@id\":\"https:\\\/\\\/playwell.ee\\\/toode\\\/lego-harry-potter-76449-koletu-koletiste-raamat\\\/#primaryimage\"},\"image\":{\"@id\":\"https:\\\/\\\/playwell.ee\\\/toode\\\/lego-harry-potter-76449-koletu-koletiste-raamat\\\/#primaryimage\"},\"thumbnailUrl\":\"https:\\\/\\\/playwell.ee\\\/wp-content\\\/uploads\\\/2025\\\/06\\\/LEGO_76449_Box1_v29.jpg\",\"datePublished\":\"2025-06-18T17:13:47+00:00\",\"dateModified\":\"2025-06-21T08:54:22+00:00\",\"description\":\"Kingi Sigat\u00fc\u00fcka\u2122 \u00f5ppetundide maagiat oma noorele v\u00f5lurile, n\u00f5iale v\u00f5i mugule selle LEGO\u00ae Harry Potter\u2122 Koletu koletiste raamatu (76449) abil\",\"breadcrumb\":{\"@id\":\"https:\\\/\\\/playwell.ee\\\/toode\\\/lego-harry-potter-76449-koletu-koletiste-raamat\\\/#breadcrumb\"},\"inLanguage\":\"en-US\",\"potentialAction\":[{\"@type\":\"ReadAction\",\"target\":[\"https:\\\/\\\/playwell.ee\\\/toode\\\/lego-harry-potter-76449-koletu-koletiste-raamat\\\/\"]}]},{\"@type\":\"ImageObject\",\"inLanguage\":\"en-US\",\"@id\":\"https:\\\/\\\/playwell.ee\\\/toode\\\/lego-harry-potter-76449-koletu-koletiste-raamat\\\/#primaryimage\",\"url\":\"https:\\\/\\\/playwell.ee\\\/wp-content\\\/uploads\\\/2025\\\/06\\\/LEGO_76449_Box1_v29.jpg\",\"contentUrl\":\"https:\\\/\\\/playwell.ee\\\/wp-content\\\/uploads\\\/2025\\\/06\\\/LEGO_76449_Box1_v29.jpg\",\"width\":1765,\"height\":1800,\"caption\":\"Koletu koletiste raamat 76449\"},{\"@type\":\"BreadcrumbList\",\"@id\":\"https:\\\/\\\/playwell.ee\\\/toode\\\/lego-harry-potter-76449-koletu-koletiste-raamat\\\/#breadcrumb\",\"itemListElement\":[{\"@type\":\"ListItem\",\"position\":1,\"name\":\"Home\",\"item\":\"https:\\\/\\\/playwell.ee\\\/en\\\/\"},{\"@type\":\"ListItem\",\"position\":2,\"name\":\"All LEGO Products\",\"item\":\"https:\\\/\\\/playwell.ee\\\/en\\\/all-products\\\/\"},{\"@type\":\"ListItem\",\"position\":3,\"name\":\"LEGO\u00ae Harry Potter\u2122 76449 &#8211; Koletu koletiste raamat\"}]},{\"@type\":\"WebSite\",\"@id\":\"https:\\\/\\\/playwell.ee\\\/#website\",\"url\":\"https:\\\/\\\/playwell.ee\\\/\",\"name\":\"Ehita oma maailm - klots klotsi haaval\",\"description\":\"Playwell | LEGO pood Eestis\",\"publisher\":{\"@id\":\"https:\\\/\\\/playwell.ee\\\/#organization\"},\"potentialAction\":[{\"@type\":\"SearchAction\",\"target\":{\"@type\":\"EntryPoint\",\"urlTemplate\":\"https:\\\/\\\/playwell.ee\\\/?s={search_term_string}\"},\"query-input\":{\"@type\":\"PropertyValueSpecification\",\"valueRequired\":true,\"valueName\":\"search_term_string\"}}],\"inLanguage\":\"en-US\"},{\"@type\":\"Organization\",\"@id\":\"https:\\\/\\\/playwell.ee\\\/#organization\",\"name\":\"Playwell.ee\",\"url\":\"https:\\\/\\\/playwell.ee\\\/\",\"logo\":{\"@type\":\"ImageObject\",\"inLanguage\":\"en-US\",\"@id\":\"https:\\\/\\\/playwell.ee\\\/#\\\/schema\\\/logo\\\/image\\\/\",\"url\":\"https:\\\/\\\/playwell.ee\\\/wp-content\\\/uploads\\\/2024\\\/06\\\/Logo-01-1.png\",\"contentUrl\":\"https:\\\/\\\/playwell.ee\\\/wp-content\\\/uploads\\\/2024\\\/06\\\/Logo-01-1.png\",\"width\":2980,\"height\":1009,\"caption\":\"Playwell.ee\"},\"image\":{\"@id\":\"https:\\\/\\\/playwell.ee\\\/#\\\/schema\\\/logo\\\/image\\\/\"},\"sameAs\":[\"https:\\\/\\\/www.facebook.com\\\/profile.php?id=100091128044867\"]}]}<\/script>\n<!-- \/ Yoast SEO plugin. -->","yoast_head_json":{"title":"LEGO\u00ae Harry Potter\u2122 76449 - Koletu koletiste raamat - Ehita oma maailm - klots klotsi haaval","description":"Kingi Sigat\u00fc\u00fcka\u2122 \u00f5ppetundide maagiat oma noorele v\u00f5lurile, n\u00f5iale v\u00f5i mugule selle LEGO\u00ae Harry Potter\u2122 Koletu koletiste raamatu (76449) abil","robots":{"index":"index","follow":"follow","max-snippet":"max-snippet:-1","max-image-preview":"max-image-preview:large","max-video-preview":"max-video-preview:-1"},"canonical":"https:\/\/playwell.ee\/toode\/lego-harry-potter-76449-koletu-koletiste-raamat\/","og_locale":"en_US","og_type":"article","og_title":"LEGO\u00ae Harry Potter\u2122 76449 - Koletu koletiste raamat - Ehita oma maailm - klots klotsi haaval","og_description":"Kingi Sigat\u00fc\u00fcka\u2122 \u00f5ppetundide maagiat oma noorele v\u00f5lurile, n\u00f5iale v\u00f5i mugule selle LEGO\u00ae Harry Potter\u2122 Koletu koletiste raamatu (76449) abil","og_url":"https:\/\/playwell.ee\/toode\/lego-harry-potter-76449-koletu-koletiste-raamat\/","og_site_name":"Ehita oma maailm - klots klotsi haaval","article_publisher":"https:\/\/www.facebook.com\/profile.php?id=100091128044867","article_modified_time":"2025-06-21T08:54:22+00:00","og_image":[{"width":1765,"height":1800,"url":"https:\/\/playwell.ee\/wp-content\/uploads\/2025\/06\/LEGO_76449_Box1_v29.jpg","type":"image\/jpeg"}],"twitter_card":"summary_large_image","twitter_misc":{"Est. reading time":"2 minutes"},"schema":{"@context":"https:\/\/schema.org","@graph":[{"@type":"WebPage","@id":"https:\/\/playwell.ee\/toode\/lego-harry-potter-76449-koletu-koletiste-raamat\/","url":"https:\/\/playwell.ee\/toode\/lego-harry-potter-76449-koletu-koletiste-raamat\/","name":"LEGO\u00ae Harry Potter\u2122 76449 - Koletu koletiste raamat - Ehita oma maailm - klots klotsi haaval","isPartOf":{"@id":"https:\/\/playwell.ee\/#website"},"primaryImageOfPage":{"@id":"https:\/\/playwell.ee\/toode\/lego-harry-potter-76449-koletu-koletiste-raamat\/#primaryimage"},"image":{"@id":"https:\/\/playwell.ee\/toode\/lego-harry-potter-76449-koletu-koletiste-raamat\/#primaryimage"},"thumbnailUrl":"https:\/\/playwell.ee\/wp-content\/uploads\/2025\/06\/LEGO_76449_Box1_v29.jpg","datePublished":"2025-06-18T17:13:47+00:00","dateModified":"2025-06-21T08:54:22+00:00","description":"Kingi Sigat\u00fc\u00fcka\u2122 \u00f5ppetundide maagiat oma noorele v\u00f5lurile, n\u00f5iale v\u00f5i mugule selle LEGO\u00ae Harry Potter\u2122 Koletu koletiste raamatu (76449) abil","breadcrumb":{"@id":"https:\/\/playwell.ee\/toode\/lego-harry-potter-76449-koletu-koletiste-raamat\/#breadcrumb"},"inLanguage":"en-US","potentialAction":[{"@type":"ReadAction","target":["https:\/\/playwell.ee\/toode\/lego-harry-potter-76449-koletu-koletiste-raamat\/"]}]},{"@type":"ImageObject","inLanguage":"en-US","@id":"https:\/\/playwell.ee\/toode\/lego-harry-potter-76449-koletu-koletiste-raamat\/#primaryimage","url":"https:\/\/playwell.ee\/wp-content\/uploads\/2025\/06\/LEGO_76449_Box1_v29.jpg","contentUrl":"https:\/\/playwell.ee\/wp-content\/uploads\/2025\/06\/LEGO_76449_Box1_v29.jpg","width":1765,"height":1800,"caption":"Koletu koletiste raamat 76449"},{"@type":"BreadcrumbList","@id":"https:\/\/playwell.ee\/toode\/lego-harry-potter-76449-koletu-koletiste-raamat\/#breadcrumb","itemListElement":[{"@type":"ListItem","position":1,"name":"Home","item":"https:\/\/playwell.ee\/en\/"},{"@type":"ListItem","position":2,"name":"All LEGO Products","item":"https:\/\/playwell.ee\/en\/all-products\/"},{"@type":"ListItem","position":3,"name":"LEGO\u00ae Harry Potter\u2122 76449 &#8211; Koletu koletiste raamat"}]},{"@type":"WebSite","@id":"https:\/\/playwell.ee\/#website","url":"https:\/\/playwell.ee\/","name":"Ehita oma maailm - klots klotsi haaval","description":"Playwell | LEGO pood Eestis","publisher":{"@id":"https:\/\/playwell.ee\/#organization"},"potentialAction":[{"@type":"SearchAction","target":{"@type":"EntryPoint","urlTemplate":"https:\/\/playwell.ee\/?s={search_term_string}"},"query-input":{"@type":"PropertyValueSpecification","valueRequired":true,"valueName":"search_term_string"}}],"inLanguage":"en-US"},{"@type":"Organization","@id":"https:\/\/playwell.ee\/#organization","name":"Playwell.ee","url":"https:\/\/playwell.ee\/","logo":{"@type":"ImageObject","inLanguage":"en-US","@id":"https:\/\/playwell.ee\/#\/schema\/logo\/image\/","url":"https:\/\/playwell.ee\/wp-content\/uploads\/2024\/06\/Logo-01-1.png","contentUrl":"https:\/\/playwell.ee\/wp-content\/uploads\/2024\/06\/Logo-01-1.png","width":2980,"height":1009,"caption":"Playwell.ee"},"image":{"@id":"https:\/\/playwell.ee\/#\/schema\/logo\/image\/"},"sameAs":["https:\/\/www.facebook.com\/profile.php?id=100091128044867"]}]}},"_links":{"self":[{"href":"https:\/\/playwell.ee\/en\/wp-json\/wp\/v2\/product\/19260","targetHints":{"allow":["GET"]}}],"collection":[{"href":"https:\/\/playwell.ee\/en\/wp-json\/wp\/v2\/product"}],"about":[{"href":"https:\/\/playwell.ee\/en\/wp-json\/wp\/v2\/types\/product"}],"wp:featuredmedia":[{"embeddable":true,"href":"https:\/\/playwell.ee\/en\/wp-json\/wp\/v2\/media\/19146"}],"wp:attachment":[{"href":"https:\/\/playwell.ee\/en\/wp-json\/wp\/v2\/media?parent=19260"}],"wp:term":[{"taxonomy":"product_brand","embeddable":true,"href":"https:\/\/playwell.ee\/en\/wp-json\/wp\/v2\/product_brand?post=19260"},{"taxonomy":"product_cat","embeddable":true,"href":"https:\/\/playwell.ee\/en\/wp-json\/wp\/v2\/product_cat?post=19260"},{"taxonomy":"product_tag","embeddable":true,"href":"https:\/\/playwell.ee\/en\/wp-json\/wp\/v2\/product_tag?post=19260"}],"curies":[{"name":"wp","href":"https:\/\/api.w.org\/{rel}","templated":true}]}}