{"id":19259,"date":"2025-06-18T19:13:47","date_gmt":"2025-06-18T17:13:47","guid":{"rendered":"https:\/\/playwell.ee\/product\/lego-harry-potter-76451-privet-drive-tadi-marge%ca%bci-kulaskaik\/"},"modified":"2025-12-17T19:17:03","modified_gmt":"2025-12-17T17:17:03","slug":"lego-harry-potter-76451-privet-drive-tadi-marge%ca%bci-kulaskaik","status":"publish","type":"product","link":"https:\/\/playwell.ee\/en\/product\/lego-harry-potter-76451-privet-drive-tadi-marge%ca%bci-kulaskaik\/","title":{"rendered":"LEGO\u00ae Harry Potter\u2122 76451 &#8211; Privet Drive: t\u00e4di Marge\u02bci k\u00fclask\u00e4ik"},"content":{"rendered":"<p>Taaselusta t\u00e4di Marge\u02bci k\u00fclask\u00e4ik Privet Drive&#8217;i majja nr 4 raamatust Harry Potter ja Azkabani vang\u2122 selle LEGO\u00ae Harry Potter\u2122 kogutava m\u00e4ngukomplektiga (76451). Kokkupandav maja on Dursley perekonna kodu detailne koopia koos talveaiaga ja see avaneb h\u00f5lpsaks juurdep\u00e4\u00e4suks interj\u00f6\u00f6rile. K\u00f6\u00f6gis\/s\u00f6\u00f6gitoas on eemaldatav laud, maja tagak\u00fcljel salajane uks, mis viib Harry vanasse magamistuppa trepi all olevas konkus, eemaldatavad trellid Harry \u00fclakorruse magamistoa akna ees, et m\u00e4ngida p\u00f5genemist, ja palju muid autentseid detaile, mis inspireerivad loovm\u00e4ngu.<\/p>\n<p>See maagiline p\u00fchade- v\u00f5i s\u00fcnnip\u00e4evakingitus v\u00e4hemalt 8-aastastele poistele, t\u00fcdrukutele ja f\u00e4nnidele sisaldab viis LEGO Harry Potteri minifiguuri ja koer Rappija figuuri. Selles on ka t\u00e4ispuhutud t\u00e4di Marge\u02bci figuur, et taasluua l\u00f5bus stseen, kus Harry lausub loitsu, et ta t\u00e4is puhuda nagu \u00f5hupall. Lisaks on kaasas k\u00fclghoone koos sildiga \u201ePrivet Drive\u201c ja lambipostiga.<\/p>\n<p>Lummav kokkupandav maja \u2013 taaselusta t\u00e4di Marge\u02bci k\u00fclask\u00e4ik oma venna Vernon Dursley koju aadressil Privet Drive 4 selle LEGO\u00ae Harry Potter\u2122 kogutava m\u00e4ngukomplektiga lastele<br \/>\n5 LEGO\u00ae Harry Potter\u2122 minifiguuri \u2013 Marge Dursley, Vernon Dursley, Petunia Dursley, Dudley Dursley, Harry Potter\u2122, lisaks t\u00e4ispuhutud t\u00e4di Marge\u02bci figuur ja Rappija koerafiguur<br \/>\nIkooniline koht \u2013 majas on talveaed ning see avaneb h\u00f5lpsaks juurdep\u00e4\u00e4suks k\u00f6\u00f6gile ja s\u00f6\u00f6gitoale, kus on eemaldatav s\u00f6\u00f6gilaud, elutuba, Dudley magamistuba ja Harry magamistuba<br \/>\nAutentsed detailid \u2013 salajane uks maja tagak\u00fcljel viib trepi all olevasse konkusse, Harry magamistoa akna ees on eemaldatavad trellid, silt \u201ePrivet Drive\u201c ja lambipost ning palju muud<br \/>\nMaagiline kingitus Harry Potter\u2122 f\u00e4nnidele \u2013 see LEGO\u00ae Harry Potter laste ehitusm\u00e4nguasi on suurep\u00e4rane s\u00fcnnip\u00e4eva- v\u00f5i p\u00fchadekingitus 8-aastastele ja vanematele poistele, t\u00fcdrukutele ja v\u00f5luritele, n\u00f5idadele v\u00f5i mugudele<br \/>\n3D-ehitusjuhised \u2013 leiad intuitiivsed juhised rakendusest LEGO\u00ae Builder, kus ehitajad saavad mudeleid 3D-vaates suumida ja p\u00f6\u00f6rata, oma edenemist j\u00e4lgida ning komplekte salvestada, samal ajal uusi oskusi arendades<br \/>\nLEGO\u00ae Harry Potter\u2122 kogutav ese \u2013 see fantaasiaseikluskomplekt on osa ulatuslikust LEGO Harry Potteri\u2122 ehitusm\u00e4nguasjade kollektsioonist (m\u00fc\u00fcgil eraldi) m\u00e4ngimiseks ja v\u00e4ljapanekuks<br \/>\nM\u00f5\u00f5tmed \u2013 LEGO\u00ae Harry Potter\u2122 maja selles 639-osalises komplektis 16 cm k\u00f5rge, 31 cm lai ja 12 cm s\u00fcgav<\/p>\n","protected":false},"excerpt":{"rendered":"<p><strong>Tasuta tarne alates 120\u20ac * Kogu kaup Eesti laos olemas * Kiire tarne<\/strong><\/p>\n<ul>\n<li>Osasi: 639<\/li>\n<li>Vanus: 8+<\/li>\n<\/ul>\n","protected":false},"featured_media":19174,"template":"","meta":[],"product_brand":[],"product_cat":[149],"product_tag":[189],"class_list":{"0":"post-19259","1":"product","2":"type-product","3":"status-publish","4":"has-post-thumbnail","6":"product_cat-harry-potter-en","7":"product_tag-8-en","8":"new","10":"first","11":"instock","12":"taxable","13":"shipping-taxable","14":"purchasable","15":"product-type-simple","16":"add-to-wishlist-after_add_to_cart"},"yoast_head":"<!-- This site is optimized with the Yoast SEO plugin v27.4 - https:\/\/yoast.com\/product\/yoast-seo-wordpress\/ -->\n<title>LEGO\u00ae Harry Potter\u2122 76451 - Privet Drive: t\u00e4di Marge\u02bci k\u00fclask\u00e4ik - Ehita oma maailm - klots klotsi haaval<\/title>\n<meta name=\"description\" content=\"Taaselusta t\u00e4di Marge\u02bci k\u00fclask\u00e4ik Privet Drive&#039;i majja nr 4 raamatust Harry Potter ja Azkabani vang\u2122 selle LEGO\u00ae Harry Potter\u2122 kogutava m\u00e4ngukomplektiga (76451)\" \/>\n<meta name=\"robots\" content=\"index, follow, max-snippet:-1, max-image-preview:large, max-video-preview:-1\" \/>\n<link rel=\"canonical\" href=\"https:\/\/playwell.ee\/en\/product\/lego-harry-potter-76451-privet-drive-tadi-marge\u02bci-kulaskaik\/\" \/>\n<meta property=\"og:locale\" content=\"en_US\" \/>\n<meta property=\"og:type\" content=\"article\" \/>\n<meta property=\"og:title\" content=\"LEGO\u00ae Harry Potter\u2122 76451 - Privet Drive: t\u00e4di Marge\u02bci k\u00fclask\u00e4ik - Ehita oma maailm - klots klotsi haaval\" \/>\n<meta property=\"og:description\" content=\"Taaselusta t\u00e4di Marge\u02bci k\u00fclask\u00e4ik Privet Drive&#039;i majja nr 4 raamatust Harry Potter ja Azkabani vang\u2122 selle LEGO\u00ae Harry Potter\u2122 kogutava m\u00e4ngukomplektiga (76451)\" \/>\n<meta property=\"og:url\" content=\"https:\/\/playwell.ee\/en\/product\/lego-harry-potter-76451-privet-drive-tadi-marge\u02bci-kulaskaik\/\" \/>\n<meta property=\"og:site_name\" content=\"Ehita oma maailm - klots klotsi haaval\" \/>\n<meta property=\"article:publisher\" content=\"https:\/\/www.facebook.com\/profile.php?id=100091128044867\" \/>\n<meta property=\"article:modified_time\" content=\"2025-12-17T17:17:03+00:00\" \/>\n<meta property=\"og:image\" content=\"https:\/\/playwell.ee\/wp-content\/uploads\/2025\/06\/LEGO_76451_Box1_v29.jpg\" \/>\n\t<meta property=\"og:image:width\" content=\"2250\" \/>\n\t<meta property=\"og:image:height\" content=\"1800\" \/>\n\t<meta property=\"og:image:type\" content=\"image\/jpeg\" \/>\n<meta name=\"twitter:card\" content=\"summary_large_image\" \/>\n<meta name=\"twitter:label1\" content=\"Est. reading time\" \/>\n\t<meta name=\"twitter:data1\" content=\"2 minutes\" \/>\n<script type=\"application\/ld+json\" class=\"yoast-schema-graph\">{\"@context\":\"https:\\\/\\\/schema.org\",\"@graph\":[{\"@type\":\"WebPage\",\"@id\":\"https:\\\/\\\/playwell.ee\\\/en\\\/product\\\/lego-harry-potter-76451-privet-drive-tadi-marge%ca%bci-kulaskaik\\\/\",\"url\":\"https:\\\/\\\/playwell.ee\\\/en\\\/product\\\/lego-harry-potter-76451-privet-drive-tadi-marge%ca%bci-kulaskaik\\\/\",\"name\":\"LEGO\u00ae Harry Potter\u2122 76451 - Privet Drive: t\u00e4di Marge\u02bci k\u00fclask\u00e4ik - Ehita oma maailm - klots klotsi haaval\",\"isPartOf\":{\"@id\":\"https:\\\/\\\/playwell.ee\\\/#website\"},\"primaryImageOfPage\":{\"@id\":\"https:\\\/\\\/playwell.ee\\\/en\\\/product\\\/lego-harry-potter-76451-privet-drive-tadi-marge%ca%bci-kulaskaik\\\/#primaryimage\"},\"image\":{\"@id\":\"https:\\\/\\\/playwell.ee\\\/en\\\/product\\\/lego-harry-potter-76451-privet-drive-tadi-marge%ca%bci-kulaskaik\\\/#primaryimage\"},\"thumbnailUrl\":\"https:\\\/\\\/playwell.ee\\\/wp-content\\\/uploads\\\/2025\\\/06\\\/LEGO_76451_Box1_v29.jpg\",\"datePublished\":\"2025-06-18T17:13:47+00:00\",\"dateModified\":\"2025-12-17T17:17:03+00:00\",\"description\":\"Taaselusta t\u00e4di Marge\u02bci k\u00fclask\u00e4ik Privet Drive'i majja nr 4 raamatust Harry Potter ja Azkabani vang\u2122 selle LEGO\u00ae Harry Potter\u2122 kogutava m\u00e4ngukomplektiga (76451)\",\"breadcrumb\":{\"@id\":\"https:\\\/\\\/playwell.ee\\\/en\\\/product\\\/lego-harry-potter-76451-privet-drive-tadi-marge%ca%bci-kulaskaik\\\/#breadcrumb\"},\"inLanguage\":\"en-US\",\"potentialAction\":[{\"@type\":\"ReadAction\",\"target\":[\"https:\\\/\\\/playwell.ee\\\/en\\\/product\\\/lego-harry-potter-76451-privet-drive-tadi-marge%ca%bci-kulaskaik\\\/\"]}]},{\"@type\":\"ImageObject\",\"inLanguage\":\"en-US\",\"@id\":\"https:\\\/\\\/playwell.ee\\\/en\\\/product\\\/lego-harry-potter-76451-privet-drive-tadi-marge%ca%bci-kulaskaik\\\/#primaryimage\",\"url\":\"https:\\\/\\\/playwell.ee\\\/wp-content\\\/uploads\\\/2025\\\/06\\\/LEGO_76451_Box1_v29.jpg\",\"contentUrl\":\"https:\\\/\\\/playwell.ee\\\/wp-content\\\/uploads\\\/2025\\\/06\\\/LEGO_76451_Box1_v29.jpg\",\"width\":2250,\"height\":1800,\"caption\":\"Privet Drive: t\u00e4di Marge\u02bci k\u00fclask\u00e4ik 76451\"},{\"@type\":\"BreadcrumbList\",\"@id\":\"https:\\\/\\\/playwell.ee\\\/en\\\/product\\\/lego-harry-potter-76451-privet-drive-tadi-marge%ca%bci-kulaskaik\\\/#breadcrumb\",\"itemListElement\":[{\"@type\":\"ListItem\",\"position\":1,\"name\":\"Home\",\"item\":\"https:\\\/\\\/playwell.ee\\\/en\\\/\"},{\"@type\":\"ListItem\",\"position\":2,\"name\":\"All LEGO Products\",\"item\":\"https:\\\/\\\/playwell.ee\\\/en\\\/all-products\\\/\"},{\"@type\":\"ListItem\",\"position\":3,\"name\":\"LEGO\u00ae Harry Potter\u2122 76451 &#8211; Privet Drive: t\u00e4di Marge\u02bci k\u00fclask\u00e4ik\"}]},{\"@type\":\"WebSite\",\"@id\":\"https:\\\/\\\/playwell.ee\\\/#website\",\"url\":\"https:\\\/\\\/playwell.ee\\\/\",\"name\":\"Ehita oma maailm - klots klotsi haaval\",\"description\":\"Playwell | LEGO pood Eestis\",\"publisher\":{\"@id\":\"https:\\\/\\\/playwell.ee\\\/#organization\"},\"potentialAction\":[{\"@type\":\"SearchAction\",\"target\":{\"@type\":\"EntryPoint\",\"urlTemplate\":\"https:\\\/\\\/playwell.ee\\\/?s={search_term_string}\"},\"query-input\":{\"@type\":\"PropertyValueSpecification\",\"valueRequired\":true,\"valueName\":\"search_term_string\"}}],\"inLanguage\":\"en-US\"},{\"@type\":\"Organization\",\"@id\":\"https:\\\/\\\/playwell.ee\\\/#organization\",\"name\":\"Playwell.ee\",\"url\":\"https:\\\/\\\/playwell.ee\\\/\",\"logo\":{\"@type\":\"ImageObject\",\"inLanguage\":\"en-US\",\"@id\":\"https:\\\/\\\/playwell.ee\\\/#\\\/schema\\\/logo\\\/image\\\/\",\"url\":\"https:\\\/\\\/playwell.ee\\\/wp-content\\\/uploads\\\/2024\\\/06\\\/Logo-01-1.png\",\"contentUrl\":\"https:\\\/\\\/playwell.ee\\\/wp-content\\\/uploads\\\/2024\\\/06\\\/Logo-01-1.png\",\"width\":2980,\"height\":1009,\"caption\":\"Playwell.ee\"},\"image\":{\"@id\":\"https:\\\/\\\/playwell.ee\\\/#\\\/schema\\\/logo\\\/image\\\/\"},\"sameAs\":[\"https:\\\/\\\/www.facebook.com\\\/profile.php?id=100091128044867\"]}]}<\/script>\n<!-- \/ Yoast SEO plugin. -->","yoast_head_json":{"title":"LEGO\u00ae Harry Potter\u2122 76451 - Privet Drive: t\u00e4di Marge\u02bci k\u00fclask\u00e4ik - Ehita oma maailm - klots klotsi haaval","description":"Taaselusta t\u00e4di Marge\u02bci k\u00fclask\u00e4ik Privet Drive'i majja nr 4 raamatust Harry Potter ja Azkabani vang\u2122 selle LEGO\u00ae Harry Potter\u2122 kogutava m\u00e4ngukomplektiga (76451)","robots":{"index":"index","follow":"follow","max-snippet":"max-snippet:-1","max-image-preview":"max-image-preview:large","max-video-preview":"max-video-preview:-1"},"canonical":"https:\/\/playwell.ee\/en\/product\/lego-harry-potter-76451-privet-drive-tadi-marge\u02bci-kulaskaik\/","og_locale":"en_US","og_type":"article","og_title":"LEGO\u00ae Harry Potter\u2122 76451 - Privet Drive: t\u00e4di Marge\u02bci k\u00fclask\u00e4ik - Ehita oma maailm - klots klotsi haaval","og_description":"Taaselusta t\u00e4di Marge\u02bci k\u00fclask\u00e4ik Privet Drive'i majja nr 4 raamatust Harry Potter ja Azkabani vang\u2122 selle LEGO\u00ae Harry Potter\u2122 kogutava m\u00e4ngukomplektiga (76451)","og_url":"https:\/\/playwell.ee\/en\/product\/lego-harry-potter-76451-privet-drive-tadi-marge\u02bci-kulaskaik\/","og_site_name":"Ehita oma maailm - klots klotsi haaval","article_publisher":"https:\/\/www.facebook.com\/profile.php?id=100091128044867","article_modified_time":"2025-12-17T17:17:03+00:00","og_image":[{"width":2250,"height":1800,"url":"https:\/\/playwell.ee\/wp-content\/uploads\/2025\/06\/LEGO_76451_Box1_v29.jpg","type":"image\/jpeg"}],"twitter_card":"summary_large_image","twitter_misc":{"Est. reading time":"2 minutes"},"schema":{"@context":"https:\/\/schema.org","@graph":[{"@type":"WebPage","@id":"https:\/\/playwell.ee\/en\/product\/lego-harry-potter-76451-privet-drive-tadi-marge%ca%bci-kulaskaik\/","url":"https:\/\/playwell.ee\/en\/product\/lego-harry-potter-76451-privet-drive-tadi-marge%ca%bci-kulaskaik\/","name":"LEGO\u00ae Harry Potter\u2122 76451 - Privet Drive: t\u00e4di Marge\u02bci k\u00fclask\u00e4ik - Ehita oma maailm - klots klotsi haaval","isPartOf":{"@id":"https:\/\/playwell.ee\/#website"},"primaryImageOfPage":{"@id":"https:\/\/playwell.ee\/en\/product\/lego-harry-potter-76451-privet-drive-tadi-marge%ca%bci-kulaskaik\/#primaryimage"},"image":{"@id":"https:\/\/playwell.ee\/en\/product\/lego-harry-potter-76451-privet-drive-tadi-marge%ca%bci-kulaskaik\/#primaryimage"},"thumbnailUrl":"https:\/\/playwell.ee\/wp-content\/uploads\/2025\/06\/LEGO_76451_Box1_v29.jpg","datePublished":"2025-06-18T17:13:47+00:00","dateModified":"2025-12-17T17:17:03+00:00","description":"Taaselusta t\u00e4di Marge\u02bci k\u00fclask\u00e4ik Privet Drive'i majja nr 4 raamatust Harry Potter ja Azkabani vang\u2122 selle LEGO\u00ae Harry Potter\u2122 kogutava m\u00e4ngukomplektiga (76451)","breadcrumb":{"@id":"https:\/\/playwell.ee\/en\/product\/lego-harry-potter-76451-privet-drive-tadi-marge%ca%bci-kulaskaik\/#breadcrumb"},"inLanguage":"en-US","potentialAction":[{"@type":"ReadAction","target":["https:\/\/playwell.ee\/en\/product\/lego-harry-potter-76451-privet-drive-tadi-marge%ca%bci-kulaskaik\/"]}]},{"@type":"ImageObject","inLanguage":"en-US","@id":"https:\/\/playwell.ee\/en\/product\/lego-harry-potter-76451-privet-drive-tadi-marge%ca%bci-kulaskaik\/#primaryimage","url":"https:\/\/playwell.ee\/wp-content\/uploads\/2025\/06\/LEGO_76451_Box1_v29.jpg","contentUrl":"https:\/\/playwell.ee\/wp-content\/uploads\/2025\/06\/LEGO_76451_Box1_v29.jpg","width":2250,"height":1800,"caption":"Privet Drive: t\u00e4di Marge\u02bci k\u00fclask\u00e4ik 76451"},{"@type":"BreadcrumbList","@id":"https:\/\/playwell.ee\/en\/product\/lego-harry-potter-76451-privet-drive-tadi-marge%ca%bci-kulaskaik\/#breadcrumb","itemListElement":[{"@type":"ListItem","position":1,"name":"Home","item":"https:\/\/playwell.ee\/en\/"},{"@type":"ListItem","position":2,"name":"All LEGO Products","item":"https:\/\/playwell.ee\/en\/all-products\/"},{"@type":"ListItem","position":3,"name":"LEGO\u00ae Harry Potter\u2122 76451 &#8211; Privet Drive: t\u00e4di Marge\u02bci k\u00fclask\u00e4ik"}]},{"@type":"WebSite","@id":"https:\/\/playwell.ee\/#website","url":"https:\/\/playwell.ee\/","name":"Ehita oma maailm - klots klotsi haaval","description":"Playwell | LEGO pood Eestis","publisher":{"@id":"https:\/\/playwell.ee\/#organization"},"potentialAction":[{"@type":"SearchAction","target":{"@type":"EntryPoint","urlTemplate":"https:\/\/playwell.ee\/?s={search_term_string}"},"query-input":{"@type":"PropertyValueSpecification","valueRequired":true,"valueName":"search_term_string"}}],"inLanguage":"en-US"},{"@type":"Organization","@id":"https:\/\/playwell.ee\/#organization","name":"Playwell.ee","url":"https:\/\/playwell.ee\/","logo":{"@type":"ImageObject","inLanguage":"en-US","@id":"https:\/\/playwell.ee\/#\/schema\/logo\/image\/","url":"https:\/\/playwell.ee\/wp-content\/uploads\/2024\/06\/Logo-01-1.png","contentUrl":"https:\/\/playwell.ee\/wp-content\/uploads\/2024\/06\/Logo-01-1.png","width":2980,"height":1009,"caption":"Playwell.ee"},"image":{"@id":"https:\/\/playwell.ee\/#\/schema\/logo\/image\/"},"sameAs":["https:\/\/www.facebook.com\/profile.php?id=100091128044867"]}]}},"_links":{"self":[{"href":"https:\/\/playwell.ee\/en\/wp-json\/wp\/v2\/product\/19259","targetHints":{"allow":["GET"]}}],"collection":[{"href":"https:\/\/playwell.ee\/en\/wp-json\/wp\/v2\/product"}],"about":[{"href":"https:\/\/playwell.ee\/en\/wp-json\/wp\/v2\/types\/product"}],"wp:featuredmedia":[{"embeddable":true,"href":"https:\/\/playwell.ee\/en\/wp-json\/wp\/v2\/media\/19174"}],"wp:attachment":[{"href":"https:\/\/playwell.ee\/en\/wp-json\/wp\/v2\/media?parent=19259"}],"wp:term":[{"taxonomy":"product_brand","embeddable":true,"href":"https:\/\/playwell.ee\/en\/wp-json\/wp\/v2\/product_brand?post=19259"},{"taxonomy":"product_cat","embeddable":true,"href":"https:\/\/playwell.ee\/en\/wp-json\/wp\/v2\/product_cat?post=19259"},{"taxonomy":"product_tag","embeddable":true,"href":"https:\/\/playwell.ee\/en\/wp-json\/wp\/v2\/product_tag?post=19259"}],"curies":[{"name":"wp","href":"https:\/\/api.w.org\/{rel}","templated":true}]}}