{"id":19258,"date":"2025-06-18T19:13:47","date_gmt":"2025-06-18T17:13:47","guid":{"rendered":"https:\/\/playwell.ee\/product\/lego-harry-potter-76452-kvaliteetsed-lendluudpalli-tarvikud-ja-jaatisekiosk\/"},"modified":"2025-06-21T10:54:22","modified_gmt":"2025-06-21T08:54:22","slug":"lego-harry-potter-76452-kvaliteetsed-lendluudpalli-tarvikud-ja-jaatisekiosk","status":"publish","type":"product","link":"https:\/\/playwell.ee\/en\/product\/lego-harry-potter-76452-kvaliteetsed-lendluudpalli-tarvikud-ja-jaatisekiosk\/","title":{"rendered":"LEGO\u00ae Harry Potter\u2122 76452 &#8211; Kvaliteetsed lendluudpalli\u2122 tarvikud ja j\u00e4\u00e4tisekiosk"},"content":{"rendered":"<p>K\u00fclasta selle LEGO\u00ae Harry Potter\u2122 Diagoni p\u00f5ikt\u00e4nav\u2122-a lastele m\u00f5eldud m\u00e4ngukomplektiga (76452) kvaliteetsete lendluudpalli tarvikute poodi ja Florean Fortescue j\u00e4\u00e4tisekioskit, et nautida maagilisi fantaasiaseiklusi. V\u00f5luriteemaline s\u00fcnnip\u00e4eva- v\u00f5i p\u00fchadekingitus 8-aastastele ja vanematele poistele, t\u00fcdrukutele ja k\u00f5igile Harry Potteri f\u00e4nnidele. Komplektis on detailsed LEGO klotsidest mudelid kahest kuulsast Diagoni p\u00f5ikt\u00e4nava poest, lisaks 6 minifiguuri. Lendluudpalli tarvikute poes on heljuva luuavarre funktsioon ja see on t\u00e4is lendluupalli varustust, mis innustab loovm\u00e4ngu. J\u00e4\u00e4tisekiosk avaneb h\u00f5lpsaks m\u00e4ngimiseks ja sellel on istekohad nii sees kui v\u00e4ljas, lisaks retrostiilis j\u00e4\u00e4tislett t\u00e4naval.<\/p>\n<p>Lendluudpalli tarvikute poe ja Florean Fortescue j\u00e4\u00e4tisekioski saab \u00fchendada omavahel ja teiste LEGO Harry Potteri Diagoni p\u00f5ikt\u00e4nava mudelitega (m\u00fc\u00fcakse eraldi), et luua lummav klotsidest ehitatud ostut\u00e4nav.<\/p>\n<p>Ehita koos s\u00f5prade ja perega \u2013 LEGO Builderi rakendus pakub selle komplekti kokkupanemisel l\u00f5busat ja koost\u00f6\u00f6l p\u00f5hinevat kogemust.<\/p>\n<p>Diagoni p\u00f5ikt\u00e4nava poodide m\u00e4ngukomplekt lastele \u2013 taasetenda Harry Potter\u2122 maagilisi stseene LEGO\u00ae klotsidest \u00fcksikasjalike mudelitega lendluudpalli tarvikute poest ja Florean Fortescue j\u00e4\u00e4tisekioskist<br \/>\n6 LEGO\u00ae Harry Potter\u2122 minifiguuri \u2013 selles fantaasiaseikluskomplektis on Florean Fortescue, Katie Bell, Alicia Spinnet, Ron Weasley\u2122, Cho Chang\u2122 ja poem\u00fc\u00fcja<br \/>\nKvaliteetsete lendluudpalli tarvikute pood \u2013 kaupluses on h\u00f5ljuva luuavarre funktsioon ja see on t\u00e4is lendluudpalli varustust, sealhulgas Slytherin\u2122-i vormiriietus, pomma, klomm, kuldne kitu ja trofeed<br \/>\nFlorean Fortescue j\u00e4\u00e4tisekiosk \u2013 hoone avaneb h\u00f5lpsaks m\u00e4ngimiseks ning selle \u00fclemisel korrusel on serveerimisala ja istumisnurk, lisaks v\u00e4ljas paiknev istumisnurk ja j\u00e4\u00e4tiselett<br \/>\nHarry Potter\u2122 kingitus lastele \u2013 see ehituskomplekt on p\u00f5nev s\u00fcnnip\u00e4eva- v\u00f5i p\u00fchadekingitus 8-aastastele ja vanematele poistele, t\u00fcdrukutele ja k\u00f5igile v\u00f5lumaailma f\u00e4nnidele<br \/>\nEhita koos s\u00f5prade ja perega \u2013 LEGO\u00ae Builderi rakendus pakub l\u00f5bu ja koost\u00f6\u00f6kogemust, kus saab jagada LEGO ehitusr\u00f5\u00f5mu<br \/>\nLoo LEGO\u00ae klotsidest ehitatud Diagoni p\u00f5ikt\u00e4nava ostut\u00e4nav \u2013 selle m\u00e4ngukomplekti kahte poodi saab \u00fchendada nii omavahel kui ka teiste LEGO\u00ae Harry Potter\u2122 Diagoni p\u00f5ikt\u00e4nava poodidega, mida m\u00fc\u00fcakse eraldi<br \/>\nM\u00f5\u00f5tmed \u2013 lendluudpalli tarvikute pood selles 795-osalises komplektis 20 cm k\u00f5rge, 13 cm lai ja 5 cm s\u00fcgav<\/p>\n","protected":false},"excerpt":{"rendered":"<p><strong>Tasuta tarne alates 120\u20ac * Kogu kaup Eesti laos olemas * Kiire tarne<\/strong><\/p>\n<ul>\n<li>Osasi: 795<\/li>\n<li>Vanus: 8+<\/li>\n<\/ul>\n","protected":false},"featured_media":19194,"template":"","meta":[],"product_brand":[],"product_cat":[149],"product_tag":[189],"class_list":{"0":"post-19258","1":"product","2":"type-product","3":"status-publish","4":"has-post-thumbnail","6":"product_cat-harry-potter-en","7":"product_tag-8-en","8":"new","10":"first","11":"instock","12":"taxable","13":"shipping-taxable","14":"purchasable","15":"product-type-simple","16":"add-to-wishlist-after_add_to_cart"},"yoast_head":"<!-- This site is optimized with the Yoast SEO plugin v27.4 - https:\/\/yoast.com\/product\/yoast-seo-wordpress\/ -->\n<title>LEGO\u00ae Harry Potter\u2122 76452 - Kvaliteetsed lendluudpalli\u2122 tarvikud ja j\u00e4\u00e4tisekiosk - Ehita oma maailm - klots klotsi haaval<\/title>\n<meta name=\"description\" content=\"K\u00fclasta selle LEGO\u00ae Harry Potter\u2122 Diagoni p\u00f5ikt\u00e4nav\u2122-a lastele m\u00f5eldud m\u00e4ngukomplektiga (76452) kvaliteetsete lendluudpalli tarvikute poodi ja Florean Fortescue j\u00e4\u00e4tisekioskit, et nautida maagilisi fantaasiaseiklusi\" \/>\n<meta name=\"robots\" content=\"index, follow, max-snippet:-1, max-image-preview:large, max-video-preview:-1\" \/>\n<link rel=\"canonical\" href=\"https:\/\/playwell.ee\/toode\/lego-harry-potter-76452-kvaliteetsed-lendluudpalli-tarvikud-ja-jaatisekiosk\/\" \/>\n<meta property=\"og:locale\" content=\"en_US\" \/>\n<meta property=\"og:type\" content=\"article\" \/>\n<meta property=\"og:title\" content=\"LEGO\u00ae Harry Potter\u2122 76452 - Kvaliteetsed lendluudpalli\u2122 tarvikud ja j\u00e4\u00e4tisekiosk - Ehita oma maailm - klots klotsi haaval\" \/>\n<meta property=\"og:description\" content=\"K\u00fclasta selle LEGO\u00ae Harry Potter\u2122 Diagoni p\u00f5ikt\u00e4nav\u2122-a lastele m\u00f5eldud m\u00e4ngukomplektiga (76452) kvaliteetsete lendluudpalli tarvikute poodi ja Florean Fortescue j\u00e4\u00e4tisekioskit, et nautida maagilisi fantaasiaseiklusi\" \/>\n<meta property=\"og:url\" content=\"https:\/\/playwell.ee\/toode\/lego-harry-potter-76452-kvaliteetsed-lendluudpalli-tarvikud-ja-jaatisekiosk\/\" \/>\n<meta property=\"og:site_name\" content=\"Ehita oma maailm - klots klotsi haaval\" \/>\n<meta property=\"article:publisher\" content=\"https:\/\/www.facebook.com\/profile.php?id=100091128044867\" \/>\n<meta property=\"article:modified_time\" content=\"2025-06-21T08:54:22+00:00\" \/>\n<meta property=\"og:image\" content=\"https:\/\/playwell.ee\/wp-content\/uploads\/2025\/06\/LEGO_76452_Box1_v29.jpg\" \/>\n\t<meta property=\"og:image:width\" content=\"2250\" \/>\n\t<meta property=\"og:image:height\" content=\"1800\" \/>\n\t<meta property=\"og:image:type\" content=\"image\/jpeg\" \/>\n<meta name=\"twitter:card\" content=\"summary_large_image\" \/>\n<meta name=\"twitter:label1\" content=\"Est. reading time\" \/>\n\t<meta name=\"twitter:data1\" content=\"2 minutes\" \/>\n<script type=\"application\/ld+json\" class=\"yoast-schema-graph\">{\"@context\":\"https:\\\/\\\/schema.org\",\"@graph\":[{\"@type\":\"WebPage\",\"@id\":\"https:\\\/\\\/playwell.ee\\\/toode\\\/lego-harry-potter-76452-kvaliteetsed-lendluudpalli-tarvikud-ja-jaatisekiosk\\\/\",\"url\":\"https:\\\/\\\/playwell.ee\\\/toode\\\/lego-harry-potter-76452-kvaliteetsed-lendluudpalli-tarvikud-ja-jaatisekiosk\\\/\",\"name\":\"LEGO\u00ae Harry Potter\u2122 76452 - Kvaliteetsed lendluudpalli\u2122 tarvikud ja j\u00e4\u00e4tisekiosk - Ehita oma maailm - klots klotsi haaval\",\"isPartOf\":{\"@id\":\"https:\\\/\\\/playwell.ee\\\/#website\"},\"primaryImageOfPage\":{\"@id\":\"https:\\\/\\\/playwell.ee\\\/toode\\\/lego-harry-potter-76452-kvaliteetsed-lendluudpalli-tarvikud-ja-jaatisekiosk\\\/#primaryimage\"},\"image\":{\"@id\":\"https:\\\/\\\/playwell.ee\\\/toode\\\/lego-harry-potter-76452-kvaliteetsed-lendluudpalli-tarvikud-ja-jaatisekiosk\\\/#primaryimage\"},\"thumbnailUrl\":\"https:\\\/\\\/playwell.ee\\\/wp-content\\\/uploads\\\/2025\\\/06\\\/LEGO_76452_Box1_v29.jpg\",\"datePublished\":\"2025-06-18T17:13:47+00:00\",\"dateModified\":\"2025-06-21T08:54:22+00:00\",\"description\":\"K\u00fclasta selle LEGO\u00ae Harry Potter\u2122 Diagoni p\u00f5ikt\u00e4nav\u2122-a lastele m\u00f5eldud m\u00e4ngukomplektiga (76452) kvaliteetsete lendluudpalli tarvikute poodi ja Florean Fortescue j\u00e4\u00e4tisekioskit, et nautida maagilisi fantaasiaseiklusi\",\"breadcrumb\":{\"@id\":\"https:\\\/\\\/playwell.ee\\\/toode\\\/lego-harry-potter-76452-kvaliteetsed-lendluudpalli-tarvikud-ja-jaatisekiosk\\\/#breadcrumb\"},\"inLanguage\":\"en-US\",\"potentialAction\":[{\"@type\":\"ReadAction\",\"target\":[\"https:\\\/\\\/playwell.ee\\\/toode\\\/lego-harry-potter-76452-kvaliteetsed-lendluudpalli-tarvikud-ja-jaatisekiosk\\\/\"]}]},{\"@type\":\"ImageObject\",\"inLanguage\":\"en-US\",\"@id\":\"https:\\\/\\\/playwell.ee\\\/toode\\\/lego-harry-potter-76452-kvaliteetsed-lendluudpalli-tarvikud-ja-jaatisekiosk\\\/#primaryimage\",\"url\":\"https:\\\/\\\/playwell.ee\\\/wp-content\\\/uploads\\\/2025\\\/06\\\/LEGO_76452_Box1_v29.jpg\",\"contentUrl\":\"https:\\\/\\\/playwell.ee\\\/wp-content\\\/uploads\\\/2025\\\/06\\\/LEGO_76452_Box1_v29.jpg\",\"width\":2250,\"height\":1800,\"caption\":\"Kvaliteetsed lendluudpalli\u2122 tarvikud ja j\u00e4\u00e4tisekiosk 76452\"},{\"@type\":\"BreadcrumbList\",\"@id\":\"https:\\\/\\\/playwell.ee\\\/toode\\\/lego-harry-potter-76452-kvaliteetsed-lendluudpalli-tarvikud-ja-jaatisekiosk\\\/#breadcrumb\",\"itemListElement\":[{\"@type\":\"ListItem\",\"position\":1,\"name\":\"Home\",\"item\":\"https:\\\/\\\/playwell.ee\\\/en\\\/\"},{\"@type\":\"ListItem\",\"position\":2,\"name\":\"All LEGO Products\",\"item\":\"https:\\\/\\\/playwell.ee\\\/en\\\/all-products\\\/\"},{\"@type\":\"ListItem\",\"position\":3,\"name\":\"LEGO\u00ae Harry Potter\u2122 76452 &#8211; Kvaliteetsed lendluudpalli\u2122 tarvikud ja j\u00e4\u00e4tisekiosk\"}]},{\"@type\":\"WebSite\",\"@id\":\"https:\\\/\\\/playwell.ee\\\/#website\",\"url\":\"https:\\\/\\\/playwell.ee\\\/\",\"name\":\"Ehita oma maailm - klots klotsi haaval\",\"description\":\"Playwell | LEGO pood Eestis\",\"publisher\":{\"@id\":\"https:\\\/\\\/playwell.ee\\\/#organization\"},\"potentialAction\":[{\"@type\":\"SearchAction\",\"target\":{\"@type\":\"EntryPoint\",\"urlTemplate\":\"https:\\\/\\\/playwell.ee\\\/?s={search_term_string}\"},\"query-input\":{\"@type\":\"PropertyValueSpecification\",\"valueRequired\":true,\"valueName\":\"search_term_string\"}}],\"inLanguage\":\"en-US\"},{\"@type\":\"Organization\",\"@id\":\"https:\\\/\\\/playwell.ee\\\/#organization\",\"name\":\"Playwell.ee\",\"url\":\"https:\\\/\\\/playwell.ee\\\/\",\"logo\":{\"@type\":\"ImageObject\",\"inLanguage\":\"en-US\",\"@id\":\"https:\\\/\\\/playwell.ee\\\/#\\\/schema\\\/logo\\\/image\\\/\",\"url\":\"https:\\\/\\\/playwell.ee\\\/wp-content\\\/uploads\\\/2024\\\/06\\\/Logo-01-1.png\",\"contentUrl\":\"https:\\\/\\\/playwell.ee\\\/wp-content\\\/uploads\\\/2024\\\/06\\\/Logo-01-1.png\",\"width\":2980,\"height\":1009,\"caption\":\"Playwell.ee\"},\"image\":{\"@id\":\"https:\\\/\\\/playwell.ee\\\/#\\\/schema\\\/logo\\\/image\\\/\"},\"sameAs\":[\"https:\\\/\\\/www.facebook.com\\\/profile.php?id=100091128044867\"]}]}<\/script>\n<!-- \/ Yoast SEO plugin. -->","yoast_head_json":{"title":"LEGO\u00ae Harry Potter\u2122 76452 - Kvaliteetsed lendluudpalli\u2122 tarvikud ja j\u00e4\u00e4tisekiosk - Ehita oma maailm - klots klotsi haaval","description":"K\u00fclasta selle LEGO\u00ae Harry Potter\u2122 Diagoni p\u00f5ikt\u00e4nav\u2122-a lastele m\u00f5eldud m\u00e4ngukomplektiga (76452) kvaliteetsete lendluudpalli tarvikute poodi ja Florean Fortescue j\u00e4\u00e4tisekioskit, et nautida maagilisi fantaasiaseiklusi","robots":{"index":"index","follow":"follow","max-snippet":"max-snippet:-1","max-image-preview":"max-image-preview:large","max-video-preview":"max-video-preview:-1"},"canonical":"https:\/\/playwell.ee\/toode\/lego-harry-potter-76452-kvaliteetsed-lendluudpalli-tarvikud-ja-jaatisekiosk\/","og_locale":"en_US","og_type":"article","og_title":"LEGO\u00ae Harry Potter\u2122 76452 - Kvaliteetsed lendluudpalli\u2122 tarvikud ja j\u00e4\u00e4tisekiosk - Ehita oma maailm - klots klotsi haaval","og_description":"K\u00fclasta selle LEGO\u00ae Harry Potter\u2122 Diagoni p\u00f5ikt\u00e4nav\u2122-a lastele m\u00f5eldud m\u00e4ngukomplektiga (76452) kvaliteetsete lendluudpalli tarvikute poodi ja Florean Fortescue j\u00e4\u00e4tisekioskit, et nautida maagilisi fantaasiaseiklusi","og_url":"https:\/\/playwell.ee\/toode\/lego-harry-potter-76452-kvaliteetsed-lendluudpalli-tarvikud-ja-jaatisekiosk\/","og_site_name":"Ehita oma maailm - klots klotsi haaval","article_publisher":"https:\/\/www.facebook.com\/profile.php?id=100091128044867","article_modified_time":"2025-06-21T08:54:22+00:00","og_image":[{"width":2250,"height":1800,"url":"https:\/\/playwell.ee\/wp-content\/uploads\/2025\/06\/LEGO_76452_Box1_v29.jpg","type":"image\/jpeg"}],"twitter_card":"summary_large_image","twitter_misc":{"Est. reading time":"2 minutes"},"schema":{"@context":"https:\/\/schema.org","@graph":[{"@type":"WebPage","@id":"https:\/\/playwell.ee\/toode\/lego-harry-potter-76452-kvaliteetsed-lendluudpalli-tarvikud-ja-jaatisekiosk\/","url":"https:\/\/playwell.ee\/toode\/lego-harry-potter-76452-kvaliteetsed-lendluudpalli-tarvikud-ja-jaatisekiosk\/","name":"LEGO\u00ae Harry Potter\u2122 76452 - Kvaliteetsed lendluudpalli\u2122 tarvikud ja j\u00e4\u00e4tisekiosk - Ehita oma maailm - klots klotsi haaval","isPartOf":{"@id":"https:\/\/playwell.ee\/#website"},"primaryImageOfPage":{"@id":"https:\/\/playwell.ee\/toode\/lego-harry-potter-76452-kvaliteetsed-lendluudpalli-tarvikud-ja-jaatisekiosk\/#primaryimage"},"image":{"@id":"https:\/\/playwell.ee\/toode\/lego-harry-potter-76452-kvaliteetsed-lendluudpalli-tarvikud-ja-jaatisekiosk\/#primaryimage"},"thumbnailUrl":"https:\/\/playwell.ee\/wp-content\/uploads\/2025\/06\/LEGO_76452_Box1_v29.jpg","datePublished":"2025-06-18T17:13:47+00:00","dateModified":"2025-06-21T08:54:22+00:00","description":"K\u00fclasta selle LEGO\u00ae Harry Potter\u2122 Diagoni p\u00f5ikt\u00e4nav\u2122-a lastele m\u00f5eldud m\u00e4ngukomplektiga (76452) kvaliteetsete lendluudpalli tarvikute poodi ja Florean Fortescue j\u00e4\u00e4tisekioskit, et nautida maagilisi fantaasiaseiklusi","breadcrumb":{"@id":"https:\/\/playwell.ee\/toode\/lego-harry-potter-76452-kvaliteetsed-lendluudpalli-tarvikud-ja-jaatisekiosk\/#breadcrumb"},"inLanguage":"en-US","potentialAction":[{"@type":"ReadAction","target":["https:\/\/playwell.ee\/toode\/lego-harry-potter-76452-kvaliteetsed-lendluudpalli-tarvikud-ja-jaatisekiosk\/"]}]},{"@type":"ImageObject","inLanguage":"en-US","@id":"https:\/\/playwell.ee\/toode\/lego-harry-potter-76452-kvaliteetsed-lendluudpalli-tarvikud-ja-jaatisekiosk\/#primaryimage","url":"https:\/\/playwell.ee\/wp-content\/uploads\/2025\/06\/LEGO_76452_Box1_v29.jpg","contentUrl":"https:\/\/playwell.ee\/wp-content\/uploads\/2025\/06\/LEGO_76452_Box1_v29.jpg","width":2250,"height":1800,"caption":"Kvaliteetsed lendluudpalli\u2122 tarvikud ja j\u00e4\u00e4tisekiosk 76452"},{"@type":"BreadcrumbList","@id":"https:\/\/playwell.ee\/toode\/lego-harry-potter-76452-kvaliteetsed-lendluudpalli-tarvikud-ja-jaatisekiosk\/#breadcrumb","itemListElement":[{"@type":"ListItem","position":1,"name":"Home","item":"https:\/\/playwell.ee\/en\/"},{"@type":"ListItem","position":2,"name":"All LEGO Products","item":"https:\/\/playwell.ee\/en\/all-products\/"},{"@type":"ListItem","position":3,"name":"LEGO\u00ae Harry Potter\u2122 76452 &#8211; Kvaliteetsed lendluudpalli\u2122 tarvikud ja j\u00e4\u00e4tisekiosk"}]},{"@type":"WebSite","@id":"https:\/\/playwell.ee\/#website","url":"https:\/\/playwell.ee\/","name":"Ehita oma maailm - klots klotsi haaval","description":"Playwell | LEGO pood Eestis","publisher":{"@id":"https:\/\/playwell.ee\/#organization"},"potentialAction":[{"@type":"SearchAction","target":{"@type":"EntryPoint","urlTemplate":"https:\/\/playwell.ee\/?s={search_term_string}"},"query-input":{"@type":"PropertyValueSpecification","valueRequired":true,"valueName":"search_term_string"}}],"inLanguage":"en-US"},{"@type":"Organization","@id":"https:\/\/playwell.ee\/#organization","name":"Playwell.ee","url":"https:\/\/playwell.ee\/","logo":{"@type":"ImageObject","inLanguage":"en-US","@id":"https:\/\/playwell.ee\/#\/schema\/logo\/image\/","url":"https:\/\/playwell.ee\/wp-content\/uploads\/2024\/06\/Logo-01-1.png","contentUrl":"https:\/\/playwell.ee\/wp-content\/uploads\/2024\/06\/Logo-01-1.png","width":2980,"height":1009,"caption":"Playwell.ee"},"image":{"@id":"https:\/\/playwell.ee\/#\/schema\/logo\/image\/"},"sameAs":["https:\/\/www.facebook.com\/profile.php?id=100091128044867"]}]}},"_links":{"self":[{"href":"https:\/\/playwell.ee\/en\/wp-json\/wp\/v2\/product\/19258","targetHints":{"allow":["GET"]}}],"collection":[{"href":"https:\/\/playwell.ee\/en\/wp-json\/wp\/v2\/product"}],"about":[{"href":"https:\/\/playwell.ee\/en\/wp-json\/wp\/v2\/types\/product"}],"wp:featuredmedia":[{"embeddable":true,"href":"https:\/\/playwell.ee\/en\/wp-json\/wp\/v2\/media\/19194"}],"wp:attachment":[{"href":"https:\/\/playwell.ee\/en\/wp-json\/wp\/v2\/media?parent=19258"}],"wp:term":[{"taxonomy":"product_brand","embeddable":true,"href":"https:\/\/playwell.ee\/en\/wp-json\/wp\/v2\/product_brand?post=19258"},{"taxonomy":"product_cat","embeddable":true,"href":"https:\/\/playwell.ee\/en\/wp-json\/wp\/v2\/product_cat?post=19258"},{"taxonomy":"product_tag","embeddable":true,"href":"https:\/\/playwell.ee\/en\/wp-json\/wp\/v2\/product_tag?post=19258"}],"curies":[{"name":"wp","href":"https:\/\/api.w.org\/{rel}","templated":true}]}}