{"id":19256,"date":"2025-06-18T19:13:47","date_gmt":"2025-06-18T17:13:47","guid":{"rendered":"https:\/\/playwell.ee\/product\/lego-harry-potter-76450-miniatuur-sigatuuka-ekspress\/"},"modified":"2025-06-21T10:54:22","modified_gmt":"2025-06-21T08:54:22","slug":"lego-harry-potter-76450-miniatuur-sigatuuka-ekspress","status":"publish","type":"product","link":"https:\/\/playwell.ee\/en\/product\/lego-harry-potter-76450-miniatuur-sigatuuka-ekspress\/","title":{"rendered":"LEGO\u00ae Harry Potter\u2122 76450 &#8211; Miniatuur: Sigat\u00fc\u00fcka ekspress"},"content":{"rendered":"<p>Too v\u00f5luj\u00f5ud laste raamaturiiulitele k\u00f5igi aegade esimese LEGO\u00ae Harry Potter\u2122 raamatutoega (76450), mis sisaldab Sigat\u00fc\u00fcka\u2122 ekspressi kokkupandavat osa \u2013 loominguline viis lummava raamatuv\u00e4ljapaneku loomiseks. See maagiline m\u00e4nguasi v\u00f5imaldab lastel taasetendada kuulsaid stseene King&#8217;s Crossi platvormil 9 3\/4 koos Harry Potteri ja Ron Weasley\u2122 minifiguuride ning LEGO figuuridega, mis kujutavad lemmikloomi Hedwig\u2122-it ja Scabbers\u2122-it. Rongimudel sisaldab \u00fcksikasjalikku vedurit ja vagunit, millel on k\u00fclgmised avad minifiguuride ligip\u00e4\u00e4suks, ning vaguni \u00fches otsas on peeglid, et luua illusioon pikemast rongist.<\/p>\n<p>See l\u00f5bus kogutav rongim\u00e4nguasi on v\u00f5lurikingitus v\u00e4hemalt 10-aastastele poistele, t\u00fcdrukutele ja k\u00f5igile Harry Potteri f\u00e4nnidele ning on m\u00f5eldud kohandatavaks v\u00e4ljapanekuks. Ava mudel platvormil h\u00f5lpsaks m\u00e4ngimiseks; sulge mudel, et see mahuks kenasti raamatute vahele, v\u00f5i lahuta veduri- ja vaguniosad raamatutoe loomiseks. \u00dcksk\u00f5ik, kuidas su noor v\u00f5lur, n\u00f5id v\u00f5i mugu otsustab seda esitleda, loob see Harry Potteri mudel maagilise sisekujunduse.<\/p>\n<p>Maagiline m\u00e4nguasi lummava raamatuv\u00e4ljapaneku loomiseks \u2013 esitle raamatuid v\u00f5luval viisil k\u00f5igi aegade esimese LEGO\u00ae Harry Potter\u2122 raamatutoega, mis sisaldab kokkupandavat Sigat\u00fc\u00fcka ekspressi vedurit ja vagunit<br \/>\n4 Harry Potter\u2122 tegelaskuju \u2013 komplektis on Harry Potteri ja Ron Weasley\u2122 minifiguurid, lisaks Hedwig\u2122-i ja Scabbers\u2122-i figuurid, mida saab paigutada rongi<br \/>\nL\u00f5bus Harry Potter\u2122 kogumisobjekt \u2013 ehita osa Sigat\u00fc\u00fcka\u2122 ekspressist ja ikoonilisest platvormist 9 3\/4 King&#8217;s Crossi jaamas, kusHarry, Ron ja nende lemmikloomad on pardale minekuks valmis<br \/>\nKohandatav esitlus \u2013 ava mudel platvormil h\u00f5lpsaks m\u00e4ngimiseks (kasutades rongi sisemusse p\u00e4\u00e4semiseks k\u00fclgmisi avasid); sulge mudel, et see mahuks kenasti raamatute vahele, ja jaga see osadeks raamatutoe loomiseks<br \/>\nV\u00f5lurikingitus Harry Potter\u2122 f\u00e4nnidele \u2013 see laste ehitusm\u00e4nguasi on maagiline kingitus 10-aastastele ja vanematele v\u00f5luritele, n\u00f5idadele v\u00f5i mugudele<br \/>\nIntuitiivsed juhised \u2013 rakendus LEGO\u00ae Builder juhendab su last intuitiivsel ehitusseiklusel t\u00f6\u00f6riistade abil, mis v\u00f5imaldavad neil mudeleid 3D-vaates suumida ja p\u00f6\u00f6rata, komplekte salvestada ja oma edenemist j\u00e4lgida<br \/>\nTutvu tootevalikuga \u2013 see kvaliteetne komplekt on osa LEGO\u00ae Harry Potter\u2122 m\u00e4nguasjade kollektsioonist,mis v\u00f5imaldab f\u00e4nnidel etendada kuulsaid stseene, luua oma lummavaid lugusid v\u00f5i lihtsalt mudeleid esitlemiseks v\u00e4lja panna<br \/>\nEhita, esitle ja m\u00e4ngi \u2013 selle 832-osalise kokkupandava Harry Potter\u2122 kodusisustuseseme k\u00f5rgus on avatuna 17 cm, laius 38 cm ja s\u00fcgavus 7 cm<\/p>\n","protected":false},"excerpt":{"rendered":"<p><strong>Tasuta tarne alates 120\u20ac * Kogu kaup Eesti laos olemas * Kiire tarne<\/strong><\/p>\n<ul>\n<li>Osasi: 832<\/li>\n<li>Vanus: 9+<\/li>\n<\/ul>\n","protected":false},"featured_media":19162,"template":"","meta":[],"product_brand":[],"product_cat":[149],"product_tag":[171],"class_list":{"0":"post-19256","1":"product","2":"type-product","3":"status-publish","4":"has-post-thumbnail","6":"product_cat-harry-potter-en","7":"product_tag-9-en","8":"new","10":"first","11":"instock","12":"taxable","13":"shipping-taxable","14":"purchasable","15":"product-type-simple","16":"add-to-wishlist-after_add_to_cart"},"yoast_head":"<!-- This site is optimized with the Yoast SEO plugin v27.4 - https:\/\/yoast.com\/product\/yoast-seo-wordpress\/ -->\n<title>LEGO\u00ae Harry Potter\u2122 76450 - Miniatuur: Sigat\u00fc\u00fcka ekspress - Ehita oma maailm - klots klotsi haaval<\/title>\n<meta name=\"description\" content=\"Too v\u00f5luj\u00f5ud laste raamaturiiulitele k\u00f5igi aegade esimese LEGO\u00ae Harry Potter\u2122 raamatutoega (76450), mis sisaldab Sigat\u00fc\u00fcka\u2122 ekspressi kokkupandavat osa \u2013 loominguline viis lummava raamatuv\u00e4ljapaneku loomiseks\" \/>\n<meta name=\"robots\" content=\"index, follow, max-snippet:-1, max-image-preview:large, max-video-preview:-1\" \/>\n<link rel=\"canonical\" href=\"https:\/\/playwell.ee\/toode\/lego-harry-potter-76450-miniatuur-sigatuuka-ekspress\/\" \/>\n<meta property=\"og:locale\" content=\"en_US\" \/>\n<meta property=\"og:type\" content=\"article\" \/>\n<meta property=\"og:title\" content=\"LEGO\u00ae Harry Potter\u2122 76450 - Miniatuur: Sigat\u00fc\u00fcka ekspress - Ehita oma maailm - klots klotsi haaval\" \/>\n<meta property=\"og:description\" content=\"Too v\u00f5luj\u00f5ud laste raamaturiiulitele k\u00f5igi aegade esimese LEGO\u00ae Harry Potter\u2122 raamatutoega (76450), mis sisaldab Sigat\u00fc\u00fcka\u2122 ekspressi kokkupandavat osa \u2013 loominguline viis lummava raamatuv\u00e4ljapaneku loomiseks\" \/>\n<meta property=\"og:url\" content=\"https:\/\/playwell.ee\/toode\/lego-harry-potter-76450-miniatuur-sigatuuka-ekspress\/\" \/>\n<meta property=\"og:site_name\" content=\"Ehita oma maailm - klots klotsi haaval\" \/>\n<meta property=\"article:publisher\" content=\"https:\/\/www.facebook.com\/profile.php?id=100091128044867\" \/>\n<meta property=\"article:modified_time\" content=\"2025-06-21T08:54:22+00:00\" \/>\n<meta property=\"og:image\" content=\"https:\/\/playwell.ee\/wp-content\/uploads\/2025\/06\/LEGO_76450_Box1_v29.jpg\" \/>\n\t<meta property=\"og:image:width\" content=\"2400\" \/>\n\t<meta property=\"og:image:height\" content=\"1762\" \/>\n\t<meta property=\"og:image:type\" content=\"image\/jpeg\" \/>\n<meta name=\"twitter:card\" content=\"summary_large_image\" \/>\n<meta name=\"twitter:label1\" content=\"Est. reading time\" \/>\n\t<meta name=\"twitter:data1\" content=\"2 minutes\" \/>\n<script type=\"application\/ld+json\" class=\"yoast-schema-graph\">{\"@context\":\"https:\\\/\\\/schema.org\",\"@graph\":[{\"@type\":\"WebPage\",\"@id\":\"https:\\\/\\\/playwell.ee\\\/toode\\\/lego-harry-potter-76450-miniatuur-sigatuuka-ekspress\\\/\",\"url\":\"https:\\\/\\\/playwell.ee\\\/toode\\\/lego-harry-potter-76450-miniatuur-sigatuuka-ekspress\\\/\",\"name\":\"LEGO\u00ae Harry Potter\u2122 76450 - Miniatuur: Sigat\u00fc\u00fcka ekspress - Ehita oma maailm - klots klotsi haaval\",\"isPartOf\":{\"@id\":\"https:\\\/\\\/playwell.ee\\\/#website\"},\"primaryImageOfPage\":{\"@id\":\"https:\\\/\\\/playwell.ee\\\/toode\\\/lego-harry-potter-76450-miniatuur-sigatuuka-ekspress\\\/#primaryimage\"},\"image\":{\"@id\":\"https:\\\/\\\/playwell.ee\\\/toode\\\/lego-harry-potter-76450-miniatuur-sigatuuka-ekspress\\\/#primaryimage\"},\"thumbnailUrl\":\"https:\\\/\\\/playwell.ee\\\/wp-content\\\/uploads\\\/2025\\\/06\\\/LEGO_76450_Box1_v29.jpg\",\"datePublished\":\"2025-06-18T17:13:47+00:00\",\"dateModified\":\"2025-06-21T08:54:22+00:00\",\"description\":\"Too v\u00f5luj\u00f5ud laste raamaturiiulitele k\u00f5igi aegade esimese LEGO\u00ae Harry Potter\u2122 raamatutoega (76450), mis sisaldab Sigat\u00fc\u00fcka\u2122 ekspressi kokkupandavat osa \u2013 loominguline viis lummava raamatuv\u00e4ljapaneku loomiseks\",\"breadcrumb\":{\"@id\":\"https:\\\/\\\/playwell.ee\\\/toode\\\/lego-harry-potter-76450-miniatuur-sigatuuka-ekspress\\\/#breadcrumb\"},\"inLanguage\":\"en-US\",\"potentialAction\":[{\"@type\":\"ReadAction\",\"target\":[\"https:\\\/\\\/playwell.ee\\\/toode\\\/lego-harry-potter-76450-miniatuur-sigatuuka-ekspress\\\/\"]}]},{\"@type\":\"ImageObject\",\"inLanguage\":\"en-US\",\"@id\":\"https:\\\/\\\/playwell.ee\\\/toode\\\/lego-harry-potter-76450-miniatuur-sigatuuka-ekspress\\\/#primaryimage\",\"url\":\"https:\\\/\\\/playwell.ee\\\/wp-content\\\/uploads\\\/2025\\\/06\\\/LEGO_76450_Box1_v29.jpg\",\"contentUrl\":\"https:\\\/\\\/playwell.ee\\\/wp-content\\\/uploads\\\/2025\\\/06\\\/LEGO_76450_Box1_v29.jpg\",\"width\":2400,\"height\":1762,\"caption\":\"Miniatuur: Sigat\u00fc\u00fcka ekspress 76450\"},{\"@type\":\"BreadcrumbList\",\"@id\":\"https:\\\/\\\/playwell.ee\\\/toode\\\/lego-harry-potter-76450-miniatuur-sigatuuka-ekspress\\\/#breadcrumb\",\"itemListElement\":[{\"@type\":\"ListItem\",\"position\":1,\"name\":\"Home\",\"item\":\"https:\\\/\\\/playwell.ee\\\/en\\\/\"},{\"@type\":\"ListItem\",\"position\":2,\"name\":\"All LEGO Products\",\"item\":\"https:\\\/\\\/playwell.ee\\\/en\\\/all-products\\\/\"},{\"@type\":\"ListItem\",\"position\":3,\"name\":\"LEGO\u00ae Harry Potter\u2122 76450 &#8211; Miniatuur: Sigat\u00fc\u00fcka ekspress\"}]},{\"@type\":\"WebSite\",\"@id\":\"https:\\\/\\\/playwell.ee\\\/#website\",\"url\":\"https:\\\/\\\/playwell.ee\\\/\",\"name\":\"Ehita oma maailm - klots klotsi haaval\",\"description\":\"Playwell | LEGO pood Eestis\",\"publisher\":{\"@id\":\"https:\\\/\\\/playwell.ee\\\/#organization\"},\"potentialAction\":[{\"@type\":\"SearchAction\",\"target\":{\"@type\":\"EntryPoint\",\"urlTemplate\":\"https:\\\/\\\/playwell.ee\\\/?s={search_term_string}\"},\"query-input\":{\"@type\":\"PropertyValueSpecification\",\"valueRequired\":true,\"valueName\":\"search_term_string\"}}],\"inLanguage\":\"en-US\"},{\"@type\":\"Organization\",\"@id\":\"https:\\\/\\\/playwell.ee\\\/#organization\",\"name\":\"Playwell.ee\",\"url\":\"https:\\\/\\\/playwell.ee\\\/\",\"logo\":{\"@type\":\"ImageObject\",\"inLanguage\":\"en-US\",\"@id\":\"https:\\\/\\\/playwell.ee\\\/#\\\/schema\\\/logo\\\/image\\\/\",\"url\":\"https:\\\/\\\/playwell.ee\\\/wp-content\\\/uploads\\\/2024\\\/06\\\/Logo-01-1.png\",\"contentUrl\":\"https:\\\/\\\/playwell.ee\\\/wp-content\\\/uploads\\\/2024\\\/06\\\/Logo-01-1.png\",\"width\":2980,\"height\":1009,\"caption\":\"Playwell.ee\"},\"image\":{\"@id\":\"https:\\\/\\\/playwell.ee\\\/#\\\/schema\\\/logo\\\/image\\\/\"},\"sameAs\":[\"https:\\\/\\\/www.facebook.com\\\/profile.php?id=100091128044867\"]}]}<\/script>\n<!-- \/ Yoast SEO plugin. -->","yoast_head_json":{"title":"LEGO\u00ae Harry Potter\u2122 76450 - Miniatuur: Sigat\u00fc\u00fcka ekspress - Ehita oma maailm - klots klotsi haaval","description":"Too v\u00f5luj\u00f5ud laste raamaturiiulitele k\u00f5igi aegade esimese LEGO\u00ae Harry Potter\u2122 raamatutoega (76450), mis sisaldab Sigat\u00fc\u00fcka\u2122 ekspressi kokkupandavat osa \u2013 loominguline viis lummava raamatuv\u00e4ljapaneku loomiseks","robots":{"index":"index","follow":"follow","max-snippet":"max-snippet:-1","max-image-preview":"max-image-preview:large","max-video-preview":"max-video-preview:-1"},"canonical":"https:\/\/playwell.ee\/toode\/lego-harry-potter-76450-miniatuur-sigatuuka-ekspress\/","og_locale":"en_US","og_type":"article","og_title":"LEGO\u00ae Harry Potter\u2122 76450 - Miniatuur: Sigat\u00fc\u00fcka ekspress - Ehita oma maailm - klots klotsi haaval","og_description":"Too v\u00f5luj\u00f5ud laste raamaturiiulitele k\u00f5igi aegade esimese LEGO\u00ae Harry Potter\u2122 raamatutoega (76450), mis sisaldab Sigat\u00fc\u00fcka\u2122 ekspressi kokkupandavat osa \u2013 loominguline viis lummava raamatuv\u00e4ljapaneku loomiseks","og_url":"https:\/\/playwell.ee\/toode\/lego-harry-potter-76450-miniatuur-sigatuuka-ekspress\/","og_site_name":"Ehita oma maailm - klots klotsi haaval","article_publisher":"https:\/\/www.facebook.com\/profile.php?id=100091128044867","article_modified_time":"2025-06-21T08:54:22+00:00","og_image":[{"width":2400,"height":1762,"url":"https:\/\/playwell.ee\/wp-content\/uploads\/2025\/06\/LEGO_76450_Box1_v29.jpg","type":"image\/jpeg"}],"twitter_card":"summary_large_image","twitter_misc":{"Est. reading time":"2 minutes"},"schema":{"@context":"https:\/\/schema.org","@graph":[{"@type":"WebPage","@id":"https:\/\/playwell.ee\/toode\/lego-harry-potter-76450-miniatuur-sigatuuka-ekspress\/","url":"https:\/\/playwell.ee\/toode\/lego-harry-potter-76450-miniatuur-sigatuuka-ekspress\/","name":"LEGO\u00ae Harry Potter\u2122 76450 - Miniatuur: Sigat\u00fc\u00fcka ekspress - Ehita oma maailm - klots klotsi haaval","isPartOf":{"@id":"https:\/\/playwell.ee\/#website"},"primaryImageOfPage":{"@id":"https:\/\/playwell.ee\/toode\/lego-harry-potter-76450-miniatuur-sigatuuka-ekspress\/#primaryimage"},"image":{"@id":"https:\/\/playwell.ee\/toode\/lego-harry-potter-76450-miniatuur-sigatuuka-ekspress\/#primaryimage"},"thumbnailUrl":"https:\/\/playwell.ee\/wp-content\/uploads\/2025\/06\/LEGO_76450_Box1_v29.jpg","datePublished":"2025-06-18T17:13:47+00:00","dateModified":"2025-06-21T08:54:22+00:00","description":"Too v\u00f5luj\u00f5ud laste raamaturiiulitele k\u00f5igi aegade esimese LEGO\u00ae Harry Potter\u2122 raamatutoega (76450), mis sisaldab Sigat\u00fc\u00fcka\u2122 ekspressi kokkupandavat osa \u2013 loominguline viis lummava raamatuv\u00e4ljapaneku loomiseks","breadcrumb":{"@id":"https:\/\/playwell.ee\/toode\/lego-harry-potter-76450-miniatuur-sigatuuka-ekspress\/#breadcrumb"},"inLanguage":"en-US","potentialAction":[{"@type":"ReadAction","target":["https:\/\/playwell.ee\/toode\/lego-harry-potter-76450-miniatuur-sigatuuka-ekspress\/"]}]},{"@type":"ImageObject","inLanguage":"en-US","@id":"https:\/\/playwell.ee\/toode\/lego-harry-potter-76450-miniatuur-sigatuuka-ekspress\/#primaryimage","url":"https:\/\/playwell.ee\/wp-content\/uploads\/2025\/06\/LEGO_76450_Box1_v29.jpg","contentUrl":"https:\/\/playwell.ee\/wp-content\/uploads\/2025\/06\/LEGO_76450_Box1_v29.jpg","width":2400,"height":1762,"caption":"Miniatuur: Sigat\u00fc\u00fcka ekspress 76450"},{"@type":"BreadcrumbList","@id":"https:\/\/playwell.ee\/toode\/lego-harry-potter-76450-miniatuur-sigatuuka-ekspress\/#breadcrumb","itemListElement":[{"@type":"ListItem","position":1,"name":"Home","item":"https:\/\/playwell.ee\/en\/"},{"@type":"ListItem","position":2,"name":"All LEGO Products","item":"https:\/\/playwell.ee\/en\/all-products\/"},{"@type":"ListItem","position":3,"name":"LEGO\u00ae Harry Potter\u2122 76450 &#8211; Miniatuur: Sigat\u00fc\u00fcka ekspress"}]},{"@type":"WebSite","@id":"https:\/\/playwell.ee\/#website","url":"https:\/\/playwell.ee\/","name":"Ehita oma maailm - klots klotsi haaval","description":"Playwell | LEGO pood Eestis","publisher":{"@id":"https:\/\/playwell.ee\/#organization"},"potentialAction":[{"@type":"SearchAction","target":{"@type":"EntryPoint","urlTemplate":"https:\/\/playwell.ee\/?s={search_term_string}"},"query-input":{"@type":"PropertyValueSpecification","valueRequired":true,"valueName":"search_term_string"}}],"inLanguage":"en-US"},{"@type":"Organization","@id":"https:\/\/playwell.ee\/#organization","name":"Playwell.ee","url":"https:\/\/playwell.ee\/","logo":{"@type":"ImageObject","inLanguage":"en-US","@id":"https:\/\/playwell.ee\/#\/schema\/logo\/image\/","url":"https:\/\/playwell.ee\/wp-content\/uploads\/2024\/06\/Logo-01-1.png","contentUrl":"https:\/\/playwell.ee\/wp-content\/uploads\/2024\/06\/Logo-01-1.png","width":2980,"height":1009,"caption":"Playwell.ee"},"image":{"@id":"https:\/\/playwell.ee\/#\/schema\/logo\/image\/"},"sameAs":["https:\/\/www.facebook.com\/profile.php?id=100091128044867"]}]}},"_links":{"self":[{"href":"https:\/\/playwell.ee\/en\/wp-json\/wp\/v2\/product\/19256","targetHints":{"allow":["GET"]}}],"collection":[{"href":"https:\/\/playwell.ee\/en\/wp-json\/wp\/v2\/product"}],"about":[{"href":"https:\/\/playwell.ee\/en\/wp-json\/wp\/v2\/types\/product"}],"wp:featuredmedia":[{"embeddable":true,"href":"https:\/\/playwell.ee\/en\/wp-json\/wp\/v2\/media\/19162"}],"wp:attachment":[{"href":"https:\/\/playwell.ee\/en\/wp-json\/wp\/v2\/media?parent=19256"}],"wp:term":[{"taxonomy":"product_brand","embeddable":true,"href":"https:\/\/playwell.ee\/en\/wp-json\/wp\/v2\/product_brand?post=19256"},{"taxonomy":"product_cat","embeddable":true,"href":"https:\/\/playwell.ee\/en\/wp-json\/wp\/v2\/product_cat?post=19256"},{"taxonomy":"product_tag","embeddable":true,"href":"https:\/\/playwell.ee\/en\/wp-json\/wp\/v2\/product_tag?post=19256"}],"curies":[{"name":"wp","href":"https:\/\/api.w.org\/{rel}","templated":true}]}}