{"id":19254,"date":"2025-06-18T19:13:47","date_gmt":"2025-06-18T17:13:47","guid":{"rendered":"https:\/\/playwell.ee\/product\/lego-harry-potter-76445-sigatuuka-loss-herboloogiatund\/"},"modified":"2025-08-04T16:20:34","modified_gmt":"2025-08-04T14:20:34","slug":"lego-harry-potter-76445-sigatuuka-loss-herboloogiatund","status":"publish","type":"product","link":"https:\/\/playwell.ee\/en\/product\/lego-harry-potter-76445-sigatuuka-loss-herboloogiatund\/","title":{"rendered":"LEGO\u00ae Harry Potter\u2122 76445 &#8211; Sigat\u00fc\u00fcka\u2122 loss: herboloogiatund"},"content":{"rendered":"<p>Taasloo Sigat\u00fc\u00fcka\u2122 lossis maagilisi herboloogiatunde selle lastele m\u00f5eldud LEGO\u00ae Harry Potter\u2122 klassiruumi m\u00e4ngukomplektiga (76445). V\u00f5luriteemaline s\u00fcnnip\u00e4evakingitus t\u00fcdrukutele, poistele ja k\u00f5igile 8-aastastele ja vanematele f\u00e4nnidele sisaldab kokkupandavat kasvuhoonet\/klassiruumi, mis avaneb h\u00f5lpsaks m\u00e4ngimiseks, ja kahte eemaldatavat lauda. Leiad kasvuhoonest palju maagilisi taimi, sealhulgas spetsiaalselt selle komplekti jaoks loodud kolm LEGO Harry Potteri n\u00f5iajuure m\u00e4ngutaime, mida saabpotist v\u00e4lja t\u00f5sta ja mida minifiguurid k\u00e4es hoiavad. Samuti on olemas erinevad aiatarvikud taimede eest hoolitsemiseks.<\/p>\n<p>Komplektis on 3 LEGO Harry Potteri minifiguuri \u2013 Neville Longbottom\u2122, Hermione Granger\u2122 ja professor Sprout \u2013 ning k\u00e4rnkonnafiguur Trevor, et taaselustada meeldej\u00e4\u00e4vaid stseene ja luua ise lummavaid lugusid.<\/p>\n<p>See maagiline fantaasiam\u00e4ngukomplekt kuulub LEGO Harry Potteri moodulm\u00e4nguasjade kollektsiooni (m\u00fc\u00fcgil eraldi), et luua k\u00f5igi aegade k\u00f5ige \u00fcksikasjalikum LEGO klotsidest ehitatud Sigat\u00fc\u00fcka lossi stseen.<\/p>\n<p>LEGO\u00ae Harry Potter\u2122 klassiruumi m\u00e4ngukomplekt lastele \u2013 lase noortel v\u00f5luritel, n\u00f5idadel ja mugudel m\u00e4ngida rollim\u00e4nge, kui \u00f5pilased harjutavad Sigat\u00fc\u00fcka\u2122 lossi herboloogiatunnis maagiliste taimede kasvatamist<br \/>\n3 LEGO\u00ae Harry Potteri\u2122 minifiguuri\u2013 Neville Longbottomi\u2122, Hermione Grangeri\u2122 ja professor Sprouti minifiguurid koos kahe komplekti k\u00f5rvaklapitarvikutega, lisaks k\u00e4rnkonn Trevori figuur<br \/>\nSigat\u00fc\u00fcka\u2122 m\u00e4ngukomplekt \u2013 kokkupandav kasvuhoone avaneb h\u00f5lpsaks m\u00e4ngimiseks ja sellel on kaks eemaldatavat maagiliste taimedega kaetud lauda, l\u00e4bi \u201ekatkise\u201c akna tr\u00fcgiv puu ja aiandustarvikud<br \/>\n3 LEGO\u00ae Harry Potter\u2122 n\u00f5iajuure m\u00e4ngutaime \u2013 n\u00f5iajuure taime- ja potielemendid on loodud spetsiaalselt selle komplekti jaoks ning minifiguurid saavad n\u00f5iajuuri lehtedest hoida<br \/>\nV\u00f5lurikingitus 8-aastastele ja vanematele t\u00fcdrukutele, poistele ja k\u00f5igile f\u00e4nnidele \u2013 see LEGO\u00ae Harry Potter\u2122 klassiruumikomplekt on l\u00f5bus s\u00fcnnip\u00e4evakink lastele<br \/>\nIntuitiivsed juhised \u2013 rakendus LEGO\u00ae Builder annab lastele interaktiivsed t\u00f6\u00f6riistad, mis v\u00f5imaldavad neil mudeleid 3D-vormingus suumida ja p\u00f6\u00f6rata, LEGO Harry Potter\u2122 komplekte salvestada ning nende edenemist j\u00e4lgida<br \/>\nLEGO\u00ae Harry Potter\u2122 kogutav m\u00e4nguasi \u2013 see maagiline komplekt on osa moodulkomplektide kollektsioonist (m\u00fc\u00fcgil eraldi), et luua k\u00f5igi aegade \u00fcksikasjalikum LEGO klotsidest Sigat\u00fc\u00fcka lossi stseen<br \/>\nM\u00f5\u00f5tmed \u2013 390-osalisse ehituskomplekti kuuluv kasvuhoone on 12 cm k\u00f5rge, 13 cm lai ja 13 cm s\u00fcgav<\/p>\n","protected":false},"excerpt":{"rendered":"<p><strong>Tasuta tarne alates 120\u20ac * Kogu kaup Eesti laos olemas * Kiire tarne<\/strong><\/p>\n<ul>\n<li>Osasi: 390<\/li>\n<li>Vanus: 8+<\/li>\n<\/ul>\n","protected":false},"featured_media":19124,"template":"","meta":[],"product_brand":[],"product_cat":[149],"product_tag":[189],"class_list":{"0":"post-19254","1":"product","2":"type-product","3":"status-publish","4":"has-post-thumbnail","6":"product_cat-harry-potter-en","7":"product_tag-8-en","8":"new","10":"first","11":"instock","12":"taxable","13":"shipping-taxable","14":"purchasable","15":"product-type-simple","16":"add-to-wishlist-after_add_to_cart"},"yoast_head":"<!-- This site is optimized with the Yoast SEO plugin v27.4 - https:\/\/yoast.com\/product\/yoast-seo-wordpress\/ -->\n<title>LEGO\u00ae Harry Potter\u2122 76445 - Sigat\u00fc\u00fcka\u2122 loss: herboloogiatund - Ehita oma maailm - klots klotsi haaval<\/title>\n<meta name=\"description\" content=\"Taasloo Sigat\u00fc\u00fcka\u2122 lossis maagilisi herboloogiatunde selle lastele m\u00f5eldud LEGO\u00ae Harry Potter\u2122 klassiruumi m\u00e4ngukomplektiga (76445)\" \/>\n<meta name=\"robots\" content=\"index, follow, max-snippet:-1, max-image-preview:large, max-video-preview:-1\" \/>\n<link rel=\"canonical\" href=\"https:\/\/playwell.ee\/toode\/lego-harry-potter-76445-sigatuuka-loss-herboloogiatund\/\" \/>\n<meta property=\"og:locale\" content=\"en_US\" \/>\n<meta property=\"og:type\" content=\"article\" \/>\n<meta property=\"og:title\" content=\"LEGO\u00ae Harry Potter\u2122 76445 - Sigat\u00fc\u00fcka\u2122 loss: herboloogiatund - Ehita oma maailm - klots klotsi haaval\" \/>\n<meta property=\"og:description\" content=\"Taasloo Sigat\u00fc\u00fcka\u2122 lossis maagilisi herboloogiatunde selle lastele m\u00f5eldud LEGO\u00ae Harry Potter\u2122 klassiruumi m\u00e4ngukomplektiga (76445)\" \/>\n<meta property=\"og:url\" content=\"https:\/\/playwell.ee\/toode\/lego-harry-potter-76445-sigatuuka-loss-herboloogiatund\/\" \/>\n<meta property=\"og:site_name\" content=\"Ehita oma maailm - klots klotsi haaval\" \/>\n<meta property=\"article:publisher\" content=\"https:\/\/www.facebook.com\/profile.php?id=100091128044867\" \/>\n<meta property=\"article:modified_time\" content=\"2025-08-04T14:20:34+00:00\" \/>\n<meta property=\"og:image\" content=\"https:\/\/playwell.ee\/wp-content\/uploads\/2025\/06\/LEGO_76445_Box1_v29.jpg\" \/>\n\t<meta property=\"og:image:width\" content=\"1895\" \/>\n\t<meta property=\"og:image:height\" content=\"1800\" \/>\n\t<meta property=\"og:image:type\" content=\"image\/jpeg\" \/>\n<meta name=\"twitter:card\" content=\"summary_large_image\" \/>\n<meta name=\"twitter:label1\" content=\"Est. reading time\" \/>\n\t<meta name=\"twitter:data1\" content=\"2 minutes\" \/>\n<script type=\"application\/ld+json\" class=\"yoast-schema-graph\">{\"@context\":\"https:\\\/\\\/schema.org\",\"@graph\":[{\"@type\":\"WebPage\",\"@id\":\"https:\\\/\\\/playwell.ee\\\/toode\\\/lego-harry-potter-76445-sigatuuka-loss-herboloogiatund\\\/\",\"url\":\"https:\\\/\\\/playwell.ee\\\/toode\\\/lego-harry-potter-76445-sigatuuka-loss-herboloogiatund\\\/\",\"name\":\"LEGO\u00ae Harry Potter\u2122 76445 - Sigat\u00fc\u00fcka\u2122 loss: herboloogiatund - Ehita oma maailm - klots klotsi haaval\",\"isPartOf\":{\"@id\":\"https:\\\/\\\/playwell.ee\\\/#website\"},\"primaryImageOfPage\":{\"@id\":\"https:\\\/\\\/playwell.ee\\\/toode\\\/lego-harry-potter-76445-sigatuuka-loss-herboloogiatund\\\/#primaryimage\"},\"image\":{\"@id\":\"https:\\\/\\\/playwell.ee\\\/toode\\\/lego-harry-potter-76445-sigatuuka-loss-herboloogiatund\\\/#primaryimage\"},\"thumbnailUrl\":\"https:\\\/\\\/playwell.ee\\\/wp-content\\\/uploads\\\/2025\\\/06\\\/LEGO_76445_Box1_v29.jpg\",\"datePublished\":\"2025-06-18T17:13:47+00:00\",\"dateModified\":\"2025-08-04T14:20:34+00:00\",\"description\":\"Taasloo Sigat\u00fc\u00fcka\u2122 lossis maagilisi herboloogiatunde selle lastele m\u00f5eldud LEGO\u00ae Harry Potter\u2122 klassiruumi m\u00e4ngukomplektiga (76445)\",\"breadcrumb\":{\"@id\":\"https:\\\/\\\/playwell.ee\\\/toode\\\/lego-harry-potter-76445-sigatuuka-loss-herboloogiatund\\\/#breadcrumb\"},\"inLanguage\":\"en-US\",\"potentialAction\":[{\"@type\":\"ReadAction\",\"target\":[\"https:\\\/\\\/playwell.ee\\\/toode\\\/lego-harry-potter-76445-sigatuuka-loss-herboloogiatund\\\/\"]}]},{\"@type\":\"ImageObject\",\"inLanguage\":\"en-US\",\"@id\":\"https:\\\/\\\/playwell.ee\\\/toode\\\/lego-harry-potter-76445-sigatuuka-loss-herboloogiatund\\\/#primaryimage\",\"url\":\"https:\\\/\\\/playwell.ee\\\/wp-content\\\/uploads\\\/2025\\\/06\\\/LEGO_76445_Box1_v29.jpg\",\"contentUrl\":\"https:\\\/\\\/playwell.ee\\\/wp-content\\\/uploads\\\/2025\\\/06\\\/LEGO_76445_Box1_v29.jpg\",\"width\":1895,\"height\":1800,\"caption\":\"Sigat\u00fc\u00fcka\u2122 loss: herboloogiatund 76445\"},{\"@type\":\"BreadcrumbList\",\"@id\":\"https:\\\/\\\/playwell.ee\\\/toode\\\/lego-harry-potter-76445-sigatuuka-loss-herboloogiatund\\\/#breadcrumb\",\"itemListElement\":[{\"@type\":\"ListItem\",\"position\":1,\"name\":\"Home\",\"item\":\"https:\\\/\\\/playwell.ee\\\/en\\\/\"},{\"@type\":\"ListItem\",\"position\":2,\"name\":\"All LEGO Products\",\"item\":\"https:\\\/\\\/playwell.ee\\\/en\\\/all-products\\\/\"},{\"@type\":\"ListItem\",\"position\":3,\"name\":\"LEGO\u00ae Harry Potter\u2122 76445 &#8211; Sigat\u00fc\u00fcka\u2122 loss: herboloogiatund\"}]},{\"@type\":\"WebSite\",\"@id\":\"https:\\\/\\\/playwell.ee\\\/#website\",\"url\":\"https:\\\/\\\/playwell.ee\\\/\",\"name\":\"Ehita oma maailm - klots klotsi haaval\",\"description\":\"Playwell | LEGO pood Eestis\",\"publisher\":{\"@id\":\"https:\\\/\\\/playwell.ee\\\/#organization\"},\"potentialAction\":[{\"@type\":\"SearchAction\",\"target\":{\"@type\":\"EntryPoint\",\"urlTemplate\":\"https:\\\/\\\/playwell.ee\\\/?s={search_term_string}\"},\"query-input\":{\"@type\":\"PropertyValueSpecification\",\"valueRequired\":true,\"valueName\":\"search_term_string\"}}],\"inLanguage\":\"en-US\"},{\"@type\":\"Organization\",\"@id\":\"https:\\\/\\\/playwell.ee\\\/#organization\",\"name\":\"Playwell.ee\",\"url\":\"https:\\\/\\\/playwell.ee\\\/\",\"logo\":{\"@type\":\"ImageObject\",\"inLanguage\":\"en-US\",\"@id\":\"https:\\\/\\\/playwell.ee\\\/#\\\/schema\\\/logo\\\/image\\\/\",\"url\":\"https:\\\/\\\/playwell.ee\\\/wp-content\\\/uploads\\\/2024\\\/06\\\/Logo-01-1.png\",\"contentUrl\":\"https:\\\/\\\/playwell.ee\\\/wp-content\\\/uploads\\\/2024\\\/06\\\/Logo-01-1.png\",\"width\":2980,\"height\":1009,\"caption\":\"Playwell.ee\"},\"image\":{\"@id\":\"https:\\\/\\\/playwell.ee\\\/#\\\/schema\\\/logo\\\/image\\\/\"},\"sameAs\":[\"https:\\\/\\\/www.facebook.com\\\/profile.php?id=100091128044867\"]}]}<\/script>\n<!-- \/ Yoast SEO plugin. -->","yoast_head_json":{"title":"LEGO\u00ae Harry Potter\u2122 76445 - Sigat\u00fc\u00fcka\u2122 loss: herboloogiatund - Ehita oma maailm - klots klotsi haaval","description":"Taasloo Sigat\u00fc\u00fcka\u2122 lossis maagilisi herboloogiatunde selle lastele m\u00f5eldud LEGO\u00ae Harry Potter\u2122 klassiruumi m\u00e4ngukomplektiga (76445)","robots":{"index":"index","follow":"follow","max-snippet":"max-snippet:-1","max-image-preview":"max-image-preview:large","max-video-preview":"max-video-preview:-1"},"canonical":"https:\/\/playwell.ee\/toode\/lego-harry-potter-76445-sigatuuka-loss-herboloogiatund\/","og_locale":"en_US","og_type":"article","og_title":"LEGO\u00ae Harry Potter\u2122 76445 - Sigat\u00fc\u00fcka\u2122 loss: herboloogiatund - Ehita oma maailm - klots klotsi haaval","og_description":"Taasloo Sigat\u00fc\u00fcka\u2122 lossis maagilisi herboloogiatunde selle lastele m\u00f5eldud LEGO\u00ae Harry Potter\u2122 klassiruumi m\u00e4ngukomplektiga (76445)","og_url":"https:\/\/playwell.ee\/toode\/lego-harry-potter-76445-sigatuuka-loss-herboloogiatund\/","og_site_name":"Ehita oma maailm - klots klotsi haaval","article_publisher":"https:\/\/www.facebook.com\/profile.php?id=100091128044867","article_modified_time":"2025-08-04T14:20:34+00:00","og_image":[{"width":1895,"height":1800,"url":"https:\/\/playwell.ee\/wp-content\/uploads\/2025\/06\/LEGO_76445_Box1_v29.jpg","type":"image\/jpeg"}],"twitter_card":"summary_large_image","twitter_misc":{"Est. reading time":"2 minutes"},"schema":{"@context":"https:\/\/schema.org","@graph":[{"@type":"WebPage","@id":"https:\/\/playwell.ee\/toode\/lego-harry-potter-76445-sigatuuka-loss-herboloogiatund\/","url":"https:\/\/playwell.ee\/toode\/lego-harry-potter-76445-sigatuuka-loss-herboloogiatund\/","name":"LEGO\u00ae Harry Potter\u2122 76445 - Sigat\u00fc\u00fcka\u2122 loss: herboloogiatund - Ehita oma maailm - klots klotsi haaval","isPartOf":{"@id":"https:\/\/playwell.ee\/#website"},"primaryImageOfPage":{"@id":"https:\/\/playwell.ee\/toode\/lego-harry-potter-76445-sigatuuka-loss-herboloogiatund\/#primaryimage"},"image":{"@id":"https:\/\/playwell.ee\/toode\/lego-harry-potter-76445-sigatuuka-loss-herboloogiatund\/#primaryimage"},"thumbnailUrl":"https:\/\/playwell.ee\/wp-content\/uploads\/2025\/06\/LEGO_76445_Box1_v29.jpg","datePublished":"2025-06-18T17:13:47+00:00","dateModified":"2025-08-04T14:20:34+00:00","description":"Taasloo Sigat\u00fc\u00fcka\u2122 lossis maagilisi herboloogiatunde selle lastele m\u00f5eldud LEGO\u00ae Harry Potter\u2122 klassiruumi m\u00e4ngukomplektiga (76445)","breadcrumb":{"@id":"https:\/\/playwell.ee\/toode\/lego-harry-potter-76445-sigatuuka-loss-herboloogiatund\/#breadcrumb"},"inLanguage":"en-US","potentialAction":[{"@type":"ReadAction","target":["https:\/\/playwell.ee\/toode\/lego-harry-potter-76445-sigatuuka-loss-herboloogiatund\/"]}]},{"@type":"ImageObject","inLanguage":"en-US","@id":"https:\/\/playwell.ee\/toode\/lego-harry-potter-76445-sigatuuka-loss-herboloogiatund\/#primaryimage","url":"https:\/\/playwell.ee\/wp-content\/uploads\/2025\/06\/LEGO_76445_Box1_v29.jpg","contentUrl":"https:\/\/playwell.ee\/wp-content\/uploads\/2025\/06\/LEGO_76445_Box1_v29.jpg","width":1895,"height":1800,"caption":"Sigat\u00fc\u00fcka\u2122 loss: herboloogiatund 76445"},{"@type":"BreadcrumbList","@id":"https:\/\/playwell.ee\/toode\/lego-harry-potter-76445-sigatuuka-loss-herboloogiatund\/#breadcrumb","itemListElement":[{"@type":"ListItem","position":1,"name":"Home","item":"https:\/\/playwell.ee\/en\/"},{"@type":"ListItem","position":2,"name":"All LEGO Products","item":"https:\/\/playwell.ee\/en\/all-products\/"},{"@type":"ListItem","position":3,"name":"LEGO\u00ae Harry Potter\u2122 76445 &#8211; Sigat\u00fc\u00fcka\u2122 loss: herboloogiatund"}]},{"@type":"WebSite","@id":"https:\/\/playwell.ee\/#website","url":"https:\/\/playwell.ee\/","name":"Ehita oma maailm - klots klotsi haaval","description":"Playwell | LEGO pood Eestis","publisher":{"@id":"https:\/\/playwell.ee\/#organization"},"potentialAction":[{"@type":"SearchAction","target":{"@type":"EntryPoint","urlTemplate":"https:\/\/playwell.ee\/?s={search_term_string}"},"query-input":{"@type":"PropertyValueSpecification","valueRequired":true,"valueName":"search_term_string"}}],"inLanguage":"en-US"},{"@type":"Organization","@id":"https:\/\/playwell.ee\/#organization","name":"Playwell.ee","url":"https:\/\/playwell.ee\/","logo":{"@type":"ImageObject","inLanguage":"en-US","@id":"https:\/\/playwell.ee\/#\/schema\/logo\/image\/","url":"https:\/\/playwell.ee\/wp-content\/uploads\/2024\/06\/Logo-01-1.png","contentUrl":"https:\/\/playwell.ee\/wp-content\/uploads\/2024\/06\/Logo-01-1.png","width":2980,"height":1009,"caption":"Playwell.ee"},"image":{"@id":"https:\/\/playwell.ee\/#\/schema\/logo\/image\/"},"sameAs":["https:\/\/www.facebook.com\/profile.php?id=100091128044867"]}]}},"_links":{"self":[{"href":"https:\/\/playwell.ee\/en\/wp-json\/wp\/v2\/product\/19254","targetHints":{"allow":["GET"]}}],"collection":[{"href":"https:\/\/playwell.ee\/en\/wp-json\/wp\/v2\/product"}],"about":[{"href":"https:\/\/playwell.ee\/en\/wp-json\/wp\/v2\/types\/product"}],"wp:featuredmedia":[{"embeddable":true,"href":"https:\/\/playwell.ee\/en\/wp-json\/wp\/v2\/media\/19124"}],"wp:attachment":[{"href":"https:\/\/playwell.ee\/en\/wp-json\/wp\/v2\/media?parent=19254"}],"wp:term":[{"taxonomy":"product_brand","embeddable":true,"href":"https:\/\/playwell.ee\/en\/wp-json\/wp\/v2\/product_brand?post=19254"},{"taxonomy":"product_cat","embeddable":true,"href":"https:\/\/playwell.ee\/en\/wp-json\/wp\/v2\/product_cat?post=19254"},{"taxonomy":"product_tag","embeddable":true,"href":"https:\/\/playwell.ee\/en\/wp-json\/wp\/v2\/product_tag?post=19254"}],"curies":[{"name":"wp","href":"https:\/\/api.w.org\/{rel}","templated":true}]}}