{"id":19247,"date":"2025-06-18T19:13:47","date_gmt":"2025-06-18T17:13:47","guid":{"rendered":"https:\/\/playwell.ee\/product\/lego-ninjago-71847-valvurdraakon\/"},"modified":"2025-11-05T20:48:56","modified_gmt":"2025-11-05T18:48:56","slug":"lego-ninjago-71847-valvurdraakon","status":"publish","type":"product","link":"https:\/\/playwell.ee\/en\/product\/lego-ninjago-71847-valvurdraakon\/","title":{"rendered":"LEGO\u00ae NINJAGO\u00ae 71847 &#8211; Valvurdraakon"},"content":{"rendered":"<p>V\u00e4hemalt 14-aastased NINJAGO\u00ae f\u00e4nnid saavad selle majesteetliku Valvurdraakoni (71847) ehituskomplektiga oma LEGO\u00ae NINJAGO mudelite kollektsiooni laiendada. Draakoni esitlusmudelil on muudetava asendiga pea, k\u00e4ed ja soomused, lisaks suured tiivad,ogad ja pea kohal halo ning see on l\u00f5bus kingitus NINJAGO Legends Monstrosity sarja f\u00e4nnidele.<\/p>\n<p>T\u00e4nu \u00fclidetailsele v\u00e4ljapanekualusele, millel on tiik, h\u00f5ljuv maagiline m\u00f5\u00f5k, laternaelemendid ja v\u00e4rav ning \u00d5petaja Wu minifiguur, n\u00e4eb see mudel suurep\u00e4ran e v\u00e4lja magamistoas riiulil, kirjutuslaual v\u00f5i \u00f6\u00f6kapil.<\/p>\n<p>LEGO\u00ae NINJAGO komplektide (m\u00fc\u00fcgil eraldi) valikus on draakonid, s\u00f5idukid ja templid, et f\u00e4nnid saaksid oma kangelastega rollim\u00e4nge m\u00e4ngida. Iga ninjam\u00e4ngukomplekti saab luua rakendusega LEGO Builder, mis juhatab sind ja su last lihtsale ja intuitiivsele ehitusseiklusele. Seal saab mudeleid sisse suumida, 3D-s p\u00f6\u00f6rata, komplekte salvestada ja nende edenemist j\u00e4lgida. Sisaldab 1650 osa.<\/p>\n<p>NINJAGO\u00ae draakonimudel \u2013 vanemad NINJAGO f\u00e4nnid saavad oma LEGO\u00ae NINJAGO mudelite kollektsiooni t\u00e4iendada selle Valvurdraakoni ehituskomplektiga<br \/>\nT\u00e4is detaile \u2013 Valvurdraakoni v\u00e4ljapanekualusel on tiik, h\u00f5ljuv maagiline m\u00f5\u00f5k, laternaelemendid jav\u00e4rav, et etendada ninjalugusid<br \/>\nMuudetava asendiga draakonifiguur \u2013 ninjaf\u00e4nnid saavad liigutada esitlusalusel paikneva draakoni pead, k\u00e4ppi ja soomuseid erinevatesse asenditesse<br \/>\n1 NINJAGO\u00ae minifiguur \u2013 LEGO\u00ae komplektis on \u00d5petaja Wu minifiguur koossauatarvikuga<br \/>\nKingitus NINJAGO\u00ae f\u00e4nnidele \u2013 see m\u00e4ngukomplekt pakub m\u00f5nusat ehituskogemust ja on suurep\u00e4rane kingiidee sarja NINJAGO Legends Monstrosity f\u00e4nnidele, kes soovivad oma kirge n\u00e4idata<br \/>\nL\u00f5bus viis ehitamiseks \u2013 rakendus LEGO\u00ae Builder juhendab lapsi intuitiivsel ehitusseiklusel. Lapsed saavad salvestada komplekte, j\u00e4lgida edenemist ning suumida ja p\u00f6\u00f6rata mudeleid ehitamise ajal 3D-vaates<br \/>\nNinjam\u00e4nguasjade universum \u2013 LEGO\u00ae NINJAGO\u00ae komplektid v\u00f5imaldavad lastel koos ninjakangelastegap\u00f5geneda seiklusrikkasse fantaasiamaailma<br \/>\nM\u00f5\u00f5dud \u2013 see 1650-osaline Valvurdraakoni mudel on 48 cm pikk<\/p>\n","protected":false},"excerpt":{"rendered":"<p><strong>Tasuta tarne alates 120\u20ac * Kogu kaup Eesti laos olemas * Kiire tarne<\/strong><\/p>\n<ul>\n<li>Osasi: 1650<\/li>\n<li>Vanus: 13+<\/li>\n<\/ul>\n","protected":false},"featured_media":19074,"template":"","meta":[],"product_brand":[],"product_cat":[163],"product_tag":[172],"class_list":{"0":"post-19247","1":"product","2":"type-product","3":"status-publish","4":"has-post-thumbnail","6":"product_cat-ninjago-en","7":"product_tag-13-en","9":"first","10":"instock","11":"taxable","12":"shipping-taxable","13":"purchasable","14":"product-type-simple","15":"add-to-wishlist-after_add_to_cart"},"yoast_head":"<!-- This site is optimized with the Yoast SEO plugin v27.4 - https:\/\/yoast.com\/product\/yoast-seo-wordpress\/ -->\n<title>LEGO\u00ae NINJAGO\u00ae 71847 - Valvurdraakon - Ehita oma maailm - klots klotsi haaval<\/title>\n<meta name=\"description\" content=\"V\u00e4hemalt 14-aastased NINJAGO\u00ae f\u00e4nnid saavad selle majesteetliku Valvurdraakoni (71847) ehituskomplektiga oma LEGO\u00ae NINJAGO mudelite kollektsiooni laiendada\" \/>\n<meta name=\"robots\" content=\"index, follow, max-snippet:-1, max-image-preview:large, max-video-preview:-1\" \/>\n<link rel=\"canonical\" href=\"https:\/\/playwell.ee\/en\/product\/lego-ninjago-71847-valvurdraakon\/\" \/>\n<meta property=\"og:locale\" content=\"en_US\" \/>\n<meta property=\"og:type\" content=\"article\" \/>\n<meta property=\"og:title\" content=\"LEGO\u00ae NINJAGO\u00ae 71847 - Valvurdraakon - Ehita oma maailm - klots klotsi haaval\" \/>\n<meta property=\"og:description\" content=\"V\u00e4hemalt 14-aastased NINJAGO\u00ae f\u00e4nnid saavad selle majesteetliku Valvurdraakoni (71847) ehituskomplektiga oma LEGO\u00ae NINJAGO mudelite kollektsiooni laiendada\" \/>\n<meta property=\"og:url\" content=\"https:\/\/playwell.ee\/en\/product\/lego-ninjago-71847-valvurdraakon\/\" \/>\n<meta property=\"og:site_name\" content=\"Ehita oma maailm - klots klotsi haaval\" \/>\n<meta property=\"article:publisher\" content=\"https:\/\/www.facebook.com\/profile.php?id=100091128044867\" \/>\n<meta property=\"article:modified_time\" content=\"2025-11-05T18:48:56+00:00\" \/>\n<meta property=\"og:image\" content=\"https:\/\/playwell.ee\/wp-content\/uploads\/2025\/06\/LEGO_71847_Box1_v29.jpg\" \/>\n\t<meta property=\"og:image:width\" content=\"1356\" \/>\n\t<meta property=\"og:image:height\" content=\"1800\" \/>\n\t<meta property=\"og:image:type\" content=\"image\/jpeg\" \/>\n<meta name=\"twitter:card\" content=\"summary_large_image\" \/>\n<meta name=\"twitter:label1\" content=\"Est. reading time\" \/>\n\t<meta name=\"twitter:data1\" content=\"2 minutes\" \/>\n<script type=\"application\/ld+json\" class=\"yoast-schema-graph\">{\"@context\":\"https:\\\/\\\/schema.org\",\"@graph\":[{\"@type\":\"WebPage\",\"@id\":\"https:\\\/\\\/playwell.ee\\\/en\\\/product\\\/lego-ninjago-71847-valvurdraakon\\\/\",\"url\":\"https:\\\/\\\/playwell.ee\\\/en\\\/product\\\/lego-ninjago-71847-valvurdraakon\\\/\",\"name\":\"LEGO\u00ae NINJAGO\u00ae 71847 - Valvurdraakon - Ehita oma maailm - klots klotsi haaval\",\"isPartOf\":{\"@id\":\"https:\\\/\\\/playwell.ee\\\/#website\"},\"primaryImageOfPage\":{\"@id\":\"https:\\\/\\\/playwell.ee\\\/en\\\/product\\\/lego-ninjago-71847-valvurdraakon\\\/#primaryimage\"},\"image\":{\"@id\":\"https:\\\/\\\/playwell.ee\\\/en\\\/product\\\/lego-ninjago-71847-valvurdraakon\\\/#primaryimage\"},\"thumbnailUrl\":\"https:\\\/\\\/playwell.ee\\\/wp-content\\\/uploads\\\/2025\\\/06\\\/LEGO_71847_Box1_v29.jpg\",\"datePublished\":\"2025-06-18T17:13:47+00:00\",\"dateModified\":\"2025-11-05T18:48:56+00:00\",\"description\":\"V\u00e4hemalt 14-aastased NINJAGO\u00ae f\u00e4nnid saavad selle majesteetliku Valvurdraakoni (71847) ehituskomplektiga oma LEGO\u00ae NINJAGO mudelite kollektsiooni laiendada\",\"breadcrumb\":{\"@id\":\"https:\\\/\\\/playwell.ee\\\/en\\\/product\\\/lego-ninjago-71847-valvurdraakon\\\/#breadcrumb\"},\"inLanguage\":\"en-US\",\"potentialAction\":[{\"@type\":\"ReadAction\",\"target\":[\"https:\\\/\\\/playwell.ee\\\/en\\\/product\\\/lego-ninjago-71847-valvurdraakon\\\/\"]}]},{\"@type\":\"ImageObject\",\"inLanguage\":\"en-US\",\"@id\":\"https:\\\/\\\/playwell.ee\\\/en\\\/product\\\/lego-ninjago-71847-valvurdraakon\\\/#primaryimage\",\"url\":\"https:\\\/\\\/playwell.ee\\\/wp-content\\\/uploads\\\/2025\\\/06\\\/LEGO_71847_Box1_v29.jpg\",\"contentUrl\":\"https:\\\/\\\/playwell.ee\\\/wp-content\\\/uploads\\\/2025\\\/06\\\/LEGO_71847_Box1_v29.jpg\",\"width\":1356,\"height\":1800,\"caption\":\"Valvurdraakon 71847\"},{\"@type\":\"BreadcrumbList\",\"@id\":\"https:\\\/\\\/playwell.ee\\\/en\\\/product\\\/lego-ninjago-71847-valvurdraakon\\\/#breadcrumb\",\"itemListElement\":[{\"@type\":\"ListItem\",\"position\":1,\"name\":\"Home\",\"item\":\"https:\\\/\\\/playwell.ee\\\/en\\\/\"},{\"@type\":\"ListItem\",\"position\":2,\"name\":\"All LEGO Products\",\"item\":\"https:\\\/\\\/playwell.ee\\\/en\\\/all-products\\\/\"},{\"@type\":\"ListItem\",\"position\":3,\"name\":\"LEGO\u00ae NINJAGO\u00ae 71847 &#8211; Valvurdraakon\"}]},{\"@type\":\"WebSite\",\"@id\":\"https:\\\/\\\/playwell.ee\\\/#website\",\"url\":\"https:\\\/\\\/playwell.ee\\\/\",\"name\":\"Ehita oma maailm - klots klotsi haaval\",\"description\":\"Playwell | LEGO pood Eestis\",\"publisher\":{\"@id\":\"https:\\\/\\\/playwell.ee\\\/#organization\"},\"potentialAction\":[{\"@type\":\"SearchAction\",\"target\":{\"@type\":\"EntryPoint\",\"urlTemplate\":\"https:\\\/\\\/playwell.ee\\\/?s={search_term_string}\"},\"query-input\":{\"@type\":\"PropertyValueSpecification\",\"valueRequired\":true,\"valueName\":\"search_term_string\"}}],\"inLanguage\":\"en-US\"},{\"@type\":\"Organization\",\"@id\":\"https:\\\/\\\/playwell.ee\\\/#organization\",\"name\":\"Playwell.ee\",\"url\":\"https:\\\/\\\/playwell.ee\\\/\",\"logo\":{\"@type\":\"ImageObject\",\"inLanguage\":\"en-US\",\"@id\":\"https:\\\/\\\/playwell.ee\\\/#\\\/schema\\\/logo\\\/image\\\/\",\"url\":\"https:\\\/\\\/playwell.ee\\\/wp-content\\\/uploads\\\/2024\\\/06\\\/Logo-01-1.png\",\"contentUrl\":\"https:\\\/\\\/playwell.ee\\\/wp-content\\\/uploads\\\/2024\\\/06\\\/Logo-01-1.png\",\"width\":2980,\"height\":1009,\"caption\":\"Playwell.ee\"},\"image\":{\"@id\":\"https:\\\/\\\/playwell.ee\\\/#\\\/schema\\\/logo\\\/image\\\/\"},\"sameAs\":[\"https:\\\/\\\/www.facebook.com\\\/profile.php?id=100091128044867\"]}]}<\/script>\n<!-- \/ Yoast SEO plugin. -->","yoast_head_json":{"title":"LEGO\u00ae NINJAGO\u00ae 71847 - Valvurdraakon - Ehita oma maailm - klots klotsi haaval","description":"V\u00e4hemalt 14-aastased NINJAGO\u00ae f\u00e4nnid saavad selle majesteetliku Valvurdraakoni (71847) ehituskomplektiga oma LEGO\u00ae NINJAGO mudelite kollektsiooni laiendada","robots":{"index":"index","follow":"follow","max-snippet":"max-snippet:-1","max-image-preview":"max-image-preview:large","max-video-preview":"max-video-preview:-1"},"canonical":"https:\/\/playwell.ee\/en\/product\/lego-ninjago-71847-valvurdraakon\/","og_locale":"en_US","og_type":"article","og_title":"LEGO\u00ae NINJAGO\u00ae 71847 - Valvurdraakon - Ehita oma maailm - klots klotsi haaval","og_description":"V\u00e4hemalt 14-aastased NINJAGO\u00ae f\u00e4nnid saavad selle majesteetliku Valvurdraakoni (71847) ehituskomplektiga oma LEGO\u00ae NINJAGO mudelite kollektsiooni laiendada","og_url":"https:\/\/playwell.ee\/en\/product\/lego-ninjago-71847-valvurdraakon\/","og_site_name":"Ehita oma maailm - klots klotsi haaval","article_publisher":"https:\/\/www.facebook.com\/profile.php?id=100091128044867","article_modified_time":"2025-11-05T18:48:56+00:00","og_image":[{"width":1356,"height":1800,"url":"https:\/\/playwell.ee\/wp-content\/uploads\/2025\/06\/LEGO_71847_Box1_v29.jpg","type":"image\/jpeg"}],"twitter_card":"summary_large_image","twitter_misc":{"Est. reading time":"2 minutes"},"schema":{"@context":"https:\/\/schema.org","@graph":[{"@type":"WebPage","@id":"https:\/\/playwell.ee\/en\/product\/lego-ninjago-71847-valvurdraakon\/","url":"https:\/\/playwell.ee\/en\/product\/lego-ninjago-71847-valvurdraakon\/","name":"LEGO\u00ae NINJAGO\u00ae 71847 - Valvurdraakon - Ehita oma maailm - klots klotsi haaval","isPartOf":{"@id":"https:\/\/playwell.ee\/#website"},"primaryImageOfPage":{"@id":"https:\/\/playwell.ee\/en\/product\/lego-ninjago-71847-valvurdraakon\/#primaryimage"},"image":{"@id":"https:\/\/playwell.ee\/en\/product\/lego-ninjago-71847-valvurdraakon\/#primaryimage"},"thumbnailUrl":"https:\/\/playwell.ee\/wp-content\/uploads\/2025\/06\/LEGO_71847_Box1_v29.jpg","datePublished":"2025-06-18T17:13:47+00:00","dateModified":"2025-11-05T18:48:56+00:00","description":"V\u00e4hemalt 14-aastased NINJAGO\u00ae f\u00e4nnid saavad selle majesteetliku Valvurdraakoni (71847) ehituskomplektiga oma LEGO\u00ae NINJAGO mudelite kollektsiooni laiendada","breadcrumb":{"@id":"https:\/\/playwell.ee\/en\/product\/lego-ninjago-71847-valvurdraakon\/#breadcrumb"},"inLanguage":"en-US","potentialAction":[{"@type":"ReadAction","target":["https:\/\/playwell.ee\/en\/product\/lego-ninjago-71847-valvurdraakon\/"]}]},{"@type":"ImageObject","inLanguage":"en-US","@id":"https:\/\/playwell.ee\/en\/product\/lego-ninjago-71847-valvurdraakon\/#primaryimage","url":"https:\/\/playwell.ee\/wp-content\/uploads\/2025\/06\/LEGO_71847_Box1_v29.jpg","contentUrl":"https:\/\/playwell.ee\/wp-content\/uploads\/2025\/06\/LEGO_71847_Box1_v29.jpg","width":1356,"height":1800,"caption":"Valvurdraakon 71847"},{"@type":"BreadcrumbList","@id":"https:\/\/playwell.ee\/en\/product\/lego-ninjago-71847-valvurdraakon\/#breadcrumb","itemListElement":[{"@type":"ListItem","position":1,"name":"Home","item":"https:\/\/playwell.ee\/en\/"},{"@type":"ListItem","position":2,"name":"All LEGO Products","item":"https:\/\/playwell.ee\/en\/all-products\/"},{"@type":"ListItem","position":3,"name":"LEGO\u00ae NINJAGO\u00ae 71847 &#8211; Valvurdraakon"}]},{"@type":"WebSite","@id":"https:\/\/playwell.ee\/#website","url":"https:\/\/playwell.ee\/","name":"Ehita oma maailm - klots klotsi haaval","description":"Playwell | LEGO pood Eestis","publisher":{"@id":"https:\/\/playwell.ee\/#organization"},"potentialAction":[{"@type":"SearchAction","target":{"@type":"EntryPoint","urlTemplate":"https:\/\/playwell.ee\/?s={search_term_string}"},"query-input":{"@type":"PropertyValueSpecification","valueRequired":true,"valueName":"search_term_string"}}],"inLanguage":"en-US"},{"@type":"Organization","@id":"https:\/\/playwell.ee\/#organization","name":"Playwell.ee","url":"https:\/\/playwell.ee\/","logo":{"@type":"ImageObject","inLanguage":"en-US","@id":"https:\/\/playwell.ee\/#\/schema\/logo\/image\/","url":"https:\/\/playwell.ee\/wp-content\/uploads\/2024\/06\/Logo-01-1.png","contentUrl":"https:\/\/playwell.ee\/wp-content\/uploads\/2024\/06\/Logo-01-1.png","width":2980,"height":1009,"caption":"Playwell.ee"},"image":{"@id":"https:\/\/playwell.ee\/#\/schema\/logo\/image\/"},"sameAs":["https:\/\/www.facebook.com\/profile.php?id=100091128044867"]}]}},"_links":{"self":[{"href":"https:\/\/playwell.ee\/en\/wp-json\/wp\/v2\/product\/19247","targetHints":{"allow":["GET"]}}],"collection":[{"href":"https:\/\/playwell.ee\/en\/wp-json\/wp\/v2\/product"}],"about":[{"href":"https:\/\/playwell.ee\/en\/wp-json\/wp\/v2\/types\/product"}],"wp:featuredmedia":[{"embeddable":true,"href":"https:\/\/playwell.ee\/en\/wp-json\/wp\/v2\/media\/19074"}],"wp:attachment":[{"href":"https:\/\/playwell.ee\/en\/wp-json\/wp\/v2\/media?parent=19247"}],"wp:term":[{"taxonomy":"product_brand","embeddable":true,"href":"https:\/\/playwell.ee\/en\/wp-json\/wp\/v2\/product_brand?post=19247"},{"taxonomy":"product_cat","embeddable":true,"href":"https:\/\/playwell.ee\/en\/wp-json\/wp\/v2\/product_cat?post=19247"},{"taxonomy":"product_tag","embeddable":true,"href":"https:\/\/playwell.ee\/en\/wp-json\/wp\/v2\/product_tag?post=19247"}],"curies":[{"name":"wp","href":"https:\/\/api.w.org\/{rel}","templated":true}]}}