{"id":19246,"date":"2025-06-18T19:13:48","date_gmt":"2025-06-18T17:13:48","guid":{"rendered":"https:\/\/playwell.ee\/product\/lego-minecraft-21278-ruustajate-eelpost-ja-laastaja\/"},"modified":"2026-05-12T08:31:08","modified_gmt":"2026-05-12T06:31:08","slug":"lego-minecraft-21278-ruustajate-eelpost-ja-laastaja","status":"publish","type":"product","link":"https:\/\/playwell.ee\/en\/product\/lego-minecraft-21278-ruustajate-eelpost-ja-laastaja\/","title":{"rendered":"LEGO\u00ae Minecraft\u00ae 21278 &#8211; R\u00fc\u00fcstajate eelpost ja Laastaja"},"content":{"rendered":"<p>R\u00fc\u00fcstajate eelpost ja Laastaja (21278) on loominguline videom\u00e4ngukingitus lastele, kellele meeldivad ehitusm\u00e4nguasjad, LEGO\u00ae Minecraft seiklused v\u00f5i m\u00e4nguteemaline toakujundus. See kvaliteetne m\u00e4nguasi alates 9-aastastele lastele annab m\u00e4ngijate k\u00e4tesse kogu Minecrafti l\u00f5bu.<\/p>\n<p>Komplektis on 4 LEGO Minecrafti minifiguuri: kosmosevalvur, r\u00fc\u00fcstajate kapten, m\u00fc\u00fcrsepp ja \u00d5igustaja. Kokkupandaval laastaja figuuril on kangiga juhitav funktsioon, mis v\u00f5imaldab lastel teha l\u00f5uaga haaravaid ja peaga l\u00f6\u00f6vaid liigutusi. Vahitornis on redelid, mis v\u00f5imaldavad juurdep\u00e4\u00e4su kolme korruse vahel, r\u00fc\u00fcstajate n\u00e4gusid kujutavad plakatid ja hinnalise varandusega kirst. M\u00fc\u00fcrsepa majal on avatav uks ja m\u00f6bleeritud interj\u00f6\u00f6r koos voodi ja kivil\u00f5ikuriga. Komplektison ka LEGO Minecrafti seafiguur ja tarvikud, sealhulgas treeningmannekeen, t\u00f5rvik, porgand, rauast valuplokk, teemantkiiver, teemantm\u00f5\u00f5k, amb ja raudkirves. Rakendus LEGO Builder pakub lastele veelgi l\u00f5busamat v\u00f5imalust kasutada oma seadet mudelite 3D- vormingus suumimiseks ja p\u00f6\u00f6ramiseks. Sisaldab 665 t\u00fckki.<\/p>\n<p>LEGO\u00ae Minecraft\u00ae k\u00fclalahing \u2013 R\u00fc\u00fcstajate eelpost ja Laastaja ehitusm\u00e4nguasi lastele on t\u00e4is praktilist Minecrafti tegevust alates 9-aastastele poistele ja t\u00fcdrukutele<br \/>\nMuudetava asendiga figuurid \u2013 selles interaktiivses LEGO\u00ae Minecraft\u00ae m\u00e4nguasjas on kosmosevalvuri, r\u00fc\u00fcstajate kapteni, m\u00fc\u00fcrsepa ja \u00d5igustaja minifiguurid ning kokkupandavad laastaja- ja seafiguurid<br \/>\nLaastaja r\u00fcnnak \u2013 kokkupandaval laastaja figuuril on kangiga juhitav funktsioon, mis v\u00f5imaldab lastel tekitada l\u00f5uaga haaravaid japeaga l\u00f6\u00f6vaid liigutusi, kui see lahingusse s\u00f6\u00f6stab<br \/>\nAutentsed tarvikud \u2013 treeningmannekeen, t\u00f5rvik, porgand, rauast valuplokk, teemantkiiver, teemantm\u00f5\u00f5ga amb ja kirves aitavad innustada loovat m\u00e4ngu<br \/>\nKingitus Minecraft\u00ae m\u00e4ngijatele \u2013 see LEGO\u00ae Minecraft loov ehitus- ja seiklusm\u00e4nguasi sobib suurep\u00e4raselt kingiideeks Minecrafti austajatele<br \/>\nEhitame koos s\u00f5prade ja perega \u2013 LEGO\u00ae Builderi rakendus pakub l\u00f5bu ja koost\u00f6\u00f6kogemust, kus saab jagada LEGO ehitusr\u00f5\u00f5mu<br \/>\nRealistlik Minecraft\u00ae \u2013 LEGO\u00ae Minecraft ehituskomplektid v\u00f5imaldavad lastel nautida populaarset videom\u00e4ngu uuel viisil, kuna elanikud, stseenid ja detailid on ellu \u00e4ratatud praktilisi loovm\u00e4nguv\u00f5imalusi pakkuvate LEGO klotside abil<br \/>\n665-osaline komplekt \u2013 kokkupanduna on m\u00e4ngukomplekt 24 cm k\u00f5rge, 16 cm lai ja 12 cm s\u00fcgav<\/p>\n","protected":false},"excerpt":{"rendered":"<p><strong>Tasuta tarne alates 120\u20ac * Kogu kaup Eesti laos olemas * Kiire tarne<\/strong><\/p>\n<ul>\n<li>Osasi: 665<\/li>\n<li>Vanus: 9+<\/li>\n<\/ul>\n","protected":false},"featured_media":18273,"template":"","meta":[],"product_brand":[],"product_cat":[161],"product_tag":[171],"class_list":{"0":"post-19246","1":"product","2":"type-product","3":"status-publish","4":"has-post-thumbnail","6":"product_cat-minecraft-en","7":"product_tag-9-en","9":"first","10":"instock","11":"taxable","12":"shipping-taxable","13":"purchasable","14":"product-type-simple","15":"add-to-wishlist-after_add_to_cart"},"yoast_head":"<!-- This site is optimized with the Yoast SEO plugin v27.4 - https:\/\/yoast.com\/product\/yoast-seo-wordpress\/ -->\n<title>LEGO\u00ae Minecraft\u00ae 21278 - R\u00fc\u00fcstajate eelpost ja Laastaja - Ehita oma maailm - klots klotsi haaval<\/title>\n<meta name=\"description\" content=\"R\u00fc\u00fcstajate eelpost ja Laastaja (21278) on loominguline videom\u00e4ngukingitus lastele, kellele meeldivad LEGO\u00ae Minecraft seiklused.\" \/>\n<meta name=\"robots\" content=\"index, follow, max-snippet:-1, max-image-preview:large, max-video-preview:-1\" \/>\n<link rel=\"canonical\" href=\"https:\/\/playwell.ee\/en\/product\/lego-minecraft-21278-ruustajate-eelpost-ja-laastaja\/\" \/>\n<meta property=\"og:locale\" content=\"en_US\" \/>\n<meta property=\"og:type\" content=\"article\" \/>\n<meta property=\"og:title\" content=\"LEGO\u00ae Minecraft\u00ae 21278 - R\u00fc\u00fcstajate eelpost ja Laastaja - Ehita oma maailm - klots klotsi haaval\" \/>\n<meta property=\"og:description\" content=\"R\u00fc\u00fcstajate eelpost ja Laastaja (21278) on loominguline videom\u00e4ngukingitus lastele, kellele meeldivad LEGO\u00ae Minecraft seiklused.\" \/>\n<meta property=\"og:url\" content=\"https:\/\/playwell.ee\/en\/product\/lego-minecraft-21278-ruustajate-eelpost-ja-laastaja\/\" \/>\n<meta property=\"og:site_name\" content=\"Ehita oma maailm - klots klotsi haaval\" \/>\n<meta property=\"article:publisher\" content=\"https:\/\/www.facebook.com\/profile.php?id=100091128044867\" \/>\n<meta property=\"article:modified_time\" content=\"2026-05-12T06:31:08+00:00\" \/>\n<meta property=\"og:image\" content=\"https:\/\/playwell.ee\/wp-content\/uploads\/2025\/06\/LEGO_21278_Box1_v29.jpg\" \/>\n\t<meta property=\"og:image:width\" content=\"2400\" \/>\n\t<meta property=\"og:image:height\" content=\"1769\" \/>\n\t<meta property=\"og:image:type\" content=\"image\/jpeg\" \/>\n<meta name=\"twitter:card\" content=\"summary_large_image\" \/>\n<meta name=\"twitter:label1\" content=\"Est. reading time\" \/>\n\t<meta name=\"twitter:data1\" content=\"2 minutes\" \/>\n<script type=\"application\/ld+json\" class=\"yoast-schema-graph\">{\"@context\":\"https:\\\/\\\/schema.org\",\"@graph\":[{\"@type\":\"WebPage\",\"@id\":\"https:\\\/\\\/playwell.ee\\\/en\\\/product\\\/lego-minecraft-21278-ruustajate-eelpost-ja-laastaja\\\/\",\"url\":\"https:\\\/\\\/playwell.ee\\\/en\\\/product\\\/lego-minecraft-21278-ruustajate-eelpost-ja-laastaja\\\/\",\"name\":\"LEGO\u00ae Minecraft\u00ae 21278 - R\u00fc\u00fcstajate eelpost ja Laastaja - Ehita oma maailm - klots klotsi haaval\",\"isPartOf\":{\"@id\":\"https:\\\/\\\/playwell.ee\\\/#website\"},\"primaryImageOfPage\":{\"@id\":\"https:\\\/\\\/playwell.ee\\\/en\\\/product\\\/lego-minecraft-21278-ruustajate-eelpost-ja-laastaja\\\/#primaryimage\"},\"image\":{\"@id\":\"https:\\\/\\\/playwell.ee\\\/en\\\/product\\\/lego-minecraft-21278-ruustajate-eelpost-ja-laastaja\\\/#primaryimage\"},\"thumbnailUrl\":\"https:\\\/\\\/playwell.ee\\\/wp-content\\\/uploads\\\/2025\\\/06\\\/LEGO_21278_Box1_v29.jpg\",\"datePublished\":\"2025-06-18T17:13:48+00:00\",\"dateModified\":\"2026-05-12T06:31:08+00:00\",\"description\":\"R\u00fc\u00fcstajate eelpost ja Laastaja (21278) on loominguline videom\u00e4ngukingitus lastele, kellele meeldivad LEGO\u00ae Minecraft seiklused.\",\"breadcrumb\":{\"@id\":\"https:\\\/\\\/playwell.ee\\\/en\\\/product\\\/lego-minecraft-21278-ruustajate-eelpost-ja-laastaja\\\/#breadcrumb\"},\"inLanguage\":\"en-US\",\"potentialAction\":[{\"@type\":\"ReadAction\",\"target\":[\"https:\\\/\\\/playwell.ee\\\/en\\\/product\\\/lego-minecraft-21278-ruustajate-eelpost-ja-laastaja\\\/\"]}]},{\"@type\":\"ImageObject\",\"inLanguage\":\"en-US\",\"@id\":\"https:\\\/\\\/playwell.ee\\\/en\\\/product\\\/lego-minecraft-21278-ruustajate-eelpost-ja-laastaja\\\/#primaryimage\",\"url\":\"https:\\\/\\\/playwell.ee\\\/wp-content\\\/uploads\\\/2025\\\/06\\\/LEGO_21278_Box1_v29.jpg\",\"contentUrl\":\"https:\\\/\\\/playwell.ee\\\/wp-content\\\/uploads\\\/2025\\\/06\\\/LEGO_21278_Box1_v29.jpg\",\"width\":2400,\"height\":1769,\"caption\":\"R\u00fc\u00fcstajate eelpost ja Laastaja 21278\"},{\"@type\":\"BreadcrumbList\",\"@id\":\"https:\\\/\\\/playwell.ee\\\/en\\\/product\\\/lego-minecraft-21278-ruustajate-eelpost-ja-laastaja\\\/#breadcrumb\",\"itemListElement\":[{\"@type\":\"ListItem\",\"position\":1,\"name\":\"Home\",\"item\":\"https:\\\/\\\/playwell.ee\\\/en\\\/\"},{\"@type\":\"ListItem\",\"position\":2,\"name\":\"All LEGO Products\",\"item\":\"https:\\\/\\\/playwell.ee\\\/en\\\/all-products\\\/\"},{\"@type\":\"ListItem\",\"position\":3,\"name\":\"LEGO\u00ae Minecraft\u00ae 21278 &#8211; R\u00fc\u00fcstajate eelpost ja Laastaja\"}]},{\"@type\":\"WebSite\",\"@id\":\"https:\\\/\\\/playwell.ee\\\/#website\",\"url\":\"https:\\\/\\\/playwell.ee\\\/\",\"name\":\"Ehita oma maailm - klots klotsi haaval\",\"description\":\"Playwell | LEGO pood Eestis\",\"publisher\":{\"@id\":\"https:\\\/\\\/playwell.ee\\\/#organization\"},\"potentialAction\":[{\"@type\":\"SearchAction\",\"target\":{\"@type\":\"EntryPoint\",\"urlTemplate\":\"https:\\\/\\\/playwell.ee\\\/?s={search_term_string}\"},\"query-input\":{\"@type\":\"PropertyValueSpecification\",\"valueRequired\":true,\"valueName\":\"search_term_string\"}}],\"inLanguage\":\"en-US\"},{\"@type\":\"Organization\",\"@id\":\"https:\\\/\\\/playwell.ee\\\/#organization\",\"name\":\"Playwell.ee\",\"url\":\"https:\\\/\\\/playwell.ee\\\/\",\"logo\":{\"@type\":\"ImageObject\",\"inLanguage\":\"en-US\",\"@id\":\"https:\\\/\\\/playwell.ee\\\/#\\\/schema\\\/logo\\\/image\\\/\",\"url\":\"https:\\\/\\\/playwell.ee\\\/wp-content\\\/uploads\\\/2024\\\/06\\\/Logo-01-1.png\",\"contentUrl\":\"https:\\\/\\\/playwell.ee\\\/wp-content\\\/uploads\\\/2024\\\/06\\\/Logo-01-1.png\",\"width\":2980,\"height\":1009,\"caption\":\"Playwell.ee\"},\"image\":{\"@id\":\"https:\\\/\\\/playwell.ee\\\/#\\\/schema\\\/logo\\\/image\\\/\"},\"sameAs\":[\"https:\\\/\\\/www.facebook.com\\\/profile.php?id=100091128044867\"]}]}<\/script>\n<!-- \/ Yoast SEO plugin. -->","yoast_head_json":{"title":"LEGO\u00ae Minecraft\u00ae 21278 - R\u00fc\u00fcstajate eelpost ja Laastaja - Ehita oma maailm - klots klotsi haaval","description":"R\u00fc\u00fcstajate eelpost ja Laastaja (21278) on loominguline videom\u00e4ngukingitus lastele, kellele meeldivad LEGO\u00ae Minecraft seiklused.","robots":{"index":"index","follow":"follow","max-snippet":"max-snippet:-1","max-image-preview":"max-image-preview:large","max-video-preview":"max-video-preview:-1"},"canonical":"https:\/\/playwell.ee\/en\/product\/lego-minecraft-21278-ruustajate-eelpost-ja-laastaja\/","og_locale":"en_US","og_type":"article","og_title":"LEGO\u00ae Minecraft\u00ae 21278 - R\u00fc\u00fcstajate eelpost ja Laastaja - Ehita oma maailm - klots klotsi haaval","og_description":"R\u00fc\u00fcstajate eelpost ja Laastaja (21278) on loominguline videom\u00e4ngukingitus lastele, kellele meeldivad LEGO\u00ae Minecraft seiklused.","og_url":"https:\/\/playwell.ee\/en\/product\/lego-minecraft-21278-ruustajate-eelpost-ja-laastaja\/","og_site_name":"Ehita oma maailm - klots klotsi haaval","article_publisher":"https:\/\/www.facebook.com\/profile.php?id=100091128044867","article_modified_time":"2026-05-12T06:31:08+00:00","og_image":[{"width":2400,"height":1769,"url":"https:\/\/playwell.ee\/wp-content\/uploads\/2025\/06\/LEGO_21278_Box1_v29.jpg","type":"image\/jpeg"}],"twitter_card":"summary_large_image","twitter_misc":{"Est. reading time":"2 minutes"},"schema":{"@context":"https:\/\/schema.org","@graph":[{"@type":"WebPage","@id":"https:\/\/playwell.ee\/en\/product\/lego-minecraft-21278-ruustajate-eelpost-ja-laastaja\/","url":"https:\/\/playwell.ee\/en\/product\/lego-minecraft-21278-ruustajate-eelpost-ja-laastaja\/","name":"LEGO\u00ae Minecraft\u00ae 21278 - R\u00fc\u00fcstajate eelpost ja Laastaja - Ehita oma maailm - klots klotsi haaval","isPartOf":{"@id":"https:\/\/playwell.ee\/#website"},"primaryImageOfPage":{"@id":"https:\/\/playwell.ee\/en\/product\/lego-minecraft-21278-ruustajate-eelpost-ja-laastaja\/#primaryimage"},"image":{"@id":"https:\/\/playwell.ee\/en\/product\/lego-minecraft-21278-ruustajate-eelpost-ja-laastaja\/#primaryimage"},"thumbnailUrl":"https:\/\/playwell.ee\/wp-content\/uploads\/2025\/06\/LEGO_21278_Box1_v29.jpg","datePublished":"2025-06-18T17:13:48+00:00","dateModified":"2026-05-12T06:31:08+00:00","description":"R\u00fc\u00fcstajate eelpost ja Laastaja (21278) on loominguline videom\u00e4ngukingitus lastele, kellele meeldivad LEGO\u00ae Minecraft seiklused.","breadcrumb":{"@id":"https:\/\/playwell.ee\/en\/product\/lego-minecraft-21278-ruustajate-eelpost-ja-laastaja\/#breadcrumb"},"inLanguage":"en-US","potentialAction":[{"@type":"ReadAction","target":["https:\/\/playwell.ee\/en\/product\/lego-minecraft-21278-ruustajate-eelpost-ja-laastaja\/"]}]},{"@type":"ImageObject","inLanguage":"en-US","@id":"https:\/\/playwell.ee\/en\/product\/lego-minecraft-21278-ruustajate-eelpost-ja-laastaja\/#primaryimage","url":"https:\/\/playwell.ee\/wp-content\/uploads\/2025\/06\/LEGO_21278_Box1_v29.jpg","contentUrl":"https:\/\/playwell.ee\/wp-content\/uploads\/2025\/06\/LEGO_21278_Box1_v29.jpg","width":2400,"height":1769,"caption":"R\u00fc\u00fcstajate eelpost ja Laastaja 21278"},{"@type":"BreadcrumbList","@id":"https:\/\/playwell.ee\/en\/product\/lego-minecraft-21278-ruustajate-eelpost-ja-laastaja\/#breadcrumb","itemListElement":[{"@type":"ListItem","position":1,"name":"Home","item":"https:\/\/playwell.ee\/en\/"},{"@type":"ListItem","position":2,"name":"All LEGO Products","item":"https:\/\/playwell.ee\/en\/all-products\/"},{"@type":"ListItem","position":3,"name":"LEGO\u00ae Minecraft\u00ae 21278 &#8211; R\u00fc\u00fcstajate eelpost ja Laastaja"}]},{"@type":"WebSite","@id":"https:\/\/playwell.ee\/#website","url":"https:\/\/playwell.ee\/","name":"Ehita oma maailm - klots klotsi haaval","description":"Playwell | LEGO pood Eestis","publisher":{"@id":"https:\/\/playwell.ee\/#organization"},"potentialAction":[{"@type":"SearchAction","target":{"@type":"EntryPoint","urlTemplate":"https:\/\/playwell.ee\/?s={search_term_string}"},"query-input":{"@type":"PropertyValueSpecification","valueRequired":true,"valueName":"search_term_string"}}],"inLanguage":"en-US"},{"@type":"Organization","@id":"https:\/\/playwell.ee\/#organization","name":"Playwell.ee","url":"https:\/\/playwell.ee\/","logo":{"@type":"ImageObject","inLanguage":"en-US","@id":"https:\/\/playwell.ee\/#\/schema\/logo\/image\/","url":"https:\/\/playwell.ee\/wp-content\/uploads\/2024\/06\/Logo-01-1.png","contentUrl":"https:\/\/playwell.ee\/wp-content\/uploads\/2024\/06\/Logo-01-1.png","width":2980,"height":1009,"caption":"Playwell.ee"},"image":{"@id":"https:\/\/playwell.ee\/#\/schema\/logo\/image\/"},"sameAs":["https:\/\/www.facebook.com\/profile.php?id=100091128044867"]}]}},"_links":{"self":[{"href":"https:\/\/playwell.ee\/en\/wp-json\/wp\/v2\/product\/19246","targetHints":{"allow":["GET"]}}],"collection":[{"href":"https:\/\/playwell.ee\/en\/wp-json\/wp\/v2\/product"}],"about":[{"href":"https:\/\/playwell.ee\/en\/wp-json\/wp\/v2\/types\/product"}],"wp:featuredmedia":[{"embeddable":true,"href":"https:\/\/playwell.ee\/en\/wp-json\/wp\/v2\/media\/18273"}],"wp:attachment":[{"href":"https:\/\/playwell.ee\/en\/wp-json\/wp\/v2\/media?parent=19246"}],"wp:term":[{"taxonomy":"product_brand","embeddable":true,"href":"https:\/\/playwell.ee\/en\/wp-json\/wp\/v2\/product_brand?post=19246"},{"taxonomy":"product_cat","embeddable":true,"href":"https:\/\/playwell.ee\/en\/wp-json\/wp\/v2\/product_cat?post=19246"},{"taxonomy":"product_tag","embeddable":true,"href":"https:\/\/playwell.ee\/en\/wp-json\/wp\/v2\/product_tag?post=19246"}],"curies":[{"name":"wp","href":"https:\/\/api.w.org\/{rel}","templated":true}]}}