{"id":19241,"date":"2025-06-18T19:13:48","date_gmt":"2025-06-18T17:13:48","guid":{"rendered":"https:\/\/playwell.ee\/product\/lego-minecraft-21275-tnt-dzunglimaja\/"},"modified":"2026-05-04T21:43:01","modified_gmt":"2026-05-04T19:43:01","slug":"lego-minecraft-21275-tnt-dzunglimaja","status":"publish","type":"product","link":"https:\/\/playwell.ee\/en\/product\/lego-minecraft-21275-tnt-dzunglimaja\/","title":{"rendered":"LEGO\u00ae Minecraft\u00ae 21275 &#8211; TNT d\u017eunglimaja"},"content":{"rendered":"<p>LEGO\u00ae Minecraft\u00ae TNT d\u017eunglimaja (21275) toob m\u00e4ngijatele ja f\u00e4nnidele plahvatusohtlikku p\u00f5nevust. See on mitmek\u00fclgne m\u00e4ngurikingitus 8-aastastele ja vanematele lastele, kellele meeldivad seiklusm\u00e4nguasjad, videom\u00e4ngude sisustusesemed ning Minecrafti m\u00e4rul.<\/p>\n<p>Kokkupandav maja asub Minecrafti d\u017eunglibioomis ja n\u00e4eb v\u00e4lja nagu m\u00e4ngu ikoonilise TNT-elemendi suurem versioon. K\u00fcljel olev l\u00fcliti v\u00f5imaldab lastel k\u00e4ivitada plahvatava TNT-funktsiooni ja kogu maja variseb kokku. Kui tolm hajub, saavad lapsed maja \u00fcmber ehitada, et see oleks j\u00e4rgmiseks seikluseks valmis. Steve&#8217;i, Creeperi\u2122 ja zombi minifiguurid innustavad loovalt m\u00e4ngima ja lahingut pidama. Autentsete LEGO Minecrafti tarvikute hulka kuuluvad paat, \u00f5ngeritv, kala, papagoi ja d\u017eunglitaimestik. Rakendus LEGO\u00ae Builder pakub lastele veelgi l\u00f5busamat v\u00f5imalust kasutada oma seadet mudelite 3D-vormingus suumimiseks ja p\u00f6\u00f6ramiseks. Sisaldab 287 t\u00fckki.<\/p>\n<p>LEGO\u00ae Minecraft\u00ae m\u00e4ngumaja \u2013 anna laste k\u00e4ttesse plahvatusohtlik Minecrafti tegevus, kasutades TNT d\u017eunglimaja videom\u00e4ngu kogutavat f\u00e4nnikaupa, mis on m\u00f5eldud alates 8-aastastele t\u00fcdrukutele ja poistele<br \/>\nMinecraft\u00ae kogumisobjektid \u2013 m\u00e4nguasjas on Steve&#8217;i, Creeperi\u2122 ja zombi minifiguurid, lisaks tarvikud, sealhulgas kala, \u00f5ngeritv ja papagoi, et innustada lapsi loovalt m\u00e4ngima<br \/>\nLoominguline ehitusm\u00e4nguasi \u2013 Minecraft\u00ae m\u00e4ngijad saavad liituda videom\u00e4ngu populaarse tegelase Steve&#8217;iga, et v\u00f5idelda vaenulike j\u00f5ukudega ja ehitada plahvatusfunktsiooniga TNT-kujuline maja<br \/>\nPlahvatav LEGO\u00ae Minecraft\u00ae seiklusm\u00e4nguasi \u2013 lapsed saavad l\u00fclitit vajutada, et k\u00e4ivitada plahvatusfunktsioon, mis paneb maja laed ja seinad kokku varisema<br \/>\nS\u00fcnnip\u00e4evakingitus t\u00fcdrukutele ja poistele \u2013 see majam\u00e4ngukomplekt on s\u00fcnnip\u00e4eva-, p\u00fchade- v\u00f5i mis tahes t\u00e4htp\u00e4eva kingiidee alates 8-aastastele lastele, kellele meeldib Minecraft\u00ae, LEGO\u00ae ehitamine v\u00f5i videom\u00e4nguasjad<br \/>\nLaienda m\u00e4ngur\u00f5\u00f5mu \u2013 tutvu k\u00f5igi LEGO\u00ae Minecraft\u00aem\u00e4nguasjadega (m\u00fc\u00fcakse eraldi), et oleks rohkem \u00e4gedat m\u00e4ngu<br \/>\nRealistlik Minecraft\u00ae \u2013 LEGO\u00ae Minecraft ehituskomplektid v\u00f5imaldavad lastel nautida populaarset videom\u00e4ngu uuel viisil, kuna elanikud, stseenid ja detailid on ellu \u00e4ratatud praktilisi loovm\u00e4nguv\u00f5imalusi pakkuvate LEGO klotside abil<br \/>\n287-osaline komplekt \u2013 kokkupanduna on majamudel 10 cm k\u00f5rge, 24 cm lai ja 17 cm s\u00fcgav<\/p>\n","protected":false},"excerpt":{"rendered":"<p><strong>Tasuta tarne alates 120\u20ac * Kogu kaup Eesti laos olemas * Kiire tarne<\/strong><\/p>\n<ul>\n<li>Osasi: 287<\/li>\n<li>Vanus: 8+<\/li>\n<\/ul>\n","protected":false},"featured_media":18209,"template":"","meta":[],"product_brand":[],"product_cat":[161],"product_tag":[189],"class_list":{"0":"post-19241","1":"product","2":"type-product","3":"status-publish","4":"has-post-thumbnail","6":"product_cat-minecraft-en","7":"product_tag-8-en","9":"first","10":"instock","11":"taxable","12":"shipping-taxable","13":"purchasable","14":"product-type-simple","15":"add-to-wishlist-after_add_to_cart"},"yoast_head":"<!-- This site is optimized with the Yoast SEO plugin v27.4 - https:\/\/yoast.com\/product\/yoast-seo-wordpress\/ -->\n<title>LEGO\u00ae Minecraft\u00ae 21275 - TNT d\u017eunglimaja - Ehita oma maailm - klots klotsi haaval<\/title>\n<meta name=\"description\" content=\"LEGO\u00ae Minecraft\u00ae TNT d\u017eunglimaja (21275) toob 8-aastastele ja vanematele m\u00e4ngijatele ja f\u00e4nnidele plahvatusohtlikku p\u00f5nevust.\" \/>\n<meta name=\"robots\" content=\"index, follow, max-snippet:-1, max-image-preview:large, max-video-preview:-1\" \/>\n<link rel=\"canonical\" href=\"https:\/\/playwell.ee\/en\/product\/lego-minecraft-21275-tnt-dzunglimaja\/\" \/>\n<meta property=\"og:locale\" content=\"en_US\" \/>\n<meta property=\"og:type\" content=\"article\" \/>\n<meta property=\"og:title\" content=\"LEGO\u00ae Minecraft\u00ae 21275 - TNT d\u017eunglimaja - Ehita oma maailm - klots klotsi haaval\" \/>\n<meta property=\"og:description\" content=\"LEGO\u00ae Minecraft\u00ae TNT d\u017eunglimaja (21275) toob 8-aastastele ja vanematele m\u00e4ngijatele ja f\u00e4nnidele plahvatusohtlikku p\u00f5nevust.\" \/>\n<meta property=\"og:url\" content=\"https:\/\/playwell.ee\/en\/product\/lego-minecraft-21275-tnt-dzunglimaja\/\" \/>\n<meta property=\"og:site_name\" content=\"Ehita oma maailm - klots klotsi haaval\" \/>\n<meta property=\"article:publisher\" content=\"https:\/\/www.facebook.com\/profile.php?id=100091128044867\" \/>\n<meta property=\"article:modified_time\" content=\"2026-05-04T19:43:01+00:00\" \/>\n<meta property=\"og:image\" content=\"https:\/\/playwell.ee\/wp-content\/uploads\/2025\/06\/LEGO_21275_Box1_v39.jpg\" \/>\n\t<meta property=\"og:image:width\" content=\"2400\" \/>\n\t<meta property=\"og:image:height\" content=\"1589\" \/>\n\t<meta property=\"og:image:type\" content=\"image\/jpeg\" \/>\n<meta name=\"twitter:card\" content=\"summary_large_image\" \/>\n<meta name=\"twitter:label1\" content=\"Est. reading time\" \/>\n\t<meta name=\"twitter:data1\" content=\"2 minutes\" \/>\n<script type=\"application\/ld+json\" class=\"yoast-schema-graph\">{\"@context\":\"https:\\\/\\\/schema.org\",\"@graph\":[{\"@type\":\"WebPage\",\"@id\":\"https:\\\/\\\/playwell.ee\\\/en\\\/product\\\/lego-minecraft-21275-tnt-dzunglimaja\\\/\",\"url\":\"https:\\\/\\\/playwell.ee\\\/en\\\/product\\\/lego-minecraft-21275-tnt-dzunglimaja\\\/\",\"name\":\"LEGO\u00ae Minecraft\u00ae 21275 - TNT d\u017eunglimaja - Ehita oma maailm - klots klotsi haaval\",\"isPartOf\":{\"@id\":\"https:\\\/\\\/playwell.ee\\\/#website\"},\"primaryImageOfPage\":{\"@id\":\"https:\\\/\\\/playwell.ee\\\/en\\\/product\\\/lego-minecraft-21275-tnt-dzunglimaja\\\/#primaryimage\"},\"image\":{\"@id\":\"https:\\\/\\\/playwell.ee\\\/en\\\/product\\\/lego-minecraft-21275-tnt-dzunglimaja\\\/#primaryimage\"},\"thumbnailUrl\":\"https:\\\/\\\/playwell.ee\\\/wp-content\\\/uploads\\\/2025\\\/06\\\/LEGO_21275_Box1_v39.jpg\",\"datePublished\":\"2025-06-18T17:13:48+00:00\",\"dateModified\":\"2026-05-04T19:43:01+00:00\",\"description\":\"LEGO\u00ae Minecraft\u00ae TNT d\u017eunglimaja (21275) toob 8-aastastele ja vanematele m\u00e4ngijatele ja f\u00e4nnidele plahvatusohtlikku p\u00f5nevust.\",\"breadcrumb\":{\"@id\":\"https:\\\/\\\/playwell.ee\\\/en\\\/product\\\/lego-minecraft-21275-tnt-dzunglimaja\\\/#breadcrumb\"},\"inLanguage\":\"en-US\",\"potentialAction\":[{\"@type\":\"ReadAction\",\"target\":[\"https:\\\/\\\/playwell.ee\\\/en\\\/product\\\/lego-minecraft-21275-tnt-dzunglimaja\\\/\"]}]},{\"@type\":\"ImageObject\",\"inLanguage\":\"en-US\",\"@id\":\"https:\\\/\\\/playwell.ee\\\/en\\\/product\\\/lego-minecraft-21275-tnt-dzunglimaja\\\/#primaryimage\",\"url\":\"https:\\\/\\\/playwell.ee\\\/wp-content\\\/uploads\\\/2025\\\/06\\\/LEGO_21275_Box1_v39.jpg\",\"contentUrl\":\"https:\\\/\\\/playwell.ee\\\/wp-content\\\/uploads\\\/2025\\\/06\\\/LEGO_21275_Box1_v39.jpg\",\"width\":2400,\"height\":1589,\"caption\":\"TNT d\u017eunglimaja 21275\"},{\"@type\":\"BreadcrumbList\",\"@id\":\"https:\\\/\\\/playwell.ee\\\/en\\\/product\\\/lego-minecraft-21275-tnt-dzunglimaja\\\/#breadcrumb\",\"itemListElement\":[{\"@type\":\"ListItem\",\"position\":1,\"name\":\"Home\",\"item\":\"https:\\\/\\\/playwell.ee\\\/en\\\/\"},{\"@type\":\"ListItem\",\"position\":2,\"name\":\"All LEGO Products\",\"item\":\"https:\\\/\\\/playwell.ee\\\/en\\\/all-products\\\/\"},{\"@type\":\"ListItem\",\"position\":3,\"name\":\"LEGO\u00ae Minecraft\u00ae 21275 &#8211; TNT d\u017eunglimaja\"}]},{\"@type\":\"WebSite\",\"@id\":\"https:\\\/\\\/playwell.ee\\\/#website\",\"url\":\"https:\\\/\\\/playwell.ee\\\/\",\"name\":\"Ehita oma maailm - klots klotsi haaval\",\"description\":\"Playwell | LEGO pood Eestis\",\"publisher\":{\"@id\":\"https:\\\/\\\/playwell.ee\\\/#organization\"},\"potentialAction\":[{\"@type\":\"SearchAction\",\"target\":{\"@type\":\"EntryPoint\",\"urlTemplate\":\"https:\\\/\\\/playwell.ee\\\/?s={search_term_string}\"},\"query-input\":{\"@type\":\"PropertyValueSpecification\",\"valueRequired\":true,\"valueName\":\"search_term_string\"}}],\"inLanguage\":\"en-US\"},{\"@type\":\"Organization\",\"@id\":\"https:\\\/\\\/playwell.ee\\\/#organization\",\"name\":\"Playwell.ee\",\"url\":\"https:\\\/\\\/playwell.ee\\\/\",\"logo\":{\"@type\":\"ImageObject\",\"inLanguage\":\"en-US\",\"@id\":\"https:\\\/\\\/playwell.ee\\\/#\\\/schema\\\/logo\\\/image\\\/\",\"url\":\"https:\\\/\\\/playwell.ee\\\/wp-content\\\/uploads\\\/2024\\\/06\\\/Logo-01-1.png\",\"contentUrl\":\"https:\\\/\\\/playwell.ee\\\/wp-content\\\/uploads\\\/2024\\\/06\\\/Logo-01-1.png\",\"width\":2980,\"height\":1009,\"caption\":\"Playwell.ee\"},\"image\":{\"@id\":\"https:\\\/\\\/playwell.ee\\\/#\\\/schema\\\/logo\\\/image\\\/\"},\"sameAs\":[\"https:\\\/\\\/www.facebook.com\\\/profile.php?id=100091128044867\"]}]}<\/script>\n<!-- \/ Yoast SEO plugin. -->","yoast_head_json":{"title":"LEGO\u00ae Minecraft\u00ae 21275 - TNT d\u017eunglimaja - Ehita oma maailm - klots klotsi haaval","description":"LEGO\u00ae Minecraft\u00ae TNT d\u017eunglimaja (21275) toob 8-aastastele ja vanematele m\u00e4ngijatele ja f\u00e4nnidele plahvatusohtlikku p\u00f5nevust.","robots":{"index":"index","follow":"follow","max-snippet":"max-snippet:-1","max-image-preview":"max-image-preview:large","max-video-preview":"max-video-preview:-1"},"canonical":"https:\/\/playwell.ee\/en\/product\/lego-minecraft-21275-tnt-dzunglimaja\/","og_locale":"en_US","og_type":"article","og_title":"LEGO\u00ae Minecraft\u00ae 21275 - TNT d\u017eunglimaja - Ehita oma maailm - klots klotsi haaval","og_description":"LEGO\u00ae Minecraft\u00ae TNT d\u017eunglimaja (21275) toob 8-aastastele ja vanematele m\u00e4ngijatele ja f\u00e4nnidele plahvatusohtlikku p\u00f5nevust.","og_url":"https:\/\/playwell.ee\/en\/product\/lego-minecraft-21275-tnt-dzunglimaja\/","og_site_name":"Ehita oma maailm - klots klotsi haaval","article_publisher":"https:\/\/www.facebook.com\/profile.php?id=100091128044867","article_modified_time":"2026-05-04T19:43:01+00:00","og_image":[{"width":2400,"height":1589,"url":"https:\/\/playwell.ee\/wp-content\/uploads\/2025\/06\/LEGO_21275_Box1_v39.jpg","type":"image\/jpeg"}],"twitter_card":"summary_large_image","twitter_misc":{"Est. reading time":"2 minutes"},"schema":{"@context":"https:\/\/schema.org","@graph":[{"@type":"WebPage","@id":"https:\/\/playwell.ee\/en\/product\/lego-minecraft-21275-tnt-dzunglimaja\/","url":"https:\/\/playwell.ee\/en\/product\/lego-minecraft-21275-tnt-dzunglimaja\/","name":"LEGO\u00ae Minecraft\u00ae 21275 - TNT d\u017eunglimaja - Ehita oma maailm - klots klotsi haaval","isPartOf":{"@id":"https:\/\/playwell.ee\/#website"},"primaryImageOfPage":{"@id":"https:\/\/playwell.ee\/en\/product\/lego-minecraft-21275-tnt-dzunglimaja\/#primaryimage"},"image":{"@id":"https:\/\/playwell.ee\/en\/product\/lego-minecraft-21275-tnt-dzunglimaja\/#primaryimage"},"thumbnailUrl":"https:\/\/playwell.ee\/wp-content\/uploads\/2025\/06\/LEGO_21275_Box1_v39.jpg","datePublished":"2025-06-18T17:13:48+00:00","dateModified":"2026-05-04T19:43:01+00:00","description":"LEGO\u00ae Minecraft\u00ae TNT d\u017eunglimaja (21275) toob 8-aastastele ja vanematele m\u00e4ngijatele ja f\u00e4nnidele plahvatusohtlikku p\u00f5nevust.","breadcrumb":{"@id":"https:\/\/playwell.ee\/en\/product\/lego-minecraft-21275-tnt-dzunglimaja\/#breadcrumb"},"inLanguage":"en-US","potentialAction":[{"@type":"ReadAction","target":["https:\/\/playwell.ee\/en\/product\/lego-minecraft-21275-tnt-dzunglimaja\/"]}]},{"@type":"ImageObject","inLanguage":"en-US","@id":"https:\/\/playwell.ee\/en\/product\/lego-minecraft-21275-tnt-dzunglimaja\/#primaryimage","url":"https:\/\/playwell.ee\/wp-content\/uploads\/2025\/06\/LEGO_21275_Box1_v39.jpg","contentUrl":"https:\/\/playwell.ee\/wp-content\/uploads\/2025\/06\/LEGO_21275_Box1_v39.jpg","width":2400,"height":1589,"caption":"TNT d\u017eunglimaja 21275"},{"@type":"BreadcrumbList","@id":"https:\/\/playwell.ee\/en\/product\/lego-minecraft-21275-tnt-dzunglimaja\/#breadcrumb","itemListElement":[{"@type":"ListItem","position":1,"name":"Home","item":"https:\/\/playwell.ee\/en\/"},{"@type":"ListItem","position":2,"name":"All LEGO Products","item":"https:\/\/playwell.ee\/en\/all-products\/"},{"@type":"ListItem","position":3,"name":"LEGO\u00ae Minecraft\u00ae 21275 &#8211; TNT d\u017eunglimaja"}]},{"@type":"WebSite","@id":"https:\/\/playwell.ee\/#website","url":"https:\/\/playwell.ee\/","name":"Ehita oma maailm - klots klotsi haaval","description":"Playwell | LEGO pood Eestis","publisher":{"@id":"https:\/\/playwell.ee\/#organization"},"potentialAction":[{"@type":"SearchAction","target":{"@type":"EntryPoint","urlTemplate":"https:\/\/playwell.ee\/?s={search_term_string}"},"query-input":{"@type":"PropertyValueSpecification","valueRequired":true,"valueName":"search_term_string"}}],"inLanguage":"en-US"},{"@type":"Organization","@id":"https:\/\/playwell.ee\/#organization","name":"Playwell.ee","url":"https:\/\/playwell.ee\/","logo":{"@type":"ImageObject","inLanguage":"en-US","@id":"https:\/\/playwell.ee\/#\/schema\/logo\/image\/","url":"https:\/\/playwell.ee\/wp-content\/uploads\/2024\/06\/Logo-01-1.png","contentUrl":"https:\/\/playwell.ee\/wp-content\/uploads\/2024\/06\/Logo-01-1.png","width":2980,"height":1009,"caption":"Playwell.ee"},"image":{"@id":"https:\/\/playwell.ee\/#\/schema\/logo\/image\/"},"sameAs":["https:\/\/www.facebook.com\/profile.php?id=100091128044867"]}]}},"_links":{"self":[{"href":"https:\/\/playwell.ee\/en\/wp-json\/wp\/v2\/product\/19241","targetHints":{"allow":["GET"]}}],"collection":[{"href":"https:\/\/playwell.ee\/en\/wp-json\/wp\/v2\/product"}],"about":[{"href":"https:\/\/playwell.ee\/en\/wp-json\/wp\/v2\/types\/product"}],"wp:featuredmedia":[{"embeddable":true,"href":"https:\/\/playwell.ee\/en\/wp-json\/wp\/v2\/media\/18209"}],"wp:attachment":[{"href":"https:\/\/playwell.ee\/en\/wp-json\/wp\/v2\/media?parent=19241"}],"wp:term":[{"taxonomy":"product_brand","embeddable":true,"href":"https:\/\/playwell.ee\/en\/wp-json\/wp\/v2\/product_brand?post=19241"},{"taxonomy":"product_cat","embeddable":true,"href":"https:\/\/playwell.ee\/en\/wp-json\/wp\/v2\/product_cat?post=19241"},{"taxonomy":"product_tag","embeddable":true,"href":"https:\/\/playwell.ee\/en\/wp-json\/wp\/v2\/product_tag?post=19241"}],"curies":[{"name":"wp","href":"https:\/\/api.w.org\/{rel}","templated":true}]}}