{"id":19239,"date":"2025-06-18T19:13:48","date_gmt":"2025-06-18T17:13:48","guid":{"rendered":"https:\/\/playwell.ee\/product\/lego-marvel-76327-iron-man-mk4-bust\/"},"modified":"2025-08-04T16:20:34","modified_gmt":"2025-08-04T14:20:34","slug":"lego-marvel-76327-iron-man-mk4-bust","status":"publish","type":"product","link":"https:\/\/playwell.ee\/en\/product\/lego-marvel-76327-iron-man-mk4-bust\/","title":{"rendered":"LEGO\u00ae Marvel 76327 &#8211; Iron Man MK4 b\u00fcst"},"content":{"rendered":"<p>LEGO\u00ae \u01c0 Marvel Iron Man MK4 b\u00fcst (76327) on austusavaldus Marveli kinouniversumi \u00fche populaarseimale tegelasele. 436 detaili ja tugeva alusega ehituskomplekt on muljetavaldav kogutav esitlusese, mis r\u00f5\u00f5mustab kogenud mudelitegijaid, Marveli f\u00e4nne ja superkangelaste t\u00e4iskasvanud entusiaste.<\/p>\n<p>See kokkupandav superkangelase komplekt on koopia MK4 r\u00fc\u00fcst Marvel Studiose filmist Raudmees 3. 436-osaline mudeliehituskomplekt sisaldab kahte reguleeritavat klappi tagak\u00fcljel, kahte sisset\u00f5mmatavat \u00f5lakahurit ja p\u00f6\u00f6rlevat pead. Tugeval alusel on tr\u00fckitud nimesilt ja eemaldatav Iron Mani minifiguur. Seda kaasahaaravat ja r\u00f5\u00f5mupakkuvat ehituskogemust t\u00e4iendab komplekti ehitusjuhiste digitaalne versioon, mille leiad LEGO Builderi rakendusest.<\/p>\n<p>LEGO\u00ae \u01c0 Marvel Iron Mani figuur t\u00e4iskasvanutele \u2013 Iron Man MK4 b\u00fcst on kogutav ehitus- ja esitlusomplekt kogenud mudelivalmistajatele ja superkangelaste t\u00e4iskasvanud f\u00e4nnidele<br \/>\nKokkupandav Iron Mani mudelikomplekt \u2013 see t\u00e4iskasvanutele m\u00f5eldud ehituskomplekt on koopia MK4 r\u00fc\u00fcst Marvel Studiose filmist Iron Man 3<br \/>\nAutentselt detailne \u2013 esitlemiseks sobival LEGO\u00ae \u01c0 Marvel Tasujate tegelaskujul on seljal 2 reguleeritavat klappi, 2 sisset\u00f5mmatavat \u00f5lakahurit ja p\u00f6\u00f6rlev pea<br \/>\nSuperkangelase v\u00e4ljapanek \u2013 tugeval alusel on tr\u00fckitud nimesilt ja eemaldatav LEGO\u00ae \u01c0 Marvel Iron Mani minifiguur<br \/>\nKingitus superkangelaste t\u00e4iskasvanud f\u00e4nnidele \u2013 see ehitusprojekt Marveli filmihuvilistele on vinge kingiidee isale, emale v\u00f5i igale t\u00e4iskasvanule, sealhulgas iseendale<br \/>\nKvaliteetsed juhised \u2013 bro\u0161\u00fc\u00fcr sisaldab \u00fcksikasjalikke ehitusjuhiseid, kujundusdetaile ja palju muud ning LEGO\u00ae Builder rakendus sisaldab sama juhendi digitaalset versiooni<br \/>\nRohkem t\u00e4iskasvanutele m\u00f5eldud komplekte \u2013 see kokkupandav mudel on osa LEGO\u00ae komplektide tootevalikust t\u00e4iskasvanutele, mis on loodud pakkuma m\u00f5nusat ja kaasahaaravat elamust igale mudelite ehitamise entusiastile<br \/>\n436-osaline komplekt \u2013 kokkupanduna on b\u00fcst 17 cm k\u00f5rge, 17 cm lai ja 8 cm s\u00fcgav<\/p>\n","protected":false},"excerpt":{"rendered":"<p><strong>Tasuta tarne alates 120\u20ac * Kogu kaup Eesti laos olemas * Kiire tarne<\/strong><\/p>\n<ul>\n<li>Osasi: 436<\/li>\n<li>Vanus: 18+<\/li>\n<\/ul>\n","protected":false},"featured_media":19110,"template":"","meta":[],"product_brand":[],"product_cat":[160],"product_tag":[173],"class_list":{"0":"post-19239","1":"product","2":"type-product","3":"status-publish","4":"has-post-thumbnail","6":"product_cat-marvel-en","7":"product_tag-18-en","8":"new","10":"first","11":"instock","12":"taxable","13":"shipping-taxable","14":"purchasable","15":"product-type-simple","16":"add-to-wishlist-after_add_to_cart"},"yoast_head":"<!-- This site is optimized with the Yoast SEO plugin v27.4 - https:\/\/yoast.com\/product\/yoast-seo-wordpress\/ -->\n<title>LEGO\u00ae Marvel 76327 - Iron Man MK4 b\u00fcst - Ehita oma maailm - klots klotsi haaval<\/title>\n<meta name=\"description\" content=\"LEGO\u00ae \u01c0 Marvel Iron Man MK4 b\u00fcst (76327) on austusavaldus Marveli kinouniversumi \u00fche populaarseimale tegelasele\" \/>\n<meta name=\"robots\" content=\"index, follow, max-snippet:-1, max-image-preview:large, max-video-preview:-1\" \/>\n<link rel=\"canonical\" href=\"https:\/\/playwell.ee\/toode\/lego-marvel-76327-iron-man-mk4-bust\/\" \/>\n<meta property=\"og:locale\" content=\"en_US\" \/>\n<meta property=\"og:type\" content=\"article\" \/>\n<meta property=\"og:title\" content=\"LEGO\u00ae Marvel 76327 - Iron Man MK4 b\u00fcst - Ehita oma maailm - klots klotsi haaval\" \/>\n<meta property=\"og:description\" content=\"LEGO\u00ae \u01c0 Marvel Iron Man MK4 b\u00fcst (76327) on austusavaldus Marveli kinouniversumi \u00fche populaarseimale tegelasele\" \/>\n<meta property=\"og:url\" content=\"https:\/\/playwell.ee\/toode\/lego-marvel-76327-iron-man-mk4-bust\/\" \/>\n<meta property=\"og:site_name\" content=\"Ehita oma maailm - klots klotsi haaval\" \/>\n<meta property=\"article:publisher\" content=\"https:\/\/www.facebook.com\/profile.php?id=100091128044867\" \/>\n<meta property=\"article:modified_time\" content=\"2025-08-04T14:20:34+00:00\" \/>\n<meta property=\"og:image\" content=\"https:\/\/playwell.ee\/wp-content\/uploads\/2025\/06\/LEGO_76327_Box1_v29.jpg\" \/>\n\t<meta property=\"og:image:width\" content=\"1439\" \/>\n\t<meta property=\"og:image:height\" content=\"1800\" \/>\n\t<meta property=\"og:image:type\" content=\"image\/jpeg\" \/>\n<meta name=\"twitter:card\" content=\"summary_large_image\" \/>\n<meta name=\"twitter:label1\" content=\"Est. reading time\" \/>\n\t<meta name=\"twitter:data1\" content=\"2 minutes\" \/>\n<script type=\"application\/ld+json\" class=\"yoast-schema-graph\">{\"@context\":\"https:\\\/\\\/schema.org\",\"@graph\":[{\"@type\":\"WebPage\",\"@id\":\"https:\\\/\\\/playwell.ee\\\/toode\\\/lego-marvel-76327-iron-man-mk4-bust\\\/\",\"url\":\"https:\\\/\\\/playwell.ee\\\/toode\\\/lego-marvel-76327-iron-man-mk4-bust\\\/\",\"name\":\"LEGO\u00ae Marvel 76327 - Iron Man MK4 b\u00fcst - Ehita oma maailm - klots klotsi haaval\",\"isPartOf\":{\"@id\":\"https:\\\/\\\/playwell.ee\\\/#website\"},\"primaryImageOfPage\":{\"@id\":\"https:\\\/\\\/playwell.ee\\\/toode\\\/lego-marvel-76327-iron-man-mk4-bust\\\/#primaryimage\"},\"image\":{\"@id\":\"https:\\\/\\\/playwell.ee\\\/toode\\\/lego-marvel-76327-iron-man-mk4-bust\\\/#primaryimage\"},\"thumbnailUrl\":\"https:\\\/\\\/playwell.ee\\\/wp-content\\\/uploads\\\/2025\\\/06\\\/LEGO_76327_Box1_v29.jpg\",\"datePublished\":\"2025-06-18T17:13:48+00:00\",\"dateModified\":\"2025-08-04T14:20:34+00:00\",\"description\":\"LEGO\u00ae \u01c0 Marvel Iron Man MK4 b\u00fcst (76327) on austusavaldus Marveli kinouniversumi \u00fche populaarseimale tegelasele\",\"breadcrumb\":{\"@id\":\"https:\\\/\\\/playwell.ee\\\/toode\\\/lego-marvel-76327-iron-man-mk4-bust\\\/#breadcrumb\"},\"inLanguage\":\"en-US\",\"potentialAction\":[{\"@type\":\"ReadAction\",\"target\":[\"https:\\\/\\\/playwell.ee\\\/toode\\\/lego-marvel-76327-iron-man-mk4-bust\\\/\"]}]},{\"@type\":\"ImageObject\",\"inLanguage\":\"en-US\",\"@id\":\"https:\\\/\\\/playwell.ee\\\/toode\\\/lego-marvel-76327-iron-man-mk4-bust\\\/#primaryimage\",\"url\":\"https:\\\/\\\/playwell.ee\\\/wp-content\\\/uploads\\\/2025\\\/06\\\/LEGO_76327_Box1_v29.jpg\",\"contentUrl\":\"https:\\\/\\\/playwell.ee\\\/wp-content\\\/uploads\\\/2025\\\/06\\\/LEGO_76327_Box1_v29.jpg\",\"width\":1439,\"height\":1800,\"caption\":\"Iron Man MK4 b\u00fcst 76327\"},{\"@type\":\"BreadcrumbList\",\"@id\":\"https:\\\/\\\/playwell.ee\\\/toode\\\/lego-marvel-76327-iron-man-mk4-bust\\\/#breadcrumb\",\"itemListElement\":[{\"@type\":\"ListItem\",\"position\":1,\"name\":\"Home\",\"item\":\"https:\\\/\\\/playwell.ee\\\/en\\\/\"},{\"@type\":\"ListItem\",\"position\":2,\"name\":\"All LEGO Products\",\"item\":\"https:\\\/\\\/playwell.ee\\\/en\\\/all-products\\\/\"},{\"@type\":\"ListItem\",\"position\":3,\"name\":\"LEGO\u00ae Marvel 76327 &#8211; Iron Man MK4 b\u00fcst\"}]},{\"@type\":\"WebSite\",\"@id\":\"https:\\\/\\\/playwell.ee\\\/#website\",\"url\":\"https:\\\/\\\/playwell.ee\\\/\",\"name\":\"Ehita oma maailm - klots klotsi haaval\",\"description\":\"Playwell | LEGO pood Eestis\",\"publisher\":{\"@id\":\"https:\\\/\\\/playwell.ee\\\/#organization\"},\"potentialAction\":[{\"@type\":\"SearchAction\",\"target\":{\"@type\":\"EntryPoint\",\"urlTemplate\":\"https:\\\/\\\/playwell.ee\\\/?s={search_term_string}\"},\"query-input\":{\"@type\":\"PropertyValueSpecification\",\"valueRequired\":true,\"valueName\":\"search_term_string\"}}],\"inLanguage\":\"en-US\"},{\"@type\":\"Organization\",\"@id\":\"https:\\\/\\\/playwell.ee\\\/#organization\",\"name\":\"Playwell.ee\",\"url\":\"https:\\\/\\\/playwell.ee\\\/\",\"logo\":{\"@type\":\"ImageObject\",\"inLanguage\":\"en-US\",\"@id\":\"https:\\\/\\\/playwell.ee\\\/#\\\/schema\\\/logo\\\/image\\\/\",\"url\":\"https:\\\/\\\/playwell.ee\\\/wp-content\\\/uploads\\\/2024\\\/06\\\/Logo-01-1.png\",\"contentUrl\":\"https:\\\/\\\/playwell.ee\\\/wp-content\\\/uploads\\\/2024\\\/06\\\/Logo-01-1.png\",\"width\":2980,\"height\":1009,\"caption\":\"Playwell.ee\"},\"image\":{\"@id\":\"https:\\\/\\\/playwell.ee\\\/#\\\/schema\\\/logo\\\/image\\\/\"},\"sameAs\":[\"https:\\\/\\\/www.facebook.com\\\/profile.php?id=100091128044867\"]}]}<\/script>\n<!-- \/ Yoast SEO plugin. -->","yoast_head_json":{"title":"LEGO\u00ae Marvel 76327 - Iron Man MK4 b\u00fcst - Ehita oma maailm - klots klotsi haaval","description":"LEGO\u00ae \u01c0 Marvel Iron Man MK4 b\u00fcst (76327) on austusavaldus Marveli kinouniversumi \u00fche populaarseimale tegelasele","robots":{"index":"index","follow":"follow","max-snippet":"max-snippet:-1","max-image-preview":"max-image-preview:large","max-video-preview":"max-video-preview:-1"},"canonical":"https:\/\/playwell.ee\/toode\/lego-marvel-76327-iron-man-mk4-bust\/","og_locale":"en_US","og_type":"article","og_title":"LEGO\u00ae Marvel 76327 - Iron Man MK4 b\u00fcst - Ehita oma maailm - klots klotsi haaval","og_description":"LEGO\u00ae \u01c0 Marvel Iron Man MK4 b\u00fcst (76327) on austusavaldus Marveli kinouniversumi \u00fche populaarseimale tegelasele","og_url":"https:\/\/playwell.ee\/toode\/lego-marvel-76327-iron-man-mk4-bust\/","og_site_name":"Ehita oma maailm - klots klotsi haaval","article_publisher":"https:\/\/www.facebook.com\/profile.php?id=100091128044867","article_modified_time":"2025-08-04T14:20:34+00:00","og_image":[{"width":1439,"height":1800,"url":"https:\/\/playwell.ee\/wp-content\/uploads\/2025\/06\/LEGO_76327_Box1_v29.jpg","type":"image\/jpeg"}],"twitter_card":"summary_large_image","twitter_misc":{"Est. reading time":"2 minutes"},"schema":{"@context":"https:\/\/schema.org","@graph":[{"@type":"WebPage","@id":"https:\/\/playwell.ee\/toode\/lego-marvel-76327-iron-man-mk4-bust\/","url":"https:\/\/playwell.ee\/toode\/lego-marvel-76327-iron-man-mk4-bust\/","name":"LEGO\u00ae Marvel 76327 - Iron Man MK4 b\u00fcst - Ehita oma maailm - klots klotsi haaval","isPartOf":{"@id":"https:\/\/playwell.ee\/#website"},"primaryImageOfPage":{"@id":"https:\/\/playwell.ee\/toode\/lego-marvel-76327-iron-man-mk4-bust\/#primaryimage"},"image":{"@id":"https:\/\/playwell.ee\/toode\/lego-marvel-76327-iron-man-mk4-bust\/#primaryimage"},"thumbnailUrl":"https:\/\/playwell.ee\/wp-content\/uploads\/2025\/06\/LEGO_76327_Box1_v29.jpg","datePublished":"2025-06-18T17:13:48+00:00","dateModified":"2025-08-04T14:20:34+00:00","description":"LEGO\u00ae \u01c0 Marvel Iron Man MK4 b\u00fcst (76327) on austusavaldus Marveli kinouniversumi \u00fche populaarseimale tegelasele","breadcrumb":{"@id":"https:\/\/playwell.ee\/toode\/lego-marvel-76327-iron-man-mk4-bust\/#breadcrumb"},"inLanguage":"en-US","potentialAction":[{"@type":"ReadAction","target":["https:\/\/playwell.ee\/toode\/lego-marvel-76327-iron-man-mk4-bust\/"]}]},{"@type":"ImageObject","inLanguage":"en-US","@id":"https:\/\/playwell.ee\/toode\/lego-marvel-76327-iron-man-mk4-bust\/#primaryimage","url":"https:\/\/playwell.ee\/wp-content\/uploads\/2025\/06\/LEGO_76327_Box1_v29.jpg","contentUrl":"https:\/\/playwell.ee\/wp-content\/uploads\/2025\/06\/LEGO_76327_Box1_v29.jpg","width":1439,"height":1800,"caption":"Iron Man MK4 b\u00fcst 76327"},{"@type":"BreadcrumbList","@id":"https:\/\/playwell.ee\/toode\/lego-marvel-76327-iron-man-mk4-bust\/#breadcrumb","itemListElement":[{"@type":"ListItem","position":1,"name":"Home","item":"https:\/\/playwell.ee\/en\/"},{"@type":"ListItem","position":2,"name":"All LEGO Products","item":"https:\/\/playwell.ee\/en\/all-products\/"},{"@type":"ListItem","position":3,"name":"LEGO\u00ae Marvel 76327 &#8211; Iron Man MK4 b\u00fcst"}]},{"@type":"WebSite","@id":"https:\/\/playwell.ee\/#website","url":"https:\/\/playwell.ee\/","name":"Ehita oma maailm - klots klotsi haaval","description":"Playwell | LEGO pood Eestis","publisher":{"@id":"https:\/\/playwell.ee\/#organization"},"potentialAction":[{"@type":"SearchAction","target":{"@type":"EntryPoint","urlTemplate":"https:\/\/playwell.ee\/?s={search_term_string}"},"query-input":{"@type":"PropertyValueSpecification","valueRequired":true,"valueName":"search_term_string"}}],"inLanguage":"en-US"},{"@type":"Organization","@id":"https:\/\/playwell.ee\/#organization","name":"Playwell.ee","url":"https:\/\/playwell.ee\/","logo":{"@type":"ImageObject","inLanguage":"en-US","@id":"https:\/\/playwell.ee\/#\/schema\/logo\/image\/","url":"https:\/\/playwell.ee\/wp-content\/uploads\/2024\/06\/Logo-01-1.png","contentUrl":"https:\/\/playwell.ee\/wp-content\/uploads\/2024\/06\/Logo-01-1.png","width":2980,"height":1009,"caption":"Playwell.ee"},"image":{"@id":"https:\/\/playwell.ee\/#\/schema\/logo\/image\/"},"sameAs":["https:\/\/www.facebook.com\/profile.php?id=100091128044867"]}]}},"_links":{"self":[{"href":"https:\/\/playwell.ee\/en\/wp-json\/wp\/v2\/product\/19239","targetHints":{"allow":["GET"]}}],"collection":[{"href":"https:\/\/playwell.ee\/en\/wp-json\/wp\/v2\/product"}],"about":[{"href":"https:\/\/playwell.ee\/en\/wp-json\/wp\/v2\/types\/product"}],"wp:featuredmedia":[{"embeddable":true,"href":"https:\/\/playwell.ee\/en\/wp-json\/wp\/v2\/media\/19110"}],"wp:attachment":[{"href":"https:\/\/playwell.ee\/en\/wp-json\/wp\/v2\/media?parent=19239"}],"wp:term":[{"taxonomy":"product_brand","embeddable":true,"href":"https:\/\/playwell.ee\/en\/wp-json\/wp\/v2\/product_brand?post=19239"},{"taxonomy":"product_cat","embeddable":true,"href":"https:\/\/playwell.ee\/en\/wp-json\/wp\/v2\/product_cat?post=19239"},{"taxonomy":"product_tag","embeddable":true,"href":"https:\/\/playwell.ee\/en\/wp-json\/wp\/v2\/product_tag?post=19239"}],"curies":[{"name":"wp","href":"https:\/\/api.w.org\/{rel}","templated":true}]}}