{"id":19238,"date":"2025-06-18T19:13:48","date_gmt":"2025-06-18T17:13:48","guid":{"rendered":"https:\/\/playwell.ee\/product\/lego-marvel-76316-fantastiline-nelik-vs-galactus-ehitusfiguur\/"},"modified":"2025-07-22T09:47:05","modified_gmt":"2025-07-22T07:47:05","slug":"lego-marvel-76316-fantastiline-nelik-vs-galactus-ehitusfiguur","status":"publish","type":"product","link":"https:\/\/playwell.ee\/en\/product\/lego-marvel-76316-fantastiline-nelik-vs-galactus-ehitusfiguur\/","title":{"rendered":"LEGO\u00ae Marvel 76316 &#8211; Fantastiline nelik vs. Galactus ehitusfiguur"},"content":{"rendered":"<p>Marvel Studiose filmi Fantastiline nelik f\u00e4nnid saavad taasluua filmi tegevust komplektiga LEGO\u00ae \u01c0 Marvel Fantastiline nelik vs. Galactus ehitusfiguur (76316), mis on k\u00f5igi aegade esimene LEGO Fantastilise neliku komplekt! See muljetavaldav kingitus \u00fcle 9-aastastele poistele ja t\u00fcdrukutele on LEGO \u01c0 Marveli ehitus- ja m\u00e4ngukomplekt lastele, kes armastavad superkangelaste seiklusi.<\/p>\n<p>Kokkupandav LEGO \u01c0 Marveli Fantastilise neliku m\u00e4nguasi sisaldab 4 minifiguuri: Hr Fantastiline, millel on pikendatavad jalad; Inimt\u00f5rvik, millel on 2 k\u00e4silaskurit ja jalgade k\u00fclge kinnitatud leegielemendid, lisaks l\u00e4bipaistev tugi, mis v\u00f5imaldab tal &#8220;lennata&#8221;; N\u00e4htamatu Naine, kellel on 2 j\u00f5ukilpi; ja Asi oma suurte, v\u00f5imsate k\u00e4tega. Filmi ikoonilise kurikaela Galactuse t\u00e4ielikult liigendatud ehitusfiguur on 28 cm pikk. See muudetava asendiga ehitusfiguur innustab l\u00f5putut m\u00e4rulit, kui ta v\u00f5itleb superkangelastega. Digitaalse m\u00e4ngur\u00f5\u00f5mu suurendamiseks saavad ehitajad l\u00f5busa ja intuitiivse LEGO Builderi rakenduse abil suumida, mudeleid 3D-vormingus p\u00f6\u00f6rata ja edenemist j\u00e4lgida.<\/p>\n<p>LEGO\u00ae Fantastilise neliku kokkupandav m\u00e4nguasi lastele \u2013 9-aastastele ja vanematele poistele ja t\u00fcdrukutele m\u00f5eldud komplekt Fantastiline nelik vs. Galactus ehitusfiguur p\u00f5hineb Marvel Studiose filmil Fantastiline nelik<br \/>\nFantastilise neliku minifiguurid \u2013 Hr Fantastilisel on pikendatavad jalad; Inimt\u00f5rvikul on k\u00e4silaskurid, jalgade k\u00fcljes leegid ja lennurekvisiit; N\u00e4htamatul Naisel on j\u00f5ukilbid; Asjal on eriti suured k\u00e4ed<br \/>\nSuur LEGO\u00ae \u01c0 Marveli figuur \u2013 filmi kurikaela Galactuse t\u00e4ielikult liigendatud mudel on h\u00f5lpsasti muudetava asendiga, et v\u00f5imaldada l\u00f5putult m\u00e4rulitegevust, kui lapsed m\u00e4ngivad rollim\u00e4nge superkangelaste minifiguuridega<br \/>\nFantastilise neliku esimene kokkupandav LEGO\u00ae komplekt \u2013 selle kogutava ehitusm\u00e4nguasjaga on tore ehitada ja m\u00e4ngida ning selle saab esitlemiseks v\u00e4lja panna<br \/>\nFantastilise neliku kingitus lastele \u2013 see mitmek\u00fclgne LEGO\u00ae ehituskomplekt on suurep\u00e4rane kingiidee poistele ja t\u00fcdrukutele, kes on Marvel Studiose filmi Fantastiline nelik f\u00e4nnid<br \/>\n3D-ehitusjuhised \u2013 lapsed saavad alla laadida rakenduse LEGO\u00ae Builder, et kogeda kaasahaaravat ehituselamust, kasutada digitaalseid t\u00f6\u00f6riistu mudelite 3D-s suumimiseks ja p\u00f6\u00f6ramiseks, komplektide salvestamiseks ning edenemise j\u00e4lgimiseks<br \/>\nKokkupandavad m\u00e4nguasjad noortele superkangelastele \u2013 LEGO\u00ae Marvel ehituskomplektide lai valik annab laste k\u00e4tesse pidevalt muutuva ehitamis- ja m\u00e4nguuniversumi koos superkangelastega<br \/>\n427-osaline ehituskomplekt \u2013 t\u00e4ielikult liigendatud Galactuse ehitusfiguur on 28 cm pikk<\/p>\n","protected":false},"excerpt":{"rendered":"<p><strong>Tasuta tarne alates 120\u20ac * Kogu kaup Eesti laos olemas * Kiire tarne<\/strong><\/p>\n<ul>\n<li>Osasi: 427<\/li>\n<li>Vanus: 9+<\/li>\n<\/ul>\n","protected":false},"featured_media":19098,"template":"","meta":[],"product_brand":[],"product_cat":[160],"product_tag":[171],"class_list":{"0":"post-19238","1":"product","2":"type-product","3":"status-publish","4":"has-post-thumbnail","6":"product_cat-marvel-en","7":"product_tag-9-en","8":"new","10":"first","11":"instock","12":"taxable","13":"shipping-taxable","14":"purchasable","15":"product-type-simple","16":"add-to-wishlist-after_add_to_cart"},"yoast_head":"<!-- This site is optimized with the Yoast SEO plugin v27.4 - https:\/\/yoast.com\/product\/yoast-seo-wordpress\/ -->\n<title>LEGO\u00ae Marvel 76316 - Fantastiline nelik vs. Galactus ehitusfiguur - Ehita oma maailm - klots klotsi haaval<\/title>\n<meta name=\"description\" content=\"Marvel Studiose filmi Fantastiline nelik f\u00e4nnid saavad taasluua filmi tegevust komplektiga LEGO\u00ae \u01c0 Marvel Fantastiline nelik vs\" \/>\n<meta name=\"robots\" content=\"index, follow, max-snippet:-1, max-image-preview:large, max-video-preview:-1\" \/>\n<link rel=\"canonical\" href=\"https:\/\/playwell.ee\/toode\/lego-marvel-76316-fantastiline-nelik-vs-galactus-ehitusfiguur\/\" \/>\n<meta property=\"og:locale\" content=\"en_US\" \/>\n<meta property=\"og:type\" content=\"article\" \/>\n<meta property=\"og:title\" content=\"LEGO\u00ae Marvel 76316 - Fantastiline nelik vs. Galactus ehitusfiguur - Ehita oma maailm - klots klotsi haaval\" \/>\n<meta property=\"og:description\" content=\"Marvel Studiose filmi Fantastiline nelik f\u00e4nnid saavad taasluua filmi tegevust komplektiga LEGO\u00ae \u01c0 Marvel Fantastiline nelik vs\" \/>\n<meta property=\"og:url\" content=\"https:\/\/playwell.ee\/toode\/lego-marvel-76316-fantastiline-nelik-vs-galactus-ehitusfiguur\/\" \/>\n<meta property=\"og:site_name\" content=\"Ehita oma maailm - klots klotsi haaval\" \/>\n<meta property=\"article:publisher\" content=\"https:\/\/www.facebook.com\/profile.php?id=100091128044867\" \/>\n<meta property=\"article:modified_time\" content=\"2025-07-22T07:47:05+00:00\" \/>\n<meta property=\"og:image\" content=\"https:\/\/playwell.ee\/wp-content\/uploads\/2025\/06\/LEGO_76316_Box1_v29.jpg\" \/>\n\t<meta property=\"og:image:width\" content=\"1439\" \/>\n\t<meta property=\"og:image:height\" content=\"1800\" \/>\n\t<meta property=\"og:image:type\" content=\"image\/jpeg\" \/>\n<meta name=\"twitter:card\" content=\"summary_large_image\" \/>\n<meta name=\"twitter:label1\" content=\"Est. reading time\" \/>\n\t<meta name=\"twitter:data1\" content=\"2 minutes\" \/>\n<script type=\"application\/ld+json\" class=\"yoast-schema-graph\">{\"@context\":\"https:\\\/\\\/schema.org\",\"@graph\":[{\"@type\":\"WebPage\",\"@id\":\"https:\\\/\\\/playwell.ee\\\/toode\\\/lego-marvel-76316-fantastiline-nelik-vs-galactus-ehitusfiguur\\\/\",\"url\":\"https:\\\/\\\/playwell.ee\\\/toode\\\/lego-marvel-76316-fantastiline-nelik-vs-galactus-ehitusfiguur\\\/\",\"name\":\"LEGO\u00ae Marvel 76316 - Fantastiline nelik vs. Galactus ehitusfiguur - Ehita oma maailm - klots klotsi haaval\",\"isPartOf\":{\"@id\":\"https:\\\/\\\/playwell.ee\\\/#website\"},\"primaryImageOfPage\":{\"@id\":\"https:\\\/\\\/playwell.ee\\\/toode\\\/lego-marvel-76316-fantastiline-nelik-vs-galactus-ehitusfiguur\\\/#primaryimage\"},\"image\":{\"@id\":\"https:\\\/\\\/playwell.ee\\\/toode\\\/lego-marvel-76316-fantastiline-nelik-vs-galactus-ehitusfiguur\\\/#primaryimage\"},\"thumbnailUrl\":\"https:\\\/\\\/playwell.ee\\\/wp-content\\\/uploads\\\/2025\\\/06\\\/LEGO_76316_Box1_v29.jpg\",\"datePublished\":\"2025-06-18T17:13:48+00:00\",\"dateModified\":\"2025-07-22T07:47:05+00:00\",\"description\":\"Marvel Studiose filmi Fantastiline nelik f\u00e4nnid saavad taasluua filmi tegevust komplektiga LEGO\u00ae \u01c0 Marvel Fantastiline nelik vs\",\"breadcrumb\":{\"@id\":\"https:\\\/\\\/playwell.ee\\\/toode\\\/lego-marvel-76316-fantastiline-nelik-vs-galactus-ehitusfiguur\\\/#breadcrumb\"},\"inLanguage\":\"en-US\",\"potentialAction\":[{\"@type\":\"ReadAction\",\"target\":[\"https:\\\/\\\/playwell.ee\\\/toode\\\/lego-marvel-76316-fantastiline-nelik-vs-galactus-ehitusfiguur\\\/\"]}]},{\"@type\":\"ImageObject\",\"inLanguage\":\"en-US\",\"@id\":\"https:\\\/\\\/playwell.ee\\\/toode\\\/lego-marvel-76316-fantastiline-nelik-vs-galactus-ehitusfiguur\\\/#primaryimage\",\"url\":\"https:\\\/\\\/playwell.ee\\\/wp-content\\\/uploads\\\/2025\\\/06\\\/LEGO_76316_Box1_v29.jpg\",\"contentUrl\":\"https:\\\/\\\/playwell.ee\\\/wp-content\\\/uploads\\\/2025\\\/06\\\/LEGO_76316_Box1_v29.jpg\",\"width\":1439,\"height\":1800,\"caption\":\"Fantastiline nelik vs. Galactus ehitusfiguur 76316\"},{\"@type\":\"BreadcrumbList\",\"@id\":\"https:\\\/\\\/playwell.ee\\\/toode\\\/lego-marvel-76316-fantastiline-nelik-vs-galactus-ehitusfiguur\\\/#breadcrumb\",\"itemListElement\":[{\"@type\":\"ListItem\",\"position\":1,\"name\":\"Home\",\"item\":\"https:\\\/\\\/playwell.ee\\\/en\\\/\"},{\"@type\":\"ListItem\",\"position\":2,\"name\":\"All LEGO Products\",\"item\":\"https:\\\/\\\/playwell.ee\\\/en\\\/all-products\\\/\"},{\"@type\":\"ListItem\",\"position\":3,\"name\":\"LEGO\u00ae Marvel 76316 &#8211; Fantastiline nelik vs. Galactus ehitusfiguur\"}]},{\"@type\":\"WebSite\",\"@id\":\"https:\\\/\\\/playwell.ee\\\/#website\",\"url\":\"https:\\\/\\\/playwell.ee\\\/\",\"name\":\"Ehita oma maailm - klots klotsi haaval\",\"description\":\"Playwell | LEGO pood Eestis\",\"publisher\":{\"@id\":\"https:\\\/\\\/playwell.ee\\\/#organization\"},\"potentialAction\":[{\"@type\":\"SearchAction\",\"target\":{\"@type\":\"EntryPoint\",\"urlTemplate\":\"https:\\\/\\\/playwell.ee\\\/?s={search_term_string}\"},\"query-input\":{\"@type\":\"PropertyValueSpecification\",\"valueRequired\":true,\"valueName\":\"search_term_string\"}}],\"inLanguage\":\"en-US\"},{\"@type\":\"Organization\",\"@id\":\"https:\\\/\\\/playwell.ee\\\/#organization\",\"name\":\"Playwell.ee\",\"url\":\"https:\\\/\\\/playwell.ee\\\/\",\"logo\":{\"@type\":\"ImageObject\",\"inLanguage\":\"en-US\",\"@id\":\"https:\\\/\\\/playwell.ee\\\/#\\\/schema\\\/logo\\\/image\\\/\",\"url\":\"https:\\\/\\\/playwell.ee\\\/wp-content\\\/uploads\\\/2024\\\/06\\\/Logo-01-1.png\",\"contentUrl\":\"https:\\\/\\\/playwell.ee\\\/wp-content\\\/uploads\\\/2024\\\/06\\\/Logo-01-1.png\",\"width\":2980,\"height\":1009,\"caption\":\"Playwell.ee\"},\"image\":{\"@id\":\"https:\\\/\\\/playwell.ee\\\/#\\\/schema\\\/logo\\\/image\\\/\"},\"sameAs\":[\"https:\\\/\\\/www.facebook.com\\\/profile.php?id=100091128044867\"]}]}<\/script>\n<!-- \/ Yoast SEO plugin. -->","yoast_head_json":{"title":"LEGO\u00ae Marvel 76316 - Fantastiline nelik vs. Galactus ehitusfiguur - Ehita oma maailm - klots klotsi haaval","description":"Marvel Studiose filmi Fantastiline nelik f\u00e4nnid saavad taasluua filmi tegevust komplektiga LEGO\u00ae \u01c0 Marvel Fantastiline nelik vs","robots":{"index":"index","follow":"follow","max-snippet":"max-snippet:-1","max-image-preview":"max-image-preview:large","max-video-preview":"max-video-preview:-1"},"canonical":"https:\/\/playwell.ee\/toode\/lego-marvel-76316-fantastiline-nelik-vs-galactus-ehitusfiguur\/","og_locale":"en_US","og_type":"article","og_title":"LEGO\u00ae Marvel 76316 - Fantastiline nelik vs. Galactus ehitusfiguur - Ehita oma maailm - klots klotsi haaval","og_description":"Marvel Studiose filmi Fantastiline nelik f\u00e4nnid saavad taasluua filmi tegevust komplektiga LEGO\u00ae \u01c0 Marvel Fantastiline nelik vs","og_url":"https:\/\/playwell.ee\/toode\/lego-marvel-76316-fantastiline-nelik-vs-galactus-ehitusfiguur\/","og_site_name":"Ehita oma maailm - klots klotsi haaval","article_publisher":"https:\/\/www.facebook.com\/profile.php?id=100091128044867","article_modified_time":"2025-07-22T07:47:05+00:00","og_image":[{"width":1439,"height":1800,"url":"https:\/\/playwell.ee\/wp-content\/uploads\/2025\/06\/LEGO_76316_Box1_v29.jpg","type":"image\/jpeg"}],"twitter_card":"summary_large_image","twitter_misc":{"Est. reading time":"2 minutes"},"schema":{"@context":"https:\/\/schema.org","@graph":[{"@type":"WebPage","@id":"https:\/\/playwell.ee\/toode\/lego-marvel-76316-fantastiline-nelik-vs-galactus-ehitusfiguur\/","url":"https:\/\/playwell.ee\/toode\/lego-marvel-76316-fantastiline-nelik-vs-galactus-ehitusfiguur\/","name":"LEGO\u00ae Marvel 76316 - Fantastiline nelik vs. Galactus ehitusfiguur - Ehita oma maailm - klots klotsi haaval","isPartOf":{"@id":"https:\/\/playwell.ee\/#website"},"primaryImageOfPage":{"@id":"https:\/\/playwell.ee\/toode\/lego-marvel-76316-fantastiline-nelik-vs-galactus-ehitusfiguur\/#primaryimage"},"image":{"@id":"https:\/\/playwell.ee\/toode\/lego-marvel-76316-fantastiline-nelik-vs-galactus-ehitusfiguur\/#primaryimage"},"thumbnailUrl":"https:\/\/playwell.ee\/wp-content\/uploads\/2025\/06\/LEGO_76316_Box1_v29.jpg","datePublished":"2025-06-18T17:13:48+00:00","dateModified":"2025-07-22T07:47:05+00:00","description":"Marvel Studiose filmi Fantastiline nelik f\u00e4nnid saavad taasluua filmi tegevust komplektiga LEGO\u00ae \u01c0 Marvel Fantastiline nelik vs","breadcrumb":{"@id":"https:\/\/playwell.ee\/toode\/lego-marvel-76316-fantastiline-nelik-vs-galactus-ehitusfiguur\/#breadcrumb"},"inLanguage":"en-US","potentialAction":[{"@type":"ReadAction","target":["https:\/\/playwell.ee\/toode\/lego-marvel-76316-fantastiline-nelik-vs-galactus-ehitusfiguur\/"]}]},{"@type":"ImageObject","inLanguage":"en-US","@id":"https:\/\/playwell.ee\/toode\/lego-marvel-76316-fantastiline-nelik-vs-galactus-ehitusfiguur\/#primaryimage","url":"https:\/\/playwell.ee\/wp-content\/uploads\/2025\/06\/LEGO_76316_Box1_v29.jpg","contentUrl":"https:\/\/playwell.ee\/wp-content\/uploads\/2025\/06\/LEGO_76316_Box1_v29.jpg","width":1439,"height":1800,"caption":"Fantastiline nelik vs. Galactus ehitusfiguur 76316"},{"@type":"BreadcrumbList","@id":"https:\/\/playwell.ee\/toode\/lego-marvel-76316-fantastiline-nelik-vs-galactus-ehitusfiguur\/#breadcrumb","itemListElement":[{"@type":"ListItem","position":1,"name":"Home","item":"https:\/\/playwell.ee\/en\/"},{"@type":"ListItem","position":2,"name":"All LEGO Products","item":"https:\/\/playwell.ee\/en\/all-products\/"},{"@type":"ListItem","position":3,"name":"LEGO\u00ae Marvel 76316 &#8211; Fantastiline nelik vs. Galactus ehitusfiguur"}]},{"@type":"WebSite","@id":"https:\/\/playwell.ee\/#website","url":"https:\/\/playwell.ee\/","name":"Ehita oma maailm - klots klotsi haaval","description":"Playwell | LEGO pood Eestis","publisher":{"@id":"https:\/\/playwell.ee\/#organization"},"potentialAction":[{"@type":"SearchAction","target":{"@type":"EntryPoint","urlTemplate":"https:\/\/playwell.ee\/?s={search_term_string}"},"query-input":{"@type":"PropertyValueSpecification","valueRequired":true,"valueName":"search_term_string"}}],"inLanguage":"en-US"},{"@type":"Organization","@id":"https:\/\/playwell.ee\/#organization","name":"Playwell.ee","url":"https:\/\/playwell.ee\/","logo":{"@type":"ImageObject","inLanguage":"en-US","@id":"https:\/\/playwell.ee\/#\/schema\/logo\/image\/","url":"https:\/\/playwell.ee\/wp-content\/uploads\/2024\/06\/Logo-01-1.png","contentUrl":"https:\/\/playwell.ee\/wp-content\/uploads\/2024\/06\/Logo-01-1.png","width":2980,"height":1009,"caption":"Playwell.ee"},"image":{"@id":"https:\/\/playwell.ee\/#\/schema\/logo\/image\/"},"sameAs":["https:\/\/www.facebook.com\/profile.php?id=100091128044867"]}]}},"_links":{"self":[{"href":"https:\/\/playwell.ee\/en\/wp-json\/wp\/v2\/product\/19238","targetHints":{"allow":["GET"]}}],"collection":[{"href":"https:\/\/playwell.ee\/en\/wp-json\/wp\/v2\/product"}],"about":[{"href":"https:\/\/playwell.ee\/en\/wp-json\/wp\/v2\/types\/product"}],"wp:featuredmedia":[{"embeddable":true,"href":"https:\/\/playwell.ee\/en\/wp-json\/wp\/v2\/media\/19098"}],"wp:attachment":[{"href":"https:\/\/playwell.ee\/en\/wp-json\/wp\/v2\/media?parent=19238"}],"wp:term":[{"taxonomy":"product_brand","embeddable":true,"href":"https:\/\/playwell.ee\/en\/wp-json\/wp\/v2\/product_brand?post=19238"},{"taxonomy":"product_cat","embeddable":true,"href":"https:\/\/playwell.ee\/en\/wp-json\/wp\/v2\/product_cat?post=19238"},{"taxonomy":"product_tag","embeddable":true,"href":"https:\/\/playwell.ee\/en\/wp-json\/wp\/v2\/product_tag?post=19238"}],"curies":[{"name":"wp","href":"https:\/\/api.w.org\/{rel}","templated":true}]}}