{"id":19236,"date":"2025-06-18T19:13:48","date_gmt":"2025-06-18T17:13:48","guid":{"rendered":"https:\/\/playwell.ee\/product\/lego-harry-potter-76454-sigatuuka-loss-peatorn\/"},"modified":"2025-06-21T10:54:22","modified_gmt":"2025-06-21T08:54:22","slug":"lego-harry-potter-76454-sigatuuka-loss-peatorn","status":"publish","type":"product","link":"https:\/\/playwell.ee\/en\/product\/lego-harry-potter-76454-sigatuuka-loss-peatorn\/","title":{"rendered":"LEGO\u00ae Harry Potter\u2122 76454 &#8211; Sigat\u00fc\u00fcka loss: peatorn"},"content":{"rendered":"<p>Ehita peatorni seni suurim minifiguuri m\u00f5\u00f5tkavas mudel selle lastele m\u00f5eldud LEGO\u00ae Harry Potter\u2122 Sigat\u00fc\u00fcka\u2122 lossi komplektiga (76454). V\u00f5lurikingitus t\u00fcdrukutele, poistele ja k\u00f5igile 10-aastastele ja vanematele Harry Potteri f\u00e4nnidele sisaldab p\u00f5randaluuki, et p\u00f5geneda Tupsu toast, p\u00e4\u00e4stikuga aktiveeritavat kuradilingu, lendavate v\u00f5tmete funktsiooni ja p\u00f6\u00f6rlevat suurt treppi, mis viib Dumbledore\u02bci kabinetini. Kivises vundamendis paiknevad lendavate v\u00f5tmete ja v\u00f5lurimale toad saab h\u00f5lpsaks m\u00e4ngimiseks eemaldada. Otsi lossis kuute kogutavat Sigat\u00fc\u00fcka portreed ja ikoonilisi detaile, nagu Erisedi\u2122 peegel ja s\u00f5\u00f5lamisk\u00fcbar.<\/p>\n<p>Selles l\u00f5busas kogutavas lossi m\u00e4ngukomplektis on 12 LEGO Harry Potteri minifiguuri ning Tupsu, Hedwig\u2122-i ja Fawkes\u2122-i figuurid, et taasetendada klassikalisi stseene ja jutustada lummavaid uusi lugusid.<\/p>\n<p>See v\u00f5lumaailma seiklusm\u00e4ngukomplekt kuulub LEGO Harry Potteri moodulm\u00e4nguasjade kollektsiooni (m\u00fc\u00fcgil eraldi), et luua k\u00f5igi aegade k\u00f5ige \u00fcksikasjalikum LEGO klotsidest ehitatud Sigat\u00fc\u00fcka lossi stseen.<\/p>\n<p>LEGO\u00ae Harry Potter\u2122 Sigat\u00fc\u00fcka\u2122 lossi komplekt \u2013 ehita selle lastele m\u00f5eldud v\u00f5lumaailma seiklusm\u00e4ngukomplektiga peatorni seni suurim ja detailseim minifiguuri m\u00f5\u00f5tkavas mudel<br \/>\n12 minifiguuri, sealhulgas Harry Potter\u2122, Hermione Grangeri\u2122, NevilleLongbottomi\u2122, professor Kettleburni, Peaaegu Peata Nicki ja Albus Dumbledore&#8217;i\u2122 figuurid, lisaks Tupsu, Hedwigi\u2122 ja Fawkesi\u2122 figuurid<br \/>\nAutentsed detailid \u2013 luuk Tupsu toast p\u00f5genemiseks, p\u00e4\u00e4stikuga aktiveeritav kuradiling, lendavate v\u00f5tmete funktsioon, p\u00f6\u00f6rlev suur trepp kuni Dumbledore\u02bci kabinetini, Erisedi\u2122 peegel ja palju muud<br \/>\nLossi m\u00e4ngukomplekt \u2013 lossi kivise aluse sees paiknevad asuvad lendavate v\u00f5tmete ja v\u00f5lurimale toad on h\u00f5lpsaks m\u00e4ngimiseks eemaldatavad; otsi 6 kogutavat Sigat\u00fc\u00fcka\u2122 portreed 14-st<br \/>\nV\u00f5lurikingitus lastele \u2013 see LEGO\u00ae Sigat\u00fc\u00fcka\u2122 lossi komplekt on maagiline Harry Potter\u2122 kingitus v\u00e4hemalt 10-aastastele poistele, t\u00fcdrukutele ja f\u00e4nnidele<br \/>\nIntuitiivsed juhised \u2013 rakendus LEGO\u00ae Builder annab lastele interaktiivsed t\u00f6\u00f6riistad, mis v\u00f5imaldavad neil mudeleid 3D-vormingus suumida ja p\u00f6\u00f6rata, LEGO Harry Potteri\u2122 komplekte salvestada ning nende edenemist j\u00e4lgida<br \/>\nL\u00f5bus kogutav ese \u2013 see LEGO\u00ae Harry Potter\u2122 fantaasiakomplekt on osa moodulkomplektide seeriast (m\u00fc\u00fcgil eraldi), mis loovad seni k\u00f5ige detailsema kokkupandava Sigat\u00fc\u00fcka\u2122 lossistseeni<br \/>\nEhita, esitle ja m\u00e4ngi \u2013 2135-osalisse LEGO\u00ae Harry Potter\u2122 komplekti kuuluv Sigat\u00fc\u00fcka peatorn on 67 cm k\u00f5rge, 36 cm lai ja 14 cm s\u00fcgav<\/p>\n","protected":false},"excerpt":{"rendered":"<p><strong>Tasuta tarne alates 120\u20ac * Kogu kaup Eesti laos olemas * Kiire tarne<\/strong><\/p>\n<ul>\n<li>Osasi: 2135<\/li>\n<li>Vanus: 9+<\/li>\n<\/ul>\n","protected":false},"featured_media":19206,"template":"","meta":[],"product_brand":[],"product_cat":[149],"product_tag":[171],"class_list":{"0":"post-19236","1":"product","2":"type-product","3":"status-publish","4":"has-post-thumbnail","6":"product_cat-harry-potter-en","7":"product_tag-9-en","8":"new","10":"first","11":"instock","12":"taxable","13":"shipping-taxable","14":"purchasable","15":"product-type-simple","16":"add-to-wishlist-after_add_to_cart"},"yoast_head":"<!-- This site is optimized with the Yoast SEO plugin v27.4 - https:\/\/yoast.com\/product\/yoast-seo-wordpress\/ -->\n<title>LEGO\u00ae Harry Potter\u2122 76454 - Sigat\u00fc\u00fcka loss: peatorn - Ehita oma maailm - klots klotsi haaval<\/title>\n<meta name=\"description\" content=\"Ehita peatorni seni suurim minifiguuri m\u00f5\u00f5tkavas mudel selle lastele m\u00f5eldud LEGO\u00ae Harry Potter\u2122 Sigat\u00fc\u00fcka\u2122 lossi komplektiga (76454)\" \/>\n<meta name=\"robots\" content=\"index, follow, max-snippet:-1, max-image-preview:large, max-video-preview:-1\" \/>\n<link rel=\"canonical\" href=\"https:\/\/playwell.ee\/toode\/lego-harry-potter-76454-sigatuuka-loss-peatorn\/\" \/>\n<meta property=\"og:locale\" content=\"en_US\" \/>\n<meta property=\"og:type\" content=\"article\" \/>\n<meta property=\"og:title\" content=\"LEGO\u00ae Harry Potter\u2122 76454 - Sigat\u00fc\u00fcka loss: peatorn - Ehita oma maailm - klots klotsi haaval\" \/>\n<meta property=\"og:description\" content=\"Ehita peatorni seni suurim minifiguuri m\u00f5\u00f5tkavas mudel selle lastele m\u00f5eldud LEGO\u00ae Harry Potter\u2122 Sigat\u00fc\u00fcka\u2122 lossi komplektiga (76454)\" \/>\n<meta property=\"og:url\" content=\"https:\/\/playwell.ee\/toode\/lego-harry-potter-76454-sigatuuka-loss-peatorn\/\" \/>\n<meta property=\"og:site_name\" content=\"Ehita oma maailm - klots klotsi haaval\" \/>\n<meta property=\"article:publisher\" content=\"https:\/\/www.facebook.com\/profile.php?id=100091128044867\" \/>\n<meta property=\"article:modified_time\" content=\"2025-06-21T08:54:22+00:00\" \/>\n<meta property=\"og:image\" content=\"https:\/\/playwell.ee\/wp-content\/uploads\/2025\/06\/LEGO_76454_Box1_v29.jpg\" \/>\n\t<meta property=\"og:image:width\" content=\"1213\" \/>\n\t<meta property=\"og:image:height\" content=\"1800\" \/>\n\t<meta property=\"og:image:type\" content=\"image\/jpeg\" \/>\n<meta name=\"twitter:card\" content=\"summary_large_image\" \/>\n<meta name=\"twitter:label1\" content=\"Est. reading time\" \/>\n\t<meta name=\"twitter:data1\" content=\"2 minutes\" \/>\n<script type=\"application\/ld+json\" class=\"yoast-schema-graph\">{\"@context\":\"https:\\\/\\\/schema.org\",\"@graph\":[{\"@type\":\"WebPage\",\"@id\":\"https:\\\/\\\/playwell.ee\\\/toode\\\/lego-harry-potter-76454-sigatuuka-loss-peatorn\\\/\",\"url\":\"https:\\\/\\\/playwell.ee\\\/toode\\\/lego-harry-potter-76454-sigatuuka-loss-peatorn\\\/\",\"name\":\"LEGO\u00ae Harry Potter\u2122 76454 - Sigat\u00fc\u00fcka loss: peatorn - Ehita oma maailm - klots klotsi haaval\",\"isPartOf\":{\"@id\":\"https:\\\/\\\/playwell.ee\\\/#website\"},\"primaryImageOfPage\":{\"@id\":\"https:\\\/\\\/playwell.ee\\\/toode\\\/lego-harry-potter-76454-sigatuuka-loss-peatorn\\\/#primaryimage\"},\"image\":{\"@id\":\"https:\\\/\\\/playwell.ee\\\/toode\\\/lego-harry-potter-76454-sigatuuka-loss-peatorn\\\/#primaryimage\"},\"thumbnailUrl\":\"https:\\\/\\\/playwell.ee\\\/wp-content\\\/uploads\\\/2025\\\/06\\\/LEGO_76454_Box1_v29.jpg\",\"datePublished\":\"2025-06-18T17:13:48+00:00\",\"dateModified\":\"2025-06-21T08:54:22+00:00\",\"description\":\"Ehita peatorni seni suurim minifiguuri m\u00f5\u00f5tkavas mudel selle lastele m\u00f5eldud LEGO\u00ae Harry Potter\u2122 Sigat\u00fc\u00fcka\u2122 lossi komplektiga (76454)\",\"breadcrumb\":{\"@id\":\"https:\\\/\\\/playwell.ee\\\/toode\\\/lego-harry-potter-76454-sigatuuka-loss-peatorn\\\/#breadcrumb\"},\"inLanguage\":\"en-US\",\"potentialAction\":[{\"@type\":\"ReadAction\",\"target\":[\"https:\\\/\\\/playwell.ee\\\/toode\\\/lego-harry-potter-76454-sigatuuka-loss-peatorn\\\/\"]}]},{\"@type\":\"ImageObject\",\"inLanguage\":\"en-US\",\"@id\":\"https:\\\/\\\/playwell.ee\\\/toode\\\/lego-harry-potter-76454-sigatuuka-loss-peatorn\\\/#primaryimage\",\"url\":\"https:\\\/\\\/playwell.ee\\\/wp-content\\\/uploads\\\/2025\\\/06\\\/LEGO_76454_Box1_v29.jpg\",\"contentUrl\":\"https:\\\/\\\/playwell.ee\\\/wp-content\\\/uploads\\\/2025\\\/06\\\/LEGO_76454_Box1_v29.jpg\",\"width\":1213,\"height\":1800,\"caption\":\"Sigat\u00fc\u00fcka loss: peatorn 76454\"},{\"@type\":\"BreadcrumbList\",\"@id\":\"https:\\\/\\\/playwell.ee\\\/toode\\\/lego-harry-potter-76454-sigatuuka-loss-peatorn\\\/#breadcrumb\",\"itemListElement\":[{\"@type\":\"ListItem\",\"position\":1,\"name\":\"Home\",\"item\":\"https:\\\/\\\/playwell.ee\\\/en\\\/\"},{\"@type\":\"ListItem\",\"position\":2,\"name\":\"All LEGO Products\",\"item\":\"https:\\\/\\\/playwell.ee\\\/en\\\/all-products\\\/\"},{\"@type\":\"ListItem\",\"position\":3,\"name\":\"LEGO\u00ae Harry Potter\u2122 76454 &#8211; Sigat\u00fc\u00fcka loss: peatorn\"}]},{\"@type\":\"WebSite\",\"@id\":\"https:\\\/\\\/playwell.ee\\\/#website\",\"url\":\"https:\\\/\\\/playwell.ee\\\/\",\"name\":\"Ehita oma maailm - klots klotsi haaval\",\"description\":\"Playwell | LEGO pood Eestis\",\"publisher\":{\"@id\":\"https:\\\/\\\/playwell.ee\\\/#organization\"},\"potentialAction\":[{\"@type\":\"SearchAction\",\"target\":{\"@type\":\"EntryPoint\",\"urlTemplate\":\"https:\\\/\\\/playwell.ee\\\/?s={search_term_string}\"},\"query-input\":{\"@type\":\"PropertyValueSpecification\",\"valueRequired\":true,\"valueName\":\"search_term_string\"}}],\"inLanguage\":\"en-US\"},{\"@type\":\"Organization\",\"@id\":\"https:\\\/\\\/playwell.ee\\\/#organization\",\"name\":\"Playwell.ee\",\"url\":\"https:\\\/\\\/playwell.ee\\\/\",\"logo\":{\"@type\":\"ImageObject\",\"inLanguage\":\"en-US\",\"@id\":\"https:\\\/\\\/playwell.ee\\\/#\\\/schema\\\/logo\\\/image\\\/\",\"url\":\"https:\\\/\\\/playwell.ee\\\/wp-content\\\/uploads\\\/2024\\\/06\\\/Logo-01-1.png\",\"contentUrl\":\"https:\\\/\\\/playwell.ee\\\/wp-content\\\/uploads\\\/2024\\\/06\\\/Logo-01-1.png\",\"width\":2980,\"height\":1009,\"caption\":\"Playwell.ee\"},\"image\":{\"@id\":\"https:\\\/\\\/playwell.ee\\\/#\\\/schema\\\/logo\\\/image\\\/\"},\"sameAs\":[\"https:\\\/\\\/www.facebook.com\\\/profile.php?id=100091128044867\"]}]}<\/script>\n<!-- \/ Yoast SEO plugin. -->","yoast_head_json":{"title":"LEGO\u00ae Harry Potter\u2122 76454 - Sigat\u00fc\u00fcka loss: peatorn - Ehita oma maailm - klots klotsi haaval","description":"Ehita peatorni seni suurim minifiguuri m\u00f5\u00f5tkavas mudel selle lastele m\u00f5eldud LEGO\u00ae Harry Potter\u2122 Sigat\u00fc\u00fcka\u2122 lossi komplektiga (76454)","robots":{"index":"index","follow":"follow","max-snippet":"max-snippet:-1","max-image-preview":"max-image-preview:large","max-video-preview":"max-video-preview:-1"},"canonical":"https:\/\/playwell.ee\/toode\/lego-harry-potter-76454-sigatuuka-loss-peatorn\/","og_locale":"en_US","og_type":"article","og_title":"LEGO\u00ae Harry Potter\u2122 76454 - Sigat\u00fc\u00fcka loss: peatorn - Ehita oma maailm - klots klotsi haaval","og_description":"Ehita peatorni seni suurim minifiguuri m\u00f5\u00f5tkavas mudel selle lastele m\u00f5eldud LEGO\u00ae Harry Potter\u2122 Sigat\u00fc\u00fcka\u2122 lossi komplektiga (76454)","og_url":"https:\/\/playwell.ee\/toode\/lego-harry-potter-76454-sigatuuka-loss-peatorn\/","og_site_name":"Ehita oma maailm - klots klotsi haaval","article_publisher":"https:\/\/www.facebook.com\/profile.php?id=100091128044867","article_modified_time":"2025-06-21T08:54:22+00:00","og_image":[{"width":1213,"height":1800,"url":"https:\/\/playwell.ee\/wp-content\/uploads\/2025\/06\/LEGO_76454_Box1_v29.jpg","type":"image\/jpeg"}],"twitter_card":"summary_large_image","twitter_misc":{"Est. reading time":"2 minutes"},"schema":{"@context":"https:\/\/schema.org","@graph":[{"@type":"WebPage","@id":"https:\/\/playwell.ee\/toode\/lego-harry-potter-76454-sigatuuka-loss-peatorn\/","url":"https:\/\/playwell.ee\/toode\/lego-harry-potter-76454-sigatuuka-loss-peatorn\/","name":"LEGO\u00ae Harry Potter\u2122 76454 - Sigat\u00fc\u00fcka loss: peatorn - Ehita oma maailm - klots klotsi haaval","isPartOf":{"@id":"https:\/\/playwell.ee\/#website"},"primaryImageOfPage":{"@id":"https:\/\/playwell.ee\/toode\/lego-harry-potter-76454-sigatuuka-loss-peatorn\/#primaryimage"},"image":{"@id":"https:\/\/playwell.ee\/toode\/lego-harry-potter-76454-sigatuuka-loss-peatorn\/#primaryimage"},"thumbnailUrl":"https:\/\/playwell.ee\/wp-content\/uploads\/2025\/06\/LEGO_76454_Box1_v29.jpg","datePublished":"2025-06-18T17:13:48+00:00","dateModified":"2025-06-21T08:54:22+00:00","description":"Ehita peatorni seni suurim minifiguuri m\u00f5\u00f5tkavas mudel selle lastele m\u00f5eldud LEGO\u00ae Harry Potter\u2122 Sigat\u00fc\u00fcka\u2122 lossi komplektiga (76454)","breadcrumb":{"@id":"https:\/\/playwell.ee\/toode\/lego-harry-potter-76454-sigatuuka-loss-peatorn\/#breadcrumb"},"inLanguage":"en-US","potentialAction":[{"@type":"ReadAction","target":["https:\/\/playwell.ee\/toode\/lego-harry-potter-76454-sigatuuka-loss-peatorn\/"]}]},{"@type":"ImageObject","inLanguage":"en-US","@id":"https:\/\/playwell.ee\/toode\/lego-harry-potter-76454-sigatuuka-loss-peatorn\/#primaryimage","url":"https:\/\/playwell.ee\/wp-content\/uploads\/2025\/06\/LEGO_76454_Box1_v29.jpg","contentUrl":"https:\/\/playwell.ee\/wp-content\/uploads\/2025\/06\/LEGO_76454_Box1_v29.jpg","width":1213,"height":1800,"caption":"Sigat\u00fc\u00fcka loss: peatorn 76454"},{"@type":"BreadcrumbList","@id":"https:\/\/playwell.ee\/toode\/lego-harry-potter-76454-sigatuuka-loss-peatorn\/#breadcrumb","itemListElement":[{"@type":"ListItem","position":1,"name":"Home","item":"https:\/\/playwell.ee\/en\/"},{"@type":"ListItem","position":2,"name":"All LEGO Products","item":"https:\/\/playwell.ee\/en\/all-products\/"},{"@type":"ListItem","position":3,"name":"LEGO\u00ae Harry Potter\u2122 76454 &#8211; Sigat\u00fc\u00fcka loss: peatorn"}]},{"@type":"WebSite","@id":"https:\/\/playwell.ee\/#website","url":"https:\/\/playwell.ee\/","name":"Ehita oma maailm - klots klotsi haaval","description":"Playwell | LEGO pood Eestis","publisher":{"@id":"https:\/\/playwell.ee\/#organization"},"potentialAction":[{"@type":"SearchAction","target":{"@type":"EntryPoint","urlTemplate":"https:\/\/playwell.ee\/?s={search_term_string}"},"query-input":{"@type":"PropertyValueSpecification","valueRequired":true,"valueName":"search_term_string"}}],"inLanguage":"en-US"},{"@type":"Organization","@id":"https:\/\/playwell.ee\/#organization","name":"Playwell.ee","url":"https:\/\/playwell.ee\/","logo":{"@type":"ImageObject","inLanguage":"en-US","@id":"https:\/\/playwell.ee\/#\/schema\/logo\/image\/","url":"https:\/\/playwell.ee\/wp-content\/uploads\/2024\/06\/Logo-01-1.png","contentUrl":"https:\/\/playwell.ee\/wp-content\/uploads\/2024\/06\/Logo-01-1.png","width":2980,"height":1009,"caption":"Playwell.ee"},"image":{"@id":"https:\/\/playwell.ee\/#\/schema\/logo\/image\/"},"sameAs":["https:\/\/www.facebook.com\/profile.php?id=100091128044867"]}]}},"_links":{"self":[{"href":"https:\/\/playwell.ee\/en\/wp-json\/wp\/v2\/product\/19236","targetHints":{"allow":["GET"]}}],"collection":[{"href":"https:\/\/playwell.ee\/en\/wp-json\/wp\/v2\/product"}],"about":[{"href":"https:\/\/playwell.ee\/en\/wp-json\/wp\/v2\/types\/product"}],"wp:featuredmedia":[{"embeddable":true,"href":"https:\/\/playwell.ee\/en\/wp-json\/wp\/v2\/media\/19206"}],"wp:attachment":[{"href":"https:\/\/playwell.ee\/en\/wp-json\/wp\/v2\/media?parent=19236"}],"wp:term":[{"taxonomy":"product_brand","embeddable":true,"href":"https:\/\/playwell.ee\/en\/wp-json\/wp\/v2\/product_brand?post=19236"},{"taxonomy":"product_cat","embeddable":true,"href":"https:\/\/playwell.ee\/en\/wp-json\/wp\/v2\/product_cat?post=19236"},{"taxonomy":"product_tag","embeddable":true,"href":"https:\/\/playwell.ee\/en\/wp-json\/wp\/v2\/product_tag?post=19236"}],"curies":[{"name":"wp","href":"https:\/\/api.w.org\/{rel}","templated":true}]}}