{"id":19230,"date":"2025-06-18T19:13:51","date_gmt":"2025-06-18T17:13:51","guid":{"rendered":"https:\/\/playwell.ee\/product\/lego-art-31217-fauna-kollektsioon-tiiger\/"},"modified":"2026-04-11T12:57:04","modified_gmt":"2026-04-11T10:57:04","slug":"lego-art-31217-fauna-kollektsioon-tiiger","status":"publish","type":"product","link":"https:\/\/playwell.ee\/en\/product\/lego-art-31217-fauna-kollektsioon-tiiger\/","title":{"rendered":"LEGO\u00ae ART 31217 &#8211; Fauna kollektsioon \u2013 Tiiger"},"content":{"rendered":"<p>Too oma koju uhkeid v\u00e4rve ja loodust selle ainulaadse LEGO\u00ae Arti Fauna kollektsiooni \u2013 Tiigri (31217) ehituskomplektiga t\u00e4iskasvanutele. See on ideaalne soolaleivakingitus, v\u00f5imaldades nii loomade kui ka kunsti f\u00e4nnidel luua raamita 3D-kunstiteose.<\/p>\n<p>See looduseteemaline kaunistusese kujutab tiigrit, kes piilub l\u00e4bi dekoratiivsete lillede ja taimede kollektsiooni. Saad selle riputada oma seinale v\u00f5i kasutada sisseehitatud alust laual v\u00f5i riiulil esitlemiseks. K\u00f5ik lilled on kohandatavad ja neidsaab s\u00e4ttida erinevatesse asenditesse. Samuti v\u00f5ib lisada sellele muid klotsidest lilli LEGO Botanicalsi m\u00f5nest komplektist (m\u00fc\u00fcgil eraldi).<\/p>\n<p>See t\u00e4iskasvanutele m\u00f5eldud LEGO ehituskomplekt pakub r\u00f5\u00f5muk\u00fcllast elamust, kui lood klotsidest oma pilkup\u00fc\u00fcdva kunstiteose ning naudivad kaasahaaravat ja loomingulist tegevust. LEGO Arti tootevalik sobib k\u00f5igile, kellel on kirg muusika, kunsti, sisekujunduse, ajaloo v\u00f5i kodukujunduse vastu.<\/p>\n<p>Kaunistus tiigri ja lilledega \u2013 selle LEGO\u00ae Arti Fauna kollektsiooni \u2013 Tiigri (31217) ehituskomplektiga tood oma koju v\u00e4rve ja loodust<br \/>\nMetsiku looduse teemaline kodukaunistus \u2013 see 3D klotsidest ehitatud raamita mudel kujutab kaunist tiigrit, kes piilub l\u00e4bi dekoratiivsete lillede ja taimede kollektsiooni<br \/>\nKohandatavad kunstlilled \u2013 lilli saab liigutada erinevatesse asenditesse ja neile lisada klotsidest lilli teistest komplektidest (m\u00fc\u00fcakse eraldi) LEGO\u00ae Botanicalsi kollektsioonis<br \/>\nKingitusuuele kodule \u2013 preemia endale v\u00f5i kodukaunistuse kingiidee looma-, looduse- v\u00f5i kunstis\u00f5pradele<br \/>\nR\u00f5\u00f5mupakkuv ehituskogemus \u2013 see kokkupandav kunst pakub t\u00e4iskasvanutele loomingulist tegevust, kui nad panevad kokku oma LEGO\u00ae kunstiteose<br \/>\nLEGO\u00ae Artikomplektid t\u00e4iskasvanutele \u2013 LEGO Arti sari annab t\u00e4iskasvanutele v\u00f5imaluse luua klotsidest kokkupandavat kunsti, mis on inspireeritud nende suurimast kirest, ning esitleda seda kodus v\u00f5i kontoris<br \/>\nM\u00f5\u00f5tmed \u2013 see 744-osaline klotsidest kokkupandav mudel on 20 cm k\u00f5rge, 31 cm lai ja 6 cm s\u00fcgav<\/p>\n","protected":false},"excerpt":{"rendered":"<p><strong>Tasuta tarne alates 120\u20ac * Kogu kaup Eesti laos olemas * Kiire tarne<\/strong><\/p>\n<ul>\n<li>Osasi: 744<\/li>\n<li>Vanus: 18+<\/li>\n<\/ul>\n","protected":false},"featured_media":18343,"template":"","meta":[],"product_brand":[],"product_cat":[152],"product_tag":[173],"class_list":{"0":"post-19230","1":"product","2":"type-product","3":"status-publish","4":"has-post-thumbnail","6":"product_cat-lego-art-en","7":"product_tag-18-en","9":"first","10":"instock","11":"taxable","12":"shipping-taxable","13":"purchasable","14":"product-type-simple","15":"add-to-wishlist-after_add_to_cart"},"yoast_head":"<!-- This site is optimized with the Yoast SEO plugin v27.2 - https:\/\/yoast.com\/product\/yoast-seo-wordpress\/ -->\n<title>LEGO\u00ae ART 31217 - Fauna kollektsioon \u2013 Tiiger - Ehita oma maailm - klots klotsi haaval<\/title>\n<meta name=\"description\" content=\"Too oma koju uhkeid v\u00e4rve ja loodust selle ainulaadse LEGO\u00ae Arti Fauna kollektsiooni \u2013 Tiigri (31217) ehituskomplektiga t\u00e4iskasvanutele\" \/>\n<meta name=\"robots\" content=\"index, follow, max-snippet:-1, max-image-preview:large, max-video-preview:-1\" \/>\n<link rel=\"canonical\" href=\"https:\/\/playwell.ee\/en\/product\/lego-art-31217-fauna-kollektsioon-tiiger\/\" \/>\n<meta property=\"og:locale\" content=\"en_US\" \/>\n<meta property=\"og:type\" content=\"article\" \/>\n<meta property=\"og:title\" content=\"LEGO\u00ae ART 31217 - Fauna kollektsioon \u2013 Tiiger - Ehita oma maailm - klots klotsi haaval\" \/>\n<meta property=\"og:description\" content=\"Too oma koju uhkeid v\u00e4rve ja loodust selle ainulaadse LEGO\u00ae Arti Fauna kollektsiooni \u2013 Tiigri (31217) ehituskomplektiga t\u00e4iskasvanutele\" \/>\n<meta property=\"og:url\" content=\"https:\/\/playwell.ee\/en\/product\/lego-art-31217-fauna-kollektsioon-tiiger\/\" \/>\n<meta property=\"og:site_name\" content=\"Ehita oma maailm - klots klotsi haaval\" \/>\n<meta property=\"article:publisher\" content=\"https:\/\/www.facebook.com\/profile.php?id=100091128044867\" \/>\n<meta property=\"article:modified_time\" content=\"2026-04-11T10:57:04+00:00\" \/>\n<meta property=\"og:image\" content=\"https:\/\/playwell.ee\/wp-content\/uploads\/2025\/06\/LEGO_31217_Box1_v39.jpg\" \/>\n\t<meta property=\"og:image:width\" content=\"2250\" \/>\n\t<meta property=\"og:image:height\" content=\"1800\" \/>\n\t<meta property=\"og:image:type\" content=\"image\/jpeg\" \/>\n<meta name=\"twitter:card\" content=\"summary_large_image\" \/>\n<meta name=\"twitter:label1\" content=\"Est. reading time\" \/>\n\t<meta name=\"twitter:data1\" content=\"2 minutes\" \/>\n<script type=\"application\/ld+json\" class=\"yoast-schema-graph\">{\"@context\":\"https:\/\/schema.org\",\"@graph\":[{\"@type\":\"WebPage\",\"@id\":\"https:\/\/playwell.ee\/en\/product\/lego-art-31217-fauna-kollektsioon-tiiger\/\",\"url\":\"https:\/\/playwell.ee\/en\/product\/lego-art-31217-fauna-kollektsioon-tiiger\/\",\"name\":\"LEGO\u00ae ART 31217 - Fauna kollektsioon \u2013 Tiiger - Ehita oma maailm - klots klotsi haaval\",\"isPartOf\":{\"@id\":\"https:\/\/playwell.ee\/#website\"},\"primaryImageOfPage\":{\"@id\":\"https:\/\/playwell.ee\/en\/product\/lego-art-31217-fauna-kollektsioon-tiiger\/#primaryimage\"},\"image\":{\"@id\":\"https:\/\/playwell.ee\/en\/product\/lego-art-31217-fauna-kollektsioon-tiiger\/#primaryimage\"},\"thumbnailUrl\":\"https:\/\/playwell.ee\/wp-content\/uploads\/2025\/06\/LEGO_31217_Box1_v39.jpg\",\"datePublished\":\"2025-06-18T17:13:51+00:00\",\"dateModified\":\"2026-04-11T10:57:04+00:00\",\"description\":\"Too oma koju uhkeid v\u00e4rve ja loodust selle ainulaadse LEGO\u00ae Arti Fauna kollektsiooni \u2013 Tiigri (31217) ehituskomplektiga t\u00e4iskasvanutele\",\"breadcrumb\":{\"@id\":\"https:\/\/playwell.ee\/en\/product\/lego-art-31217-fauna-kollektsioon-tiiger\/#breadcrumb\"},\"inLanguage\":\"en-US\",\"potentialAction\":[{\"@type\":\"ReadAction\",\"target\":[\"https:\/\/playwell.ee\/en\/product\/lego-art-31217-fauna-kollektsioon-tiiger\/\"]}]},{\"@type\":\"ImageObject\",\"inLanguage\":\"en-US\",\"@id\":\"https:\/\/playwell.ee\/en\/product\/lego-art-31217-fauna-kollektsioon-tiiger\/#primaryimage\",\"url\":\"https:\/\/playwell.ee\/wp-content\/uploads\/2025\/06\/LEGO_31217_Box1_v39.jpg\",\"contentUrl\":\"https:\/\/playwell.ee\/wp-content\/uploads\/2025\/06\/LEGO_31217_Box1_v39.jpg\",\"width\":2250,\"height\":1800,\"caption\":\"Fauna kollektsioon \u2013 Tiiger 31217\"},{\"@type\":\"BreadcrumbList\",\"@id\":\"https:\/\/playwell.ee\/en\/product\/lego-art-31217-fauna-kollektsioon-tiiger\/#breadcrumb\",\"itemListElement\":[{\"@type\":\"ListItem\",\"position\":1,\"name\":\"Home\",\"item\":\"https:\/\/playwell.ee\/en\/\"},{\"@type\":\"ListItem\",\"position\":2,\"name\":\"All LEGO Products\",\"item\":\"https:\/\/playwell.ee\/en\/all-products\/\"},{\"@type\":\"ListItem\",\"position\":3,\"name\":\"LEGO\u00ae ART 31217 &#8211; Fauna kollektsioon \u2013 Tiiger\"}]},{\"@type\":\"WebSite\",\"@id\":\"https:\/\/playwell.ee\/#website\",\"url\":\"https:\/\/playwell.ee\/\",\"name\":\"Ehita oma maailm - klots klotsi haaval\",\"description\":\"Playwell | LEGO pood Eestis\",\"publisher\":{\"@id\":\"https:\/\/playwell.ee\/#organization\"},\"potentialAction\":[{\"@type\":\"SearchAction\",\"target\":{\"@type\":\"EntryPoint\",\"urlTemplate\":\"https:\/\/playwell.ee\/?s={search_term_string}\"},\"query-input\":{\"@type\":\"PropertyValueSpecification\",\"valueRequired\":true,\"valueName\":\"search_term_string\"}}],\"inLanguage\":\"en-US\"},{\"@type\":\"Organization\",\"@id\":\"https:\/\/playwell.ee\/#organization\",\"name\":\"Playwell.ee\",\"url\":\"https:\/\/playwell.ee\/\",\"logo\":{\"@type\":\"ImageObject\",\"inLanguage\":\"en-US\",\"@id\":\"https:\/\/playwell.ee\/#\/schema\/logo\/image\/\",\"url\":\"https:\/\/playwell.ee\/wp-content\/uploads\/2024\/06\/Logo-01-1.png\",\"contentUrl\":\"https:\/\/playwell.ee\/wp-content\/uploads\/2024\/06\/Logo-01-1.png\",\"width\":2980,\"height\":1009,\"caption\":\"Playwell.ee\"},\"image\":{\"@id\":\"https:\/\/playwell.ee\/#\/schema\/logo\/image\/\"},\"sameAs\":[\"https:\/\/www.facebook.com\/profile.php?id=100091128044867\"]}]}<\/script>\n<!-- \/ Yoast SEO plugin. -->","yoast_head_json":{"title":"LEGO\u00ae ART 31217 - Fauna kollektsioon \u2013 Tiiger - Ehita oma maailm - klots klotsi haaval","description":"Too oma koju uhkeid v\u00e4rve ja loodust selle ainulaadse LEGO\u00ae Arti Fauna kollektsiooni \u2013 Tiigri (31217) ehituskomplektiga t\u00e4iskasvanutele","robots":{"index":"index","follow":"follow","max-snippet":"max-snippet:-1","max-image-preview":"max-image-preview:large","max-video-preview":"max-video-preview:-1"},"canonical":"https:\/\/playwell.ee\/en\/product\/lego-art-31217-fauna-kollektsioon-tiiger\/","og_locale":"en_US","og_type":"article","og_title":"LEGO\u00ae ART 31217 - Fauna kollektsioon \u2013 Tiiger - Ehita oma maailm - klots klotsi haaval","og_description":"Too oma koju uhkeid v\u00e4rve ja loodust selle ainulaadse LEGO\u00ae Arti Fauna kollektsiooni \u2013 Tiigri (31217) ehituskomplektiga t\u00e4iskasvanutele","og_url":"https:\/\/playwell.ee\/en\/product\/lego-art-31217-fauna-kollektsioon-tiiger\/","og_site_name":"Ehita oma maailm - klots klotsi haaval","article_publisher":"https:\/\/www.facebook.com\/profile.php?id=100091128044867","article_modified_time":"2026-04-11T10:57:04+00:00","og_image":[{"width":2250,"height":1800,"url":"https:\/\/playwell.ee\/wp-content\/uploads\/2025\/06\/LEGO_31217_Box1_v39.jpg","type":"image\/jpeg"}],"twitter_card":"summary_large_image","twitter_misc":{"Est. reading time":"2 minutes"},"schema":{"@context":"https:\/\/schema.org","@graph":[{"@type":"WebPage","@id":"https:\/\/playwell.ee\/en\/product\/lego-art-31217-fauna-kollektsioon-tiiger\/","url":"https:\/\/playwell.ee\/en\/product\/lego-art-31217-fauna-kollektsioon-tiiger\/","name":"LEGO\u00ae ART 31217 - Fauna kollektsioon \u2013 Tiiger - Ehita oma maailm - klots klotsi haaval","isPartOf":{"@id":"https:\/\/playwell.ee\/#website"},"primaryImageOfPage":{"@id":"https:\/\/playwell.ee\/en\/product\/lego-art-31217-fauna-kollektsioon-tiiger\/#primaryimage"},"image":{"@id":"https:\/\/playwell.ee\/en\/product\/lego-art-31217-fauna-kollektsioon-tiiger\/#primaryimage"},"thumbnailUrl":"https:\/\/playwell.ee\/wp-content\/uploads\/2025\/06\/LEGO_31217_Box1_v39.jpg","datePublished":"2025-06-18T17:13:51+00:00","dateModified":"2026-04-11T10:57:04+00:00","description":"Too oma koju uhkeid v\u00e4rve ja loodust selle ainulaadse LEGO\u00ae Arti Fauna kollektsiooni \u2013 Tiigri (31217) ehituskomplektiga t\u00e4iskasvanutele","breadcrumb":{"@id":"https:\/\/playwell.ee\/en\/product\/lego-art-31217-fauna-kollektsioon-tiiger\/#breadcrumb"},"inLanguage":"en-US","potentialAction":[{"@type":"ReadAction","target":["https:\/\/playwell.ee\/en\/product\/lego-art-31217-fauna-kollektsioon-tiiger\/"]}]},{"@type":"ImageObject","inLanguage":"en-US","@id":"https:\/\/playwell.ee\/en\/product\/lego-art-31217-fauna-kollektsioon-tiiger\/#primaryimage","url":"https:\/\/playwell.ee\/wp-content\/uploads\/2025\/06\/LEGO_31217_Box1_v39.jpg","contentUrl":"https:\/\/playwell.ee\/wp-content\/uploads\/2025\/06\/LEGO_31217_Box1_v39.jpg","width":2250,"height":1800,"caption":"Fauna kollektsioon \u2013 Tiiger 31217"},{"@type":"BreadcrumbList","@id":"https:\/\/playwell.ee\/en\/product\/lego-art-31217-fauna-kollektsioon-tiiger\/#breadcrumb","itemListElement":[{"@type":"ListItem","position":1,"name":"Home","item":"https:\/\/playwell.ee\/en\/"},{"@type":"ListItem","position":2,"name":"All LEGO Products","item":"https:\/\/playwell.ee\/en\/all-products\/"},{"@type":"ListItem","position":3,"name":"LEGO\u00ae ART 31217 &#8211; Fauna kollektsioon \u2013 Tiiger"}]},{"@type":"WebSite","@id":"https:\/\/playwell.ee\/#website","url":"https:\/\/playwell.ee\/","name":"Ehita oma maailm - klots klotsi haaval","description":"Playwell | LEGO pood Eestis","publisher":{"@id":"https:\/\/playwell.ee\/#organization"},"potentialAction":[{"@type":"SearchAction","target":{"@type":"EntryPoint","urlTemplate":"https:\/\/playwell.ee\/?s={search_term_string}"},"query-input":{"@type":"PropertyValueSpecification","valueRequired":true,"valueName":"search_term_string"}}],"inLanguage":"en-US"},{"@type":"Organization","@id":"https:\/\/playwell.ee\/#organization","name":"Playwell.ee","url":"https:\/\/playwell.ee\/","logo":{"@type":"ImageObject","inLanguage":"en-US","@id":"https:\/\/playwell.ee\/#\/schema\/logo\/image\/","url":"https:\/\/playwell.ee\/wp-content\/uploads\/2024\/06\/Logo-01-1.png","contentUrl":"https:\/\/playwell.ee\/wp-content\/uploads\/2024\/06\/Logo-01-1.png","width":2980,"height":1009,"caption":"Playwell.ee"},"image":{"@id":"https:\/\/playwell.ee\/#\/schema\/logo\/image\/"},"sameAs":["https:\/\/www.facebook.com\/profile.php?id=100091128044867"]}]}},"_links":{"self":[{"href":"https:\/\/playwell.ee\/en\/wp-json\/wp\/v2\/product\/19230","targetHints":{"allow":["GET"]}}],"collection":[{"href":"https:\/\/playwell.ee\/en\/wp-json\/wp\/v2\/product"}],"about":[{"href":"https:\/\/playwell.ee\/en\/wp-json\/wp\/v2\/types\/product"}],"wp:featuredmedia":[{"embeddable":true,"href":"https:\/\/playwell.ee\/en\/wp-json\/wp\/v2\/media\/18343"}],"wp:attachment":[{"href":"https:\/\/playwell.ee\/en\/wp-json\/wp\/v2\/media?parent=19230"}],"wp:term":[{"taxonomy":"product_brand","embeddable":true,"href":"https:\/\/playwell.ee\/en\/wp-json\/wp\/v2\/product_brand?post=19230"},{"taxonomy":"product_cat","embeddable":true,"href":"https:\/\/playwell.ee\/en\/wp-json\/wp\/v2\/product_cat?post=19230"},{"taxonomy":"product_tag","embeddable":true,"href":"https:\/\/playwell.ee\/en\/wp-json\/wp\/v2\/product_tag?post=19230"}],"curies":[{"name":"wp","href":"https:\/\/api.w.org\/{rel}","templated":true}]}}