{"id":19229,"date":"2025-06-18T19:13:51","date_gmt":"2025-06-18T17:13:51","guid":{"rendered":"https:\/\/playwell.ee\/product\/lego-fortnite-77076-durrr-burgeri-restoran\/"},"modified":"2025-12-21T19:23:51","modified_gmt":"2025-12-21T17:23:51","slug":"lego-fortnite-77076-durrr-burgeri-restoran","status":"publish","type":"product","link":"https:\/\/playwell.ee\/en\/product\/lego-fortnite-77076-durrr-burgeri-restoran\/","title":{"rendered":"LEGO\u00ae Fortnite 77076 &#8211; Durrr Burgeri restoran"},"content":{"rendered":"<p>Erguta laste loovust LEGO\u00ae Fortnite\u00ae Durrr Burgeri restorani (77076) ehituskomplektiga, mis on m\u00f5eldud v\u00e4hemalt 10-aastastele poistele ja t\u00fcdrukutele. Ikoonilisel paigal p\u00f5hinev videom\u00e4ngum\u00e4nguasi v\u00f5imaldab f\u00e4nnidel etendada loomingulisi lugusid.<\/p>\n<p>M\u00e4ngijatel on l\u00f5bus kokku panna Durrr Burgeri restoranimudelit, mis on modulaarne ja v\u00f5imaldab kohandamist, enne kui nad avastavad k\u00f5ik maitsvalt l\u00f5busaid detaile. Seest leiavad lapsed maitseaineleti, limonaadimasina ja kassaaparaadi ning \u00f5uest istumisnurga, kus on tass ja praetud muna. Seal on ka eemaldatav p\u00f6\u00f6ning, mis sisaldab \u00e4mblikufiguuri ja piisavalt ruumi muude tarvikute, sealhulgas k\u00fchvli ja d\u00fcnamiidi jaoks. Beach Bomberi, Beef Bossi, Grimey ja luukere minifiguurid \u00e4ratavad tegevuse ellu ja innustavad loomingulist rollim\u00e4ngu.<\/p>\n<p>See komplekt on suurep\u00e4rane m\u00e4ngijakingitus, mis avab LEGO Fortnite&#8217;i videom\u00e4ngus spetsiaalse Beef Bossi riietuse, mille m\u00e4ngijad lunastavad, skannides ehitusjuhiste kaanel olevat QR-koodi. Komplekt sisaldab 546 osa.<\/p>\n<p>Durrr Burgeri restorani mudel \u2013 arenda kujutlusv\u00f5imet LEGO\u00ae Fortnite\u00ae Durrr Burgeri ehituskomplektiga alates 10-aastastele lastele<br \/>\nVideom\u00e4ngum\u00e4nguasi \u2013 see modulaarne ehitus sisaldab kassaaparaati, maitseaineletti, limonaadimasinat ja drive-through-m\u00e4rki, millel on men\u00fc\u00fc, samuti piprataime ja v\u00e4etist<br \/>\n4 LEGO\u00ae minifiguuri \u2013 Beach Bomberi, Beef Bossi, Grimey ja luukere minifiguurid \u00e4ratavad tegevuse ellu ja innustavad loomingulist rollim\u00e4ngu<br \/>\nM\u00e4ngusisene boonusese \u2013 komplektiga on kaasas boonus \u2013 Beef Bossi riietus LEGO\u00ae Fortnite\u00ae videom\u00e4ngu jaoks, mille ehitajad lunastavad, skannides ehitusjuhistes olevat QR-koodi<br \/>\nVideom\u00e4ngude kingiidee \u2013 LEGO\u00ae Fortnite\u00ae m\u00e4ngukomplekt on kingitus igas vanuses m\u00e4ngijatele, alustavatele kokkadele ja LEGO f\u00e4nnidele<br \/>\nRakendus LEGO\u00ae Builder \u2013 selle komplekti juhised on saadaval rakenduses LEGO Builder, mis v\u00f5imaldab ehitajatel mudeleid suumida, p\u00f6\u00f6rata ja j\u00e4lgida nende edenemist<br \/>\nAvasta LEGO\u00ae Fortnite\u00ae \u2013 ava meie LEGO Fortnite&#8217;i ehituskomplektide kollektsiooniga (m\u00fc\u00fcakse eraldi) uusi loovuse tasemeid ja too m\u00e4nguseiklus p\u00e4rismaailma<br \/>\nM\u00f5\u00f5tmed \u2013 see 546-osaline restoranikomplekt on 27 cm k\u00f5rge, 18 cm lai ja 9 cm s\u00fcgav<\/p>\n","protected":false},"excerpt":{"rendered":"<p><strong>Tasuta tarne alates 120\u20ac * Kogu kaup Eesti laos olemas * Kiire tarne<\/strong><\/p>\n<ul>\n<li>Osasi: 546<\/li>\n<li>Vanus: 9+<\/li>\n<\/ul>\n","protected":false},"featured_media":18485,"template":"","meta":[],"product_brand":[],"product_cat":[185],"product_tag":[171],"class_list":{"0":"post-19229","1":"product","2":"type-product","3":"status-publish","4":"has-post-thumbnail","6":"product_cat-fortnite-en","7":"product_tag-9-en","9":"first","10":"instock","11":"taxable","12":"shipping-taxable","13":"purchasable","14":"product-type-simple","15":"add-to-wishlist-after_add_to_cart"},"yoast_head":"<!-- This site is optimized with the Yoast SEO plugin v27.4 - https:\/\/yoast.com\/product\/yoast-seo-wordpress\/ -->\n<title>LEGO\u00ae Fortnite 77076 - Durrr Burgeri restoran - Ehita oma maailm - klots klotsi haaval<\/title>\n<meta name=\"description\" content=\"Erguta laste loovust LEGO\u00ae Fortnite\u00ae Durrr Burgeri restorani (77076) ehituskomplektiga, mis on m\u00f5eldud v\u00e4hemalt 10-aastastele poistele ja t\u00fcdrukutele\" \/>\n<meta name=\"robots\" content=\"index, follow, max-snippet:-1, max-image-preview:large, max-video-preview:-1\" \/>\n<link rel=\"canonical\" href=\"https:\/\/playwell.ee\/en\/product\/lego-fortnite-77076-durrr-burgeri-restoran\/\" \/>\n<meta property=\"og:locale\" content=\"en_US\" \/>\n<meta property=\"og:type\" content=\"article\" \/>\n<meta property=\"og:title\" content=\"LEGO\u00ae Fortnite 77076 - Durrr Burgeri restoran - Ehita oma maailm - klots klotsi haaval\" \/>\n<meta property=\"og:description\" content=\"Erguta laste loovust LEGO\u00ae Fortnite\u00ae Durrr Burgeri restorani (77076) ehituskomplektiga, mis on m\u00f5eldud v\u00e4hemalt 10-aastastele poistele ja t\u00fcdrukutele\" \/>\n<meta property=\"og:url\" content=\"https:\/\/playwell.ee\/en\/product\/lego-fortnite-77076-durrr-burgeri-restoran\/\" \/>\n<meta property=\"og:site_name\" content=\"Ehita oma maailm - klots klotsi haaval\" \/>\n<meta property=\"article:publisher\" content=\"https:\/\/www.facebook.com\/profile.php?id=100091128044867\" \/>\n<meta property=\"article:modified_time\" content=\"2025-12-21T17:23:51+00:00\" \/>\n<meta property=\"og:image\" content=\"https:\/\/playwell.ee\/wp-content\/uploads\/2025\/06\/LEGO_77076_Box1_v29.jpg\" \/>\n\t<meta property=\"og:image:width\" content=\"1564\" \/>\n\t<meta property=\"og:image:height\" content=\"1800\" \/>\n\t<meta property=\"og:image:type\" content=\"image\/jpeg\" \/>\n<meta name=\"twitter:card\" content=\"summary_large_image\" \/>\n<meta name=\"twitter:label1\" content=\"Est. reading time\" \/>\n\t<meta name=\"twitter:data1\" content=\"2 minutes\" \/>\n<script type=\"application\/ld+json\" class=\"yoast-schema-graph\">{\"@context\":\"https:\\\/\\\/schema.org\",\"@graph\":[{\"@type\":\"WebPage\",\"@id\":\"https:\\\/\\\/playwell.ee\\\/en\\\/product\\\/lego-fortnite-77076-durrr-burgeri-restoran\\\/\",\"url\":\"https:\\\/\\\/playwell.ee\\\/en\\\/product\\\/lego-fortnite-77076-durrr-burgeri-restoran\\\/\",\"name\":\"LEGO\u00ae Fortnite 77076 - Durrr Burgeri restoran - Ehita oma maailm - klots klotsi haaval\",\"isPartOf\":{\"@id\":\"https:\\\/\\\/playwell.ee\\\/#website\"},\"primaryImageOfPage\":{\"@id\":\"https:\\\/\\\/playwell.ee\\\/en\\\/product\\\/lego-fortnite-77076-durrr-burgeri-restoran\\\/#primaryimage\"},\"image\":{\"@id\":\"https:\\\/\\\/playwell.ee\\\/en\\\/product\\\/lego-fortnite-77076-durrr-burgeri-restoran\\\/#primaryimage\"},\"thumbnailUrl\":\"https:\\\/\\\/playwell.ee\\\/wp-content\\\/uploads\\\/2025\\\/06\\\/LEGO_77076_Box1_v29.jpg\",\"datePublished\":\"2025-06-18T17:13:51+00:00\",\"dateModified\":\"2025-12-21T17:23:51+00:00\",\"description\":\"Erguta laste loovust LEGO\u00ae Fortnite\u00ae Durrr Burgeri restorani (77076) ehituskomplektiga, mis on m\u00f5eldud v\u00e4hemalt 10-aastastele poistele ja t\u00fcdrukutele\",\"breadcrumb\":{\"@id\":\"https:\\\/\\\/playwell.ee\\\/en\\\/product\\\/lego-fortnite-77076-durrr-burgeri-restoran\\\/#breadcrumb\"},\"inLanguage\":\"en-US\",\"potentialAction\":[{\"@type\":\"ReadAction\",\"target\":[\"https:\\\/\\\/playwell.ee\\\/en\\\/product\\\/lego-fortnite-77076-durrr-burgeri-restoran\\\/\"]}]},{\"@type\":\"ImageObject\",\"inLanguage\":\"en-US\",\"@id\":\"https:\\\/\\\/playwell.ee\\\/en\\\/product\\\/lego-fortnite-77076-durrr-burgeri-restoran\\\/#primaryimage\",\"url\":\"https:\\\/\\\/playwell.ee\\\/wp-content\\\/uploads\\\/2025\\\/06\\\/LEGO_77076_Box1_v29.jpg\",\"contentUrl\":\"https:\\\/\\\/playwell.ee\\\/wp-content\\\/uploads\\\/2025\\\/06\\\/LEGO_77076_Box1_v29.jpg\",\"width\":1564,\"height\":1800,\"caption\":\"Durrr Burgeri restoran 77076\"},{\"@type\":\"BreadcrumbList\",\"@id\":\"https:\\\/\\\/playwell.ee\\\/en\\\/product\\\/lego-fortnite-77076-durrr-burgeri-restoran\\\/#breadcrumb\",\"itemListElement\":[{\"@type\":\"ListItem\",\"position\":1,\"name\":\"Home\",\"item\":\"https:\\\/\\\/playwell.ee\\\/en\\\/\"},{\"@type\":\"ListItem\",\"position\":2,\"name\":\"All LEGO Products\",\"item\":\"https:\\\/\\\/playwell.ee\\\/en\\\/all-products\\\/\"},{\"@type\":\"ListItem\",\"position\":3,\"name\":\"LEGO\u00ae Fortnite 77076 &#8211; Durrr Burgeri restoran\"}]},{\"@type\":\"WebSite\",\"@id\":\"https:\\\/\\\/playwell.ee\\\/#website\",\"url\":\"https:\\\/\\\/playwell.ee\\\/\",\"name\":\"Ehita oma maailm - klots klotsi haaval\",\"description\":\"Playwell | LEGO pood Eestis\",\"publisher\":{\"@id\":\"https:\\\/\\\/playwell.ee\\\/#organization\"},\"potentialAction\":[{\"@type\":\"SearchAction\",\"target\":{\"@type\":\"EntryPoint\",\"urlTemplate\":\"https:\\\/\\\/playwell.ee\\\/?s={search_term_string}\"},\"query-input\":{\"@type\":\"PropertyValueSpecification\",\"valueRequired\":true,\"valueName\":\"search_term_string\"}}],\"inLanguage\":\"en-US\"},{\"@type\":\"Organization\",\"@id\":\"https:\\\/\\\/playwell.ee\\\/#organization\",\"name\":\"Playwell.ee\",\"url\":\"https:\\\/\\\/playwell.ee\\\/\",\"logo\":{\"@type\":\"ImageObject\",\"inLanguage\":\"en-US\",\"@id\":\"https:\\\/\\\/playwell.ee\\\/#\\\/schema\\\/logo\\\/image\\\/\",\"url\":\"https:\\\/\\\/playwell.ee\\\/wp-content\\\/uploads\\\/2024\\\/06\\\/Logo-01-1.png\",\"contentUrl\":\"https:\\\/\\\/playwell.ee\\\/wp-content\\\/uploads\\\/2024\\\/06\\\/Logo-01-1.png\",\"width\":2980,\"height\":1009,\"caption\":\"Playwell.ee\"},\"image\":{\"@id\":\"https:\\\/\\\/playwell.ee\\\/#\\\/schema\\\/logo\\\/image\\\/\"},\"sameAs\":[\"https:\\\/\\\/www.facebook.com\\\/profile.php?id=100091128044867\"]}]}<\/script>\n<!-- \/ Yoast SEO plugin. -->","yoast_head_json":{"title":"LEGO\u00ae Fortnite 77076 - Durrr Burgeri restoran - Ehita oma maailm - klots klotsi haaval","description":"Erguta laste loovust LEGO\u00ae Fortnite\u00ae Durrr Burgeri restorani (77076) ehituskomplektiga, mis on m\u00f5eldud v\u00e4hemalt 10-aastastele poistele ja t\u00fcdrukutele","robots":{"index":"index","follow":"follow","max-snippet":"max-snippet:-1","max-image-preview":"max-image-preview:large","max-video-preview":"max-video-preview:-1"},"canonical":"https:\/\/playwell.ee\/en\/product\/lego-fortnite-77076-durrr-burgeri-restoran\/","og_locale":"en_US","og_type":"article","og_title":"LEGO\u00ae Fortnite 77076 - Durrr Burgeri restoran - Ehita oma maailm - klots klotsi haaval","og_description":"Erguta laste loovust LEGO\u00ae Fortnite\u00ae Durrr Burgeri restorani (77076) ehituskomplektiga, mis on m\u00f5eldud v\u00e4hemalt 10-aastastele poistele ja t\u00fcdrukutele","og_url":"https:\/\/playwell.ee\/en\/product\/lego-fortnite-77076-durrr-burgeri-restoran\/","og_site_name":"Ehita oma maailm - klots klotsi haaval","article_publisher":"https:\/\/www.facebook.com\/profile.php?id=100091128044867","article_modified_time":"2025-12-21T17:23:51+00:00","og_image":[{"width":1564,"height":1800,"url":"https:\/\/playwell.ee\/wp-content\/uploads\/2025\/06\/LEGO_77076_Box1_v29.jpg","type":"image\/jpeg"}],"twitter_card":"summary_large_image","twitter_misc":{"Est. reading time":"2 minutes"},"schema":{"@context":"https:\/\/schema.org","@graph":[{"@type":"WebPage","@id":"https:\/\/playwell.ee\/en\/product\/lego-fortnite-77076-durrr-burgeri-restoran\/","url":"https:\/\/playwell.ee\/en\/product\/lego-fortnite-77076-durrr-burgeri-restoran\/","name":"LEGO\u00ae Fortnite 77076 - Durrr Burgeri restoran - Ehita oma maailm - klots klotsi haaval","isPartOf":{"@id":"https:\/\/playwell.ee\/#website"},"primaryImageOfPage":{"@id":"https:\/\/playwell.ee\/en\/product\/lego-fortnite-77076-durrr-burgeri-restoran\/#primaryimage"},"image":{"@id":"https:\/\/playwell.ee\/en\/product\/lego-fortnite-77076-durrr-burgeri-restoran\/#primaryimage"},"thumbnailUrl":"https:\/\/playwell.ee\/wp-content\/uploads\/2025\/06\/LEGO_77076_Box1_v29.jpg","datePublished":"2025-06-18T17:13:51+00:00","dateModified":"2025-12-21T17:23:51+00:00","description":"Erguta laste loovust LEGO\u00ae Fortnite\u00ae Durrr Burgeri restorani (77076) ehituskomplektiga, mis on m\u00f5eldud v\u00e4hemalt 10-aastastele poistele ja t\u00fcdrukutele","breadcrumb":{"@id":"https:\/\/playwell.ee\/en\/product\/lego-fortnite-77076-durrr-burgeri-restoran\/#breadcrumb"},"inLanguage":"en-US","potentialAction":[{"@type":"ReadAction","target":["https:\/\/playwell.ee\/en\/product\/lego-fortnite-77076-durrr-burgeri-restoran\/"]}]},{"@type":"ImageObject","inLanguage":"en-US","@id":"https:\/\/playwell.ee\/en\/product\/lego-fortnite-77076-durrr-burgeri-restoran\/#primaryimage","url":"https:\/\/playwell.ee\/wp-content\/uploads\/2025\/06\/LEGO_77076_Box1_v29.jpg","contentUrl":"https:\/\/playwell.ee\/wp-content\/uploads\/2025\/06\/LEGO_77076_Box1_v29.jpg","width":1564,"height":1800,"caption":"Durrr Burgeri restoran 77076"},{"@type":"BreadcrumbList","@id":"https:\/\/playwell.ee\/en\/product\/lego-fortnite-77076-durrr-burgeri-restoran\/#breadcrumb","itemListElement":[{"@type":"ListItem","position":1,"name":"Home","item":"https:\/\/playwell.ee\/en\/"},{"@type":"ListItem","position":2,"name":"All LEGO Products","item":"https:\/\/playwell.ee\/en\/all-products\/"},{"@type":"ListItem","position":3,"name":"LEGO\u00ae Fortnite 77076 &#8211; Durrr Burgeri restoran"}]},{"@type":"WebSite","@id":"https:\/\/playwell.ee\/#website","url":"https:\/\/playwell.ee\/","name":"Ehita oma maailm - klots klotsi haaval","description":"Playwell | LEGO pood Eestis","publisher":{"@id":"https:\/\/playwell.ee\/#organization"},"potentialAction":[{"@type":"SearchAction","target":{"@type":"EntryPoint","urlTemplate":"https:\/\/playwell.ee\/?s={search_term_string}"},"query-input":{"@type":"PropertyValueSpecification","valueRequired":true,"valueName":"search_term_string"}}],"inLanguage":"en-US"},{"@type":"Organization","@id":"https:\/\/playwell.ee\/#organization","name":"Playwell.ee","url":"https:\/\/playwell.ee\/","logo":{"@type":"ImageObject","inLanguage":"en-US","@id":"https:\/\/playwell.ee\/#\/schema\/logo\/image\/","url":"https:\/\/playwell.ee\/wp-content\/uploads\/2024\/06\/Logo-01-1.png","contentUrl":"https:\/\/playwell.ee\/wp-content\/uploads\/2024\/06\/Logo-01-1.png","width":2980,"height":1009,"caption":"Playwell.ee"},"image":{"@id":"https:\/\/playwell.ee\/#\/schema\/logo\/image\/"},"sameAs":["https:\/\/www.facebook.com\/profile.php?id=100091128044867"]}]}},"_links":{"self":[{"href":"https:\/\/playwell.ee\/en\/wp-json\/wp\/v2\/product\/19229","targetHints":{"allow":["GET"]}}],"collection":[{"href":"https:\/\/playwell.ee\/en\/wp-json\/wp\/v2\/product"}],"about":[{"href":"https:\/\/playwell.ee\/en\/wp-json\/wp\/v2\/types\/product"}],"wp:featuredmedia":[{"embeddable":true,"href":"https:\/\/playwell.ee\/en\/wp-json\/wp\/v2\/media\/18485"}],"wp:attachment":[{"href":"https:\/\/playwell.ee\/en\/wp-json\/wp\/v2\/media?parent=19229"}],"wp:term":[{"taxonomy":"product_brand","embeddable":true,"href":"https:\/\/playwell.ee\/en\/wp-json\/wp\/v2\/product_brand?post=19229"},{"taxonomy":"product_cat","embeddable":true,"href":"https:\/\/playwell.ee\/en\/wp-json\/wp\/v2\/product_cat?post=19229"},{"taxonomy":"product_tag","embeddable":true,"href":"https:\/\/playwell.ee\/en\/wp-json\/wp\/v2\/product_tag?post=19229"}],"curies":[{"name":"wp","href":"https:\/\/api.w.org\/{rel}","templated":true}]}}