{"id":19228,"date":"2025-06-18T19:13:51","date_gmt":"2025-06-18T17:13:51","guid":{"rendered":"https:\/\/playwell.ee\/product\/lego-fortnite-77075-peely-ja-sparkplugi-laager\/"},"modified":"2026-04-12T12:51:29","modified_gmt":"2026-04-12T10:51:29","slug":"lego-fortnite-77075-peely-ja-sparkplugi-laager","status":"publish","type":"product","link":"https:\/\/playwell.ee\/en\/product\/lego-fortnite-77075-peely-ja-sparkplugi-laager\/","title":{"rendered":"LEGO\u00ae Fortnite 77075 &#8211; Peely ja Sparkplugi laager"},"content":{"rendered":"<p>\u00dcllata m\u00e4ngijaid selle LEGO\u00ae Fortnite\u00ae Peely ja Sparkplugi laagri (77075) ehituskomplektiga, mis on m\u00f5eldud 7-aastastele ja vanematele lastele. \u00c4ratuntavate elementide ja kuulsate tegelaskujudega videom\u00e4ngukomplekt innustab f\u00e4nne looma omaenda LEGO Fortnite&#8217;i seiklust.<\/p>\n<p>M\u00e4ngukomplekt j\u00e4ljendab esimesi v\u00e4ljakutseid, millega m\u00e4ngijad LEGO Fortnite Odyssey videom\u00e4ngus kokku puutuvad, ning poistel ja t\u00fcdrukutel on l\u00f5bus ehitada l\u00f5ket, t\u00f6\u00f6pinki ja varemeid, mida saab lahti v\u00f5tta ja \u00fcmber paigutada. Seal on ka Supply Llama figuur ja hundifiguur, millel on liikuv saba ja jalad. M\u00e4ruli \u00e4ratavad ellu Peely, Sparkplugi ja luukere minifiguurid, kes on varustatud relvatarvikutega, et innustada loomingulist rollim\u00e4ngu.<\/p>\n<p>See m\u00e4ngukomplekt, mis on suurep\u00e4rane videom\u00e4ngukingitus igas vanuses lastele ja m\u00e4ngijatele, avab LEGO Fortnite&#8217;i videom\u00e4ngu m\u00e4ngusisese boonuse \u2013 spetsiaalse Sparkplugi riietuse, mille ehitajad saavad, skannides ehitusjuhiste kaanel olevat QR-koodi. Komplekt sisaldab 250 osa.<\/p>\n<p>LEGO\u00ae Fortnite\u00ae m\u00e4ngukomplekt \u2013 innusta loovm\u00e4ngu LEGO Fortnite Peely ja Sparkplugi laagri ehituskomplektiga 7-aastastele ja vanematele lastele<br \/>\nVideom\u00e4ngude ehituskomplekt \u2013 komplekt j\u00e4ljendab esimesi v\u00e4ljakutseid, millega m\u00e4ngijad LEGO\u00ae Fortnite\u00ae Odyssey videom\u00e4ngus kokku puutuvad, ning sisaldab l\u00f5ket, t\u00f6\u00f6pinki ja varemeid<br \/>\nVideom\u00e4ngufiguurid \u2013 komplektis on Peely, Sparkplugi ja luukere minifiguurid, samuti Supply Llama figuur ning liigutatava saba ja jalgadega hundifiguur, et lapsed saaksid etendada erinevaid stseene<br \/>\nM\u00e4ngusisene boonusese \u2013 komplektiga on kaasas boonus \u2013 Sparkplugi riietus LEGO\u00ae Fortnite\u00ae videom\u00e4ngu jaoks, mille ehitajad lunastavad, skannides ehitusjuhistes olevat QR-koodi<br \/>\nM\u00e4ngijakingitus \u2013 komplekt on suurep\u00e4ranekingitus poistele ja t\u00fcdrukutele, samuti igas vanuses m\u00e4ngijatele ja LEGO\u00ae Fortnite\u00ae f\u00e4nnidele<br \/>\nLaienda m\u00e4ngur\u00f5\u00f5mu \u2013 seda komplekti saab esitleda koos teiste LEGO\u00ae Fortnite\u00ae mudelitega (m\u00fc\u00fcakse eraldi), et luua videom\u00e4ngude sisekujunduse v\u00e4ljapanek<br \/>\nAvasta LEGO\u00ae Fortnite \u2013 ava meie LEGO Fortnite&#8217;i ehituskomplektide kollektsiooniga uusi loovuse tasemeid ja too m\u00e4nguseiklus p\u00e4rismaailma<br \/>\nM\u00f5\u00f5tmed \u2013 komplekt sisaldab 250 osa ning varemete mudel on 9 cm k\u00f5rge, 10 cm lai ja 6 cm s\u00fcgav<\/p>\n","protected":false},"excerpt":{"rendered":"<p><strong>Tasuta tarne alates 120\u20ac * Kogu kaup Eesti laos olemas * Kiire tarne<\/strong><\/p>\n<ul>\n<li>Osasi: 250<\/li>\n<li>Vanus: 6+<\/li>\n<\/ul>\n","protected":false},"featured_media":18465,"template":"","meta":[],"product_brand":[],"product_cat":[185],"product_tag":[168],"class_list":{"0":"post-19228","1":"product","2":"type-product","3":"status-publish","4":"has-post-thumbnail","6":"product_cat-fortnite-en","7":"product_tag-6-en","9":"first","10":"instock","11":"taxable","12":"shipping-taxable","13":"purchasable","14":"product-type-simple","15":"add-to-wishlist-after_add_to_cart"},"yoast_head":"<!-- This site is optimized with the Yoast SEO plugin v27.2 - https:\/\/yoast.com\/product\/yoast-seo-wordpress\/ -->\n<title>LEGO\u00ae Fortnite 77075 - Peely ja Sparkplugi laager - Ehita oma maailm - klots klotsi haaval<\/title>\n<meta name=\"description\" content=\"\u00dcllata m\u00e4ngijaid selle LEGO\u00ae Fortnite\u00ae Peely ja Sparkplugi laagri (77075) ehituskomplektiga, mis on m\u00f5eldud 7-aastastele ja vanematele lastele\" \/>\n<meta name=\"robots\" content=\"index, follow, max-snippet:-1, max-image-preview:large, max-video-preview:-1\" \/>\n<link rel=\"canonical\" href=\"https:\/\/playwell.ee\/en\/product\/lego-fortnite-77075-peely-ja-sparkplugi-laager\/\" \/>\n<meta property=\"og:locale\" content=\"en_US\" \/>\n<meta property=\"og:type\" content=\"article\" \/>\n<meta property=\"og:title\" content=\"LEGO\u00ae Fortnite 77075 - Peely ja Sparkplugi laager - Ehita oma maailm - klots klotsi haaval\" \/>\n<meta property=\"og:description\" content=\"\u00dcllata m\u00e4ngijaid selle LEGO\u00ae Fortnite\u00ae Peely ja Sparkplugi laagri (77075) ehituskomplektiga, mis on m\u00f5eldud 7-aastastele ja vanematele lastele\" \/>\n<meta property=\"og:url\" content=\"https:\/\/playwell.ee\/en\/product\/lego-fortnite-77075-peely-ja-sparkplugi-laager\/\" \/>\n<meta property=\"og:site_name\" content=\"Ehita oma maailm - klots klotsi haaval\" \/>\n<meta property=\"article:publisher\" content=\"https:\/\/www.facebook.com\/profile.php?id=100091128044867\" \/>\n<meta property=\"article:modified_time\" content=\"2026-04-12T10:51:29+00:00\" \/>\n<meta property=\"og:image\" content=\"https:\/\/playwell.ee\/wp-content\/uploads\/2025\/06\/LEGO_77075_Box1_v39.jpg\" \/>\n\t<meta property=\"og:image:width\" content=\"2128\" \/>\n\t<meta property=\"og:image:height\" content=\"1800\" \/>\n\t<meta property=\"og:image:type\" content=\"image\/jpeg\" \/>\n<meta name=\"twitter:card\" content=\"summary_large_image\" \/>\n<meta name=\"twitter:label1\" content=\"Est. reading time\" \/>\n\t<meta name=\"twitter:data1\" content=\"2 minutes\" \/>\n<script type=\"application\/ld+json\" class=\"yoast-schema-graph\">{\"@context\":\"https:\/\/schema.org\",\"@graph\":[{\"@type\":\"WebPage\",\"@id\":\"https:\/\/playwell.ee\/en\/product\/lego-fortnite-77075-peely-ja-sparkplugi-laager\/\",\"url\":\"https:\/\/playwell.ee\/en\/product\/lego-fortnite-77075-peely-ja-sparkplugi-laager\/\",\"name\":\"LEGO\u00ae Fortnite 77075 - Peely ja Sparkplugi laager - Ehita oma maailm - klots klotsi haaval\",\"isPartOf\":{\"@id\":\"https:\/\/playwell.ee\/#website\"},\"primaryImageOfPage\":{\"@id\":\"https:\/\/playwell.ee\/en\/product\/lego-fortnite-77075-peely-ja-sparkplugi-laager\/#primaryimage\"},\"image\":{\"@id\":\"https:\/\/playwell.ee\/en\/product\/lego-fortnite-77075-peely-ja-sparkplugi-laager\/#primaryimage\"},\"thumbnailUrl\":\"https:\/\/playwell.ee\/wp-content\/uploads\/2025\/06\/LEGO_77075_Box1_v39.jpg\",\"datePublished\":\"2025-06-18T17:13:51+00:00\",\"dateModified\":\"2026-04-12T10:51:29+00:00\",\"description\":\"\u00dcllata m\u00e4ngijaid selle LEGO\u00ae Fortnite\u00ae Peely ja Sparkplugi laagri (77075) ehituskomplektiga, mis on m\u00f5eldud 7-aastastele ja vanematele lastele\",\"breadcrumb\":{\"@id\":\"https:\/\/playwell.ee\/en\/product\/lego-fortnite-77075-peely-ja-sparkplugi-laager\/#breadcrumb\"},\"inLanguage\":\"en-US\",\"potentialAction\":[{\"@type\":\"ReadAction\",\"target\":[\"https:\/\/playwell.ee\/en\/product\/lego-fortnite-77075-peely-ja-sparkplugi-laager\/\"]}]},{\"@type\":\"ImageObject\",\"inLanguage\":\"en-US\",\"@id\":\"https:\/\/playwell.ee\/en\/product\/lego-fortnite-77075-peely-ja-sparkplugi-laager\/#primaryimage\",\"url\":\"https:\/\/playwell.ee\/wp-content\/uploads\/2025\/06\/LEGO_77075_Box1_v39.jpg\",\"contentUrl\":\"https:\/\/playwell.ee\/wp-content\/uploads\/2025\/06\/LEGO_77075_Box1_v39.jpg\",\"width\":2128,\"height\":1800,\"caption\":\"Peely ja Sparkplugi laager 77075\"},{\"@type\":\"BreadcrumbList\",\"@id\":\"https:\/\/playwell.ee\/en\/product\/lego-fortnite-77075-peely-ja-sparkplugi-laager\/#breadcrumb\",\"itemListElement\":[{\"@type\":\"ListItem\",\"position\":1,\"name\":\"Home\",\"item\":\"https:\/\/playwell.ee\/en\/\"},{\"@type\":\"ListItem\",\"position\":2,\"name\":\"All LEGO Products\",\"item\":\"https:\/\/playwell.ee\/en\/all-products\/\"},{\"@type\":\"ListItem\",\"position\":3,\"name\":\"LEGO\u00ae Fortnite 77075 &#8211; Peely ja Sparkplugi laager\"}]},{\"@type\":\"WebSite\",\"@id\":\"https:\/\/playwell.ee\/#website\",\"url\":\"https:\/\/playwell.ee\/\",\"name\":\"Ehita oma maailm - klots klotsi haaval\",\"description\":\"Playwell | LEGO pood Eestis\",\"publisher\":{\"@id\":\"https:\/\/playwell.ee\/#organization\"},\"potentialAction\":[{\"@type\":\"SearchAction\",\"target\":{\"@type\":\"EntryPoint\",\"urlTemplate\":\"https:\/\/playwell.ee\/?s={search_term_string}\"},\"query-input\":{\"@type\":\"PropertyValueSpecification\",\"valueRequired\":true,\"valueName\":\"search_term_string\"}}],\"inLanguage\":\"en-US\"},{\"@type\":\"Organization\",\"@id\":\"https:\/\/playwell.ee\/#organization\",\"name\":\"Playwell.ee\",\"url\":\"https:\/\/playwell.ee\/\",\"logo\":{\"@type\":\"ImageObject\",\"inLanguage\":\"en-US\",\"@id\":\"https:\/\/playwell.ee\/#\/schema\/logo\/image\/\",\"url\":\"https:\/\/playwell.ee\/wp-content\/uploads\/2024\/06\/Logo-01-1.png\",\"contentUrl\":\"https:\/\/playwell.ee\/wp-content\/uploads\/2024\/06\/Logo-01-1.png\",\"width\":2980,\"height\":1009,\"caption\":\"Playwell.ee\"},\"image\":{\"@id\":\"https:\/\/playwell.ee\/#\/schema\/logo\/image\/\"},\"sameAs\":[\"https:\/\/www.facebook.com\/profile.php?id=100091128044867\"]}]}<\/script>\n<!-- \/ Yoast SEO plugin. -->","yoast_head_json":{"title":"LEGO\u00ae Fortnite 77075 - Peely ja Sparkplugi laager - Ehita oma maailm - klots klotsi haaval","description":"\u00dcllata m\u00e4ngijaid selle LEGO\u00ae Fortnite\u00ae Peely ja Sparkplugi laagri (77075) ehituskomplektiga, mis on m\u00f5eldud 7-aastastele ja vanematele lastele","robots":{"index":"index","follow":"follow","max-snippet":"max-snippet:-1","max-image-preview":"max-image-preview:large","max-video-preview":"max-video-preview:-1"},"canonical":"https:\/\/playwell.ee\/en\/product\/lego-fortnite-77075-peely-ja-sparkplugi-laager\/","og_locale":"en_US","og_type":"article","og_title":"LEGO\u00ae Fortnite 77075 - Peely ja Sparkplugi laager - Ehita oma maailm - klots klotsi haaval","og_description":"\u00dcllata m\u00e4ngijaid selle LEGO\u00ae Fortnite\u00ae Peely ja Sparkplugi laagri (77075) ehituskomplektiga, mis on m\u00f5eldud 7-aastastele ja vanematele lastele","og_url":"https:\/\/playwell.ee\/en\/product\/lego-fortnite-77075-peely-ja-sparkplugi-laager\/","og_site_name":"Ehita oma maailm - klots klotsi haaval","article_publisher":"https:\/\/www.facebook.com\/profile.php?id=100091128044867","article_modified_time":"2026-04-12T10:51:29+00:00","og_image":[{"width":2128,"height":1800,"url":"https:\/\/playwell.ee\/wp-content\/uploads\/2025\/06\/LEGO_77075_Box1_v39.jpg","type":"image\/jpeg"}],"twitter_card":"summary_large_image","twitter_misc":{"Est. reading time":"2 minutes"},"schema":{"@context":"https:\/\/schema.org","@graph":[{"@type":"WebPage","@id":"https:\/\/playwell.ee\/en\/product\/lego-fortnite-77075-peely-ja-sparkplugi-laager\/","url":"https:\/\/playwell.ee\/en\/product\/lego-fortnite-77075-peely-ja-sparkplugi-laager\/","name":"LEGO\u00ae Fortnite 77075 - Peely ja Sparkplugi laager - Ehita oma maailm - klots klotsi haaval","isPartOf":{"@id":"https:\/\/playwell.ee\/#website"},"primaryImageOfPage":{"@id":"https:\/\/playwell.ee\/en\/product\/lego-fortnite-77075-peely-ja-sparkplugi-laager\/#primaryimage"},"image":{"@id":"https:\/\/playwell.ee\/en\/product\/lego-fortnite-77075-peely-ja-sparkplugi-laager\/#primaryimage"},"thumbnailUrl":"https:\/\/playwell.ee\/wp-content\/uploads\/2025\/06\/LEGO_77075_Box1_v39.jpg","datePublished":"2025-06-18T17:13:51+00:00","dateModified":"2026-04-12T10:51:29+00:00","description":"\u00dcllata m\u00e4ngijaid selle LEGO\u00ae Fortnite\u00ae Peely ja Sparkplugi laagri (77075) ehituskomplektiga, mis on m\u00f5eldud 7-aastastele ja vanematele lastele","breadcrumb":{"@id":"https:\/\/playwell.ee\/en\/product\/lego-fortnite-77075-peely-ja-sparkplugi-laager\/#breadcrumb"},"inLanguage":"en-US","potentialAction":[{"@type":"ReadAction","target":["https:\/\/playwell.ee\/en\/product\/lego-fortnite-77075-peely-ja-sparkplugi-laager\/"]}]},{"@type":"ImageObject","inLanguage":"en-US","@id":"https:\/\/playwell.ee\/en\/product\/lego-fortnite-77075-peely-ja-sparkplugi-laager\/#primaryimage","url":"https:\/\/playwell.ee\/wp-content\/uploads\/2025\/06\/LEGO_77075_Box1_v39.jpg","contentUrl":"https:\/\/playwell.ee\/wp-content\/uploads\/2025\/06\/LEGO_77075_Box1_v39.jpg","width":2128,"height":1800,"caption":"Peely ja Sparkplugi laager 77075"},{"@type":"BreadcrumbList","@id":"https:\/\/playwell.ee\/en\/product\/lego-fortnite-77075-peely-ja-sparkplugi-laager\/#breadcrumb","itemListElement":[{"@type":"ListItem","position":1,"name":"Home","item":"https:\/\/playwell.ee\/en\/"},{"@type":"ListItem","position":2,"name":"All LEGO Products","item":"https:\/\/playwell.ee\/en\/all-products\/"},{"@type":"ListItem","position":3,"name":"LEGO\u00ae Fortnite 77075 &#8211; Peely ja Sparkplugi laager"}]},{"@type":"WebSite","@id":"https:\/\/playwell.ee\/#website","url":"https:\/\/playwell.ee\/","name":"Ehita oma maailm - klots klotsi haaval","description":"Playwell | LEGO pood Eestis","publisher":{"@id":"https:\/\/playwell.ee\/#organization"},"potentialAction":[{"@type":"SearchAction","target":{"@type":"EntryPoint","urlTemplate":"https:\/\/playwell.ee\/?s={search_term_string}"},"query-input":{"@type":"PropertyValueSpecification","valueRequired":true,"valueName":"search_term_string"}}],"inLanguage":"en-US"},{"@type":"Organization","@id":"https:\/\/playwell.ee\/#organization","name":"Playwell.ee","url":"https:\/\/playwell.ee\/","logo":{"@type":"ImageObject","inLanguage":"en-US","@id":"https:\/\/playwell.ee\/#\/schema\/logo\/image\/","url":"https:\/\/playwell.ee\/wp-content\/uploads\/2024\/06\/Logo-01-1.png","contentUrl":"https:\/\/playwell.ee\/wp-content\/uploads\/2024\/06\/Logo-01-1.png","width":2980,"height":1009,"caption":"Playwell.ee"},"image":{"@id":"https:\/\/playwell.ee\/#\/schema\/logo\/image\/"},"sameAs":["https:\/\/www.facebook.com\/profile.php?id=100091128044867"]}]}},"_links":{"self":[{"href":"https:\/\/playwell.ee\/en\/wp-json\/wp\/v2\/product\/19228","targetHints":{"allow":["GET"]}}],"collection":[{"href":"https:\/\/playwell.ee\/en\/wp-json\/wp\/v2\/product"}],"about":[{"href":"https:\/\/playwell.ee\/en\/wp-json\/wp\/v2\/types\/product"}],"wp:featuredmedia":[{"embeddable":true,"href":"https:\/\/playwell.ee\/en\/wp-json\/wp\/v2\/media\/18465"}],"wp:attachment":[{"href":"https:\/\/playwell.ee\/en\/wp-json\/wp\/v2\/media?parent=19228"}],"wp:term":[{"taxonomy":"product_brand","embeddable":true,"href":"https:\/\/playwell.ee\/en\/wp-json\/wp\/v2\/product_brand?post=19228"},{"taxonomy":"product_cat","embeddable":true,"href":"https:\/\/playwell.ee\/en\/wp-json\/wp\/v2\/product_cat?post=19228"},{"taxonomy":"product_tag","embeddable":true,"href":"https:\/\/playwell.ee\/en\/wp-json\/wp\/v2\/product_tag?post=19228"}],"curies":[{"name":"wp","href":"https:\/\/api.w.org\/{rel}","templated":true}]}}