{"id":19225,"date":"2025-06-18T19:13:51","date_gmt":"2025-06-18T17:13:51","guid":{"rendered":"https:\/\/playwell.ee\/product\/lego-technic-42209-volvo-l120-electric-rataslaadur\/"},"modified":"2026-05-04T21:43:02","modified_gmt":"2026-05-04T19:43:02","slug":"lego-technic-42209-volvo-l120-electric-rataslaadur","status":"publish","type":"product","link":"https:\/\/playwell.ee\/en\/product\/lego-technic-42209-volvo-l120-electric-rataslaadur\/","title":{"rendered":"LEGO\u00ae Technic 42209 &#8211; Volvo L120 Electric rataslaadur"},"content":{"rendered":"<p>See on moodsa n\u00fcansiga laste ehitusm\u00e4nguasi. LEGO\u00ae Technic Volvo L120 Electric rataslaadur (42209) julgustab alates 9-aastaseid poisse ja t\u00fcdrukuid m\u00f5tlema rohelisele energiale, kui nad ehitavad ja m\u00e4ngivad funktsiooniderohke mudeliga. Lapsed panevad laadurim\u00e4nguasja t\u00f6\u00f6le, katsetades liigends\u00fcsteemiga rooli.<\/p>\n<p>J\u00e4rgmisena saavad nad koppa t\u00f5sta, langetada ja kallutada ning seej\u00e4rel avada mootori kaane, et kontrollida 3 p\u00f6\u00f6rlevat hammasratast. Mudel ei ole t\u00f6\u00f6tava mootoriga, kuid lapsed saavad laaduriga m\u00e4ngides kasutada oma kujutlusv\u00f5imet.<\/p>\n<p>LEGO Technicu s\u00f5idukikomplektid on realistliku liikumisega ja sobivad suurep\u00e4raselt kingituseks v\u00e4ikestele LEGO ehitajatele, kes armastavad ehitusm\u00e4nguasju. V\u00f5imalda lastele lihtsat ja intuitiivset ehitusseiklust rakendusega LEGO Builder, kus nad saavad mudeleid 3D-s sisse suumida ja p\u00f6\u00f6rata, komplekte salvestada ja nende edenemist j\u00e4lgida. Komplektis on 973 osa.<\/p>\n<p>Ehitusm\u00e4nguasi alates 9-aastastele lastele \u2013 paku lastele l\u00f5busat ehitusv\u00e4ljakutset, kui nad panevad kokku LEGO\u00ae Technic Volvo L120 Electric rataslaaduri detailid<br \/>\nL\u00f5busate funktsioonidega s\u00f5idukim\u00e4nguasi \u2013 lapsed saavad LEGO Technicu laaduri peal oleva nupu abil koppa \u00fcles t\u00f5sta, langetada ja kallutada<br \/>\n\u201eLaadimispesa\u201c \u2013 s\u00f5idukim\u00e4nguasi ei ole t\u00f6\u00f6tava mootoriga, nii et lapsed saavad laadimisjaama t\u00f5stmisel ja langetamisel kasutada oma kujutlusv\u00f5imet ning matkida, et laevad masinat<br \/>\nEhitusseiklused \u2013 ava Volvo m\u00e4nguasja mootorikate, et kontrollida 3 p\u00f6\u00f6rlevat hammasratast<br \/>\nKingitus v\u00e4ikestele ehitajatele \u2013 see komplekt on suurep\u00e4rane kingitus lastele, kes armastavad ehitusplatsi m\u00e4nguasju<br \/>\nAbik\u00e4si \u2013 rakendus LEGO\u00ae Builder juhendab lapsiintuitiivsel ehitusseiklusel, kus lapsed saavad salvestada komplekte, j\u00e4lgida edenemist ning suumida ja p\u00f6\u00f6rata mudeleid ehitamise ajal 3D-vaates<br \/>\nSissejuhatus tehnikamaailma \u2013 LEGO\u00ae Technic kokkupandavatel mudelikomplektidel (m\u00fc\u00fcgil eraldi) on realistlikud mehhanismid, mis tutvustavad noortele LEGO ehitajatele tehnikamaailma<br \/>\nM\u00f5\u00f5dud \u2013 973-osaline komplekt laadurimudeliga, mille k\u00f5rgus on 14 cm, pikkus 35 cm ja laius 11 cm<\/p>\n","protected":false},"excerpt":{"rendered":"<p><strong>Tasuta tarne alates 120\u20ac * Kogu kaup Eesti laos olemas * Kiire tarne<\/strong><\/p>\n<ul>\n<li>Osasi: 973<\/li>\n<li>Vanus: 9+<\/li>\n<\/ul>\n","protected":false},"featured_media":18377,"template":"","meta":[],"product_brand":[],"product_cat":[167],"product_tag":[171],"class_list":{"0":"post-19225","1":"product","2":"type-product","3":"status-publish","4":"has-post-thumbnail","6":"product_cat-technic-en","7":"product_tag-9-en","9":"first","10":"instock","11":"taxable","12":"shipping-taxable","13":"purchasable","14":"product-type-simple","15":"add-to-wishlist-after_add_to_cart"},"yoast_head":"<!-- This site is optimized with the Yoast SEO plugin v27.4 - https:\/\/yoast.com\/product\/yoast-seo-wordpress\/ -->\n<title>LEGO\u00ae Technic 42209 - Volvo L120 Electric rataslaadur - Ehita oma maailm - klots klotsi haaval<\/title>\n<meta name=\"description\" content=\"LEGO\u00ae Technic Volvo L120 Electric rataslaadur (42209) julgustab alates 9-aastaseid poisse ja t\u00fcdrukuid m\u00f5tlema rohelisele energiale, kui nad ehitavad ja m\u00e4ngivad funktsiooniderohke mudeliga. Lapsed panevad laadurim\u00e4nguasja t\u00f6\u00f6le, katsetades liigends\u00fcsteemiga rooli.\" \/>\n<meta name=\"robots\" content=\"index, follow, max-snippet:-1, max-image-preview:large, max-video-preview:-1\" \/>\n<link rel=\"canonical\" href=\"https:\/\/playwell.ee\/en\/product\/lego-technic-42209-volvo-l120-electric-rataslaadur\/\" \/>\n<meta property=\"og:locale\" content=\"en_US\" \/>\n<meta property=\"og:type\" content=\"article\" \/>\n<meta property=\"og:title\" content=\"LEGO\u00ae Technic 42209 - Volvo L120 Electric rataslaadur - Ehita oma maailm - klots klotsi haaval\" \/>\n<meta property=\"og:description\" content=\"LEGO\u00ae Technic Volvo L120 Electric rataslaadur (42209) julgustab alates 9-aastaseid poisse ja t\u00fcdrukuid m\u00f5tlema rohelisele energiale, kui nad ehitavad ja m\u00e4ngivad funktsiooniderohke mudeliga. Lapsed panevad laadurim\u00e4nguasja t\u00f6\u00f6le, katsetades liigends\u00fcsteemiga rooli.\" \/>\n<meta property=\"og:url\" content=\"https:\/\/playwell.ee\/en\/product\/lego-technic-42209-volvo-l120-electric-rataslaadur\/\" \/>\n<meta property=\"og:site_name\" content=\"Ehita oma maailm - klots klotsi haaval\" \/>\n<meta property=\"article:publisher\" content=\"https:\/\/www.facebook.com\/profile.php?id=100091128044867\" \/>\n<meta property=\"article:modified_time\" content=\"2026-05-04T19:43:02+00:00\" \/>\n<meta property=\"og:image\" content=\"https:\/\/playwell.ee\/wp-content\/uploads\/2025\/06\/LEGO_42209_Box1_v39.jpg\" \/>\n\t<meta property=\"og:image:width\" content=\"2263\" \/>\n\t<meta property=\"og:image:height\" content=\"1800\" \/>\n\t<meta property=\"og:image:type\" content=\"image\/jpeg\" \/>\n<meta name=\"twitter:card\" content=\"summary_large_image\" \/>\n<meta name=\"twitter:label1\" content=\"Est. reading time\" \/>\n\t<meta name=\"twitter:data1\" content=\"2 minutes\" \/>\n<script type=\"application\/ld+json\" class=\"yoast-schema-graph\">{\"@context\":\"https:\\\/\\\/schema.org\",\"@graph\":[{\"@type\":\"WebPage\",\"@id\":\"https:\\\/\\\/playwell.ee\\\/en\\\/product\\\/lego-technic-42209-volvo-l120-electric-rataslaadur\\\/\",\"url\":\"https:\\\/\\\/playwell.ee\\\/en\\\/product\\\/lego-technic-42209-volvo-l120-electric-rataslaadur\\\/\",\"name\":\"LEGO\u00ae Technic 42209 - Volvo L120 Electric rataslaadur - Ehita oma maailm - klots klotsi haaval\",\"isPartOf\":{\"@id\":\"https:\\\/\\\/playwell.ee\\\/#website\"},\"primaryImageOfPage\":{\"@id\":\"https:\\\/\\\/playwell.ee\\\/en\\\/product\\\/lego-technic-42209-volvo-l120-electric-rataslaadur\\\/#primaryimage\"},\"image\":{\"@id\":\"https:\\\/\\\/playwell.ee\\\/en\\\/product\\\/lego-technic-42209-volvo-l120-electric-rataslaadur\\\/#primaryimage\"},\"thumbnailUrl\":\"https:\\\/\\\/playwell.ee\\\/wp-content\\\/uploads\\\/2025\\\/06\\\/LEGO_42209_Box1_v39.jpg\",\"datePublished\":\"2025-06-18T17:13:51+00:00\",\"dateModified\":\"2026-05-04T19:43:02+00:00\",\"description\":\"LEGO\u00ae Technic Volvo L120 Electric rataslaadur (42209) julgustab alates 9-aastaseid poisse ja t\u00fcdrukuid m\u00f5tlema rohelisele energiale, kui nad ehitavad ja m\u00e4ngivad funktsiooniderohke mudeliga. Lapsed panevad laadurim\u00e4nguasja t\u00f6\u00f6le, katsetades liigends\u00fcsteemiga rooli.\",\"breadcrumb\":{\"@id\":\"https:\\\/\\\/playwell.ee\\\/en\\\/product\\\/lego-technic-42209-volvo-l120-electric-rataslaadur\\\/#breadcrumb\"},\"inLanguage\":\"en-US\",\"potentialAction\":[{\"@type\":\"ReadAction\",\"target\":[\"https:\\\/\\\/playwell.ee\\\/en\\\/product\\\/lego-technic-42209-volvo-l120-electric-rataslaadur\\\/\"]}]},{\"@type\":\"ImageObject\",\"inLanguage\":\"en-US\",\"@id\":\"https:\\\/\\\/playwell.ee\\\/en\\\/product\\\/lego-technic-42209-volvo-l120-electric-rataslaadur\\\/#primaryimage\",\"url\":\"https:\\\/\\\/playwell.ee\\\/wp-content\\\/uploads\\\/2025\\\/06\\\/LEGO_42209_Box1_v39.jpg\",\"contentUrl\":\"https:\\\/\\\/playwell.ee\\\/wp-content\\\/uploads\\\/2025\\\/06\\\/LEGO_42209_Box1_v39.jpg\",\"width\":2263,\"height\":1800,\"caption\":\"Volvo L120 Electric rataslaadur 42209\"},{\"@type\":\"BreadcrumbList\",\"@id\":\"https:\\\/\\\/playwell.ee\\\/en\\\/product\\\/lego-technic-42209-volvo-l120-electric-rataslaadur\\\/#breadcrumb\",\"itemListElement\":[{\"@type\":\"ListItem\",\"position\":1,\"name\":\"Home\",\"item\":\"https:\\\/\\\/playwell.ee\\\/en\\\/\"},{\"@type\":\"ListItem\",\"position\":2,\"name\":\"All LEGO Products\",\"item\":\"https:\\\/\\\/playwell.ee\\\/en\\\/all-products\\\/\"},{\"@type\":\"ListItem\",\"position\":3,\"name\":\"LEGO\u00ae Technic 42209 &#8211; Volvo L120 Electric rataslaadur\"}]},{\"@type\":\"WebSite\",\"@id\":\"https:\\\/\\\/playwell.ee\\\/#website\",\"url\":\"https:\\\/\\\/playwell.ee\\\/\",\"name\":\"Ehita oma maailm - klots klotsi haaval\",\"description\":\"Playwell | LEGO pood Eestis\",\"publisher\":{\"@id\":\"https:\\\/\\\/playwell.ee\\\/#organization\"},\"potentialAction\":[{\"@type\":\"SearchAction\",\"target\":{\"@type\":\"EntryPoint\",\"urlTemplate\":\"https:\\\/\\\/playwell.ee\\\/?s={search_term_string}\"},\"query-input\":{\"@type\":\"PropertyValueSpecification\",\"valueRequired\":true,\"valueName\":\"search_term_string\"}}],\"inLanguage\":\"en-US\"},{\"@type\":\"Organization\",\"@id\":\"https:\\\/\\\/playwell.ee\\\/#organization\",\"name\":\"Playwell.ee\",\"url\":\"https:\\\/\\\/playwell.ee\\\/\",\"logo\":{\"@type\":\"ImageObject\",\"inLanguage\":\"en-US\",\"@id\":\"https:\\\/\\\/playwell.ee\\\/#\\\/schema\\\/logo\\\/image\\\/\",\"url\":\"https:\\\/\\\/playwell.ee\\\/wp-content\\\/uploads\\\/2024\\\/06\\\/Logo-01-1.png\",\"contentUrl\":\"https:\\\/\\\/playwell.ee\\\/wp-content\\\/uploads\\\/2024\\\/06\\\/Logo-01-1.png\",\"width\":2980,\"height\":1009,\"caption\":\"Playwell.ee\"},\"image\":{\"@id\":\"https:\\\/\\\/playwell.ee\\\/#\\\/schema\\\/logo\\\/image\\\/\"},\"sameAs\":[\"https:\\\/\\\/www.facebook.com\\\/profile.php?id=100091128044867\"]}]}<\/script>\n<!-- \/ Yoast SEO plugin. -->","yoast_head_json":{"title":"LEGO\u00ae Technic 42209 - Volvo L120 Electric rataslaadur - Ehita oma maailm - klots klotsi haaval","description":"LEGO\u00ae Technic Volvo L120 Electric rataslaadur (42209) julgustab alates 9-aastaseid poisse ja t\u00fcdrukuid m\u00f5tlema rohelisele energiale, kui nad ehitavad ja m\u00e4ngivad funktsiooniderohke mudeliga. Lapsed panevad laadurim\u00e4nguasja t\u00f6\u00f6le, katsetades liigends\u00fcsteemiga rooli.","robots":{"index":"index","follow":"follow","max-snippet":"max-snippet:-1","max-image-preview":"max-image-preview:large","max-video-preview":"max-video-preview:-1"},"canonical":"https:\/\/playwell.ee\/en\/product\/lego-technic-42209-volvo-l120-electric-rataslaadur\/","og_locale":"en_US","og_type":"article","og_title":"LEGO\u00ae Technic 42209 - Volvo L120 Electric rataslaadur - Ehita oma maailm - klots klotsi haaval","og_description":"LEGO\u00ae Technic Volvo L120 Electric rataslaadur (42209) julgustab alates 9-aastaseid poisse ja t\u00fcdrukuid m\u00f5tlema rohelisele energiale, kui nad ehitavad ja m\u00e4ngivad funktsiooniderohke mudeliga. Lapsed panevad laadurim\u00e4nguasja t\u00f6\u00f6le, katsetades liigends\u00fcsteemiga rooli.","og_url":"https:\/\/playwell.ee\/en\/product\/lego-technic-42209-volvo-l120-electric-rataslaadur\/","og_site_name":"Ehita oma maailm - klots klotsi haaval","article_publisher":"https:\/\/www.facebook.com\/profile.php?id=100091128044867","article_modified_time":"2026-05-04T19:43:02+00:00","og_image":[{"width":2263,"height":1800,"url":"https:\/\/playwell.ee\/wp-content\/uploads\/2025\/06\/LEGO_42209_Box1_v39.jpg","type":"image\/jpeg"}],"twitter_card":"summary_large_image","twitter_misc":{"Est. reading time":"2 minutes"},"schema":{"@context":"https:\/\/schema.org","@graph":[{"@type":"WebPage","@id":"https:\/\/playwell.ee\/en\/product\/lego-technic-42209-volvo-l120-electric-rataslaadur\/","url":"https:\/\/playwell.ee\/en\/product\/lego-technic-42209-volvo-l120-electric-rataslaadur\/","name":"LEGO\u00ae Technic 42209 - Volvo L120 Electric rataslaadur - Ehita oma maailm - klots klotsi haaval","isPartOf":{"@id":"https:\/\/playwell.ee\/#website"},"primaryImageOfPage":{"@id":"https:\/\/playwell.ee\/en\/product\/lego-technic-42209-volvo-l120-electric-rataslaadur\/#primaryimage"},"image":{"@id":"https:\/\/playwell.ee\/en\/product\/lego-technic-42209-volvo-l120-electric-rataslaadur\/#primaryimage"},"thumbnailUrl":"https:\/\/playwell.ee\/wp-content\/uploads\/2025\/06\/LEGO_42209_Box1_v39.jpg","datePublished":"2025-06-18T17:13:51+00:00","dateModified":"2026-05-04T19:43:02+00:00","description":"LEGO\u00ae Technic Volvo L120 Electric rataslaadur (42209) julgustab alates 9-aastaseid poisse ja t\u00fcdrukuid m\u00f5tlema rohelisele energiale, kui nad ehitavad ja m\u00e4ngivad funktsiooniderohke mudeliga. Lapsed panevad laadurim\u00e4nguasja t\u00f6\u00f6le, katsetades liigends\u00fcsteemiga rooli.","breadcrumb":{"@id":"https:\/\/playwell.ee\/en\/product\/lego-technic-42209-volvo-l120-electric-rataslaadur\/#breadcrumb"},"inLanguage":"en-US","potentialAction":[{"@type":"ReadAction","target":["https:\/\/playwell.ee\/en\/product\/lego-technic-42209-volvo-l120-electric-rataslaadur\/"]}]},{"@type":"ImageObject","inLanguage":"en-US","@id":"https:\/\/playwell.ee\/en\/product\/lego-technic-42209-volvo-l120-electric-rataslaadur\/#primaryimage","url":"https:\/\/playwell.ee\/wp-content\/uploads\/2025\/06\/LEGO_42209_Box1_v39.jpg","contentUrl":"https:\/\/playwell.ee\/wp-content\/uploads\/2025\/06\/LEGO_42209_Box1_v39.jpg","width":2263,"height":1800,"caption":"Volvo L120 Electric rataslaadur 42209"},{"@type":"BreadcrumbList","@id":"https:\/\/playwell.ee\/en\/product\/lego-technic-42209-volvo-l120-electric-rataslaadur\/#breadcrumb","itemListElement":[{"@type":"ListItem","position":1,"name":"Home","item":"https:\/\/playwell.ee\/en\/"},{"@type":"ListItem","position":2,"name":"All LEGO Products","item":"https:\/\/playwell.ee\/en\/all-products\/"},{"@type":"ListItem","position":3,"name":"LEGO\u00ae Technic 42209 &#8211; Volvo L120 Electric rataslaadur"}]},{"@type":"WebSite","@id":"https:\/\/playwell.ee\/#website","url":"https:\/\/playwell.ee\/","name":"Ehita oma maailm - klots klotsi haaval","description":"Playwell | LEGO pood Eestis","publisher":{"@id":"https:\/\/playwell.ee\/#organization"},"potentialAction":[{"@type":"SearchAction","target":{"@type":"EntryPoint","urlTemplate":"https:\/\/playwell.ee\/?s={search_term_string}"},"query-input":{"@type":"PropertyValueSpecification","valueRequired":true,"valueName":"search_term_string"}}],"inLanguage":"en-US"},{"@type":"Organization","@id":"https:\/\/playwell.ee\/#organization","name":"Playwell.ee","url":"https:\/\/playwell.ee\/","logo":{"@type":"ImageObject","inLanguage":"en-US","@id":"https:\/\/playwell.ee\/#\/schema\/logo\/image\/","url":"https:\/\/playwell.ee\/wp-content\/uploads\/2024\/06\/Logo-01-1.png","contentUrl":"https:\/\/playwell.ee\/wp-content\/uploads\/2024\/06\/Logo-01-1.png","width":2980,"height":1009,"caption":"Playwell.ee"},"image":{"@id":"https:\/\/playwell.ee\/#\/schema\/logo\/image\/"},"sameAs":["https:\/\/www.facebook.com\/profile.php?id=100091128044867"]}]}},"_links":{"self":[{"href":"https:\/\/playwell.ee\/en\/wp-json\/wp\/v2\/product\/19225","targetHints":{"allow":["GET"]}}],"collection":[{"href":"https:\/\/playwell.ee\/en\/wp-json\/wp\/v2\/product"}],"about":[{"href":"https:\/\/playwell.ee\/en\/wp-json\/wp\/v2\/types\/product"}],"wp:featuredmedia":[{"embeddable":true,"href":"https:\/\/playwell.ee\/en\/wp-json\/wp\/v2\/media\/18377"}],"wp:attachment":[{"href":"https:\/\/playwell.ee\/en\/wp-json\/wp\/v2\/media?parent=19225"}],"wp:term":[{"taxonomy":"product_brand","embeddable":true,"href":"https:\/\/playwell.ee\/en\/wp-json\/wp\/v2\/product_brand?post=19225"},{"taxonomy":"product_cat","embeddable":true,"href":"https:\/\/playwell.ee\/en\/wp-json\/wp\/v2\/product_cat?post=19225"},{"taxonomy":"product_tag","embeddable":true,"href":"https:\/\/playwell.ee\/en\/wp-json\/wp\/v2\/product_tag?post=19225"}],"curies":[{"name":"wp","href":"https:\/\/api.w.org\/{rel}","templated":true}]}}