{"id":19224,"date":"2025-06-18T19:13:51","date_gmt":"2025-06-18T17:13:51","guid":{"rendered":"https:\/\/playwell.ee\/product\/lego-technic-42208-aston-martin-valkyrie\/"},"modified":"2025-06-21T10:54:26","modified_gmt":"2025-06-21T08:54:26","slug":"lego-technic-42208-aston-martin-valkyrie","status":"publish","type":"product","link":"https:\/\/playwell.ee\/en\/product\/lego-technic-42208-aston-martin-valkyrie\/","title":{"rendered":"LEGO\u00ae Technic 42208 &#8211; Aston Martin Valkyrie"},"content":{"rendered":"<p>R\u00f5\u00f5musta lapsi p\u00f5neva projektiga, kinkides selle LEGO\u00ae Technic Aston Martin Valkyrie (42208) automudelikomplekti, mis on m\u00f5eldud alates 9-aastastele poistele ja t\u00fcdrukutele. T\u00f5elisest Aston Martinist inspireeritud mudeliversioon r\u00f5\u00f5mustab sportautode f\u00e4nne oma silmatorkava aerod\u00fcnaamilise disaini ja pilkup\u00fc\u00fcdva v\u00e4rvilahendusega. Avasta hulgaliselt funktsioone, nagu rool, mida p\u00f6\u00f6ratakse auto peal oleva nupuga, ja uksed, mis avanevad kajakatiiva stiilis, t\u00e4pselt nagu p\u00e4ris autol. Ava kapott ja t\u00f5sta mootorikate \u00fcles, et paljastada V12 mootor. Vaata, kuidas rooli p\u00f6\u00f6ramisel kolvid liiguvad \u2013 ja avasta diferentsiaali. LEGO Technic komplektidel (m\u00fc\u00fcakse eraldi) on realistlik liikumine, et tutvustada noortele LEGO ehitajatele inseneriteadusteuniversumit. See komplekt on suurep\u00e4rane kingitus lastele, kes armastavad s\u00f5idukim\u00e4nguasju. V\u00f5imalda lastele lihtsat ja intuitiivset ehitusseiklust rakendusega LEGO Builder, kus nad saavad mudeleid 3D-s sisse suumida ja p\u00f6\u00f6rata, komplekte salvestada ja nende edenemist j\u00e4lgida. Komplektis on 707 osa.<br \/>\nAutomudelikomplekt alates 9-aastastele lastele \u2013 lase lastel ja sportautode f\u00e4nnidel ehitada oma unistuste auto selle LEGO\u00ae Technic Aston Martin Valkyrie mudeliga, mis sisaldab hulgaliselt autentseid funktsioone<br \/>\nL\u00f5busate funktsioonidega m\u00e4ngus\u00f5iduk \u2013 avasta selles m\u00e4ngus\u00f5idukis palju liikuvaid elemente, nagu liikuvate kolbidega V12-mootor, diferentsiaal ja avanevad uksed<br \/>\nLiikuvad funktsioonid \u2013 sellel Aston Martini m\u00e4nguautol on l\u00f5busad detailid, nagu rool, mida p\u00f6\u00f6ratakse auto peal olevat nuppu keerates, ja kolvid, mis liiguvad juhipoolse ratta p\u00f6\u00f6rlemisel<br \/>\nVahva m\u00e4nguasi \u2013 sellel LEGO\u00ae Technic autol on pilkup\u00fc\u00fcdev sinakasroheline v\u00e4rvilahendus ja seda saab m\u00e4nguaegade vahel esitlemiseks v\u00e4lja panna<br \/>\nLoominguline kingitus sportautode f\u00e4nnidele \u2013 see Aston Martini mudelautokomplekt on suurep\u00e4rane kingiidee lastele, kes armastavad LEGO\u00ae s\u00f5idukeid ja sportautode m\u00e4nguasju<br \/>\nAbik\u00e4si \u2013 rakendus LEGO\u00ae Builder juhendab lapsi intuitiivsel ehitusseiklusel, kus lapsed saavad salvestada komplekte, j\u00e4lgida edenemist ning suumida ja p\u00f6\u00f6rata mudeleid ehitamise ajal 3D-vaates<br \/>\nSissejuhatus tehnikamaailma \u2013 LEGO\u00ae Technic kokkupandavatel mudelikomplektidel (m\u00fc\u00fcgil eraldi) on realistlikud mehhanismid, mis tutvustavad noortele LEGO ehitajatele tehnikamaailma<br \/>\nM\u00f5\u00f5dud \u2013 707-osaline komplekt koos automudeliga, mille k\u00f5rgus on 7 cm, pikkus 29 cm ja laius 13 cm<\/p>\n","protected":false},"excerpt":{"rendered":"<p><strong>Tasuta tarne alates 120\u20ac * Kogu kaup Eesti laos olemas * Kiire tarne<\/strong><\/p>\n<ul>\n<li>Osasi: 707<\/li>\n<li>Vanus: 9+<\/li>\n<\/ul>\n","protected":false},"featured_media":18359,"template":"","meta":[],"product_brand":[],"product_cat":[167],"product_tag":[171],"class_list":{"0":"post-19224","1":"product","2":"type-product","3":"status-publish","4":"has-post-thumbnail","6":"product_cat-technic-en","7":"product_tag-9-en","8":"new","10":"first","11":"instock","12":"taxable","13":"shipping-taxable","14":"purchasable","15":"product-type-simple","16":"add-to-wishlist-after_add_to_cart"},"yoast_head":"<!-- This site is optimized with the Yoast SEO plugin v27.2 - https:\/\/yoast.com\/product\/yoast-seo-wordpress\/ -->\n<title>LEGO\u00ae Technic 42208 - Aston Martin Valkyrie - Ehita oma maailm - klots klotsi haaval<\/title>\n<meta name=\"description\" content=\"R\u00f5\u00f5musta lapsi p\u00f5neva projektiga, kinkides selle LEGO\u00ae Technic Aston Martin Valkyrie (42208) automudelikomplekti, mis on m\u00f5eldud alates 9-aastastele poistele ja t\u00fcdrukutele\" \/>\n<meta name=\"robots\" content=\"index, follow, max-snippet:-1, max-image-preview:large, max-video-preview:-1\" \/>\n<link rel=\"canonical\" href=\"https:\/\/playwell.ee\/toode\/lego-technic-42208-aston-martin-valkyrie\/\" \/>\n<meta property=\"og:locale\" content=\"en_US\" \/>\n<meta property=\"og:type\" content=\"article\" \/>\n<meta property=\"og:title\" content=\"LEGO\u00ae Technic 42208 - Aston Martin Valkyrie - Ehita oma maailm - klots klotsi haaval\" \/>\n<meta property=\"og:description\" content=\"R\u00f5\u00f5musta lapsi p\u00f5neva projektiga, kinkides selle LEGO\u00ae Technic Aston Martin Valkyrie (42208) automudelikomplekti, mis on m\u00f5eldud alates 9-aastastele poistele ja t\u00fcdrukutele\" \/>\n<meta property=\"og:url\" content=\"https:\/\/playwell.ee\/toode\/lego-technic-42208-aston-martin-valkyrie\/\" \/>\n<meta property=\"og:site_name\" content=\"Ehita oma maailm - klots klotsi haaval\" \/>\n<meta property=\"article:publisher\" content=\"https:\/\/www.facebook.com\/profile.php?id=100091128044867\" \/>\n<meta property=\"article:modified_time\" content=\"2025-06-21T08:54:26+00:00\" \/>\n<meta property=\"og:image\" content=\"https:\/\/playwell.ee\/wp-content\/uploads\/2025\/06\/LEGO_42208_Box1_v29.jpg\" \/>\n\t<meta property=\"og:image:width\" content=\"2250\" \/>\n\t<meta property=\"og:image:height\" content=\"1800\" \/>\n\t<meta property=\"og:image:type\" content=\"image\/jpeg\" \/>\n<meta name=\"twitter:card\" content=\"summary_large_image\" \/>\n<meta name=\"twitter:label1\" content=\"Est. reading time\" \/>\n\t<meta name=\"twitter:data1\" content=\"2 minutes\" \/>\n<script type=\"application\/ld+json\" class=\"yoast-schema-graph\">{\"@context\":\"https:\/\/schema.org\",\"@graph\":[{\"@type\":\"WebPage\",\"@id\":\"https:\/\/playwell.ee\/toode\/lego-technic-42208-aston-martin-valkyrie\/\",\"url\":\"https:\/\/playwell.ee\/toode\/lego-technic-42208-aston-martin-valkyrie\/\",\"name\":\"LEGO\u00ae Technic 42208 - Aston Martin Valkyrie - Ehita oma maailm - klots klotsi haaval\",\"isPartOf\":{\"@id\":\"https:\/\/playwell.ee\/#website\"},\"primaryImageOfPage\":{\"@id\":\"https:\/\/playwell.ee\/toode\/lego-technic-42208-aston-martin-valkyrie\/#primaryimage\"},\"image\":{\"@id\":\"https:\/\/playwell.ee\/toode\/lego-technic-42208-aston-martin-valkyrie\/#primaryimage\"},\"thumbnailUrl\":\"https:\/\/playwell.ee\/wp-content\/uploads\/2025\/06\/LEGO_42208_Box1_v29.jpg\",\"datePublished\":\"2025-06-18T17:13:51+00:00\",\"dateModified\":\"2025-06-21T08:54:26+00:00\",\"description\":\"R\u00f5\u00f5musta lapsi p\u00f5neva projektiga, kinkides selle LEGO\u00ae Technic Aston Martin Valkyrie (42208) automudelikomplekti, mis on m\u00f5eldud alates 9-aastastele poistele ja t\u00fcdrukutele\",\"breadcrumb\":{\"@id\":\"https:\/\/playwell.ee\/toode\/lego-technic-42208-aston-martin-valkyrie\/#breadcrumb\"},\"inLanguage\":\"en-US\",\"potentialAction\":[{\"@type\":\"ReadAction\",\"target\":[\"https:\/\/playwell.ee\/toode\/lego-technic-42208-aston-martin-valkyrie\/\"]}]},{\"@type\":\"ImageObject\",\"inLanguage\":\"en-US\",\"@id\":\"https:\/\/playwell.ee\/toode\/lego-technic-42208-aston-martin-valkyrie\/#primaryimage\",\"url\":\"https:\/\/playwell.ee\/wp-content\/uploads\/2025\/06\/LEGO_42208_Box1_v29.jpg\",\"contentUrl\":\"https:\/\/playwell.ee\/wp-content\/uploads\/2025\/06\/LEGO_42208_Box1_v29.jpg\",\"width\":2250,\"height\":1800,\"caption\":\"Aston Martin Valkyrie 42208\"},{\"@type\":\"BreadcrumbList\",\"@id\":\"https:\/\/playwell.ee\/toode\/lego-technic-42208-aston-martin-valkyrie\/#breadcrumb\",\"itemListElement\":[{\"@type\":\"ListItem\",\"position\":1,\"name\":\"Home\",\"item\":\"https:\/\/playwell.ee\/en\/\"},{\"@type\":\"ListItem\",\"position\":2,\"name\":\"All LEGO Products\",\"item\":\"https:\/\/playwell.ee\/en\/all-products\/\"},{\"@type\":\"ListItem\",\"position\":3,\"name\":\"LEGO\u00ae Technic 42208 &#8211; Aston Martin Valkyrie\"}]},{\"@type\":\"WebSite\",\"@id\":\"https:\/\/playwell.ee\/#website\",\"url\":\"https:\/\/playwell.ee\/\",\"name\":\"Ehita oma maailm - klots klotsi haaval\",\"description\":\"Playwell | LEGO pood Eestis\",\"publisher\":{\"@id\":\"https:\/\/playwell.ee\/#organization\"},\"potentialAction\":[{\"@type\":\"SearchAction\",\"target\":{\"@type\":\"EntryPoint\",\"urlTemplate\":\"https:\/\/playwell.ee\/?s={search_term_string}\"},\"query-input\":{\"@type\":\"PropertyValueSpecification\",\"valueRequired\":true,\"valueName\":\"search_term_string\"}}],\"inLanguage\":\"en-US\"},{\"@type\":\"Organization\",\"@id\":\"https:\/\/playwell.ee\/#organization\",\"name\":\"Playwell.ee\",\"url\":\"https:\/\/playwell.ee\/\",\"logo\":{\"@type\":\"ImageObject\",\"inLanguage\":\"en-US\",\"@id\":\"https:\/\/playwell.ee\/#\/schema\/logo\/image\/\",\"url\":\"https:\/\/playwell.ee\/wp-content\/uploads\/2024\/06\/Logo-01-1.png\",\"contentUrl\":\"https:\/\/playwell.ee\/wp-content\/uploads\/2024\/06\/Logo-01-1.png\",\"width\":2980,\"height\":1009,\"caption\":\"Playwell.ee\"},\"image\":{\"@id\":\"https:\/\/playwell.ee\/#\/schema\/logo\/image\/\"},\"sameAs\":[\"https:\/\/www.facebook.com\/profile.php?id=100091128044867\"]}]}<\/script>\n<!-- \/ Yoast SEO plugin. -->","yoast_head_json":{"title":"LEGO\u00ae Technic 42208 - Aston Martin Valkyrie - Ehita oma maailm - klots klotsi haaval","description":"R\u00f5\u00f5musta lapsi p\u00f5neva projektiga, kinkides selle LEGO\u00ae Technic Aston Martin Valkyrie (42208) automudelikomplekti, mis on m\u00f5eldud alates 9-aastastele poistele ja t\u00fcdrukutele","robots":{"index":"index","follow":"follow","max-snippet":"max-snippet:-1","max-image-preview":"max-image-preview:large","max-video-preview":"max-video-preview:-1"},"canonical":"https:\/\/playwell.ee\/toode\/lego-technic-42208-aston-martin-valkyrie\/","og_locale":"en_US","og_type":"article","og_title":"LEGO\u00ae Technic 42208 - Aston Martin Valkyrie - Ehita oma maailm - klots klotsi haaval","og_description":"R\u00f5\u00f5musta lapsi p\u00f5neva projektiga, kinkides selle LEGO\u00ae Technic Aston Martin Valkyrie (42208) automudelikomplekti, mis on m\u00f5eldud alates 9-aastastele poistele ja t\u00fcdrukutele","og_url":"https:\/\/playwell.ee\/toode\/lego-technic-42208-aston-martin-valkyrie\/","og_site_name":"Ehita oma maailm - klots klotsi haaval","article_publisher":"https:\/\/www.facebook.com\/profile.php?id=100091128044867","article_modified_time":"2025-06-21T08:54:26+00:00","og_image":[{"width":2250,"height":1800,"url":"https:\/\/playwell.ee\/wp-content\/uploads\/2025\/06\/LEGO_42208_Box1_v29.jpg","type":"image\/jpeg"}],"twitter_card":"summary_large_image","twitter_misc":{"Est. reading time":"2 minutes"},"schema":{"@context":"https:\/\/schema.org","@graph":[{"@type":"WebPage","@id":"https:\/\/playwell.ee\/toode\/lego-technic-42208-aston-martin-valkyrie\/","url":"https:\/\/playwell.ee\/toode\/lego-technic-42208-aston-martin-valkyrie\/","name":"LEGO\u00ae Technic 42208 - Aston Martin Valkyrie - Ehita oma maailm - klots klotsi haaval","isPartOf":{"@id":"https:\/\/playwell.ee\/#website"},"primaryImageOfPage":{"@id":"https:\/\/playwell.ee\/toode\/lego-technic-42208-aston-martin-valkyrie\/#primaryimage"},"image":{"@id":"https:\/\/playwell.ee\/toode\/lego-technic-42208-aston-martin-valkyrie\/#primaryimage"},"thumbnailUrl":"https:\/\/playwell.ee\/wp-content\/uploads\/2025\/06\/LEGO_42208_Box1_v29.jpg","datePublished":"2025-06-18T17:13:51+00:00","dateModified":"2025-06-21T08:54:26+00:00","description":"R\u00f5\u00f5musta lapsi p\u00f5neva projektiga, kinkides selle LEGO\u00ae Technic Aston Martin Valkyrie (42208) automudelikomplekti, mis on m\u00f5eldud alates 9-aastastele poistele ja t\u00fcdrukutele","breadcrumb":{"@id":"https:\/\/playwell.ee\/toode\/lego-technic-42208-aston-martin-valkyrie\/#breadcrumb"},"inLanguage":"en-US","potentialAction":[{"@type":"ReadAction","target":["https:\/\/playwell.ee\/toode\/lego-technic-42208-aston-martin-valkyrie\/"]}]},{"@type":"ImageObject","inLanguage":"en-US","@id":"https:\/\/playwell.ee\/toode\/lego-technic-42208-aston-martin-valkyrie\/#primaryimage","url":"https:\/\/playwell.ee\/wp-content\/uploads\/2025\/06\/LEGO_42208_Box1_v29.jpg","contentUrl":"https:\/\/playwell.ee\/wp-content\/uploads\/2025\/06\/LEGO_42208_Box1_v29.jpg","width":2250,"height":1800,"caption":"Aston Martin Valkyrie 42208"},{"@type":"BreadcrumbList","@id":"https:\/\/playwell.ee\/toode\/lego-technic-42208-aston-martin-valkyrie\/#breadcrumb","itemListElement":[{"@type":"ListItem","position":1,"name":"Home","item":"https:\/\/playwell.ee\/en\/"},{"@type":"ListItem","position":2,"name":"All LEGO Products","item":"https:\/\/playwell.ee\/en\/all-products\/"},{"@type":"ListItem","position":3,"name":"LEGO\u00ae Technic 42208 &#8211; Aston Martin Valkyrie"}]},{"@type":"WebSite","@id":"https:\/\/playwell.ee\/#website","url":"https:\/\/playwell.ee\/","name":"Ehita oma maailm - klots klotsi haaval","description":"Playwell | LEGO pood Eestis","publisher":{"@id":"https:\/\/playwell.ee\/#organization"},"potentialAction":[{"@type":"SearchAction","target":{"@type":"EntryPoint","urlTemplate":"https:\/\/playwell.ee\/?s={search_term_string}"},"query-input":{"@type":"PropertyValueSpecification","valueRequired":true,"valueName":"search_term_string"}}],"inLanguage":"en-US"},{"@type":"Organization","@id":"https:\/\/playwell.ee\/#organization","name":"Playwell.ee","url":"https:\/\/playwell.ee\/","logo":{"@type":"ImageObject","inLanguage":"en-US","@id":"https:\/\/playwell.ee\/#\/schema\/logo\/image\/","url":"https:\/\/playwell.ee\/wp-content\/uploads\/2024\/06\/Logo-01-1.png","contentUrl":"https:\/\/playwell.ee\/wp-content\/uploads\/2024\/06\/Logo-01-1.png","width":2980,"height":1009,"caption":"Playwell.ee"},"image":{"@id":"https:\/\/playwell.ee\/#\/schema\/logo\/image\/"},"sameAs":["https:\/\/www.facebook.com\/profile.php?id=100091128044867"]}]}},"_links":{"self":[{"href":"https:\/\/playwell.ee\/en\/wp-json\/wp\/v2\/product\/19224","targetHints":{"allow":["GET"]}}],"collection":[{"href":"https:\/\/playwell.ee\/en\/wp-json\/wp\/v2\/product"}],"about":[{"href":"https:\/\/playwell.ee\/en\/wp-json\/wp\/v2\/types\/product"}],"wp:featuredmedia":[{"embeddable":true,"href":"https:\/\/playwell.ee\/en\/wp-json\/wp\/v2\/media\/18359"}],"wp:attachment":[{"href":"https:\/\/playwell.ee\/en\/wp-json\/wp\/v2\/media?parent=19224"}],"wp:term":[{"taxonomy":"product_brand","embeddable":true,"href":"https:\/\/playwell.ee\/en\/wp-json\/wp\/v2\/product_brand?post=19224"},{"taxonomy":"product_cat","embeddable":true,"href":"https:\/\/playwell.ee\/en\/wp-json\/wp\/v2\/product_cat?post=19224"},{"taxonomy":"product_tag","embeddable":true,"href":"https:\/\/playwell.ee\/en\/wp-json\/wp\/v2\/product_tag?post=19224"}],"curies":[{"name":"wp","href":"https:\/\/api.w.org\/{rel}","templated":true}]}}