{"id":19222,"date":"2025-06-18T19:13:52","date_gmt":"2025-06-18T17:13:52","guid":{"rendered":"https:\/\/playwell.ee\/product\/lego-icons-10367-sormuste-isand-balrogi-riiulikaunistus\/"},"modified":"2025-06-27T09:00:09","modified_gmt":"2025-06-27T07:00:09","slug":"lego-icons-10367-sormuste-isand-balrogi-riiulikaunistus","status":"publish","type":"product","link":"https:\/\/playwell.ee\/en\/product\/lego-icons-10367-sormuste-isand-balrogi-riiulikaunistus\/","title":{"rendered":"LEGO\u00ae Icons 10367 &#8211; S\u00f5rmuste isand: Balrogi riiulikaunistus"},"content":{"rendered":"<p>Loo aken Keskmaale komplektiga LEGO\u00ae Icons S\u00f5rmuste isand: Balrogi riiulikaunistus (10367) \u2013 l\u00f5bus kingiidee raamatus\u00f5pradele ja legendaarse filmitriloogia f\u00e4nnidele. Libista see oma lemmikromaanide vahele, et heita pilk J.R.R. Tolkieni fantaasiamaailma, v\u00f5i ava mudel, et paljastada h\u00e4mmastav v\u00e4ljapanek, mis kujutab Gandalfi eepilist lahingut Balrogiga Khazad-d\u00fbmi sillal.<\/p>\n<p>Mudelil, millel on tahvel s\u00f5nadega \u201eYou Shall Not Pass\u201c, on kujutatud Gandalf Halli kartmatus hoiakus ja Balrogi oma v\u00f5imsate tiibadega l\u00f5\u00f5mava leegiseina taustal. M\u00f5lemad tegelaskujud on eemaldatavad ning Gandalfi minifiguuril on sau ja m\u00f5\u00f5k, samas kui Balrogi figuuril on leegitsev piits ning d\u00fcnaamiliseks v\u00e4ljapanekuks muudetava asendiga j\u00e4semed ja tiivad.<\/p>\n<p>Avasta t\u00e4iskasvanutele m\u00f5eldud inspireerivate LEGO ehituskomplektide valikut. Rakendus LEGO Builder sisaldab komplektiga kaasas olevate ehitusjuhiste digitaalset 3D-versiooni.<\/p>\n<p>Filmi m\u00e4lestuseseme riiulikaunistus \u2013 loo aken Keskmaale selle LEGO\u00ae Icons S\u00f5rmuste isand: Balrogi riiulikaunistuse ehituskomplekt t\u00e4iskasvanutele<br \/>\nMis on karbis? \u2013 Komplektis on k\u00f5ik, mida vajad LEGO\u00ae Icons S\u00f5rmuste isand: Balrogi riiulikaunistuse ehitamiseks, leegitseva piitsaga Balrogi figuur ja Gandalf Halli minifiguur koos saua ja m\u00f5\u00f5gaga<br \/>\nFunktsioonid ja detailid \u2013 ava mudel, et paljastada Khazad-d\u00fbmi silla lahingu kujutis, ning s\u00e4ti paika eemaldatavad Gandalf Halli ja Balrogi figuurid<br \/>\nRaamaturiiuli kaunistuskomplekt \u2013 aseta see oma lemmikromaanide vahele, et luua aken Keskmaale, v\u00f5i tee see lahti k\u00fctkestavaks v\u00e4ljapanekuks<br \/>\nRaamatus\u00f5bra kingitus \u2013 hellita ennast v\u00f5i kingi see LEGO\u00ae Icons riiulikaunistus s\u00fcnnip\u00e4eva- v\u00f5i p\u00fchadekingiks S\u00f5rmuste isanda filmide f\u00e4nnile<br \/>\n3D-ehitusjuhised \u2013 valmistu ehitamiseks nagu ei kunagi varem LEGO\u00ae Builderi rakendusega, kus saad salvestada komplekte, j\u00e4lgida oma edenemist ning mudelit 3D-s suumida ja p\u00f6\u00f6rata<br \/>\nLEGO\u00ae ehituskomplektid t\u00e4iskasvanutele \u2013 see LEGO Icons projekt on osa spetsiaalselt t\u00e4iskasvanutele m\u00f5eldud LEGO loominguliste ehituskomplektide inspireerivast valikust<br \/>\nM\u00f5\u00f5tmed \u2013 avatuna on 1201-osaline S\u00f5rmuste isand: Balrogi riiulikaunistus 22 cm k\u00f5rge, 44 cm lai ja 17 cm s\u00fcgav<\/p>\n","protected":false},"excerpt":{"rendered":"<p><strong>Tasuta tarne alates 120\u20ac * Kogu kaup Eesti laos olemas * Kiire tarne<\/strong><\/p>\n<ul>\n<li>Osasi: 1201<\/li>\n<li>Vanus: 18+<\/li>\n<\/ul>\n","protected":false},"featured_media":18163,"template":"","meta":[],"product_brand":[],"product_cat":[156],"product_tag":[173],"class_list":{"0":"post-19222","1":"product","2":"type-product","3":"status-publish","4":"has-post-thumbnail","6":"product_cat-lego-icons-en","7":"product_tag-18-en","8":"new","10":"first","11":"instock","12":"taxable","13":"shipping-taxable","14":"purchasable","15":"product-type-simple","16":"add-to-wishlist-after_add_to_cart"},"yoast_head":"<!-- This site is optimized with the Yoast SEO plugin v27.4 - https:\/\/yoast.com\/product\/yoast-seo-wordpress\/ -->\n<title>LEGO\u00ae Icons 10367 - S\u00f5rmuste isand: Balrogi riiulikaunistus - Ehita oma maailm - klots klotsi haaval<\/title>\n<meta name=\"description\" content=\"Loo aken Keskmaale komplektiga LEGO\u00ae Icons S\u00f5rmuste isand: Balrogi riiulikaunistus (10367) \u2013 l\u00f5bus kingiidee raamatus\u00f5pradele ja legendaarse filmitriloogia f\u00e4nnidele\" \/>\n<meta name=\"robots\" content=\"index, follow, max-snippet:-1, max-image-preview:large, max-video-preview:-1\" \/>\n<link rel=\"canonical\" href=\"https:\/\/playwell.ee\/toode\/lego-icons-10367-sormuste-isand-balrogi-riiulikaunistus\/\" \/>\n<meta property=\"og:locale\" content=\"en_US\" \/>\n<meta property=\"og:type\" content=\"article\" \/>\n<meta property=\"og:title\" content=\"LEGO\u00ae Icons 10367 - S\u00f5rmuste isand: Balrogi riiulikaunistus - Ehita oma maailm - klots klotsi haaval\" \/>\n<meta property=\"og:description\" content=\"Loo aken Keskmaale komplektiga LEGO\u00ae Icons S\u00f5rmuste isand: Balrogi riiulikaunistus (10367) \u2013 l\u00f5bus kingiidee raamatus\u00f5pradele ja legendaarse filmitriloogia f\u00e4nnidele\" \/>\n<meta property=\"og:url\" content=\"https:\/\/playwell.ee\/toode\/lego-icons-10367-sormuste-isand-balrogi-riiulikaunistus\/\" \/>\n<meta property=\"og:site_name\" content=\"Ehita oma maailm - klots klotsi haaval\" \/>\n<meta property=\"article:publisher\" content=\"https:\/\/www.facebook.com\/profile.php?id=100091128044867\" \/>\n<meta property=\"article:modified_time\" content=\"2025-06-27T07:00:09+00:00\" \/>\n<meta property=\"og:image\" content=\"https:\/\/playwell.ee\/wp-content\/uploads\/2025\/06\/LEGO_10367_Box1_v39.jpg\" \/>\n\t<meta property=\"og:image:width\" content=\"2263\" \/>\n\t<meta property=\"og:image:height\" content=\"1800\" \/>\n\t<meta property=\"og:image:type\" content=\"image\/jpeg\" \/>\n<meta name=\"twitter:card\" content=\"summary_large_image\" \/>\n<meta name=\"twitter:label1\" content=\"Est. reading time\" \/>\n\t<meta name=\"twitter:data1\" content=\"2 minutes\" \/>\n<script type=\"application\/ld+json\" class=\"yoast-schema-graph\">{\"@context\":\"https:\\\/\\\/schema.org\",\"@graph\":[{\"@type\":\"WebPage\",\"@id\":\"https:\\\/\\\/playwell.ee\\\/toode\\\/lego-icons-10367-sormuste-isand-balrogi-riiulikaunistus\\\/\",\"url\":\"https:\\\/\\\/playwell.ee\\\/toode\\\/lego-icons-10367-sormuste-isand-balrogi-riiulikaunistus\\\/\",\"name\":\"LEGO\u00ae Icons 10367 - S\u00f5rmuste isand: Balrogi riiulikaunistus - Ehita oma maailm - klots klotsi haaval\",\"isPartOf\":{\"@id\":\"https:\\\/\\\/playwell.ee\\\/#website\"},\"primaryImageOfPage\":{\"@id\":\"https:\\\/\\\/playwell.ee\\\/toode\\\/lego-icons-10367-sormuste-isand-balrogi-riiulikaunistus\\\/#primaryimage\"},\"image\":{\"@id\":\"https:\\\/\\\/playwell.ee\\\/toode\\\/lego-icons-10367-sormuste-isand-balrogi-riiulikaunistus\\\/#primaryimage\"},\"thumbnailUrl\":\"https:\\\/\\\/playwell.ee\\\/wp-content\\\/uploads\\\/2025\\\/06\\\/LEGO_10367_Box1_v39.jpg\",\"datePublished\":\"2025-06-18T17:13:52+00:00\",\"dateModified\":\"2025-06-27T07:00:09+00:00\",\"description\":\"Loo aken Keskmaale komplektiga LEGO\u00ae Icons S\u00f5rmuste isand: Balrogi riiulikaunistus (10367) \u2013 l\u00f5bus kingiidee raamatus\u00f5pradele ja legendaarse filmitriloogia f\u00e4nnidele\",\"breadcrumb\":{\"@id\":\"https:\\\/\\\/playwell.ee\\\/toode\\\/lego-icons-10367-sormuste-isand-balrogi-riiulikaunistus\\\/#breadcrumb\"},\"inLanguage\":\"en-US\",\"potentialAction\":[{\"@type\":\"ReadAction\",\"target\":[\"https:\\\/\\\/playwell.ee\\\/toode\\\/lego-icons-10367-sormuste-isand-balrogi-riiulikaunistus\\\/\"]}]},{\"@type\":\"ImageObject\",\"inLanguage\":\"en-US\",\"@id\":\"https:\\\/\\\/playwell.ee\\\/toode\\\/lego-icons-10367-sormuste-isand-balrogi-riiulikaunistus\\\/#primaryimage\",\"url\":\"https:\\\/\\\/playwell.ee\\\/wp-content\\\/uploads\\\/2025\\\/06\\\/LEGO_10367_Box1_v39.jpg\",\"contentUrl\":\"https:\\\/\\\/playwell.ee\\\/wp-content\\\/uploads\\\/2025\\\/06\\\/LEGO_10367_Box1_v39.jpg\",\"width\":2263,\"height\":1800,\"caption\":\"S\u00f5rmuste isand: Balrogi riiulikaunistus 10367\"},{\"@type\":\"BreadcrumbList\",\"@id\":\"https:\\\/\\\/playwell.ee\\\/toode\\\/lego-icons-10367-sormuste-isand-balrogi-riiulikaunistus\\\/#breadcrumb\",\"itemListElement\":[{\"@type\":\"ListItem\",\"position\":1,\"name\":\"Home\",\"item\":\"https:\\\/\\\/playwell.ee\\\/en\\\/\"},{\"@type\":\"ListItem\",\"position\":2,\"name\":\"All LEGO Products\",\"item\":\"https:\\\/\\\/playwell.ee\\\/en\\\/all-products\\\/\"},{\"@type\":\"ListItem\",\"position\":3,\"name\":\"LEGO\u00ae Icons 10367 &#8211; S\u00f5rmuste isand: Balrogi riiulikaunistus\"}]},{\"@type\":\"WebSite\",\"@id\":\"https:\\\/\\\/playwell.ee\\\/#website\",\"url\":\"https:\\\/\\\/playwell.ee\\\/\",\"name\":\"Ehita oma maailm - klots klotsi haaval\",\"description\":\"Playwell | LEGO pood Eestis\",\"publisher\":{\"@id\":\"https:\\\/\\\/playwell.ee\\\/#organization\"},\"potentialAction\":[{\"@type\":\"SearchAction\",\"target\":{\"@type\":\"EntryPoint\",\"urlTemplate\":\"https:\\\/\\\/playwell.ee\\\/?s={search_term_string}\"},\"query-input\":{\"@type\":\"PropertyValueSpecification\",\"valueRequired\":true,\"valueName\":\"search_term_string\"}}],\"inLanguage\":\"en-US\"},{\"@type\":\"Organization\",\"@id\":\"https:\\\/\\\/playwell.ee\\\/#organization\",\"name\":\"Playwell.ee\",\"url\":\"https:\\\/\\\/playwell.ee\\\/\",\"logo\":{\"@type\":\"ImageObject\",\"inLanguage\":\"en-US\",\"@id\":\"https:\\\/\\\/playwell.ee\\\/#\\\/schema\\\/logo\\\/image\\\/\",\"url\":\"https:\\\/\\\/playwell.ee\\\/wp-content\\\/uploads\\\/2024\\\/06\\\/Logo-01-1.png\",\"contentUrl\":\"https:\\\/\\\/playwell.ee\\\/wp-content\\\/uploads\\\/2024\\\/06\\\/Logo-01-1.png\",\"width\":2980,\"height\":1009,\"caption\":\"Playwell.ee\"},\"image\":{\"@id\":\"https:\\\/\\\/playwell.ee\\\/#\\\/schema\\\/logo\\\/image\\\/\"},\"sameAs\":[\"https:\\\/\\\/www.facebook.com\\\/profile.php?id=100091128044867\"]}]}<\/script>\n<!-- \/ Yoast SEO plugin. -->","yoast_head_json":{"title":"LEGO\u00ae Icons 10367 - S\u00f5rmuste isand: Balrogi riiulikaunistus - Ehita oma maailm - klots klotsi haaval","description":"Loo aken Keskmaale komplektiga LEGO\u00ae Icons S\u00f5rmuste isand: Balrogi riiulikaunistus (10367) \u2013 l\u00f5bus kingiidee raamatus\u00f5pradele ja legendaarse filmitriloogia f\u00e4nnidele","robots":{"index":"index","follow":"follow","max-snippet":"max-snippet:-1","max-image-preview":"max-image-preview:large","max-video-preview":"max-video-preview:-1"},"canonical":"https:\/\/playwell.ee\/toode\/lego-icons-10367-sormuste-isand-balrogi-riiulikaunistus\/","og_locale":"en_US","og_type":"article","og_title":"LEGO\u00ae Icons 10367 - S\u00f5rmuste isand: Balrogi riiulikaunistus - Ehita oma maailm - klots klotsi haaval","og_description":"Loo aken Keskmaale komplektiga LEGO\u00ae Icons S\u00f5rmuste isand: Balrogi riiulikaunistus (10367) \u2013 l\u00f5bus kingiidee raamatus\u00f5pradele ja legendaarse filmitriloogia f\u00e4nnidele","og_url":"https:\/\/playwell.ee\/toode\/lego-icons-10367-sormuste-isand-balrogi-riiulikaunistus\/","og_site_name":"Ehita oma maailm - klots klotsi haaval","article_publisher":"https:\/\/www.facebook.com\/profile.php?id=100091128044867","article_modified_time":"2025-06-27T07:00:09+00:00","og_image":[{"width":2263,"height":1800,"url":"https:\/\/playwell.ee\/wp-content\/uploads\/2025\/06\/LEGO_10367_Box1_v39.jpg","type":"image\/jpeg"}],"twitter_card":"summary_large_image","twitter_misc":{"Est. reading time":"2 minutes"},"schema":{"@context":"https:\/\/schema.org","@graph":[{"@type":"WebPage","@id":"https:\/\/playwell.ee\/toode\/lego-icons-10367-sormuste-isand-balrogi-riiulikaunistus\/","url":"https:\/\/playwell.ee\/toode\/lego-icons-10367-sormuste-isand-balrogi-riiulikaunistus\/","name":"LEGO\u00ae Icons 10367 - S\u00f5rmuste isand: Balrogi riiulikaunistus - Ehita oma maailm - klots klotsi haaval","isPartOf":{"@id":"https:\/\/playwell.ee\/#website"},"primaryImageOfPage":{"@id":"https:\/\/playwell.ee\/toode\/lego-icons-10367-sormuste-isand-balrogi-riiulikaunistus\/#primaryimage"},"image":{"@id":"https:\/\/playwell.ee\/toode\/lego-icons-10367-sormuste-isand-balrogi-riiulikaunistus\/#primaryimage"},"thumbnailUrl":"https:\/\/playwell.ee\/wp-content\/uploads\/2025\/06\/LEGO_10367_Box1_v39.jpg","datePublished":"2025-06-18T17:13:52+00:00","dateModified":"2025-06-27T07:00:09+00:00","description":"Loo aken Keskmaale komplektiga LEGO\u00ae Icons S\u00f5rmuste isand: Balrogi riiulikaunistus (10367) \u2013 l\u00f5bus kingiidee raamatus\u00f5pradele ja legendaarse filmitriloogia f\u00e4nnidele","breadcrumb":{"@id":"https:\/\/playwell.ee\/toode\/lego-icons-10367-sormuste-isand-balrogi-riiulikaunistus\/#breadcrumb"},"inLanguage":"en-US","potentialAction":[{"@type":"ReadAction","target":["https:\/\/playwell.ee\/toode\/lego-icons-10367-sormuste-isand-balrogi-riiulikaunistus\/"]}]},{"@type":"ImageObject","inLanguage":"en-US","@id":"https:\/\/playwell.ee\/toode\/lego-icons-10367-sormuste-isand-balrogi-riiulikaunistus\/#primaryimage","url":"https:\/\/playwell.ee\/wp-content\/uploads\/2025\/06\/LEGO_10367_Box1_v39.jpg","contentUrl":"https:\/\/playwell.ee\/wp-content\/uploads\/2025\/06\/LEGO_10367_Box1_v39.jpg","width":2263,"height":1800,"caption":"S\u00f5rmuste isand: Balrogi riiulikaunistus 10367"},{"@type":"BreadcrumbList","@id":"https:\/\/playwell.ee\/toode\/lego-icons-10367-sormuste-isand-balrogi-riiulikaunistus\/#breadcrumb","itemListElement":[{"@type":"ListItem","position":1,"name":"Home","item":"https:\/\/playwell.ee\/en\/"},{"@type":"ListItem","position":2,"name":"All LEGO Products","item":"https:\/\/playwell.ee\/en\/all-products\/"},{"@type":"ListItem","position":3,"name":"LEGO\u00ae Icons 10367 &#8211; S\u00f5rmuste isand: Balrogi riiulikaunistus"}]},{"@type":"WebSite","@id":"https:\/\/playwell.ee\/#website","url":"https:\/\/playwell.ee\/","name":"Ehita oma maailm - klots klotsi haaval","description":"Playwell | LEGO pood Eestis","publisher":{"@id":"https:\/\/playwell.ee\/#organization"},"potentialAction":[{"@type":"SearchAction","target":{"@type":"EntryPoint","urlTemplate":"https:\/\/playwell.ee\/?s={search_term_string}"},"query-input":{"@type":"PropertyValueSpecification","valueRequired":true,"valueName":"search_term_string"}}],"inLanguage":"en-US"},{"@type":"Organization","@id":"https:\/\/playwell.ee\/#organization","name":"Playwell.ee","url":"https:\/\/playwell.ee\/","logo":{"@type":"ImageObject","inLanguage":"en-US","@id":"https:\/\/playwell.ee\/#\/schema\/logo\/image\/","url":"https:\/\/playwell.ee\/wp-content\/uploads\/2024\/06\/Logo-01-1.png","contentUrl":"https:\/\/playwell.ee\/wp-content\/uploads\/2024\/06\/Logo-01-1.png","width":2980,"height":1009,"caption":"Playwell.ee"},"image":{"@id":"https:\/\/playwell.ee\/#\/schema\/logo\/image\/"},"sameAs":["https:\/\/www.facebook.com\/profile.php?id=100091128044867"]}]}},"_links":{"self":[{"href":"https:\/\/playwell.ee\/en\/wp-json\/wp\/v2\/product\/19222","targetHints":{"allow":["GET"]}}],"collection":[{"href":"https:\/\/playwell.ee\/en\/wp-json\/wp\/v2\/product"}],"about":[{"href":"https:\/\/playwell.ee\/en\/wp-json\/wp\/v2\/types\/product"}],"wp:featuredmedia":[{"embeddable":true,"href":"https:\/\/playwell.ee\/en\/wp-json\/wp\/v2\/media\/18163"}],"wp:attachment":[{"href":"https:\/\/playwell.ee\/en\/wp-json\/wp\/v2\/media?parent=19222"}],"wp:term":[{"taxonomy":"product_brand","embeddable":true,"href":"https:\/\/playwell.ee\/en\/wp-json\/wp\/v2\/product_brand?post=19222"},{"taxonomy":"product_cat","embeddable":true,"href":"https:\/\/playwell.ee\/en\/wp-json\/wp\/v2\/product_cat?post=19222"},{"taxonomy":"product_tag","embeddable":true,"href":"https:\/\/playwell.ee\/en\/wp-json\/wp\/v2\/product_tag?post=19222"}],"curies":[{"name":"wp","href":"https:\/\/api.w.org\/{rel}","templated":true}]}}