{"id":19220,"date":"2025-06-18T19:13:52","date_gmt":"2025-06-18T17:13:52","guid":{"rendered":"https:\/\/playwell.ee\/product\/lego-lego-ideas-21357-disney-pixar-luxo-jr\/"},"modified":"2026-03-31T08:07:54","modified_gmt":"2026-03-31T06:07:54","slug":"lego-lego-ideas-21357-disney-pixar-luxo-jr","status":"publish","type":"product","link":"https:\/\/playwell.ee\/en\/product\/lego-lego-ideas-21357-disney-pixar-luxo-jr\/","title":{"rendered":"LEGO\u00ae Ideas 21357 &#8211; Disney Pixar Luxo Jr."},"content":{"rendered":"<p>Taasloo kaasahaarav ja m\u00e4nguline tegelane esimesest arvutiga tehtud animafilmist, mis Oscarile nomineeriti, selle LEGO\u00ae Idease \u01c0 Disney Pixar Luxo Jr. ehituskomplektiga t\u00e4iskasvanutele (21357). Kokkupandav esitlusmudel, millest saab fantastiline kodu ja kontori sisekujundus, on t\u00e4ielikult liigendatud, et taastada tegelase p\u00f5rkuvad, h\u00fcppavad ja p\u00f6\u00f6rlevad liigutused. Ehituskomplekt sisaldab ka kokkupandavat Disney Pixari palli, mis avaneb, et paljastada peidetud lihav\u00f5ttemunad, mis viitavad populaarsetele Disney Pixari filmidele \u00dcles, The Incredibles, Ratatouille, Koletised, Inc., Toy Story, Kalapoeg Nemo ja Autod. See klotsidest ehitatud filmim\u00e4lestusese on nostalgiline kingitus meestele, naistele ja k\u00f5igile f\u00e4nnidele, kes on imetlenud, kuidas Disney Pixar annab elututele objektidele inimeste liigutusi ja emotsioone. V\u00f5id isegi esitleda Luxo Jr.-i pallil seismas, justkui seda t\u00fchjaks laskmas, t\u00e4pselt nagu 1986. aasta l\u00fchifilmis. Ehitusjuhised leiad karbist ja rakendusest LEGO Builder, mis aitavad sind loomingulisel teekonnal.<br \/>\nKokkupandav esitlusmudel \u2013 j\u00e4\u00e4dvusta Luxo Jr.-i m\u00e4nguline olek selle muudetava asendiga LEGO\u00ae klotsidest mudeliga, tegelaskuju n\u00e4hti esmakordselt murrangulises 1986. aasta Disney Pixari animeeritud l\u00fchifilmis Luxo Jr.<br \/>\nKogutavad klotsidest ehitatud filmim\u00e4lestusesemed \u2013 kokkupandav mudel LEGO\u00ae Ideas \u01c0 Disney Pixar Luxo Jr. on t\u00e4ielikult liigendatud, et taastada tegelase p\u00f5rkuvad, h\u00fcppavad ja p\u00f6\u00f6rlevad liigutused<br \/>\nKokkupandav Disney Pixari pall \u2013 Pixari pall sisaldab peidetud lihav\u00f5ttemune, mis viitavad kuulsatele Disney Pixari filmidele \u00dcles, The Incredibles, Ratatouille, Koletised, Inc., Toy Story, Kalapoeg Nemo ja Autod<br \/>\nL\u00f5bus esitlusv\u00f5imalus \u2013 eemalda 2 \u00fcmarat plaati Pixari palli m\u00f5lemalt k\u00fcljelt, et luua Luxo Jr-ile alus, millel seista, justkui laseks ta Pixari palli t\u00fchjaks<br \/>\nNostalgiline kingiidee meestele, naistele ja k\u00f5igile Disney Pixari f\u00e4nnidele \u2013 hellita ennast v\u00f5i kingi see t\u00e4iskasvanutele m\u00f5eldud LEGO\u00ae Idease ehituskomplekt m\u00f5nele teisele Disney Pixari filmis\u00f5brale<br \/>\nAbik\u00e4si \u2013 ehitusjuhised leiad LEGO\u00ae Builderi rakendusest ja kaasasolevast bro\u0161\u00fc\u00fcrist, mis sisaldab intervjuusid ehituskomplekti f\u00e4nnist disaineri ja LEGO disaineritega<br \/>\nLEGO\u00ae f\u00e4nnide valik \u2013 see t\u00e4iskasvanutele m\u00f5eldud kogutav mudel on \u00fcks paljudest LEGO\u00ae Idease komplektidest, mille on loonud m\u00f5ni f\u00e4nnist disainer ja mis on saanud LEGO f\u00e4nnide toetush\u00e4\u00e4led ning mille on tootnud LEGO Group<br \/>\nKodu- ja kontori kaunistus \u2013 kokkupandav Disney Pixar Luxo Jr.-i mudel selles 613-osalises LEGO\u00ae \u01c0 Disney Pixari komplektis on 29 cm k\u00f5rge, 14 cm lai ja 11 cm s\u00fcgav<\/p>\n","protected":false},"excerpt":{"rendered":"<p><strong>Tasuta tarne alates 120\u20ac * Kogu kaup Eesti laos olemas * Kiire tarne<\/strong><\/p>\n<ul>\n<li>Osasi: 613<\/li>\n<li>Vanus: 18+<\/li>\n<\/ul>\n","protected":false},"featured_media":18323,"template":"","meta":[],"product_brand":[],"product_cat":[156],"product_tag":[173],"class_list":{"0":"post-19220","1":"product","2":"type-product","3":"status-publish","4":"has-post-thumbnail","6":"product_cat-lego-icons-en","7":"product_tag-18-en","9":"first","10":"instock","11":"taxable","12":"shipping-taxable","13":"purchasable","14":"product-type-simple","15":"add-to-wishlist-after_add_to_cart"},"yoast_head":"<!-- This site is optimized with the Yoast SEO plugin v27.2 - https:\/\/yoast.com\/product\/yoast-seo-wordpress\/ -->\n<title>LEGO\u00ae Ideas 21357 - Disney Pixar Luxo Jr. - Ehita oma maailm - klots klotsi haaval<\/title>\n<meta name=\"description\" content=\"Taasloo kaasahaarav ja m\u00e4nguline tegelane esimesest arvutiga tehtud animafilmist, mis Oscarile nomineeriti, selle LEGO\u00ae Idease \u01c0 Disney Pixar Luxo Jr\" \/>\n<meta name=\"robots\" content=\"index, follow, max-snippet:-1, max-image-preview:large, max-video-preview:-1\" \/>\n<link rel=\"canonical\" href=\"https:\/\/playwell.ee\/en\/product\/lego-lego-ideas-21357-disney-pixar-luxo-jr\/\" \/>\n<meta property=\"og:locale\" content=\"en_US\" \/>\n<meta property=\"og:type\" content=\"article\" \/>\n<meta property=\"og:title\" content=\"LEGO\u00ae Ideas 21357 - Disney Pixar Luxo Jr. - Ehita oma maailm - klots klotsi haaval\" \/>\n<meta property=\"og:description\" content=\"Taasloo kaasahaarav ja m\u00e4nguline tegelane esimesest arvutiga tehtud animafilmist, mis Oscarile nomineeriti, selle LEGO\u00ae Idease \u01c0 Disney Pixar Luxo Jr\" \/>\n<meta property=\"og:url\" content=\"https:\/\/playwell.ee\/en\/product\/lego-lego-ideas-21357-disney-pixar-luxo-jr\/\" \/>\n<meta property=\"og:site_name\" content=\"Ehita oma maailm - klots klotsi haaval\" \/>\n<meta property=\"article:publisher\" content=\"https:\/\/www.facebook.com\/profile.php?id=100091128044867\" \/>\n<meta property=\"article:modified_time\" content=\"2026-03-31T06:07:54+00:00\" \/>\n<meta property=\"og:image\" content=\"https:\/\/playwell.ee\/wp-content\/uploads\/2025\/06\/LEGO_21357_Box1_v29.jpg\" \/>\n\t<meta property=\"og:image:width\" content=\"1480\" \/>\n\t<meta property=\"og:image:height\" content=\"1800\" \/>\n\t<meta property=\"og:image:type\" content=\"image\/jpeg\" \/>\n<meta name=\"twitter:card\" content=\"summary_large_image\" \/>\n<meta name=\"twitter:label1\" content=\"Est. reading time\" \/>\n\t<meta name=\"twitter:data1\" content=\"2 minutes\" \/>\n<script type=\"application\/ld+json\" class=\"yoast-schema-graph\">{\"@context\":\"https:\/\/schema.org\",\"@graph\":[{\"@type\":\"WebPage\",\"@id\":\"https:\/\/playwell.ee\/en\/product\/lego-lego-ideas-21357-disney-pixar-luxo-jr\/\",\"url\":\"https:\/\/playwell.ee\/en\/product\/lego-lego-ideas-21357-disney-pixar-luxo-jr\/\",\"name\":\"LEGO\u00ae Ideas 21357 - Disney Pixar Luxo Jr. - Ehita oma maailm - klots klotsi haaval\",\"isPartOf\":{\"@id\":\"https:\/\/playwell.ee\/#website\"},\"primaryImageOfPage\":{\"@id\":\"https:\/\/playwell.ee\/en\/product\/lego-lego-ideas-21357-disney-pixar-luxo-jr\/#primaryimage\"},\"image\":{\"@id\":\"https:\/\/playwell.ee\/en\/product\/lego-lego-ideas-21357-disney-pixar-luxo-jr\/#primaryimage\"},\"thumbnailUrl\":\"https:\/\/playwell.ee\/wp-content\/uploads\/2025\/06\/LEGO_21357_Box1_v29.jpg\",\"datePublished\":\"2025-06-18T17:13:52+00:00\",\"dateModified\":\"2026-03-31T06:07:54+00:00\",\"description\":\"Taasloo kaasahaarav ja m\u00e4nguline tegelane esimesest arvutiga tehtud animafilmist, mis Oscarile nomineeriti, selle LEGO\u00ae Idease \u01c0 Disney Pixar Luxo Jr\",\"breadcrumb\":{\"@id\":\"https:\/\/playwell.ee\/en\/product\/lego-lego-ideas-21357-disney-pixar-luxo-jr\/#breadcrumb\"},\"inLanguage\":\"en-US\",\"potentialAction\":[{\"@type\":\"ReadAction\",\"target\":[\"https:\/\/playwell.ee\/en\/product\/lego-lego-ideas-21357-disney-pixar-luxo-jr\/\"]}]},{\"@type\":\"ImageObject\",\"inLanguage\":\"en-US\",\"@id\":\"https:\/\/playwell.ee\/en\/product\/lego-lego-ideas-21357-disney-pixar-luxo-jr\/#primaryimage\",\"url\":\"https:\/\/playwell.ee\/wp-content\/uploads\/2025\/06\/LEGO_21357_Box1_v29.jpg\",\"contentUrl\":\"https:\/\/playwell.ee\/wp-content\/uploads\/2025\/06\/LEGO_21357_Box1_v29.jpg\",\"width\":1480,\"height\":1800,\"caption\":\"Disney Pixar Luxo Jr. 21357\"},{\"@type\":\"BreadcrumbList\",\"@id\":\"https:\/\/playwell.ee\/en\/product\/lego-lego-ideas-21357-disney-pixar-luxo-jr\/#breadcrumb\",\"itemListElement\":[{\"@type\":\"ListItem\",\"position\":1,\"name\":\"Home\",\"item\":\"https:\/\/playwell.ee\/en\/\"},{\"@type\":\"ListItem\",\"position\":2,\"name\":\"All LEGO Products\",\"item\":\"https:\/\/playwell.ee\/en\/all-products\/\"},{\"@type\":\"ListItem\",\"position\":3,\"name\":\"LEGO\u00ae Ideas 21357 &#8211; Disney Pixar Luxo Jr.\"}]},{\"@type\":\"WebSite\",\"@id\":\"https:\/\/playwell.ee\/#website\",\"url\":\"https:\/\/playwell.ee\/\",\"name\":\"Ehita oma maailm - klots klotsi haaval\",\"description\":\"Playwell | LEGO pood Eestis\",\"publisher\":{\"@id\":\"https:\/\/playwell.ee\/#organization\"},\"potentialAction\":[{\"@type\":\"SearchAction\",\"target\":{\"@type\":\"EntryPoint\",\"urlTemplate\":\"https:\/\/playwell.ee\/?s={search_term_string}\"},\"query-input\":{\"@type\":\"PropertyValueSpecification\",\"valueRequired\":true,\"valueName\":\"search_term_string\"}}],\"inLanguage\":\"en-US\"},{\"@type\":\"Organization\",\"@id\":\"https:\/\/playwell.ee\/#organization\",\"name\":\"Playwell.ee\",\"url\":\"https:\/\/playwell.ee\/\",\"logo\":{\"@type\":\"ImageObject\",\"inLanguage\":\"en-US\",\"@id\":\"https:\/\/playwell.ee\/#\/schema\/logo\/image\/\",\"url\":\"https:\/\/playwell.ee\/wp-content\/uploads\/2024\/06\/Logo-01-1.png\",\"contentUrl\":\"https:\/\/playwell.ee\/wp-content\/uploads\/2024\/06\/Logo-01-1.png\",\"width\":2980,\"height\":1009,\"caption\":\"Playwell.ee\"},\"image\":{\"@id\":\"https:\/\/playwell.ee\/#\/schema\/logo\/image\/\"},\"sameAs\":[\"https:\/\/www.facebook.com\/profile.php?id=100091128044867\"]}]}<\/script>\n<!-- \/ Yoast SEO plugin. -->","yoast_head_json":{"title":"LEGO\u00ae Ideas 21357 - Disney Pixar Luxo Jr. - Ehita oma maailm - klots klotsi haaval","description":"Taasloo kaasahaarav ja m\u00e4nguline tegelane esimesest arvutiga tehtud animafilmist, mis Oscarile nomineeriti, selle LEGO\u00ae Idease \u01c0 Disney Pixar Luxo Jr","robots":{"index":"index","follow":"follow","max-snippet":"max-snippet:-1","max-image-preview":"max-image-preview:large","max-video-preview":"max-video-preview:-1"},"canonical":"https:\/\/playwell.ee\/en\/product\/lego-lego-ideas-21357-disney-pixar-luxo-jr\/","og_locale":"en_US","og_type":"article","og_title":"LEGO\u00ae Ideas 21357 - Disney Pixar Luxo Jr. - Ehita oma maailm - klots klotsi haaval","og_description":"Taasloo kaasahaarav ja m\u00e4nguline tegelane esimesest arvutiga tehtud animafilmist, mis Oscarile nomineeriti, selle LEGO\u00ae Idease \u01c0 Disney Pixar Luxo Jr","og_url":"https:\/\/playwell.ee\/en\/product\/lego-lego-ideas-21357-disney-pixar-luxo-jr\/","og_site_name":"Ehita oma maailm - klots klotsi haaval","article_publisher":"https:\/\/www.facebook.com\/profile.php?id=100091128044867","article_modified_time":"2026-03-31T06:07:54+00:00","og_image":[{"width":1480,"height":1800,"url":"https:\/\/playwell.ee\/wp-content\/uploads\/2025\/06\/LEGO_21357_Box1_v29.jpg","type":"image\/jpeg"}],"twitter_card":"summary_large_image","twitter_misc":{"Est. reading time":"2 minutes"},"schema":{"@context":"https:\/\/schema.org","@graph":[{"@type":"WebPage","@id":"https:\/\/playwell.ee\/en\/product\/lego-lego-ideas-21357-disney-pixar-luxo-jr\/","url":"https:\/\/playwell.ee\/en\/product\/lego-lego-ideas-21357-disney-pixar-luxo-jr\/","name":"LEGO\u00ae Ideas 21357 - Disney Pixar Luxo Jr. - Ehita oma maailm - klots klotsi haaval","isPartOf":{"@id":"https:\/\/playwell.ee\/#website"},"primaryImageOfPage":{"@id":"https:\/\/playwell.ee\/en\/product\/lego-lego-ideas-21357-disney-pixar-luxo-jr\/#primaryimage"},"image":{"@id":"https:\/\/playwell.ee\/en\/product\/lego-lego-ideas-21357-disney-pixar-luxo-jr\/#primaryimage"},"thumbnailUrl":"https:\/\/playwell.ee\/wp-content\/uploads\/2025\/06\/LEGO_21357_Box1_v29.jpg","datePublished":"2025-06-18T17:13:52+00:00","dateModified":"2026-03-31T06:07:54+00:00","description":"Taasloo kaasahaarav ja m\u00e4nguline tegelane esimesest arvutiga tehtud animafilmist, mis Oscarile nomineeriti, selle LEGO\u00ae Idease \u01c0 Disney Pixar Luxo Jr","breadcrumb":{"@id":"https:\/\/playwell.ee\/en\/product\/lego-lego-ideas-21357-disney-pixar-luxo-jr\/#breadcrumb"},"inLanguage":"en-US","potentialAction":[{"@type":"ReadAction","target":["https:\/\/playwell.ee\/en\/product\/lego-lego-ideas-21357-disney-pixar-luxo-jr\/"]}]},{"@type":"ImageObject","inLanguage":"en-US","@id":"https:\/\/playwell.ee\/en\/product\/lego-lego-ideas-21357-disney-pixar-luxo-jr\/#primaryimage","url":"https:\/\/playwell.ee\/wp-content\/uploads\/2025\/06\/LEGO_21357_Box1_v29.jpg","contentUrl":"https:\/\/playwell.ee\/wp-content\/uploads\/2025\/06\/LEGO_21357_Box1_v29.jpg","width":1480,"height":1800,"caption":"Disney Pixar Luxo Jr. 21357"},{"@type":"BreadcrumbList","@id":"https:\/\/playwell.ee\/en\/product\/lego-lego-ideas-21357-disney-pixar-luxo-jr\/#breadcrumb","itemListElement":[{"@type":"ListItem","position":1,"name":"Home","item":"https:\/\/playwell.ee\/en\/"},{"@type":"ListItem","position":2,"name":"All LEGO Products","item":"https:\/\/playwell.ee\/en\/all-products\/"},{"@type":"ListItem","position":3,"name":"LEGO\u00ae Ideas 21357 &#8211; Disney Pixar Luxo Jr."}]},{"@type":"WebSite","@id":"https:\/\/playwell.ee\/#website","url":"https:\/\/playwell.ee\/","name":"Ehita oma maailm - klots klotsi haaval","description":"Playwell | LEGO pood Eestis","publisher":{"@id":"https:\/\/playwell.ee\/#organization"},"potentialAction":[{"@type":"SearchAction","target":{"@type":"EntryPoint","urlTemplate":"https:\/\/playwell.ee\/?s={search_term_string}"},"query-input":{"@type":"PropertyValueSpecification","valueRequired":true,"valueName":"search_term_string"}}],"inLanguage":"en-US"},{"@type":"Organization","@id":"https:\/\/playwell.ee\/#organization","name":"Playwell.ee","url":"https:\/\/playwell.ee\/","logo":{"@type":"ImageObject","inLanguage":"en-US","@id":"https:\/\/playwell.ee\/#\/schema\/logo\/image\/","url":"https:\/\/playwell.ee\/wp-content\/uploads\/2024\/06\/Logo-01-1.png","contentUrl":"https:\/\/playwell.ee\/wp-content\/uploads\/2024\/06\/Logo-01-1.png","width":2980,"height":1009,"caption":"Playwell.ee"},"image":{"@id":"https:\/\/playwell.ee\/#\/schema\/logo\/image\/"},"sameAs":["https:\/\/www.facebook.com\/profile.php?id=100091128044867"]}]}},"_links":{"self":[{"href":"https:\/\/playwell.ee\/en\/wp-json\/wp\/v2\/product\/19220","targetHints":{"allow":["GET"]}}],"collection":[{"href":"https:\/\/playwell.ee\/en\/wp-json\/wp\/v2\/product"}],"about":[{"href":"https:\/\/playwell.ee\/en\/wp-json\/wp\/v2\/types\/product"}],"wp:featuredmedia":[{"embeddable":true,"href":"https:\/\/playwell.ee\/en\/wp-json\/wp\/v2\/media\/18323"}],"wp:attachment":[{"href":"https:\/\/playwell.ee\/en\/wp-json\/wp\/v2\/media?parent=19220"}],"wp:term":[{"taxonomy":"product_brand","embeddable":true,"href":"https:\/\/playwell.ee\/en\/wp-json\/wp\/v2\/product_brand?post=19220"},{"taxonomy":"product_cat","embeddable":true,"href":"https:\/\/playwell.ee\/en\/wp-json\/wp\/v2\/product_cat?post=19220"},{"taxonomy":"product_tag","embeddable":true,"href":"https:\/\/playwell.ee\/en\/wp-json\/wp\/v2\/product_tag?post=19220"}],"curies":[{"name":"wp","href":"https:\/\/api.w.org\/{rel}","templated":true}]}}