{"id":19218,"date":"2025-06-18T19:13:52","date_gmt":"2025-06-18T17:13:52","guid":{"rendered":"https:\/\/playwell.ee\/product\/lego-botanicals-10348-jaapani-punase-vahtra-bonsaipuu\/"},"modified":"2026-04-12T13:08:10","modified_gmt":"2026-04-12T11:08:10","slug":"lego-botanicals-10348-jaapani-punase-vahtra-bonsaipuu","status":"publish","type":"product","link":"https:\/\/playwell.ee\/en\/product\/lego-botanicals-10348-jaapani-punase-vahtra-bonsaipuu\/","title":{"rendered":"LEGO\u00ae Botanicals 10348 &#8211; Jaapani punase vahtra bonsaipuu"},"content":{"rendered":"<p>Too oma koju rahu t\u00e4iskasvanutele m\u00f5eldud ehituskomplektiga LEGO\u00ae Botanicals Jaapani punase vahtra bonsaipuu (10348). Vapustavate detailidega loodusest inspireeritud komplekt muutub imeilusaks taimekaunistuseks, mis kunagi ei n\u00e4rbu ega vaja kastmist.<\/p>\n<p>J\u00e4\u00e4dvustades t\u00f5elise punase vahtra bonsaipuude ilu ja erksust, on sellel LEGO taimel punased ja oran\u017eid lehed ning see on tumerohelises lillepotis. L\u00f5\u00f5gastu ja naudi taime loomist, enne kui paned selle v\u00e4lja kodu- v\u00f5i kontorikaunistusena, mis toobrahu k\u00f5ikjale, kuhu see on paigutatud.<\/p>\n<p>Arvatakse, et rahu ja tasakaalu s\u00fcmbolid, punase vahtra bonsaipuud toovad \u00f5nne ja j\u00f5ukust, muutes selle kaasahaarava projekti suurep\u00e4raseks kingituseks taimes\u00f5pradele. See on ka l\u00e4bim\u00f5eldud soolaleiva-, s\u00f5brap\u00e4eva-, emadep\u00e4eva-, isadep\u00e4eva- v\u00f5i s\u00fcnnip\u00e4evakingitus naistele, meestele ja loodusef\u00e4nnidele. Komplekt sisaldab 474 t\u00fckki.<\/p>\n<p>LEGO\u00ae bonsaipuu \u2013 l\u00f5\u00f5gastu ja v\u00f5ta aeg maha t\u00e4iskasvanutele m\u00f5eldud LEGO Botanicals Jaapani punase vahtra bonsaipuu ehituskomplektiga, mis sisaldab autentseid detaile<br \/>\nS\u00fcgisv\u00e4rvid \u2013 looduse erksust j\u00e4\u00e4dvustaval LEGO\u00ae puul on punased ja merevaigukollased lehed ning see on tumerohelises lillepotis, et seda oleks lihtne v\u00e4lja panna<br \/>\nLoodusest inspireeritud projekt \u2013 komplekt pakub kaasahaaravat kogemust looduse- v\u00f5i taimes\u00f5pradele, kes naudivad LEGO\u00ae taime ehitamist ja imetlevad selle elutruud v\u00e4limust<br \/>\nTaimekaunistus \u2013 too oma elu- v\u00f5i t\u00f6\u00f6ruumi veidi rahu, kasutades puud kodu- v\u00f5i kontorikaunistusena, mis kunagi ei n\u00e4rbu ja mida pole vaja kasta<br \/>\nPuu kingituseks \u2013 see LEGO\u00ae ehituskomplekt t\u00e4iskasvanutele sobib suurep\u00e4raselt soolaleiva-, s\u00f5brap\u00e4eva- v\u00f5i s\u00fcnnip\u00e4evakingiks meestele, naistele ja taimes\u00f5pradele<br \/>\nEhita rohkem \u00f5isi \u2013 seda klotsidest taime saab kombineerida teiste LEGO\u00ae Botanicals kollektsiooni kuuluvate komplektidega (m\u00fc\u00fcakse eraldi)<br \/>\nLEGO\u00ae Builder rakendus \u2013 see komplekt sisaldab ehitusjuhiste prinditud ja digitaalseid versioone, mis tagavad kaasahaarava ehituskogemuse<br \/>\nM\u00f5\u00f5tmed \u2013 see 474-osaline komplekt on 24 cm k\u00f5rge, 22 cm lai ja 26 cm s\u00fcgav<\/p>\n","protected":false},"excerpt":{"rendered":"<p><strong>Tasuta tarne alates 120\u20ac * Kogu kaup Eesti laos olemas * Kiire tarne<\/strong><\/p>\n<ul>\n<li>Osasi: 474<\/li>\n<li>Vanus: 18+<\/li>\n<\/ul>\n","protected":false},"featured_media":18129,"template":"","meta":[],"product_brand":[],"product_cat":[142],"product_tag":[173],"class_list":{"0":"post-19218","1":"product","2":"type-product","3":"status-publish","4":"has-post-thumbnail","6":"product_cat-botaanika-kollektsioon-en","7":"product_tag-18-en","9":"first","10":"instock","11":"taxable","12":"shipping-taxable","13":"purchasable","14":"product-type-simple","15":"add-to-wishlist-after_add_to_cart"},"yoast_head":"<!-- This site is optimized with the Yoast SEO plugin v27.4 - https:\/\/yoast.com\/product\/yoast-seo-wordpress\/ -->\n<title>LEGO\u00ae Botanicals 10348 - Jaapani punase vahtra bonsaipuu - Ehita oma maailm - klots klotsi haaval<\/title>\n<meta name=\"description\" content=\"Too oma koju rahu t\u00e4iskasvanutele m\u00f5eldud ehituskomplektiga LEGO\u00ae Botanicals Jaapani punase vahtra bonsaipuu (10348)\" \/>\n<meta name=\"robots\" content=\"index, follow, max-snippet:-1, max-image-preview:large, max-video-preview:-1\" \/>\n<link rel=\"canonical\" href=\"https:\/\/playwell.ee\/en\/product\/lego-botanicals-10348-jaapani-punase-vahtra-bonsaipuu\/\" \/>\n<meta property=\"og:locale\" content=\"en_US\" \/>\n<meta property=\"og:type\" content=\"article\" \/>\n<meta property=\"og:title\" content=\"LEGO\u00ae Botanicals 10348 - Jaapani punase vahtra bonsaipuu - Ehita oma maailm - klots klotsi haaval\" \/>\n<meta property=\"og:description\" content=\"Too oma koju rahu t\u00e4iskasvanutele m\u00f5eldud ehituskomplektiga LEGO\u00ae Botanicals Jaapani punase vahtra bonsaipuu (10348)\" \/>\n<meta property=\"og:url\" content=\"https:\/\/playwell.ee\/en\/product\/lego-botanicals-10348-jaapani-punase-vahtra-bonsaipuu\/\" \/>\n<meta property=\"og:site_name\" content=\"Ehita oma maailm - klots klotsi haaval\" \/>\n<meta property=\"article:publisher\" content=\"https:\/\/www.facebook.com\/profile.php?id=100091128044867\" \/>\n<meta property=\"article:modified_time\" content=\"2026-04-12T11:08:10+00:00\" \/>\n<meta property=\"og:image\" content=\"https:\/\/playwell.ee\/wp-content\/uploads\/2025\/06\/LEGO_10348_Box1_v39.jpg\" \/>\n\t<meta property=\"og:image:width\" content=\"1199\" \/>\n\t<meta property=\"og:image:height\" content=\"1800\" \/>\n\t<meta property=\"og:image:type\" content=\"image\/jpeg\" \/>\n<meta name=\"twitter:card\" content=\"summary_large_image\" \/>\n<meta name=\"twitter:label1\" content=\"Est. reading time\" \/>\n\t<meta name=\"twitter:data1\" content=\"2 minutes\" \/>\n<script type=\"application\/ld+json\" class=\"yoast-schema-graph\">{\"@context\":\"https:\\\/\\\/schema.org\",\"@graph\":[{\"@type\":\"WebPage\",\"@id\":\"https:\\\/\\\/playwell.ee\\\/en\\\/product\\\/lego-botanicals-10348-jaapani-punase-vahtra-bonsaipuu\\\/\",\"url\":\"https:\\\/\\\/playwell.ee\\\/en\\\/product\\\/lego-botanicals-10348-jaapani-punase-vahtra-bonsaipuu\\\/\",\"name\":\"LEGO\u00ae Botanicals 10348 - Jaapani punase vahtra bonsaipuu - Ehita oma maailm - klots klotsi haaval\",\"isPartOf\":{\"@id\":\"https:\\\/\\\/playwell.ee\\\/#website\"},\"primaryImageOfPage\":{\"@id\":\"https:\\\/\\\/playwell.ee\\\/en\\\/product\\\/lego-botanicals-10348-jaapani-punase-vahtra-bonsaipuu\\\/#primaryimage\"},\"image\":{\"@id\":\"https:\\\/\\\/playwell.ee\\\/en\\\/product\\\/lego-botanicals-10348-jaapani-punase-vahtra-bonsaipuu\\\/#primaryimage\"},\"thumbnailUrl\":\"https:\\\/\\\/playwell.ee\\\/wp-content\\\/uploads\\\/2025\\\/06\\\/LEGO_10348_Box1_v39.jpg\",\"datePublished\":\"2025-06-18T17:13:52+00:00\",\"dateModified\":\"2026-04-12T11:08:10+00:00\",\"description\":\"Too oma koju rahu t\u00e4iskasvanutele m\u00f5eldud ehituskomplektiga LEGO\u00ae Botanicals Jaapani punase vahtra bonsaipuu (10348)\",\"breadcrumb\":{\"@id\":\"https:\\\/\\\/playwell.ee\\\/en\\\/product\\\/lego-botanicals-10348-jaapani-punase-vahtra-bonsaipuu\\\/#breadcrumb\"},\"inLanguage\":\"en-US\",\"potentialAction\":[{\"@type\":\"ReadAction\",\"target\":[\"https:\\\/\\\/playwell.ee\\\/en\\\/product\\\/lego-botanicals-10348-jaapani-punase-vahtra-bonsaipuu\\\/\"]}]},{\"@type\":\"ImageObject\",\"inLanguage\":\"en-US\",\"@id\":\"https:\\\/\\\/playwell.ee\\\/en\\\/product\\\/lego-botanicals-10348-jaapani-punase-vahtra-bonsaipuu\\\/#primaryimage\",\"url\":\"https:\\\/\\\/playwell.ee\\\/wp-content\\\/uploads\\\/2025\\\/06\\\/LEGO_10348_Box1_v39.jpg\",\"contentUrl\":\"https:\\\/\\\/playwell.ee\\\/wp-content\\\/uploads\\\/2025\\\/06\\\/LEGO_10348_Box1_v39.jpg\",\"width\":1199,\"height\":1800,\"caption\":\"Jaapani punase vahtra bonsaipuu 10348\"},{\"@type\":\"BreadcrumbList\",\"@id\":\"https:\\\/\\\/playwell.ee\\\/en\\\/product\\\/lego-botanicals-10348-jaapani-punase-vahtra-bonsaipuu\\\/#breadcrumb\",\"itemListElement\":[{\"@type\":\"ListItem\",\"position\":1,\"name\":\"Home\",\"item\":\"https:\\\/\\\/playwell.ee\\\/en\\\/\"},{\"@type\":\"ListItem\",\"position\":2,\"name\":\"All LEGO Products\",\"item\":\"https:\\\/\\\/playwell.ee\\\/en\\\/all-products\\\/\"},{\"@type\":\"ListItem\",\"position\":3,\"name\":\"LEGO\u00ae Botanicals 10348 &#8211; Jaapani punase vahtra bonsaipuu\"}]},{\"@type\":\"WebSite\",\"@id\":\"https:\\\/\\\/playwell.ee\\\/#website\",\"url\":\"https:\\\/\\\/playwell.ee\\\/\",\"name\":\"Ehita oma maailm - klots klotsi haaval\",\"description\":\"Playwell | LEGO pood Eestis\",\"publisher\":{\"@id\":\"https:\\\/\\\/playwell.ee\\\/#organization\"},\"potentialAction\":[{\"@type\":\"SearchAction\",\"target\":{\"@type\":\"EntryPoint\",\"urlTemplate\":\"https:\\\/\\\/playwell.ee\\\/?s={search_term_string}\"},\"query-input\":{\"@type\":\"PropertyValueSpecification\",\"valueRequired\":true,\"valueName\":\"search_term_string\"}}],\"inLanguage\":\"en-US\"},{\"@type\":\"Organization\",\"@id\":\"https:\\\/\\\/playwell.ee\\\/#organization\",\"name\":\"Playwell.ee\",\"url\":\"https:\\\/\\\/playwell.ee\\\/\",\"logo\":{\"@type\":\"ImageObject\",\"inLanguage\":\"en-US\",\"@id\":\"https:\\\/\\\/playwell.ee\\\/#\\\/schema\\\/logo\\\/image\\\/\",\"url\":\"https:\\\/\\\/playwell.ee\\\/wp-content\\\/uploads\\\/2024\\\/06\\\/Logo-01-1.png\",\"contentUrl\":\"https:\\\/\\\/playwell.ee\\\/wp-content\\\/uploads\\\/2024\\\/06\\\/Logo-01-1.png\",\"width\":2980,\"height\":1009,\"caption\":\"Playwell.ee\"},\"image\":{\"@id\":\"https:\\\/\\\/playwell.ee\\\/#\\\/schema\\\/logo\\\/image\\\/\"},\"sameAs\":[\"https:\\\/\\\/www.facebook.com\\\/profile.php?id=100091128044867\"]}]}<\/script>\n<!-- \/ Yoast SEO plugin. -->","yoast_head_json":{"title":"LEGO\u00ae Botanicals 10348 - Jaapani punase vahtra bonsaipuu - Ehita oma maailm - klots klotsi haaval","description":"Too oma koju rahu t\u00e4iskasvanutele m\u00f5eldud ehituskomplektiga LEGO\u00ae Botanicals Jaapani punase vahtra bonsaipuu (10348)","robots":{"index":"index","follow":"follow","max-snippet":"max-snippet:-1","max-image-preview":"max-image-preview:large","max-video-preview":"max-video-preview:-1"},"canonical":"https:\/\/playwell.ee\/en\/product\/lego-botanicals-10348-jaapani-punase-vahtra-bonsaipuu\/","og_locale":"en_US","og_type":"article","og_title":"LEGO\u00ae Botanicals 10348 - Jaapani punase vahtra bonsaipuu - Ehita oma maailm - klots klotsi haaval","og_description":"Too oma koju rahu t\u00e4iskasvanutele m\u00f5eldud ehituskomplektiga LEGO\u00ae Botanicals Jaapani punase vahtra bonsaipuu (10348)","og_url":"https:\/\/playwell.ee\/en\/product\/lego-botanicals-10348-jaapani-punase-vahtra-bonsaipuu\/","og_site_name":"Ehita oma maailm - klots klotsi haaval","article_publisher":"https:\/\/www.facebook.com\/profile.php?id=100091128044867","article_modified_time":"2026-04-12T11:08:10+00:00","og_image":[{"width":1199,"height":1800,"url":"https:\/\/playwell.ee\/wp-content\/uploads\/2025\/06\/LEGO_10348_Box1_v39.jpg","type":"image\/jpeg"}],"twitter_card":"summary_large_image","twitter_misc":{"Est. reading time":"2 minutes"},"schema":{"@context":"https:\/\/schema.org","@graph":[{"@type":"WebPage","@id":"https:\/\/playwell.ee\/en\/product\/lego-botanicals-10348-jaapani-punase-vahtra-bonsaipuu\/","url":"https:\/\/playwell.ee\/en\/product\/lego-botanicals-10348-jaapani-punase-vahtra-bonsaipuu\/","name":"LEGO\u00ae Botanicals 10348 - Jaapani punase vahtra bonsaipuu - Ehita oma maailm - klots klotsi haaval","isPartOf":{"@id":"https:\/\/playwell.ee\/#website"},"primaryImageOfPage":{"@id":"https:\/\/playwell.ee\/en\/product\/lego-botanicals-10348-jaapani-punase-vahtra-bonsaipuu\/#primaryimage"},"image":{"@id":"https:\/\/playwell.ee\/en\/product\/lego-botanicals-10348-jaapani-punase-vahtra-bonsaipuu\/#primaryimage"},"thumbnailUrl":"https:\/\/playwell.ee\/wp-content\/uploads\/2025\/06\/LEGO_10348_Box1_v39.jpg","datePublished":"2025-06-18T17:13:52+00:00","dateModified":"2026-04-12T11:08:10+00:00","description":"Too oma koju rahu t\u00e4iskasvanutele m\u00f5eldud ehituskomplektiga LEGO\u00ae Botanicals Jaapani punase vahtra bonsaipuu (10348)","breadcrumb":{"@id":"https:\/\/playwell.ee\/en\/product\/lego-botanicals-10348-jaapani-punase-vahtra-bonsaipuu\/#breadcrumb"},"inLanguage":"en-US","potentialAction":[{"@type":"ReadAction","target":["https:\/\/playwell.ee\/en\/product\/lego-botanicals-10348-jaapani-punase-vahtra-bonsaipuu\/"]}]},{"@type":"ImageObject","inLanguage":"en-US","@id":"https:\/\/playwell.ee\/en\/product\/lego-botanicals-10348-jaapani-punase-vahtra-bonsaipuu\/#primaryimage","url":"https:\/\/playwell.ee\/wp-content\/uploads\/2025\/06\/LEGO_10348_Box1_v39.jpg","contentUrl":"https:\/\/playwell.ee\/wp-content\/uploads\/2025\/06\/LEGO_10348_Box1_v39.jpg","width":1199,"height":1800,"caption":"Jaapani punase vahtra bonsaipuu 10348"},{"@type":"BreadcrumbList","@id":"https:\/\/playwell.ee\/en\/product\/lego-botanicals-10348-jaapani-punase-vahtra-bonsaipuu\/#breadcrumb","itemListElement":[{"@type":"ListItem","position":1,"name":"Home","item":"https:\/\/playwell.ee\/en\/"},{"@type":"ListItem","position":2,"name":"All LEGO Products","item":"https:\/\/playwell.ee\/en\/all-products\/"},{"@type":"ListItem","position":3,"name":"LEGO\u00ae Botanicals 10348 &#8211; Jaapani punase vahtra bonsaipuu"}]},{"@type":"WebSite","@id":"https:\/\/playwell.ee\/#website","url":"https:\/\/playwell.ee\/","name":"Ehita oma maailm - klots klotsi haaval","description":"Playwell | LEGO pood Eestis","publisher":{"@id":"https:\/\/playwell.ee\/#organization"},"potentialAction":[{"@type":"SearchAction","target":{"@type":"EntryPoint","urlTemplate":"https:\/\/playwell.ee\/?s={search_term_string}"},"query-input":{"@type":"PropertyValueSpecification","valueRequired":true,"valueName":"search_term_string"}}],"inLanguage":"en-US"},{"@type":"Organization","@id":"https:\/\/playwell.ee\/#organization","name":"Playwell.ee","url":"https:\/\/playwell.ee\/","logo":{"@type":"ImageObject","inLanguage":"en-US","@id":"https:\/\/playwell.ee\/#\/schema\/logo\/image\/","url":"https:\/\/playwell.ee\/wp-content\/uploads\/2024\/06\/Logo-01-1.png","contentUrl":"https:\/\/playwell.ee\/wp-content\/uploads\/2024\/06\/Logo-01-1.png","width":2980,"height":1009,"caption":"Playwell.ee"},"image":{"@id":"https:\/\/playwell.ee\/#\/schema\/logo\/image\/"},"sameAs":["https:\/\/www.facebook.com\/profile.php?id=100091128044867"]}]}},"_links":{"self":[{"href":"https:\/\/playwell.ee\/en\/wp-json\/wp\/v2\/product\/19218","targetHints":{"allow":["GET"]}}],"collection":[{"href":"https:\/\/playwell.ee\/en\/wp-json\/wp\/v2\/product"}],"about":[{"href":"https:\/\/playwell.ee\/en\/wp-json\/wp\/v2\/types\/product"}],"wp:featuredmedia":[{"embeddable":true,"href":"https:\/\/playwell.ee\/en\/wp-json\/wp\/v2\/media\/18129"}],"wp:attachment":[{"href":"https:\/\/playwell.ee\/en\/wp-json\/wp\/v2\/media?parent=19218"}],"wp:term":[{"taxonomy":"product_brand","embeddable":true,"href":"https:\/\/playwell.ee\/en\/wp-json\/wp\/v2\/product_brand?post=19218"},{"taxonomy":"product_cat","embeddable":true,"href":"https:\/\/playwell.ee\/en\/wp-json\/wp\/v2\/product_cat?post=19218"},{"taxonomy":"product_tag","embeddable":true,"href":"https:\/\/playwell.ee\/en\/wp-json\/wp\/v2\/product_tag?post=19218"}],"curies":[{"name":"wp","href":"https:\/\/api.w.org\/{rel}","templated":true}]}}