{"id":17590,"date":"2025-04-25T20:57:59","date_gmt":"2025-04-25T18:57:59","guid":{"rendered":"https:\/\/playwell.ee\/product\/lego-minecraft-21273-kammituse-ohupalli-kularunnak\/"},"modified":"2025-06-08T13:01:27","modified_gmt":"2025-06-08T11:01:27","slug":"lego-minecraft-21273-kammituse-ohupalli-kularunnak","status":"publish","type":"product","link":"https:\/\/playwell.ee\/en\/product\/lego-minecraft-21273-kammituse-ohupalli-kularunnak\/","title":{"rendered":"LEGO\u00ae Minecraft\u2122 21273 &#8211; The Ghast Balloon Village Attack"},"content":{"rendered":"<p>The Ghast Balloon Village Attack (21273) is a video game building set based on a scene from the Minecraft\u00ae movie. This high-quality LEGO\u00ae Minecraft toy for kids features explosive action when an attack is launched from a balloon, making this video game LEGO set a great gift idea for boys and girls aged 10 and over.<\/p>\n<p>The set features popular characters from the video game: Steve, Natalie, Dawn, 2 piglins, a ghast balloon, villager, baby chicken and a posable iron golem figure. The balloon has room for the piglins and incorporates a disc shooter. Set amongst the village are market stalls, Steve&#8217;s fried chicken restaurant, his crafting shack and a fountain, which kids can \u2018explode\u2019 using a built-in feature. The restaurant\u2019s roof is topped with a large chicken model that includes a fun egg-laying function. For digital fun, the LEGO Builder app lets kids zoom in, rotate models in 3D and track their progress.<\/p>\n<ul>\n<li>LEGO\u00ae Minecraft\u00ae gamer gift \u2013 The Ghast Balloon Village Attack toy for kids is a creative build-and-play set for boys and girls aged 10 and over that recreates a scene from the Minecraft movie<\/li>\n<li>Minecraft\u00ae toy figures \u2013 This hands-on video game set includes Steve, Natalie, Dawn and a villager minifigures, plus a ghast balloon, baby chicken, 2 piglins and a posable iron golem figure<\/li>\n<li>Video game LEGO\u00ae set \u2013 When piglins launch missiles from their ghast balloon, causing the fountain to \u2018explode\u2019, kids must defend the villagers and Steve&#8217;s fried chicken restaurant and crafting shack<\/li>\n<li>Interactive toy \u2013 The roof of the restaurant features a large chicken model, which includes a fun egg-laying function<\/li>\n<li>Gamer gift for kids \u2013 This high-quality buildable toy for boys and girls aged 10 and over is a great gift idea for fans of the Minecraft\u00ae movie<\/li>\n<li>3D building instructions \u2013 Kids can download the LEGO\u00ae Builder app for an immersive building experience, with digital tools to zoom in and rotate models in 3D, save sets and track progress<\/li>\n<li>Minecraft\u00ae made real \u2013 LEGO\u00ae Minecraft building toys for kids give players a different way to enjoy the game, with mobs, scenes and features brought to life with the hands-on creativity of LEGO bricks<\/li>\n<li>555-piece set \u2013 This versatile playset includes a ghast balloon measuring over 18 cm (5 in.) high<\/li>\n<\/ul>\n","protected":false},"excerpt":{"rendered":"<p><strong>Free delivery for orders above 120\u20ac * All products in Estonia warehouse * Fast Delivery<\/strong><\/p>\n<ul>\n<li>Parts: 555<\/li>\n<li>Age: 10+<\/li>\n<\/ul>\n","protected":false},"featured_media":17558,"template":"","meta":[],"product_brand":[],"product_cat":[121],"product_tag":[137],"class_list":{"0":"post-17590","1":"product","2":"type-product","3":"status-publish","4":"has-post-thumbnail","6":"product_cat-minecraft","7":"product_tag-137","8":"new","10":"first","11":"instock","12":"taxable","13":"shipping-taxable","14":"purchasable","15":"product-type-simple","16":"add-to-wishlist-after_add_to_cart"},"yoast_head":"<!-- This site is optimized with the Yoast SEO plugin v27.4 - https:\/\/yoast.com\/product\/yoast-seo-wordpress\/ -->\n<title>LEGO\u00ae Minecraft\u2122 21273 - The Ghast Balloon Village Attack - Ehita oma maailm - klots klotsi haaval<\/title>\n<meta name=\"description\" content=\"The Ghast Balloon Village Attack (21273) is a video game building set based on a scene from the Minecraft\u00ae movie.\" \/>\n<meta name=\"robots\" content=\"index, follow, max-snippet:-1, max-image-preview:large, max-video-preview:-1\" \/>\n<link rel=\"canonical\" href=\"https:\/\/playwell.ee\/toode\/lego-minecraft-21273-kammituse-ohupalli-kularunnak\/\" \/>\n<meta property=\"og:locale\" content=\"en_US\" \/>\n<meta property=\"og:type\" content=\"article\" \/>\n<meta property=\"og:title\" content=\"LEGO\u00ae Minecraft\u2122 21273 - The Ghast Balloon Village Attack - Ehita oma maailm - klots klotsi haaval\" \/>\n<meta property=\"og:description\" content=\"The Ghast Balloon Village Attack (21273) is a video game building set based on a scene from the Minecraft\u00ae movie.\" \/>\n<meta property=\"og:url\" content=\"https:\/\/playwell.ee\/toode\/lego-minecraft-21273-kammituse-ohupalli-kularunnak\/\" \/>\n<meta property=\"og:site_name\" content=\"Ehita oma maailm - klots klotsi haaval\" \/>\n<meta property=\"article:publisher\" content=\"https:\/\/www.facebook.com\/profile.php?id=100091128044867\" \/>\n<meta property=\"article:modified_time\" content=\"2025-06-08T11:01:27+00:00\" \/>\n<meta property=\"og:image\" content=\"https:\/\/playwell.ee\/wp-content\/uploads\/2025\/04\/LEGO_21273_Box1_v29.jpg\" \/>\n\t<meta property=\"og:image:width\" content=\"2242\" \/>\n\t<meta property=\"og:image:height\" content=\"1800\" \/>\n\t<meta property=\"og:image:type\" content=\"image\/jpeg\" \/>\n<meta name=\"twitter:card\" content=\"summary_large_image\" \/>\n<meta name=\"twitter:label1\" content=\"Est. reading time\" \/>\n\t<meta name=\"twitter:data1\" content=\"3 minutes\" \/>\n<script type=\"application\/ld+json\" class=\"yoast-schema-graph\">{\"@context\":\"https:\\\/\\\/schema.org\",\"@graph\":[{\"@type\":\"WebPage\",\"@id\":\"https:\\\/\\\/playwell.ee\\\/toode\\\/lego-minecraft-21273-kammituse-ohupalli-kularunnak\\\/\",\"url\":\"https:\\\/\\\/playwell.ee\\\/toode\\\/lego-minecraft-21273-kammituse-ohupalli-kularunnak\\\/\",\"name\":\"LEGO\u00ae Minecraft\u2122 21273 - The Ghast Balloon Village Attack - Ehita oma maailm - klots klotsi haaval\",\"isPartOf\":{\"@id\":\"https:\\\/\\\/playwell.ee\\\/#website\"},\"primaryImageOfPage\":{\"@id\":\"https:\\\/\\\/playwell.ee\\\/toode\\\/lego-minecraft-21273-kammituse-ohupalli-kularunnak\\\/#primaryimage\"},\"image\":{\"@id\":\"https:\\\/\\\/playwell.ee\\\/toode\\\/lego-minecraft-21273-kammituse-ohupalli-kularunnak\\\/#primaryimage\"},\"thumbnailUrl\":\"https:\\\/\\\/playwell.ee\\\/wp-content\\\/uploads\\\/2025\\\/04\\\/LEGO_21273_Box1_v29.jpg\",\"datePublished\":\"2025-04-25T18:57:59+00:00\",\"dateModified\":\"2025-06-08T11:01:27+00:00\",\"description\":\"The Ghast Balloon Village Attack (21273) is a video game building set based on a scene from the Minecraft\u00ae movie.\",\"breadcrumb\":{\"@id\":\"https:\\\/\\\/playwell.ee\\\/toode\\\/lego-minecraft-21273-kammituse-ohupalli-kularunnak\\\/#breadcrumb\"},\"inLanguage\":\"en-US\",\"potentialAction\":[{\"@type\":\"ReadAction\",\"target\":[\"https:\\\/\\\/playwell.ee\\\/toode\\\/lego-minecraft-21273-kammituse-ohupalli-kularunnak\\\/\"]}]},{\"@type\":\"ImageObject\",\"inLanguage\":\"en-US\",\"@id\":\"https:\\\/\\\/playwell.ee\\\/toode\\\/lego-minecraft-21273-kammituse-ohupalli-kularunnak\\\/#primaryimage\",\"url\":\"https:\\\/\\\/playwell.ee\\\/wp-content\\\/uploads\\\/2025\\\/04\\\/LEGO_21273_Box1_v29.jpg\",\"contentUrl\":\"https:\\\/\\\/playwell.ee\\\/wp-content\\\/uploads\\\/2025\\\/04\\\/LEGO_21273_Box1_v29.jpg\",\"width\":2242,\"height\":1800,\"caption\":\"Kammituse \u00f5hupalli k\u00fclar\u00fcnnak 21273\"},{\"@type\":\"BreadcrumbList\",\"@id\":\"https:\\\/\\\/playwell.ee\\\/toode\\\/lego-minecraft-21273-kammituse-ohupalli-kularunnak\\\/#breadcrumb\",\"itemListElement\":[{\"@type\":\"ListItem\",\"position\":1,\"name\":\"Home\",\"item\":\"https:\\\/\\\/playwell.ee\\\/en\\\/\"},{\"@type\":\"ListItem\",\"position\":2,\"name\":\"All LEGO Products\",\"item\":\"https:\\\/\\\/playwell.ee\\\/en\\\/all-products\\\/\"},{\"@type\":\"ListItem\",\"position\":3,\"name\":\"LEGO\u00ae Minecraft\u2122 21273 &#8211; The Ghast Balloon Village Attack\"}]},{\"@type\":\"WebSite\",\"@id\":\"https:\\\/\\\/playwell.ee\\\/#website\",\"url\":\"https:\\\/\\\/playwell.ee\\\/\",\"name\":\"Ehita oma maailm - klots klotsi haaval\",\"description\":\"Playwell | LEGO pood Eestis\",\"publisher\":{\"@id\":\"https:\\\/\\\/playwell.ee\\\/#organization\"},\"potentialAction\":[{\"@type\":\"SearchAction\",\"target\":{\"@type\":\"EntryPoint\",\"urlTemplate\":\"https:\\\/\\\/playwell.ee\\\/?s={search_term_string}\"},\"query-input\":{\"@type\":\"PropertyValueSpecification\",\"valueRequired\":true,\"valueName\":\"search_term_string\"}}],\"inLanguage\":\"en-US\"},{\"@type\":\"Organization\",\"@id\":\"https:\\\/\\\/playwell.ee\\\/#organization\",\"name\":\"Playwell.ee\",\"url\":\"https:\\\/\\\/playwell.ee\\\/\",\"logo\":{\"@type\":\"ImageObject\",\"inLanguage\":\"en-US\",\"@id\":\"https:\\\/\\\/playwell.ee\\\/#\\\/schema\\\/logo\\\/image\\\/\",\"url\":\"https:\\\/\\\/playwell.ee\\\/wp-content\\\/uploads\\\/2024\\\/06\\\/Logo-01-1.png\",\"contentUrl\":\"https:\\\/\\\/playwell.ee\\\/wp-content\\\/uploads\\\/2024\\\/06\\\/Logo-01-1.png\",\"width\":2980,\"height\":1009,\"caption\":\"Playwell.ee\"},\"image\":{\"@id\":\"https:\\\/\\\/playwell.ee\\\/#\\\/schema\\\/logo\\\/image\\\/\"},\"sameAs\":[\"https:\\\/\\\/www.facebook.com\\\/profile.php?id=100091128044867\"]}]}<\/script>\n<!-- \/ Yoast SEO plugin. -->","yoast_head_json":{"title":"LEGO\u00ae Minecraft\u2122 21273 - The Ghast Balloon Village Attack - Ehita oma maailm - klots klotsi haaval","description":"The Ghast Balloon Village Attack (21273) is a video game building set based on a scene from the Minecraft\u00ae movie.","robots":{"index":"index","follow":"follow","max-snippet":"max-snippet:-1","max-image-preview":"max-image-preview:large","max-video-preview":"max-video-preview:-1"},"canonical":"https:\/\/playwell.ee\/toode\/lego-minecraft-21273-kammituse-ohupalli-kularunnak\/","og_locale":"en_US","og_type":"article","og_title":"LEGO\u00ae Minecraft\u2122 21273 - The Ghast Balloon Village Attack - Ehita oma maailm - klots klotsi haaval","og_description":"The Ghast Balloon Village Attack (21273) is a video game building set based on a scene from the Minecraft\u00ae movie.","og_url":"https:\/\/playwell.ee\/toode\/lego-minecraft-21273-kammituse-ohupalli-kularunnak\/","og_site_name":"Ehita oma maailm - klots klotsi haaval","article_publisher":"https:\/\/www.facebook.com\/profile.php?id=100091128044867","article_modified_time":"2025-06-08T11:01:27+00:00","og_image":[{"width":2242,"height":1800,"url":"https:\/\/playwell.ee\/wp-content\/uploads\/2025\/04\/LEGO_21273_Box1_v29.jpg","type":"image\/jpeg"}],"twitter_card":"summary_large_image","twitter_misc":{"Est. reading time":"3 minutes"},"schema":{"@context":"https:\/\/schema.org","@graph":[{"@type":"WebPage","@id":"https:\/\/playwell.ee\/toode\/lego-minecraft-21273-kammituse-ohupalli-kularunnak\/","url":"https:\/\/playwell.ee\/toode\/lego-minecraft-21273-kammituse-ohupalli-kularunnak\/","name":"LEGO\u00ae Minecraft\u2122 21273 - The Ghast Balloon Village Attack - Ehita oma maailm - klots klotsi haaval","isPartOf":{"@id":"https:\/\/playwell.ee\/#website"},"primaryImageOfPage":{"@id":"https:\/\/playwell.ee\/toode\/lego-minecraft-21273-kammituse-ohupalli-kularunnak\/#primaryimage"},"image":{"@id":"https:\/\/playwell.ee\/toode\/lego-minecraft-21273-kammituse-ohupalli-kularunnak\/#primaryimage"},"thumbnailUrl":"https:\/\/playwell.ee\/wp-content\/uploads\/2025\/04\/LEGO_21273_Box1_v29.jpg","datePublished":"2025-04-25T18:57:59+00:00","dateModified":"2025-06-08T11:01:27+00:00","description":"The Ghast Balloon Village Attack (21273) is a video game building set based on a scene from the Minecraft\u00ae movie.","breadcrumb":{"@id":"https:\/\/playwell.ee\/toode\/lego-minecraft-21273-kammituse-ohupalli-kularunnak\/#breadcrumb"},"inLanguage":"en-US","potentialAction":[{"@type":"ReadAction","target":["https:\/\/playwell.ee\/toode\/lego-minecraft-21273-kammituse-ohupalli-kularunnak\/"]}]},{"@type":"ImageObject","inLanguage":"en-US","@id":"https:\/\/playwell.ee\/toode\/lego-minecraft-21273-kammituse-ohupalli-kularunnak\/#primaryimage","url":"https:\/\/playwell.ee\/wp-content\/uploads\/2025\/04\/LEGO_21273_Box1_v29.jpg","contentUrl":"https:\/\/playwell.ee\/wp-content\/uploads\/2025\/04\/LEGO_21273_Box1_v29.jpg","width":2242,"height":1800,"caption":"Kammituse \u00f5hupalli k\u00fclar\u00fcnnak 21273"},{"@type":"BreadcrumbList","@id":"https:\/\/playwell.ee\/toode\/lego-minecraft-21273-kammituse-ohupalli-kularunnak\/#breadcrumb","itemListElement":[{"@type":"ListItem","position":1,"name":"Home","item":"https:\/\/playwell.ee\/en\/"},{"@type":"ListItem","position":2,"name":"All LEGO Products","item":"https:\/\/playwell.ee\/en\/all-products\/"},{"@type":"ListItem","position":3,"name":"LEGO\u00ae Minecraft\u2122 21273 &#8211; The Ghast Balloon Village Attack"}]},{"@type":"WebSite","@id":"https:\/\/playwell.ee\/#website","url":"https:\/\/playwell.ee\/","name":"Ehita oma maailm - klots klotsi haaval","description":"Playwell | LEGO pood Eestis","publisher":{"@id":"https:\/\/playwell.ee\/#organization"},"potentialAction":[{"@type":"SearchAction","target":{"@type":"EntryPoint","urlTemplate":"https:\/\/playwell.ee\/?s={search_term_string}"},"query-input":{"@type":"PropertyValueSpecification","valueRequired":true,"valueName":"search_term_string"}}],"inLanguage":"en-US"},{"@type":"Organization","@id":"https:\/\/playwell.ee\/#organization","name":"Playwell.ee","url":"https:\/\/playwell.ee\/","logo":{"@type":"ImageObject","inLanguage":"en-US","@id":"https:\/\/playwell.ee\/#\/schema\/logo\/image\/","url":"https:\/\/playwell.ee\/wp-content\/uploads\/2024\/06\/Logo-01-1.png","contentUrl":"https:\/\/playwell.ee\/wp-content\/uploads\/2024\/06\/Logo-01-1.png","width":2980,"height":1009,"caption":"Playwell.ee"},"image":{"@id":"https:\/\/playwell.ee\/#\/schema\/logo\/image\/"},"sameAs":["https:\/\/www.facebook.com\/profile.php?id=100091128044867"]}]}},"_links":{"self":[{"href":"https:\/\/playwell.ee\/en\/wp-json\/wp\/v2\/product\/17590","targetHints":{"allow":["GET"]}}],"collection":[{"href":"https:\/\/playwell.ee\/en\/wp-json\/wp\/v2\/product"}],"about":[{"href":"https:\/\/playwell.ee\/en\/wp-json\/wp\/v2\/types\/product"}],"wp:featuredmedia":[{"embeddable":true,"href":"https:\/\/playwell.ee\/en\/wp-json\/wp\/v2\/media\/17558"}],"wp:attachment":[{"href":"https:\/\/playwell.ee\/en\/wp-json\/wp\/v2\/media?parent=17590"}],"wp:term":[{"taxonomy":"product_brand","embeddable":true,"href":"https:\/\/playwell.ee\/en\/wp-json\/wp\/v2\/product_brand?post=17590"},{"taxonomy":"product_cat","embeddable":true,"href":"https:\/\/playwell.ee\/en\/wp-json\/wp\/v2\/product_cat?post=17590"},{"taxonomy":"product_tag","embeddable":true,"href":"https:\/\/playwell.ee\/en\/wp-json\/wp\/v2\/product_tag?post=17590"}],"curies":[{"name":"wp","href":"https:\/\/api.w.org\/{rel}","templated":true}]}}