{"id":17581,"date":"2025-04-25T20:46:11","date_gmt":"2025-04-25T18:46:11","guid":{"rendered":"https:\/\/playwell.ee\/?post_type=product&#038;p=17581"},"modified":"2025-07-22T09:46:37","modified_gmt":"2025-07-22T07:46:37","slug":"lego-marvel-super-heroes-76315-raudmehe-laboratoorium-lahingvarustuse-saal","status":"publish","type":"product","link":"https:\/\/playwell.ee\/en\/product\/lego-marvel-super-heroes-76315-raudmehe-laboratoorium-lahingvarustuse-saal\/","title":{"rendered":"LEGO\u00ae Marvel Super Heroes\u2122 76315 &#8211; Raudmehe laboratoorium: Lahingvarustuse saal"},"content":{"rendered":"<p>Raudmehe laboratoorium: Lahingvarustuse saali (76315) ehituskomplekt viib noored superkangelased ja Marvel Tasujate filmide f\u00e4nnid Iron Mani kuulsasse laborisse. See sisaldab LEGO\u00ae \u01c0 Marveli figuure ja lahedaid funktsioone, mis innustavad loovaid seiklusi, ning on ideaalne kingitus 8-aastastele ja vanematele poistele ja t\u00fcdrukutele.<\/p>\n<p>Kokkupandavas LEGO \u01c0 Marveli m\u00e4nguasjas on 3 varustusekapslit ja 3 Iron Mani varustuse minifiguuri: MK1, MK43 ja MK6. Komplekti t\u00e4iendavad Pepper Pottsi ja kurikaela Aldrich Killiani minifiguurid, kokkupandav Dum-E robot ja suur Igori Iron Mani MK3 robot, millel on liigutatavad k\u00e4ed ja jalad ning kokpit, kus on ruumi minifiguurile. Muude funktsioonide hulka kuulub hooldusplatvorm, millel on 2 robotk\u00e4tt ja suur skaneerimisseade. Samuti on olemas tulekustuti, 2 tuleelementi ja 2 nupsukahurit. Digitaalse m\u00e4ngur\u00f5\u00f5mu suurendamiseks saavad ehitajad l\u00f5busa ja intuitiivse LEGO Builderi rakenduse abil mudeleid suumida, 3D-vormingus p\u00f6\u00f6rata ja nende edenemist j\u00e4lgida.<\/p>\n<ul>\n<li>Iron Mani labor LEGO\u00ae \u01c0 Marveli figuuridega \u2013 Raudmehe laboratoorium: Lahingvarustuse saal on Tasujate ehitus-, m\u00e4ngu- ja esitluskomplekt alates 8-aastastele poistele ja t\u00fcdrukutele<\/li>\n<li>Superkangelaste tegelaskujud \u2013 MK1, MK43 ja MK6, Pepper Pottsija Aldrich Killiani minifiguurid, kokkupandav Dum-E robot ning MK3 robot liigutatavate k\u00e4te ja jalgade ja avatava kokpitiga<\/li>\n<li>Iron Mani m\u00e4rul ja seiklus \u2013 laboris on 3 raudr\u00fc\u00fcde kapslit, hooldusplatvorm kahe robotk\u00e4e ja suure skaneerimisseadmega ning 2nupsukahurit lahingutegevuseks<\/li>\n<li>L\u00f5busad tarvikud \u2013 autentsed detailid, nagu tulekustuti ja 2 tuleelementi, lisavad loomingulisi m\u00e4nguv\u00f5imalusi<\/li>\n<li>Iron Mani kingitus lastele \u2013 see l\u00f5bus LEGO\u00ae ehituskomplekt on kingiidee poistele ja t\u00fcdrukutele, kes on superkangelaste seikluste ja Marveli filmide f\u00e4nnid<\/li>\n<li>3D-ehitusjuhised \u2013 lapsed saavad alla laadida rakenduse LEGO\u00ae Builder, et kogeda kaasahaaravat ehituselamust, kasutada digitaalseid t\u00f6\u00f6riistu mudelite 3D-s suumimiseks ja p\u00f6\u00f6ramiseks, komplektide salvestamiseks ning edenemise j\u00e4lgimiseks<\/li>\n<li>Kokkupandavad m\u00e4nguasjad noortele superkangelastele \u2013 LEGO\u00ae Marveli ehituskomplektide lai valik annab laste k\u00e4tesse pidevalt muutuva ehitamis- ja m\u00e4nguuniversumi koos superkangelastega<\/li>\n<li>379 osa \u2013 Iron Mani raudr\u00fc\u00fckapslid on 9 cm k\u00f5rged, 11 cm laiad ja 5 cm s\u00fcgavad<\/li>\n<\/ul>\n","protected":false},"excerpt":{"rendered":"<p><strong>Tasuta tarne alates 120\u20ac * Kogu kaup Eesti laos olemas * Kiire tarne<\/strong><\/p>\n<ul>\n<li>Osasi: 384<\/li>\n<li>Vanus: 8+<\/li>\n<\/ul>\n","protected":false},"featured_media":17506,"template":"","meta":[],"product_brand":[],"product_cat":[160],"product_tag":[189],"class_list":{"0":"post-17581","1":"product","2":"type-product","3":"status-publish","4":"has-post-thumbnail","6":"product_cat-marvel-en","7":"product_tag-8-en","9":"first","10":"outofstock","11":"taxable","12":"shipping-taxable","13":"purchasable","14":"product-type-simple","15":"add-to-wishlist-after_add_to_cart"},"yoast_head":"<!-- This site is optimized with the Yoast SEO plugin v27.4 - https:\/\/yoast.com\/product\/yoast-seo-wordpress\/ -->\n<title>LEGO\u00ae Marvel Super Heroes\u2122 76315 - Raudmehe laboratoorium: Lahingvarustuse saal - Ehita oma maailm - klots klotsi haaval<\/title>\n<meta name=\"description\" content=\"Raudmehe laboratoorium: Lahingvarustuse saali (76315) ehituskomplekt viib noored superkangelased ja Marvel Tasujate filmide f\u00e4nnid Iron Mani kuulsasse laborisse\" \/>\n<meta name=\"robots\" content=\"index, follow, max-snippet:-1, max-image-preview:large, max-video-preview:-1\" \/>\n<link rel=\"canonical\" href=\"https:\/\/playwell.ee\/toode\/lego-marvel-super-heroes-76315-raudmehe-laboratoorium-lahingvarustuse-saal\/\" \/>\n<meta property=\"og:locale\" content=\"en_US\" \/>\n<meta property=\"og:type\" content=\"article\" \/>\n<meta property=\"og:title\" content=\"LEGO\u00ae Marvel Super Heroes\u2122 76315 - Raudmehe laboratoorium: Lahingvarustuse saal - Ehita oma maailm - klots klotsi haaval\" \/>\n<meta property=\"og:description\" content=\"Raudmehe laboratoorium: Lahingvarustuse saali (76315) ehituskomplekt viib noored superkangelased ja Marvel Tasujate filmide f\u00e4nnid Iron Mani kuulsasse laborisse\" \/>\n<meta property=\"og:url\" content=\"https:\/\/playwell.ee\/toode\/lego-marvel-super-heroes-76315-raudmehe-laboratoorium-lahingvarustuse-saal\/\" \/>\n<meta property=\"og:site_name\" content=\"Ehita oma maailm - klots klotsi haaval\" \/>\n<meta property=\"article:publisher\" content=\"https:\/\/www.facebook.com\/profile.php?id=100091128044867\" \/>\n<meta property=\"article:modified_time\" content=\"2025-07-22T07:46:37+00:00\" \/>\n<meta property=\"og:image\" content=\"https:\/\/playwell.ee\/wp-content\/uploads\/2025\/04\/LEGO_76315_Box1_v39.jpg\" \/>\n\t<meta property=\"og:image:width\" content=\"1895\" \/>\n\t<meta property=\"og:image:height\" content=\"1800\" \/>\n\t<meta property=\"og:image:type\" content=\"image\/jpeg\" \/>\n<meta name=\"twitter:card\" content=\"summary_large_image\" \/>\n<meta name=\"twitter:label1\" content=\"Est. reading time\" \/>\n\t<meta name=\"twitter:data1\" content=\"2 minutes\" \/>\n<script type=\"application\/ld+json\" class=\"yoast-schema-graph\">{\"@context\":\"https:\\\/\\\/schema.org\",\"@graph\":[{\"@type\":\"WebPage\",\"@id\":\"https:\\\/\\\/playwell.ee\\\/toode\\\/lego-marvel-super-heroes-76315-raudmehe-laboratoorium-lahingvarustuse-saal\\\/\",\"url\":\"https:\\\/\\\/playwell.ee\\\/toode\\\/lego-marvel-super-heroes-76315-raudmehe-laboratoorium-lahingvarustuse-saal\\\/\",\"name\":\"LEGO\u00ae Marvel Super Heroes\u2122 76315 - Raudmehe laboratoorium: Lahingvarustuse saal - Ehita oma maailm - klots klotsi haaval\",\"isPartOf\":{\"@id\":\"https:\\\/\\\/playwell.ee\\\/#website\"},\"primaryImageOfPage\":{\"@id\":\"https:\\\/\\\/playwell.ee\\\/toode\\\/lego-marvel-super-heroes-76315-raudmehe-laboratoorium-lahingvarustuse-saal\\\/#primaryimage\"},\"image\":{\"@id\":\"https:\\\/\\\/playwell.ee\\\/toode\\\/lego-marvel-super-heroes-76315-raudmehe-laboratoorium-lahingvarustuse-saal\\\/#primaryimage\"},\"thumbnailUrl\":\"https:\\\/\\\/playwell.ee\\\/wp-content\\\/uploads\\\/2025\\\/04\\\/LEGO_76315_Box1_v39.jpg\",\"datePublished\":\"2025-04-25T18:46:11+00:00\",\"dateModified\":\"2025-07-22T07:46:37+00:00\",\"description\":\"Raudmehe laboratoorium: Lahingvarustuse saali (76315) ehituskomplekt viib noored superkangelased ja Marvel Tasujate filmide f\u00e4nnid Iron Mani kuulsasse laborisse\",\"breadcrumb\":{\"@id\":\"https:\\\/\\\/playwell.ee\\\/toode\\\/lego-marvel-super-heroes-76315-raudmehe-laboratoorium-lahingvarustuse-saal\\\/#breadcrumb\"},\"inLanguage\":\"en-US\",\"potentialAction\":[{\"@type\":\"ReadAction\",\"target\":[\"https:\\\/\\\/playwell.ee\\\/toode\\\/lego-marvel-super-heroes-76315-raudmehe-laboratoorium-lahingvarustuse-saal\\\/\"]}]},{\"@type\":\"ImageObject\",\"inLanguage\":\"en-US\",\"@id\":\"https:\\\/\\\/playwell.ee\\\/toode\\\/lego-marvel-super-heroes-76315-raudmehe-laboratoorium-lahingvarustuse-saal\\\/#primaryimage\",\"url\":\"https:\\\/\\\/playwell.ee\\\/wp-content\\\/uploads\\\/2025\\\/04\\\/LEGO_76315_Box1_v39.jpg\",\"contentUrl\":\"https:\\\/\\\/playwell.ee\\\/wp-content\\\/uploads\\\/2025\\\/04\\\/LEGO_76315_Box1_v39.jpg\",\"width\":1895,\"height\":1800,\"caption\":\"Raudmehe laboratoorium: Lahingvarustuse saal 76315\"},{\"@type\":\"BreadcrumbList\",\"@id\":\"https:\\\/\\\/playwell.ee\\\/toode\\\/lego-marvel-super-heroes-76315-raudmehe-laboratoorium-lahingvarustuse-saal\\\/#breadcrumb\",\"itemListElement\":[{\"@type\":\"ListItem\",\"position\":1,\"name\":\"Home\",\"item\":\"https:\\\/\\\/playwell.ee\\\/en\\\/\"},{\"@type\":\"ListItem\",\"position\":2,\"name\":\"All LEGO Products\",\"item\":\"https:\\\/\\\/playwell.ee\\\/en\\\/all-products\\\/\"},{\"@type\":\"ListItem\",\"position\":3,\"name\":\"LEGO\u00ae Marvel Super Heroes\u2122 76315 &#8211; Raudmehe laboratoorium: Lahingvarustuse saal\"}]},{\"@type\":\"WebSite\",\"@id\":\"https:\\\/\\\/playwell.ee\\\/#website\",\"url\":\"https:\\\/\\\/playwell.ee\\\/\",\"name\":\"Ehita oma maailm - klots klotsi haaval\",\"description\":\"Playwell | LEGO pood Eestis\",\"publisher\":{\"@id\":\"https:\\\/\\\/playwell.ee\\\/#organization\"},\"potentialAction\":[{\"@type\":\"SearchAction\",\"target\":{\"@type\":\"EntryPoint\",\"urlTemplate\":\"https:\\\/\\\/playwell.ee\\\/?s={search_term_string}\"},\"query-input\":{\"@type\":\"PropertyValueSpecification\",\"valueRequired\":true,\"valueName\":\"search_term_string\"}}],\"inLanguage\":\"en-US\"},{\"@type\":\"Organization\",\"@id\":\"https:\\\/\\\/playwell.ee\\\/#organization\",\"name\":\"Playwell.ee\",\"url\":\"https:\\\/\\\/playwell.ee\\\/\",\"logo\":{\"@type\":\"ImageObject\",\"inLanguage\":\"en-US\",\"@id\":\"https:\\\/\\\/playwell.ee\\\/#\\\/schema\\\/logo\\\/image\\\/\",\"url\":\"https:\\\/\\\/playwell.ee\\\/wp-content\\\/uploads\\\/2024\\\/06\\\/Logo-01-1.png\",\"contentUrl\":\"https:\\\/\\\/playwell.ee\\\/wp-content\\\/uploads\\\/2024\\\/06\\\/Logo-01-1.png\",\"width\":2980,\"height\":1009,\"caption\":\"Playwell.ee\"},\"image\":{\"@id\":\"https:\\\/\\\/playwell.ee\\\/#\\\/schema\\\/logo\\\/image\\\/\"},\"sameAs\":[\"https:\\\/\\\/www.facebook.com\\\/profile.php?id=100091128044867\"]}]}<\/script>\n<!-- \/ Yoast SEO plugin. -->","yoast_head_json":{"title":"LEGO\u00ae Marvel Super Heroes\u2122 76315 - Raudmehe laboratoorium: Lahingvarustuse saal - Ehita oma maailm - klots klotsi haaval","description":"Raudmehe laboratoorium: Lahingvarustuse saali (76315) ehituskomplekt viib noored superkangelased ja Marvel Tasujate filmide f\u00e4nnid Iron Mani kuulsasse laborisse","robots":{"index":"index","follow":"follow","max-snippet":"max-snippet:-1","max-image-preview":"max-image-preview:large","max-video-preview":"max-video-preview:-1"},"canonical":"https:\/\/playwell.ee\/toode\/lego-marvel-super-heroes-76315-raudmehe-laboratoorium-lahingvarustuse-saal\/","og_locale":"en_US","og_type":"article","og_title":"LEGO\u00ae Marvel Super Heroes\u2122 76315 - Raudmehe laboratoorium: Lahingvarustuse saal - Ehita oma maailm - klots klotsi haaval","og_description":"Raudmehe laboratoorium: Lahingvarustuse saali (76315) ehituskomplekt viib noored superkangelased ja Marvel Tasujate filmide f\u00e4nnid Iron Mani kuulsasse laborisse","og_url":"https:\/\/playwell.ee\/toode\/lego-marvel-super-heroes-76315-raudmehe-laboratoorium-lahingvarustuse-saal\/","og_site_name":"Ehita oma maailm - klots klotsi haaval","article_publisher":"https:\/\/www.facebook.com\/profile.php?id=100091128044867","article_modified_time":"2025-07-22T07:46:37+00:00","og_image":[{"width":1895,"height":1800,"url":"https:\/\/playwell.ee\/wp-content\/uploads\/2025\/04\/LEGO_76315_Box1_v39.jpg","type":"image\/jpeg"}],"twitter_card":"summary_large_image","twitter_misc":{"Est. reading time":"2 minutes"},"schema":{"@context":"https:\/\/schema.org","@graph":[{"@type":"WebPage","@id":"https:\/\/playwell.ee\/toode\/lego-marvel-super-heroes-76315-raudmehe-laboratoorium-lahingvarustuse-saal\/","url":"https:\/\/playwell.ee\/toode\/lego-marvel-super-heroes-76315-raudmehe-laboratoorium-lahingvarustuse-saal\/","name":"LEGO\u00ae Marvel Super Heroes\u2122 76315 - Raudmehe laboratoorium: Lahingvarustuse saal - Ehita oma maailm - klots klotsi haaval","isPartOf":{"@id":"https:\/\/playwell.ee\/#website"},"primaryImageOfPage":{"@id":"https:\/\/playwell.ee\/toode\/lego-marvel-super-heroes-76315-raudmehe-laboratoorium-lahingvarustuse-saal\/#primaryimage"},"image":{"@id":"https:\/\/playwell.ee\/toode\/lego-marvel-super-heroes-76315-raudmehe-laboratoorium-lahingvarustuse-saal\/#primaryimage"},"thumbnailUrl":"https:\/\/playwell.ee\/wp-content\/uploads\/2025\/04\/LEGO_76315_Box1_v39.jpg","datePublished":"2025-04-25T18:46:11+00:00","dateModified":"2025-07-22T07:46:37+00:00","description":"Raudmehe laboratoorium: Lahingvarustuse saali (76315) ehituskomplekt viib noored superkangelased ja Marvel Tasujate filmide f\u00e4nnid Iron Mani kuulsasse laborisse","breadcrumb":{"@id":"https:\/\/playwell.ee\/toode\/lego-marvel-super-heroes-76315-raudmehe-laboratoorium-lahingvarustuse-saal\/#breadcrumb"},"inLanguage":"en-US","potentialAction":[{"@type":"ReadAction","target":["https:\/\/playwell.ee\/toode\/lego-marvel-super-heroes-76315-raudmehe-laboratoorium-lahingvarustuse-saal\/"]}]},{"@type":"ImageObject","inLanguage":"en-US","@id":"https:\/\/playwell.ee\/toode\/lego-marvel-super-heroes-76315-raudmehe-laboratoorium-lahingvarustuse-saal\/#primaryimage","url":"https:\/\/playwell.ee\/wp-content\/uploads\/2025\/04\/LEGO_76315_Box1_v39.jpg","contentUrl":"https:\/\/playwell.ee\/wp-content\/uploads\/2025\/04\/LEGO_76315_Box1_v39.jpg","width":1895,"height":1800,"caption":"Raudmehe laboratoorium: Lahingvarustuse saal 76315"},{"@type":"BreadcrumbList","@id":"https:\/\/playwell.ee\/toode\/lego-marvel-super-heroes-76315-raudmehe-laboratoorium-lahingvarustuse-saal\/#breadcrumb","itemListElement":[{"@type":"ListItem","position":1,"name":"Home","item":"https:\/\/playwell.ee\/en\/"},{"@type":"ListItem","position":2,"name":"All LEGO Products","item":"https:\/\/playwell.ee\/en\/all-products\/"},{"@type":"ListItem","position":3,"name":"LEGO\u00ae Marvel Super Heroes\u2122 76315 &#8211; Raudmehe laboratoorium: Lahingvarustuse saal"}]},{"@type":"WebSite","@id":"https:\/\/playwell.ee\/#website","url":"https:\/\/playwell.ee\/","name":"Ehita oma maailm - klots klotsi haaval","description":"Playwell | LEGO pood Eestis","publisher":{"@id":"https:\/\/playwell.ee\/#organization"},"potentialAction":[{"@type":"SearchAction","target":{"@type":"EntryPoint","urlTemplate":"https:\/\/playwell.ee\/?s={search_term_string}"},"query-input":{"@type":"PropertyValueSpecification","valueRequired":true,"valueName":"search_term_string"}}],"inLanguage":"en-US"},{"@type":"Organization","@id":"https:\/\/playwell.ee\/#organization","name":"Playwell.ee","url":"https:\/\/playwell.ee\/","logo":{"@type":"ImageObject","inLanguage":"en-US","@id":"https:\/\/playwell.ee\/#\/schema\/logo\/image\/","url":"https:\/\/playwell.ee\/wp-content\/uploads\/2024\/06\/Logo-01-1.png","contentUrl":"https:\/\/playwell.ee\/wp-content\/uploads\/2024\/06\/Logo-01-1.png","width":2980,"height":1009,"caption":"Playwell.ee"},"image":{"@id":"https:\/\/playwell.ee\/#\/schema\/logo\/image\/"},"sameAs":["https:\/\/www.facebook.com\/profile.php?id=100091128044867"]}]}},"_links":{"self":[{"href":"https:\/\/playwell.ee\/en\/wp-json\/wp\/v2\/product\/17581","targetHints":{"allow":["GET"]}}],"collection":[{"href":"https:\/\/playwell.ee\/en\/wp-json\/wp\/v2\/product"}],"about":[{"href":"https:\/\/playwell.ee\/en\/wp-json\/wp\/v2\/types\/product"}],"wp:featuredmedia":[{"embeddable":true,"href":"https:\/\/playwell.ee\/en\/wp-json\/wp\/v2\/media\/17506"}],"wp:attachment":[{"href":"https:\/\/playwell.ee\/en\/wp-json\/wp\/v2\/media?parent=17581"}],"wp:term":[{"taxonomy":"product_brand","embeddable":true,"href":"https:\/\/playwell.ee\/en\/wp-json\/wp\/v2\/product_brand?post=17581"},{"taxonomy":"product_cat","embeddable":true,"href":"https:\/\/playwell.ee\/en\/wp-json\/wp\/v2\/product_cat?post=17581"},{"taxonomy":"product_tag","embeddable":true,"href":"https:\/\/playwell.ee\/en\/wp-json\/wp\/v2\/product_tag?post=17581"}],"curies":[{"name":"wp","href":"https:\/\/api.w.org\/{rel}","templated":true}]}}