{"id":16438,"date":"2025-02-23T21:26:28","date_gmt":"2025-02-23T19:26:28","guid":{"rendered":"https:\/\/playwell.ee\/product\/lego-harry-potter-76444-diagoni-poiktanava-voluripoed\/"},"modified":"2025-02-23T22:10:35","modified_gmt":"2025-02-23T20:10:35","slug":"lego-harry-potter-76444-diagoni-poiktanava-voluripoed","status":"publish","type":"product","link":"https:\/\/playwell.ee\/en\/product\/lego-harry-potter-76444-diagoni-poiktanava-voluripoed\/","title":{"rendered":"LEGO\u00ae Harry Potter\u2122 76444 &#8211; Diagon Alley\u2122 Wizarding Shops"},"content":{"rendered":"<p>Escape to a magical world with this intricately detailed, microscale LEGO\u00ae Harry Potter\u2122 display model of the Diagon Alley\u2122 wizarding shops (76444). This LEGO brick-built wizard set invites adult fans of Harry Potter fantasy adventures to recreate iconic Diagon Alley stores, including Weasleys&#8217; Wizard Wheezes\u2122, Florean Fortescue\u2019s Ice Cream Parlor, Ollivanders\u2122, Mr. Mulpepper\u2019s Apothecary, plus Gringotts\u2122 Wizarding Bank, the Leaky Cauldron and The Daily Prophet HQ. Each building has instantly recognizable exterior details and contains delightful Easter eggs inside.<\/p>\n<p>This magic display model makes striking room decor. Display it as either a 2-sided street or as one long row of buildings or divide it into 5 sections to take a closer look. Add the 12 unique LEGO Harry Potter microfigures and the Knight Bus\u2122 to spark memories of classic scenes.<\/p>\n<p>This microscale building set is part of a range of LEGO Sets for Adults and makes a super treat for yourself or a Harry Potter gift for other fans.<\/p>\n<p>LEGO\u00ae Harry Potter\u2122 Diagon Alley\u2122 wizard set for adults \u2013 Capture the enchanting atmosphere of Diagon Alley and the authentic details of its wizarding shops with this micromodel<br \/>\n12 LEGO\u00ae Harry Potter\u2122 microfigures \u2013 Harry Potter, Ron Weasley\u2122, Hermione Granger\u2122, Fred Weasley, George Weasley, Lavender Brown, Ginny Weasley\u2122, Draco Malfoy\u2122, Narcissa Malfoy, Mr. Borgin and more<br \/>\nMini Diagon Alley\u2122 stores \u2013 Create microscale versions of iconic places such as Eeylops Owl Emporium, Gringotts\u2122 Wizarding Bank, the Leaky Cauldron and The Daily Prophet HQ, plus the Knight Bus\u2122<br \/>\nCustomizable display set \u2013 Display the model either as a 2-sided street or as one long row of buildings, or divide it into 5 modules to take a closer look at each building<br \/>\nHarry Potter\u2122 gift idea for adult fans \u2013 Treat yourself or gift this Diagon Alley\u2122 LEGO\u00ae brick-building set to adult fans of Harry Potter fantasy adventures and memorabilia collectors<br \/>\n3D building instructions \u2013 Enhance your creative experience withthe intuitive LEGO\u00ae Builder app, where you can zoom in and rotate your model in 3D during construction, track your progress and more<br \/>\nHarry Potter\u2122 collectible \u2013 This LEGO\u00ae Harry Potter microscale building set is part of a large assortment of LEGOSets for Adults, for those who enjoy hands-on, mindful activities to relax and unwind<br \/>\nRoom decor \u2013 This 2,750-piece build-and-display set measures over 5.5 in. (14 cm) high, 34.5 in. (88 cm) wide and 3 in. (8 cm) deep when presented as one long row of buildings<\/p>\n","protected":false},"excerpt":{"rendered":"<p><strong>Free delivery for orders above 120\u20ac * All products in Estonia warehouse * Fast Delivery<\/strong><\/p>\n<ul>\n<li>Parts: 2750<\/li>\n<li>Age: 18+<\/li>\n<\/ul>\n","protected":false},"featured_media":16060,"template":"","meta":[],"product_brand":[],"product_cat":[149],"product_tag":[173],"class_list":{"0":"post-16438","1":"product","2":"type-product","3":"status-publish","4":"has-post-thumbnail","6":"product_cat-harry-potter-en","7":"product_tag-18-en","8":"new","10":"first","11":"instock","12":"taxable","13":"shipping-taxable","14":"purchasable","15":"product-type-simple","16":"add-to-wishlist-after_add_to_cart"},"yoast_head":"<!-- This site is optimized with the Yoast SEO plugin v27.2 - https:\/\/yoast.com\/product\/yoast-seo-wordpress\/ -->\n<title>LEGO\u00ae Harry Potter\u2122 76444 - Diagon Alley\u2122 Wizarding Shops - Ehita oma maailm - klots klotsi haaval<\/title>\n<meta name=\"description\" content=\"Escape to a magical world with this intricately detailed, microscale LEGO\u00ae Harry Potter\u2122 display model of the Diagon Alley\u2122 wizarding shops (76444)\" \/>\n<meta name=\"robots\" content=\"index, follow, max-snippet:-1, max-image-preview:large, max-video-preview:-1\" \/>\n<link rel=\"canonical\" href=\"https:\/\/playwell.ee\/toode\/lego-harry-potter-76444-diagoni-poiktanava-voluripoed\/\" \/>\n<meta property=\"og:locale\" content=\"en_US\" \/>\n<meta property=\"og:type\" content=\"article\" \/>\n<meta property=\"og:title\" content=\"LEGO\u00ae Harry Potter\u2122 76444 - Diagon Alley\u2122 Wizarding Shops - Ehita oma maailm - klots klotsi haaval\" \/>\n<meta property=\"og:description\" content=\"Escape to a magical world with this intricately detailed, microscale LEGO\u00ae Harry Potter\u2122 display model of the Diagon Alley\u2122 wizarding shops (76444)\" \/>\n<meta property=\"og:url\" content=\"https:\/\/playwell.ee\/toode\/lego-harry-potter-76444-diagoni-poiktanava-voluripoed\/\" \/>\n<meta property=\"og:site_name\" content=\"Ehita oma maailm - klots klotsi haaval\" \/>\n<meta property=\"article:publisher\" content=\"https:\/\/www.facebook.com\/profile.php?id=100091128044867\" \/>\n<meta property=\"article:modified_time\" content=\"2025-02-23T20:10:35+00:00\" \/>\n<meta property=\"og:image\" content=\"https:\/\/playwell.ee\/wp-content\/uploads\/2025\/02\/LEGO_76444_Box1_v39.jpg\" \/>\n\t<meta property=\"og:image:width\" content=\"1920\" \/>\n\t<meta property=\"og:image:height\" content=\"1701\" \/>\n\t<meta property=\"og:image:type\" content=\"image\/jpeg\" \/>\n<meta name=\"twitter:card\" content=\"summary_large_image\" \/>\n<meta name=\"twitter:label1\" content=\"Est. reading time\" \/>\n\t<meta name=\"twitter:data1\" content=\"2 minutes\" \/>\n<script type=\"application\/ld+json\" class=\"yoast-schema-graph\">{\"@context\":\"https:\/\/schema.org\",\"@graph\":[{\"@type\":\"WebPage\",\"@id\":\"https:\/\/playwell.ee\/toode\/lego-harry-potter-76444-diagoni-poiktanava-voluripoed\/\",\"url\":\"https:\/\/playwell.ee\/toode\/lego-harry-potter-76444-diagoni-poiktanava-voluripoed\/\",\"name\":\"LEGO\u00ae Harry Potter\u2122 76444 - Diagon Alley\u2122 Wizarding Shops - Ehita oma maailm - klots klotsi haaval\",\"isPartOf\":{\"@id\":\"https:\/\/playwell.ee\/#website\"},\"primaryImageOfPage\":{\"@id\":\"https:\/\/playwell.ee\/toode\/lego-harry-potter-76444-diagoni-poiktanava-voluripoed\/#primaryimage\"},\"image\":{\"@id\":\"https:\/\/playwell.ee\/toode\/lego-harry-potter-76444-diagoni-poiktanava-voluripoed\/#primaryimage\"},\"thumbnailUrl\":\"https:\/\/playwell.ee\/wp-content\/uploads\/2025\/02\/LEGO_76444_Box1_v39.jpg\",\"datePublished\":\"2025-02-23T19:26:28+00:00\",\"dateModified\":\"2025-02-23T20:10:35+00:00\",\"description\":\"Escape to a magical world with this intricately detailed, microscale LEGO\u00ae Harry Potter\u2122 display model of the Diagon Alley\u2122 wizarding shops (76444)\",\"breadcrumb\":{\"@id\":\"https:\/\/playwell.ee\/toode\/lego-harry-potter-76444-diagoni-poiktanava-voluripoed\/#breadcrumb\"},\"inLanguage\":\"en-US\",\"potentialAction\":[{\"@type\":\"ReadAction\",\"target\":[\"https:\/\/playwell.ee\/toode\/lego-harry-potter-76444-diagoni-poiktanava-voluripoed\/\"]}]},{\"@type\":\"ImageObject\",\"inLanguage\":\"en-US\",\"@id\":\"https:\/\/playwell.ee\/toode\/lego-harry-potter-76444-diagoni-poiktanava-voluripoed\/#primaryimage\",\"url\":\"https:\/\/playwell.ee\/wp-content\/uploads\/2025\/02\/LEGO_76444_Box1_v39.jpg\",\"contentUrl\":\"https:\/\/playwell.ee\/wp-content\/uploads\/2025\/02\/LEGO_76444_Box1_v39.jpg\",\"width\":1920,\"height\":1701,\"caption\":\"Diagoni p\u00f5ikt\u00e4nava v\u00f5luripoed 76444\"},{\"@type\":\"BreadcrumbList\",\"@id\":\"https:\/\/playwell.ee\/toode\/lego-harry-potter-76444-diagoni-poiktanava-voluripoed\/#breadcrumb\",\"itemListElement\":[{\"@type\":\"ListItem\",\"position\":1,\"name\":\"Home\",\"item\":\"https:\/\/playwell.ee\/en\/\"},{\"@type\":\"ListItem\",\"position\":2,\"name\":\"All LEGO Products\",\"item\":\"https:\/\/playwell.ee\/en\/all-products\/\"},{\"@type\":\"ListItem\",\"position\":3,\"name\":\"LEGO\u00ae Harry Potter\u2122 76444 &#8211; Diagon Alley\u2122 Wizarding Shops\"}]},{\"@type\":\"WebSite\",\"@id\":\"https:\/\/playwell.ee\/#website\",\"url\":\"https:\/\/playwell.ee\/\",\"name\":\"Ehita oma maailm - klots klotsi haaval\",\"description\":\"Playwell | LEGO pood Eestis\",\"publisher\":{\"@id\":\"https:\/\/playwell.ee\/#organization\"},\"potentialAction\":[{\"@type\":\"SearchAction\",\"target\":{\"@type\":\"EntryPoint\",\"urlTemplate\":\"https:\/\/playwell.ee\/?s={search_term_string}\"},\"query-input\":{\"@type\":\"PropertyValueSpecification\",\"valueRequired\":true,\"valueName\":\"search_term_string\"}}],\"inLanguage\":\"en-US\"},{\"@type\":\"Organization\",\"@id\":\"https:\/\/playwell.ee\/#organization\",\"name\":\"Playwell.ee\",\"url\":\"https:\/\/playwell.ee\/\",\"logo\":{\"@type\":\"ImageObject\",\"inLanguage\":\"en-US\",\"@id\":\"https:\/\/playwell.ee\/#\/schema\/logo\/image\/\",\"url\":\"https:\/\/playwell.ee\/wp-content\/uploads\/2024\/06\/Logo-01-1.png\",\"contentUrl\":\"https:\/\/playwell.ee\/wp-content\/uploads\/2024\/06\/Logo-01-1.png\",\"width\":2980,\"height\":1009,\"caption\":\"Playwell.ee\"},\"image\":{\"@id\":\"https:\/\/playwell.ee\/#\/schema\/logo\/image\/\"},\"sameAs\":[\"https:\/\/www.facebook.com\/profile.php?id=100091128044867\"]}]}<\/script>\n<!-- \/ Yoast SEO plugin. -->","yoast_head_json":{"title":"LEGO\u00ae Harry Potter\u2122 76444 - Diagon Alley\u2122 Wizarding Shops - Ehita oma maailm - klots klotsi haaval","description":"Escape to a magical world with this intricately detailed, microscale LEGO\u00ae Harry Potter\u2122 display model of the Diagon Alley\u2122 wizarding shops (76444)","robots":{"index":"index","follow":"follow","max-snippet":"max-snippet:-1","max-image-preview":"max-image-preview:large","max-video-preview":"max-video-preview:-1"},"canonical":"https:\/\/playwell.ee\/toode\/lego-harry-potter-76444-diagoni-poiktanava-voluripoed\/","og_locale":"en_US","og_type":"article","og_title":"LEGO\u00ae Harry Potter\u2122 76444 - Diagon Alley\u2122 Wizarding Shops - Ehita oma maailm - klots klotsi haaval","og_description":"Escape to a magical world with this intricately detailed, microscale LEGO\u00ae Harry Potter\u2122 display model of the Diagon Alley\u2122 wizarding shops (76444)","og_url":"https:\/\/playwell.ee\/toode\/lego-harry-potter-76444-diagoni-poiktanava-voluripoed\/","og_site_name":"Ehita oma maailm - klots klotsi haaval","article_publisher":"https:\/\/www.facebook.com\/profile.php?id=100091128044867","article_modified_time":"2025-02-23T20:10:35+00:00","og_image":[{"width":1920,"height":1701,"url":"https:\/\/playwell.ee\/wp-content\/uploads\/2025\/02\/LEGO_76444_Box1_v39.jpg","type":"image\/jpeg"}],"twitter_card":"summary_large_image","twitter_misc":{"Est. reading time":"2 minutes"},"schema":{"@context":"https:\/\/schema.org","@graph":[{"@type":"WebPage","@id":"https:\/\/playwell.ee\/toode\/lego-harry-potter-76444-diagoni-poiktanava-voluripoed\/","url":"https:\/\/playwell.ee\/toode\/lego-harry-potter-76444-diagoni-poiktanava-voluripoed\/","name":"LEGO\u00ae Harry Potter\u2122 76444 - Diagon Alley\u2122 Wizarding Shops - Ehita oma maailm - klots klotsi haaval","isPartOf":{"@id":"https:\/\/playwell.ee\/#website"},"primaryImageOfPage":{"@id":"https:\/\/playwell.ee\/toode\/lego-harry-potter-76444-diagoni-poiktanava-voluripoed\/#primaryimage"},"image":{"@id":"https:\/\/playwell.ee\/toode\/lego-harry-potter-76444-diagoni-poiktanava-voluripoed\/#primaryimage"},"thumbnailUrl":"https:\/\/playwell.ee\/wp-content\/uploads\/2025\/02\/LEGO_76444_Box1_v39.jpg","datePublished":"2025-02-23T19:26:28+00:00","dateModified":"2025-02-23T20:10:35+00:00","description":"Escape to a magical world with this intricately detailed, microscale LEGO\u00ae Harry Potter\u2122 display model of the Diagon Alley\u2122 wizarding shops (76444)","breadcrumb":{"@id":"https:\/\/playwell.ee\/toode\/lego-harry-potter-76444-diagoni-poiktanava-voluripoed\/#breadcrumb"},"inLanguage":"en-US","potentialAction":[{"@type":"ReadAction","target":["https:\/\/playwell.ee\/toode\/lego-harry-potter-76444-diagoni-poiktanava-voluripoed\/"]}]},{"@type":"ImageObject","inLanguage":"en-US","@id":"https:\/\/playwell.ee\/toode\/lego-harry-potter-76444-diagoni-poiktanava-voluripoed\/#primaryimage","url":"https:\/\/playwell.ee\/wp-content\/uploads\/2025\/02\/LEGO_76444_Box1_v39.jpg","contentUrl":"https:\/\/playwell.ee\/wp-content\/uploads\/2025\/02\/LEGO_76444_Box1_v39.jpg","width":1920,"height":1701,"caption":"Diagoni p\u00f5ikt\u00e4nava v\u00f5luripoed 76444"},{"@type":"BreadcrumbList","@id":"https:\/\/playwell.ee\/toode\/lego-harry-potter-76444-diagoni-poiktanava-voluripoed\/#breadcrumb","itemListElement":[{"@type":"ListItem","position":1,"name":"Home","item":"https:\/\/playwell.ee\/en\/"},{"@type":"ListItem","position":2,"name":"All LEGO Products","item":"https:\/\/playwell.ee\/en\/all-products\/"},{"@type":"ListItem","position":3,"name":"LEGO\u00ae Harry Potter\u2122 76444 &#8211; Diagon Alley\u2122 Wizarding Shops"}]},{"@type":"WebSite","@id":"https:\/\/playwell.ee\/#website","url":"https:\/\/playwell.ee\/","name":"Ehita oma maailm - klots klotsi haaval","description":"Playwell | LEGO pood Eestis","publisher":{"@id":"https:\/\/playwell.ee\/#organization"},"potentialAction":[{"@type":"SearchAction","target":{"@type":"EntryPoint","urlTemplate":"https:\/\/playwell.ee\/?s={search_term_string}"},"query-input":{"@type":"PropertyValueSpecification","valueRequired":true,"valueName":"search_term_string"}}],"inLanguage":"en-US"},{"@type":"Organization","@id":"https:\/\/playwell.ee\/#organization","name":"Playwell.ee","url":"https:\/\/playwell.ee\/","logo":{"@type":"ImageObject","inLanguage":"en-US","@id":"https:\/\/playwell.ee\/#\/schema\/logo\/image\/","url":"https:\/\/playwell.ee\/wp-content\/uploads\/2024\/06\/Logo-01-1.png","contentUrl":"https:\/\/playwell.ee\/wp-content\/uploads\/2024\/06\/Logo-01-1.png","width":2980,"height":1009,"caption":"Playwell.ee"},"image":{"@id":"https:\/\/playwell.ee\/#\/schema\/logo\/image\/"},"sameAs":["https:\/\/www.facebook.com\/profile.php?id=100091128044867"]}]}},"_links":{"self":[{"href":"https:\/\/playwell.ee\/en\/wp-json\/wp\/v2\/product\/16438","targetHints":{"allow":["GET"]}}],"collection":[{"href":"https:\/\/playwell.ee\/en\/wp-json\/wp\/v2\/product"}],"about":[{"href":"https:\/\/playwell.ee\/en\/wp-json\/wp\/v2\/types\/product"}],"wp:featuredmedia":[{"embeddable":true,"href":"https:\/\/playwell.ee\/en\/wp-json\/wp\/v2\/media\/16060"}],"wp:attachment":[{"href":"https:\/\/playwell.ee\/en\/wp-json\/wp\/v2\/media?parent=16438"}],"wp:term":[{"taxonomy":"product_brand","embeddable":true,"href":"https:\/\/playwell.ee\/en\/wp-json\/wp\/v2\/product_brand?post=16438"},{"taxonomy":"product_cat","embeddable":true,"href":"https:\/\/playwell.ee\/en\/wp-json\/wp\/v2\/product_cat?post=16438"},{"taxonomy":"product_tag","embeddable":true,"href":"https:\/\/playwell.ee\/en\/wp-json\/wp\/v2\/product_tag?post=16438"}],"curies":[{"name":"wp","href":"https:\/\/api.w.org\/{rel}","templated":true}]}}