{"id":15759,"date":"2025-01-24T16:41:58","date_gmt":"2025-01-24T14:41:58","guid":{"rendered":"https:\/\/playwell.ee\/product\/lego-city-60458-pitsaauto-vs-tuletorjeauto-voidusoiduautode-komplekt\/"},"modified":"2025-01-25T20:22:04","modified_gmt":"2025-01-25T18:22:04","slug":"lego-city-60458-pitsaauto-vs-tuletorjeauto-voidusoiduautode-komplekt","status":"publish","type":"product","link":"https:\/\/playwell.ee\/en\/product\/lego-city-60458-pitsaauto-vs-tuletorjeauto-voidusoiduautode-komplekt\/","title":{"rendered":"LEGO\u00ae City 60458 &#8211; Pizza vs. Fire Truck Race Car Pack"},"content":{"rendered":"<p>Treat your race fan to the LEGO\u00ae City Pizza vs. Fire Truck Race Car Pack (60458) for kids aged 5 and over. This fun racing set features 2 soapbox race cars and 2 minifigures. Kids can pit the chef in the sizzling pizza slice against the firefighter in the red-hot fire truck. Who\u2019ll win? Take your seat for epic urban race action!<\/p>\n<p>This LEGO race car toy includes a step-by-step printed construction guide. Kids can also enjoy a fun building adventure with the LEGO Builder app, where they can zoom in, rotate the models in 3D, track their progress as they build, and explore and save other playsets.<\/p>\n<p>LEGO City playsets feature cool vehicles, realistic structures and fun characters that inspire play without limits. Kids can add this soapbox car set to others (sold separately) from the LEGO City range to expand their world of play possibilities.<\/p>\n<p>Toy soapbox racing set \u2013 Treat your young race fan to the LEGO\u00ae City Pizza vs. Fire Truck Race Car Pack for kids aged 5 and up<br \/>\nWhat\u2019s in the box? \u2013 Everything kids need to build pizza-slice and fire-truck soapbox race cars with chef and firefighter race drivers<br \/>\nImaginative play \u2013 Kids can pop the soapbox driver minifigures into the cockpits of the toy race cars to unleash a world of exciting race play and storytelling<br \/>\nFun race car set with an interactive guide \u2013 Children can zoom in and rotate models in 3D, track building progress and explore and save virtual playsets in the intuitive LEGO\u00ae Builder app<br \/>\nLooking for a fun gift for kids aged 5 and up? \u2013 Surprise your favorite racing fan when you give this set as a gift or any-day treat<br \/>\nAction without limits \u2013 Add this car racing toy to other playsets (sold separately) from the LEGO\u00ae City range for more high-speed fun<br \/>\nMake learning fun \u2013 LEGO\u00ae City buildable toy sets help kids develop confidence and key life skills through open-ended creative play<br \/>\nLEGO\u00ae City toys for play and display \u2013 The pizza slice soapbox racing car toy in this 70-piece playset measures over 2 in. (5 cm) high, 3.5 in. (9 cm) long and 1.5 in. (4 cm) wide<\/p>\n","protected":false},"excerpt":{"rendered":"<p><strong>Free delivery for orders above 120\u20ac * All products in Estonia warehouse * Fast Delivery<\/strong><\/p>\n<ul>\n<li>Parts: 70<\/li>\n<li>Age: 5+<\/li>\n<\/ul>\n","protected":false},"featured_media":14627,"template":"","meta":[],"product_brand":[],"product_cat":[143],"product_tag":[170],"class_list":{"0":"post-15759","1":"product","2":"type-product","3":"status-publish","4":"has-post-thumbnail","6":"product_cat-city-en","7":"product_tag-4-en","8":"new","10":"first","11":"instock","12":"taxable","13":"shipping-taxable","14":"purchasable","15":"product-type-simple","16":"add-to-wishlist-after_add_to_cart"},"yoast_head":"<!-- This site is optimized with the Yoast SEO plugin v27.4 - https:\/\/yoast.com\/product\/yoast-seo-wordpress\/ -->\n<title>LEGO\u00ae City 60458 - Pizza vs. Fire Truck Race Car Pack - Ehita oma maailm - klots klotsi haaval<\/title>\n<meta name=\"description\" content=\"Treat your race fan to the LEGO\u00ae City Pizza vs\" \/>\n<meta name=\"robots\" content=\"index, follow, max-snippet:-1, max-image-preview:large, max-video-preview:-1\" \/>\n<link rel=\"canonical\" href=\"https:\/\/playwell.ee\/toode\/lego-city-60458-pitsaauto-vs-tuletorjeauto-voidusoiduautode-komplekt\/\" \/>\n<meta property=\"og:locale\" content=\"en_US\" \/>\n<meta property=\"og:type\" content=\"article\" \/>\n<meta property=\"og:title\" content=\"LEGO\u00ae City 60458 - Pizza vs. Fire Truck Race Car Pack - Ehita oma maailm - klots klotsi haaval\" \/>\n<meta property=\"og:description\" content=\"Treat your race fan to the LEGO\u00ae City Pizza vs\" \/>\n<meta property=\"og:url\" content=\"https:\/\/playwell.ee\/toode\/lego-city-60458-pitsaauto-vs-tuletorjeauto-voidusoiduautode-komplekt\/\" \/>\n<meta property=\"og:site_name\" content=\"Ehita oma maailm - klots klotsi haaval\" \/>\n<meta property=\"article:publisher\" content=\"https:\/\/www.facebook.com\/profile.php?id=100091128044867\" \/>\n<meta property=\"article:modified_time\" content=\"2025-01-25T18:22:04+00:00\" \/>\n<meta property=\"og:image\" content=\"https:\/\/playwell.ee\/wp-content\/uploads\/2025\/01\/LEGO_60458_Box1_v39.jpg\" \/>\n\t<meta property=\"og:image:width\" content=\"1770\" \/>\n\t<meta property=\"og:image:height\" content=\"1702\" \/>\n\t<meta property=\"og:image:type\" content=\"image\/jpeg\" \/>\n<meta name=\"twitter:card\" content=\"summary_large_image\" \/>\n<meta name=\"twitter:label1\" content=\"Est. reading time\" \/>\n\t<meta name=\"twitter:data1\" content=\"2 minutes\" \/>\n<script type=\"application\/ld+json\" class=\"yoast-schema-graph\">{\"@context\":\"https:\\\/\\\/schema.org\",\"@graph\":[{\"@type\":\"WebPage\",\"@id\":\"https:\\\/\\\/playwell.ee\\\/toode\\\/lego-city-60458-pitsaauto-vs-tuletorjeauto-voidusoiduautode-komplekt\\\/\",\"url\":\"https:\\\/\\\/playwell.ee\\\/toode\\\/lego-city-60458-pitsaauto-vs-tuletorjeauto-voidusoiduautode-komplekt\\\/\",\"name\":\"LEGO\u00ae City 60458 - Pizza vs. Fire Truck Race Car Pack - Ehita oma maailm - klots klotsi haaval\",\"isPartOf\":{\"@id\":\"https:\\\/\\\/playwell.ee\\\/#website\"},\"primaryImageOfPage\":{\"@id\":\"https:\\\/\\\/playwell.ee\\\/toode\\\/lego-city-60458-pitsaauto-vs-tuletorjeauto-voidusoiduautode-komplekt\\\/#primaryimage\"},\"image\":{\"@id\":\"https:\\\/\\\/playwell.ee\\\/toode\\\/lego-city-60458-pitsaauto-vs-tuletorjeauto-voidusoiduautode-komplekt\\\/#primaryimage\"},\"thumbnailUrl\":\"https:\\\/\\\/playwell.ee\\\/wp-content\\\/uploads\\\/2025\\\/01\\\/LEGO_60458_Box1_v39.jpg\",\"datePublished\":\"2025-01-24T14:41:58+00:00\",\"dateModified\":\"2025-01-25T18:22:04+00:00\",\"description\":\"Treat your race fan to the LEGO\u00ae City Pizza vs\",\"breadcrumb\":{\"@id\":\"https:\\\/\\\/playwell.ee\\\/toode\\\/lego-city-60458-pitsaauto-vs-tuletorjeauto-voidusoiduautode-komplekt\\\/#breadcrumb\"},\"inLanguage\":\"en-US\",\"potentialAction\":[{\"@type\":\"ReadAction\",\"target\":[\"https:\\\/\\\/playwell.ee\\\/toode\\\/lego-city-60458-pitsaauto-vs-tuletorjeauto-voidusoiduautode-komplekt\\\/\"]}]},{\"@type\":\"ImageObject\",\"inLanguage\":\"en-US\",\"@id\":\"https:\\\/\\\/playwell.ee\\\/toode\\\/lego-city-60458-pitsaauto-vs-tuletorjeauto-voidusoiduautode-komplekt\\\/#primaryimage\",\"url\":\"https:\\\/\\\/playwell.ee\\\/wp-content\\\/uploads\\\/2025\\\/01\\\/LEGO_60458_Box1_v39.jpg\",\"contentUrl\":\"https:\\\/\\\/playwell.ee\\\/wp-content\\\/uploads\\\/2025\\\/01\\\/LEGO_60458_Box1_v39.jpg\",\"width\":1770,\"height\":1702,\"caption\":\"LEGO\u00ae City 60458 - Pitsaauto vs tulet\u00f5rjeauto v\u00f5idus\u00f5iduautode komplekt\"},{\"@type\":\"BreadcrumbList\",\"@id\":\"https:\\\/\\\/playwell.ee\\\/toode\\\/lego-city-60458-pitsaauto-vs-tuletorjeauto-voidusoiduautode-komplekt\\\/#breadcrumb\",\"itemListElement\":[{\"@type\":\"ListItem\",\"position\":1,\"name\":\"Home\",\"item\":\"https:\\\/\\\/playwell.ee\\\/en\\\/\"},{\"@type\":\"ListItem\",\"position\":2,\"name\":\"All LEGO Products\",\"item\":\"https:\\\/\\\/playwell.ee\\\/en\\\/all-products\\\/\"},{\"@type\":\"ListItem\",\"position\":3,\"name\":\"LEGO\u00ae City 60458 &#8211; Pizza vs. Fire Truck Race Car Pack\"}]},{\"@type\":\"WebSite\",\"@id\":\"https:\\\/\\\/playwell.ee\\\/#website\",\"url\":\"https:\\\/\\\/playwell.ee\\\/\",\"name\":\"Ehita oma maailm - klots klotsi haaval\",\"description\":\"Playwell | LEGO pood Eestis\",\"publisher\":{\"@id\":\"https:\\\/\\\/playwell.ee\\\/#organization\"},\"potentialAction\":[{\"@type\":\"SearchAction\",\"target\":{\"@type\":\"EntryPoint\",\"urlTemplate\":\"https:\\\/\\\/playwell.ee\\\/?s={search_term_string}\"},\"query-input\":{\"@type\":\"PropertyValueSpecification\",\"valueRequired\":true,\"valueName\":\"search_term_string\"}}],\"inLanguage\":\"en-US\"},{\"@type\":\"Organization\",\"@id\":\"https:\\\/\\\/playwell.ee\\\/#organization\",\"name\":\"Playwell.ee\",\"url\":\"https:\\\/\\\/playwell.ee\\\/\",\"logo\":{\"@type\":\"ImageObject\",\"inLanguage\":\"en-US\",\"@id\":\"https:\\\/\\\/playwell.ee\\\/#\\\/schema\\\/logo\\\/image\\\/\",\"url\":\"https:\\\/\\\/playwell.ee\\\/wp-content\\\/uploads\\\/2024\\\/06\\\/Logo-01-1.png\",\"contentUrl\":\"https:\\\/\\\/playwell.ee\\\/wp-content\\\/uploads\\\/2024\\\/06\\\/Logo-01-1.png\",\"width\":2980,\"height\":1009,\"caption\":\"Playwell.ee\"},\"image\":{\"@id\":\"https:\\\/\\\/playwell.ee\\\/#\\\/schema\\\/logo\\\/image\\\/\"},\"sameAs\":[\"https:\\\/\\\/www.facebook.com\\\/profile.php?id=100091128044867\"]}]}<\/script>\n<!-- \/ Yoast SEO plugin. -->","yoast_head_json":{"title":"LEGO\u00ae City 60458 - Pizza vs. Fire Truck Race Car Pack - Ehita oma maailm - klots klotsi haaval","description":"Treat your race fan to the LEGO\u00ae City Pizza vs","robots":{"index":"index","follow":"follow","max-snippet":"max-snippet:-1","max-image-preview":"max-image-preview:large","max-video-preview":"max-video-preview:-1"},"canonical":"https:\/\/playwell.ee\/toode\/lego-city-60458-pitsaauto-vs-tuletorjeauto-voidusoiduautode-komplekt\/","og_locale":"en_US","og_type":"article","og_title":"LEGO\u00ae City 60458 - Pizza vs. Fire Truck Race Car Pack - Ehita oma maailm - klots klotsi haaval","og_description":"Treat your race fan to the LEGO\u00ae City Pizza vs","og_url":"https:\/\/playwell.ee\/toode\/lego-city-60458-pitsaauto-vs-tuletorjeauto-voidusoiduautode-komplekt\/","og_site_name":"Ehita oma maailm - klots klotsi haaval","article_publisher":"https:\/\/www.facebook.com\/profile.php?id=100091128044867","article_modified_time":"2025-01-25T18:22:04+00:00","og_image":[{"width":1770,"height":1702,"url":"https:\/\/playwell.ee\/wp-content\/uploads\/2025\/01\/LEGO_60458_Box1_v39.jpg","type":"image\/jpeg"}],"twitter_card":"summary_large_image","twitter_misc":{"Est. reading time":"2 minutes"},"schema":{"@context":"https:\/\/schema.org","@graph":[{"@type":"WebPage","@id":"https:\/\/playwell.ee\/toode\/lego-city-60458-pitsaauto-vs-tuletorjeauto-voidusoiduautode-komplekt\/","url":"https:\/\/playwell.ee\/toode\/lego-city-60458-pitsaauto-vs-tuletorjeauto-voidusoiduautode-komplekt\/","name":"LEGO\u00ae City 60458 - Pizza vs. Fire Truck Race Car Pack - Ehita oma maailm - klots klotsi haaval","isPartOf":{"@id":"https:\/\/playwell.ee\/#website"},"primaryImageOfPage":{"@id":"https:\/\/playwell.ee\/toode\/lego-city-60458-pitsaauto-vs-tuletorjeauto-voidusoiduautode-komplekt\/#primaryimage"},"image":{"@id":"https:\/\/playwell.ee\/toode\/lego-city-60458-pitsaauto-vs-tuletorjeauto-voidusoiduautode-komplekt\/#primaryimage"},"thumbnailUrl":"https:\/\/playwell.ee\/wp-content\/uploads\/2025\/01\/LEGO_60458_Box1_v39.jpg","datePublished":"2025-01-24T14:41:58+00:00","dateModified":"2025-01-25T18:22:04+00:00","description":"Treat your race fan to the LEGO\u00ae City Pizza vs","breadcrumb":{"@id":"https:\/\/playwell.ee\/toode\/lego-city-60458-pitsaauto-vs-tuletorjeauto-voidusoiduautode-komplekt\/#breadcrumb"},"inLanguage":"en-US","potentialAction":[{"@type":"ReadAction","target":["https:\/\/playwell.ee\/toode\/lego-city-60458-pitsaauto-vs-tuletorjeauto-voidusoiduautode-komplekt\/"]}]},{"@type":"ImageObject","inLanguage":"en-US","@id":"https:\/\/playwell.ee\/toode\/lego-city-60458-pitsaauto-vs-tuletorjeauto-voidusoiduautode-komplekt\/#primaryimage","url":"https:\/\/playwell.ee\/wp-content\/uploads\/2025\/01\/LEGO_60458_Box1_v39.jpg","contentUrl":"https:\/\/playwell.ee\/wp-content\/uploads\/2025\/01\/LEGO_60458_Box1_v39.jpg","width":1770,"height":1702,"caption":"LEGO\u00ae City 60458 - Pitsaauto vs tulet\u00f5rjeauto v\u00f5idus\u00f5iduautode komplekt"},{"@type":"BreadcrumbList","@id":"https:\/\/playwell.ee\/toode\/lego-city-60458-pitsaauto-vs-tuletorjeauto-voidusoiduautode-komplekt\/#breadcrumb","itemListElement":[{"@type":"ListItem","position":1,"name":"Home","item":"https:\/\/playwell.ee\/en\/"},{"@type":"ListItem","position":2,"name":"All LEGO Products","item":"https:\/\/playwell.ee\/en\/all-products\/"},{"@type":"ListItem","position":3,"name":"LEGO\u00ae City 60458 &#8211; Pizza vs. Fire Truck Race Car Pack"}]},{"@type":"WebSite","@id":"https:\/\/playwell.ee\/#website","url":"https:\/\/playwell.ee\/","name":"Ehita oma maailm - klots klotsi haaval","description":"Playwell | LEGO pood Eestis","publisher":{"@id":"https:\/\/playwell.ee\/#organization"},"potentialAction":[{"@type":"SearchAction","target":{"@type":"EntryPoint","urlTemplate":"https:\/\/playwell.ee\/?s={search_term_string}"},"query-input":{"@type":"PropertyValueSpecification","valueRequired":true,"valueName":"search_term_string"}}],"inLanguage":"en-US"},{"@type":"Organization","@id":"https:\/\/playwell.ee\/#organization","name":"Playwell.ee","url":"https:\/\/playwell.ee\/","logo":{"@type":"ImageObject","inLanguage":"en-US","@id":"https:\/\/playwell.ee\/#\/schema\/logo\/image\/","url":"https:\/\/playwell.ee\/wp-content\/uploads\/2024\/06\/Logo-01-1.png","contentUrl":"https:\/\/playwell.ee\/wp-content\/uploads\/2024\/06\/Logo-01-1.png","width":2980,"height":1009,"caption":"Playwell.ee"},"image":{"@id":"https:\/\/playwell.ee\/#\/schema\/logo\/image\/"},"sameAs":["https:\/\/www.facebook.com\/profile.php?id=100091128044867"]}]}},"_links":{"self":[{"href":"https:\/\/playwell.ee\/en\/wp-json\/wp\/v2\/product\/15759","targetHints":{"allow":["GET"]}}],"collection":[{"href":"https:\/\/playwell.ee\/en\/wp-json\/wp\/v2\/product"}],"about":[{"href":"https:\/\/playwell.ee\/en\/wp-json\/wp\/v2\/types\/product"}],"wp:featuredmedia":[{"embeddable":true,"href":"https:\/\/playwell.ee\/en\/wp-json\/wp\/v2\/media\/14627"}],"wp:attachment":[{"href":"https:\/\/playwell.ee\/en\/wp-json\/wp\/v2\/media?parent=15759"}],"wp:term":[{"taxonomy":"product_brand","embeddable":true,"href":"https:\/\/playwell.ee\/en\/wp-json\/wp\/v2\/product_brand?post=15759"},{"taxonomy":"product_cat","embeddable":true,"href":"https:\/\/playwell.ee\/en\/wp-json\/wp\/v2\/product_cat?post=15759"},{"taxonomy":"product_tag","embeddable":true,"href":"https:\/\/playwell.ee\/en\/wp-json\/wp\/v2\/product_tag?post=15759"}],"curies":[{"name":"wp","href":"https:\/\/api.w.org\/{rel}","templated":true}]}}