{"id":14379,"date":"2024-12-11T20:26:57","date_gmt":"2024-12-11T18:26:57","guid":{"rendered":"https:\/\/playwell.ee\/product\/lego-41838-reisihetked\/"},"modified":"2025-01-25T20:22:05","modified_gmt":"2025-01-25T18:22:05","slug":"lego-41838-reisihetked","status":"publish","type":"product","link":"https:\/\/playwell.ee\/en\/product\/lego-41838-reisihetked\/","title":{"rendered":"LEGO\u00ae 41838 &#8211; Travel Moments"},"content":{"rendered":"<p>A creative building activity awaits the family, including kids aged 14 and up, with this Travel Moments (41838) toy building set. This imaginative LEGO\u00ae playset makes a fun gift for travelers and families who love adventure, and includes a buildable world map, a jet, 4 micro-build vehicles, 20 location tiles, 10 photo holders and 5 building instructions booklets. Families can share their favorite travel memories or dream about new trips as they build the Wonderliner jet and the map. Then they can set the map up to display visited countries or planned trips \u2013 and change it with every adventure!<\/p>\n<p>This LEGO travel playset makes a meaningful and memory-filled gift or a family holiday activity to extend creative fun. Plus, you and your kids canget the most out of your sets with the LEGO Builder app, which lets you build together, zoom in and rotate your model in 3D, track progress and save sets in one place.<\/p>\n<ul>\n<li>Travel memories set for group fun \u2013 Inspire family building activities or plan your next adventure with this Travel Moments building set, which comes with a world map and buildable jet<\/li>\n<li>World map toy \u2013 This family building playset includes 1,231elements and 5 sets of instructions to build a world map in 4 sections, a buildable jet, 4 micro-build vehicles, photo holders and more<\/li>\n<li>Family activities \u2013 The map playset can be changed at any time to showcase a recent trip, plan out exciting new possibilities or inspire new travel adventures<\/li>\n<li>Toy building set \u2013 Once the map and jet are finished, families can use the decorative and location tiles, micro-vehicles and photo holders to customize the set over and over again<\/li>\n<li>Gift for travelers \u2013 This family activity gift lets families and kids aged 14 and up create memorable moments together any time they want creative WE-time<\/li>\n<li>3D building instructions \u2013 Build like never before with the LEGO\u00ae Builder app, where you and your kids can build together, save sets, track progress and zoom in and rotate your models in 3D<\/li>\n<li>Building set range \u2013 Opening a LEGO\u00ae set invites everyone to create and play, so gather family, friends, cousins, or colleagues; these sets are a perfect chance to express your creative side together<\/li>\n<li>Dimensions \u2013 The 1,231-piece set includes a world map toy with plane and photo holders measuring over 5.5 in. (14 cm) high, 19.5 in. (49 cm) wide and 12 in. (31 cm) deep when combined in tabletop mode<\/li>\n<\/ul>\n","protected":false},"excerpt":{"rendered":"<p><strong>Free delivery for orders above 120\u20ac * All products in Estonia warehouse * Fast Delivery<\/strong><\/p>\n<ul>\n<li>Osasi: 1231<\/li>\n<li>Vanus: 14+<\/li>\n<\/ul>\n","protected":false},"featured_media":14290,"template":"","meta":[],"product_brand":[],"product_cat":[179],"product_tag":[172],"class_list":{"0":"post-14379","1":"product","2":"type-product","3":"status-publish","4":"has-post-thumbnail","6":"product_cat-other","7":"product_tag-13-en","9":"first","10":"instock","11":"taxable","12":"shipping-taxable","13":"purchasable","14":"product-type-simple","15":"add-to-wishlist-after_add_to_cart"},"yoast_head":"<!-- This site is optimized with the Yoast SEO plugin v27.4 - https:\/\/yoast.com\/product\/yoast-seo-wordpress\/ -->\n<title>LEGO\u00ae 41838 - Travel Moments - Ehita oma maailm - klots klotsi haaval<\/title>\n<meta name=\"description\" content=\"See loominguline LEGO\u00ae m\u00e4ngukomplekt on l\u00f5bus kingitus seiklushimulistele reisijatele ja peredele ning sisaldab kokkupandavat maailmakaarti, reaktiivlennukit, nelja mikros\u00f5idukit, 20 asukohadetaili, 10 fotohoidjat ja viite ehitusjuhiste bro\u0161\u00fc\u00fcri.\" \/>\n<meta name=\"robots\" content=\"index, follow, max-snippet:-1, max-image-preview:large, max-video-preview:-1\" \/>\n<link rel=\"canonical\" href=\"https:\/\/playwell.ee\/toode\/lego-41838-reisihetked\/\" \/>\n<meta property=\"og:locale\" content=\"en_US\" \/>\n<meta property=\"og:type\" content=\"article\" \/>\n<meta property=\"og:title\" content=\"LEGO\u00ae 41838 - Travel Moments - Ehita oma maailm - klots klotsi haaval\" \/>\n<meta property=\"og:description\" content=\"See loominguline LEGO\u00ae m\u00e4ngukomplekt on l\u00f5bus kingitus seiklushimulistele reisijatele ja peredele ning sisaldab kokkupandavat maailmakaarti, reaktiivlennukit, nelja mikros\u00f5idukit, 20 asukohadetaili, 10 fotohoidjat ja viite ehitusjuhiste bro\u0161\u00fc\u00fcri.\" \/>\n<meta property=\"og:url\" content=\"https:\/\/playwell.ee\/toode\/lego-41838-reisihetked\/\" \/>\n<meta property=\"og:site_name\" content=\"Ehita oma maailm - klots klotsi haaval\" \/>\n<meta property=\"article:publisher\" content=\"https:\/\/www.facebook.com\/profile.php?id=100091128044867\" \/>\n<meta property=\"article:modified_time\" content=\"2025-01-25T18:22:05+00:00\" \/>\n<meta property=\"og:image\" content=\"https:\/\/playwell.ee\/wp-content\/uploads\/2024\/12\/LEGO_41838_Box1_v39.jpg\" \/>\n\t<meta property=\"og:image:width\" content=\"2024\" \/>\n\t<meta property=\"og:image:height\" content=\"1800\" \/>\n\t<meta property=\"og:image:type\" content=\"image\/jpeg\" \/>\n<meta name=\"twitter:card\" content=\"summary_large_image\" \/>\n<meta name=\"twitter:label1\" content=\"Est. reading time\" \/>\n\t<meta name=\"twitter:data1\" content=\"3 minutes\" \/>\n<script type=\"application\/ld+json\" class=\"yoast-schema-graph\">{\"@context\":\"https:\\\/\\\/schema.org\",\"@graph\":[{\"@type\":\"WebPage\",\"@id\":\"https:\\\/\\\/playwell.ee\\\/toode\\\/lego-41838-reisihetked\\\/\",\"url\":\"https:\\\/\\\/playwell.ee\\\/toode\\\/lego-41838-reisihetked\\\/\",\"name\":\"LEGO\u00ae 41838 - Travel Moments - Ehita oma maailm - klots klotsi haaval\",\"isPartOf\":{\"@id\":\"https:\\\/\\\/playwell.ee\\\/#website\"},\"primaryImageOfPage\":{\"@id\":\"https:\\\/\\\/playwell.ee\\\/toode\\\/lego-41838-reisihetked\\\/#primaryimage\"},\"image\":{\"@id\":\"https:\\\/\\\/playwell.ee\\\/toode\\\/lego-41838-reisihetked\\\/#primaryimage\"},\"thumbnailUrl\":\"https:\\\/\\\/playwell.ee\\\/wp-content\\\/uploads\\\/2024\\\/12\\\/LEGO_41838_Box1_v39.jpg\",\"datePublished\":\"2024-12-11T18:26:57+00:00\",\"dateModified\":\"2025-01-25T18:22:05+00:00\",\"description\":\"See loominguline LEGO\u00ae m\u00e4ngukomplekt on l\u00f5bus kingitus seiklushimulistele reisijatele ja peredele ning sisaldab kokkupandavat maailmakaarti, reaktiivlennukit, nelja mikros\u00f5idukit, 20 asukohadetaili, 10 fotohoidjat ja viite ehitusjuhiste bro\u0161\u00fc\u00fcri.\",\"breadcrumb\":{\"@id\":\"https:\\\/\\\/playwell.ee\\\/toode\\\/lego-41838-reisihetked\\\/#breadcrumb\"},\"inLanguage\":\"en-US\",\"potentialAction\":[{\"@type\":\"ReadAction\",\"target\":[\"https:\\\/\\\/playwell.ee\\\/toode\\\/lego-41838-reisihetked\\\/\"]}]},{\"@type\":\"ImageObject\",\"inLanguage\":\"en-US\",\"@id\":\"https:\\\/\\\/playwell.ee\\\/toode\\\/lego-41838-reisihetked\\\/#primaryimage\",\"url\":\"https:\\\/\\\/playwell.ee\\\/wp-content\\\/uploads\\\/2024\\\/12\\\/LEGO_41838_Box1_v39.jpg\",\"contentUrl\":\"https:\\\/\\\/playwell.ee\\\/wp-content\\\/uploads\\\/2024\\\/12\\\/LEGO_41838_Box1_v39.jpg\",\"width\":2024,\"height\":1800},{\"@type\":\"BreadcrumbList\",\"@id\":\"https:\\\/\\\/playwell.ee\\\/toode\\\/lego-41838-reisihetked\\\/#breadcrumb\",\"itemListElement\":[{\"@type\":\"ListItem\",\"position\":1,\"name\":\"Home\",\"item\":\"https:\\\/\\\/playwell.ee\\\/en\\\/\"},{\"@type\":\"ListItem\",\"position\":2,\"name\":\"All LEGO Products\",\"item\":\"https:\\\/\\\/playwell.ee\\\/en\\\/all-products\\\/\"},{\"@type\":\"ListItem\",\"position\":3,\"name\":\"LEGO\u00ae 41838 &#8211; Travel Moments\"}]},{\"@type\":\"WebSite\",\"@id\":\"https:\\\/\\\/playwell.ee\\\/#website\",\"url\":\"https:\\\/\\\/playwell.ee\\\/\",\"name\":\"Ehita oma maailm - klots klotsi haaval\",\"description\":\"Playwell | LEGO pood Eestis\",\"publisher\":{\"@id\":\"https:\\\/\\\/playwell.ee\\\/#organization\"},\"potentialAction\":[{\"@type\":\"SearchAction\",\"target\":{\"@type\":\"EntryPoint\",\"urlTemplate\":\"https:\\\/\\\/playwell.ee\\\/?s={search_term_string}\"},\"query-input\":{\"@type\":\"PropertyValueSpecification\",\"valueRequired\":true,\"valueName\":\"search_term_string\"}}],\"inLanguage\":\"en-US\"},{\"@type\":\"Organization\",\"@id\":\"https:\\\/\\\/playwell.ee\\\/#organization\",\"name\":\"Playwell.ee\",\"url\":\"https:\\\/\\\/playwell.ee\\\/\",\"logo\":{\"@type\":\"ImageObject\",\"inLanguage\":\"en-US\",\"@id\":\"https:\\\/\\\/playwell.ee\\\/#\\\/schema\\\/logo\\\/image\\\/\",\"url\":\"https:\\\/\\\/playwell.ee\\\/wp-content\\\/uploads\\\/2024\\\/06\\\/Logo-01-1.png\",\"contentUrl\":\"https:\\\/\\\/playwell.ee\\\/wp-content\\\/uploads\\\/2024\\\/06\\\/Logo-01-1.png\",\"width\":2980,\"height\":1009,\"caption\":\"Playwell.ee\"},\"image\":{\"@id\":\"https:\\\/\\\/playwell.ee\\\/#\\\/schema\\\/logo\\\/image\\\/\"},\"sameAs\":[\"https:\\\/\\\/www.facebook.com\\\/profile.php?id=100091128044867\"]}]}<\/script>\n<!-- \/ Yoast SEO plugin. -->","yoast_head_json":{"title":"LEGO\u00ae 41838 - Travel Moments - Ehita oma maailm - klots klotsi haaval","description":"See loominguline LEGO\u00ae m\u00e4ngukomplekt on l\u00f5bus kingitus seiklushimulistele reisijatele ja peredele ning sisaldab kokkupandavat maailmakaarti, reaktiivlennukit, nelja mikros\u00f5idukit, 20 asukohadetaili, 10 fotohoidjat ja viite ehitusjuhiste bro\u0161\u00fc\u00fcri.","robots":{"index":"index","follow":"follow","max-snippet":"max-snippet:-1","max-image-preview":"max-image-preview:large","max-video-preview":"max-video-preview:-1"},"canonical":"https:\/\/playwell.ee\/toode\/lego-41838-reisihetked\/","og_locale":"en_US","og_type":"article","og_title":"LEGO\u00ae 41838 - Travel Moments - Ehita oma maailm - klots klotsi haaval","og_description":"See loominguline LEGO\u00ae m\u00e4ngukomplekt on l\u00f5bus kingitus seiklushimulistele reisijatele ja peredele ning sisaldab kokkupandavat maailmakaarti, reaktiivlennukit, nelja mikros\u00f5idukit, 20 asukohadetaili, 10 fotohoidjat ja viite ehitusjuhiste bro\u0161\u00fc\u00fcri.","og_url":"https:\/\/playwell.ee\/toode\/lego-41838-reisihetked\/","og_site_name":"Ehita oma maailm - klots klotsi haaval","article_publisher":"https:\/\/www.facebook.com\/profile.php?id=100091128044867","article_modified_time":"2025-01-25T18:22:05+00:00","og_image":[{"width":2024,"height":1800,"url":"https:\/\/playwell.ee\/wp-content\/uploads\/2024\/12\/LEGO_41838_Box1_v39.jpg","type":"image\/jpeg"}],"twitter_card":"summary_large_image","twitter_misc":{"Est. reading time":"3 minutes"},"schema":{"@context":"https:\/\/schema.org","@graph":[{"@type":"WebPage","@id":"https:\/\/playwell.ee\/toode\/lego-41838-reisihetked\/","url":"https:\/\/playwell.ee\/toode\/lego-41838-reisihetked\/","name":"LEGO\u00ae 41838 - Travel Moments - Ehita oma maailm - klots klotsi haaval","isPartOf":{"@id":"https:\/\/playwell.ee\/#website"},"primaryImageOfPage":{"@id":"https:\/\/playwell.ee\/toode\/lego-41838-reisihetked\/#primaryimage"},"image":{"@id":"https:\/\/playwell.ee\/toode\/lego-41838-reisihetked\/#primaryimage"},"thumbnailUrl":"https:\/\/playwell.ee\/wp-content\/uploads\/2024\/12\/LEGO_41838_Box1_v39.jpg","datePublished":"2024-12-11T18:26:57+00:00","dateModified":"2025-01-25T18:22:05+00:00","description":"See loominguline LEGO\u00ae m\u00e4ngukomplekt on l\u00f5bus kingitus seiklushimulistele reisijatele ja peredele ning sisaldab kokkupandavat maailmakaarti, reaktiivlennukit, nelja mikros\u00f5idukit, 20 asukohadetaili, 10 fotohoidjat ja viite ehitusjuhiste bro\u0161\u00fc\u00fcri.","breadcrumb":{"@id":"https:\/\/playwell.ee\/toode\/lego-41838-reisihetked\/#breadcrumb"},"inLanguage":"en-US","potentialAction":[{"@type":"ReadAction","target":["https:\/\/playwell.ee\/toode\/lego-41838-reisihetked\/"]}]},{"@type":"ImageObject","inLanguage":"en-US","@id":"https:\/\/playwell.ee\/toode\/lego-41838-reisihetked\/#primaryimage","url":"https:\/\/playwell.ee\/wp-content\/uploads\/2024\/12\/LEGO_41838_Box1_v39.jpg","contentUrl":"https:\/\/playwell.ee\/wp-content\/uploads\/2024\/12\/LEGO_41838_Box1_v39.jpg","width":2024,"height":1800},{"@type":"BreadcrumbList","@id":"https:\/\/playwell.ee\/toode\/lego-41838-reisihetked\/#breadcrumb","itemListElement":[{"@type":"ListItem","position":1,"name":"Home","item":"https:\/\/playwell.ee\/en\/"},{"@type":"ListItem","position":2,"name":"All LEGO Products","item":"https:\/\/playwell.ee\/en\/all-products\/"},{"@type":"ListItem","position":3,"name":"LEGO\u00ae 41838 &#8211; Travel Moments"}]},{"@type":"WebSite","@id":"https:\/\/playwell.ee\/#website","url":"https:\/\/playwell.ee\/","name":"Ehita oma maailm - klots klotsi haaval","description":"Playwell | LEGO pood Eestis","publisher":{"@id":"https:\/\/playwell.ee\/#organization"},"potentialAction":[{"@type":"SearchAction","target":{"@type":"EntryPoint","urlTemplate":"https:\/\/playwell.ee\/?s={search_term_string}"},"query-input":{"@type":"PropertyValueSpecification","valueRequired":true,"valueName":"search_term_string"}}],"inLanguage":"en-US"},{"@type":"Organization","@id":"https:\/\/playwell.ee\/#organization","name":"Playwell.ee","url":"https:\/\/playwell.ee\/","logo":{"@type":"ImageObject","inLanguage":"en-US","@id":"https:\/\/playwell.ee\/#\/schema\/logo\/image\/","url":"https:\/\/playwell.ee\/wp-content\/uploads\/2024\/06\/Logo-01-1.png","contentUrl":"https:\/\/playwell.ee\/wp-content\/uploads\/2024\/06\/Logo-01-1.png","width":2980,"height":1009,"caption":"Playwell.ee"},"image":{"@id":"https:\/\/playwell.ee\/#\/schema\/logo\/image\/"},"sameAs":["https:\/\/www.facebook.com\/profile.php?id=100091128044867"]}]}},"_links":{"self":[{"href":"https:\/\/playwell.ee\/en\/wp-json\/wp\/v2\/product\/14379","targetHints":{"allow":["GET"]}}],"collection":[{"href":"https:\/\/playwell.ee\/en\/wp-json\/wp\/v2\/product"}],"about":[{"href":"https:\/\/playwell.ee\/en\/wp-json\/wp\/v2\/types\/product"}],"wp:featuredmedia":[{"embeddable":true,"href":"https:\/\/playwell.ee\/en\/wp-json\/wp\/v2\/media\/14290"}],"wp:attachment":[{"href":"https:\/\/playwell.ee\/en\/wp-json\/wp\/v2\/media?parent=14379"}],"wp:term":[{"taxonomy":"product_brand","embeddable":true,"href":"https:\/\/playwell.ee\/en\/wp-json\/wp\/v2\/product_brand?post=14379"},{"taxonomy":"product_cat","embeddable":true,"href":"https:\/\/playwell.ee\/en\/wp-json\/wp\/v2\/product_cat?post=14379"},{"taxonomy":"product_tag","embeddable":true,"href":"https:\/\/playwell.ee\/en\/wp-json\/wp\/v2\/product_tag?post=14379"}],"curies":[{"name":"wp","href":"https:\/\/api.w.org\/{rel}","templated":true}]}}