{"id":13553,"date":"2024-08-12T20:30:12","date_gmt":"2024-08-12T18:30:12","guid":{"rendered":"https:\/\/playwell.ee\/product\/eikunagi-noia-keskooronk\/"},"modified":"2025-01-25T20:23:19","modified_gmt":"2025-01-25T18:23:19","slug":"eikunagi-noia-keskooronk","status":"publish","type":"product","link":"https:\/\/playwell.ee\/en\/product\/eikunagi-noia-keskooronk\/","title":{"rendered":"LEGO\u00ae DREAMZzz\u2122 71478 &#8211;  The Never Witch&#8217;s Midnight Raven"},"content":{"rendered":"<p>Let imaginations take flight with this LEGO\u00ae DREAMZzz\u2122 The Never Witch\u2019s Midnight Raven (71478) building set for kids aged 9 and over. Inspired by the thrilling TV show, the rebuildable animal toy lets boys and girls create an awesome raven before discovering 2 exciting ways to rebuild it.<\/p>\n<p>Young dreamers will have fun building the villainous Never Witch\u2019s raven before transforming it into a raven-hut or a collection of 3 nightmare creatures: a walking house, a cauldron spider and a giant raven! The house toy has an opening roof and door, the spider toy has a movable cage and legs, and the raven toy has posable wings and feathers.<\/p>\n<p>Mateo, Astrid, the Never Witch, Dizzy and Dogan minifigures, plus a Z-Blob figure, bring the adventure to life. The set also includes story-led building instructions, letting kids immerse themselves in the action and become heroes as they help the dream chasers defeat the Never Witch.<\/p>\n<p>Animal toy for kids \u2013 Let imaginations soar with the LEGO\u00ae DREAMZzz\u2122 The Never Witch\u2019s Midnight Raven fantasy playset for boys and girls aged 9 and up<br \/>\nChoose the adventure \u2013 Creative kids can build the animal playset as a raven before rebuilding it as a raven-hut combination or as a collection of 3 magical creature toys<br \/>\nFantastical details \u2013 In the collection of creature toys, the raven has posable wings and feathers, the spider has a movable cage and legs and the house has an opening roof and movable legs<br \/>\n5 LEGO\u00ae minifigures \u2013 Dream chasers Mateo and Astrid, the villainous Never Witch, and evil doppelgangers Dizzy and Dogan bring the set to life<br \/>\nGift idea for kids \u2013 The set can be given as a treat toy or witch gift for fans of theLEGO\u00ae DREAMZzz\u2122 TV show, or for creative boys and girls who love animals<br \/>\nBe part of the action \u2013 The set includes story-led building instructions that are also available on the LEGO\u00ae Builder app, where kids can rotate their builds and track progress<br \/>\nA world of kids\u2019 wildest dreams \u2013 The LEGO\u00ae DREAMZzz\u2122 collection unlocks imaginations and lets young dreamers choose their own adventures as they build fantastical creatures and vehicles<br \/>\nDimensions \u2013 The 1,203-piece raven-hut build measures over 9.5 in. (24 cm) high, 20 in. (51 cm) wide and 17 in. (44 cm) deep<\/p>\n","protected":false},"excerpt":{"rendered":"<ul>\n<li>Parts: 1203<\/li>\n<li>Age: 9+<\/li>\n<\/ul>\n","protected":false},"featured_media":12993,"template":"","meta":[],"product_brand":[],"product_cat":[154],"product_tag":[171],"class_list":{"0":"post-13553","1":"product","2":"type-product","3":"status-publish","4":"has-post-thumbnail","6":"product_cat-lego-dreamzzz-en","7":"product_tag-9-en","9":"first","10":"instock","11":"taxable","12":"shipping-taxable","13":"purchasable","14":"product-type-simple","15":"add-to-wishlist-after_add_to_cart"},"yoast_head":"<!-- This site is optimized with the Yoast SEO plugin v27.2 - https:\/\/yoast.com\/product\/yoast-seo-wordpress\/ -->\n<title>LEGO\u00ae DREAMZzz\u2122 71478 - The Never Witch&#039;s Midnight Raven - Ehita oma maailm - klots klotsi haaval<\/title>\n<meta name=\"description\" content=\"Let imaginations take flight with this LEGO\u00ae DREAMZzz\u2122 The Never Witch\u2019s Midnight Raven (71478) building set for kids aged 9 and over.\" \/>\n<meta name=\"robots\" content=\"index, follow, max-snippet:-1, max-image-preview:large, max-video-preview:-1\" \/>\n<link rel=\"canonical\" href=\"https:\/\/playwell.ee\/?post_type=product&p=13502\" \/>\n<meta property=\"og:locale\" content=\"en_US\" \/>\n<meta property=\"og:type\" content=\"article\" \/>\n<meta property=\"og:title\" content=\"LEGO\u00ae DREAMZzz\u2122 71478 - The Never Witch&#039;s Midnight Raven - Ehita oma maailm - klots klotsi haaval\" \/>\n<meta property=\"og:description\" content=\"Let imaginations take flight with this LEGO\u00ae DREAMZzz\u2122 The Never Witch\u2019s Midnight Raven (71478) building set for kids aged 9 and over.\" \/>\n<meta property=\"og:url\" content=\"https:\/\/playwell.ee\/?post_type=product&amp;p=13502\" \/>\n<meta property=\"og:site_name\" content=\"Ehita oma maailm - klots klotsi haaval\" \/>\n<meta property=\"article:publisher\" content=\"https:\/\/www.facebook.com\/profile.php?id=100091128044867\" \/>\n<meta property=\"article:modified_time\" content=\"2025-01-25T18:23:19+00:00\" \/>\n<meta property=\"og:image\" content=\"https:\/\/playwell.ee\/wp-content\/uploads\/2024\/08\/LEGO_71478_Box1_v39.jpg\" \/>\n\t<meta property=\"og:image:width\" content=\"1573\" \/>\n\t<meta property=\"og:image:height\" content=\"1800\" \/>\n\t<meta property=\"og:image:type\" content=\"image\/jpeg\" \/>\n<meta name=\"twitter:card\" content=\"summary_large_image\" \/>\n<meta name=\"twitter:label1\" content=\"Est. reading time\" \/>\n\t<meta name=\"twitter:data1\" content=\"2 minutes\" \/>\n<script type=\"application\/ld+json\" class=\"yoast-schema-graph\">{\"@context\":\"https:\/\/schema.org\",\"@graph\":[{\"@type\":\"WebPage\",\"@id\":\"https:\/\/playwell.ee\/?post_type=product&p=13502\",\"url\":\"https:\/\/playwell.ee\/?post_type=product&p=13502\",\"name\":\"LEGO\u00ae DREAMZzz\u2122 71478 - The Never Witch's Midnight Raven - Ehita oma maailm - klots klotsi haaval\",\"isPartOf\":{\"@id\":\"https:\/\/playwell.ee\/#website\"},\"primaryImageOfPage\":{\"@id\":\"https:\/\/playwell.ee\/?post_type=product&p=13502#primaryimage\"},\"image\":{\"@id\":\"https:\/\/playwell.ee\/?post_type=product&p=13502#primaryimage\"},\"thumbnailUrl\":\"https:\/\/playwell.ee\/wp-content\/uploads\/2024\/08\/LEGO_71478_Box1_v39.jpg\",\"datePublished\":\"2024-08-12T18:30:12+00:00\",\"dateModified\":\"2025-01-25T18:23:19+00:00\",\"description\":\"Let imaginations take flight with this LEGO\u00ae DREAMZzz\u2122 The Never Witch\u2019s Midnight Raven (71478) building set for kids aged 9 and over.\",\"breadcrumb\":{\"@id\":\"https:\/\/playwell.ee\/?post_type=product&p=13502#breadcrumb\"},\"inLanguage\":\"en-US\",\"potentialAction\":[{\"@type\":\"ReadAction\",\"target\":[\"https:\/\/playwell.ee\/?post_type=product&p=13502\"]}]},{\"@type\":\"ImageObject\",\"inLanguage\":\"en-US\",\"@id\":\"https:\/\/playwell.ee\/?post_type=product&p=13502#primaryimage\",\"url\":\"https:\/\/playwell.ee\/wp-content\/uploads\/2024\/08\/LEGO_71478_Box1_v39.jpg\",\"contentUrl\":\"https:\/\/playwell.ee\/wp-content\/uploads\/2024\/08\/LEGO_71478_Box1_v39.jpg\",\"width\":1573,\"height\":1800,\"caption\":\"Eikunagi n\u00f5ia kesk\u00f6\u00f6ronk 71478\"},{\"@type\":\"BreadcrumbList\",\"@id\":\"https:\/\/playwell.ee\/?post_type=product&p=13502#breadcrumb\",\"itemListElement\":[{\"@type\":\"ListItem\",\"position\":1,\"name\":\"Home\",\"item\":\"https:\/\/playwell.ee\/en\/\"},{\"@type\":\"ListItem\",\"position\":2,\"name\":\"All LEGO Products\",\"item\":\"https:\/\/playwell.ee\/en\/all-products\/\"},{\"@type\":\"ListItem\",\"position\":3,\"name\":\"Privaatpostitus: LEGO\u00ae DREAMZzz\u2122 71478 &#8211; The Never Witch&#8217;s Midnight Raven\"}]},{\"@type\":\"WebSite\",\"@id\":\"https:\/\/playwell.ee\/#website\",\"url\":\"https:\/\/playwell.ee\/\",\"name\":\"Ehita oma maailm - klots klotsi haaval\",\"description\":\"Playwell | LEGO pood Eestis\",\"publisher\":{\"@id\":\"https:\/\/playwell.ee\/#organization\"},\"potentialAction\":[{\"@type\":\"SearchAction\",\"target\":{\"@type\":\"EntryPoint\",\"urlTemplate\":\"https:\/\/playwell.ee\/?s={search_term_string}\"},\"query-input\":{\"@type\":\"PropertyValueSpecification\",\"valueRequired\":true,\"valueName\":\"search_term_string\"}}],\"inLanguage\":\"en-US\"},{\"@type\":\"Organization\",\"@id\":\"https:\/\/playwell.ee\/#organization\",\"name\":\"Playwell.ee\",\"url\":\"https:\/\/playwell.ee\/\",\"logo\":{\"@type\":\"ImageObject\",\"inLanguage\":\"en-US\",\"@id\":\"https:\/\/playwell.ee\/#\/schema\/logo\/image\/\",\"url\":\"https:\/\/playwell.ee\/wp-content\/uploads\/2024\/06\/Logo-01-1.png\",\"contentUrl\":\"https:\/\/playwell.ee\/wp-content\/uploads\/2024\/06\/Logo-01-1.png\",\"width\":2980,\"height\":1009,\"caption\":\"Playwell.ee\"},\"image\":{\"@id\":\"https:\/\/playwell.ee\/#\/schema\/logo\/image\/\"},\"sameAs\":[\"https:\/\/www.facebook.com\/profile.php?id=100091128044867\"]}]}<\/script>\n<!-- \/ Yoast SEO plugin. -->","yoast_head_json":{"title":"LEGO\u00ae DREAMZzz\u2122 71478 - The Never Witch's Midnight Raven - Ehita oma maailm - klots klotsi haaval","description":"Let imaginations take flight with this LEGO\u00ae DREAMZzz\u2122 The Never Witch\u2019s Midnight Raven (71478) building set for kids aged 9 and over.","robots":{"index":"index","follow":"follow","max-snippet":"max-snippet:-1","max-image-preview":"max-image-preview:large","max-video-preview":"max-video-preview:-1"},"canonical":"https:\/\/playwell.ee\/?post_type=product&p=13502","og_locale":"en_US","og_type":"article","og_title":"LEGO\u00ae DREAMZzz\u2122 71478 - The Never Witch's Midnight Raven - Ehita oma maailm - klots klotsi haaval","og_description":"Let imaginations take flight with this LEGO\u00ae DREAMZzz\u2122 The Never Witch\u2019s Midnight Raven (71478) building set for kids aged 9 and over.","og_url":"https:\/\/playwell.ee\/?post_type=product&p=13502","og_site_name":"Ehita oma maailm - klots klotsi haaval","article_publisher":"https:\/\/www.facebook.com\/profile.php?id=100091128044867","article_modified_time":"2025-01-25T18:23:19+00:00","og_image":[{"width":1573,"height":1800,"url":"https:\/\/playwell.ee\/wp-content\/uploads\/2024\/08\/LEGO_71478_Box1_v39.jpg","type":"image\/jpeg"}],"twitter_card":"summary_large_image","twitter_misc":{"Est. reading time":"2 minutes"},"schema":{"@context":"https:\/\/schema.org","@graph":[{"@type":"WebPage","@id":"https:\/\/playwell.ee\/?post_type=product&p=13502","url":"https:\/\/playwell.ee\/?post_type=product&p=13502","name":"LEGO\u00ae DREAMZzz\u2122 71478 - The Never Witch's Midnight Raven - Ehita oma maailm - klots klotsi haaval","isPartOf":{"@id":"https:\/\/playwell.ee\/#website"},"primaryImageOfPage":{"@id":"https:\/\/playwell.ee\/?post_type=product&p=13502#primaryimage"},"image":{"@id":"https:\/\/playwell.ee\/?post_type=product&p=13502#primaryimage"},"thumbnailUrl":"https:\/\/playwell.ee\/wp-content\/uploads\/2024\/08\/LEGO_71478_Box1_v39.jpg","datePublished":"2024-08-12T18:30:12+00:00","dateModified":"2025-01-25T18:23:19+00:00","description":"Let imaginations take flight with this LEGO\u00ae DREAMZzz\u2122 The Never Witch\u2019s Midnight Raven (71478) building set for kids aged 9 and over.","breadcrumb":{"@id":"https:\/\/playwell.ee\/?post_type=product&p=13502#breadcrumb"},"inLanguage":"en-US","potentialAction":[{"@type":"ReadAction","target":["https:\/\/playwell.ee\/?post_type=product&p=13502"]}]},{"@type":"ImageObject","inLanguage":"en-US","@id":"https:\/\/playwell.ee\/?post_type=product&p=13502#primaryimage","url":"https:\/\/playwell.ee\/wp-content\/uploads\/2024\/08\/LEGO_71478_Box1_v39.jpg","contentUrl":"https:\/\/playwell.ee\/wp-content\/uploads\/2024\/08\/LEGO_71478_Box1_v39.jpg","width":1573,"height":1800,"caption":"Eikunagi n\u00f5ia kesk\u00f6\u00f6ronk 71478"},{"@type":"BreadcrumbList","@id":"https:\/\/playwell.ee\/?post_type=product&p=13502#breadcrumb","itemListElement":[{"@type":"ListItem","position":1,"name":"Home","item":"https:\/\/playwell.ee\/en\/"},{"@type":"ListItem","position":2,"name":"All LEGO Products","item":"https:\/\/playwell.ee\/en\/all-products\/"},{"@type":"ListItem","position":3,"name":"Privaatpostitus: LEGO\u00ae DREAMZzz\u2122 71478 &#8211; The Never Witch&#8217;s Midnight Raven"}]},{"@type":"WebSite","@id":"https:\/\/playwell.ee\/#website","url":"https:\/\/playwell.ee\/","name":"Ehita oma maailm - klots klotsi haaval","description":"Playwell | LEGO pood Eestis","publisher":{"@id":"https:\/\/playwell.ee\/#organization"},"potentialAction":[{"@type":"SearchAction","target":{"@type":"EntryPoint","urlTemplate":"https:\/\/playwell.ee\/?s={search_term_string}"},"query-input":{"@type":"PropertyValueSpecification","valueRequired":true,"valueName":"search_term_string"}}],"inLanguage":"en-US"},{"@type":"Organization","@id":"https:\/\/playwell.ee\/#organization","name":"Playwell.ee","url":"https:\/\/playwell.ee\/","logo":{"@type":"ImageObject","inLanguage":"en-US","@id":"https:\/\/playwell.ee\/#\/schema\/logo\/image\/","url":"https:\/\/playwell.ee\/wp-content\/uploads\/2024\/06\/Logo-01-1.png","contentUrl":"https:\/\/playwell.ee\/wp-content\/uploads\/2024\/06\/Logo-01-1.png","width":2980,"height":1009,"caption":"Playwell.ee"},"image":{"@id":"https:\/\/playwell.ee\/#\/schema\/logo\/image\/"},"sameAs":["https:\/\/www.facebook.com\/profile.php?id=100091128044867"]}]}},"_links":{"self":[{"href":"https:\/\/playwell.ee\/en\/wp-json\/wp\/v2\/product\/13553","targetHints":{"allow":["GET"]}}],"collection":[{"href":"https:\/\/playwell.ee\/en\/wp-json\/wp\/v2\/product"}],"about":[{"href":"https:\/\/playwell.ee\/en\/wp-json\/wp\/v2\/types\/product"}],"wp:featuredmedia":[{"embeddable":true,"href":"https:\/\/playwell.ee\/en\/wp-json\/wp\/v2\/media\/12993"}],"wp:attachment":[{"href":"https:\/\/playwell.ee\/en\/wp-json\/wp\/v2\/media?parent=13553"}],"wp:term":[{"taxonomy":"product_brand","embeddable":true,"href":"https:\/\/playwell.ee\/en\/wp-json\/wp\/v2\/product_brand?post=13553"},{"taxonomy":"product_cat","embeddable":true,"href":"https:\/\/playwell.ee\/en\/wp-json\/wp\/v2\/product_cat?post=13553"},{"taxonomy":"product_tag","embeddable":true,"href":"https:\/\/playwell.ee\/en\/wp-json\/wp\/v2\/product_tag?post=13553"}],"curies":[{"name":"wp","href":"https:\/\/api.w.org\/{rel}","templated":true}]}}